{"id":98504,"date":"2022-11-16T12:01:47","date_gmt":"2022-11-16T11:01:47","guid":{"rendered":"https:\/\/www.rendez-vous-store.com\/?post_type=product&#038;p=98504"},"modified":"2026-03-16T14:57:18","modified_gmt":"2026-03-16T13:57:18","slug":"sazare-wrist-watch-01-04-00be-beige-cow-leather","status":"publish","type":"product","link":"https:\/\/rendez-vous-store.com\/fr\/shop\/special-offer-men-rendez-vous-store\/men-accessories-special-offer\/sazare-wrist-watch-01-04-00be-beige-cow-leather\/","title":{"rendered":"Sazar\u00e9 - Montre-bracelet 01.04.00BE - Cuir de vachette beige"},"content":{"rendered":"<ul>\n<li>Montre de Sazar\u00e9<\/li>\n<li>Couleur : Bo\u00eetier noir\/ Bracelet beige<\/li>\n<li class=\"text_column mb5 lh1\">Bo\u00eetier : Noir Honing - 38mm<\/li>\n<li class=\"text_column mb5 lh1\">Cadran : blanc<\/li>\n<li class=\"text_column mb5 lh1\">Bracelet : Cuir de vachette : 18mm<\/li>\n<li>Bo\u00eetier fabriqu\u00e9 et assembl\u00e9 au Japon<\/li>\n<\/ul>","protected":false},"excerpt":{"rendered":"<p>Watch from Sazar\u00e9 Color: Black case\/ Beige strap Case: Black Honing &#8211; 38mm Dial: White Strap: Cow Leather: 18mm Case manufactured and assembled in Japan<\/p>","protected":false},"featured_media":101094,"template":"","meta":{"_acf_changed":false},"product_brand":[],"product_cat":[1292,1351,1350,20,70],"product_tag":[1032],"class_list":{"0":"post-98504","1":"product","2":"type-product","3":"status-publish","4":"has-post-thumbnail","6":"product_cat-1292","7":"product_cat-men-accessories-special-offer","8":"product_cat-special-offer-men-rendez-vous-store","9":"product_cat-men-selection-discover-our-selection-rendez-vous-store","10":"product_cat-accessories-men-rendez-vous-store","11":"product_tag-sazare","12":"entry","14":"first","15":"outofstock","16":"taxable","17":"shipping-taxable","18":"product-type-variable"},"acf":[],"yoast_head":"<!-- This site is optimized with the Yoast SEO plugin v24.9 - https:\/\/yoast.com\/wordpress\/plugins\/seo\/ -->\n<title>Sazar\u00e9 - Wrist Watch 01.04.00BE - Beige Cow Leather - RENDEZ-VOUS STORE<\/title>\n<meta name=\"robots\" content=\"index, follow, max-snippet:-1, max-image-preview:large, max-video-preview:-1\" \/>\n<link rel=\"canonical\" href=\"https:\/\/rendez-vous-store.com\/fr\/shop\/special-offer-men-rendez-vous-store\/men-accessories-special-offer\/sazare-wrist-watch-01-04-00be-beige-cow-leather\/\" \/>\n<meta property=\"og:locale\" content=\"fr_FR\" \/>\n<meta property=\"og:type\" content=\"article\" \/>\n<meta property=\"og:title\" content=\"Sazar\u00e9 - Wrist Watch 01.04.00BE - Beige Cow Leather - RENDEZ-VOUS STORE\" \/>\n<meta property=\"og:description\" content=\"Watch from Sazar\u00e9 Color: Black case\/ Beige strap Case: Black Honing &#8211; 38mm Dial: White Strap: Cow Leather: 18mm Case manufactured and assembled in Japan\" \/>\n<meta property=\"og:url\" content=\"https:\/\/rendez-vous-store.com\/fr\/shop\/special-offer-men-rendez-vous-store\/men-accessories-special-offer\/sazare-wrist-watch-01-04-00be-beige-cow-leather\/\" \/>\n<meta property=\"og:site_name\" content=\"RENDEZ-VOUS STORE\" \/>\n<meta property=\"article:modified_time\" content=\"2026-03-16T13:57:18+00:00\" \/>\n<meta property=\"og:image\" content=\"https:\/\/rendez-vous-store.com\/wp-content\/uploads\/2022\/11\/rdv_sezare_27-scaled.jpg\" \/>\n\t<meta property=\"og:image:width\" content=\"1696\" \/>\n\t<meta property=\"og:image:height\" content=\"2560\" \/>\n\t<meta property=\"og:image:type\" content=\"image\/jpeg\" \/>\n<meta name=\"twitter:card\" content=\"summary_large_image\" \/>\n<meta name=\"twitter:label1\" content=\"Est. reading time\" \/>\n\t<meta name=\"twitter:data1\" content=\"1 minute\" \/>\n<script type=\"application\/ld+json\" class=\"yoast-schema-graph\">{\"@context\":\"https:\/\/schema.org\",\"@graph\":[{\"@type\":\"WebPage\",\"@id\":\"https:\/\/rendez-vous-store.com\/shop\/special-offer-men-rendez-vous-store\/men-accessories-special-offer\/sazare-wrist-watch-01-04-00be-beige-cow-leather\/\",\"url\":\"https:\/\/rendez-vous-store.com\/shop\/special-offer-men-rendez-vous-store\/men-accessories-special-offer\/sazare-wrist-watch-01-04-00be-beige-cow-leather\/\",\"name\":\"Sazar\u00e9 - Wrist Watch 01.04.00BE - Beige Cow Leather - RENDEZ-VOUS STORE\",\"isPartOf\":{\"@id\":\"https:\/\/rendez-vous-store.com\/#website\"},\"primaryImageOfPage\":{\"@id\":\"https:\/\/rendez-vous-store.com\/shop\/special-offer-men-rendez-vous-store\/men-accessories-special-offer\/sazare-wrist-watch-01-04-00be-beige-cow-leather\/#primaryimage\"},\"image\":{\"@id\":\"https:\/\/rendez-vous-store.com\/shop\/special-offer-men-rendez-vous-store\/men-accessories-special-offer\/sazare-wrist-watch-01-04-00be-beige-cow-leather\/#primaryimage\"},\"thumbnailUrl\":\"https:\/\/rendez-vous-store.com\/app\/uploads\/2022\/11\/rdv_sezare_27-scaled.jpg\",\"datePublished\":\"2022-11-16T11:01:47+00:00\",\"dateModified\":\"2026-03-16T13:57:18+00:00\",\"breadcrumb\":{\"@id\":\"https:\/\/rendez-vous-store.com\/shop\/special-offer-men-rendez-vous-store\/men-accessories-special-offer\/sazare-wrist-watch-01-04-00be-beige-cow-leather\/#breadcrumb\"},\"inLanguage\":\"fr-FR\",\"potentialAction\":[{\"@type\":\"ReadAction\",\"target\":[\"https:\/\/rendez-vous-store.com\/shop\/special-offer-men-rendez-vous-store\/men-accessories-special-offer\/sazare-wrist-watch-01-04-00be-beige-cow-leather\/\"]}]},{\"@type\":\"ImageObject\",\"inLanguage\":\"fr-FR\",\"@id\":\"https:\/\/rendez-vous-store.com\/shop\/special-offer-men-rendez-vous-store\/men-accessories-special-offer\/sazare-wrist-watch-01-04-00be-beige-cow-leather\/#primaryimage\",\"url\":\"https:\/\/rendez-vous-store.com\/app\/uploads\/2022\/11\/rdv_sezare_27-scaled.jpg\",\"contentUrl\":\"https:\/\/rendez-vous-store.com\/app\/uploads\/2022\/11\/rdv_sezare_27-scaled.jpg\",\"width\":1696,\"height\":2560},{\"@type\":\"BreadcrumbList\",\"@id\":\"https:\/\/rendez-vous-store.com\/shop\/special-offer-men-rendez-vous-store\/men-accessories-special-offer\/sazare-wrist-watch-01-04-00be-beige-cow-leather\/#breadcrumb\",\"itemListElement\":[{\"@type\":\"ListItem\",\"position\":1,\"name\":\"Home\",\"item\":\"https:\/\/rendez-vous-store.com\/\"},{\"@type\":\"ListItem\",\"position\":2,\"name\":\"Shop\",\"item\":\"https:\/\/www.rendez-vous-store.com\/shop\/\"},{\"@type\":\"ListItem\",\"position\":3,\"name\":\"Sazar\u00e9 &#8211; Wrist Watch 01.04.00BE &#8211; Beige Cow Leather\"}]},{\"@type\":\"WebSite\",\"@id\":\"https:\/\/rendez-vous-store.com\/#website\",\"url\":\"https:\/\/rendez-vous-store.com\/\",\"name\":\"RENDEZ-VOUS STORE\",\"description\":\"Slow Fashion for Women and Men\",\"potentialAction\":[{\"@type\":\"SearchAction\",\"target\":{\"@type\":\"EntryPoint\",\"urlTemplate\":\"https:\/\/rendez-vous-store.com\/?s={search_term_string}\"},\"query-input\":{\"@type\":\"PropertyValueSpecification\",\"valueRequired\":true,\"valueName\":\"search_term_string\"}}],\"inLanguage\":\"fr-FR\"}]}<\/script>\n<!-- \/ Yoast SEO plugin. -->","yoast_head_json":{"title":"Sazar\u00e9 - Wrist Watch 01.04.00BE - Beige Cow Leather - RENDEZ-VOUS STORE","robots":{"index":"index","follow":"follow","max-snippet":"max-snippet:-1","max-image-preview":"max-image-preview:large","max-video-preview":"max-video-preview:-1"},"canonical":"https:\/\/rendez-vous-store.com\/fr\/shop\/special-offer-men-rendez-vous-store\/men-accessories-special-offer\/sazare-wrist-watch-01-04-00be-beige-cow-leather\/","og_locale":"fr_FR","og_type":"article","og_title":"Sazar\u00e9 - Wrist Watch 01.04.00BE - Beige Cow Leather - RENDEZ-VOUS STORE","og_description":"Watch from Sazar\u00e9 Color: Black case\/ Beige strap Case: Black Honing &#8211; 38mm Dial: White Strap: Cow Leather: 18mm Case manufactured and assembled in Japan","og_url":"https:\/\/rendez-vous-store.com\/fr\/shop\/special-offer-men-rendez-vous-store\/men-accessories-special-offer\/sazare-wrist-watch-01-04-00be-beige-cow-leather\/","og_site_name":"RENDEZ-VOUS STORE","article_modified_time":"2026-03-16T13:57:18+00:00","og_image":[{"width":1696,"height":2560,"url":"https:\/\/rendez-vous-store.com\/wp-content\/uploads\/2022\/11\/rdv_sezare_27-scaled.jpg","type":"image\/jpeg"}],"twitter_card":"summary_large_image","twitter_misc":{"Est. reading time":"1 minute"},"schema":{"@context":"https:\/\/schema.org","@graph":[{"@type":"WebPage","@id":"https:\/\/rendez-vous-store.com\/shop\/special-offer-men-rendez-vous-store\/men-accessories-special-offer\/sazare-wrist-watch-01-04-00be-beige-cow-leather\/","url":"https:\/\/rendez-vous-store.com\/shop\/special-offer-men-rendez-vous-store\/men-accessories-special-offer\/sazare-wrist-watch-01-04-00be-beige-cow-leather\/","name":"Sazar\u00e9 - Wrist Watch 01.04.00BE - Beige Cow Leather - RENDEZ-VOUS STORE","isPartOf":{"@id":"https:\/\/rendez-vous-store.com\/#website"},"primaryImageOfPage":{"@id":"https:\/\/rendez-vous-store.com\/shop\/special-offer-men-rendez-vous-store\/men-accessories-special-offer\/sazare-wrist-watch-01-04-00be-beige-cow-leather\/#primaryimage"},"image":{"@id":"https:\/\/rendez-vous-store.com\/shop\/special-offer-men-rendez-vous-store\/men-accessories-special-offer\/sazare-wrist-watch-01-04-00be-beige-cow-leather\/#primaryimage"},"thumbnailUrl":"https:\/\/rendez-vous-store.com\/app\/uploads\/2022\/11\/rdv_sezare_27-scaled.jpg","datePublished":"2022-11-16T11:01:47+00:00","dateModified":"2026-03-16T13:57:18+00:00","breadcrumb":{"@id":"https:\/\/rendez-vous-store.com\/shop\/special-offer-men-rendez-vous-store\/men-accessories-special-offer\/sazare-wrist-watch-01-04-00be-beige-cow-leather\/#breadcrumb"},"inLanguage":"fr-FR","potentialAction":[{"@type":"ReadAction","target":["https:\/\/rendez-vous-store.com\/shop\/special-offer-men-rendez-vous-store\/men-accessories-special-offer\/sazare-wrist-watch-01-04-00be-beige-cow-leather\/"]}]},{"@type":"ImageObject","inLanguage":"fr-FR","@id":"https:\/\/rendez-vous-store.com\/shop\/special-offer-men-rendez-vous-store\/men-accessories-special-offer\/sazare-wrist-watch-01-04-00be-beige-cow-leather\/#primaryimage","url":"https:\/\/rendez-vous-store.com\/app\/uploads\/2022\/11\/rdv_sezare_27-scaled.jpg","contentUrl":"https:\/\/rendez-vous-store.com\/app\/uploads\/2022\/11\/rdv_sezare_27-scaled.jpg","width":1696,"height":2560},{"@type":"BreadcrumbList","@id":"https:\/\/rendez-vous-store.com\/shop\/special-offer-men-rendez-vous-store\/men-accessories-special-offer\/sazare-wrist-watch-01-04-00be-beige-cow-leather\/#breadcrumb","itemListElement":[{"@type":"ListItem","position":1,"name":"Home","item":"https:\/\/rendez-vous-store.com\/"},{"@type":"ListItem","position":2,"name":"Shop","item":"https:\/\/www.rendez-vous-store.com\/shop\/"},{"@type":"ListItem","position":3,"name":"Sazar\u00e9 &#8211; Wrist Watch 01.04.00BE &#8211; Beige Cow Leather"}]},{"@type":"WebSite","@id":"https:\/\/rendez-vous-store.com\/#website","url":"https:\/\/rendez-vous-store.com\/","name":"RENDEZ-VOUS STORE","description":"Slow Fashion for Women and Men","potentialAction":[{"@type":"SearchAction","target":{"@type":"EntryPoint","urlTemplate":"https:\/\/rendez-vous-store.com\/?s={search_term_string}"},"query-input":{"@type":"PropertyValueSpecification","valueRequired":true,"valueName":"search_term_string"}}],"inLanguage":"fr-FR"}]}},"_links":{"self":[{"href":"https:\/\/rendez-vous-store.com\/fr\/wp-json\/wp\/v2\/product\/98504","targetHints":{"allow":["GET"]}}],"collection":[{"href":"https:\/\/rendez-vous-store.com\/fr\/wp-json\/wp\/v2\/product"}],"about":[{"href":"https:\/\/rendez-vous-store.com\/fr\/wp-json\/wp\/v2\/types\/product"}],"wp:featuredmedia":[{"embeddable":true,"href":"https:\/\/rendez-vous-store.com\/fr\/wp-json\/wp\/v2\/media\/101094"}],"wp:attachment":[{"href":"https:\/\/rendez-vous-store.com\/fr\/wp-json\/wp\/v2\/media?parent=98504"}],"wp:term":[{"taxonomy":"product_brand","embeddable":true,"href":"https:\/\/rendez-vous-store.com\/fr\/wp-json\/wp\/v2\/product_brand?post=98504"},{"taxonomy":"product_cat","embeddable":true,"href":"https:\/\/rendez-vous-store.com\/fr\/wp-json\/wp\/v2\/product_cat?post=98504"},{"taxonomy":"product_tag","embeddable":true,"href":"https:\/\/rendez-vous-store.com\/fr\/wp-json\/wp\/v2\/product_tag?post=98504"}],"curies":[{"name":"wp","href":"https:\/\/api.w.org\/{rel}","templated":true}]}}