{"id":98450,"date":"2022-11-16T11:23:30","date_gmt":"2022-11-16T10:23:30","guid":{"rendered":"https:\/\/www.rendez-vous-store.com\/?post_type=product&#038;p=98450"},"modified":"2026-03-16T14:57:17","modified_gmt":"2026-03-16T13:57:17","slug":"veritecoeur-socks-vcs47-white-rendez-vous-store","status":"publish","type":"product","link":"https:\/\/rendez-vous-store.com\/fr\/shop\/special-offer-women-rendez-vous-store\/women-accessories-special-offer\/veritecoeur-socks-vcs47-white-rendez-vous-store\/","title":{"rendered":"V\u00e9rit\u00e9coeur - Chaussettes VCS47 - Blanc"},"content":{"rendered":"<p><strong>V\u00e9rit\u00e9coeur - Chaussettes VCS47 - Blanc<\/strong><\/p>\n<p>Couleur : blanc avec des rayures noires<\/p>\n<p>Dimension : De la manchette au talon : 20cm - De la pointe au talon : 23cm<\/p>\n<p>Composition : 80% coton, 18% polyamide, 2% \u00e9lasthanne<\/p>\n<p>Fabriqu\u00e9 au Portugal<\/p>\n<p>&nbsp;<\/p>\n<p>&nbsp;<\/p>\n<p>&nbsp;<\/p>\n<p><strong>La marque\u00a0<\/strong><\/p>\n<p>V\u00e9rit\u00e9coeur incarne l'essence de l'authenticit\u00e9 et de la sinc\u00e9rit\u00e9 dans la mode. Le nom se traduit par \"c\u0153ur de v\u00e9rit\u00e9\" en anglais et r\u00e9sume les valeurs fondamentales et la mission de la marque. Une \u00e9quipe d\u00e9vou\u00e9e int\u00e8gre l'honn\u00eatet\u00e9 et l'int\u00e9grit\u00e9 dans chaque aspect du processus de cr\u00e9ation.<\/p>\n<p>Un collectif de designers et de cr\u00e9atifs passionn\u00e9s par la mode \u00e9thique a fond\u00e9 V\u00e9rit\u00e9coeur. Plus qu'une simple mode, la marque est un mouvement. Avec un engagement de transparence et de responsabilit\u00e9 sociale, V\u00e9rit\u00e9coeur vise \u00e0 red\u00e9finir les normes et les pratiques de l'industrie de la mode.<\/p>","protected":false},"excerpt":{"rendered":"<p>V\u00e9rit\u00e9coeur &#8211; Socks VCS47 &#8211; White Color: White with black stripes Dimension: Cuff to heel: 20cm &#8211; Toe to heel: 23cm Composition: 80% Cotton, 18% Polyamide, 2% Elastane Made in Portugal &nbsp; &nbsp; &nbsp; The brand\u00a0 V\u00e9rit\u00e9coeur embodies the essence of authenticity and sincerity in fashion. The name translates to \u201ctruth heart\u201d in English and&hellip; <a class=\"more-link\" href=\"https:\/\/rendez-vous-store.com\/fr\/shop\/special-offer-women-rendez-vous-store\/women-accessories-special-offer\/veritecoeur-socks-vcs47-white-rendez-vous-store\/\">Continuer la lecture <span class=\"screen-reader-text\">V\u00e9rit\u00e9coeur - Chaussettes VCS47 - Blanc<\/span><\/a><\/p>","protected":false},"featured_media":100788,"template":"","meta":{"_acf_changed":false},"product_brand":[],"product_cat":[1292,1345,1335,17,387],"product_tag":[868],"class_list":{"0":"post-98450","1":"product","2":"type-product","3":"status-publish","4":"has-post-thumbnail","6":"product_cat-1292","7":"product_cat-women-accessories-special-offer","8":"product_cat-special-offer-women-rendez-vous-store","9":"product_cat-women","10":"product_cat-women-accessories-rendez-vous-store","11":"product_tag-veritecoeur-designers-rendez-vous-store","12":"entry","14":"first","15":"outofstock","16":"taxable","17":"shipping-taxable","18":"product-type-variable"},"acf":[],"yoast_head":"<!-- This site is optimized with the Yoast SEO plugin v24.9 - https:\/\/yoast.com\/wordpress\/plugins\/seo\/ -->\n<title>V\u00e9rit\u00e9coeur Socks VCS47 White<\/title>\n<meta name=\"description\" content=\"V\u00e9rit\u00e9coeur is on Rendez-vous Store. This V\u00e9rit\u00e9coeur Socks VCS47 White is characterized by beautiful cut and character fabric. Discover now.\" \/>\n<meta name=\"robots\" content=\"index, follow, max-snippet:-1, max-image-preview:large, max-video-preview:-1\" \/>\n<link rel=\"canonical\" href=\"https:\/\/rendez-vous-store.com\/fr\/shop\/special-offer-women-rendez-vous-store\/women-accessories-special-offer\/veritecoeur-socks-vcs47-white-rendez-vous-store\/\" \/>\n<meta property=\"og:locale\" content=\"fr_FR\" \/>\n<meta property=\"og:type\" content=\"article\" \/>\n<meta property=\"og:title\" content=\"V\u00e9rit\u00e9coeur Socks VCS47 White\" \/>\n<meta property=\"og:description\" content=\"V\u00e9rit\u00e9coeur is on Rendez-vous Store. This V\u00e9rit\u00e9coeur Socks VCS47 White is characterized by beautiful cut and character fabric. Discover now.\" \/>\n<meta property=\"og:url\" content=\"https:\/\/rendez-vous-store.com\/fr\/shop\/special-offer-women-rendez-vous-store\/women-accessories-special-offer\/veritecoeur-socks-vcs47-white-rendez-vous-store\/\" \/>\n<meta property=\"og:site_name\" content=\"RENDEZ-VOUS STORE\" \/>\n<meta property=\"article:modified_time\" content=\"2026-03-16T13:57:17+00:00\" \/>\n<meta property=\"og:image\" content=\"https:\/\/rendez-vous-store.com\/wp-content\/uploads\/2022\/11\/rdv_veritecoeur_06-scaled.jpg\" \/>\n\t<meta property=\"og:image:width\" content=\"1696\" \/>\n\t<meta property=\"og:image:height\" content=\"2560\" \/>\n\t<meta property=\"og:image:type\" content=\"image\/jpeg\" \/>\n<meta name=\"twitter:card\" content=\"summary_large_image\" \/>\n<meta name=\"twitter:label1\" content=\"Est. reading time\" \/>\n\t<meta name=\"twitter:data1\" content=\"1 minute\" \/>\n<script type=\"application\/ld+json\" class=\"yoast-schema-graph\">{\"@context\":\"https:\/\/schema.org\",\"@graph\":[{\"@type\":\"WebPage\",\"@id\":\"https:\/\/rendez-vous-store.com\/shop\/special-offer-women-rendez-vous-store\/women-accessories-special-offer\/veritecoeur-socks-vcs47-white-rendez-vous-store\/\",\"url\":\"https:\/\/rendez-vous-store.com\/shop\/special-offer-women-rendez-vous-store\/women-accessories-special-offer\/veritecoeur-socks-vcs47-white-rendez-vous-store\/\",\"name\":\"V\u00e9rit\u00e9coeur Socks VCS47 White\",\"isPartOf\":{\"@id\":\"https:\/\/rendez-vous-store.com\/#website\"},\"primaryImageOfPage\":{\"@id\":\"https:\/\/rendez-vous-store.com\/shop\/special-offer-women-rendez-vous-store\/women-accessories-special-offer\/veritecoeur-socks-vcs47-white-rendez-vous-store\/#primaryimage\"},\"image\":{\"@id\":\"https:\/\/rendez-vous-store.com\/shop\/special-offer-women-rendez-vous-store\/women-accessories-special-offer\/veritecoeur-socks-vcs47-white-rendez-vous-store\/#primaryimage\"},\"thumbnailUrl\":\"https:\/\/rendez-vous-store.com\/app\/uploads\/2022\/11\/rdv_veritecoeur_06-scaled.jpg\",\"datePublished\":\"2022-11-16T10:23:30+00:00\",\"dateModified\":\"2026-03-16T13:57:17+00:00\",\"description\":\"V\u00e9rit\u00e9coeur is on Rendez-vous Store. This V\u00e9rit\u00e9coeur Socks VCS47 White is characterized by beautiful cut and character fabric. Discover now.\",\"breadcrumb\":{\"@id\":\"https:\/\/rendez-vous-store.com\/shop\/special-offer-women-rendez-vous-store\/women-accessories-special-offer\/veritecoeur-socks-vcs47-white-rendez-vous-store\/#breadcrumb\"},\"inLanguage\":\"fr-FR\",\"potentialAction\":[{\"@type\":\"ReadAction\",\"target\":[\"https:\/\/rendez-vous-store.com\/shop\/special-offer-women-rendez-vous-store\/women-accessories-special-offer\/veritecoeur-socks-vcs47-white-rendez-vous-store\/\"]}]},{\"@type\":\"ImageObject\",\"inLanguage\":\"fr-FR\",\"@id\":\"https:\/\/rendez-vous-store.com\/shop\/special-offer-women-rendez-vous-store\/women-accessories-special-offer\/veritecoeur-socks-vcs47-white-rendez-vous-store\/#primaryimage\",\"url\":\"https:\/\/rendez-vous-store.com\/app\/uploads\/2022\/11\/rdv_veritecoeur_06-scaled.jpg\",\"contentUrl\":\"https:\/\/rendez-vous-store.com\/app\/uploads\/2022\/11\/rdv_veritecoeur_06-scaled.jpg\",\"width\":1696,\"height\":2560},{\"@type\":\"BreadcrumbList\",\"@id\":\"https:\/\/rendez-vous-store.com\/shop\/special-offer-women-rendez-vous-store\/women-accessories-special-offer\/veritecoeur-socks-vcs47-white-rendez-vous-store\/#breadcrumb\",\"itemListElement\":[{\"@type\":\"ListItem\",\"position\":1,\"name\":\"Home\",\"item\":\"https:\/\/rendez-vous-store.com\/\"},{\"@type\":\"ListItem\",\"position\":2,\"name\":\"Shop\",\"item\":\"https:\/\/www.rendez-vous-store.com\/shop\/\"},{\"@type\":\"ListItem\",\"position\":3,\"name\":\"V\u00e9rit\u00e9coeur &#8211; Socks VCS47 &#8211; White\"}]},{\"@type\":\"WebSite\",\"@id\":\"https:\/\/rendez-vous-store.com\/#website\",\"url\":\"https:\/\/rendez-vous-store.com\/\",\"name\":\"RENDEZ-VOUS STORE\",\"description\":\"Slow Fashion for Women and Men\",\"potentialAction\":[{\"@type\":\"SearchAction\",\"target\":{\"@type\":\"EntryPoint\",\"urlTemplate\":\"https:\/\/rendez-vous-store.com\/?s={search_term_string}\"},\"query-input\":{\"@type\":\"PropertyValueSpecification\",\"valueRequired\":true,\"valueName\":\"search_term_string\"}}],\"inLanguage\":\"fr-FR\"}]}<\/script>\n<!-- \/ Yoast SEO plugin. -->","yoast_head_json":{"title":"V\u00e9rit\u00e9coeur Socks VCS47 White","description":"V\u00e9rit\u00e9coeur is on Rendez-vous Store. This V\u00e9rit\u00e9coeur Socks VCS47 White is characterized by beautiful cut and character fabric. Discover now.","robots":{"index":"index","follow":"follow","max-snippet":"max-snippet:-1","max-image-preview":"max-image-preview:large","max-video-preview":"max-video-preview:-1"},"canonical":"https:\/\/rendez-vous-store.com\/fr\/shop\/special-offer-women-rendez-vous-store\/women-accessories-special-offer\/veritecoeur-socks-vcs47-white-rendez-vous-store\/","og_locale":"fr_FR","og_type":"article","og_title":"V\u00e9rit\u00e9coeur Socks VCS47 White","og_description":"V\u00e9rit\u00e9coeur is on Rendez-vous Store. This V\u00e9rit\u00e9coeur Socks VCS47 White is characterized by beautiful cut and character fabric. Discover now.","og_url":"https:\/\/rendez-vous-store.com\/fr\/shop\/special-offer-women-rendez-vous-store\/women-accessories-special-offer\/veritecoeur-socks-vcs47-white-rendez-vous-store\/","og_site_name":"RENDEZ-VOUS STORE","article_modified_time":"2026-03-16T13:57:17+00:00","og_image":[{"width":1696,"height":2560,"url":"https:\/\/rendez-vous-store.com\/wp-content\/uploads\/2022\/11\/rdv_veritecoeur_06-scaled.jpg","type":"image\/jpeg"}],"twitter_card":"summary_large_image","twitter_misc":{"Est. reading time":"1 minute"},"schema":{"@context":"https:\/\/schema.org","@graph":[{"@type":"WebPage","@id":"https:\/\/rendez-vous-store.com\/shop\/special-offer-women-rendez-vous-store\/women-accessories-special-offer\/veritecoeur-socks-vcs47-white-rendez-vous-store\/","url":"https:\/\/rendez-vous-store.com\/shop\/special-offer-women-rendez-vous-store\/women-accessories-special-offer\/veritecoeur-socks-vcs47-white-rendez-vous-store\/","name":"V\u00e9rit\u00e9coeur Socks VCS47 White","isPartOf":{"@id":"https:\/\/rendez-vous-store.com\/#website"},"primaryImageOfPage":{"@id":"https:\/\/rendez-vous-store.com\/shop\/special-offer-women-rendez-vous-store\/women-accessories-special-offer\/veritecoeur-socks-vcs47-white-rendez-vous-store\/#primaryimage"},"image":{"@id":"https:\/\/rendez-vous-store.com\/shop\/special-offer-women-rendez-vous-store\/women-accessories-special-offer\/veritecoeur-socks-vcs47-white-rendez-vous-store\/#primaryimage"},"thumbnailUrl":"https:\/\/rendez-vous-store.com\/app\/uploads\/2022\/11\/rdv_veritecoeur_06-scaled.jpg","datePublished":"2022-11-16T10:23:30+00:00","dateModified":"2026-03-16T13:57:17+00:00","description":"V\u00e9rit\u00e9coeur is on Rendez-vous Store. This V\u00e9rit\u00e9coeur Socks VCS47 White is characterized by beautiful cut and character fabric. Discover now.","breadcrumb":{"@id":"https:\/\/rendez-vous-store.com\/shop\/special-offer-women-rendez-vous-store\/women-accessories-special-offer\/veritecoeur-socks-vcs47-white-rendez-vous-store\/#breadcrumb"},"inLanguage":"fr-FR","potentialAction":[{"@type":"ReadAction","target":["https:\/\/rendez-vous-store.com\/shop\/special-offer-women-rendez-vous-store\/women-accessories-special-offer\/veritecoeur-socks-vcs47-white-rendez-vous-store\/"]}]},{"@type":"ImageObject","inLanguage":"fr-FR","@id":"https:\/\/rendez-vous-store.com\/shop\/special-offer-women-rendez-vous-store\/women-accessories-special-offer\/veritecoeur-socks-vcs47-white-rendez-vous-store\/#primaryimage","url":"https:\/\/rendez-vous-store.com\/app\/uploads\/2022\/11\/rdv_veritecoeur_06-scaled.jpg","contentUrl":"https:\/\/rendez-vous-store.com\/app\/uploads\/2022\/11\/rdv_veritecoeur_06-scaled.jpg","width":1696,"height":2560},{"@type":"BreadcrumbList","@id":"https:\/\/rendez-vous-store.com\/shop\/special-offer-women-rendez-vous-store\/women-accessories-special-offer\/veritecoeur-socks-vcs47-white-rendez-vous-store\/#breadcrumb","itemListElement":[{"@type":"ListItem","position":1,"name":"Home","item":"https:\/\/rendez-vous-store.com\/"},{"@type":"ListItem","position":2,"name":"Shop","item":"https:\/\/www.rendez-vous-store.com\/shop\/"},{"@type":"ListItem","position":3,"name":"V\u00e9rit\u00e9coeur &#8211; Socks VCS47 &#8211; White"}]},{"@type":"WebSite","@id":"https:\/\/rendez-vous-store.com\/#website","url":"https:\/\/rendez-vous-store.com\/","name":"RENDEZ-VOUS STORE","description":"Slow Fashion for Women and Men","potentialAction":[{"@type":"SearchAction","target":{"@type":"EntryPoint","urlTemplate":"https:\/\/rendez-vous-store.com\/?s={search_term_string}"},"query-input":{"@type":"PropertyValueSpecification","valueRequired":true,"valueName":"search_term_string"}}],"inLanguage":"fr-FR"}]}},"_links":{"self":[{"href":"https:\/\/rendez-vous-store.com\/fr\/wp-json\/wp\/v2\/product\/98450","targetHints":{"allow":["GET"]}}],"collection":[{"href":"https:\/\/rendez-vous-store.com\/fr\/wp-json\/wp\/v2\/product"}],"about":[{"href":"https:\/\/rendez-vous-store.com\/fr\/wp-json\/wp\/v2\/types\/product"}],"wp:featuredmedia":[{"embeddable":true,"href":"https:\/\/rendez-vous-store.com\/fr\/wp-json\/wp\/v2\/media\/100788"}],"wp:attachment":[{"href":"https:\/\/rendez-vous-store.com\/fr\/wp-json\/wp\/v2\/media?parent=98450"}],"wp:term":[{"taxonomy":"product_brand","embeddable":true,"href":"https:\/\/rendez-vous-store.com\/fr\/wp-json\/wp\/v2\/product_brand?post=98450"},{"taxonomy":"product_cat","embeddable":true,"href":"https:\/\/rendez-vous-store.com\/fr\/wp-json\/wp\/v2\/product_cat?post=98450"},{"taxonomy":"product_tag","embeddable":true,"href":"https:\/\/rendez-vous-store.com\/fr\/wp-json\/wp\/v2\/product_tag?post=98450"}],"curies":[{"name":"wp","href":"https:\/\/api.w.org\/{rel}","templated":true}]}}