{"id":97515,"date":"2022-11-08T17:16:50","date_gmt":"2022-11-08T16:16:50","guid":{"rendered":"https:\/\/www.rendez-vous-store.com\/?post_type=product&#038;p=97515"},"modified":"2026-03-16T14:56:24","modified_gmt":"2026-03-16T13:56:24","slug":"hender-scheme-key-strap-di-rc-knh-brown-rendez-vous-store","status":"publish","type":"product","link":"https:\/\/rendez-vous-store.com\/fr\/shop\/men-selection-discover-our-selection-rendez-vous-store\/accessories-men-rendez-vous-store\/hender-scheme-key-strap-di-rc-knh-brown-rendez-vous-store\/","title":{"rendered":"Hender Scheme &#8211; Key Strap DI-RC-KNH &#8211; Brown"},"content":{"rendered":"<p><strong>Hender Scheme &#8211; Key Strap DI-RC-KNH &#8211; Brown<\/strong><\/p>\n<p>Couleur : Marron<\/p>\n<p>Mati\u00e8re : Cuir de vache<\/p>\n<p>Fabriqu\u00e9 au Japon<\/p>\n<p>Measurements:\u00a0W: 8cm &#8211; H: 7.5cm\/ Adjustable neck strap: 43 cm<\/p>\n<p>&nbsp;<\/p>\n<p>&nbsp;<\/p>\n<p>&nbsp;<\/p>\n<p><strong>La marque\u00a0<\/strong><\/p>\n<p>Le cr\u00e9ateur Ryo Kashiwazaki a fond\u00e9 Hender Scheme \u00e0 Tokyo. La marque est sp\u00e9cialis\u00e9e dans les chaussures et les accessoires en cuir haut de gamme fabriqu\u00e9s \u00e0 la main.<\/p>\n<p>Hender Scheme refl\u00e8te parfaitement le soin, la pr\u00e9cision et le respect que les artisans japonais portent \u00e0 leur travail. Les clients consid\u00e8rent ces produits comme des incontournables en raison de leur haute qualit\u00e9 et de leur design intemporel.<\/p>","protected":false},"excerpt":{"rendered":"<p>Hender Scheme &#8211; Key Strap DI-RC-KNH &#8211; Brown Color: Brown Material: Cow leather Made in Japan Measurements:\u00a0W: 8cm &#8211; H: 7.5cm\/ Adjustable neck strap: 43 cm &nbsp; &nbsp; &nbsp; The brand\u00a0 Designer Ryo Kashiwazaki founded Hender Scheme in Tokyo. The brand specializes in handcrafted premium leather footwear and accessories. Hender Scheme perfectly reflects the care,&hellip; <a class=\"more-link\" href=\"https:\/\/rendez-vous-store.com\/fr\/shop\/men-selection-discover-our-selection-rendez-vous-store\/accessories-men-rendez-vous-store\/hender-scheme-key-strap-di-rc-knh-brown-rendez-vous-store\/\">Continue reading <span class=\"screen-reader-text\">Hender Scheme &#8211; Key Strap DI-RC-KNH &#8211; Brown<\/span><\/a><\/p>","protected":false},"featured_media":101303,"template":"","meta":{"_acf_changed":false},"product_brand":[],"product_cat":[70,387,20,17],"product_tag":[624],"class_list":{"0":"post-97515","1":"product","2":"type-product","3":"status-publish","4":"has-post-thumbnail","6":"product_cat-accessories-men-rendez-vous-store","7":"product_cat-women-accessories-rendez-vous-store","8":"product_cat-men-selection-discover-our-selection-rendez-vous-store","9":"product_cat-women","10":"product_tag-hender-scheme","11":"entry","13":"first","14":"outofstock","15":"taxable","16":"shipping-taxable","17":"product-type-variable"},"acf":[],"yoast_head":"<!-- This site is optimized with the Yoast SEO plugin v24.9 - https:\/\/yoast.com\/wordpress\/plugins\/seo\/ -->\n<title>Hender Scheme Key Strap DI-RC-KNH Brown<\/title>\n<meta name=\"description\" content=\"Hender Scheme is on Rendez-Vous Store. This Hender Scheme Key Strap DI-RC-KNH Brown blends traditional techniques with contemporary style.\" \/>\n<meta name=\"robots\" content=\"index, follow, max-snippet:-1, max-image-preview:large, max-video-preview:-1\" \/>\n<link rel=\"canonical\" href=\"https:\/\/rendez-vous-store.com\/fr\/shop\/men-selection-discover-our-selection-rendez-vous-store\/accessories-men-rendez-vous-store\/hender-scheme-key-strap-di-rc-knh-brown-rendez-vous-store\/\" \/>\n<meta property=\"og:locale\" content=\"fr_FR\" \/>\n<meta property=\"og:type\" content=\"article\" \/>\n<meta property=\"og:title\" content=\"Hender Scheme Key Strap DI-RC-KNH Brown\" \/>\n<meta property=\"og:description\" content=\"Hender Scheme is on Rendez-Vous Store. This Hender Scheme Key Strap DI-RC-KNH Brown blends traditional techniques with contemporary style.\" \/>\n<meta property=\"og:url\" content=\"https:\/\/rendez-vous-store.com\/fr\/shop\/men-selection-discover-our-selection-rendez-vous-store\/accessories-men-rendez-vous-store\/hender-scheme-key-strap-di-rc-knh-brown-rendez-vous-store\/\" \/>\n<meta property=\"og:site_name\" content=\"RENDEZ-VOUS STORE\" \/>\n<meta property=\"article:modified_time\" content=\"2026-03-16T13:56:24+00:00\" \/>\n<meta property=\"og:image\" content=\"https:\/\/rendez-vous-store.com\/wp-content\/uploads\/2022\/11\/rdv_henderscheme_74-scaled.jpg\" \/>\n\t<meta property=\"og:image:width\" content=\"1696\" \/>\n\t<meta property=\"og:image:height\" content=\"2560\" \/>\n\t<meta property=\"og:image:type\" content=\"image\/jpeg\" \/>\n<meta name=\"twitter:card\" content=\"summary_large_image\" \/>\n<meta name=\"twitter:label1\" content=\"Est. reading time\" \/>\n\t<meta name=\"twitter:data1\" content=\"1 minute\" \/>\n<script type=\"application\/ld+json\" class=\"yoast-schema-graph\">{\"@context\":\"https:\/\/schema.org\",\"@graph\":[{\"@type\":\"WebPage\",\"@id\":\"https:\/\/rendez-vous-store.com\/shop\/men-selection-discover-our-selection-rendez-vous-store\/accessories-men-rendez-vous-store\/hender-scheme-key-strap-di-rc-knh-brown-rendez-vous-store\/\",\"url\":\"https:\/\/rendez-vous-store.com\/shop\/men-selection-discover-our-selection-rendez-vous-store\/accessories-men-rendez-vous-store\/hender-scheme-key-strap-di-rc-knh-brown-rendez-vous-store\/\",\"name\":\"Hender Scheme Key Strap DI-RC-KNH Brown\",\"isPartOf\":{\"@id\":\"https:\/\/rendez-vous-store.com\/#website\"},\"primaryImageOfPage\":{\"@id\":\"https:\/\/rendez-vous-store.com\/shop\/men-selection-discover-our-selection-rendez-vous-store\/accessories-men-rendez-vous-store\/hender-scheme-key-strap-di-rc-knh-brown-rendez-vous-store\/#primaryimage\"},\"image\":{\"@id\":\"https:\/\/rendez-vous-store.com\/shop\/men-selection-discover-our-selection-rendez-vous-store\/accessories-men-rendez-vous-store\/hender-scheme-key-strap-di-rc-knh-brown-rendez-vous-store\/#primaryimage\"},\"thumbnailUrl\":\"https:\/\/rendez-vous-store.com\/app\/uploads\/2022\/11\/rdv_henderscheme_74-scaled.jpg\",\"datePublished\":\"2022-11-08T16:16:50+00:00\",\"dateModified\":\"2026-03-16T13:56:24+00:00\",\"description\":\"Hender Scheme is on Rendez-Vous Store. This Hender Scheme Key Strap DI-RC-KNH Brown blends traditional techniques with contemporary style.\",\"breadcrumb\":{\"@id\":\"https:\/\/rendez-vous-store.com\/shop\/men-selection-discover-our-selection-rendez-vous-store\/accessories-men-rendez-vous-store\/hender-scheme-key-strap-di-rc-knh-brown-rendez-vous-store\/#breadcrumb\"},\"inLanguage\":\"fr-FR\",\"potentialAction\":[{\"@type\":\"ReadAction\",\"target\":[\"https:\/\/rendez-vous-store.com\/shop\/men-selection-discover-our-selection-rendez-vous-store\/accessories-men-rendez-vous-store\/hender-scheme-key-strap-di-rc-knh-brown-rendez-vous-store\/\"]}]},{\"@type\":\"ImageObject\",\"inLanguage\":\"fr-FR\",\"@id\":\"https:\/\/rendez-vous-store.com\/shop\/men-selection-discover-our-selection-rendez-vous-store\/accessories-men-rendez-vous-store\/hender-scheme-key-strap-di-rc-knh-brown-rendez-vous-store\/#primaryimage\",\"url\":\"https:\/\/rendez-vous-store.com\/app\/uploads\/2022\/11\/rdv_henderscheme_74-scaled.jpg\",\"contentUrl\":\"https:\/\/rendez-vous-store.com\/app\/uploads\/2022\/11\/rdv_henderscheme_74-scaled.jpg\",\"width\":1696,\"height\":2560},{\"@type\":\"BreadcrumbList\",\"@id\":\"https:\/\/rendez-vous-store.com\/shop\/men-selection-discover-our-selection-rendez-vous-store\/accessories-men-rendez-vous-store\/hender-scheme-key-strap-di-rc-knh-brown-rendez-vous-store\/#breadcrumb\",\"itemListElement\":[{\"@type\":\"ListItem\",\"position\":1,\"name\":\"Home\",\"item\":\"https:\/\/rendez-vous-store.com\/\"},{\"@type\":\"ListItem\",\"position\":2,\"name\":\"Shop\",\"item\":\"https:\/\/www.rendez-vous-store.com\/shop\/\"},{\"@type\":\"ListItem\",\"position\":3,\"name\":\"Hender Scheme &#8211; Key Strap DI-RC-KNH &#8211; Brown\"}]},{\"@type\":\"WebSite\",\"@id\":\"https:\/\/rendez-vous-store.com\/#website\",\"url\":\"https:\/\/rendez-vous-store.com\/\",\"name\":\"RENDEZ-VOUS STORE\",\"description\":\"Slow Fashion for Women and Men\",\"potentialAction\":[{\"@type\":\"SearchAction\",\"target\":{\"@type\":\"EntryPoint\",\"urlTemplate\":\"https:\/\/rendez-vous-store.com\/?s={search_term_string}\"},\"query-input\":{\"@type\":\"PropertyValueSpecification\",\"valueRequired\":true,\"valueName\":\"search_term_string\"}}],\"inLanguage\":\"fr-FR\"}]}<\/script>\n<!-- \/ Yoast SEO plugin. -->","yoast_head_json":{"title":"Hender Scheme Key Strap DI-RC-KNH Brown","description":"Hender Scheme is on Rendez-Vous Store. This Hender Scheme Key Strap DI-RC-KNH Brown blends traditional techniques with contemporary style.","robots":{"index":"index","follow":"follow","max-snippet":"max-snippet:-1","max-image-preview":"max-image-preview:large","max-video-preview":"max-video-preview:-1"},"canonical":"https:\/\/rendez-vous-store.com\/fr\/shop\/men-selection-discover-our-selection-rendez-vous-store\/accessories-men-rendez-vous-store\/hender-scheme-key-strap-di-rc-knh-brown-rendez-vous-store\/","og_locale":"fr_FR","og_type":"article","og_title":"Hender Scheme Key Strap DI-RC-KNH Brown","og_description":"Hender Scheme is on Rendez-Vous Store. This Hender Scheme Key Strap DI-RC-KNH Brown blends traditional techniques with contemporary style.","og_url":"https:\/\/rendez-vous-store.com\/fr\/shop\/men-selection-discover-our-selection-rendez-vous-store\/accessories-men-rendez-vous-store\/hender-scheme-key-strap-di-rc-knh-brown-rendez-vous-store\/","og_site_name":"RENDEZ-VOUS STORE","article_modified_time":"2026-03-16T13:56:24+00:00","og_image":[{"width":1696,"height":2560,"url":"https:\/\/rendez-vous-store.com\/wp-content\/uploads\/2022\/11\/rdv_henderscheme_74-scaled.jpg","type":"image\/jpeg"}],"twitter_card":"summary_large_image","twitter_misc":{"Est. reading time":"1 minute"},"schema":{"@context":"https:\/\/schema.org","@graph":[{"@type":"WebPage","@id":"https:\/\/rendez-vous-store.com\/shop\/men-selection-discover-our-selection-rendez-vous-store\/accessories-men-rendez-vous-store\/hender-scheme-key-strap-di-rc-knh-brown-rendez-vous-store\/","url":"https:\/\/rendez-vous-store.com\/shop\/men-selection-discover-our-selection-rendez-vous-store\/accessories-men-rendez-vous-store\/hender-scheme-key-strap-di-rc-knh-brown-rendez-vous-store\/","name":"Hender Scheme Key Strap DI-RC-KNH Brown","isPartOf":{"@id":"https:\/\/rendez-vous-store.com\/#website"},"primaryImageOfPage":{"@id":"https:\/\/rendez-vous-store.com\/shop\/men-selection-discover-our-selection-rendez-vous-store\/accessories-men-rendez-vous-store\/hender-scheme-key-strap-di-rc-knh-brown-rendez-vous-store\/#primaryimage"},"image":{"@id":"https:\/\/rendez-vous-store.com\/shop\/men-selection-discover-our-selection-rendez-vous-store\/accessories-men-rendez-vous-store\/hender-scheme-key-strap-di-rc-knh-brown-rendez-vous-store\/#primaryimage"},"thumbnailUrl":"https:\/\/rendez-vous-store.com\/app\/uploads\/2022\/11\/rdv_henderscheme_74-scaled.jpg","datePublished":"2022-11-08T16:16:50+00:00","dateModified":"2026-03-16T13:56:24+00:00","description":"Hender Scheme is on Rendez-Vous Store. This Hender Scheme Key Strap DI-RC-KNH Brown blends traditional techniques with contemporary style.","breadcrumb":{"@id":"https:\/\/rendez-vous-store.com\/shop\/men-selection-discover-our-selection-rendez-vous-store\/accessories-men-rendez-vous-store\/hender-scheme-key-strap-di-rc-knh-brown-rendez-vous-store\/#breadcrumb"},"inLanguage":"fr-FR","potentialAction":[{"@type":"ReadAction","target":["https:\/\/rendez-vous-store.com\/shop\/men-selection-discover-our-selection-rendez-vous-store\/accessories-men-rendez-vous-store\/hender-scheme-key-strap-di-rc-knh-brown-rendez-vous-store\/"]}]},{"@type":"ImageObject","inLanguage":"fr-FR","@id":"https:\/\/rendez-vous-store.com\/shop\/men-selection-discover-our-selection-rendez-vous-store\/accessories-men-rendez-vous-store\/hender-scheme-key-strap-di-rc-knh-brown-rendez-vous-store\/#primaryimage","url":"https:\/\/rendez-vous-store.com\/app\/uploads\/2022\/11\/rdv_henderscheme_74-scaled.jpg","contentUrl":"https:\/\/rendez-vous-store.com\/app\/uploads\/2022\/11\/rdv_henderscheme_74-scaled.jpg","width":1696,"height":2560},{"@type":"BreadcrumbList","@id":"https:\/\/rendez-vous-store.com\/shop\/men-selection-discover-our-selection-rendez-vous-store\/accessories-men-rendez-vous-store\/hender-scheme-key-strap-di-rc-knh-brown-rendez-vous-store\/#breadcrumb","itemListElement":[{"@type":"ListItem","position":1,"name":"Home","item":"https:\/\/rendez-vous-store.com\/"},{"@type":"ListItem","position":2,"name":"Shop","item":"https:\/\/www.rendez-vous-store.com\/shop\/"},{"@type":"ListItem","position":3,"name":"Hender Scheme &#8211; Key Strap DI-RC-KNH &#8211; Brown"}]},{"@type":"WebSite","@id":"https:\/\/rendez-vous-store.com\/#website","url":"https:\/\/rendez-vous-store.com\/","name":"RENDEZ-VOUS STORE","description":"Slow Fashion for Women and Men","potentialAction":[{"@type":"SearchAction","target":{"@type":"EntryPoint","urlTemplate":"https:\/\/rendez-vous-store.com\/?s={search_term_string}"},"query-input":{"@type":"PropertyValueSpecification","valueRequired":true,"valueName":"search_term_string"}}],"inLanguage":"fr-FR"}]}},"_links":{"self":[{"href":"https:\/\/rendez-vous-store.com\/fr\/wp-json\/wp\/v2\/product\/97515","targetHints":{"allow":["GET"]}}],"collection":[{"href":"https:\/\/rendez-vous-store.com\/fr\/wp-json\/wp\/v2\/product"}],"about":[{"href":"https:\/\/rendez-vous-store.com\/fr\/wp-json\/wp\/v2\/types\/product"}],"wp:featuredmedia":[{"embeddable":true,"href":"https:\/\/rendez-vous-store.com\/fr\/wp-json\/wp\/v2\/media\/101303"}],"wp:attachment":[{"href":"https:\/\/rendez-vous-store.com\/fr\/wp-json\/wp\/v2\/media?parent=97515"}],"wp:term":[{"taxonomy":"product_brand","embeddable":true,"href":"https:\/\/rendez-vous-store.com\/fr\/wp-json\/wp\/v2\/product_brand?post=97515"},{"taxonomy":"product_cat","embeddable":true,"href":"https:\/\/rendez-vous-store.com\/fr\/wp-json\/wp\/v2\/product_cat?post=97515"},{"taxonomy":"product_tag","embeddable":true,"href":"https:\/\/rendez-vous-store.com\/fr\/wp-json\/wp\/v2\/product_tag?post=97515"}],"curies":[{"name":"wp","href":"https:\/\/api.w.org\/{rel}","templated":true}]}}