{"id":94751,"date":"2022-10-26T18:38:53","date_gmt":"2022-10-26T16:38:53","guid":{"rendered":"https:\/\/www.rendez-vous-store.com\/?post_type=product&#038;p=94751"},"modified":"2026-03-16T14:46:39","modified_gmt":"2026-03-16T13:46:39","slug":"rototo-multi-jacquard-crew-socks-ivory-black-rendez-vous-store","status":"publish","type":"product","link":"https:\/\/rendez-vous-store.com\/fr\/shop\/men-selection-discover-our-selection-rendez-vous-store\/accessories-men-rendez-vous-store\/rototo-multi-jacquard-crew-socks-ivory-black-rendez-vous-store\/","title":{"rendered":"Rototo &#8211; Multi Jacquard Crew Socks &#8211; Ivory\/Black"},"content":{"rendered":"<p><strong>Rototo &#8211; Multi Jacquard Crew Socks &#8211; Ivory\/Black<\/strong><\/p>\n<p>Color: Ivory\/Black<\/p>\n<p>Composition: 41% Cotton &#8211; 41% Acrylic &#8211; 10% Silk &#8211; 6% Nylon &#8211; 2% Polyurethane.<\/p>\n<p>Fabriqu\u00e9 au Japon<\/p>\n<p><span style=\"background-color: var(--global--color-background); color: var(--global--color-primary); font-family: var(--global--font-secondary); font-size: var(--global--font-size-base);\">Lavage \u00e0 basse temp\u00e9rature recommand\u00e9<\/span><\/p>\n<p><span style=\"background-color: var(--global--color-background); color: var(--global--color-primary); font-family: var(--global--font-secondary); font-size: var(--global--font-size-base);\">S : 23-25cm = EU 36-39, M : 25-27cm = EU 40-43, L : 27-29cm =EU 44-46<\/span><\/p>\n<p>&nbsp;<\/p>\n<p>&nbsp;<\/p>\n<p>&nbsp;<\/p>\n<p><strong>La marque\u00a0<\/strong><\/p>\n<p>ROTOTO cr\u00e9e des chaussettes de la plus haute qualit\u00e9 en mettant l'accent sur la fonctionnalit\u00e9 et le confort. L'\u00e9quipe fabrique tous les articles au Japon et les con\u00e7oit comme des \"consommables \u00e0 vie\". L'entreprise s\u00e9lectionne avec soin des machines \u00e0 tricoter anciennes qui impliquent un travail humain consid\u00e9rable. En s'\u00e9loignant des machines \u00e0 tricoter modernes automatis\u00e9es et programm\u00e9es, ROTOTO place la qualit\u00e9 du produit au-dessus de tout.<\/p>\n<p>ROTOTO veut changer la vie des gens en influen\u00e7ant la fa\u00e7on dont ils pensent \u00e0 leurs pieds.<\/p>","protected":false},"excerpt":{"rendered":"<p>Rototo &#8211; Multi Jacquard Crew Socks &#8211; Ivory\/Black Color: Ivory\/Black Composition: 41% Cotton &#8211; 41% Acrylic &#8211; 10% Silk &#8211; 6% Nylon &#8211; 2% Polyurethane. Made in Japan Recommend a low heat wash S: 23-25cm = EU 36-39, M: 25-27cm = EU 40-43, L: 27-29cm =EU 44-46 &nbsp; &nbsp; &nbsp; The brand\u00a0 ROTOTO creates socks&hellip; <a class=\"more-link\" href=\"https:\/\/rendez-vous-store.com\/fr\/shop\/men-selection-discover-our-selection-rendez-vous-store\/accessories-men-rendez-vous-store\/rototo-multi-jacquard-crew-socks-ivory-black-rendez-vous-store\/\">Continue reading <span class=\"screen-reader-text\">Rototo &#8211; Multi Jacquard Crew Socks &#8211; Ivory\/Black<\/span><\/a><\/p>","protected":false},"featured_media":97125,"template":"","meta":{"_acf_changed":false},"product_brand":[],"product_cat":[20,70],"product_tag":[701],"class_list":{"0":"post-94751","1":"product","2":"type-product","3":"status-publish","4":"has-post-thumbnail","6":"product_cat-men-selection-discover-our-selection-rendez-vous-store","7":"product_cat-accessories-men-rendez-vous-store","8":"product_tag-rototo-designers-rendez-vous-store","9":"entry","11":"first","12":"outofstock","13":"taxable","14":"shipping-taxable","15":"product-type-variable","16":"has-default-attributes"},"acf":[],"yoast_head":"<!-- This site is optimized with the Yoast SEO plugin v24.9 - https:\/\/yoast.com\/wordpress\/plugins\/seo\/ -->\n<title>Rototo Multi Jacquard Crew Socks Ivory\/Black<\/title>\n<meta name=\"description\" content=\"Rototo is on Rendez-vous Store. This Rototo Multi Jacquard Crew Socks Ivory\/Black are the perfect mix of style, comfort, and quality.\" \/>\n<meta name=\"robots\" content=\"index, follow, max-snippet:-1, max-image-preview:large, max-video-preview:-1\" \/>\n<link rel=\"canonical\" href=\"https:\/\/rendez-vous-store.com\/fr\/shop\/men-selection-discover-our-selection-rendez-vous-store\/accessories-men-rendez-vous-store\/rototo-multi-jacquard-crew-socks-ivory-black-rendez-vous-store\/\" \/>\n<meta property=\"og:locale\" content=\"fr_FR\" \/>\n<meta property=\"og:type\" content=\"article\" \/>\n<meta property=\"og:title\" content=\"Rototo Multi Jacquard Crew Socks Ivory\/Black\" \/>\n<meta property=\"og:description\" content=\"Rototo is on Rendez-vous Store. This Rototo Multi Jacquard Crew Socks Ivory\/Black are the perfect mix of style, comfort, and quality.\" \/>\n<meta property=\"og:url\" content=\"https:\/\/rendez-vous-store.com\/fr\/shop\/men-selection-discover-our-selection-rendez-vous-store\/accessories-men-rendez-vous-store\/rototo-multi-jacquard-crew-socks-ivory-black-rendez-vous-store\/\" \/>\n<meta property=\"og:site_name\" content=\"RENDEZ-VOUS STORE\" \/>\n<meta property=\"article:modified_time\" content=\"2026-03-16T13:46:39+00:00\" \/>\n<meta property=\"og:image\" content=\"https:\/\/rendez-vous-store.com\/wp-content\/uploads\/2022\/10\/rdv_rototo_130-scaled.jpg\" \/>\n\t<meta property=\"og:image:width\" content=\"1696\" \/>\n\t<meta property=\"og:image:height\" content=\"2560\" \/>\n\t<meta property=\"og:image:type\" content=\"image\/jpeg\" \/>\n<meta name=\"twitter:card\" content=\"summary_large_image\" \/>\n<meta name=\"twitter:label1\" content=\"Est. reading time\" \/>\n\t<meta name=\"twitter:data1\" content=\"1 minute\" \/>\n<script type=\"application\/ld+json\" class=\"yoast-schema-graph\">{\"@context\":\"https:\/\/schema.org\",\"@graph\":[{\"@type\":\"WebPage\",\"@id\":\"https:\/\/rendez-vous-store.com\/shop\/men-selection-discover-our-selection-rendez-vous-store\/accessories-men-rendez-vous-store\/rototo-multi-jacquard-crew-socks-ivory-black-rendez-vous-store\/\",\"url\":\"https:\/\/rendez-vous-store.com\/shop\/men-selection-discover-our-selection-rendez-vous-store\/accessories-men-rendez-vous-store\/rototo-multi-jacquard-crew-socks-ivory-black-rendez-vous-store\/\",\"name\":\"Rototo Multi Jacquard Crew Socks Ivory\/Black\",\"isPartOf\":{\"@id\":\"https:\/\/rendez-vous-store.com\/#website\"},\"primaryImageOfPage\":{\"@id\":\"https:\/\/rendez-vous-store.com\/shop\/men-selection-discover-our-selection-rendez-vous-store\/accessories-men-rendez-vous-store\/rototo-multi-jacquard-crew-socks-ivory-black-rendez-vous-store\/#primaryimage\"},\"image\":{\"@id\":\"https:\/\/rendez-vous-store.com\/shop\/men-selection-discover-our-selection-rendez-vous-store\/accessories-men-rendez-vous-store\/rototo-multi-jacquard-crew-socks-ivory-black-rendez-vous-store\/#primaryimage\"},\"thumbnailUrl\":\"https:\/\/rendez-vous-store.com\/app\/uploads\/2022\/10\/rdv_rototo_130-scaled.jpg\",\"datePublished\":\"2022-10-26T16:38:53+00:00\",\"dateModified\":\"2026-03-16T13:46:39+00:00\",\"description\":\"Rototo is on Rendez-vous Store. This Rototo Multi Jacquard Crew Socks Ivory\/Black are the perfect mix of style, comfort, and quality.\",\"breadcrumb\":{\"@id\":\"https:\/\/rendez-vous-store.com\/shop\/men-selection-discover-our-selection-rendez-vous-store\/accessories-men-rendez-vous-store\/rototo-multi-jacquard-crew-socks-ivory-black-rendez-vous-store\/#breadcrumb\"},\"inLanguage\":\"fr-FR\",\"potentialAction\":[{\"@type\":\"ReadAction\",\"target\":[\"https:\/\/rendez-vous-store.com\/shop\/men-selection-discover-our-selection-rendez-vous-store\/accessories-men-rendez-vous-store\/rototo-multi-jacquard-crew-socks-ivory-black-rendez-vous-store\/\"]}]},{\"@type\":\"ImageObject\",\"inLanguage\":\"fr-FR\",\"@id\":\"https:\/\/rendez-vous-store.com\/shop\/men-selection-discover-our-selection-rendez-vous-store\/accessories-men-rendez-vous-store\/rototo-multi-jacquard-crew-socks-ivory-black-rendez-vous-store\/#primaryimage\",\"url\":\"https:\/\/rendez-vous-store.com\/app\/uploads\/2022\/10\/rdv_rototo_130-scaled.jpg\",\"contentUrl\":\"https:\/\/rendez-vous-store.com\/app\/uploads\/2022\/10\/rdv_rototo_130-scaled.jpg\",\"width\":1696,\"height\":2560},{\"@type\":\"BreadcrumbList\",\"@id\":\"https:\/\/rendez-vous-store.com\/shop\/men-selection-discover-our-selection-rendez-vous-store\/accessories-men-rendez-vous-store\/rototo-multi-jacquard-crew-socks-ivory-black-rendez-vous-store\/#breadcrumb\",\"itemListElement\":[{\"@type\":\"ListItem\",\"position\":1,\"name\":\"Home\",\"item\":\"https:\/\/rendez-vous-store.com\/\"},{\"@type\":\"ListItem\",\"position\":2,\"name\":\"Shop\",\"item\":\"https:\/\/www.rendez-vous-store.com\/shop\/\"},{\"@type\":\"ListItem\",\"position\":3,\"name\":\"Rototo &#8211; Multi Jacquard Crew Socks &#8211; Ivory\/Black\"}]},{\"@type\":\"WebSite\",\"@id\":\"https:\/\/rendez-vous-store.com\/#website\",\"url\":\"https:\/\/rendez-vous-store.com\/\",\"name\":\"RENDEZ-VOUS STORE\",\"description\":\"Slow Fashion for Women and Men\",\"potentialAction\":[{\"@type\":\"SearchAction\",\"target\":{\"@type\":\"EntryPoint\",\"urlTemplate\":\"https:\/\/rendez-vous-store.com\/?s={search_term_string}\"},\"query-input\":{\"@type\":\"PropertyValueSpecification\",\"valueRequired\":true,\"valueName\":\"search_term_string\"}}],\"inLanguage\":\"fr-FR\"}]}<\/script>\n<!-- \/ Yoast SEO plugin. -->","yoast_head_json":{"title":"Rototo Multi Jacquard Crew Socks Ivory\/Black","description":"Rototo is on Rendez-vous Store. This Rototo Multi Jacquard Crew Socks Ivory\/Black are the perfect mix of style, comfort, and quality.","robots":{"index":"index","follow":"follow","max-snippet":"max-snippet:-1","max-image-preview":"max-image-preview:large","max-video-preview":"max-video-preview:-1"},"canonical":"https:\/\/rendez-vous-store.com\/fr\/shop\/men-selection-discover-our-selection-rendez-vous-store\/accessories-men-rendez-vous-store\/rototo-multi-jacquard-crew-socks-ivory-black-rendez-vous-store\/","og_locale":"fr_FR","og_type":"article","og_title":"Rototo Multi Jacquard Crew Socks Ivory\/Black","og_description":"Rototo is on Rendez-vous Store. This Rototo Multi Jacquard Crew Socks Ivory\/Black are the perfect mix of style, comfort, and quality.","og_url":"https:\/\/rendez-vous-store.com\/fr\/shop\/men-selection-discover-our-selection-rendez-vous-store\/accessories-men-rendez-vous-store\/rototo-multi-jacquard-crew-socks-ivory-black-rendez-vous-store\/","og_site_name":"RENDEZ-VOUS STORE","article_modified_time":"2026-03-16T13:46:39+00:00","og_image":[{"width":1696,"height":2560,"url":"https:\/\/rendez-vous-store.com\/wp-content\/uploads\/2022\/10\/rdv_rototo_130-scaled.jpg","type":"image\/jpeg"}],"twitter_card":"summary_large_image","twitter_misc":{"Est. reading time":"1 minute"},"schema":{"@context":"https:\/\/schema.org","@graph":[{"@type":"WebPage","@id":"https:\/\/rendez-vous-store.com\/shop\/men-selection-discover-our-selection-rendez-vous-store\/accessories-men-rendez-vous-store\/rototo-multi-jacquard-crew-socks-ivory-black-rendez-vous-store\/","url":"https:\/\/rendez-vous-store.com\/shop\/men-selection-discover-our-selection-rendez-vous-store\/accessories-men-rendez-vous-store\/rototo-multi-jacquard-crew-socks-ivory-black-rendez-vous-store\/","name":"Rototo Multi Jacquard Crew Socks Ivory\/Black","isPartOf":{"@id":"https:\/\/rendez-vous-store.com\/#website"},"primaryImageOfPage":{"@id":"https:\/\/rendez-vous-store.com\/shop\/men-selection-discover-our-selection-rendez-vous-store\/accessories-men-rendez-vous-store\/rototo-multi-jacquard-crew-socks-ivory-black-rendez-vous-store\/#primaryimage"},"image":{"@id":"https:\/\/rendez-vous-store.com\/shop\/men-selection-discover-our-selection-rendez-vous-store\/accessories-men-rendez-vous-store\/rototo-multi-jacquard-crew-socks-ivory-black-rendez-vous-store\/#primaryimage"},"thumbnailUrl":"https:\/\/rendez-vous-store.com\/app\/uploads\/2022\/10\/rdv_rototo_130-scaled.jpg","datePublished":"2022-10-26T16:38:53+00:00","dateModified":"2026-03-16T13:46:39+00:00","description":"Rototo is on Rendez-vous Store. This Rototo Multi Jacquard Crew Socks Ivory\/Black are the perfect mix of style, comfort, and quality.","breadcrumb":{"@id":"https:\/\/rendez-vous-store.com\/shop\/men-selection-discover-our-selection-rendez-vous-store\/accessories-men-rendez-vous-store\/rototo-multi-jacquard-crew-socks-ivory-black-rendez-vous-store\/#breadcrumb"},"inLanguage":"fr-FR","potentialAction":[{"@type":"ReadAction","target":["https:\/\/rendez-vous-store.com\/shop\/men-selection-discover-our-selection-rendez-vous-store\/accessories-men-rendez-vous-store\/rototo-multi-jacquard-crew-socks-ivory-black-rendez-vous-store\/"]}]},{"@type":"ImageObject","inLanguage":"fr-FR","@id":"https:\/\/rendez-vous-store.com\/shop\/men-selection-discover-our-selection-rendez-vous-store\/accessories-men-rendez-vous-store\/rototo-multi-jacquard-crew-socks-ivory-black-rendez-vous-store\/#primaryimage","url":"https:\/\/rendez-vous-store.com\/app\/uploads\/2022\/10\/rdv_rototo_130-scaled.jpg","contentUrl":"https:\/\/rendez-vous-store.com\/app\/uploads\/2022\/10\/rdv_rototo_130-scaled.jpg","width":1696,"height":2560},{"@type":"BreadcrumbList","@id":"https:\/\/rendez-vous-store.com\/shop\/men-selection-discover-our-selection-rendez-vous-store\/accessories-men-rendez-vous-store\/rototo-multi-jacquard-crew-socks-ivory-black-rendez-vous-store\/#breadcrumb","itemListElement":[{"@type":"ListItem","position":1,"name":"Home","item":"https:\/\/rendez-vous-store.com\/"},{"@type":"ListItem","position":2,"name":"Shop","item":"https:\/\/www.rendez-vous-store.com\/shop\/"},{"@type":"ListItem","position":3,"name":"Rototo &#8211; Multi Jacquard Crew Socks &#8211; Ivory\/Black"}]},{"@type":"WebSite","@id":"https:\/\/rendez-vous-store.com\/#website","url":"https:\/\/rendez-vous-store.com\/","name":"RENDEZ-VOUS STORE","description":"Slow Fashion for Women and Men","potentialAction":[{"@type":"SearchAction","target":{"@type":"EntryPoint","urlTemplate":"https:\/\/rendez-vous-store.com\/?s={search_term_string}"},"query-input":{"@type":"PropertyValueSpecification","valueRequired":true,"valueName":"search_term_string"}}],"inLanguage":"fr-FR"}]}},"_links":{"self":[{"href":"https:\/\/rendez-vous-store.com\/fr\/wp-json\/wp\/v2\/product\/94751","targetHints":{"allow":["GET"]}}],"collection":[{"href":"https:\/\/rendez-vous-store.com\/fr\/wp-json\/wp\/v2\/product"}],"about":[{"href":"https:\/\/rendez-vous-store.com\/fr\/wp-json\/wp\/v2\/types\/product"}],"wp:featuredmedia":[{"embeddable":true,"href":"https:\/\/rendez-vous-store.com\/fr\/wp-json\/wp\/v2\/media\/97125"}],"wp:attachment":[{"href":"https:\/\/rendez-vous-store.com\/fr\/wp-json\/wp\/v2\/media?parent=94751"}],"wp:term":[{"taxonomy":"product_brand","embeddable":true,"href":"https:\/\/rendez-vous-store.com\/fr\/wp-json\/wp\/v2\/product_brand?post=94751"},{"taxonomy":"product_cat","embeddable":true,"href":"https:\/\/rendez-vous-store.com\/fr\/wp-json\/wp\/v2\/product_cat?post=94751"},{"taxonomy":"product_tag","embeddable":true,"href":"https:\/\/rendez-vous-store.com\/fr\/wp-json\/wp\/v2\/product_tag?post=94751"}],"curies":[{"name":"wp","href":"https:\/\/api.w.org\/{rel}","templated":true}]}}