{"id":94125,"date":"2022-10-25T15:19:58","date_gmt":"2022-10-25T13:19:58","guid":{"rendered":"https:\/\/www.rendez-vous-store.com\/?post_type=product&#038;p=94125"},"modified":"2026-03-16T14:55:17","modified_gmt":"2026-03-16T13:55:17","slug":"babaco-ribbed-socks-w-foil-print-bt6-grey-rendez-vous-store","status":"publish","type":"product","link":"https:\/\/rendez-vous-store.com\/fr\/shop\/special-offer-women-rendez-vous-store\/women-accessories-special-offer\/babaco-ribbed-socks-w-foil-print-bt6-grey-rendez-vous-store\/","title":{"rendered":"Babaco - Chaussettes c\u00f4tel\u00e9es imprim\u00e9es BT6 - Gris"},"content":{"rendered":"<p><strong>Chaussettes c\u00f4tel\u00e9es Babaco avec impression de feuille BT6 Grey<\/strong><\/p>\n<p>Couleur : Gris<\/p>\n<p>Composition : 85% Laine - 14% Polyester - 1% Polyur\u00e9thane<\/p>\n<p>Fabriqu\u00e9 au Japon<\/p>\n<p>Taille unique<\/p>\n<p>&nbsp;<\/p>\n<p>&nbsp;<\/p>\n<p>&nbsp;<\/p>\n<p>&nbsp;<\/p>\n<p><strong>La marque :\u00a0<\/strong><\/p>\n<p>Babaco se sp\u00e9cialise dans la fabrication de tricots et de chaussettes de qualit\u00e9 sup\u00e9rieure, en faisant appel au savoir-faire m\u00e9ticuleux du Japon. Avec la cr\u00e9atrice chevronn\u00e9e Yoko Shiraishi \u00e0 la barre, Babaco produit des tricots magistraux qui m\u00e9langent harmonieusement l'art, la texture et la couleur.<\/p>\n<p>Inspir\u00e9e par la richesse de la nature, la marque tire son nom de la plante Babaco, originaire de la r\u00e9gion des Andes. Ce lien botanique refl\u00e8te l'engagement de Babaco en faveur de la beaut\u00e9 naturelle et de la durabilit\u00e9, qui se refl\u00e8te dans chaque point de ses cr\u00e9ations.<\/p>","protected":false},"excerpt":{"rendered":"<p>Babaco Ribbed Socks W\/Foil Print BT6 Grey Color: Grey Composition: 85% Wool &#8211; 14% Polyester &#8211; 1% Polyurethane Made in Japan One size &nbsp; &nbsp; &nbsp; &nbsp; The Brand :\u00a0 Babaco speliacizes in crafting, premium knitwear and socks, employing the meticulous craftsmanship of Japan. With seasoned designer Yoko Shiraishi at the helm, Babaco produces masterful&hellip; <a class=\"more-link\" href=\"https:\/\/rendez-vous-store.com\/fr\/shop\/special-offer-women-rendez-vous-store\/women-accessories-special-offer\/babaco-ribbed-socks-w-foil-print-bt6-grey-rendez-vous-store\/\">Continue reading <span class=\"screen-reader-text\">Babaco - Chaussettes c\u00f4tel\u00e9es imprim\u00e9es BT6 - Gris<\/span><\/a><\/p>","protected":false},"featured_media":95732,"template":"","meta":{"_acf_changed":false},"product_brand":[],"product_cat":[1292,1345,1335,1138,1167,1149],"product_tag":[],"class_list":{"0":"post-94125","1":"product","2":"type-product","3":"status-publish","4":"has-post-thumbnail","6":"product_cat-1292","7":"product_cat-women-accessories-special-offer","8":"product_cat-special-offer-women-rendez-vous-store","9":"product_cat-last-pieces-women-rendez-vous-store","10":"product_cat-40-last-pieces-women","11":"product_cat-last-pieces-women-accessories-rendez-vous-store","12":"entry","14":"first","15":"outofstock","16":"taxable","17":"shipping-taxable","18":"product-type-variable"},"acf":[],"yoast_head":"<!-- This site is optimized with the Yoast SEO plugin v24.9 - https:\/\/yoast.com\/wordpress\/plugins\/seo\/ -->\n<title>Babaco Ribbed Socks W\/Foil Print BT6 Grey<\/title>\n<meta name=\"description\" content=\"Babaco is on Rendez-vous Store. This Babaco Ribbed Socks W\/Foil Print BT6 Grey is very comfortable and adapts to your daily life.\" \/>\n<meta name=\"robots\" content=\"index, follow, max-snippet:-1, max-image-preview:large, max-video-preview:-1\" \/>\n<link rel=\"canonical\" href=\"https:\/\/rendez-vous-store.com\/fr\/shop\/special-offer-women-rendez-vous-store\/women-accessories-special-offer\/babaco-ribbed-socks-w-foil-print-bt6-grey-rendez-vous-store\/\" \/>\n<meta property=\"og:locale\" content=\"fr_FR\" \/>\n<meta property=\"og:type\" content=\"article\" \/>\n<meta property=\"og:title\" content=\"Babaco Ribbed Socks W\/Foil Print BT6 Grey\" \/>\n<meta property=\"og:description\" content=\"Babaco is on Rendez-vous Store. This Babaco Ribbed Socks W\/Foil Print BT6 Grey is very comfortable and adapts to your daily life.\" \/>\n<meta property=\"og:url\" content=\"https:\/\/rendez-vous-store.com\/fr\/shop\/special-offer-women-rendez-vous-store\/women-accessories-special-offer\/babaco-ribbed-socks-w-foil-print-bt6-grey-rendez-vous-store\/\" \/>\n<meta property=\"og:site_name\" content=\"RENDEZ-VOUS STORE\" \/>\n<meta property=\"article:modified_time\" content=\"2026-03-16T13:55:17+00:00\" \/>\n<meta property=\"og:image\" content=\"https:\/\/rendez-vous-store.com\/app\/uploads\/2022\/10\/rdv_babaco_25-scaled.jpg\" \/>\n\t<meta property=\"og:image:width\" content=\"1696\" \/>\n\t<meta property=\"og:image:height\" content=\"2560\" \/>\n\t<meta property=\"og:image:type\" content=\"image\/jpeg\" \/>\n<meta name=\"twitter:card\" content=\"summary_large_image\" \/>\n<meta name=\"twitter:label1\" content=\"Est. reading time\" \/>\n\t<meta name=\"twitter:data1\" content=\"1 minute\" \/>\n<script type=\"application\/ld+json\" class=\"yoast-schema-graph\">{\"@context\":\"https:\/\/schema.org\",\"@graph\":[{\"@type\":\"WebPage\",\"@id\":\"https:\/\/rendez-vous-store.com\/shop\/special-offer-women-rendez-vous-store\/women-accessories-special-offer\/babaco-ribbed-socks-w-foil-print-bt6-grey-rendez-vous-store\/\",\"url\":\"https:\/\/rendez-vous-store.com\/shop\/special-offer-women-rendez-vous-store\/women-accessories-special-offer\/babaco-ribbed-socks-w-foil-print-bt6-grey-rendez-vous-store\/\",\"name\":\"Babaco Ribbed Socks W\/Foil Print BT6 Grey\",\"isPartOf\":{\"@id\":\"https:\/\/rendez-vous-store.com\/#website\"},\"primaryImageOfPage\":{\"@id\":\"https:\/\/rendez-vous-store.com\/shop\/special-offer-women-rendez-vous-store\/women-accessories-special-offer\/babaco-ribbed-socks-w-foil-print-bt6-grey-rendez-vous-store\/#primaryimage\"},\"image\":{\"@id\":\"https:\/\/rendez-vous-store.com\/shop\/special-offer-women-rendez-vous-store\/women-accessories-special-offer\/babaco-ribbed-socks-w-foil-print-bt6-grey-rendez-vous-store\/#primaryimage\"},\"thumbnailUrl\":\"https:\/\/rendez-vous-store.com\/app\/uploads\/2022\/10\/rdv_babaco_25-scaled.jpg\",\"datePublished\":\"2022-10-25T13:19:58+00:00\",\"dateModified\":\"2026-03-16T13:55:17+00:00\",\"description\":\"Babaco is on Rendez-vous Store. This Babaco Ribbed Socks W\/Foil Print BT6 Grey is very comfortable and adapts to your daily life.\",\"breadcrumb\":{\"@id\":\"https:\/\/rendez-vous-store.com\/shop\/special-offer-women-rendez-vous-store\/women-accessories-special-offer\/babaco-ribbed-socks-w-foil-print-bt6-grey-rendez-vous-store\/#breadcrumb\"},\"inLanguage\":\"fr-FR\",\"potentialAction\":[{\"@type\":\"ReadAction\",\"target\":[\"https:\/\/rendez-vous-store.com\/shop\/special-offer-women-rendez-vous-store\/women-accessories-special-offer\/babaco-ribbed-socks-w-foil-print-bt6-grey-rendez-vous-store\/\"]}]},{\"@type\":\"ImageObject\",\"inLanguage\":\"fr-FR\",\"@id\":\"https:\/\/rendez-vous-store.com\/shop\/special-offer-women-rendez-vous-store\/women-accessories-special-offer\/babaco-ribbed-socks-w-foil-print-bt6-grey-rendez-vous-store\/#primaryimage\",\"url\":\"https:\/\/rendez-vous-store.com\/app\/uploads\/2022\/10\/rdv_babaco_25-scaled.jpg\",\"contentUrl\":\"https:\/\/rendez-vous-store.com\/app\/uploads\/2022\/10\/rdv_babaco_25-scaled.jpg\",\"width\":1696,\"height\":2560},{\"@type\":\"BreadcrumbList\",\"@id\":\"https:\/\/rendez-vous-store.com\/shop\/special-offer-women-rendez-vous-store\/women-accessories-special-offer\/babaco-ribbed-socks-w-foil-print-bt6-grey-rendez-vous-store\/#breadcrumb\",\"itemListElement\":[{\"@type\":\"ListItem\",\"position\":1,\"name\":\"Home\",\"item\":\"https:\/\/rendez-vous-store.com\/\"},{\"@type\":\"ListItem\",\"position\":2,\"name\":\"Shop\",\"item\":\"https:\/\/www.rendez-vous-store.com\/shop\/\"},{\"@type\":\"ListItem\",\"position\":3,\"name\":\"Babaco &#8211; Ribbed Socks W\/Foil Print BT6 &#8211; Grey\"}]},{\"@type\":\"WebSite\",\"@id\":\"https:\/\/rendez-vous-store.com\/#website\",\"url\":\"https:\/\/rendez-vous-store.com\/\",\"name\":\"RENDEZ-VOUS STORE\",\"description\":\"Slow Fashion for Women and Men\",\"potentialAction\":[{\"@type\":\"SearchAction\",\"target\":{\"@type\":\"EntryPoint\",\"urlTemplate\":\"https:\/\/rendez-vous-store.com\/?s={search_term_string}\"},\"query-input\":{\"@type\":\"PropertyValueSpecification\",\"valueRequired\":true,\"valueName\":\"search_term_string\"}}],\"inLanguage\":\"fr-FR\"}]}<\/script>\n<!-- \/ Yoast SEO plugin. -->","yoast_head_json":{"title":"Babaco Ribbed Socks W\/Foil Print BT6 Grey","description":"Babaco is on Rendez-vous Store. This Babaco Ribbed Socks W\/Foil Print BT6 Grey is very comfortable and adapts to your daily life.","robots":{"index":"index","follow":"follow","max-snippet":"max-snippet:-1","max-image-preview":"max-image-preview:large","max-video-preview":"max-video-preview:-1"},"canonical":"https:\/\/rendez-vous-store.com\/fr\/shop\/special-offer-women-rendez-vous-store\/women-accessories-special-offer\/babaco-ribbed-socks-w-foil-print-bt6-grey-rendez-vous-store\/","og_locale":"fr_FR","og_type":"article","og_title":"Babaco Ribbed Socks W\/Foil Print BT6 Grey","og_description":"Babaco is on Rendez-vous Store. This Babaco Ribbed Socks W\/Foil Print BT6 Grey is very comfortable and adapts to your daily life.","og_url":"https:\/\/rendez-vous-store.com\/fr\/shop\/special-offer-women-rendez-vous-store\/women-accessories-special-offer\/babaco-ribbed-socks-w-foil-print-bt6-grey-rendez-vous-store\/","og_site_name":"RENDEZ-VOUS STORE","article_modified_time":"2026-03-16T13:55:17+00:00","og_image":[{"width":1696,"height":2560,"url":"https:\/\/rendez-vous-store.com\/app\/uploads\/2022\/10\/rdv_babaco_25-scaled.jpg","type":"image\/jpeg"}],"twitter_card":"summary_large_image","twitter_misc":{"Est. reading time":"1 minute"},"schema":{"@context":"https:\/\/schema.org","@graph":[{"@type":"WebPage","@id":"https:\/\/rendez-vous-store.com\/shop\/special-offer-women-rendez-vous-store\/women-accessories-special-offer\/babaco-ribbed-socks-w-foil-print-bt6-grey-rendez-vous-store\/","url":"https:\/\/rendez-vous-store.com\/shop\/special-offer-women-rendez-vous-store\/women-accessories-special-offer\/babaco-ribbed-socks-w-foil-print-bt6-grey-rendez-vous-store\/","name":"Babaco Ribbed Socks W\/Foil Print BT6 Grey","isPartOf":{"@id":"https:\/\/rendez-vous-store.com\/#website"},"primaryImageOfPage":{"@id":"https:\/\/rendez-vous-store.com\/shop\/special-offer-women-rendez-vous-store\/women-accessories-special-offer\/babaco-ribbed-socks-w-foil-print-bt6-grey-rendez-vous-store\/#primaryimage"},"image":{"@id":"https:\/\/rendez-vous-store.com\/shop\/special-offer-women-rendez-vous-store\/women-accessories-special-offer\/babaco-ribbed-socks-w-foil-print-bt6-grey-rendez-vous-store\/#primaryimage"},"thumbnailUrl":"https:\/\/rendez-vous-store.com\/app\/uploads\/2022\/10\/rdv_babaco_25-scaled.jpg","datePublished":"2022-10-25T13:19:58+00:00","dateModified":"2026-03-16T13:55:17+00:00","description":"Babaco is on Rendez-vous Store. This Babaco Ribbed Socks W\/Foil Print BT6 Grey is very comfortable and adapts to your daily life.","breadcrumb":{"@id":"https:\/\/rendez-vous-store.com\/shop\/special-offer-women-rendez-vous-store\/women-accessories-special-offer\/babaco-ribbed-socks-w-foil-print-bt6-grey-rendez-vous-store\/#breadcrumb"},"inLanguage":"fr-FR","potentialAction":[{"@type":"ReadAction","target":["https:\/\/rendez-vous-store.com\/shop\/special-offer-women-rendez-vous-store\/women-accessories-special-offer\/babaco-ribbed-socks-w-foil-print-bt6-grey-rendez-vous-store\/"]}]},{"@type":"ImageObject","inLanguage":"fr-FR","@id":"https:\/\/rendez-vous-store.com\/shop\/special-offer-women-rendez-vous-store\/women-accessories-special-offer\/babaco-ribbed-socks-w-foil-print-bt6-grey-rendez-vous-store\/#primaryimage","url":"https:\/\/rendez-vous-store.com\/app\/uploads\/2022\/10\/rdv_babaco_25-scaled.jpg","contentUrl":"https:\/\/rendez-vous-store.com\/app\/uploads\/2022\/10\/rdv_babaco_25-scaled.jpg","width":1696,"height":2560},{"@type":"BreadcrumbList","@id":"https:\/\/rendez-vous-store.com\/shop\/special-offer-women-rendez-vous-store\/women-accessories-special-offer\/babaco-ribbed-socks-w-foil-print-bt6-grey-rendez-vous-store\/#breadcrumb","itemListElement":[{"@type":"ListItem","position":1,"name":"Home","item":"https:\/\/rendez-vous-store.com\/"},{"@type":"ListItem","position":2,"name":"Shop","item":"https:\/\/www.rendez-vous-store.com\/shop\/"},{"@type":"ListItem","position":3,"name":"Babaco &#8211; Ribbed Socks W\/Foil Print BT6 &#8211; Grey"}]},{"@type":"WebSite","@id":"https:\/\/rendez-vous-store.com\/#website","url":"https:\/\/rendez-vous-store.com\/","name":"RENDEZ-VOUS STORE","description":"Slow Fashion for Women and Men","potentialAction":[{"@type":"SearchAction","target":{"@type":"EntryPoint","urlTemplate":"https:\/\/rendez-vous-store.com\/?s={search_term_string}"},"query-input":{"@type":"PropertyValueSpecification","valueRequired":true,"valueName":"search_term_string"}}],"inLanguage":"fr-FR"}]}},"_links":{"self":[{"href":"https:\/\/rendez-vous-store.com\/fr\/wp-json\/wp\/v2\/product\/94125","targetHints":{"allow":["GET"]}}],"collection":[{"href":"https:\/\/rendez-vous-store.com\/fr\/wp-json\/wp\/v2\/product"}],"about":[{"href":"https:\/\/rendez-vous-store.com\/fr\/wp-json\/wp\/v2\/types\/product"}],"wp:featuredmedia":[{"embeddable":true,"href":"https:\/\/rendez-vous-store.com\/fr\/wp-json\/wp\/v2\/media\/95732"}],"wp:attachment":[{"href":"https:\/\/rendez-vous-store.com\/fr\/wp-json\/wp\/v2\/media?parent=94125"}],"wp:term":[{"taxonomy":"product_brand","embeddable":true,"href":"https:\/\/rendez-vous-store.com\/fr\/wp-json\/wp\/v2\/product_brand?post=94125"},{"taxonomy":"product_cat","embeddable":true,"href":"https:\/\/rendez-vous-store.com\/fr\/wp-json\/wp\/v2\/product_cat?post=94125"},{"taxonomy":"product_tag","embeddable":true,"href":"https:\/\/rendez-vous-store.com\/fr\/wp-json\/wp\/v2\/product_tag?post=94125"}],"curies":[{"name":"wp","href":"https:\/\/api.w.org\/{rel}","templated":true}]}}