{"id":93102,"date":"2022-10-19T14:13:12","date_gmt":"2022-10-19T12:13:12","guid":{"rendered":"https:\/\/www.rendez-vous-store.com\/?post_type=product&#038;p=93102"},"modified":"2026-03-16T14:54:34","modified_gmt":"2026-03-16T13:54:34","slug":"guidi-front-zip-boots-pl1v-coffeemilk-rendez-vous-store","status":"publish","type":"product","link":"https:\/\/rendez-vous-store.com\/fr\/shop\/special-offer-women-rendez-vous-store\/women-shoes-special-offer\/guidi-front-zip-boots-pl1v-coffeemilk-rendez-vous-store\/","title":{"rendered":"GUIDI - Bottes zipp\u00e9es pour femmes PL1V - Coffee&amp;Milk"},"content":{"rendered":"<p><strong>GUIDI - Bottes zipp\u00e9es pour femmes PL1V - Caf\u00e9 et lait<\/strong><\/p>\n<p>Couleur : caf\u00e9 et lait<\/p>\n<p>Cuir<\/p>\n<p>Bout rond<\/p>\n<p>Fermeture \u00e0 glissi\u00e8re sur le devant<\/p>\n<p>Talon bas<\/p>\n<p>Composition : Ext\u00e9rieur : Cuir 100%<\/p>\n<p>Doublure : Cuir 100%<\/p>\n<p>Semelle : Cuir et caoutchouc<\/p>\n<p>Fabriqu\u00e9 en Italie<\/p>\n<p>&nbsp;<\/p>\n<p>&nbsp;<\/p>\n<p>&nbsp;<\/p>\n<p>&nbsp;<\/p>\n<p><strong>La marque\u00a0<\/strong><\/p>\n<p>La tannerie Conceria Guidi Rosellini a \u00e9t\u00e9 fond\u00e9e en 1896 par Guido Guidi. Son descendant direct, Ruggero Guidi, dirige actuellement la tannerie. Aujourd'hui, Ruggero consacre son temps et son \u00e9nergie \u00e0 trouver l'\u00e9quilibre parfait entre les technologies de pointe et le respect de son h\u00e9ritage de traditions et de comp\u00e9tences.<\/p>\n<p>La passion du cuir et le respect de la tradition sont au c\u0153ur du projet de collection de chaussures de Guidi. Il rejette la logique de la production de masse et se concentre plut\u00f4t sur sa propre recherche ind\u00e9pendante, allant au-del\u00e0 de toutes les tendances.<\/p>\n<p>Guidi fait le lien entre l'objet et son possesseur.<\/p>","protected":false},"excerpt":{"rendered":"<p>GUIDI &#8211; women Front Zip Boots PL1V &#8211; Coffee &amp; Milk Color: Coffee &amp; Milk Leather Round toe Front zip fastening Low block heel Composition: Outer: Leather 100% Lining: Leather 100% Sole: Leather and Rubber Made in Italy &nbsp; &nbsp; &nbsp; &nbsp; The brand\u00a0 The Conceria Guidi Rosellini tannery began in 1896, founded by Guido&hellip; <a class=\"more-link\" href=\"https:\/\/rendez-vous-store.com\/fr\/shop\/special-offer-women-rendez-vous-store\/women-shoes-special-offer\/guidi-front-zip-boots-pl1v-coffeemilk-rendez-vous-store\/\">Continuer la lecture <span class=\"screen-reader-text\">GUIDI - Bottes zipp\u00e9es pour femmes PL1V - Coffee&amp;Milk<\/span><\/a><\/p>","protected":false},"featured_media":95297,"template":"","meta":{"_acf_changed":false},"product_brand":[],"product_cat":[1292,1344,1335,17,293],"product_tag":[618],"class_list":{"0":"post-93102","1":"product","2":"type-product","3":"status-publish","4":"has-post-thumbnail","6":"product_cat-1292","7":"product_cat-women-shoes-special-offer","8":"product_cat-special-offer-women-rendez-vous-store","9":"product_cat-women","10":"product_cat-women-shoes-heels-discover-our-selection-rendez-vous-store","11":"product_tag-guidi","12":"entry","14":"first","15":"outofstock","16":"taxable","17":"shipping-taxable","18":"product-type-variable"},"acf":[],"yoast_head":"<!-- This site is optimized with the Yoast SEO plugin v24.9 - https:\/\/yoast.com\/wordpress\/plugins\/seo\/ -->\n<title>GUIDI women Front Zip Boots PL1V Coffee &amp; Milk<\/title>\n<meta name=\"description\" content=\"Guidi is on Rendez-vous Store. This GUIDI Women Front Zip Boots PL1V Coffee &amp; Milk represents italian craftman and high quality of the brand.\" \/>\n<meta name=\"robots\" content=\"index, follow, max-snippet:-1, max-image-preview:large, max-video-preview:-1\" \/>\n<link rel=\"canonical\" href=\"https:\/\/rendez-vous-store.com\/fr\/shop\/special-offer-women-rendez-vous-store\/women-shoes-special-offer\/guidi-front-zip-boots-pl1v-coffeemilk-rendez-vous-store\/\" \/>\n<meta property=\"og:locale\" content=\"fr_FR\" \/>\n<meta property=\"og:type\" content=\"article\" \/>\n<meta property=\"og:title\" content=\"GUIDI women Front Zip Boots PL1V Coffee &amp; Milk\" \/>\n<meta property=\"og:description\" content=\"Guidi is on Rendez-vous Store. This GUIDI Women Front Zip Boots PL1V Coffee &amp; Milk represents italian craftman and high quality of the brand.\" \/>\n<meta property=\"og:url\" content=\"https:\/\/rendez-vous-store.com\/fr\/shop\/special-offer-women-rendez-vous-store\/women-shoes-special-offer\/guidi-front-zip-boots-pl1v-coffeemilk-rendez-vous-store\/\" \/>\n<meta property=\"og:site_name\" content=\"RENDEZ-VOUS STORE\" \/>\n<meta property=\"article:modified_time\" content=\"2026-03-16T13:54:34+00:00\" \/>\n<meta property=\"og:image\" content=\"https:\/\/rendez-vous-store.com\/wp-content\/uploads\/2022\/10\/rdv_guidi_07-scaled.jpg\" \/>\n\t<meta property=\"og:image:width\" content=\"1696\" \/>\n\t<meta property=\"og:image:height\" content=\"2560\" \/>\n\t<meta property=\"og:image:type\" content=\"image\/jpeg\" \/>\n<meta name=\"twitter:card\" content=\"summary_large_image\" \/>\n<meta name=\"twitter:label1\" content=\"Est. reading time\" \/>\n\t<meta name=\"twitter:data1\" content=\"1 minute\" \/>\n<script type=\"application\/ld+json\" class=\"yoast-schema-graph\">{\"@context\":\"https:\/\/schema.org\",\"@graph\":[{\"@type\":\"WebPage\",\"@id\":\"https:\/\/rendez-vous-store.com\/shop\/special-offer-women-rendez-vous-store\/women-shoes-special-offer\/guidi-front-zip-boots-pl1v-coffeemilk-rendez-vous-store\/\",\"url\":\"https:\/\/rendez-vous-store.com\/shop\/special-offer-women-rendez-vous-store\/women-shoes-special-offer\/guidi-front-zip-boots-pl1v-coffeemilk-rendez-vous-store\/\",\"name\":\"GUIDI women Front Zip Boots PL1V Coffee & Milk\",\"isPartOf\":{\"@id\":\"https:\/\/rendez-vous-store.com\/#website\"},\"primaryImageOfPage\":{\"@id\":\"https:\/\/rendez-vous-store.com\/shop\/special-offer-women-rendez-vous-store\/women-shoes-special-offer\/guidi-front-zip-boots-pl1v-coffeemilk-rendez-vous-store\/#primaryimage\"},\"image\":{\"@id\":\"https:\/\/rendez-vous-store.com\/shop\/special-offer-women-rendez-vous-store\/women-shoes-special-offer\/guidi-front-zip-boots-pl1v-coffeemilk-rendez-vous-store\/#primaryimage\"},\"thumbnailUrl\":\"https:\/\/rendez-vous-store.com\/app\/uploads\/2022\/10\/rdv_guidi_07-scaled.jpg\",\"datePublished\":\"2022-10-19T12:13:12+00:00\",\"dateModified\":\"2026-03-16T13:54:34+00:00\",\"description\":\"Guidi is on Rendez-vous Store. This GUIDI Women Front Zip Boots PL1V Coffee & Milk represents italian craftman and high quality of the brand.\",\"breadcrumb\":{\"@id\":\"https:\/\/rendez-vous-store.com\/shop\/special-offer-women-rendez-vous-store\/women-shoes-special-offer\/guidi-front-zip-boots-pl1v-coffeemilk-rendez-vous-store\/#breadcrumb\"},\"inLanguage\":\"fr-FR\",\"potentialAction\":[{\"@type\":\"ReadAction\",\"target\":[\"https:\/\/rendez-vous-store.com\/shop\/special-offer-women-rendez-vous-store\/women-shoes-special-offer\/guidi-front-zip-boots-pl1v-coffeemilk-rendez-vous-store\/\"]}]},{\"@type\":\"ImageObject\",\"inLanguage\":\"fr-FR\",\"@id\":\"https:\/\/rendez-vous-store.com\/shop\/special-offer-women-rendez-vous-store\/women-shoes-special-offer\/guidi-front-zip-boots-pl1v-coffeemilk-rendez-vous-store\/#primaryimage\",\"url\":\"https:\/\/rendez-vous-store.com\/app\/uploads\/2022\/10\/rdv_guidi_07-scaled.jpg\",\"contentUrl\":\"https:\/\/rendez-vous-store.com\/app\/uploads\/2022\/10\/rdv_guidi_07-scaled.jpg\",\"width\":1696,\"height\":2560},{\"@type\":\"BreadcrumbList\",\"@id\":\"https:\/\/rendez-vous-store.com\/shop\/special-offer-women-rendez-vous-store\/women-shoes-special-offer\/guidi-front-zip-boots-pl1v-coffeemilk-rendez-vous-store\/#breadcrumb\",\"itemListElement\":[{\"@type\":\"ListItem\",\"position\":1,\"name\":\"Home\",\"item\":\"https:\/\/rendez-vous-store.com\/\"},{\"@type\":\"ListItem\",\"position\":2,\"name\":\"Shop\",\"item\":\"https:\/\/www.rendez-vous-store.com\/shop\/\"},{\"@type\":\"ListItem\",\"position\":3,\"name\":\"GUIDI &#8211; women Front Zip Boots PL1V &#8211; Coffee&amp;Milk\"}]},{\"@type\":\"WebSite\",\"@id\":\"https:\/\/rendez-vous-store.com\/#website\",\"url\":\"https:\/\/rendez-vous-store.com\/\",\"name\":\"RENDEZ-VOUS STORE\",\"description\":\"Slow Fashion for Women and Men\",\"potentialAction\":[{\"@type\":\"SearchAction\",\"target\":{\"@type\":\"EntryPoint\",\"urlTemplate\":\"https:\/\/rendez-vous-store.com\/?s={search_term_string}\"},\"query-input\":{\"@type\":\"PropertyValueSpecification\",\"valueRequired\":true,\"valueName\":\"search_term_string\"}}],\"inLanguage\":\"fr-FR\"}]}<\/script>\n<!-- \/ Yoast SEO plugin. -->","yoast_head_json":{"title":"GUIDI women Front Zip Boots PL1V Coffee & Milk","description":"Guidi is on Rendez-vous Store. This GUIDI Women Front Zip Boots PL1V Coffee & Milk represents italian craftman and high quality of the brand.","robots":{"index":"index","follow":"follow","max-snippet":"max-snippet:-1","max-image-preview":"max-image-preview:large","max-video-preview":"max-video-preview:-1"},"canonical":"https:\/\/rendez-vous-store.com\/fr\/shop\/special-offer-women-rendez-vous-store\/women-shoes-special-offer\/guidi-front-zip-boots-pl1v-coffeemilk-rendez-vous-store\/","og_locale":"fr_FR","og_type":"article","og_title":"GUIDI women Front Zip Boots PL1V Coffee & Milk","og_description":"Guidi is on Rendez-vous Store. This GUIDI Women Front Zip Boots PL1V Coffee & Milk represents italian craftman and high quality of the brand.","og_url":"https:\/\/rendez-vous-store.com\/fr\/shop\/special-offer-women-rendez-vous-store\/women-shoes-special-offer\/guidi-front-zip-boots-pl1v-coffeemilk-rendez-vous-store\/","og_site_name":"RENDEZ-VOUS STORE","article_modified_time":"2026-03-16T13:54:34+00:00","og_image":[{"width":1696,"height":2560,"url":"https:\/\/rendez-vous-store.com\/wp-content\/uploads\/2022\/10\/rdv_guidi_07-scaled.jpg","type":"image\/jpeg"}],"twitter_card":"summary_large_image","twitter_misc":{"Est. reading time":"1 minute"},"schema":{"@context":"https:\/\/schema.org","@graph":[{"@type":"WebPage","@id":"https:\/\/rendez-vous-store.com\/shop\/special-offer-women-rendez-vous-store\/women-shoes-special-offer\/guidi-front-zip-boots-pl1v-coffeemilk-rendez-vous-store\/","url":"https:\/\/rendez-vous-store.com\/shop\/special-offer-women-rendez-vous-store\/women-shoes-special-offer\/guidi-front-zip-boots-pl1v-coffeemilk-rendez-vous-store\/","name":"GUIDI women Front Zip Boots PL1V Coffee & Milk","isPartOf":{"@id":"https:\/\/rendez-vous-store.com\/#website"},"primaryImageOfPage":{"@id":"https:\/\/rendez-vous-store.com\/shop\/special-offer-women-rendez-vous-store\/women-shoes-special-offer\/guidi-front-zip-boots-pl1v-coffeemilk-rendez-vous-store\/#primaryimage"},"image":{"@id":"https:\/\/rendez-vous-store.com\/shop\/special-offer-women-rendez-vous-store\/women-shoes-special-offer\/guidi-front-zip-boots-pl1v-coffeemilk-rendez-vous-store\/#primaryimage"},"thumbnailUrl":"https:\/\/rendez-vous-store.com\/app\/uploads\/2022\/10\/rdv_guidi_07-scaled.jpg","datePublished":"2022-10-19T12:13:12+00:00","dateModified":"2026-03-16T13:54:34+00:00","description":"Guidi is on Rendez-vous Store. This GUIDI Women Front Zip Boots PL1V Coffee & Milk represents italian craftman and high quality of the brand.","breadcrumb":{"@id":"https:\/\/rendez-vous-store.com\/shop\/special-offer-women-rendez-vous-store\/women-shoes-special-offer\/guidi-front-zip-boots-pl1v-coffeemilk-rendez-vous-store\/#breadcrumb"},"inLanguage":"fr-FR","potentialAction":[{"@type":"ReadAction","target":["https:\/\/rendez-vous-store.com\/shop\/special-offer-women-rendez-vous-store\/women-shoes-special-offer\/guidi-front-zip-boots-pl1v-coffeemilk-rendez-vous-store\/"]}]},{"@type":"ImageObject","inLanguage":"fr-FR","@id":"https:\/\/rendez-vous-store.com\/shop\/special-offer-women-rendez-vous-store\/women-shoes-special-offer\/guidi-front-zip-boots-pl1v-coffeemilk-rendez-vous-store\/#primaryimage","url":"https:\/\/rendez-vous-store.com\/app\/uploads\/2022\/10\/rdv_guidi_07-scaled.jpg","contentUrl":"https:\/\/rendez-vous-store.com\/app\/uploads\/2022\/10\/rdv_guidi_07-scaled.jpg","width":1696,"height":2560},{"@type":"BreadcrumbList","@id":"https:\/\/rendez-vous-store.com\/shop\/special-offer-women-rendez-vous-store\/women-shoes-special-offer\/guidi-front-zip-boots-pl1v-coffeemilk-rendez-vous-store\/#breadcrumb","itemListElement":[{"@type":"ListItem","position":1,"name":"Home","item":"https:\/\/rendez-vous-store.com\/"},{"@type":"ListItem","position":2,"name":"Shop","item":"https:\/\/www.rendez-vous-store.com\/shop\/"},{"@type":"ListItem","position":3,"name":"GUIDI &#8211; women Front Zip Boots PL1V &#8211; Coffee&amp;Milk"}]},{"@type":"WebSite","@id":"https:\/\/rendez-vous-store.com\/#website","url":"https:\/\/rendez-vous-store.com\/","name":"RENDEZ-VOUS STORE","description":"Slow Fashion for Women and Men","potentialAction":[{"@type":"SearchAction","target":{"@type":"EntryPoint","urlTemplate":"https:\/\/rendez-vous-store.com\/?s={search_term_string}"},"query-input":{"@type":"PropertyValueSpecification","valueRequired":true,"valueName":"search_term_string"}}],"inLanguage":"fr-FR"}]}},"_links":{"self":[{"href":"https:\/\/rendez-vous-store.com\/fr\/wp-json\/wp\/v2\/product\/93102","targetHints":{"allow":["GET"]}}],"collection":[{"href":"https:\/\/rendez-vous-store.com\/fr\/wp-json\/wp\/v2\/product"}],"about":[{"href":"https:\/\/rendez-vous-store.com\/fr\/wp-json\/wp\/v2\/types\/product"}],"wp:featuredmedia":[{"embeddable":true,"href":"https:\/\/rendez-vous-store.com\/fr\/wp-json\/wp\/v2\/media\/95297"}],"wp:attachment":[{"href":"https:\/\/rendez-vous-store.com\/fr\/wp-json\/wp\/v2\/media?parent=93102"}],"wp:term":[{"taxonomy":"product_brand","embeddable":true,"href":"https:\/\/rendez-vous-store.com\/fr\/wp-json\/wp\/v2\/product_brand?post=93102"},{"taxonomy":"product_cat","embeddable":true,"href":"https:\/\/rendez-vous-store.com\/fr\/wp-json\/wp\/v2\/product_cat?post=93102"},{"taxonomy":"product_tag","embeddable":true,"href":"https:\/\/rendez-vous-store.com\/fr\/wp-json\/wp\/v2\/product_tag?post=93102"}],"curies":[{"name":"wp","href":"https:\/\/api.w.org\/{rel}","templated":true}]}}