{"id":84514,"date":"2022-09-13T12:56:24","date_gmt":"2022-09-13T10:56:24","guid":{"rendered":"https:\/\/www.rendez-vous-store.com\/?post_type=product&#038;p=84514"},"modified":"2026-03-16T14:47:22","modified_gmt":"2026-03-16T13:47:22","slug":"moonstar-canvas-upper-with-rubber-sole-grege","status":"publish","type":"product","link":"https:\/\/rendez-vous-store.com\/fr\/shop\/last-pieces-men\/last-pieces-men-shoes-rendez-vous-store\/moonstar-canvas-upper-with-rubber-sole-grege\/","title":{"rendered":"Moonstar \u2013 Dessus en toile pour homme avec semelle en caoutchouc \u2013 Beige gr\u00e8ge"},"content":{"rendered":"<ul>\n<li>Chaussures de Moonstar<\/li>\n<li class=\"css-anktol\">Couleur : Grege<\/li>\n<li>Mod\u00e8le m\u00e9t\u00e9orologique recouvert de caoutchouc sur la majeure partie de la toile sup\u00e9rieure<\/li>\n<li class=\"css-anktol\">Lacets tiss\u00e9s<\/li>\n<li class=\"css-anktol\">Oeillets argent\u00e9s<\/li>\n<li class=\"css-anktol\">Semelle ext\u00e9rieure en caoutchouc<\/li>\n<li>Composition : Toile 100%<\/li>\n<li>Fabriqu\u00e9 au Japon<\/li>\n<\/ul>","protected":false},"excerpt":{"rendered":"<p>Shoes from Moonstar Color: Grege Weather model covered by rubber on most of canvas upper Woven laces Silver eyelets Rubber outsole Composition: 100% Canvas Made in Japan<\/p>","protected":false},"featured_media":90121,"template":"","meta":{"_acf_changed":false},"product_brand":[],"product_cat":[1137,1166,1157],"product_tag":[],"class_list":{"0":"post-84514","1":"product","2":"type-product","3":"status-publish","4":"has-post-thumbnail","6":"product_cat-last-pieces-men","7":"product_cat-1166","8":"product_cat-last-pieces-men-shoes-rendez-vous-store","9":"entry","11":"first","12":"outofstock","13":"taxable","14":"shipping-taxable","15":"product-type-variable"},"acf":[],"yoast_head":"<!-- This site is optimized with the Yoast SEO plugin v24.9 - https:\/\/yoast.com\/wordpress\/plugins\/seo\/ -->\n<title>Moonstar - MEN Canvas Upper With Rubber Sole - Grege - RENDEZ-VOUS STORE<\/title>\n<meta name=\"robots\" content=\"index, follow, max-snippet:-1, max-image-preview:large, max-video-preview:-1\" \/>\n<link rel=\"canonical\" href=\"https:\/\/rendez-vous-store.com\/fr\/shop\/last-pieces-men\/last-pieces-men-shoes-rendez-vous-store\/moonstar-canvas-upper-with-rubber-sole-grege\/\" \/>\n<meta property=\"og:locale\" content=\"fr_FR\" \/>\n<meta property=\"og:type\" content=\"article\" \/>\n<meta property=\"og:title\" content=\"Moonstar - MEN Canvas Upper With Rubber Sole - Grege - RENDEZ-VOUS STORE\" \/>\n<meta property=\"og:description\" content=\"Shoes from Moonstar Color: Grege Weather model covered by rubber on most of canvas upper Woven laces Silver eyelets Rubber outsole Composition: 100% Canvas Made in Japan\" \/>\n<meta property=\"og:url\" content=\"https:\/\/rendez-vous-store.com\/fr\/shop\/last-pieces-men\/last-pieces-men-shoes-rendez-vous-store\/moonstar-canvas-upper-with-rubber-sole-grege\/\" \/>\n<meta property=\"og:site_name\" content=\"RENDEZ-VOUS STORE\" \/>\n<meta property=\"article:modified_time\" content=\"2026-03-16T13:47:22+00:00\" \/>\n<meta property=\"og:image\" content=\"https:\/\/rendez-vous-store.com\/wp-content\/uploads\/2022\/09\/rdvstore_35-2-scaled.jpg\" \/>\n\t<meta property=\"og:image:width\" content=\"1696\" \/>\n\t<meta property=\"og:image:height\" content=\"2560\" \/>\n\t<meta property=\"og:image:type\" content=\"image\/jpeg\" \/>\n<meta name=\"twitter:card\" content=\"summary_large_image\" \/>\n<script type=\"application\/ld+json\" class=\"yoast-schema-graph\">{\"@context\":\"https:\/\/schema.org\",\"@graph\":[{\"@type\":\"WebPage\",\"@id\":\"https:\/\/rendez-vous-store.com\/shop\/last-pieces-men\/last-pieces-men-shoes-rendez-vous-store\/moonstar-canvas-upper-with-rubber-sole-grege\/\",\"url\":\"https:\/\/rendez-vous-store.com\/shop\/last-pieces-men\/last-pieces-men-shoes-rendez-vous-store\/moonstar-canvas-upper-with-rubber-sole-grege\/\",\"name\":\"Moonstar - MEN Canvas Upper With Rubber Sole - Grege - RENDEZ-VOUS STORE\",\"isPartOf\":{\"@id\":\"https:\/\/rendez-vous-store.com\/#website\"},\"primaryImageOfPage\":{\"@id\":\"https:\/\/rendez-vous-store.com\/shop\/last-pieces-men\/last-pieces-men-shoes-rendez-vous-store\/moonstar-canvas-upper-with-rubber-sole-grege\/#primaryimage\"},\"image\":{\"@id\":\"https:\/\/rendez-vous-store.com\/shop\/last-pieces-men\/last-pieces-men-shoes-rendez-vous-store\/moonstar-canvas-upper-with-rubber-sole-grege\/#primaryimage\"},\"thumbnailUrl\":\"https:\/\/rendez-vous-store.com\/app\/uploads\/2022\/09\/rdvstore_35-2-scaled.jpg\",\"datePublished\":\"2022-09-13T10:56:24+00:00\",\"dateModified\":\"2026-03-16T13:47:22+00:00\",\"breadcrumb\":{\"@id\":\"https:\/\/rendez-vous-store.com\/shop\/last-pieces-men\/last-pieces-men-shoes-rendez-vous-store\/moonstar-canvas-upper-with-rubber-sole-grege\/#breadcrumb\"},\"inLanguage\":\"fr-FR\",\"potentialAction\":[{\"@type\":\"ReadAction\",\"target\":[\"https:\/\/rendez-vous-store.com\/shop\/last-pieces-men\/last-pieces-men-shoes-rendez-vous-store\/moonstar-canvas-upper-with-rubber-sole-grege\/\"]}]},{\"@type\":\"ImageObject\",\"inLanguage\":\"fr-FR\",\"@id\":\"https:\/\/rendez-vous-store.com\/shop\/last-pieces-men\/last-pieces-men-shoes-rendez-vous-store\/moonstar-canvas-upper-with-rubber-sole-grege\/#primaryimage\",\"url\":\"https:\/\/rendez-vous-store.com\/app\/uploads\/2022\/09\/rdvstore_35-2-scaled.jpg\",\"contentUrl\":\"https:\/\/rendez-vous-store.com\/app\/uploads\/2022\/09\/rdvstore_35-2-scaled.jpg\",\"width\":1696,\"height\":2560},{\"@type\":\"BreadcrumbList\",\"@id\":\"https:\/\/rendez-vous-store.com\/shop\/last-pieces-men\/last-pieces-men-shoes-rendez-vous-store\/moonstar-canvas-upper-with-rubber-sole-grege\/#breadcrumb\",\"itemListElement\":[{\"@type\":\"ListItem\",\"position\":1,\"name\":\"Home\",\"item\":\"https:\/\/rendez-vous-store.com\/\"},{\"@type\":\"ListItem\",\"position\":2,\"name\":\"Shop\",\"item\":\"https:\/\/www.rendez-vous-store.com\/shop\/\"},{\"@type\":\"ListItem\",\"position\":3,\"name\":\"Moonstar &#8211; MEN Canvas Upper With Rubber Sole &#8211; Grege\"}]},{\"@type\":\"WebSite\",\"@id\":\"https:\/\/rendez-vous-store.com\/#website\",\"url\":\"https:\/\/rendez-vous-store.com\/\",\"name\":\"RENDEZ-VOUS STORE\",\"description\":\"Slow Fashion for Women and Men\",\"potentialAction\":[{\"@type\":\"SearchAction\",\"target\":{\"@type\":\"EntryPoint\",\"urlTemplate\":\"https:\/\/rendez-vous-store.com\/?s={search_term_string}\"},\"query-input\":{\"@type\":\"PropertyValueSpecification\",\"valueRequired\":true,\"valueName\":\"search_term_string\"}}],\"inLanguage\":\"fr-FR\"}]}<\/script>\n<!-- \/ Yoast SEO plugin. -->","yoast_head_json":{"title":"Moonstar - MEN Canvas Upper With Rubber Sole - Grege - RENDEZ-VOUS STORE","robots":{"index":"index","follow":"follow","max-snippet":"max-snippet:-1","max-image-preview":"max-image-preview:large","max-video-preview":"max-video-preview:-1"},"canonical":"https:\/\/rendez-vous-store.com\/fr\/shop\/last-pieces-men\/last-pieces-men-shoes-rendez-vous-store\/moonstar-canvas-upper-with-rubber-sole-grege\/","og_locale":"fr_FR","og_type":"article","og_title":"Moonstar - MEN Canvas Upper With Rubber Sole - Grege - RENDEZ-VOUS STORE","og_description":"Shoes from Moonstar Color: Grege Weather model covered by rubber on most of canvas upper Woven laces Silver eyelets Rubber outsole Composition: 100% Canvas Made in Japan","og_url":"https:\/\/rendez-vous-store.com\/fr\/shop\/last-pieces-men\/last-pieces-men-shoes-rendez-vous-store\/moonstar-canvas-upper-with-rubber-sole-grege\/","og_site_name":"RENDEZ-VOUS STORE","article_modified_time":"2026-03-16T13:47:22+00:00","og_image":[{"width":1696,"height":2560,"url":"https:\/\/rendez-vous-store.com\/wp-content\/uploads\/2022\/09\/rdvstore_35-2-scaled.jpg","type":"image\/jpeg"}],"twitter_card":"summary_large_image","schema":{"@context":"https:\/\/schema.org","@graph":[{"@type":"WebPage","@id":"https:\/\/rendez-vous-store.com\/shop\/last-pieces-men\/last-pieces-men-shoes-rendez-vous-store\/moonstar-canvas-upper-with-rubber-sole-grege\/","url":"https:\/\/rendez-vous-store.com\/shop\/last-pieces-men\/last-pieces-men-shoes-rendez-vous-store\/moonstar-canvas-upper-with-rubber-sole-grege\/","name":"Moonstar - MEN Canvas Upper With Rubber Sole - Grege - RENDEZ-VOUS STORE","isPartOf":{"@id":"https:\/\/rendez-vous-store.com\/#website"},"primaryImageOfPage":{"@id":"https:\/\/rendez-vous-store.com\/shop\/last-pieces-men\/last-pieces-men-shoes-rendez-vous-store\/moonstar-canvas-upper-with-rubber-sole-grege\/#primaryimage"},"image":{"@id":"https:\/\/rendez-vous-store.com\/shop\/last-pieces-men\/last-pieces-men-shoes-rendez-vous-store\/moonstar-canvas-upper-with-rubber-sole-grege\/#primaryimage"},"thumbnailUrl":"https:\/\/rendez-vous-store.com\/app\/uploads\/2022\/09\/rdvstore_35-2-scaled.jpg","datePublished":"2022-09-13T10:56:24+00:00","dateModified":"2026-03-16T13:47:22+00:00","breadcrumb":{"@id":"https:\/\/rendez-vous-store.com\/shop\/last-pieces-men\/last-pieces-men-shoes-rendez-vous-store\/moonstar-canvas-upper-with-rubber-sole-grege\/#breadcrumb"},"inLanguage":"fr-FR","potentialAction":[{"@type":"ReadAction","target":["https:\/\/rendez-vous-store.com\/shop\/last-pieces-men\/last-pieces-men-shoes-rendez-vous-store\/moonstar-canvas-upper-with-rubber-sole-grege\/"]}]},{"@type":"ImageObject","inLanguage":"fr-FR","@id":"https:\/\/rendez-vous-store.com\/shop\/last-pieces-men\/last-pieces-men-shoes-rendez-vous-store\/moonstar-canvas-upper-with-rubber-sole-grege\/#primaryimage","url":"https:\/\/rendez-vous-store.com\/app\/uploads\/2022\/09\/rdvstore_35-2-scaled.jpg","contentUrl":"https:\/\/rendez-vous-store.com\/app\/uploads\/2022\/09\/rdvstore_35-2-scaled.jpg","width":1696,"height":2560},{"@type":"BreadcrumbList","@id":"https:\/\/rendez-vous-store.com\/shop\/last-pieces-men\/last-pieces-men-shoes-rendez-vous-store\/moonstar-canvas-upper-with-rubber-sole-grege\/#breadcrumb","itemListElement":[{"@type":"ListItem","position":1,"name":"Home","item":"https:\/\/rendez-vous-store.com\/"},{"@type":"ListItem","position":2,"name":"Shop","item":"https:\/\/www.rendez-vous-store.com\/shop\/"},{"@type":"ListItem","position":3,"name":"Moonstar &#8211; MEN Canvas Upper With Rubber Sole &#8211; Grege"}]},{"@type":"WebSite","@id":"https:\/\/rendez-vous-store.com\/#website","url":"https:\/\/rendez-vous-store.com\/","name":"RENDEZ-VOUS STORE","description":"Slow Fashion for Women and Men","potentialAction":[{"@type":"SearchAction","target":{"@type":"EntryPoint","urlTemplate":"https:\/\/rendez-vous-store.com\/?s={search_term_string}"},"query-input":{"@type":"PropertyValueSpecification","valueRequired":true,"valueName":"search_term_string"}}],"inLanguage":"fr-FR"}]}},"_links":{"self":[{"href":"https:\/\/rendez-vous-store.com\/fr\/wp-json\/wp\/v2\/product\/84514","targetHints":{"allow":["GET"]}}],"collection":[{"href":"https:\/\/rendez-vous-store.com\/fr\/wp-json\/wp\/v2\/product"}],"about":[{"href":"https:\/\/rendez-vous-store.com\/fr\/wp-json\/wp\/v2\/types\/product"}],"wp:featuredmedia":[{"embeddable":true,"href":"https:\/\/rendez-vous-store.com\/fr\/wp-json\/wp\/v2\/media\/90121"}],"wp:attachment":[{"href":"https:\/\/rendez-vous-store.com\/fr\/wp-json\/wp\/v2\/media?parent=84514"}],"wp:term":[{"taxonomy":"product_brand","embeddable":true,"href":"https:\/\/rendez-vous-store.com\/fr\/wp-json\/wp\/v2\/product_brand?post=84514"},{"taxonomy":"product_cat","embeddable":true,"href":"https:\/\/rendez-vous-store.com\/fr\/wp-json\/wp\/v2\/product_cat?post=84514"},{"taxonomy":"product_tag","embeddable":true,"href":"https:\/\/rendez-vous-store.com\/fr\/wp-json\/wp\/v2\/product_tag?post=84514"}],"curies":[{"name":"wp","href":"https:\/\/api.w.org\/{rel}","templated":true}]}}