{"id":77814,"date":"2022-08-08T17:28:12","date_gmt":"2022-08-08T15:28:12","guid":{"rendered":"https:\/\/www.rendez-vous-store.com\/?post_type=product&#038;p=77814"},"modified":"2026-03-16T16:21:21","modified_gmt":"2026-03-16T15:21:21","slug":"vetra-khaki-pants-1h97-264-36-rendez-vous-store","status":"publish","type":"product","link":"https:\/\/rendez-vous-store.com\/fr\/shop\/last-pieces-men\/last-pieces-men-trousers-shorts-rendez-vous-store\/vetra-khaki-pants-1h97-264-36-rendez-vous-store\/","title":{"rendered":"PANTALON VETRA KHAKI 1H97\/264 36"},"content":{"rendered":"<p><strong>PANTALON VETRA KHAKI 1H97\/264 36<\/strong><\/p>\n<p>Couleur : Kaki<\/p>\n<p>Fermeture par bouton<\/p>\n<p>Passant de ceinture<\/p>\n<p>Poches sur les coutures lat\u00e9rales<\/p>\n<p>Une poche arri\u00e8re avec bouton<\/p>\n<p>Fabriqu\u00e9 en France<\/p>\n<p>&nbsp;<\/p>\n<p>&nbsp;<\/p>\n<p><strong>La marque<\/strong><\/p>\n<p>Vetra, la v\u00e9ritable tenue de travail fran\u00e7aise, s'inspire de l'histoire de la marque, fond\u00e9e par \u00c9douard Beeren en 1927 \u00e0 Paris, qui \u00e9tait autrefois une marque de v\u00eatements de travail et est maintenant connue pour sa fa\u00e7on de revisiter les anciens v\u00eatements de travail.<\/p>","protected":false},"excerpt":{"rendered":"<p>VETRA KHAKI PANTS 1H97\/264 36 Color: Khaki Button closure Belt loop Side seam pockets One back pocket with button Made in France &nbsp; &nbsp; The brand Vetra, the genuine French workwear, getting inspired by the brand&#8217;s background, founded by Edouard Beeren in 1927 in Paris, who was formerly a brand of work clothing and is&hellip; <a class=\"more-link\" href=\"https:\/\/rendez-vous-store.com\/fr\/shop\/last-pieces-men\/last-pieces-men-trousers-shorts-rendez-vous-store\/vetra-khaki-pants-1h97-264-36-rendez-vous-store\/\">Continuer la lecture <span class=\"screen-reader-text\">PANTALON VETRA KHAKI 1H97\/264 36<\/span><\/a><\/p>","protected":false},"featured_media":204831,"template":"","meta":{"_acf_changed":false},"product_brand":[],"product_cat":[1137,1165,1154],"product_tag":[],"class_list":{"0":"post-77814","1":"product","2":"type-product","3":"status-publish","4":"has-post-thumbnail","6":"product_cat-last-pieces-men","7":"product_cat-40-last-pieces-men","8":"product_cat-last-pieces-men-trousers-shorts-rendez-vous-store","9":"entry","11":"first","12":"outofstock","13":"taxable","14":"shipping-taxable","15":"product-type-variable"},"acf":[],"yoast_head":"<!-- This site is optimized with the Yoast SEO plugin v24.9 - https:\/\/yoast.com\/wordpress\/plugins\/seo\/ -->\n<title>VETRA KHAKI PANTS 1H97\/264 36<\/title>\n<meta name=\"description\" content=\"Vetra is on Rendez-vous Store. This VETRA KHAKI PANTS 1H97\/264 36 is perfect for optimizing your work looks thanks to its cut. Discover now.\" \/>\n<meta name=\"robots\" content=\"index, follow, max-snippet:-1, max-image-preview:large, max-video-preview:-1\" \/>\n<link rel=\"canonical\" href=\"https:\/\/rendez-vous-store.com\/fr\/shop\/last-pieces-men\/last-pieces-men-trousers-shorts-rendez-vous-store\/vetra-khaki-pants-1h97-264-36-rendez-vous-store\/\" \/>\n<meta property=\"og:locale\" content=\"fr_FR\" \/>\n<meta property=\"og:type\" content=\"article\" \/>\n<meta property=\"og:title\" content=\"VETRA KHAKI PANTS 1H97\/264 36\" \/>\n<meta property=\"og:description\" content=\"Vetra is on Rendez-vous Store. This VETRA KHAKI PANTS 1H97\/264 36 is perfect for optimizing your work looks thanks to its cut. Discover now.\" \/>\n<meta property=\"og:url\" content=\"https:\/\/rendez-vous-store.com\/fr\/shop\/last-pieces-men\/last-pieces-men-trousers-shorts-rendez-vous-store\/vetra-khaki-pants-1h97-264-36-rendez-vous-store\/\" \/>\n<meta property=\"og:site_name\" content=\"RENDEZ-VOUS STORE\" \/>\n<meta property=\"article:modified_time\" content=\"2026-03-16T15:21:21+00:00\" \/>\n<meta property=\"og:image\" content=\"https:\/\/rendez-vous-store.com\/app\/uploads\/2022\/08\/rdv_99-3-scaled.webp\" \/>\n\t<meta property=\"og:image:width\" content=\"1696\" \/>\n\t<meta property=\"og:image:height\" content=\"2560\" \/>\n\t<meta property=\"og:image:type\" content=\"image\/webp\" \/>\n<meta name=\"twitter:card\" content=\"summary_large_image\" \/>\n<meta name=\"twitter:label1\" content=\"Est. reading time\" \/>\n\t<meta name=\"twitter:data1\" content=\"1 minute\" \/>\n<script type=\"application\/ld+json\" class=\"yoast-schema-graph\">{\"@context\":\"https:\/\/schema.org\",\"@graph\":[{\"@type\":\"WebPage\",\"@id\":\"https:\/\/rendez-vous-store.com\/shop\/last-pieces-men\/last-pieces-men-trousers-shorts-rendez-vous-store\/vetra-khaki-pants-1h97-264-36-rendez-vous-store\/\",\"url\":\"https:\/\/rendez-vous-store.com\/shop\/last-pieces-men\/last-pieces-men-trousers-shorts-rendez-vous-store\/vetra-khaki-pants-1h97-264-36-rendez-vous-store\/\",\"name\":\"VETRA KHAKI PANTS 1H97\/264 36\",\"isPartOf\":{\"@id\":\"https:\/\/rendez-vous-store.com\/#website\"},\"primaryImageOfPage\":{\"@id\":\"https:\/\/rendez-vous-store.com\/shop\/last-pieces-men\/last-pieces-men-trousers-shorts-rendez-vous-store\/vetra-khaki-pants-1h97-264-36-rendez-vous-store\/#primaryimage\"},\"image\":{\"@id\":\"https:\/\/rendez-vous-store.com\/shop\/last-pieces-men\/last-pieces-men-trousers-shorts-rendez-vous-store\/vetra-khaki-pants-1h97-264-36-rendez-vous-store\/#primaryimage\"},\"thumbnailUrl\":\"https:\/\/rendez-vous-store.com\/app\/uploads\/2022\/08\/rdv_99-3-scaled.webp\",\"datePublished\":\"2022-08-08T15:28:12+00:00\",\"dateModified\":\"2026-03-16T15:21:21+00:00\",\"description\":\"Vetra is on Rendez-vous Store. This VETRA KHAKI PANTS 1H97\/264 36 is perfect for optimizing your work looks thanks to its cut. Discover now.\",\"breadcrumb\":{\"@id\":\"https:\/\/rendez-vous-store.com\/shop\/last-pieces-men\/last-pieces-men-trousers-shorts-rendez-vous-store\/vetra-khaki-pants-1h97-264-36-rendez-vous-store\/#breadcrumb\"},\"inLanguage\":\"fr-FR\",\"potentialAction\":[{\"@type\":\"ReadAction\",\"target\":[\"https:\/\/rendez-vous-store.com\/shop\/last-pieces-men\/last-pieces-men-trousers-shorts-rendez-vous-store\/vetra-khaki-pants-1h97-264-36-rendez-vous-store\/\"]}]},{\"@type\":\"ImageObject\",\"inLanguage\":\"fr-FR\",\"@id\":\"https:\/\/rendez-vous-store.com\/shop\/last-pieces-men\/last-pieces-men-trousers-shorts-rendez-vous-store\/vetra-khaki-pants-1h97-264-36-rendez-vous-store\/#primaryimage\",\"url\":\"https:\/\/rendez-vous-store.com\/app\/uploads\/2022\/08\/rdv_99-3-scaled.webp\",\"contentUrl\":\"https:\/\/rendez-vous-store.com\/app\/uploads\/2022\/08\/rdv_99-3-scaled.webp\",\"width\":1696,\"height\":2560},{\"@type\":\"BreadcrumbList\",\"@id\":\"https:\/\/rendez-vous-store.com\/shop\/last-pieces-men\/last-pieces-men-trousers-shorts-rendez-vous-store\/vetra-khaki-pants-1h97-264-36-rendez-vous-store\/#breadcrumb\",\"itemListElement\":[{\"@type\":\"ListItem\",\"position\":1,\"name\":\"Home\",\"item\":\"https:\/\/rendez-vous-store.com\/\"},{\"@type\":\"ListItem\",\"position\":2,\"name\":\"Shop\",\"item\":\"https:\/\/www.rendez-vous-store.com\/shop\/\"},{\"@type\":\"ListItem\",\"position\":3,\"name\":\"VETRA KHAKI PANTS 1H97\/264 36\"}]},{\"@type\":\"WebSite\",\"@id\":\"https:\/\/rendez-vous-store.com\/#website\",\"url\":\"https:\/\/rendez-vous-store.com\/\",\"name\":\"RENDEZ-VOUS STORE\",\"description\":\"Slow Fashion for Women and Men\",\"potentialAction\":[{\"@type\":\"SearchAction\",\"target\":{\"@type\":\"EntryPoint\",\"urlTemplate\":\"https:\/\/rendez-vous-store.com\/?s={search_term_string}\"},\"query-input\":{\"@type\":\"PropertyValueSpecification\",\"valueRequired\":true,\"valueName\":\"search_term_string\"}}],\"inLanguage\":\"fr-FR\"}]}<\/script>\n<!-- \/ Yoast SEO plugin. -->","yoast_head_json":{"title":"VETRA KHAKI PANTS 1H97\/264 36","description":"Vetra is on Rendez-vous Store. This VETRA KHAKI PANTS 1H97\/264 36 is perfect for optimizing your work looks thanks to its cut. Discover now.","robots":{"index":"index","follow":"follow","max-snippet":"max-snippet:-1","max-image-preview":"max-image-preview:large","max-video-preview":"max-video-preview:-1"},"canonical":"https:\/\/rendez-vous-store.com\/fr\/shop\/last-pieces-men\/last-pieces-men-trousers-shorts-rendez-vous-store\/vetra-khaki-pants-1h97-264-36-rendez-vous-store\/","og_locale":"fr_FR","og_type":"article","og_title":"VETRA KHAKI PANTS 1H97\/264 36","og_description":"Vetra is on Rendez-vous Store. This VETRA KHAKI PANTS 1H97\/264 36 is perfect for optimizing your work looks thanks to its cut. Discover now.","og_url":"https:\/\/rendez-vous-store.com\/fr\/shop\/last-pieces-men\/last-pieces-men-trousers-shorts-rendez-vous-store\/vetra-khaki-pants-1h97-264-36-rendez-vous-store\/","og_site_name":"RENDEZ-VOUS STORE","article_modified_time":"2026-03-16T15:21:21+00:00","og_image":[{"width":1696,"height":2560,"url":"https:\/\/rendez-vous-store.com\/app\/uploads\/2022\/08\/rdv_99-3-scaled.webp","type":"image\/webp"}],"twitter_card":"summary_large_image","twitter_misc":{"Est. reading time":"1 minute"},"schema":{"@context":"https:\/\/schema.org","@graph":[{"@type":"WebPage","@id":"https:\/\/rendez-vous-store.com\/shop\/last-pieces-men\/last-pieces-men-trousers-shorts-rendez-vous-store\/vetra-khaki-pants-1h97-264-36-rendez-vous-store\/","url":"https:\/\/rendez-vous-store.com\/shop\/last-pieces-men\/last-pieces-men-trousers-shorts-rendez-vous-store\/vetra-khaki-pants-1h97-264-36-rendez-vous-store\/","name":"VETRA KHAKI PANTS 1H97\/264 36","isPartOf":{"@id":"https:\/\/rendez-vous-store.com\/#website"},"primaryImageOfPage":{"@id":"https:\/\/rendez-vous-store.com\/shop\/last-pieces-men\/last-pieces-men-trousers-shorts-rendez-vous-store\/vetra-khaki-pants-1h97-264-36-rendez-vous-store\/#primaryimage"},"image":{"@id":"https:\/\/rendez-vous-store.com\/shop\/last-pieces-men\/last-pieces-men-trousers-shorts-rendez-vous-store\/vetra-khaki-pants-1h97-264-36-rendez-vous-store\/#primaryimage"},"thumbnailUrl":"https:\/\/rendez-vous-store.com\/app\/uploads\/2022\/08\/rdv_99-3-scaled.webp","datePublished":"2022-08-08T15:28:12+00:00","dateModified":"2026-03-16T15:21:21+00:00","description":"Vetra is on Rendez-vous Store. This VETRA KHAKI PANTS 1H97\/264 36 is perfect for optimizing your work looks thanks to its cut. Discover now.","breadcrumb":{"@id":"https:\/\/rendez-vous-store.com\/shop\/last-pieces-men\/last-pieces-men-trousers-shorts-rendez-vous-store\/vetra-khaki-pants-1h97-264-36-rendez-vous-store\/#breadcrumb"},"inLanguage":"fr-FR","potentialAction":[{"@type":"ReadAction","target":["https:\/\/rendez-vous-store.com\/shop\/last-pieces-men\/last-pieces-men-trousers-shorts-rendez-vous-store\/vetra-khaki-pants-1h97-264-36-rendez-vous-store\/"]}]},{"@type":"ImageObject","inLanguage":"fr-FR","@id":"https:\/\/rendez-vous-store.com\/shop\/last-pieces-men\/last-pieces-men-trousers-shorts-rendez-vous-store\/vetra-khaki-pants-1h97-264-36-rendez-vous-store\/#primaryimage","url":"https:\/\/rendez-vous-store.com\/app\/uploads\/2022\/08\/rdv_99-3-scaled.webp","contentUrl":"https:\/\/rendez-vous-store.com\/app\/uploads\/2022\/08\/rdv_99-3-scaled.webp","width":1696,"height":2560},{"@type":"BreadcrumbList","@id":"https:\/\/rendez-vous-store.com\/shop\/last-pieces-men\/last-pieces-men-trousers-shorts-rendez-vous-store\/vetra-khaki-pants-1h97-264-36-rendez-vous-store\/#breadcrumb","itemListElement":[{"@type":"ListItem","position":1,"name":"Home","item":"https:\/\/rendez-vous-store.com\/"},{"@type":"ListItem","position":2,"name":"Shop","item":"https:\/\/www.rendez-vous-store.com\/shop\/"},{"@type":"ListItem","position":3,"name":"VETRA KHAKI PANTS 1H97\/264 36"}]},{"@type":"WebSite","@id":"https:\/\/rendez-vous-store.com\/#website","url":"https:\/\/rendez-vous-store.com\/","name":"RENDEZ-VOUS STORE","description":"Slow Fashion for Women and Men","potentialAction":[{"@type":"SearchAction","target":{"@type":"EntryPoint","urlTemplate":"https:\/\/rendez-vous-store.com\/?s={search_term_string}"},"query-input":{"@type":"PropertyValueSpecification","valueRequired":true,"valueName":"search_term_string"}}],"inLanguage":"fr-FR"}]}},"_links":{"self":[{"href":"https:\/\/rendez-vous-store.com\/fr\/wp-json\/wp\/v2\/product\/77814","targetHints":{"allow":["GET"]}}],"collection":[{"href":"https:\/\/rendez-vous-store.com\/fr\/wp-json\/wp\/v2\/product"}],"about":[{"href":"https:\/\/rendez-vous-store.com\/fr\/wp-json\/wp\/v2\/types\/product"}],"wp:featuredmedia":[{"embeddable":true,"href":"https:\/\/rendez-vous-store.com\/fr\/wp-json\/wp\/v2\/media\/204831"}],"wp:attachment":[{"href":"https:\/\/rendez-vous-store.com\/fr\/wp-json\/wp\/v2\/media?parent=77814"}],"wp:term":[{"taxonomy":"product_brand","embeddable":true,"href":"https:\/\/rendez-vous-store.com\/fr\/wp-json\/wp\/v2\/product_brand?post=77814"},{"taxonomy":"product_cat","embeddable":true,"href":"https:\/\/rendez-vous-store.com\/fr\/wp-json\/wp\/v2\/product_cat?post=77814"},{"taxonomy":"product_tag","embeddable":true,"href":"https:\/\/rendez-vous-store.com\/fr\/wp-json\/wp\/v2\/product_tag?post=77814"}],"curies":[{"name":"wp","href":"https:\/\/api.w.org\/{rel}","templated":true}]}}