{"id":75324,"date":"2022-08-08T15:53:42","date_gmt":"2022-08-08T13:53:42","guid":{"rendered":"https:\/\/www.rendez-vous-store.com\/?post_type=product&#038;p=75324"},"modified":"2025-06-13T12:04:17","modified_gmt":"2025-06-13T10:04:17","slug":"levis-vintange-1967-505-paradise-lost-rendez-vous-store","status":"publish","type":"product","link":"https:\/\/rendez-vous-store.com\/fr\/shop\/special-offer-women-rendez-vous-store\/women-trousers-special-offer\/levis-vintange-1967-505-paradise-lost-rendez-vous-store\/","title":{"rendered":"Levi\u2019s Vintage \u2013 Paradis perdu 505 de 1967"},"content":{"rendered":"<p><strong>Levi\u2019s Vintange 1967 505 Paradise Lost<\/strong><\/p>\n<p>Couleur : Blue jean<\/p>\n<p>Jeans slim<\/p>\n<p>Braguette \u00e0 glissi\u00e8re<\/p>\n<p>Denim pr\u00e9lav\u00e9<\/p>\n<p>Taille basse<\/p>\n<p>Clous de laiton et rivets<\/p>\n<p>Poches arri\u00e8re avec double surpiq\u00fbre arqu\u00e9e et surpiq\u00fbre renforc\u00e9e<\/p>\n<p>Composition : 100% Coton<\/p>\n<p>Fabriqu\u00e9 au Japon<\/p>\n<p>&nbsp;<\/p>\n<p>&nbsp;<\/p>\n<p>&nbsp;<\/p>\n<p><strong>La marque\u00a0<\/strong><\/p>\n<p>Les v\u00eatements LEVI'S VINTAGE sont con\u00e7us pour r\u00e9sister \u00e0 l'\u00e9preuve du temps et du style. Les v\u00eatements vintage pour hommes traversent les \u00e9poques, les id\u00e9es de design et les mouvements sociaux. Leurs v\u00eatements vintage pour hommes ont un pass\u00e9 charg\u00e9 d'histoire, un pass\u00e9 qui nous aide \u00e0 maintenir notre s\u00e9lection de v\u00eatements et de jeans de style vintage pour hommes parmi les plus recherch\u00e9s en ligne. Pour des pi\u00e8ces de denim uniques et \u00e0 collectionner, ne cherchez pas plus loin que Levi's Vintage Clothing.<\/p>","protected":false},"excerpt":{"rendered":"<p>Levi&#8217;s Vintange 1967 505 Paradise Lost Color: Blue jean Slim jeans Zipper fly Preshrunk denim Low-rise waist Brass studs and rivets Back pockets with double arched stitching and reinforced stitching Composition: 100% Cotton Made in Japan &nbsp; &nbsp; &nbsp; The brand\u00a0 LEVI&#8217;S VINTAGE CLOTHING is designed to stand the test of time and style. It&hellip; <a class=\"more-link\" href=\"https:\/\/rendez-vous-store.com\/fr\/shop\/special-offer-women-rendez-vous-store\/women-trousers-special-offer\/levis-vintange-1967-505-paradise-lost-rendez-vous-store\/\">Continuer la lecture <span class=\"screen-reader-text\">Levi\u2019s Vintage \u2013 Paradis perdu 505 de 1967<\/span><\/a><\/p>","protected":false},"featured_media":204634,"template":"","meta":{"_acf_changed":false},"product_brand":[],"product_cat":[1335,1341,1138,1164,1144],"product_tag":[638],"class_list":{"0":"post-75324","1":"product","2":"type-product","3":"status-publish","4":"has-post-thumbnail","6":"product_cat-special-offer-women-rendez-vous-store","7":"product_cat-women-trousers-special-offer","8":"product_cat-last-pieces-women-rendez-vous-store","9":"product_cat-1164","10":"product_cat-last-pieces-women-trousers-skirt-rendez-vous-store","11":"product_tag-levis-vintage-clothing","12":"entry","14":"first","15":"instock","16":"sale","17":"taxable","18":"shipping-taxable","19":"purchasable","20":"product-type-variable","21":"has-default-attributes"},"acf":[],"yoast_head":"<!-- This site is optimized with the Yoast SEO plugin v24.9 - https:\/\/yoast.com\/wordpress\/plugins\/seo\/ -->\n<title>Levi&#039;s Vintange 1967 505 Paradise Lost<\/title>\n<meta name=\"description\" content=\"Levi&#039;s Vintage is on Rendez-vous Store. This Levi&#039;s Vintange 1967 505 Paradise Lost will be your everyday ally, customizable as you wish. Discover now.\" \/>\n<meta name=\"robots\" content=\"index, follow, max-snippet:-1, max-image-preview:large, max-video-preview:-1\" \/>\n<link rel=\"canonical\" href=\"https:\/\/rendez-vous-store.com\/fr\/shop\/special-offer-women-rendez-vous-store\/women-trousers-special-offer\/levis-vintange-1967-505-paradise-lost-rendez-vous-store\/\" \/>\n<meta property=\"og:locale\" content=\"fr_FR\" \/>\n<meta property=\"og:type\" content=\"article\" \/>\n<meta property=\"og:title\" content=\"Levi&#039;s Vintange 1967 505 Paradise Lost\" \/>\n<meta property=\"og:description\" content=\"Levi&#039;s Vintage is on Rendez-vous Store. This Levi&#039;s Vintange 1967 505 Paradise Lost will be your everyday ally, customizable as you wish. Discover now.\" \/>\n<meta property=\"og:url\" content=\"https:\/\/rendez-vous-store.com\/fr\/shop\/special-offer-women-rendez-vous-store\/women-trousers-special-offer\/levis-vintange-1967-505-paradise-lost-rendez-vous-store\/\" \/>\n<meta property=\"og:site_name\" content=\"RENDEZ-VOUS STORE\" \/>\n<meta property=\"article:modified_time\" content=\"2025-06-13T10:04:17+00:00\" \/>\n<meta property=\"og:image\" content=\"https:\/\/rendez-vous-store.com\/app\/uploads\/2022\/08\/rdv_48-2-scaled.webp\" \/>\n\t<meta property=\"og:image:width\" content=\"1696\" \/>\n\t<meta property=\"og:image:height\" content=\"2560\" \/>\n\t<meta property=\"og:image:type\" content=\"image\/webp\" \/>\n<meta name=\"twitter:card\" content=\"summary_large_image\" \/>\n<meta name=\"twitter:label1\" content=\"Est. reading time\" \/>\n\t<meta name=\"twitter:data1\" content=\"1 minute\" \/>\n<script type=\"application\/ld+json\" class=\"yoast-schema-graph\">{\"@context\":\"https:\/\/schema.org\",\"@graph\":[{\"@type\":\"WebPage\",\"@id\":\"https:\/\/rendez-vous-store.com\/shop\/special-offer-women-rendez-vous-store\/women-trousers-special-offer\/levis-vintange-1967-505-paradise-lost-rendez-vous-store\/\",\"url\":\"https:\/\/rendez-vous-store.com\/shop\/special-offer-women-rendez-vous-store\/women-trousers-special-offer\/levis-vintange-1967-505-paradise-lost-rendez-vous-store\/\",\"name\":\"Levi's Vintange 1967 505 Paradise Lost\",\"isPartOf\":{\"@id\":\"https:\/\/rendez-vous-store.com\/#website\"},\"primaryImageOfPage\":{\"@id\":\"https:\/\/rendez-vous-store.com\/shop\/special-offer-women-rendez-vous-store\/women-trousers-special-offer\/levis-vintange-1967-505-paradise-lost-rendez-vous-store\/#primaryimage\"},\"image\":{\"@id\":\"https:\/\/rendez-vous-store.com\/shop\/special-offer-women-rendez-vous-store\/women-trousers-special-offer\/levis-vintange-1967-505-paradise-lost-rendez-vous-store\/#primaryimage\"},\"thumbnailUrl\":\"https:\/\/rendez-vous-store.com\/app\/uploads\/2022\/08\/rdv_48-2-scaled.webp\",\"datePublished\":\"2022-08-08T13:53:42+00:00\",\"dateModified\":\"2025-06-13T10:04:17+00:00\",\"description\":\"Levi's Vintage is on Rendez-vous Store. This Levi's Vintange 1967 505 Paradise Lost will be your everyday ally, customizable as you wish. Discover now.\",\"breadcrumb\":{\"@id\":\"https:\/\/rendez-vous-store.com\/shop\/special-offer-women-rendez-vous-store\/women-trousers-special-offer\/levis-vintange-1967-505-paradise-lost-rendez-vous-store\/#breadcrumb\"},\"inLanguage\":\"fr-FR\",\"potentialAction\":[{\"@type\":\"ReadAction\",\"target\":[\"https:\/\/rendez-vous-store.com\/shop\/special-offer-women-rendez-vous-store\/women-trousers-special-offer\/levis-vintange-1967-505-paradise-lost-rendez-vous-store\/\"]}]},{\"@type\":\"ImageObject\",\"inLanguage\":\"fr-FR\",\"@id\":\"https:\/\/rendez-vous-store.com\/shop\/special-offer-women-rendez-vous-store\/women-trousers-special-offer\/levis-vintange-1967-505-paradise-lost-rendez-vous-store\/#primaryimage\",\"url\":\"https:\/\/rendez-vous-store.com\/app\/uploads\/2022\/08\/rdv_48-2-scaled.webp\",\"contentUrl\":\"https:\/\/rendez-vous-store.com\/app\/uploads\/2022\/08\/rdv_48-2-scaled.webp\",\"width\":1696,\"height\":2560},{\"@type\":\"BreadcrumbList\",\"@id\":\"https:\/\/rendez-vous-store.com\/shop\/special-offer-women-rendez-vous-store\/women-trousers-special-offer\/levis-vintange-1967-505-paradise-lost-rendez-vous-store\/#breadcrumb\",\"itemListElement\":[{\"@type\":\"ListItem\",\"position\":1,\"name\":\"Home\",\"item\":\"https:\/\/rendez-vous-store.com\/\"},{\"@type\":\"ListItem\",\"position\":2,\"name\":\"Shop\",\"item\":\"https:\/\/www.rendez-vous-store.com\/shop\/\"},{\"@type\":\"ListItem\",\"position\":3,\"name\":\"Levi&#8217;s Vintange &#8211; 1967 505 Paradise Lost\"}]},{\"@type\":\"WebSite\",\"@id\":\"https:\/\/rendez-vous-store.com\/#website\",\"url\":\"https:\/\/rendez-vous-store.com\/\",\"name\":\"RENDEZ-VOUS STORE\",\"description\":\"Slow Fashion for Women and Men\",\"potentialAction\":[{\"@type\":\"SearchAction\",\"target\":{\"@type\":\"EntryPoint\",\"urlTemplate\":\"https:\/\/rendez-vous-store.com\/?s={search_term_string}\"},\"query-input\":{\"@type\":\"PropertyValueSpecification\",\"valueRequired\":true,\"valueName\":\"search_term_string\"}}],\"inLanguage\":\"fr-FR\"}]}<\/script>\n<!-- \/ Yoast SEO plugin. -->","yoast_head_json":{"title":"Levi's Vintange 1967 505 Paradise Lost","description":"Levi's Vintage is on Rendez-vous Store. This Levi's Vintange 1967 505 Paradise Lost will be your everyday ally, customizable as you wish. Discover now.","robots":{"index":"index","follow":"follow","max-snippet":"max-snippet:-1","max-image-preview":"max-image-preview:large","max-video-preview":"max-video-preview:-1"},"canonical":"https:\/\/rendez-vous-store.com\/fr\/shop\/special-offer-women-rendez-vous-store\/women-trousers-special-offer\/levis-vintange-1967-505-paradise-lost-rendez-vous-store\/","og_locale":"fr_FR","og_type":"article","og_title":"Levi's Vintange 1967 505 Paradise Lost","og_description":"Levi's Vintage is on Rendez-vous Store. This Levi's Vintange 1967 505 Paradise Lost will be your everyday ally, customizable as you wish. Discover now.","og_url":"https:\/\/rendez-vous-store.com\/fr\/shop\/special-offer-women-rendez-vous-store\/women-trousers-special-offer\/levis-vintange-1967-505-paradise-lost-rendez-vous-store\/","og_site_name":"RENDEZ-VOUS STORE","article_modified_time":"2025-06-13T10:04:17+00:00","og_image":[{"width":1696,"height":2560,"url":"https:\/\/rendez-vous-store.com\/app\/uploads\/2022\/08\/rdv_48-2-scaled.webp","type":"image\/webp"}],"twitter_card":"summary_large_image","twitter_misc":{"Est. reading time":"1 minute"},"schema":{"@context":"https:\/\/schema.org","@graph":[{"@type":"WebPage","@id":"https:\/\/rendez-vous-store.com\/shop\/special-offer-women-rendez-vous-store\/women-trousers-special-offer\/levis-vintange-1967-505-paradise-lost-rendez-vous-store\/","url":"https:\/\/rendez-vous-store.com\/shop\/special-offer-women-rendez-vous-store\/women-trousers-special-offer\/levis-vintange-1967-505-paradise-lost-rendez-vous-store\/","name":"Levi's Vintange 1967 505 Paradise Lost","isPartOf":{"@id":"https:\/\/rendez-vous-store.com\/#website"},"primaryImageOfPage":{"@id":"https:\/\/rendez-vous-store.com\/shop\/special-offer-women-rendez-vous-store\/women-trousers-special-offer\/levis-vintange-1967-505-paradise-lost-rendez-vous-store\/#primaryimage"},"image":{"@id":"https:\/\/rendez-vous-store.com\/shop\/special-offer-women-rendez-vous-store\/women-trousers-special-offer\/levis-vintange-1967-505-paradise-lost-rendez-vous-store\/#primaryimage"},"thumbnailUrl":"https:\/\/rendez-vous-store.com\/app\/uploads\/2022\/08\/rdv_48-2-scaled.webp","datePublished":"2022-08-08T13:53:42+00:00","dateModified":"2025-06-13T10:04:17+00:00","description":"Levi's Vintage is on Rendez-vous Store. This Levi's Vintange 1967 505 Paradise Lost will be your everyday ally, customizable as you wish. Discover now.","breadcrumb":{"@id":"https:\/\/rendez-vous-store.com\/shop\/special-offer-women-rendez-vous-store\/women-trousers-special-offer\/levis-vintange-1967-505-paradise-lost-rendez-vous-store\/#breadcrumb"},"inLanguage":"fr-FR","potentialAction":[{"@type":"ReadAction","target":["https:\/\/rendez-vous-store.com\/shop\/special-offer-women-rendez-vous-store\/women-trousers-special-offer\/levis-vintange-1967-505-paradise-lost-rendez-vous-store\/"]}]},{"@type":"ImageObject","inLanguage":"fr-FR","@id":"https:\/\/rendez-vous-store.com\/shop\/special-offer-women-rendez-vous-store\/women-trousers-special-offer\/levis-vintange-1967-505-paradise-lost-rendez-vous-store\/#primaryimage","url":"https:\/\/rendez-vous-store.com\/app\/uploads\/2022\/08\/rdv_48-2-scaled.webp","contentUrl":"https:\/\/rendez-vous-store.com\/app\/uploads\/2022\/08\/rdv_48-2-scaled.webp","width":1696,"height":2560},{"@type":"BreadcrumbList","@id":"https:\/\/rendez-vous-store.com\/shop\/special-offer-women-rendez-vous-store\/women-trousers-special-offer\/levis-vintange-1967-505-paradise-lost-rendez-vous-store\/#breadcrumb","itemListElement":[{"@type":"ListItem","position":1,"name":"Home","item":"https:\/\/rendez-vous-store.com\/"},{"@type":"ListItem","position":2,"name":"Shop","item":"https:\/\/www.rendez-vous-store.com\/shop\/"},{"@type":"ListItem","position":3,"name":"Levi&#8217;s Vintange &#8211; 1967 505 Paradise Lost"}]},{"@type":"WebSite","@id":"https:\/\/rendez-vous-store.com\/#website","url":"https:\/\/rendez-vous-store.com\/","name":"RENDEZ-VOUS STORE","description":"Slow Fashion for Women and Men","potentialAction":[{"@type":"SearchAction","target":{"@type":"EntryPoint","urlTemplate":"https:\/\/rendez-vous-store.com\/?s={search_term_string}"},"query-input":{"@type":"PropertyValueSpecification","valueRequired":true,"valueName":"search_term_string"}}],"inLanguage":"fr-FR"}]}},"_links":{"self":[{"href":"https:\/\/rendez-vous-store.com\/fr\/wp-json\/wp\/v2\/product\/75324","targetHints":{"allow":["GET"]}}],"collection":[{"href":"https:\/\/rendez-vous-store.com\/fr\/wp-json\/wp\/v2\/product"}],"about":[{"href":"https:\/\/rendez-vous-store.com\/fr\/wp-json\/wp\/v2\/types\/product"}],"wp:featuredmedia":[{"embeddable":true,"href":"https:\/\/rendez-vous-store.com\/fr\/wp-json\/wp\/v2\/media\/204634"}],"wp:attachment":[{"href":"https:\/\/rendez-vous-store.com\/fr\/wp-json\/wp\/v2\/media?parent=75324"}],"wp:term":[{"taxonomy":"product_brand","embeddable":true,"href":"https:\/\/rendez-vous-store.com\/fr\/wp-json\/wp\/v2\/product_brand?post=75324"},{"taxonomy":"product_cat","embeddable":true,"href":"https:\/\/rendez-vous-store.com\/fr\/wp-json\/wp\/v2\/product_cat?post=75324"},{"taxonomy":"product_tag","embeddable":true,"href":"https:\/\/rendez-vous-store.com\/fr\/wp-json\/wp\/v2\/product_tag?post=75324"}],"curies":[{"name":"wp","href":"https:\/\/api.w.org\/{rel}","templated":true}]}}