{"id":74123,"date":"2022-08-08T15:44:51","date_gmt":"2022-08-08T13:44:51","guid":{"rendered":"https:\/\/www.rendez-vous-store.com\/?post_type=product&#038;p=74123"},"modified":"2026-03-16T14:39:50","modified_gmt":"2026-03-16T13:39:50","slug":"sage-de-cret-shirt-31-20-6093-ecru-rendez-vous-store","status":"publish","type":"product","link":"https:\/\/rendez-vous-store.com\/fr\/shop\/sale-30\/sage-de-cret-shirt-31-20-6093-ecru-rendez-vous-store\/","title":{"rendered":"Sage De Cret - Chemise 31-20-6093 - Ecru"},"content":{"rendered":"<p><strong>Sage De Cret - Chemise 31-20-6093 - Ecru<\/strong><\/p>\n<ul>\n<li>Chemise de Sage De Cret<\/li>\n<li>Couleur : Ecru<\/li>\n<li>Col pointu<\/li>\n<li>Manches raglan<\/li>\n<li>Poches \u00e0 rabat sur le devant<\/li>\n<li>Poignets boutonn\u00e9s<\/li>\n<li>L\u00e9g\u00e8rement plus long au dos<\/li>\n<li>Composition : 39% Laine - 33%Linen - 28%Coton<\/li>\n<li>Fabriqu\u00e9 au Japon<\/li>\n<li>Olivier mesure 178 cm<\/li>\n<li>Taille du mod\u00e8le : M<\/li>\n<li>Mesures : \u00c9paules : 47cm - Poitrine : 57cm - Manches : 61cm - Longueur : Devant : 75cm - Dos : 82cm<\/li>\n<\/ul>\n<p>&nbsp;<\/p>\n<p>&nbsp;<\/p>\n<p><strong>La marque<\/strong><\/p>\n<div class=\"flex-shrink-0 flex flex-col relative items-end\">\n<div>\n<div class=\"pt-0\">\n<div class=\"gizmo-bot-avatar flex h-8 w-8 items-center justify-center overflow-hidden rounded-full\">\n<div class=\"relative p-1 rounded-sm flex items-center justify-center bg-token-main-surface-primary text-token-text-primary h-8 w-8\"><span style=\"background-color: var(--global--color-background); color: var(--global--color-primary); font-family: var(--global--font-secondary); font-size: var(--global--font-size-base);\">Sage de Cret est une marque japonaise qui utilise les codes du v\u00eatement de travail pour cr\u00e9er une ligne de design moderne. La marque met l'accent sur l'importance des d\u00e9tails du v\u00eatement et le choix des tissus. L'ensemble de la collection est produit au Japon.<\/span><\/div>\n<\/div>\n<\/div>\n<\/div>\n<\/div>\n<div class=\"group\/conversation-turn relative flex w-full min-w-0 flex-col agent-turn\">\n<div class=\"flex-col gap-1 md:gap-3\">\n<div class=\"flex max-w-full flex-col flex-grow\">\n<div class=\"min-h-8 text-message flex w-full flex-col items-end gap-2 whitespace-normal break-words [.text-message+&amp;]:mt-5\" dir=\"auto\" data-message-author-role=\"assistant\" data-message-id=\"9a589af8-966b-425d-8c97-a78852c0f330\">\n<div class=\"flex w-full flex-col gap-1 empty:hidden first:pt-[3px]\">\n<div class=\"markdown prose w-full break-words dark:prose-invert light\">\n<p>Sage de Cret met en valeur les lignes sophistiqu\u00e9es des silhouettes, les tissus teints dans des couleurs profondes et les contrastes de couleurs et de textures dans les doublures, les accessoires et les coutures.<\/p>\n<\/div>\n<\/div>\n<\/div>\n<\/div>\n<\/div>\n<\/div>","protected":false},"excerpt":{"rendered":"<p>Sage De Cret &#8211; Shirt 31-20-6093 &#8211; Ecru Shirt from Sage De Cret Color: Ecru Pointed collar Raglan sleeves Front flap pockets Buttoned cuffs Slightly longer at the back Composition: 39% Wool &#8211; 33%Linen &#8211; 28%Cotton Made in Japan Olivier is 178cm tall Model size: M Measurements: Shoulders: 47cm &#8211; Chest: 57cm &#8211; Sleeves: 61cm&hellip; <a class=\"more-link\" href=\"https:\/\/rendez-vous-store.com\/fr\/shop\/sale-30\/sage-de-cret-shirt-31-20-6093-ecru-rendez-vous-store\/\">Continue reading <span class=\"screen-reader-text\">Sage De Cret - Chemise 31-20-6093 - Ecru<\/span><\/a><\/p>","protected":false},"featured_media":47650,"template":"","meta":{"_acf_changed":false},"product_brand":[],"product_cat":[1291],"product_tag":[],"class_list":{"0":"post-74123","1":"product","2":"type-product","3":"status-publish","4":"has-post-thumbnail","6":"product_cat-sale-30","7":"entry","9":"first","10":"instock","11":"taxable","12":"shipping-taxable","13":"purchasable","14":"product-type-variable"},"acf":[],"yoast_head":"<!-- This site is optimized with the Yoast SEO plugin v24.9 - https:\/\/yoast.com\/wordpress\/plugins\/seo\/ -->\n<title>Sage De Cret - Shirt 31-20-6093 - Ecru<\/title>\n<meta name=\"description\" content=\"Sage De Cret is on Rendez-Vous store. This Sage De Cret Shirt 31-20-6093 Ecru combine a variety of traditional dyeing and advanced techniques.\" \/>\n<meta name=\"robots\" content=\"index, follow, max-snippet:-1, max-image-preview:large, max-video-preview:-1\" \/>\n<link rel=\"canonical\" href=\"https:\/\/rendez-vous-store.com\/fr\/shop\/sale-30\/sage-de-cret-shirt-31-20-6093-ecru-rendez-vous-store\/\" \/>\n<meta property=\"og:locale\" content=\"fr_FR\" \/>\n<meta property=\"og:type\" content=\"article\" \/>\n<meta property=\"og:title\" content=\"Sage De Cret - Shirt 31-20-6093 - Ecru\" \/>\n<meta property=\"og:description\" content=\"Sage De Cret is on Rendez-Vous store. This Sage De Cret Shirt 31-20-6093 Ecru combine a variety of traditional dyeing and advanced techniques.\" \/>\n<meta property=\"og:url\" content=\"https:\/\/rendez-vous-store.com\/fr\/shop\/sale-30\/sage-de-cret-shirt-31-20-6093-ecru-rendez-vous-store\/\" \/>\n<meta property=\"og:site_name\" content=\"RENDEZ-VOUS STORE\" \/>\n<meta property=\"article:modified_time\" content=\"2026-03-16T13:39:50+00:00\" \/>\n<meta property=\"og:image\" content=\"https:\/\/rendez-vous-store.com\/app\/uploads\/2022\/07\/rdvstore_174.jpg\" \/>\n\t<meta property=\"og:image:width\" content=\"1060\" \/>\n\t<meta property=\"og:image:height\" content=\"1600\" \/>\n\t<meta property=\"og:image:type\" content=\"image\/jpeg\" \/>\n<meta name=\"twitter:card\" content=\"summary_large_image\" \/>\n<meta name=\"twitter:label1\" content=\"Est. reading time\" \/>\n\t<meta name=\"twitter:data1\" content=\"1 minute\" \/>\n<script type=\"application\/ld+json\" class=\"yoast-schema-graph\">{\"@context\":\"https:\/\/schema.org\",\"@graph\":[{\"@type\":\"WebPage\",\"@id\":\"https:\/\/rendez-vous-store.com\/shop\/sale-30\/sage-de-cret-shirt-31-20-6093-ecru-rendez-vous-store\/\",\"url\":\"https:\/\/rendez-vous-store.com\/shop\/sale-30\/sage-de-cret-shirt-31-20-6093-ecru-rendez-vous-store\/\",\"name\":\"Sage De Cret - Shirt 31-20-6093 - Ecru\",\"isPartOf\":{\"@id\":\"https:\/\/rendez-vous-store.com\/#website\"},\"primaryImageOfPage\":{\"@id\":\"https:\/\/rendez-vous-store.com\/shop\/sale-30\/sage-de-cret-shirt-31-20-6093-ecru-rendez-vous-store\/#primaryimage\"},\"image\":{\"@id\":\"https:\/\/rendez-vous-store.com\/shop\/sale-30\/sage-de-cret-shirt-31-20-6093-ecru-rendez-vous-store\/#primaryimage\"},\"thumbnailUrl\":\"https:\/\/rendez-vous-store.com\/app\/uploads\/2022\/07\/rdvstore_174.jpg\",\"datePublished\":\"2022-08-08T13:44:51+00:00\",\"dateModified\":\"2026-03-16T13:39:50+00:00\",\"description\":\"Sage De Cret is on Rendez-Vous store. This Sage De Cret Shirt 31-20-6093 Ecru combine a variety of traditional dyeing and advanced techniques.\",\"breadcrumb\":{\"@id\":\"https:\/\/rendez-vous-store.com\/shop\/sale-30\/sage-de-cret-shirt-31-20-6093-ecru-rendez-vous-store\/#breadcrumb\"},\"inLanguage\":\"fr-FR\",\"potentialAction\":[{\"@type\":\"ReadAction\",\"target\":[\"https:\/\/rendez-vous-store.com\/shop\/sale-30\/sage-de-cret-shirt-31-20-6093-ecru-rendez-vous-store\/\"]}]},{\"@type\":\"ImageObject\",\"inLanguage\":\"fr-FR\",\"@id\":\"https:\/\/rendez-vous-store.com\/shop\/sale-30\/sage-de-cret-shirt-31-20-6093-ecru-rendez-vous-store\/#primaryimage\",\"url\":\"https:\/\/rendez-vous-store.com\/app\/uploads\/2022\/07\/rdvstore_174.jpg\",\"contentUrl\":\"https:\/\/rendez-vous-store.com\/app\/uploads\/2022\/07\/rdvstore_174.jpg\",\"width\":1060,\"height\":1600},{\"@type\":\"BreadcrumbList\",\"@id\":\"https:\/\/rendez-vous-store.com\/shop\/sale-30\/sage-de-cret-shirt-31-20-6093-ecru-rendez-vous-store\/#breadcrumb\",\"itemListElement\":[{\"@type\":\"ListItem\",\"position\":1,\"name\":\"Home\",\"item\":\"https:\/\/rendez-vous-store.com\/\"},{\"@type\":\"ListItem\",\"position\":2,\"name\":\"Shop\",\"item\":\"https:\/\/www.rendez-vous-store.com\/shop\/\"},{\"@type\":\"ListItem\",\"position\":3,\"name\":\"Sage De Cret &#8211; Shirt 31-20-6093 &#8211; Ecru\"}]},{\"@type\":\"WebSite\",\"@id\":\"https:\/\/rendez-vous-store.com\/#website\",\"url\":\"https:\/\/rendez-vous-store.com\/\",\"name\":\"RENDEZ-VOUS STORE\",\"description\":\"Slow Fashion for Women and Men\",\"potentialAction\":[{\"@type\":\"SearchAction\",\"target\":{\"@type\":\"EntryPoint\",\"urlTemplate\":\"https:\/\/rendez-vous-store.com\/?s={search_term_string}\"},\"query-input\":{\"@type\":\"PropertyValueSpecification\",\"valueRequired\":true,\"valueName\":\"search_term_string\"}}],\"inLanguage\":\"fr-FR\"}]}<\/script>\n<!-- \/ Yoast SEO plugin. -->","yoast_head_json":{"title":"Sage De Cret - Shirt 31-20-6093 - Ecru","description":"Sage De Cret is on Rendez-Vous store. This Sage De Cret Shirt 31-20-6093 Ecru combine a variety of traditional dyeing and advanced techniques.","robots":{"index":"index","follow":"follow","max-snippet":"max-snippet:-1","max-image-preview":"max-image-preview:large","max-video-preview":"max-video-preview:-1"},"canonical":"https:\/\/rendez-vous-store.com\/fr\/shop\/sale-30\/sage-de-cret-shirt-31-20-6093-ecru-rendez-vous-store\/","og_locale":"fr_FR","og_type":"article","og_title":"Sage De Cret - Shirt 31-20-6093 - Ecru","og_description":"Sage De Cret is on Rendez-Vous store. This Sage De Cret Shirt 31-20-6093 Ecru combine a variety of traditional dyeing and advanced techniques.","og_url":"https:\/\/rendez-vous-store.com\/fr\/shop\/sale-30\/sage-de-cret-shirt-31-20-6093-ecru-rendez-vous-store\/","og_site_name":"RENDEZ-VOUS STORE","article_modified_time":"2026-03-16T13:39:50+00:00","og_image":[{"width":1060,"height":1600,"url":"https:\/\/rendez-vous-store.com\/app\/uploads\/2022\/07\/rdvstore_174.jpg","type":"image\/jpeg"}],"twitter_card":"summary_large_image","twitter_misc":{"Est. reading time":"1 minute"},"schema":{"@context":"https:\/\/schema.org","@graph":[{"@type":"WebPage","@id":"https:\/\/rendez-vous-store.com\/shop\/sale-30\/sage-de-cret-shirt-31-20-6093-ecru-rendez-vous-store\/","url":"https:\/\/rendez-vous-store.com\/shop\/sale-30\/sage-de-cret-shirt-31-20-6093-ecru-rendez-vous-store\/","name":"Sage De Cret - Shirt 31-20-6093 - Ecru","isPartOf":{"@id":"https:\/\/rendez-vous-store.com\/#website"},"primaryImageOfPage":{"@id":"https:\/\/rendez-vous-store.com\/shop\/sale-30\/sage-de-cret-shirt-31-20-6093-ecru-rendez-vous-store\/#primaryimage"},"image":{"@id":"https:\/\/rendez-vous-store.com\/shop\/sale-30\/sage-de-cret-shirt-31-20-6093-ecru-rendez-vous-store\/#primaryimage"},"thumbnailUrl":"https:\/\/rendez-vous-store.com\/app\/uploads\/2022\/07\/rdvstore_174.jpg","datePublished":"2022-08-08T13:44:51+00:00","dateModified":"2026-03-16T13:39:50+00:00","description":"Sage De Cret is on Rendez-Vous store. This Sage De Cret Shirt 31-20-6093 Ecru combine a variety of traditional dyeing and advanced techniques.","breadcrumb":{"@id":"https:\/\/rendez-vous-store.com\/shop\/sale-30\/sage-de-cret-shirt-31-20-6093-ecru-rendez-vous-store\/#breadcrumb"},"inLanguage":"fr-FR","potentialAction":[{"@type":"ReadAction","target":["https:\/\/rendez-vous-store.com\/shop\/sale-30\/sage-de-cret-shirt-31-20-6093-ecru-rendez-vous-store\/"]}]},{"@type":"ImageObject","inLanguage":"fr-FR","@id":"https:\/\/rendez-vous-store.com\/shop\/sale-30\/sage-de-cret-shirt-31-20-6093-ecru-rendez-vous-store\/#primaryimage","url":"https:\/\/rendez-vous-store.com\/app\/uploads\/2022\/07\/rdvstore_174.jpg","contentUrl":"https:\/\/rendez-vous-store.com\/app\/uploads\/2022\/07\/rdvstore_174.jpg","width":1060,"height":1600},{"@type":"BreadcrumbList","@id":"https:\/\/rendez-vous-store.com\/shop\/sale-30\/sage-de-cret-shirt-31-20-6093-ecru-rendez-vous-store\/#breadcrumb","itemListElement":[{"@type":"ListItem","position":1,"name":"Home","item":"https:\/\/rendez-vous-store.com\/"},{"@type":"ListItem","position":2,"name":"Shop","item":"https:\/\/www.rendez-vous-store.com\/shop\/"},{"@type":"ListItem","position":3,"name":"Sage De Cret &#8211; Shirt 31-20-6093 &#8211; Ecru"}]},{"@type":"WebSite","@id":"https:\/\/rendez-vous-store.com\/#website","url":"https:\/\/rendez-vous-store.com\/","name":"RENDEZ-VOUS STORE","description":"Slow Fashion for Women and Men","potentialAction":[{"@type":"SearchAction","target":{"@type":"EntryPoint","urlTemplate":"https:\/\/rendez-vous-store.com\/?s={search_term_string}"},"query-input":{"@type":"PropertyValueSpecification","valueRequired":true,"valueName":"search_term_string"}}],"inLanguage":"fr-FR"}]}},"_links":{"self":[{"href":"https:\/\/rendez-vous-store.com\/fr\/wp-json\/wp\/v2\/product\/74123","targetHints":{"allow":["GET"]}}],"collection":[{"href":"https:\/\/rendez-vous-store.com\/fr\/wp-json\/wp\/v2\/product"}],"about":[{"href":"https:\/\/rendez-vous-store.com\/fr\/wp-json\/wp\/v2\/types\/product"}],"wp:featuredmedia":[{"embeddable":true,"href":"https:\/\/rendez-vous-store.com\/fr\/wp-json\/wp\/v2\/media\/47650"}],"wp:attachment":[{"href":"https:\/\/rendez-vous-store.com\/fr\/wp-json\/wp\/v2\/media?parent=74123"}],"wp:term":[{"taxonomy":"product_brand","embeddable":true,"href":"https:\/\/rendez-vous-store.com\/fr\/wp-json\/wp\/v2\/product_brand?post=74123"},{"taxonomy":"product_cat","embeddable":true,"href":"https:\/\/rendez-vous-store.com\/fr\/wp-json\/wp\/v2\/product_cat?post=74123"},{"taxonomy":"product_tag","embeddable":true,"href":"https:\/\/rendez-vous-store.com\/fr\/wp-json\/wp\/v2\/product_tag?post=74123"}],"curies":[{"name":"wp","href":"https:\/\/api.w.org\/{rel}","templated":true}]}}