{"id":69940,"date":"2022-08-08T15:09:45","date_gmt":"2022-08-08T13:09:45","guid":{"rendered":"https:\/\/www.rendez-vous-store.com\/?post_type=product&#038;p=69940"},"modified":"2025-01-10T19:35:59","modified_gmt":"2025-01-10T18:35:59","slug":"yuketen-stirrup-belt-oakbark-2","status":"publish","type":"product","link":"https:\/\/rendez-vous-store.com\/fr\/shop\/special-offer-men-rendez-vous-store\/men-accessories-special-offer\/yuketen-stirrup-belt-oakbark-2\/","title":{"rendered":"Yuketen - Etrivi\u00e8re - \u00c9corce de ch\u00eane"},"content":{"rendered":"<ul>\n<li>Ceinture de Yuketen<\/li>\n<li>Couleur : Oakbark<\/li>\n<li>Cuir de bride anglais<\/li>\n<li>Fabriqu\u00e9 aux \u00c9tats-Unis<\/li>\n<li>Largeur : 2,3 cm<\/li>\n<li>Mesures de la taille :<\/li>\n<li>32 : Longueur de la ceinture : 94cm\/ Boucle au trou 1 : 90cm<\/li>\n<li>34 : Longueur de la ceinture : 99cm\/ Boucle au trou 1 : 96cm<\/li>\n<li>36 : Longueur de la ceinture : 104cm\/ Boucle au trou 1 : 99cm<\/li>\n<li>38 : Longueur de la ceinture : 110cm\/ Boucle au trou 1 : 106cm<\/li>\n<li>40 : Longueur de la ceinture : 114cm\/ Boucle au trou 1 : 110cm<\/li>\n<\/ul>\n<p>&nbsp;<\/p>","protected":false},"excerpt":{"rendered":"<p>Belt from Yuketen Color: Oakbark English Bridle Leather Made in the U.S.A. Width: 2.3cm Size Measurements: 32: Belt length: 94cm\/ Buckle to Hole 1: 90cm 34: Belt length: 99cm\/ Buckle to Hole 1: 96cm 36: Belt length: 104cm\/ Buckle to Hole 1: 99cm 38: Belt length: 110cm\/ Buckle to Hole 1: 106cm 40: Belt length:&hellip; <a class=\"more-link\" href=\"https:\/\/rendez-vous-store.com\/fr\/shop\/special-offer-men-rendez-vous-store\/men-accessories-special-offer\/yuketen-stirrup-belt-oakbark-2\/\">Continuer la lecture <span class=\"screen-reader-text\">Yuketen - Etrivi\u00e8re - \u00c9corce de ch\u00eane<\/span><\/a><\/p>","protected":false},"featured_media":83122,"template":"","meta":{"_acf_changed":false},"product_brand":[],"product_cat":[1291,1351,1350,20,70],"product_tag":[733],"class_list":{"0":"post-69940","1":"product","2":"type-product","3":"status-publish","4":"has-post-thumbnail","6":"product_cat-sale-30","7":"product_cat-men-accessories-special-offer","8":"product_cat-special-offer-men-rendez-vous-store","9":"product_cat-men-selection-discover-our-selection-rendez-vous-store","10":"product_cat-accessories-men-rendez-vous-store","11":"product_tag-yuketen","12":"entry","14":"first","15":"outofstock","16":"taxable","17":"shipping-taxable","18":"product-type-variable","19":"has-default-attributes"},"acf":[],"yoast_head":"<!-- This site is optimized with the Yoast SEO plugin v24.9 - https:\/\/yoast.com\/wordpress\/plugins\/seo\/ -->\n<title>Yuketen - Stirrup Belt - Oakbark - RENDEZ-VOUS STORE<\/title>\n<meta name=\"robots\" content=\"index, follow, max-snippet:-1, max-image-preview:large, max-video-preview:-1\" \/>\n<link rel=\"canonical\" href=\"https:\/\/rendez-vous-store.com\/fr\/shop\/special-offer-men-rendez-vous-store\/men-accessories-special-offer\/yuketen-stirrup-belt-oakbark-2\/\" \/>\n<meta property=\"og:locale\" content=\"fr_FR\" \/>\n<meta property=\"og:type\" content=\"article\" \/>\n<meta property=\"og:title\" content=\"Yuketen - Stirrup Belt - Oakbark - RENDEZ-VOUS STORE\" \/>\n<meta property=\"og:description\" content=\"Belt from Yuketen Color: Oakbark English Bridle Leather Made in the U.S.A. Width: 2.3cm Size Measurements: 32: Belt length: 94cm\/ Buckle to Hole 1: 90cm 34: Belt length: 99cm\/ Buckle to Hole 1: 96cm 36: Belt length: 104cm\/ Buckle to Hole 1: 99cm 38: Belt length: 110cm\/ Buckle to Hole 1: 106cm 40: Belt length:&hellip; Continue reading Yuketen &#8211; Stirrup Belt &#8211; Oakbark\" \/>\n<meta property=\"og:url\" content=\"https:\/\/rendez-vous-store.com\/fr\/shop\/special-offer-men-rendez-vous-store\/men-accessories-special-offer\/yuketen-stirrup-belt-oakbark-2\/\" \/>\n<meta property=\"og:site_name\" content=\"RENDEZ-VOUS STORE\" \/>\n<meta property=\"article:modified_time\" content=\"2025-01-10T18:35:59+00:00\" \/>\n<meta property=\"og:image\" content=\"https:\/\/rendez-vous-store.com\/wp-content\/uploads\/2022\/08\/rdv_90.jpg\" \/>\n\t<meta property=\"og:image:width\" content=\"1060\" \/>\n\t<meta property=\"og:image:height\" content=\"1600\" \/>\n\t<meta property=\"og:image:type\" content=\"image\/jpeg\" \/>\n<meta name=\"twitter:card\" content=\"summary_large_image\" \/>\n<meta name=\"twitter:label1\" content=\"Est. reading time\" \/>\n\t<meta name=\"twitter:data1\" content=\"1 minute\" \/>\n<script type=\"application\/ld+json\" class=\"yoast-schema-graph\">{\"@context\":\"https:\/\/schema.org\",\"@graph\":[{\"@type\":\"WebPage\",\"@id\":\"https:\/\/rendez-vous-store.com\/shop\/special-offer-men-rendez-vous-store\/men-accessories-special-offer\/yuketen-stirrup-belt-oakbark-2\/\",\"url\":\"https:\/\/rendez-vous-store.com\/shop\/special-offer-men-rendez-vous-store\/men-accessories-special-offer\/yuketen-stirrup-belt-oakbark-2\/\",\"name\":\"Yuketen - Stirrup Belt - Oakbark - RENDEZ-VOUS STORE\",\"isPartOf\":{\"@id\":\"https:\/\/rendez-vous-store.com\/#website\"},\"primaryImageOfPage\":{\"@id\":\"https:\/\/rendez-vous-store.com\/shop\/special-offer-men-rendez-vous-store\/men-accessories-special-offer\/yuketen-stirrup-belt-oakbark-2\/#primaryimage\"},\"image\":{\"@id\":\"https:\/\/rendez-vous-store.com\/shop\/special-offer-men-rendez-vous-store\/men-accessories-special-offer\/yuketen-stirrup-belt-oakbark-2\/#primaryimage\"},\"thumbnailUrl\":\"https:\/\/rendez-vous-store.com\/app\/uploads\/2022\/08\/rdv_90.jpg\",\"datePublished\":\"2022-08-08T13:09:45+00:00\",\"dateModified\":\"2025-01-10T18:35:59+00:00\",\"breadcrumb\":{\"@id\":\"https:\/\/rendez-vous-store.com\/shop\/special-offer-men-rendez-vous-store\/men-accessories-special-offer\/yuketen-stirrup-belt-oakbark-2\/#breadcrumb\"},\"inLanguage\":\"fr-FR\",\"potentialAction\":[{\"@type\":\"ReadAction\",\"target\":[\"https:\/\/rendez-vous-store.com\/shop\/special-offer-men-rendez-vous-store\/men-accessories-special-offer\/yuketen-stirrup-belt-oakbark-2\/\"]}]},{\"@type\":\"ImageObject\",\"inLanguage\":\"fr-FR\",\"@id\":\"https:\/\/rendez-vous-store.com\/shop\/special-offer-men-rendez-vous-store\/men-accessories-special-offer\/yuketen-stirrup-belt-oakbark-2\/#primaryimage\",\"url\":\"https:\/\/rendez-vous-store.com\/app\/uploads\/2022\/08\/rdv_90.jpg\",\"contentUrl\":\"https:\/\/rendez-vous-store.com\/app\/uploads\/2022\/08\/rdv_90.jpg\",\"width\":1060,\"height\":1600},{\"@type\":\"BreadcrumbList\",\"@id\":\"https:\/\/rendez-vous-store.com\/shop\/special-offer-men-rendez-vous-store\/men-accessories-special-offer\/yuketen-stirrup-belt-oakbark-2\/#breadcrumb\",\"itemListElement\":[{\"@type\":\"ListItem\",\"position\":1,\"name\":\"Home\",\"item\":\"https:\/\/rendez-vous-store.com\/\"},{\"@type\":\"ListItem\",\"position\":2,\"name\":\"Shop\",\"item\":\"https:\/\/www.rendez-vous-store.com\/shop\/\"},{\"@type\":\"ListItem\",\"position\":3,\"name\":\"Yuketen &#8211; Stirrup Belt &#8211; Oakbark\"}]},{\"@type\":\"WebSite\",\"@id\":\"https:\/\/rendez-vous-store.com\/#website\",\"url\":\"https:\/\/rendez-vous-store.com\/\",\"name\":\"RENDEZ-VOUS STORE\",\"description\":\"Slow Fashion for Women and Men\",\"potentialAction\":[{\"@type\":\"SearchAction\",\"target\":{\"@type\":\"EntryPoint\",\"urlTemplate\":\"https:\/\/rendez-vous-store.com\/?s={search_term_string}\"},\"query-input\":{\"@type\":\"PropertyValueSpecification\",\"valueRequired\":true,\"valueName\":\"search_term_string\"}}],\"inLanguage\":\"fr-FR\"}]}<\/script>\n<!-- \/ Yoast SEO plugin. -->","yoast_head_json":{"title":"Yuketen - Stirrup Belt - Oakbark - RENDEZ-VOUS STORE","robots":{"index":"index","follow":"follow","max-snippet":"max-snippet:-1","max-image-preview":"max-image-preview:large","max-video-preview":"max-video-preview:-1"},"canonical":"https:\/\/rendez-vous-store.com\/fr\/shop\/special-offer-men-rendez-vous-store\/men-accessories-special-offer\/yuketen-stirrup-belt-oakbark-2\/","og_locale":"fr_FR","og_type":"article","og_title":"Yuketen - Stirrup Belt - Oakbark - RENDEZ-VOUS STORE","og_description":"Belt from Yuketen Color: Oakbark English Bridle Leather Made in the U.S.A. Width: 2.3cm Size Measurements: 32: Belt length: 94cm\/ Buckle to Hole 1: 90cm 34: Belt length: 99cm\/ Buckle to Hole 1: 96cm 36: Belt length: 104cm\/ Buckle to Hole 1: 99cm 38: Belt length: 110cm\/ Buckle to Hole 1: 106cm 40: Belt length:&hellip; Continue reading Yuketen &#8211; Stirrup Belt &#8211; Oakbark","og_url":"https:\/\/rendez-vous-store.com\/fr\/shop\/special-offer-men-rendez-vous-store\/men-accessories-special-offer\/yuketen-stirrup-belt-oakbark-2\/","og_site_name":"RENDEZ-VOUS STORE","article_modified_time":"2025-01-10T18:35:59+00:00","og_image":[{"width":1060,"height":1600,"url":"https:\/\/rendez-vous-store.com\/wp-content\/uploads\/2022\/08\/rdv_90.jpg","type":"image\/jpeg"}],"twitter_card":"summary_large_image","twitter_misc":{"Est. reading time":"1 minute"},"schema":{"@context":"https:\/\/schema.org","@graph":[{"@type":"WebPage","@id":"https:\/\/rendez-vous-store.com\/shop\/special-offer-men-rendez-vous-store\/men-accessories-special-offer\/yuketen-stirrup-belt-oakbark-2\/","url":"https:\/\/rendez-vous-store.com\/shop\/special-offer-men-rendez-vous-store\/men-accessories-special-offer\/yuketen-stirrup-belt-oakbark-2\/","name":"Yuketen - Stirrup Belt - Oakbark - RENDEZ-VOUS STORE","isPartOf":{"@id":"https:\/\/rendez-vous-store.com\/#website"},"primaryImageOfPage":{"@id":"https:\/\/rendez-vous-store.com\/shop\/special-offer-men-rendez-vous-store\/men-accessories-special-offer\/yuketen-stirrup-belt-oakbark-2\/#primaryimage"},"image":{"@id":"https:\/\/rendez-vous-store.com\/shop\/special-offer-men-rendez-vous-store\/men-accessories-special-offer\/yuketen-stirrup-belt-oakbark-2\/#primaryimage"},"thumbnailUrl":"https:\/\/rendez-vous-store.com\/app\/uploads\/2022\/08\/rdv_90.jpg","datePublished":"2022-08-08T13:09:45+00:00","dateModified":"2025-01-10T18:35:59+00:00","breadcrumb":{"@id":"https:\/\/rendez-vous-store.com\/shop\/special-offer-men-rendez-vous-store\/men-accessories-special-offer\/yuketen-stirrup-belt-oakbark-2\/#breadcrumb"},"inLanguage":"fr-FR","potentialAction":[{"@type":"ReadAction","target":["https:\/\/rendez-vous-store.com\/shop\/special-offer-men-rendez-vous-store\/men-accessories-special-offer\/yuketen-stirrup-belt-oakbark-2\/"]}]},{"@type":"ImageObject","inLanguage":"fr-FR","@id":"https:\/\/rendez-vous-store.com\/shop\/special-offer-men-rendez-vous-store\/men-accessories-special-offer\/yuketen-stirrup-belt-oakbark-2\/#primaryimage","url":"https:\/\/rendez-vous-store.com\/app\/uploads\/2022\/08\/rdv_90.jpg","contentUrl":"https:\/\/rendez-vous-store.com\/app\/uploads\/2022\/08\/rdv_90.jpg","width":1060,"height":1600},{"@type":"BreadcrumbList","@id":"https:\/\/rendez-vous-store.com\/shop\/special-offer-men-rendez-vous-store\/men-accessories-special-offer\/yuketen-stirrup-belt-oakbark-2\/#breadcrumb","itemListElement":[{"@type":"ListItem","position":1,"name":"Home","item":"https:\/\/rendez-vous-store.com\/"},{"@type":"ListItem","position":2,"name":"Shop","item":"https:\/\/www.rendez-vous-store.com\/shop\/"},{"@type":"ListItem","position":3,"name":"Yuketen &#8211; Stirrup Belt &#8211; Oakbark"}]},{"@type":"WebSite","@id":"https:\/\/rendez-vous-store.com\/#website","url":"https:\/\/rendez-vous-store.com\/","name":"RENDEZ-VOUS STORE","description":"Slow Fashion for Women and Men","potentialAction":[{"@type":"SearchAction","target":{"@type":"EntryPoint","urlTemplate":"https:\/\/rendez-vous-store.com\/?s={search_term_string}"},"query-input":{"@type":"PropertyValueSpecification","valueRequired":true,"valueName":"search_term_string"}}],"inLanguage":"fr-FR"}]}},"_links":{"self":[{"href":"https:\/\/rendez-vous-store.com\/fr\/wp-json\/wp\/v2\/product\/69940","targetHints":{"allow":["GET"]}}],"collection":[{"href":"https:\/\/rendez-vous-store.com\/fr\/wp-json\/wp\/v2\/product"}],"about":[{"href":"https:\/\/rendez-vous-store.com\/fr\/wp-json\/wp\/v2\/types\/product"}],"wp:featuredmedia":[{"embeddable":true,"href":"https:\/\/rendez-vous-store.com\/fr\/wp-json\/wp\/v2\/media\/83122"}],"wp:attachment":[{"href":"https:\/\/rendez-vous-store.com\/fr\/wp-json\/wp\/v2\/media?parent=69940"}],"wp:term":[{"taxonomy":"product_brand","embeddable":true,"href":"https:\/\/rendez-vous-store.com\/fr\/wp-json\/wp\/v2\/product_brand?post=69940"},{"taxonomy":"product_cat","embeddable":true,"href":"https:\/\/rendez-vous-store.com\/fr\/wp-json\/wp\/v2\/product_cat?post=69940"},{"taxonomy":"product_tag","embeddable":true,"href":"https:\/\/rendez-vous-store.com\/fr\/wp-json\/wp\/v2\/product_tag?post=69940"}],"curies":[{"name":"wp","href":"https:\/\/api.w.org\/{rel}","templated":true}]}}