{"id":69850,"date":"2022-08-08T15:08:56","date_gmt":"2022-08-08T13:08:56","guid":{"rendered":"https:\/\/www.rendez-vous-store.com\/?post_type=product&#038;p=69850"},"modified":"2026-03-16T16:36:00","modified_gmt":"2026-03-16T15:36:00","slug":"yuketen-ghilie-moc-brown","status":"publish","type":"product","link":"https:\/\/rendez-vous-store.com\/fr\/shop\/special-offer-men-rendez-vous-store\/men-shoes-special-offer-rendez-vous-store\/yuketen-ghilie-moc-brown\/","title":{"rendered":"Yuketen - Ghilie Moc - Marron"},"content":{"rendered":"<ul id=\"yui_3_17_2_1_1632393796915_655\" data-rte-list=\"default\">\n<li>Mocassin de Yuketen<\/li>\n<li>Couleur : Marron<\/li>\n<li>Cuir de buffle Horween's Chromexcel pleine fleur<\/li>\n<li>Semelle int\u00e9rieure en cuir, tuck en cuir, tige, mousse \u00e0 m\u00e9moire de forme, soutien de la vo\u00fbte plantaire.<\/li>\n<li>Semelle interm\u00e9diaire en cuir de qualit\u00e9 sup\u00e9rieure + semelle interm\u00e9diaire en caoutchouc + semelle Rocker originale de Yuketen<\/li>\n<li>Lacet en cuir de vache v\u00e9ritable<\/li>\n<li>D\u00e9coup\u00e9, coul\u00e9 et cousu \u00e0 la main<\/li>\n<li>8 couches de cuir, caoutchouc et compos\u00e9 de PU Unit\u00e9 de fond<\/li>\n<li>Construction en mocassin v\u00e9ritable<\/li>\n<li>Mocassin le plus aim\u00e9 des ann\u00e9es 1950 Dernier<\/li>\n<li>Fabriqu\u00e9 \u00e0 la main aux \u00c9tats-Unis<\/li>\n<\/ul>\n<p>&nbsp;<\/p>","protected":false},"excerpt":{"rendered":"<p>Moccasin from Yuketen Color: Brown Horween\u2019s Full-Grain Chromexcel Pull-Up Leather Leather Insole + Leather Tuck + Shank + Memory Foam + Arch Support Outsole-Grade Leather Midsole + Rubber Midsole + Yuketen\u2019s Original Rocker Sole Genuine Cow Hide Leather Shoelace Hand-Cut, Hand-Lasted, and Hand-Stitched 8 Layers of Leather, Rubber &amp; PU Compound Bottoming Unit Genuine Moccasin&hellip; <a class=\"more-link\" href=\"https:\/\/rendez-vous-store.com\/fr\/shop\/special-offer-men-rendez-vous-store\/men-shoes-special-offer-rendez-vous-store\/yuketen-ghilie-moc-brown\/\">Continuer la lecture <span class=\"screen-reader-text\">Yuketen - Ghilie Moc - Marron<\/span><\/a><\/p>","protected":false},"featured_media":38877,"template":"","meta":{"_acf_changed":false},"product_brand":[],"product_cat":[1292,1357,1350,1137,1157],"product_tag":[],"class_list":{"0":"post-69850","1":"product","2":"type-product","3":"status-publish","4":"has-post-thumbnail","6":"product_cat-1292","7":"product_cat-men-shoes-special-offer-rendez-vous-store","8":"product_cat-special-offer-men-rendez-vous-store","9":"product_cat-last-pieces-men","10":"product_cat-last-pieces-men-shoes-rendez-vous-store","11":"entry","13":"first","14":"outofstock","15":"taxable","16":"shipping-taxable","17":"product-type-variable","18":"has-default-attributes"},"acf":[],"yoast_head":"<!-- This site is optimized with the Yoast SEO plugin v24.9 - https:\/\/yoast.com\/wordpress\/plugins\/seo\/ -->\n<title>Yuketen - Ghilie Moc - Brown - RENDEZ-VOUS STORE<\/title>\n<meta name=\"robots\" content=\"index, follow, max-snippet:-1, max-image-preview:large, max-video-preview:-1\" \/>\n<link rel=\"canonical\" href=\"https:\/\/rendez-vous-store.com\/fr\/shop\/special-offer-men-rendez-vous-store\/men-shoes-special-offer-rendez-vous-store\/yuketen-ghilie-moc-brown\/\" \/>\n<meta property=\"og:locale\" content=\"fr_FR\" \/>\n<meta property=\"og:type\" content=\"article\" \/>\n<meta property=\"og:title\" content=\"Yuketen - Ghilie Moc - Brown - RENDEZ-VOUS STORE\" \/>\n<meta property=\"og:description\" content=\"Moccasin from Yuketen Color: Brown Horween\u2019s Full-Grain Chromexcel Pull-Up Leather Leather Insole + Leather Tuck + Shank + Memory Foam + Arch Support Outsole-Grade Leather Midsole + Rubber Midsole + Yuketen\u2019s Original Rocker Sole Genuine Cow Hide Leather Shoelace Hand-Cut, Hand-Lasted, and Hand-Stitched 8 Layers of Leather, Rubber &amp; PU Compound Bottoming Unit Genuine Moccasin&hellip; Continue reading Yuketen &#8211; Ghilie Moc &#8211; Brown\" \/>\n<meta property=\"og:url\" content=\"https:\/\/rendez-vous-store.com\/fr\/shop\/special-offer-men-rendez-vous-store\/men-shoes-special-offer-rendez-vous-store\/yuketen-ghilie-moc-brown\/\" \/>\n<meta property=\"og:site_name\" content=\"RENDEZ-VOUS STORE\" \/>\n<meta property=\"article:modified_time\" content=\"2026-03-16T15:36:00+00:00\" \/>\n<meta property=\"og:image\" content=\"https:\/\/rendez-vous-store.com\/app\/uploads\/2022\/07\/rdv_store_121-9.jpg\" \/>\n\t<meta property=\"og:image:width\" content=\"1060\" \/>\n\t<meta property=\"og:image:height\" content=\"1600\" \/>\n\t<meta property=\"og:image:type\" content=\"image\/jpeg\" \/>\n<meta name=\"twitter:card\" content=\"summary_large_image\" \/>\n<meta name=\"twitter:label1\" content=\"Est. reading time\" \/>\n\t<meta name=\"twitter:data1\" content=\"1 minute\" \/>\n<script type=\"application\/ld+json\" class=\"yoast-schema-graph\">{\"@context\":\"https:\/\/schema.org\",\"@graph\":[{\"@type\":\"WebPage\",\"@id\":\"https:\/\/rendez-vous-store.com\/shop\/special-offer-men-rendez-vous-store\/men-shoes-special-offer-rendez-vous-store\/yuketen-ghilie-moc-brown\/\",\"url\":\"https:\/\/rendez-vous-store.com\/shop\/special-offer-men-rendez-vous-store\/men-shoes-special-offer-rendez-vous-store\/yuketen-ghilie-moc-brown\/\",\"name\":\"Yuketen - Ghilie Moc - Brown - RENDEZ-VOUS STORE\",\"isPartOf\":{\"@id\":\"https:\/\/rendez-vous-store.com\/#website\"},\"primaryImageOfPage\":{\"@id\":\"https:\/\/rendez-vous-store.com\/shop\/special-offer-men-rendez-vous-store\/men-shoes-special-offer-rendez-vous-store\/yuketen-ghilie-moc-brown\/#primaryimage\"},\"image\":{\"@id\":\"https:\/\/rendez-vous-store.com\/shop\/special-offer-men-rendez-vous-store\/men-shoes-special-offer-rendez-vous-store\/yuketen-ghilie-moc-brown\/#primaryimage\"},\"thumbnailUrl\":\"https:\/\/rendez-vous-store.com\/app\/uploads\/2022\/07\/rdv_store_121-9.jpg\",\"datePublished\":\"2022-08-08T13:08:56+00:00\",\"dateModified\":\"2026-03-16T15:36:00+00:00\",\"breadcrumb\":{\"@id\":\"https:\/\/rendez-vous-store.com\/shop\/special-offer-men-rendez-vous-store\/men-shoes-special-offer-rendez-vous-store\/yuketen-ghilie-moc-brown\/#breadcrumb\"},\"inLanguage\":\"fr-FR\",\"potentialAction\":[{\"@type\":\"ReadAction\",\"target\":[\"https:\/\/rendez-vous-store.com\/shop\/special-offer-men-rendez-vous-store\/men-shoes-special-offer-rendez-vous-store\/yuketen-ghilie-moc-brown\/\"]}]},{\"@type\":\"ImageObject\",\"inLanguage\":\"fr-FR\",\"@id\":\"https:\/\/rendez-vous-store.com\/shop\/special-offer-men-rendez-vous-store\/men-shoes-special-offer-rendez-vous-store\/yuketen-ghilie-moc-brown\/#primaryimage\",\"url\":\"https:\/\/rendez-vous-store.com\/app\/uploads\/2022\/07\/rdv_store_121-9.jpg\",\"contentUrl\":\"https:\/\/rendez-vous-store.com\/app\/uploads\/2022\/07\/rdv_store_121-9.jpg\",\"width\":1060,\"height\":1600},{\"@type\":\"BreadcrumbList\",\"@id\":\"https:\/\/rendez-vous-store.com\/shop\/special-offer-men-rendez-vous-store\/men-shoes-special-offer-rendez-vous-store\/yuketen-ghilie-moc-brown\/#breadcrumb\",\"itemListElement\":[{\"@type\":\"ListItem\",\"position\":1,\"name\":\"Home\",\"item\":\"https:\/\/rendez-vous-store.com\/\"},{\"@type\":\"ListItem\",\"position\":2,\"name\":\"Shop\",\"item\":\"https:\/\/www.rendez-vous-store.com\/shop\/\"},{\"@type\":\"ListItem\",\"position\":3,\"name\":\"Yuketen &#8211; Ghilie Moc &#8211; Brown\"}]},{\"@type\":\"WebSite\",\"@id\":\"https:\/\/rendez-vous-store.com\/#website\",\"url\":\"https:\/\/rendez-vous-store.com\/\",\"name\":\"RENDEZ-VOUS STORE\",\"description\":\"Slow Fashion for Women and Men\",\"potentialAction\":[{\"@type\":\"SearchAction\",\"target\":{\"@type\":\"EntryPoint\",\"urlTemplate\":\"https:\/\/rendez-vous-store.com\/?s={search_term_string}\"},\"query-input\":{\"@type\":\"PropertyValueSpecification\",\"valueRequired\":true,\"valueName\":\"search_term_string\"}}],\"inLanguage\":\"fr-FR\"}]}<\/script>\n<!-- \/ Yoast SEO plugin. -->","yoast_head_json":{"title":"Yuketen - Ghilie Moc - Brown - RENDEZ-VOUS STORE","robots":{"index":"index","follow":"follow","max-snippet":"max-snippet:-1","max-image-preview":"max-image-preview:large","max-video-preview":"max-video-preview:-1"},"canonical":"https:\/\/rendez-vous-store.com\/fr\/shop\/special-offer-men-rendez-vous-store\/men-shoes-special-offer-rendez-vous-store\/yuketen-ghilie-moc-brown\/","og_locale":"fr_FR","og_type":"article","og_title":"Yuketen - Ghilie Moc - Brown - RENDEZ-VOUS STORE","og_description":"Moccasin from Yuketen Color: Brown Horween\u2019s Full-Grain Chromexcel Pull-Up Leather Leather Insole + Leather Tuck + Shank + Memory Foam + Arch Support Outsole-Grade Leather Midsole + Rubber Midsole + Yuketen\u2019s Original Rocker Sole Genuine Cow Hide Leather Shoelace Hand-Cut, Hand-Lasted, and Hand-Stitched 8 Layers of Leather, Rubber &amp; PU Compound Bottoming Unit Genuine Moccasin&hellip; Continue reading Yuketen &#8211; Ghilie Moc &#8211; Brown","og_url":"https:\/\/rendez-vous-store.com\/fr\/shop\/special-offer-men-rendez-vous-store\/men-shoes-special-offer-rendez-vous-store\/yuketen-ghilie-moc-brown\/","og_site_name":"RENDEZ-VOUS STORE","article_modified_time":"2026-03-16T15:36:00+00:00","og_image":[{"width":1060,"height":1600,"url":"https:\/\/rendez-vous-store.com\/app\/uploads\/2022\/07\/rdv_store_121-9.jpg","type":"image\/jpeg"}],"twitter_card":"summary_large_image","twitter_misc":{"Est. reading time":"1 minute"},"schema":{"@context":"https:\/\/schema.org","@graph":[{"@type":"WebPage","@id":"https:\/\/rendez-vous-store.com\/shop\/special-offer-men-rendez-vous-store\/men-shoes-special-offer-rendez-vous-store\/yuketen-ghilie-moc-brown\/","url":"https:\/\/rendez-vous-store.com\/shop\/special-offer-men-rendez-vous-store\/men-shoes-special-offer-rendez-vous-store\/yuketen-ghilie-moc-brown\/","name":"Yuketen - Ghilie Moc - Brown - RENDEZ-VOUS STORE","isPartOf":{"@id":"https:\/\/rendez-vous-store.com\/#website"},"primaryImageOfPage":{"@id":"https:\/\/rendez-vous-store.com\/shop\/special-offer-men-rendez-vous-store\/men-shoes-special-offer-rendez-vous-store\/yuketen-ghilie-moc-brown\/#primaryimage"},"image":{"@id":"https:\/\/rendez-vous-store.com\/shop\/special-offer-men-rendez-vous-store\/men-shoes-special-offer-rendez-vous-store\/yuketen-ghilie-moc-brown\/#primaryimage"},"thumbnailUrl":"https:\/\/rendez-vous-store.com\/app\/uploads\/2022\/07\/rdv_store_121-9.jpg","datePublished":"2022-08-08T13:08:56+00:00","dateModified":"2026-03-16T15:36:00+00:00","breadcrumb":{"@id":"https:\/\/rendez-vous-store.com\/shop\/special-offer-men-rendez-vous-store\/men-shoes-special-offer-rendez-vous-store\/yuketen-ghilie-moc-brown\/#breadcrumb"},"inLanguage":"fr-FR","potentialAction":[{"@type":"ReadAction","target":["https:\/\/rendez-vous-store.com\/shop\/special-offer-men-rendez-vous-store\/men-shoes-special-offer-rendez-vous-store\/yuketen-ghilie-moc-brown\/"]}]},{"@type":"ImageObject","inLanguage":"fr-FR","@id":"https:\/\/rendez-vous-store.com\/shop\/special-offer-men-rendez-vous-store\/men-shoes-special-offer-rendez-vous-store\/yuketen-ghilie-moc-brown\/#primaryimage","url":"https:\/\/rendez-vous-store.com\/app\/uploads\/2022\/07\/rdv_store_121-9.jpg","contentUrl":"https:\/\/rendez-vous-store.com\/app\/uploads\/2022\/07\/rdv_store_121-9.jpg","width":1060,"height":1600},{"@type":"BreadcrumbList","@id":"https:\/\/rendez-vous-store.com\/shop\/special-offer-men-rendez-vous-store\/men-shoes-special-offer-rendez-vous-store\/yuketen-ghilie-moc-brown\/#breadcrumb","itemListElement":[{"@type":"ListItem","position":1,"name":"Home","item":"https:\/\/rendez-vous-store.com\/"},{"@type":"ListItem","position":2,"name":"Shop","item":"https:\/\/www.rendez-vous-store.com\/shop\/"},{"@type":"ListItem","position":3,"name":"Yuketen &#8211; Ghilie Moc &#8211; Brown"}]},{"@type":"WebSite","@id":"https:\/\/rendez-vous-store.com\/#website","url":"https:\/\/rendez-vous-store.com\/","name":"RENDEZ-VOUS STORE","description":"Slow Fashion for Women and Men","potentialAction":[{"@type":"SearchAction","target":{"@type":"EntryPoint","urlTemplate":"https:\/\/rendez-vous-store.com\/?s={search_term_string}"},"query-input":{"@type":"PropertyValueSpecification","valueRequired":true,"valueName":"search_term_string"}}],"inLanguage":"fr-FR"}]}},"_links":{"self":[{"href":"https:\/\/rendez-vous-store.com\/fr\/wp-json\/wp\/v2\/product\/69850","targetHints":{"allow":["GET"]}}],"collection":[{"href":"https:\/\/rendez-vous-store.com\/fr\/wp-json\/wp\/v2\/product"}],"about":[{"href":"https:\/\/rendez-vous-store.com\/fr\/wp-json\/wp\/v2\/types\/product"}],"wp:featuredmedia":[{"embeddable":true,"href":"https:\/\/rendez-vous-store.com\/fr\/wp-json\/wp\/v2\/media\/38877"}],"wp:attachment":[{"href":"https:\/\/rendez-vous-store.com\/fr\/wp-json\/wp\/v2\/media?parent=69850"}],"wp:term":[{"taxonomy":"product_brand","embeddable":true,"href":"https:\/\/rendez-vous-store.com\/fr\/wp-json\/wp\/v2\/product_brand?post=69850"},{"taxonomy":"product_cat","embeddable":true,"href":"https:\/\/rendez-vous-store.com\/fr\/wp-json\/wp\/v2\/product_cat?post=69850"},{"taxonomy":"product_tag","embeddable":true,"href":"https:\/\/rendez-vous-store.com\/fr\/wp-json\/wp\/v2\/product_tag?post=69850"}],"curies":[{"name":"wp","href":"https:\/\/api.w.org\/{rel}","templated":true}]}}