{"id":68741,"date":"2022-08-08T14:58:39","date_gmt":"2022-08-08T12:58:39","guid":{"rendered":"https:\/\/www.rendez-vous-store.com\/?post_type=product&#038;p=68741"},"modified":"2025-05-06T17:39:44","modified_gmt":"2025-05-06T15:39:44","slug":"toujours-shawl-collar-gown-coat-km35lc01-glen-plaid-rendez-vous-store","status":"publish","type":"product","link":"https:\/\/rendez-vous-store.com\/fr\/shop\/last-pieces-women-rendez-vous-store\/last-pieces-coat-jacket-rendez-vous-store\/toujours-shawl-collar-gown-coat-km35lc01-glen-plaid-rendez-vous-store\/","title":{"rendered":"Toujours - Manteau \u00e0 col ch\u00e2le KM35LC01 - Glen Plaid"},"content":{"rendered":"<p><strong>Toujours - Manteau \u00e0 col ch\u00e2le KM35LC01 - Glen Plaid<\/strong><\/p>\n<p>Couleur : Glen Plaid<\/p>\n<p>Poches plaqu\u00e9es sur le devant<\/p>\n<p>Fermeture par ceinture<\/p>\n<p>\u00c9paules tombantes<\/p>\n<p>Composition : 49% Laine - 49% Soie - 2% Cachemire<\/p>\n<p>Fabriqu\u00e9 au Japon<\/p>\n<p>Ma\u00e9va mesure 168 cm<\/p>\n<p>Taille du mod\u00e8le : 1<\/p>\n<p>\u00c9paules : 55cm - Buste : 66cm - Manches : 50 - Longueur : 110cm<\/p>\n<p>&nbsp;<\/p>\n<p>&nbsp;<\/p>\n<p>&nbsp;<\/p>\n<p>&nbsp;<\/p>\n<p>&nbsp;<\/p>\n<h4>La marque<\/h4>\n<div class=\"flex-1 overflow-hidden\">\n<div class=\"react-scroll-to-bottom--css-byiyp-79elbk h-full\">\n<div class=\"react-scroll-to-bottom--css-byiyp-1n7m0yu\">\n<div class=\"flex flex-col text-sm pb-9\">\n<div class=\"w-full text-token-text-primary\" dir=\"auto\" data-testid=\"conversation-turn-3\">\n<div class=\"px-4 py-2 justify-center text-base md:gap-6 m-auto\">\n<div class=\"flex flex-1 text-base mx-auto gap-3 juice:gap-4 juice:md:gap-6 md:px-5 lg:px-1 xl:px-5 md:max-w-3xl lg:max-w-[40rem] xl:max-w-[48rem]\">\n<div class=\"relative flex w-full flex-col agent-turn\">\n<div class=\"flex-col gap-1 md:gap-3\">\n<div class=\"flex flex-grow flex-col max-w-full\">\n<div class=\"min-h-[20px] text-message flex flex-col items-start gap-3 whitespace-pre-wrap break-words [.text-message+&amp;]:mt-5 overflow-x-auto\" dir=\"auto\" data-message-author-role=\"assistant\" data-message-id=\"e15d9e91-364d-4d9c-acb7-0c2757e9baea\">\n<div class=\"markdown prose w-full break-words dark:prose-invert light\">\n<p>Masayo SHIMENDO, un designer avec une riche exp\u00e9rience en design graphique et une grande exp\u00e9rience dans la conception d'emballages et les relations publiques pour les journaux, dirige TOUJOURS. Avec un sens aigu du d\u00e9tail et une passion pour l'esth\u00e9tique, Masayo SHIMENDO insuffle \u00e0 TOUJOURS un style distinctif qui trouve un \u00e9cho aupr\u00e8s de ceux qui cherchent \u00e0 rehausser leur tenue de tous les jours. S'inspirant du monde naturel, la marque privil\u00e9gie l'utilisation de mati\u00e8res naturelles soigneusement s\u00e9lectionn\u00e9es. Chacune d'entre elles est choisie pour mettre en valeur la texture et l'expression du v\u00eatement.<\/p>\n<p>Par essence, TOUJOURS est plus qu'une marque de v\u00eatements. C'est une c\u00e9l\u00e9bration de la vie quotidienne \u00e0 travers la mode. En mettant l'accent sur la qualit\u00e9, le confort et le style, TOUJOURS vous invite \u00e0 vivre chaque jour avec confiance et brio, en sachant que vous \u00eates v\u00eatue de v\u00eatements aussi beaux que fonctionnels.<\/p>\n<\/div>\n<\/div>\n<\/div>\n<\/div>\n<\/div>\n<\/div>\n<\/div>\n<\/div>\n<\/div>\n<\/div>\n<\/div>\n<\/div>\n<p>&nbsp;<\/p>","protected":false},"excerpt":{"rendered":"<p>Toujours &#8211; Shawl Collar Gown Coat KM35LC01 &#8211; Glen Plaid Color: Glen Plaid Front patch pockets Belt closure Dropped shoulders Composition: 49% Wool &#8211; 49% Silk &#8211; 2% Cashmere Made in Japan Ma\u00e9va is 168cm tall Model size: 1 Shoulders: 55cm &#8211; Bust: 66cm &#8211; Sleeves: 50 &#8211; Length: 110cm &nbsp; &nbsp; &nbsp; &nbsp; &nbsp;&hellip; <a class=\"more-link\" href=\"https:\/\/rendez-vous-store.com\/fr\/shop\/last-pieces-women-rendez-vous-store\/last-pieces-coat-jacket-rendez-vous-store\/toujours-shawl-collar-gown-coat-km35lc01-glen-plaid-rendez-vous-store\/\">Continuer la lecture <span class=\"screen-reader-text\">Toujours - Manteau \u00e0 col ch\u00e2le KM35LC01 - Glen Plaid<\/span><\/a><\/p>","protected":false},"featured_media":38014,"template":"","meta":{"_acf_changed":false},"product_brand":[],"product_cat":[1292,1138,1139],"product_tag":[],"class_list":{"0":"post-68741","1":"product","2":"type-product","3":"status-publish","4":"has-post-thumbnail","6":"product_cat-1292","7":"product_cat-last-pieces-women-rendez-vous-store","8":"product_cat-last-pieces-coat-jacket-rendez-vous-store","9":"entry","11":"first","12":"outofstock","13":"taxable","14":"shipping-taxable","15":"product-type-variable"},"acf":[],"yoast_head":"<!-- This site is optimized with the Yoast SEO plugin v24.9 - https:\/\/yoast.com\/wordpress\/plugins\/seo\/ -->\n<title>Toujours Shawl Collar Gown Coat KM35LC01 Glen Plaid<\/title>\n<meta name=\"description\" content=\"This Toujours Shawl Collar Gown Coat KM35LC01 Glen Plaid perfectly represents the value of the brand by using the natural materials. Discover now.\" \/>\n<meta name=\"robots\" content=\"index, follow, max-snippet:-1, max-image-preview:large, max-video-preview:-1\" \/>\n<link rel=\"canonical\" href=\"https:\/\/rendez-vous-store.com\/fr\/shop\/last-pieces-women-rendez-vous-store\/last-pieces-coat-jacket-rendez-vous-store\/toujours-shawl-collar-gown-coat-km35lc01-glen-plaid-rendez-vous-store\/\" \/>\n<meta property=\"og:locale\" content=\"fr_FR\" \/>\n<meta property=\"og:type\" content=\"article\" \/>\n<meta property=\"og:title\" content=\"Toujours Shawl Collar Gown Coat KM35LC01 Glen Plaid\" \/>\n<meta property=\"og:description\" content=\"This Toujours Shawl Collar Gown Coat KM35LC01 Glen Plaid perfectly represents the value of the brand by using the natural materials. Discover now.\" \/>\n<meta property=\"og:url\" content=\"https:\/\/rendez-vous-store.com\/fr\/shop\/last-pieces-women-rendez-vous-store\/last-pieces-coat-jacket-rendez-vous-store\/toujours-shawl-collar-gown-coat-km35lc01-glen-plaid-rendez-vous-store\/\" \/>\n<meta property=\"og:site_name\" content=\"RENDEZ-VOUS STORE\" \/>\n<meta property=\"article:modified_time\" content=\"2025-05-06T15:39:44+00:00\" \/>\n<meta property=\"og:image\" content=\"https:\/\/rendez-vous-store.com\/wp-content\/uploads\/2022\/07\/rdv_women_08-32.jpg\" \/>\n\t<meta property=\"og:image:width\" content=\"1060\" \/>\n\t<meta property=\"og:image:height\" content=\"1600\" \/>\n\t<meta property=\"og:image:type\" content=\"image\/jpeg\" \/>\n<meta name=\"twitter:card\" content=\"summary_large_image\" \/>\n<meta name=\"twitter:label1\" content=\"Est. reading time\" \/>\n\t<meta name=\"twitter:data1\" content=\"1 minute\" \/>\n<script type=\"application\/ld+json\" class=\"yoast-schema-graph\">{\"@context\":\"https:\/\/schema.org\",\"@graph\":[{\"@type\":\"WebPage\",\"@id\":\"https:\/\/rendez-vous-store.com\/shop\/last-pieces-women-rendez-vous-store\/last-pieces-coat-jacket-rendez-vous-store\/toujours-shawl-collar-gown-coat-km35lc01-glen-plaid-rendez-vous-store\/\",\"url\":\"https:\/\/rendez-vous-store.com\/shop\/last-pieces-women-rendez-vous-store\/last-pieces-coat-jacket-rendez-vous-store\/toujours-shawl-collar-gown-coat-km35lc01-glen-plaid-rendez-vous-store\/\",\"name\":\"Toujours Shawl Collar Gown Coat KM35LC01 Glen Plaid\",\"isPartOf\":{\"@id\":\"https:\/\/rendez-vous-store.com\/#website\"},\"primaryImageOfPage\":{\"@id\":\"https:\/\/rendez-vous-store.com\/shop\/last-pieces-women-rendez-vous-store\/last-pieces-coat-jacket-rendez-vous-store\/toujours-shawl-collar-gown-coat-km35lc01-glen-plaid-rendez-vous-store\/#primaryimage\"},\"image\":{\"@id\":\"https:\/\/rendez-vous-store.com\/shop\/last-pieces-women-rendez-vous-store\/last-pieces-coat-jacket-rendez-vous-store\/toujours-shawl-collar-gown-coat-km35lc01-glen-plaid-rendez-vous-store\/#primaryimage\"},\"thumbnailUrl\":\"https:\/\/rendez-vous-store.com\/app\/uploads\/2022\/07\/rdv_women_08-32.jpg\",\"datePublished\":\"2022-08-08T12:58:39+00:00\",\"dateModified\":\"2025-05-06T15:39:44+00:00\",\"description\":\"This Toujours Shawl Collar Gown Coat KM35LC01 Glen Plaid perfectly represents the value of the brand by using the natural materials. Discover now.\",\"breadcrumb\":{\"@id\":\"https:\/\/rendez-vous-store.com\/shop\/last-pieces-women-rendez-vous-store\/last-pieces-coat-jacket-rendez-vous-store\/toujours-shawl-collar-gown-coat-km35lc01-glen-plaid-rendez-vous-store\/#breadcrumb\"},\"inLanguage\":\"fr-FR\",\"potentialAction\":[{\"@type\":\"ReadAction\",\"target\":[\"https:\/\/rendez-vous-store.com\/shop\/last-pieces-women-rendez-vous-store\/last-pieces-coat-jacket-rendez-vous-store\/toujours-shawl-collar-gown-coat-km35lc01-glen-plaid-rendez-vous-store\/\"]}]},{\"@type\":\"ImageObject\",\"inLanguage\":\"fr-FR\",\"@id\":\"https:\/\/rendez-vous-store.com\/shop\/last-pieces-women-rendez-vous-store\/last-pieces-coat-jacket-rendez-vous-store\/toujours-shawl-collar-gown-coat-km35lc01-glen-plaid-rendez-vous-store\/#primaryimage\",\"url\":\"https:\/\/rendez-vous-store.com\/app\/uploads\/2022\/07\/rdv_women_08-32.jpg\",\"contentUrl\":\"https:\/\/rendez-vous-store.com\/app\/uploads\/2022\/07\/rdv_women_08-32.jpg\",\"width\":1060,\"height\":1600},{\"@type\":\"BreadcrumbList\",\"@id\":\"https:\/\/rendez-vous-store.com\/shop\/last-pieces-women-rendez-vous-store\/last-pieces-coat-jacket-rendez-vous-store\/toujours-shawl-collar-gown-coat-km35lc01-glen-plaid-rendez-vous-store\/#breadcrumb\",\"itemListElement\":[{\"@type\":\"ListItem\",\"position\":1,\"name\":\"Home\",\"item\":\"https:\/\/rendez-vous-store.com\/\"},{\"@type\":\"ListItem\",\"position\":2,\"name\":\"Shop\",\"item\":\"https:\/\/www.rendez-vous-store.com\/shop\/\"},{\"@type\":\"ListItem\",\"position\":3,\"name\":\"Toujours &#8211; Shawl Collar Gown Coat KM35LC01 &#8211; Glen Plaid\"}]},{\"@type\":\"WebSite\",\"@id\":\"https:\/\/rendez-vous-store.com\/#website\",\"url\":\"https:\/\/rendez-vous-store.com\/\",\"name\":\"RENDEZ-VOUS STORE\",\"description\":\"Slow Fashion for Women and Men\",\"potentialAction\":[{\"@type\":\"SearchAction\",\"target\":{\"@type\":\"EntryPoint\",\"urlTemplate\":\"https:\/\/rendez-vous-store.com\/?s={search_term_string}\"},\"query-input\":{\"@type\":\"PropertyValueSpecification\",\"valueRequired\":true,\"valueName\":\"search_term_string\"}}],\"inLanguage\":\"fr-FR\"}]}<\/script>\n<!-- \/ Yoast SEO plugin. -->","yoast_head_json":{"title":"Toujours Shawl Collar Gown Coat KM35LC01 Glen Plaid","description":"This Toujours Shawl Collar Gown Coat KM35LC01 Glen Plaid perfectly represents the value of the brand by using the natural materials. Discover now.","robots":{"index":"index","follow":"follow","max-snippet":"max-snippet:-1","max-image-preview":"max-image-preview:large","max-video-preview":"max-video-preview:-1"},"canonical":"https:\/\/rendez-vous-store.com\/fr\/shop\/last-pieces-women-rendez-vous-store\/last-pieces-coat-jacket-rendez-vous-store\/toujours-shawl-collar-gown-coat-km35lc01-glen-plaid-rendez-vous-store\/","og_locale":"fr_FR","og_type":"article","og_title":"Toujours Shawl Collar Gown Coat KM35LC01 Glen Plaid","og_description":"This Toujours Shawl Collar Gown Coat KM35LC01 Glen Plaid perfectly represents the value of the brand by using the natural materials. Discover now.","og_url":"https:\/\/rendez-vous-store.com\/fr\/shop\/last-pieces-women-rendez-vous-store\/last-pieces-coat-jacket-rendez-vous-store\/toujours-shawl-collar-gown-coat-km35lc01-glen-plaid-rendez-vous-store\/","og_site_name":"RENDEZ-VOUS STORE","article_modified_time":"2025-05-06T15:39:44+00:00","og_image":[{"width":1060,"height":1600,"url":"https:\/\/rendez-vous-store.com\/wp-content\/uploads\/2022\/07\/rdv_women_08-32.jpg","type":"image\/jpeg"}],"twitter_card":"summary_large_image","twitter_misc":{"Est. reading time":"1 minute"},"schema":{"@context":"https:\/\/schema.org","@graph":[{"@type":"WebPage","@id":"https:\/\/rendez-vous-store.com\/shop\/last-pieces-women-rendez-vous-store\/last-pieces-coat-jacket-rendez-vous-store\/toujours-shawl-collar-gown-coat-km35lc01-glen-plaid-rendez-vous-store\/","url":"https:\/\/rendez-vous-store.com\/shop\/last-pieces-women-rendez-vous-store\/last-pieces-coat-jacket-rendez-vous-store\/toujours-shawl-collar-gown-coat-km35lc01-glen-plaid-rendez-vous-store\/","name":"Toujours Shawl Collar Gown Coat KM35LC01 Glen Plaid","isPartOf":{"@id":"https:\/\/rendez-vous-store.com\/#website"},"primaryImageOfPage":{"@id":"https:\/\/rendez-vous-store.com\/shop\/last-pieces-women-rendez-vous-store\/last-pieces-coat-jacket-rendez-vous-store\/toujours-shawl-collar-gown-coat-km35lc01-glen-plaid-rendez-vous-store\/#primaryimage"},"image":{"@id":"https:\/\/rendez-vous-store.com\/shop\/last-pieces-women-rendez-vous-store\/last-pieces-coat-jacket-rendez-vous-store\/toujours-shawl-collar-gown-coat-km35lc01-glen-plaid-rendez-vous-store\/#primaryimage"},"thumbnailUrl":"https:\/\/rendez-vous-store.com\/app\/uploads\/2022\/07\/rdv_women_08-32.jpg","datePublished":"2022-08-08T12:58:39+00:00","dateModified":"2025-05-06T15:39:44+00:00","description":"This Toujours Shawl Collar Gown Coat KM35LC01 Glen Plaid perfectly represents the value of the brand by using the natural materials. Discover now.","breadcrumb":{"@id":"https:\/\/rendez-vous-store.com\/shop\/last-pieces-women-rendez-vous-store\/last-pieces-coat-jacket-rendez-vous-store\/toujours-shawl-collar-gown-coat-km35lc01-glen-plaid-rendez-vous-store\/#breadcrumb"},"inLanguage":"fr-FR","potentialAction":[{"@type":"ReadAction","target":["https:\/\/rendez-vous-store.com\/shop\/last-pieces-women-rendez-vous-store\/last-pieces-coat-jacket-rendez-vous-store\/toujours-shawl-collar-gown-coat-km35lc01-glen-plaid-rendez-vous-store\/"]}]},{"@type":"ImageObject","inLanguage":"fr-FR","@id":"https:\/\/rendez-vous-store.com\/shop\/last-pieces-women-rendez-vous-store\/last-pieces-coat-jacket-rendez-vous-store\/toujours-shawl-collar-gown-coat-km35lc01-glen-plaid-rendez-vous-store\/#primaryimage","url":"https:\/\/rendez-vous-store.com\/app\/uploads\/2022\/07\/rdv_women_08-32.jpg","contentUrl":"https:\/\/rendez-vous-store.com\/app\/uploads\/2022\/07\/rdv_women_08-32.jpg","width":1060,"height":1600},{"@type":"BreadcrumbList","@id":"https:\/\/rendez-vous-store.com\/shop\/last-pieces-women-rendez-vous-store\/last-pieces-coat-jacket-rendez-vous-store\/toujours-shawl-collar-gown-coat-km35lc01-glen-plaid-rendez-vous-store\/#breadcrumb","itemListElement":[{"@type":"ListItem","position":1,"name":"Home","item":"https:\/\/rendez-vous-store.com\/"},{"@type":"ListItem","position":2,"name":"Shop","item":"https:\/\/www.rendez-vous-store.com\/shop\/"},{"@type":"ListItem","position":3,"name":"Toujours &#8211; Shawl Collar Gown Coat KM35LC01 &#8211; Glen Plaid"}]},{"@type":"WebSite","@id":"https:\/\/rendez-vous-store.com\/#website","url":"https:\/\/rendez-vous-store.com\/","name":"RENDEZ-VOUS STORE","description":"Slow Fashion for Women and Men","potentialAction":[{"@type":"SearchAction","target":{"@type":"EntryPoint","urlTemplate":"https:\/\/rendez-vous-store.com\/?s={search_term_string}"},"query-input":{"@type":"PropertyValueSpecification","valueRequired":true,"valueName":"search_term_string"}}],"inLanguage":"fr-FR"}]}},"_links":{"self":[{"href":"https:\/\/rendez-vous-store.com\/fr\/wp-json\/wp\/v2\/product\/68741","targetHints":{"allow":["GET"]}}],"collection":[{"href":"https:\/\/rendez-vous-store.com\/fr\/wp-json\/wp\/v2\/product"}],"about":[{"href":"https:\/\/rendez-vous-store.com\/fr\/wp-json\/wp\/v2\/types\/product"}],"wp:featuredmedia":[{"embeddable":true,"href":"https:\/\/rendez-vous-store.com\/fr\/wp-json\/wp\/v2\/media\/38014"}],"wp:attachment":[{"href":"https:\/\/rendez-vous-store.com\/fr\/wp-json\/wp\/v2\/media?parent=68741"}],"wp:term":[{"taxonomy":"product_brand","embeddable":true,"href":"https:\/\/rendez-vous-store.com\/fr\/wp-json\/wp\/v2\/product_brand?post=68741"},{"taxonomy":"product_cat","embeddable":true,"href":"https:\/\/rendez-vous-store.com\/fr\/wp-json\/wp\/v2\/product_cat?post=68741"},{"taxonomy":"product_tag","embeddable":true,"href":"https:\/\/rendez-vous-store.com\/fr\/wp-json\/wp\/v2\/product_tag?post=68741"}],"curies":[{"name":"wp","href":"https:\/\/api.w.org\/{rel}","templated":true}]}}