{"id":68713,"date":"2022-08-08T14:58:20","date_gmt":"2022-08-08T12:58:20","guid":{"rendered":"https:\/\/www.rendez-vous-store.com\/?post_type=product&#038;p=68713"},"modified":"2026-03-16T16:43:28","modified_gmt":"2026-03-16T15:43:28","slug":"toujours-pajama-shirt-cotton-poplin-cloth-white-rendez-vous-store","status":"publish","type":"product","link":"https:\/\/rendez-vous-store.com\/fr\/shop\/last-pieces-women-rendez-vous-store\/last-pieces-women-shirt-rendez-vous-store\/toujours-pajama-shirt-cotton-poplin-cloth-white-rendez-vous-store\/","title":{"rendered":"Toujours - Chemise de pyjama en popeline de coton - Blanc"},"content":{"rendered":"<p><strong>Toujours - Chemise de pyjama en popeline de coton - Blanc<\/strong><\/p>\n<p>Couleur : blanc<\/p>\n<p>Fermeture \u00e0 trois boutons<\/p>\n<p>Collet \u00e9chancr\u00e9<\/p>\n<p>Poche unique sur la poitrine<\/p>\n<p>Ourlet droit<\/p>\n<p>Reliure contrast\u00e9e<\/p>\n<p>Composition : 100% Coton<\/p>\n<p>Fabriqu\u00e9 au Japon<\/p>\n<p>\u00c9paules : 50cm - Buste : 59cm - Manches : 53cm - Longueur : 75cm<\/p>\n<p>&nbsp;<\/p>\n<p>&nbsp;<\/p>\n<p>&nbsp;<\/p>\n<p>&nbsp;<\/p>\n<p>&nbsp;<\/p>\n<h4>La marque<\/h4>\n<div class=\"flex-1 overflow-hidden\">\n<div class=\"react-scroll-to-bottom--css-byiyp-79elbk h-full\">\n<div class=\"react-scroll-to-bottom--css-byiyp-1n7m0yu\">\n<div class=\"flex flex-col text-sm pb-9\">\n<div class=\"w-full text-token-text-primary\" dir=\"auto\" data-testid=\"conversation-turn-3\">\n<div class=\"px-4 py-2 justify-center text-base md:gap-6 m-auto\">\n<div class=\"flex flex-1 text-base mx-auto gap-3 juice:gap-4 juice:md:gap-6 md:px-5 lg:px-1 xl:px-5 md:max-w-3xl lg:max-w-[40rem] xl:max-w-[48rem]\">\n<div class=\"relative flex w-full flex-col agent-turn\">\n<div class=\"flex-col gap-1 md:gap-3\">\n<div class=\"flex flex-grow flex-col max-w-full\">\n<div class=\"min-h-[20px] text-message flex flex-col items-start gap-3 whitespace-pre-wrap break-words [.text-message+&amp;]:mt-5 overflow-x-auto\" dir=\"auto\" data-message-author-role=\"assistant\" data-message-id=\"e15d9e91-364d-4d9c-acb7-0c2757e9baea\">\n<div class=\"markdown prose w-full break-words dark:prose-invert light\">\n<p>Masayo SHIMENDO, un designer avec une riche exp\u00e9rience en design graphique et une grande exp\u00e9rience dans la conception d'emballages et les relations publiques pour les journaux, dirige TOUJOURS. Avec un sens aigu du d\u00e9tail et une passion pour l'esth\u00e9tique, Masayo SHIMENDO insuffle \u00e0 TOUJOURS un style distinctif qui trouve un \u00e9cho aupr\u00e8s de ceux qui cherchent \u00e0 rehausser leur tenue de tous les jours. S'inspirant du monde naturel, la marque privil\u00e9gie l'utilisation de mati\u00e8res naturelles soigneusement s\u00e9lectionn\u00e9es. Chacune d'entre elles est choisie pour mettre en valeur la texture et l'expression du v\u00eatement.<\/p>\n<p>Par essence, TOUJOURS est plus qu'une marque de v\u00eatements. C'est une c\u00e9l\u00e9bration de la vie quotidienne \u00e0 travers la mode. En mettant l'accent sur la qualit\u00e9, le confort et le style, TOUJOURS vous invite \u00e0 vivre chaque jour avec confiance et brio, en sachant que vous \u00eates v\u00eatue de v\u00eatements aussi beaux que fonctionnels.<\/p>\n<\/div>\n<\/div>\n<\/div>\n<\/div>\n<\/div>\n<\/div>\n<\/div>\n<\/div>\n<\/div>\n<\/div>\n<\/div>\n<\/div>\n<p>&nbsp;<\/p>","protected":false},"excerpt":{"rendered":"<p>Toujours &#8211; Pajama Shirt Cotton Poplin Cloth &#8211; White Color: White Three-button closure Notched lapel Single chest pocket Straight hem Contrast binding Composition: 100% Cotton Made in Japan Shoulders: 50cm &#8211; Bust: 59cm &#8211; Sleeves: 53cm &#8211; Length: 75cm &nbsp; &nbsp; &nbsp; &nbsp; &nbsp; The Brand Masayo SHIMENDO, a designer with a rich background in&hellip; <a class=\"more-link\" href=\"https:\/\/rendez-vous-store.com\/fr\/shop\/last-pieces-women-rendez-vous-store\/last-pieces-women-shirt-rendez-vous-store\/toujours-pajama-shirt-cotton-poplin-cloth-white-rendez-vous-store\/\">Continuer la lecture <span class=\"screen-reader-text\">Toujours - Chemise de pyjama en popeline de coton - Blanc<\/span><\/a><\/p>","protected":false},"featured_media":37989,"template":"","meta":{"_acf_changed":false},"product_brand":[],"product_cat":[1138,1164,1142],"product_tag":[],"class_list":{"0":"post-68713","1":"product","2":"type-product","3":"status-publish","4":"has-post-thumbnail","6":"product_cat-last-pieces-women-rendez-vous-store","7":"product_cat-1164","8":"product_cat-last-pieces-women-shirt-rendez-vous-store","9":"entry","11":"first","12":"instock","13":"sale","14":"taxable","15":"shipping-taxable","16":"purchasable","17":"product-type-variable"},"acf":[],"yoast_head":"<!-- This site is optimized with the Yoast SEO plugin v24.9 - https:\/\/yoast.com\/wordpress\/plugins\/seo\/ -->\n<title>Toujours Pajama Shirt Cotton Poplin Cloth White<\/title>\n<meta name=\"description\" content=\"This Toujours Pajama Shirt Cotton Poplin Cloth White perfectly represents the value of the brand by using the natural materials. Discover now.\" \/>\n<meta name=\"robots\" content=\"index, follow, max-snippet:-1, max-image-preview:large, max-video-preview:-1\" \/>\n<link rel=\"canonical\" href=\"https:\/\/rendez-vous-store.com\/fr\/shop\/last-pieces-women-rendez-vous-store\/last-pieces-women-shirt-rendez-vous-store\/toujours-pajama-shirt-cotton-poplin-cloth-white-rendez-vous-store\/\" \/>\n<meta property=\"og:locale\" content=\"fr_FR\" \/>\n<meta property=\"og:type\" content=\"article\" \/>\n<meta property=\"og:title\" content=\"Toujours Pajama Shirt Cotton Poplin Cloth White\" \/>\n<meta property=\"og:description\" content=\"This Toujours Pajama Shirt Cotton Poplin Cloth White perfectly represents the value of the brand by using the natural materials. Discover now.\" \/>\n<meta property=\"og:url\" content=\"https:\/\/rendez-vous-store.com\/fr\/shop\/last-pieces-women-rendez-vous-store\/last-pieces-women-shirt-rendez-vous-store\/toujours-pajama-shirt-cotton-poplin-cloth-white-rendez-vous-store\/\" \/>\n<meta property=\"og:site_name\" content=\"RENDEZ-VOUS STORE\" \/>\n<meta property=\"article:modified_time\" content=\"2026-03-16T15:43:28+00:00\" \/>\n<meta property=\"og:image\" content=\"https:\/\/rendez-vous-store.com\/app\/uploads\/2022\/07\/rdv_women_82-29.jpg\" \/>\n\t<meta property=\"og:image:width\" content=\"1060\" \/>\n\t<meta property=\"og:image:height\" content=\"1600\" \/>\n\t<meta property=\"og:image:type\" content=\"image\/jpeg\" \/>\n<meta name=\"twitter:card\" content=\"summary_large_image\" \/>\n<meta name=\"twitter:label1\" content=\"Est. reading time\" \/>\n\t<meta name=\"twitter:data1\" content=\"1 minute\" \/>\n<script type=\"application\/ld+json\" class=\"yoast-schema-graph\">{\"@context\":\"https:\/\/schema.org\",\"@graph\":[{\"@type\":\"WebPage\",\"@id\":\"https:\/\/rendez-vous-store.com\/shop\/last-pieces-women-rendez-vous-store\/last-pieces-women-shirt-rendez-vous-store\/toujours-pajama-shirt-cotton-poplin-cloth-white-rendez-vous-store\/\",\"url\":\"https:\/\/rendez-vous-store.com\/shop\/last-pieces-women-rendez-vous-store\/last-pieces-women-shirt-rendez-vous-store\/toujours-pajama-shirt-cotton-poplin-cloth-white-rendez-vous-store\/\",\"name\":\"Toujours Pajama Shirt Cotton Poplin Cloth White\",\"isPartOf\":{\"@id\":\"https:\/\/rendez-vous-store.com\/#website\"},\"primaryImageOfPage\":{\"@id\":\"https:\/\/rendez-vous-store.com\/shop\/last-pieces-women-rendez-vous-store\/last-pieces-women-shirt-rendez-vous-store\/toujours-pajama-shirt-cotton-poplin-cloth-white-rendez-vous-store\/#primaryimage\"},\"image\":{\"@id\":\"https:\/\/rendez-vous-store.com\/shop\/last-pieces-women-rendez-vous-store\/last-pieces-women-shirt-rendez-vous-store\/toujours-pajama-shirt-cotton-poplin-cloth-white-rendez-vous-store\/#primaryimage\"},\"thumbnailUrl\":\"https:\/\/rendez-vous-store.com\/app\/uploads\/2022\/07\/rdv_women_82-29.jpg\",\"datePublished\":\"2022-08-08T12:58:20+00:00\",\"dateModified\":\"2026-03-16T15:43:28+00:00\",\"description\":\"This Toujours Pajama Shirt Cotton Poplin Cloth White perfectly represents the value of the brand by using the natural materials. Discover now.\",\"breadcrumb\":{\"@id\":\"https:\/\/rendez-vous-store.com\/shop\/last-pieces-women-rendez-vous-store\/last-pieces-women-shirt-rendez-vous-store\/toujours-pajama-shirt-cotton-poplin-cloth-white-rendez-vous-store\/#breadcrumb\"},\"inLanguage\":\"fr-FR\",\"potentialAction\":[{\"@type\":\"ReadAction\",\"target\":[\"https:\/\/rendez-vous-store.com\/shop\/last-pieces-women-rendez-vous-store\/last-pieces-women-shirt-rendez-vous-store\/toujours-pajama-shirt-cotton-poplin-cloth-white-rendez-vous-store\/\"]}]},{\"@type\":\"ImageObject\",\"inLanguage\":\"fr-FR\",\"@id\":\"https:\/\/rendez-vous-store.com\/shop\/last-pieces-women-rendez-vous-store\/last-pieces-women-shirt-rendez-vous-store\/toujours-pajama-shirt-cotton-poplin-cloth-white-rendez-vous-store\/#primaryimage\",\"url\":\"https:\/\/rendez-vous-store.com\/app\/uploads\/2022\/07\/rdv_women_82-29.jpg\",\"contentUrl\":\"https:\/\/rendez-vous-store.com\/app\/uploads\/2022\/07\/rdv_women_82-29.jpg\",\"width\":1060,\"height\":1600},{\"@type\":\"BreadcrumbList\",\"@id\":\"https:\/\/rendez-vous-store.com\/shop\/last-pieces-women-rendez-vous-store\/last-pieces-women-shirt-rendez-vous-store\/toujours-pajama-shirt-cotton-poplin-cloth-white-rendez-vous-store\/#breadcrumb\",\"itemListElement\":[{\"@type\":\"ListItem\",\"position\":1,\"name\":\"Home\",\"item\":\"https:\/\/rendez-vous-store.com\/\"},{\"@type\":\"ListItem\",\"position\":2,\"name\":\"Shop\",\"item\":\"https:\/\/www.rendez-vous-store.com\/shop\/\"},{\"@type\":\"ListItem\",\"position\":3,\"name\":\"Toujours &#8211; Pajama Shirt Cotton Poplin Cloth &#8211; White\"}]},{\"@type\":\"WebSite\",\"@id\":\"https:\/\/rendez-vous-store.com\/#website\",\"url\":\"https:\/\/rendez-vous-store.com\/\",\"name\":\"RENDEZ-VOUS STORE\",\"description\":\"Slow Fashion for Women and Men\",\"potentialAction\":[{\"@type\":\"SearchAction\",\"target\":{\"@type\":\"EntryPoint\",\"urlTemplate\":\"https:\/\/rendez-vous-store.com\/?s={search_term_string}\"},\"query-input\":{\"@type\":\"PropertyValueSpecification\",\"valueRequired\":true,\"valueName\":\"search_term_string\"}}],\"inLanguage\":\"fr-FR\"}]}<\/script>\n<!-- \/ Yoast SEO plugin. -->","yoast_head_json":{"title":"Toujours Pajama Shirt Cotton Poplin Cloth White","description":"This Toujours Pajama Shirt Cotton Poplin Cloth White perfectly represents the value of the brand by using the natural materials. Discover now.","robots":{"index":"index","follow":"follow","max-snippet":"max-snippet:-1","max-image-preview":"max-image-preview:large","max-video-preview":"max-video-preview:-1"},"canonical":"https:\/\/rendez-vous-store.com\/fr\/shop\/last-pieces-women-rendez-vous-store\/last-pieces-women-shirt-rendez-vous-store\/toujours-pajama-shirt-cotton-poplin-cloth-white-rendez-vous-store\/","og_locale":"fr_FR","og_type":"article","og_title":"Toujours Pajama Shirt Cotton Poplin Cloth White","og_description":"This Toujours Pajama Shirt Cotton Poplin Cloth White perfectly represents the value of the brand by using the natural materials. Discover now.","og_url":"https:\/\/rendez-vous-store.com\/fr\/shop\/last-pieces-women-rendez-vous-store\/last-pieces-women-shirt-rendez-vous-store\/toujours-pajama-shirt-cotton-poplin-cloth-white-rendez-vous-store\/","og_site_name":"RENDEZ-VOUS STORE","article_modified_time":"2026-03-16T15:43:28+00:00","og_image":[{"width":1060,"height":1600,"url":"https:\/\/rendez-vous-store.com\/app\/uploads\/2022\/07\/rdv_women_82-29.jpg","type":"image\/jpeg"}],"twitter_card":"summary_large_image","twitter_misc":{"Est. reading time":"1 minute"},"schema":{"@context":"https:\/\/schema.org","@graph":[{"@type":"WebPage","@id":"https:\/\/rendez-vous-store.com\/shop\/last-pieces-women-rendez-vous-store\/last-pieces-women-shirt-rendez-vous-store\/toujours-pajama-shirt-cotton-poplin-cloth-white-rendez-vous-store\/","url":"https:\/\/rendez-vous-store.com\/shop\/last-pieces-women-rendez-vous-store\/last-pieces-women-shirt-rendez-vous-store\/toujours-pajama-shirt-cotton-poplin-cloth-white-rendez-vous-store\/","name":"Toujours Pajama Shirt Cotton Poplin Cloth White","isPartOf":{"@id":"https:\/\/rendez-vous-store.com\/#website"},"primaryImageOfPage":{"@id":"https:\/\/rendez-vous-store.com\/shop\/last-pieces-women-rendez-vous-store\/last-pieces-women-shirt-rendez-vous-store\/toujours-pajama-shirt-cotton-poplin-cloth-white-rendez-vous-store\/#primaryimage"},"image":{"@id":"https:\/\/rendez-vous-store.com\/shop\/last-pieces-women-rendez-vous-store\/last-pieces-women-shirt-rendez-vous-store\/toujours-pajama-shirt-cotton-poplin-cloth-white-rendez-vous-store\/#primaryimage"},"thumbnailUrl":"https:\/\/rendez-vous-store.com\/app\/uploads\/2022\/07\/rdv_women_82-29.jpg","datePublished":"2022-08-08T12:58:20+00:00","dateModified":"2026-03-16T15:43:28+00:00","description":"This Toujours Pajama Shirt Cotton Poplin Cloth White perfectly represents the value of the brand by using the natural materials. Discover now.","breadcrumb":{"@id":"https:\/\/rendez-vous-store.com\/shop\/last-pieces-women-rendez-vous-store\/last-pieces-women-shirt-rendez-vous-store\/toujours-pajama-shirt-cotton-poplin-cloth-white-rendez-vous-store\/#breadcrumb"},"inLanguage":"fr-FR","potentialAction":[{"@type":"ReadAction","target":["https:\/\/rendez-vous-store.com\/shop\/last-pieces-women-rendez-vous-store\/last-pieces-women-shirt-rendez-vous-store\/toujours-pajama-shirt-cotton-poplin-cloth-white-rendez-vous-store\/"]}]},{"@type":"ImageObject","inLanguage":"fr-FR","@id":"https:\/\/rendez-vous-store.com\/shop\/last-pieces-women-rendez-vous-store\/last-pieces-women-shirt-rendez-vous-store\/toujours-pajama-shirt-cotton-poplin-cloth-white-rendez-vous-store\/#primaryimage","url":"https:\/\/rendez-vous-store.com\/app\/uploads\/2022\/07\/rdv_women_82-29.jpg","contentUrl":"https:\/\/rendez-vous-store.com\/app\/uploads\/2022\/07\/rdv_women_82-29.jpg","width":1060,"height":1600},{"@type":"BreadcrumbList","@id":"https:\/\/rendez-vous-store.com\/shop\/last-pieces-women-rendez-vous-store\/last-pieces-women-shirt-rendez-vous-store\/toujours-pajama-shirt-cotton-poplin-cloth-white-rendez-vous-store\/#breadcrumb","itemListElement":[{"@type":"ListItem","position":1,"name":"Home","item":"https:\/\/rendez-vous-store.com\/"},{"@type":"ListItem","position":2,"name":"Shop","item":"https:\/\/www.rendez-vous-store.com\/shop\/"},{"@type":"ListItem","position":3,"name":"Toujours &#8211; Pajama Shirt Cotton Poplin Cloth &#8211; White"}]},{"@type":"WebSite","@id":"https:\/\/rendez-vous-store.com\/#website","url":"https:\/\/rendez-vous-store.com\/","name":"RENDEZ-VOUS STORE","description":"Slow Fashion for Women and Men","potentialAction":[{"@type":"SearchAction","target":{"@type":"EntryPoint","urlTemplate":"https:\/\/rendez-vous-store.com\/?s={search_term_string}"},"query-input":{"@type":"PropertyValueSpecification","valueRequired":true,"valueName":"search_term_string"}}],"inLanguage":"fr-FR"}]}},"_links":{"self":[{"href":"https:\/\/rendez-vous-store.com\/fr\/wp-json\/wp\/v2\/product\/68713","targetHints":{"allow":["GET"]}}],"collection":[{"href":"https:\/\/rendez-vous-store.com\/fr\/wp-json\/wp\/v2\/product"}],"about":[{"href":"https:\/\/rendez-vous-store.com\/fr\/wp-json\/wp\/v2\/types\/product"}],"wp:featuredmedia":[{"embeddable":true,"href":"https:\/\/rendez-vous-store.com\/fr\/wp-json\/wp\/v2\/media\/37989"}],"wp:attachment":[{"href":"https:\/\/rendez-vous-store.com\/fr\/wp-json\/wp\/v2\/media?parent=68713"}],"wp:term":[{"taxonomy":"product_brand","embeddable":true,"href":"https:\/\/rendez-vous-store.com\/fr\/wp-json\/wp\/v2\/product_brand?post=68713"},{"taxonomy":"product_cat","embeddable":true,"href":"https:\/\/rendez-vous-store.com\/fr\/wp-json\/wp\/v2\/product_cat?post=68713"},{"taxonomy":"product_tag","embeddable":true,"href":"https:\/\/rendez-vous-store.com\/fr\/wp-json\/wp\/v2\/product_tag?post=68713"}],"curies":[{"name":"wp","href":"https:\/\/api.w.org\/{rel}","templated":true}]}}