{"id":63700,"date":"2022-08-08T14:12:16","date_gmt":"2022-08-08T12:12:16","guid":{"rendered":"https:\/\/www.rendez-vous-store.com\/?post_type=product&#038;p=63700"},"modified":"2026-03-16T15:15:55","modified_gmt":"2026-03-16T14:15:55","slug":"rachel-comey-glitch-jumpsuit-gold","status":"publish","type":"product","link":"https:\/\/rendez-vous-store.com\/fr\/shop\/last-pieces-women-rendez-vous-store\/last-pieces-women-dress-rendez-vous-store\/rachel-comey-glitch-jumpsuit-gold\/","title":{"rendered":"Rachel Comey - Combinaison Glitch - Or"},"content":{"rendered":"<p>Rachel Comey Gold Jumpsuit<\/p>\n<p>Combinaison int\u00e9grale<\/p>\n<p>Fermeture par bouton<\/p>\n<p>Fermeture par ceinture<\/p>\n<p>76% viscose - 24% lin<\/p>\n<p>Doublure : 100% polyester<\/p>\n<p>Fabriqu\u00e9 \u00e0 New York, \u00c9tats-Unis<\/p>","protected":false},"excerpt":{"rendered":"<p>Rachel Comey Gold Jumpsuit Full length jumpsuit Button closure Belt closure 76% viscose &#8211; 24% linen Lining: 100% polyester Made in New York, USA<\/p>","protected":false},"featured_media":34496,"template":"","meta":{"_acf_changed":false},"product_brand":[],"product_cat":[1138,1164,1140,1142,1144],"product_tag":[],"class_list":{"0":"post-63700","1":"product","2":"type-product","3":"status-publish","4":"has-post-thumbnail","6":"product_cat-last-pieces-women-rendez-vous-store","7":"product_cat-1164","8":"product_cat-last-pieces-women-dress-rendez-vous-store","9":"product_cat-last-pieces-women-shirt-rendez-vous-store","10":"product_cat-last-pieces-women-trousers-skirt-rendez-vous-store","11":"entry","13":"first","14":"outofstock","15":"taxable","16":"shipping-taxable","17":"product-type-variable"},"acf":[],"yoast_head":"<!-- This site is optimized with the Yoast SEO plugin v24.9 - https:\/\/yoast.com\/wordpress\/plugins\/seo\/ -->\n<title>Rachel Comey - Glitch Jumpsuit - Gold - RENDEZ-VOUS STORE<\/title>\n<meta name=\"robots\" content=\"index, follow, max-snippet:-1, max-image-preview:large, max-video-preview:-1\" \/>\n<link rel=\"canonical\" href=\"https:\/\/rendez-vous-store.com\/fr\/shop\/last-pieces-women-rendez-vous-store\/last-pieces-women-dress-rendez-vous-store\/rachel-comey-glitch-jumpsuit-gold\/\" \/>\n<meta property=\"og:locale\" content=\"fr_FR\" \/>\n<meta property=\"og:type\" content=\"article\" \/>\n<meta property=\"og:title\" content=\"Rachel Comey - Glitch Jumpsuit - Gold - RENDEZ-VOUS STORE\" \/>\n<meta property=\"og:description\" content=\"Rachel Comey Gold Jumpsuit Full length jumpsuit Button closure Belt closure 76% viscose &#8211; 24% linen Lining: 100% polyester Made in New York, USA\" \/>\n<meta property=\"og:url\" content=\"https:\/\/rendez-vous-store.com\/fr\/shop\/last-pieces-women-rendez-vous-store\/last-pieces-women-dress-rendez-vous-store\/rachel-comey-glitch-jumpsuit-gold\/\" \/>\n<meta property=\"og:site_name\" content=\"RENDEZ-VOUS STORE\" \/>\n<meta property=\"article:modified_time\" content=\"2026-03-16T14:15:55+00:00\" \/>\n<meta property=\"og:image\" content=\"https:\/\/rendez-vous-store.com\/wp-content\/uploads\/2022\/07\/rdvstore_14-1.jpg\" \/>\n\t<meta property=\"og:image:width\" content=\"1060\" \/>\n\t<meta property=\"og:image:height\" content=\"1600\" \/>\n\t<meta property=\"og:image:type\" content=\"image\/jpeg\" \/>\n<meta name=\"twitter:card\" content=\"summary_large_image\" \/>\n<meta name=\"twitter:label1\" content=\"Est. reading time\" \/>\n\t<meta name=\"twitter:data1\" content=\"1 minute\" \/>\n<script type=\"application\/ld+json\" class=\"yoast-schema-graph\">{\"@context\":\"https:\/\/schema.org\",\"@graph\":[{\"@type\":\"WebPage\",\"@id\":\"https:\/\/rendez-vous-store.com\/shop\/last-pieces-women-rendez-vous-store\/last-pieces-women-dress-rendez-vous-store\/rachel-comey-glitch-jumpsuit-gold\/\",\"url\":\"https:\/\/rendez-vous-store.com\/shop\/last-pieces-women-rendez-vous-store\/last-pieces-women-dress-rendez-vous-store\/rachel-comey-glitch-jumpsuit-gold\/\",\"name\":\"Rachel Comey - Glitch Jumpsuit - Gold - RENDEZ-VOUS STORE\",\"isPartOf\":{\"@id\":\"https:\/\/rendez-vous-store.com\/#website\"},\"primaryImageOfPage\":{\"@id\":\"https:\/\/rendez-vous-store.com\/shop\/last-pieces-women-rendez-vous-store\/last-pieces-women-dress-rendez-vous-store\/rachel-comey-glitch-jumpsuit-gold\/#primaryimage\"},\"image\":{\"@id\":\"https:\/\/rendez-vous-store.com\/shop\/last-pieces-women-rendez-vous-store\/last-pieces-women-dress-rendez-vous-store\/rachel-comey-glitch-jumpsuit-gold\/#primaryimage\"},\"thumbnailUrl\":\"https:\/\/rendez-vous-store.com\/app\/uploads\/2022\/07\/rdvstore_14-1.jpg\",\"datePublished\":\"2022-08-08T12:12:16+00:00\",\"dateModified\":\"2026-03-16T14:15:55+00:00\",\"breadcrumb\":{\"@id\":\"https:\/\/rendez-vous-store.com\/shop\/last-pieces-women-rendez-vous-store\/last-pieces-women-dress-rendez-vous-store\/rachel-comey-glitch-jumpsuit-gold\/#breadcrumb\"},\"inLanguage\":\"fr-FR\",\"potentialAction\":[{\"@type\":\"ReadAction\",\"target\":[\"https:\/\/rendez-vous-store.com\/shop\/last-pieces-women-rendez-vous-store\/last-pieces-women-dress-rendez-vous-store\/rachel-comey-glitch-jumpsuit-gold\/\"]}]},{\"@type\":\"ImageObject\",\"inLanguage\":\"fr-FR\",\"@id\":\"https:\/\/rendez-vous-store.com\/shop\/last-pieces-women-rendez-vous-store\/last-pieces-women-dress-rendez-vous-store\/rachel-comey-glitch-jumpsuit-gold\/#primaryimage\",\"url\":\"https:\/\/rendez-vous-store.com\/app\/uploads\/2022\/07\/rdvstore_14-1.jpg\",\"contentUrl\":\"https:\/\/rendez-vous-store.com\/app\/uploads\/2022\/07\/rdvstore_14-1.jpg\",\"width\":1060,\"height\":1600},{\"@type\":\"BreadcrumbList\",\"@id\":\"https:\/\/rendez-vous-store.com\/shop\/last-pieces-women-rendez-vous-store\/last-pieces-women-dress-rendez-vous-store\/rachel-comey-glitch-jumpsuit-gold\/#breadcrumb\",\"itemListElement\":[{\"@type\":\"ListItem\",\"position\":1,\"name\":\"Home\",\"item\":\"https:\/\/rendez-vous-store.com\/\"},{\"@type\":\"ListItem\",\"position\":2,\"name\":\"Shop\",\"item\":\"https:\/\/www.rendez-vous-store.com\/shop\/\"},{\"@type\":\"ListItem\",\"position\":3,\"name\":\"Rachel Comey &#8211; Glitch Jumpsuit &#8211; Gold\"}]},{\"@type\":\"WebSite\",\"@id\":\"https:\/\/rendez-vous-store.com\/#website\",\"url\":\"https:\/\/rendez-vous-store.com\/\",\"name\":\"RENDEZ-VOUS STORE\",\"description\":\"Slow Fashion for Women and Men\",\"potentialAction\":[{\"@type\":\"SearchAction\",\"target\":{\"@type\":\"EntryPoint\",\"urlTemplate\":\"https:\/\/rendez-vous-store.com\/?s={search_term_string}\"},\"query-input\":{\"@type\":\"PropertyValueSpecification\",\"valueRequired\":true,\"valueName\":\"search_term_string\"}}],\"inLanguage\":\"fr-FR\"}]}<\/script>\n<!-- \/ Yoast SEO plugin. -->","yoast_head_json":{"title":"Rachel Comey - Glitch Jumpsuit - Gold - RENDEZ-VOUS STORE","robots":{"index":"index","follow":"follow","max-snippet":"max-snippet:-1","max-image-preview":"max-image-preview:large","max-video-preview":"max-video-preview:-1"},"canonical":"https:\/\/rendez-vous-store.com\/fr\/shop\/last-pieces-women-rendez-vous-store\/last-pieces-women-dress-rendez-vous-store\/rachel-comey-glitch-jumpsuit-gold\/","og_locale":"fr_FR","og_type":"article","og_title":"Rachel Comey - Glitch Jumpsuit - Gold - RENDEZ-VOUS STORE","og_description":"Rachel Comey Gold Jumpsuit Full length jumpsuit Button closure Belt closure 76% viscose &#8211; 24% linen Lining: 100% polyester Made in New York, USA","og_url":"https:\/\/rendez-vous-store.com\/fr\/shop\/last-pieces-women-rendez-vous-store\/last-pieces-women-dress-rendez-vous-store\/rachel-comey-glitch-jumpsuit-gold\/","og_site_name":"RENDEZ-VOUS STORE","article_modified_time":"2026-03-16T14:15:55+00:00","og_image":[{"width":1060,"height":1600,"url":"https:\/\/rendez-vous-store.com\/wp-content\/uploads\/2022\/07\/rdvstore_14-1.jpg","type":"image\/jpeg"}],"twitter_card":"summary_large_image","twitter_misc":{"Est. reading time":"1 minute"},"schema":{"@context":"https:\/\/schema.org","@graph":[{"@type":"WebPage","@id":"https:\/\/rendez-vous-store.com\/shop\/last-pieces-women-rendez-vous-store\/last-pieces-women-dress-rendez-vous-store\/rachel-comey-glitch-jumpsuit-gold\/","url":"https:\/\/rendez-vous-store.com\/shop\/last-pieces-women-rendez-vous-store\/last-pieces-women-dress-rendez-vous-store\/rachel-comey-glitch-jumpsuit-gold\/","name":"Rachel Comey - Glitch Jumpsuit - Gold - RENDEZ-VOUS STORE","isPartOf":{"@id":"https:\/\/rendez-vous-store.com\/#website"},"primaryImageOfPage":{"@id":"https:\/\/rendez-vous-store.com\/shop\/last-pieces-women-rendez-vous-store\/last-pieces-women-dress-rendez-vous-store\/rachel-comey-glitch-jumpsuit-gold\/#primaryimage"},"image":{"@id":"https:\/\/rendez-vous-store.com\/shop\/last-pieces-women-rendez-vous-store\/last-pieces-women-dress-rendez-vous-store\/rachel-comey-glitch-jumpsuit-gold\/#primaryimage"},"thumbnailUrl":"https:\/\/rendez-vous-store.com\/app\/uploads\/2022\/07\/rdvstore_14-1.jpg","datePublished":"2022-08-08T12:12:16+00:00","dateModified":"2026-03-16T14:15:55+00:00","breadcrumb":{"@id":"https:\/\/rendez-vous-store.com\/shop\/last-pieces-women-rendez-vous-store\/last-pieces-women-dress-rendez-vous-store\/rachel-comey-glitch-jumpsuit-gold\/#breadcrumb"},"inLanguage":"fr-FR","potentialAction":[{"@type":"ReadAction","target":["https:\/\/rendez-vous-store.com\/shop\/last-pieces-women-rendez-vous-store\/last-pieces-women-dress-rendez-vous-store\/rachel-comey-glitch-jumpsuit-gold\/"]}]},{"@type":"ImageObject","inLanguage":"fr-FR","@id":"https:\/\/rendez-vous-store.com\/shop\/last-pieces-women-rendez-vous-store\/last-pieces-women-dress-rendez-vous-store\/rachel-comey-glitch-jumpsuit-gold\/#primaryimage","url":"https:\/\/rendez-vous-store.com\/app\/uploads\/2022\/07\/rdvstore_14-1.jpg","contentUrl":"https:\/\/rendez-vous-store.com\/app\/uploads\/2022\/07\/rdvstore_14-1.jpg","width":1060,"height":1600},{"@type":"BreadcrumbList","@id":"https:\/\/rendez-vous-store.com\/shop\/last-pieces-women-rendez-vous-store\/last-pieces-women-dress-rendez-vous-store\/rachel-comey-glitch-jumpsuit-gold\/#breadcrumb","itemListElement":[{"@type":"ListItem","position":1,"name":"Home","item":"https:\/\/rendez-vous-store.com\/"},{"@type":"ListItem","position":2,"name":"Shop","item":"https:\/\/www.rendez-vous-store.com\/shop\/"},{"@type":"ListItem","position":3,"name":"Rachel Comey &#8211; Glitch Jumpsuit &#8211; Gold"}]},{"@type":"WebSite","@id":"https:\/\/rendez-vous-store.com\/#website","url":"https:\/\/rendez-vous-store.com\/","name":"RENDEZ-VOUS STORE","description":"Slow Fashion for Women and Men","potentialAction":[{"@type":"SearchAction","target":{"@type":"EntryPoint","urlTemplate":"https:\/\/rendez-vous-store.com\/?s={search_term_string}"},"query-input":{"@type":"PropertyValueSpecification","valueRequired":true,"valueName":"search_term_string"}}],"inLanguage":"fr-FR"}]}},"_links":{"self":[{"href":"https:\/\/rendez-vous-store.com\/fr\/wp-json\/wp\/v2\/product\/63700","targetHints":{"allow":["GET"]}}],"collection":[{"href":"https:\/\/rendez-vous-store.com\/fr\/wp-json\/wp\/v2\/product"}],"about":[{"href":"https:\/\/rendez-vous-store.com\/fr\/wp-json\/wp\/v2\/types\/product"}],"wp:featuredmedia":[{"embeddable":true,"href":"https:\/\/rendez-vous-store.com\/fr\/wp-json\/wp\/v2\/media\/34496"}],"wp:attachment":[{"href":"https:\/\/rendez-vous-store.com\/fr\/wp-json\/wp\/v2\/media?parent=63700"}],"wp:term":[{"taxonomy":"product_brand","embeddable":true,"href":"https:\/\/rendez-vous-store.com\/fr\/wp-json\/wp\/v2\/product_brand?post=63700"},{"taxonomy":"product_cat","embeddable":true,"href":"https:\/\/rendez-vous-store.com\/fr\/wp-json\/wp\/v2\/product_cat?post=63700"},{"taxonomy":"product_tag","embeddable":true,"href":"https:\/\/rendez-vous-store.com\/fr\/wp-json\/wp\/v2\/product_tag?post=63700"}],"curies":[{"name":"wp","href":"https:\/\/api.w.org\/{rel}","templated":true}]}}