{"id":63130,"date":"2022-08-08T14:06:50","date_gmt":"2022-08-08T12:06:50","guid":{"rendered":"https:\/\/www.rendez-vous-store.com\/?post_type=product&#038;p=63130"},"modified":"2025-04-08T10:30:20","modified_gmt":"2025-04-08T08:30:20","slug":"paraboot-reims-marche-marron-lis-cafe","status":"publish","type":"product","link":"https:\/\/rendez-vous-store.com\/fr\/shop\/men-selection-discover-our-selection-rendez-vous-store\/shoes-men-rendez-vous-store\/paraboot-reims-marche-marron-lis-cafe\/","title":{"rendered":"Paraboot - Reims Marche Marron - Lis Caf\u00e9"},"content":{"rendered":"<ul>\n<li>Mocassin de Paraboot<\/li>\n<li>Couleur : Caf\u00e9<\/li>\n<li>Cuir tann\u00e9 v\u00e9g\u00e9tal noir, construction norv\u00e9gienne<\/li>\n<li>Double couture qui maintient la tige et la semelle ensemble<\/li>\n<li>Doublure int\u00e9rieure en cuir<\/li>\n<li>Semelles en caoutchouc Paraboot v\u00e9ritable<\/li>\n<li>Artisanat<\/li>\n<li>Fabriqu\u00e9 en France<\/li>\n<li>Taille : UK<\/li>\n<\/ul>\n<p>&nbsp;<\/p>","protected":false},"excerpt":{"rendered":"<p>Mocassin de Paraboot Couleur : Caf\u00e9 Cuir tann\u00e9 v\u00e9g\u00e9tal noir avec construction norv\u00e9gienne Double couture qui maintient la tige et la semelle ensemble Doublure int\u00e9rieure en cuir V\u00e9ritable semelle en caoutchouc Paraboot Fabrication artisanale Fabriqu\u00e9 en France Taille : UK &nbsp;<\/p>","protected":false},"featured_media":82526,"template":"","meta":{"_acf_changed":false},"product_brand":[],"product_cat":[20,181],"product_tag":[683],"class_list":{"0":"post-63130","1":"product","2":"type-product","3":"status-publish","4":"has-post-thumbnail","6":"product_cat-men-selection-discover-our-selection-rendez-vous-store","7":"product_cat-shoes-men-rendez-vous-store","8":"product_tag-paraboot","9":"entry","11":"first","12":"instock","13":"taxable","14":"shipping-taxable","15":"purchasable","16":"product-type-variable"},"acf":[],"yoast_head":"<!-- This site is optimized with the Yoast SEO plugin v24.9 - https:\/\/yoast.com\/wordpress\/plugins\/seo\/ -->\n<title>Paraboot - Reims Marche Marron - Lis Caf\u00e9 - RENDEZ-VOUS STORE<\/title>\n<meta name=\"robots\" content=\"index, follow, max-snippet:-1, max-image-preview:large, max-video-preview:-1\" \/>\n<link rel=\"canonical\" href=\"https:\/\/rendez-vous-store.com\/fr\/shop\/men-selection-discover-our-selection-rendez-vous-store\/shoes-men-rendez-vous-store\/paraboot-reims-marche-marron-lis-cafe\/\" \/>\n<meta property=\"og:locale\" content=\"fr_FR\" \/>\n<meta property=\"og:type\" content=\"article\" \/>\n<meta property=\"og:title\" content=\"Paraboot - Reims Marche Marron - Lis Caf\u00e9 - RENDEZ-VOUS STORE\" \/>\n<meta property=\"og:description\" content=\"Moccasin from Paraboot Color: Caf\u00e9 Black vegetable tanned leather with Norwegian construction Double stitching that holds the upper and the sole together Inner lining in leather Genuine Paraboot rubber soles Craftsmanship Made in France Sizing: UK &nbsp;\" \/>\n<meta property=\"og:url\" content=\"https:\/\/rendez-vous-store.com\/fr\/shop\/men-selection-discover-our-selection-rendez-vous-store\/shoes-men-rendez-vous-store\/paraboot-reims-marche-marron-lis-cafe\/\" \/>\n<meta property=\"og:site_name\" content=\"RENDEZ-VOUS STORE\" \/>\n<meta property=\"article:modified_time\" content=\"2025-04-08T08:30:20+00:00\" \/>\n<meta property=\"og:image\" content=\"https:\/\/rendez-vous-store.com\/wp-content\/uploads\/2022\/08\/rdvstore_41-3.jpg\" \/>\n\t<meta property=\"og:image:width\" content=\"1060\" \/>\n\t<meta property=\"og:image:height\" content=\"1600\" \/>\n\t<meta property=\"og:image:type\" content=\"image\/jpeg\" \/>\n<meta name=\"twitter:card\" content=\"summary_large_image\" \/>\n<meta name=\"twitter:label1\" content=\"Est. reading time\" \/>\n\t<meta name=\"twitter:data1\" content=\"1 minute\" \/>\n<script type=\"application\/ld+json\" class=\"yoast-schema-graph\">{\"@context\":\"https:\/\/schema.org\",\"@graph\":[{\"@type\":\"WebPage\",\"@id\":\"https:\/\/rendez-vous-store.com\/shop\/men-selection-discover-our-selection-rendez-vous-store\/shoes-men-rendez-vous-store\/paraboot-reims-marche-marron-lis-cafe\/\",\"url\":\"https:\/\/rendez-vous-store.com\/shop\/men-selection-discover-our-selection-rendez-vous-store\/shoes-men-rendez-vous-store\/paraboot-reims-marche-marron-lis-cafe\/\",\"name\":\"Paraboot - Reims Marche Marron - Lis Caf\u00e9 - RENDEZ-VOUS STORE\",\"isPartOf\":{\"@id\":\"https:\/\/rendez-vous-store.com\/#website\"},\"primaryImageOfPage\":{\"@id\":\"https:\/\/rendez-vous-store.com\/shop\/men-selection-discover-our-selection-rendez-vous-store\/shoes-men-rendez-vous-store\/paraboot-reims-marche-marron-lis-cafe\/#primaryimage\"},\"image\":{\"@id\":\"https:\/\/rendez-vous-store.com\/shop\/men-selection-discover-our-selection-rendez-vous-store\/shoes-men-rendez-vous-store\/paraboot-reims-marche-marron-lis-cafe\/#primaryimage\"},\"thumbnailUrl\":\"https:\/\/rendez-vous-store.com\/app\/uploads\/2022\/08\/rdvstore_41-3.jpg\",\"datePublished\":\"2022-08-08T12:06:50+00:00\",\"dateModified\":\"2025-04-08T08:30:20+00:00\",\"breadcrumb\":{\"@id\":\"https:\/\/rendez-vous-store.com\/shop\/men-selection-discover-our-selection-rendez-vous-store\/shoes-men-rendez-vous-store\/paraboot-reims-marche-marron-lis-cafe\/#breadcrumb\"},\"inLanguage\":\"fr-FR\",\"potentialAction\":[{\"@type\":\"ReadAction\",\"target\":[\"https:\/\/rendez-vous-store.com\/shop\/men-selection-discover-our-selection-rendez-vous-store\/shoes-men-rendez-vous-store\/paraboot-reims-marche-marron-lis-cafe\/\"]}]},{\"@type\":\"ImageObject\",\"inLanguage\":\"fr-FR\",\"@id\":\"https:\/\/rendez-vous-store.com\/shop\/men-selection-discover-our-selection-rendez-vous-store\/shoes-men-rendez-vous-store\/paraboot-reims-marche-marron-lis-cafe\/#primaryimage\",\"url\":\"https:\/\/rendez-vous-store.com\/app\/uploads\/2022\/08\/rdvstore_41-3.jpg\",\"contentUrl\":\"https:\/\/rendez-vous-store.com\/app\/uploads\/2022\/08\/rdvstore_41-3.jpg\",\"width\":1060,\"height\":1600},{\"@type\":\"BreadcrumbList\",\"@id\":\"https:\/\/rendez-vous-store.com\/shop\/men-selection-discover-our-selection-rendez-vous-store\/shoes-men-rendez-vous-store\/paraboot-reims-marche-marron-lis-cafe\/#breadcrumb\",\"itemListElement\":[{\"@type\":\"ListItem\",\"position\":1,\"name\":\"Home\",\"item\":\"https:\/\/rendez-vous-store.com\/\"},{\"@type\":\"ListItem\",\"position\":2,\"name\":\"Shop\",\"item\":\"https:\/\/www.rendez-vous-store.com\/shop\/\"},{\"@type\":\"ListItem\",\"position\":3,\"name\":\"Paraboot &#8211; Reims Marche Marron &#8211; Lis Caf\u00e9\"}]},{\"@type\":\"WebSite\",\"@id\":\"https:\/\/rendez-vous-store.com\/#website\",\"url\":\"https:\/\/rendez-vous-store.com\/\",\"name\":\"RENDEZ-VOUS STORE\",\"description\":\"Slow Fashion for Women and Men\",\"potentialAction\":[{\"@type\":\"SearchAction\",\"target\":{\"@type\":\"EntryPoint\",\"urlTemplate\":\"https:\/\/rendez-vous-store.com\/?s={search_term_string}\"},\"query-input\":{\"@type\":\"PropertyValueSpecification\",\"valueRequired\":true,\"valueName\":\"search_term_string\"}}],\"inLanguage\":\"fr-FR\"}]}<\/script>\n<!-- \/ Yoast SEO plugin. -->","yoast_head_json":{"title":"Paraboot - Reims Marche Marron - Lis Caf\u00e9 - RENDEZ-VOUS STORE","robots":{"index":"index","follow":"follow","max-snippet":"max-snippet:-1","max-image-preview":"max-image-preview:large","max-video-preview":"max-video-preview:-1"},"canonical":"https:\/\/rendez-vous-store.com\/fr\/shop\/men-selection-discover-our-selection-rendez-vous-store\/shoes-men-rendez-vous-store\/paraboot-reims-marche-marron-lis-cafe\/","og_locale":"fr_FR","og_type":"article","og_title":"Paraboot - Reims Marche Marron - Lis Caf\u00e9 - RENDEZ-VOUS STORE","og_description":"Moccasin from Paraboot Color: Caf\u00e9 Black vegetable tanned leather with Norwegian construction Double stitching that holds the upper and the sole together Inner lining in leather Genuine Paraboot rubber soles Craftsmanship Made in France Sizing: UK &nbsp;","og_url":"https:\/\/rendez-vous-store.com\/fr\/shop\/men-selection-discover-our-selection-rendez-vous-store\/shoes-men-rendez-vous-store\/paraboot-reims-marche-marron-lis-cafe\/","og_site_name":"RENDEZ-VOUS STORE","article_modified_time":"2025-04-08T08:30:20+00:00","og_image":[{"width":1060,"height":1600,"url":"https:\/\/rendez-vous-store.com\/wp-content\/uploads\/2022\/08\/rdvstore_41-3.jpg","type":"image\/jpeg"}],"twitter_card":"summary_large_image","twitter_misc":{"Est. reading time":"1 minute"},"schema":{"@context":"https:\/\/schema.org","@graph":[{"@type":"WebPage","@id":"https:\/\/rendez-vous-store.com\/shop\/men-selection-discover-our-selection-rendez-vous-store\/shoes-men-rendez-vous-store\/paraboot-reims-marche-marron-lis-cafe\/","url":"https:\/\/rendez-vous-store.com\/shop\/men-selection-discover-our-selection-rendez-vous-store\/shoes-men-rendez-vous-store\/paraboot-reims-marche-marron-lis-cafe\/","name":"Paraboot - Reims Marche Marron - Lis Caf\u00e9 - RENDEZ-VOUS STORE","isPartOf":{"@id":"https:\/\/rendez-vous-store.com\/#website"},"primaryImageOfPage":{"@id":"https:\/\/rendez-vous-store.com\/shop\/men-selection-discover-our-selection-rendez-vous-store\/shoes-men-rendez-vous-store\/paraboot-reims-marche-marron-lis-cafe\/#primaryimage"},"image":{"@id":"https:\/\/rendez-vous-store.com\/shop\/men-selection-discover-our-selection-rendez-vous-store\/shoes-men-rendez-vous-store\/paraboot-reims-marche-marron-lis-cafe\/#primaryimage"},"thumbnailUrl":"https:\/\/rendez-vous-store.com\/app\/uploads\/2022\/08\/rdvstore_41-3.jpg","datePublished":"2022-08-08T12:06:50+00:00","dateModified":"2025-04-08T08:30:20+00:00","breadcrumb":{"@id":"https:\/\/rendez-vous-store.com\/shop\/men-selection-discover-our-selection-rendez-vous-store\/shoes-men-rendez-vous-store\/paraboot-reims-marche-marron-lis-cafe\/#breadcrumb"},"inLanguage":"fr-FR","potentialAction":[{"@type":"ReadAction","target":["https:\/\/rendez-vous-store.com\/shop\/men-selection-discover-our-selection-rendez-vous-store\/shoes-men-rendez-vous-store\/paraboot-reims-marche-marron-lis-cafe\/"]}]},{"@type":"ImageObject","inLanguage":"fr-FR","@id":"https:\/\/rendez-vous-store.com\/shop\/men-selection-discover-our-selection-rendez-vous-store\/shoes-men-rendez-vous-store\/paraboot-reims-marche-marron-lis-cafe\/#primaryimage","url":"https:\/\/rendez-vous-store.com\/app\/uploads\/2022\/08\/rdvstore_41-3.jpg","contentUrl":"https:\/\/rendez-vous-store.com\/app\/uploads\/2022\/08\/rdvstore_41-3.jpg","width":1060,"height":1600},{"@type":"BreadcrumbList","@id":"https:\/\/rendez-vous-store.com\/shop\/men-selection-discover-our-selection-rendez-vous-store\/shoes-men-rendez-vous-store\/paraboot-reims-marche-marron-lis-cafe\/#breadcrumb","itemListElement":[{"@type":"ListItem","position":1,"name":"Home","item":"https:\/\/rendez-vous-store.com\/"},{"@type":"ListItem","position":2,"name":"Shop","item":"https:\/\/www.rendez-vous-store.com\/shop\/"},{"@type":"ListItem","position":3,"name":"Paraboot &#8211; Reims Marche Marron &#8211; Lis Caf\u00e9"}]},{"@type":"WebSite","@id":"https:\/\/rendez-vous-store.com\/#website","url":"https:\/\/rendez-vous-store.com\/","name":"RENDEZ-VOUS STORE","description":"Slow Fashion for Women and Men","potentialAction":[{"@type":"SearchAction","target":{"@type":"EntryPoint","urlTemplate":"https:\/\/rendez-vous-store.com\/?s={search_term_string}"},"query-input":{"@type":"PropertyValueSpecification","valueRequired":true,"valueName":"search_term_string"}}],"inLanguage":"fr-FR"}]}},"_links":{"self":[{"href":"https:\/\/rendez-vous-store.com\/fr\/wp-json\/wp\/v2\/product\/63130","targetHints":{"allow":["GET"]}}],"collection":[{"href":"https:\/\/rendez-vous-store.com\/fr\/wp-json\/wp\/v2\/product"}],"about":[{"href":"https:\/\/rendez-vous-store.com\/fr\/wp-json\/wp\/v2\/types\/product"}],"wp:featuredmedia":[{"embeddable":true,"href":"https:\/\/rendez-vous-store.com\/fr\/wp-json\/wp\/v2\/media\/82526"}],"wp:attachment":[{"href":"https:\/\/rendez-vous-store.com\/fr\/wp-json\/wp\/v2\/media?parent=63130"}],"wp:term":[{"taxonomy":"product_brand","embeddable":true,"href":"https:\/\/rendez-vous-store.com\/fr\/wp-json\/wp\/v2\/product_brand?post=63130"},{"taxonomy":"product_cat","embeddable":true,"href":"https:\/\/rendez-vous-store.com\/fr\/wp-json\/wp\/v2\/product_cat?post=63130"},{"taxonomy":"product_tag","embeddable":true,"href":"https:\/\/rendez-vous-store.com\/fr\/wp-json\/wp\/v2\/product_tag?post=63130"}],"curies":[{"name":"wp","href":"https:\/\/api.w.org\/{rel}","templated":true}]}}