{"id":59853,"date":"2022-08-08T13:38:05","date_gmt":"2022-08-08T11:38:05","guid":{"rendered":"https:\/\/www.rendez-vous-store.com\/shop\/uncategorized\/marsell-riga-media-bag-mb0416-ivory\/"},"modified":"2025-06-17T18:38:11","modified_gmt":"2025-06-17T16:38:11","slug":"marsell-riga-media-bag-mb0416-ivory-rendez-vous-store","status":"publish","type":"product","link":"https:\/\/rendez-vous-store.com\/fr\/shop\/special-offer-women-rendez-vous-store\/women-bag-special-offer\/marsell-riga-media-bag-mb0416-ivory-rendez-vous-store\/","title":{"rendered":"Mars\u00e8ll - Riga Media Bag MB0416 - Ivoire"},"content":{"rendered":"<p><strong>Mars\u00e8ll Riga Media Bag MB0416 Ivoire<\/strong><\/p>\n<p>Couleur : Ivoire<\/p>\n<p>Mati\u00e8re : Cuir grain\u00e9<\/p>\n<p>Logo emboss\u00e9<\/p>\n<p>Fermeture \u00e0 glissi\u00e8re<\/p>\n<p>Poign\u00e9es doubles<\/p>\n<p>Poches int\u00e9rieures<\/p>\n<p>Pochette amovible<\/p>\n<p>Dimension : L33,5\u00d7 H26,5 \u00d7 P15 cm<\/p>\n<p>Hauteur de la poign\u00e9e : 13 cm<\/p>\n<p>Fabriqu\u00e9 en Italie<\/p>\n<p>&nbsp;<\/p>\n<p>&nbsp;<\/p>\n<p>&nbsp;<\/p>\n<p>&nbsp;<\/p>\n<p>&nbsp;<\/p>\n<h4 data-test=\"pdpProductDescriptionContainerText\">La marque<\/h4>\n<p>Mars\u00e8ll, marque de luxe italienne distingu\u00e9e, se distingue par son savoir-faire exquis, ses designs avant-gardistes et son \u00e9l\u00e9gance intemporelle. Fond\u00e9e en 2001 par les fr\u00e8res Marco et Elisa Cima, la marque s'est rapidement impos\u00e9e dans le monde de la mode, s'attirant les faveurs du monde entier pour son esth\u00e9tique distinctive et son souci du d\u00e9tail.<\/p>\n<p>Mars\u00e8ll axe sa philosophie sur un profond respect de la tradition et de l'artisanat, tout en adoptant un design audacieux et novateur. En Italie, des artisans qualifi\u00e9s fabriquent m\u00e9ticuleusement chaque pi\u00e8ce \u00e0 la main en utilisant des techniques traditionnelles transmises de g\u00e9n\u00e9ration en g\u00e9n\u00e9ration. Ce d\u00e9vouement se traduit par des chaussures et des articles de maroquinerie d'une qualit\u00e9 et d'une beaut\u00e9 exceptionnelles.<\/p>\n<p>&nbsp;<\/p>","protected":false},"excerpt":{"rendered":"<p>Mars\u00e8ll Riga Media Bag MB0416 Ivory Color: Ivory Material: Grained Leather Embossed logo Zip closure Double handles Inner pockets Removable pouch Dimension: W33,5\u00d7 H26,5 \u00d7 D15 cm Handle drop: 13 cm Made in Italy &nbsp; &nbsp; &nbsp; &nbsp; &nbsp; The Brand Mars\u00e8ll, a distinguished Italian luxury brand, stands out for its exquisite craftsmanship, avant-garde designs,&hellip; <a class=\"more-link\" href=\"https:\/\/rendez-vous-store.com\/fr\/shop\/special-offer-women-rendez-vous-store\/women-bag-special-offer\/marsell-riga-media-bag-mb0416-ivory-rendez-vous-store\/\">Continuer la lecture <span class=\"screen-reader-text\">Mars\u00e8ll - Riga Media Bag MB0416 - Ivoire<\/span><\/a><\/p>","protected":false},"featured_media":31833,"template":"","meta":{"_acf_changed":false},"product_brand":[],"product_cat":[1342,1335,1138,1164,1147],"product_tag":[],"class_list":{"0":"post-59853","1":"product","2":"type-product","3":"status-publish","4":"has-post-thumbnail","6":"product_cat-women-bag-special-offer","7":"product_cat-special-offer-women-rendez-vous-store","8":"product_cat-last-pieces-women-rendez-vous-store","9":"product_cat-1164","10":"product_cat-last-pieces-women-shoes-heels-rendez-vous-store","11":"entry","13":"first","14":"outofstock","15":"sale","16":"taxable","17":"shipping-taxable","18":"purchasable","19":"product-type-simple"},"acf":[],"yoast_head":"<!-- This site is optimized with the Yoast SEO plugin v24.9 - https:\/\/yoast.com\/wordpress\/plugins\/seo\/ -->\n<title>Mars\u00e8ll Riga Media Bag MB0416 Ivory<\/title>\n<meta name=\"description\" content=\"Mars\u00e8ll is on Rendez-vous Store. This Mars\u00e8ll Riga Media Bag MB0416 Ivory represents the expression of a new craft culture.\" \/>\n<meta name=\"robots\" content=\"index, follow, max-snippet:-1, max-image-preview:large, max-video-preview:-1\" \/>\n<link rel=\"canonical\" href=\"https:\/\/rendez-vous-store.com\/fr\/shop\/special-offer-women-rendez-vous-store\/women-bag-special-offer\/marsell-riga-media-bag-mb0416-ivory-rendez-vous-store\/\" \/>\n<meta property=\"og:locale\" content=\"fr_FR\" \/>\n<meta property=\"og:type\" content=\"article\" \/>\n<meta property=\"og:title\" content=\"Mars\u00e8ll Riga Media Bag MB0416 Ivory\" \/>\n<meta property=\"og:description\" content=\"Mars\u00e8ll is on Rendez-vous Store. This Mars\u00e8ll Riga Media Bag MB0416 Ivory represents the expression of a new craft culture.\" \/>\n<meta property=\"og:url\" content=\"https:\/\/rendez-vous-store.com\/fr\/shop\/special-offer-women-rendez-vous-store\/women-bag-special-offer\/marsell-riga-media-bag-mb0416-ivory-rendez-vous-store\/\" \/>\n<meta property=\"og:site_name\" content=\"RENDEZ-VOUS STORE\" \/>\n<meta property=\"article:modified_time\" content=\"2025-06-17T16:38:11+00:00\" \/>\n<meta property=\"og:image\" content=\"https:\/\/rendez-vous-store.com\/app\/uploads\/2022\/07\/rdvous_store_17.jpg\" \/>\n\t<meta property=\"og:image:width\" content=\"1060\" \/>\n\t<meta property=\"og:image:height\" content=\"1600\" \/>\n\t<meta property=\"og:image:type\" content=\"image\/jpeg\" \/>\n<meta name=\"twitter:card\" content=\"summary_large_image\" \/>\n<meta name=\"twitter:label1\" content=\"Est. reading time\" \/>\n\t<meta name=\"twitter:data1\" content=\"1 minute\" \/>\n<script type=\"application\/ld+json\" class=\"yoast-schema-graph\">{\"@context\":\"https:\/\/schema.org\",\"@graph\":[{\"@type\":\"WebPage\",\"@id\":\"https:\/\/rendez-vous-store.com\/shop\/special-offer-women-rendez-vous-store\/women-bag-special-offer\/marsell-riga-media-bag-mb0416-ivory-rendez-vous-store\/\",\"url\":\"https:\/\/rendez-vous-store.com\/shop\/special-offer-women-rendez-vous-store\/women-bag-special-offer\/marsell-riga-media-bag-mb0416-ivory-rendez-vous-store\/\",\"name\":\"Mars\u00e8ll Riga Media Bag MB0416 Ivory\",\"isPartOf\":{\"@id\":\"https:\/\/rendez-vous-store.com\/#website\"},\"primaryImageOfPage\":{\"@id\":\"https:\/\/rendez-vous-store.com\/shop\/special-offer-women-rendez-vous-store\/women-bag-special-offer\/marsell-riga-media-bag-mb0416-ivory-rendez-vous-store\/#primaryimage\"},\"image\":{\"@id\":\"https:\/\/rendez-vous-store.com\/shop\/special-offer-women-rendez-vous-store\/women-bag-special-offer\/marsell-riga-media-bag-mb0416-ivory-rendez-vous-store\/#primaryimage\"},\"thumbnailUrl\":\"https:\/\/rendez-vous-store.com\/app\/uploads\/2022\/07\/rdvous_store_17.jpg\",\"datePublished\":\"2022-08-08T11:38:05+00:00\",\"dateModified\":\"2025-06-17T16:38:11+00:00\",\"description\":\"Mars\u00e8ll is on Rendez-vous Store. This Mars\u00e8ll Riga Media Bag MB0416 Ivory represents the expression of a new craft culture.\",\"breadcrumb\":{\"@id\":\"https:\/\/rendez-vous-store.com\/shop\/special-offer-women-rendez-vous-store\/women-bag-special-offer\/marsell-riga-media-bag-mb0416-ivory-rendez-vous-store\/#breadcrumb\"},\"inLanguage\":\"fr-FR\",\"potentialAction\":[{\"@type\":\"ReadAction\",\"target\":[\"https:\/\/rendez-vous-store.com\/shop\/special-offer-women-rendez-vous-store\/women-bag-special-offer\/marsell-riga-media-bag-mb0416-ivory-rendez-vous-store\/\"]}]},{\"@type\":\"ImageObject\",\"inLanguage\":\"fr-FR\",\"@id\":\"https:\/\/rendez-vous-store.com\/shop\/special-offer-women-rendez-vous-store\/women-bag-special-offer\/marsell-riga-media-bag-mb0416-ivory-rendez-vous-store\/#primaryimage\",\"url\":\"https:\/\/rendez-vous-store.com\/app\/uploads\/2022\/07\/rdvous_store_17.jpg\",\"contentUrl\":\"https:\/\/rendez-vous-store.com\/app\/uploads\/2022\/07\/rdvous_store_17.jpg\",\"width\":1060,\"height\":1600},{\"@type\":\"BreadcrumbList\",\"@id\":\"https:\/\/rendez-vous-store.com\/shop\/special-offer-women-rendez-vous-store\/women-bag-special-offer\/marsell-riga-media-bag-mb0416-ivory-rendez-vous-store\/#breadcrumb\",\"itemListElement\":[{\"@type\":\"ListItem\",\"position\":1,\"name\":\"Home\",\"item\":\"https:\/\/rendez-vous-store.com\/\"},{\"@type\":\"ListItem\",\"position\":2,\"name\":\"Shop\",\"item\":\"https:\/\/www.rendez-vous-store.com\/shop\/\"},{\"@type\":\"ListItem\",\"position\":3,\"name\":\"Mars\u00e8ll &#8211; Riga Media Bag MB0416 &#8211; Ivory\"}]},{\"@type\":\"WebSite\",\"@id\":\"https:\/\/rendez-vous-store.com\/#website\",\"url\":\"https:\/\/rendez-vous-store.com\/\",\"name\":\"RENDEZ-VOUS STORE\",\"description\":\"Slow Fashion for Women and Men\",\"potentialAction\":[{\"@type\":\"SearchAction\",\"target\":{\"@type\":\"EntryPoint\",\"urlTemplate\":\"https:\/\/rendez-vous-store.com\/?s={search_term_string}\"},\"query-input\":{\"@type\":\"PropertyValueSpecification\",\"valueRequired\":true,\"valueName\":\"search_term_string\"}}],\"inLanguage\":\"fr-FR\"}]}<\/script>\n<!-- \/ Yoast SEO plugin. -->","yoast_head_json":{"title":"Mars\u00e8ll Riga Media Bag MB0416 Ivory","description":"Mars\u00e8ll is on Rendez-vous Store. This Mars\u00e8ll Riga Media Bag MB0416 Ivory represents the expression of a new craft culture.","robots":{"index":"index","follow":"follow","max-snippet":"max-snippet:-1","max-image-preview":"max-image-preview:large","max-video-preview":"max-video-preview:-1"},"canonical":"https:\/\/rendez-vous-store.com\/fr\/shop\/special-offer-women-rendez-vous-store\/women-bag-special-offer\/marsell-riga-media-bag-mb0416-ivory-rendez-vous-store\/","og_locale":"fr_FR","og_type":"article","og_title":"Mars\u00e8ll Riga Media Bag MB0416 Ivory","og_description":"Mars\u00e8ll is on Rendez-vous Store. This Mars\u00e8ll Riga Media Bag MB0416 Ivory represents the expression of a new craft culture.","og_url":"https:\/\/rendez-vous-store.com\/fr\/shop\/special-offer-women-rendez-vous-store\/women-bag-special-offer\/marsell-riga-media-bag-mb0416-ivory-rendez-vous-store\/","og_site_name":"RENDEZ-VOUS STORE","article_modified_time":"2025-06-17T16:38:11+00:00","og_image":[{"width":1060,"height":1600,"url":"https:\/\/rendez-vous-store.com\/app\/uploads\/2022\/07\/rdvous_store_17.jpg","type":"image\/jpeg"}],"twitter_card":"summary_large_image","twitter_misc":{"Est. reading time":"1 minute"},"schema":{"@context":"https:\/\/schema.org","@graph":[{"@type":"WebPage","@id":"https:\/\/rendez-vous-store.com\/shop\/special-offer-women-rendez-vous-store\/women-bag-special-offer\/marsell-riga-media-bag-mb0416-ivory-rendez-vous-store\/","url":"https:\/\/rendez-vous-store.com\/shop\/special-offer-women-rendez-vous-store\/women-bag-special-offer\/marsell-riga-media-bag-mb0416-ivory-rendez-vous-store\/","name":"Mars\u00e8ll Riga Media Bag MB0416 Ivory","isPartOf":{"@id":"https:\/\/rendez-vous-store.com\/#website"},"primaryImageOfPage":{"@id":"https:\/\/rendez-vous-store.com\/shop\/special-offer-women-rendez-vous-store\/women-bag-special-offer\/marsell-riga-media-bag-mb0416-ivory-rendez-vous-store\/#primaryimage"},"image":{"@id":"https:\/\/rendez-vous-store.com\/shop\/special-offer-women-rendez-vous-store\/women-bag-special-offer\/marsell-riga-media-bag-mb0416-ivory-rendez-vous-store\/#primaryimage"},"thumbnailUrl":"https:\/\/rendez-vous-store.com\/app\/uploads\/2022\/07\/rdvous_store_17.jpg","datePublished":"2022-08-08T11:38:05+00:00","dateModified":"2025-06-17T16:38:11+00:00","description":"Mars\u00e8ll is on Rendez-vous Store. This Mars\u00e8ll Riga Media Bag MB0416 Ivory represents the expression of a new craft culture.","breadcrumb":{"@id":"https:\/\/rendez-vous-store.com\/shop\/special-offer-women-rendez-vous-store\/women-bag-special-offer\/marsell-riga-media-bag-mb0416-ivory-rendez-vous-store\/#breadcrumb"},"inLanguage":"fr-FR","potentialAction":[{"@type":"ReadAction","target":["https:\/\/rendez-vous-store.com\/shop\/special-offer-women-rendez-vous-store\/women-bag-special-offer\/marsell-riga-media-bag-mb0416-ivory-rendez-vous-store\/"]}]},{"@type":"ImageObject","inLanguage":"fr-FR","@id":"https:\/\/rendez-vous-store.com\/shop\/special-offer-women-rendez-vous-store\/women-bag-special-offer\/marsell-riga-media-bag-mb0416-ivory-rendez-vous-store\/#primaryimage","url":"https:\/\/rendez-vous-store.com\/app\/uploads\/2022\/07\/rdvous_store_17.jpg","contentUrl":"https:\/\/rendez-vous-store.com\/app\/uploads\/2022\/07\/rdvous_store_17.jpg","width":1060,"height":1600},{"@type":"BreadcrumbList","@id":"https:\/\/rendez-vous-store.com\/shop\/special-offer-women-rendez-vous-store\/women-bag-special-offer\/marsell-riga-media-bag-mb0416-ivory-rendez-vous-store\/#breadcrumb","itemListElement":[{"@type":"ListItem","position":1,"name":"Home","item":"https:\/\/rendez-vous-store.com\/"},{"@type":"ListItem","position":2,"name":"Shop","item":"https:\/\/www.rendez-vous-store.com\/shop\/"},{"@type":"ListItem","position":3,"name":"Mars\u00e8ll &#8211; Riga Media Bag MB0416 &#8211; Ivory"}]},{"@type":"WebSite","@id":"https:\/\/rendez-vous-store.com\/#website","url":"https:\/\/rendez-vous-store.com\/","name":"RENDEZ-VOUS STORE","description":"Slow Fashion for Women and Men","potentialAction":[{"@type":"SearchAction","target":{"@type":"EntryPoint","urlTemplate":"https:\/\/rendez-vous-store.com\/?s={search_term_string}"},"query-input":{"@type":"PropertyValueSpecification","valueRequired":true,"valueName":"search_term_string"}}],"inLanguage":"fr-FR"}]}},"_links":{"self":[{"href":"https:\/\/rendez-vous-store.com\/fr\/wp-json\/wp\/v2\/product\/59853","targetHints":{"allow":["GET"]}}],"collection":[{"href":"https:\/\/rendez-vous-store.com\/fr\/wp-json\/wp\/v2\/product"}],"about":[{"href":"https:\/\/rendez-vous-store.com\/fr\/wp-json\/wp\/v2\/types\/product"}],"wp:featuredmedia":[{"embeddable":true,"href":"https:\/\/rendez-vous-store.com\/fr\/wp-json\/wp\/v2\/media\/31833"}],"wp:attachment":[{"href":"https:\/\/rendez-vous-store.com\/fr\/wp-json\/wp\/v2\/media?parent=59853"}],"wp:term":[{"taxonomy":"product_brand","embeddable":true,"href":"https:\/\/rendez-vous-store.com\/fr\/wp-json\/wp\/v2\/product_brand?post=59853"},{"taxonomy":"product_cat","embeddable":true,"href":"https:\/\/rendez-vous-store.com\/fr\/wp-json\/wp\/v2\/product_cat?post=59853"},{"taxonomy":"product_tag","embeddable":true,"href":"https:\/\/rendez-vous-store.com\/fr\/wp-json\/wp\/v2\/product_tag?post=59853"}],"curies":[{"name":"wp","href":"https:\/\/api.w.org\/{rel}","templated":true}]}}