{"id":59709,"date":"2022-08-08T13:36:56","date_gmt":"2022-08-08T11:36:56","guid":{"rendered":"https:\/\/www.rendez-vous-store.com\/?post_type=product&#038;p=59709"},"modified":"2026-03-16T16:31:58","modified_gmt":"2026-03-16T15:31:58","slug":"marsell-mw6320-piattaforma-sandalo-brick-red-rendez-vous-store","status":"publish","type":"product","link":"https:\/\/rendez-vous-store.com\/fr\/shop\/special-offer-men-rendez-vous-store\/men-shoes-special-offer-rendez-vous-store\/marsell-mw6320-piattaforma-sandalo-brick-red-rendez-vous-store\/","title":{"rendered":"Marsell - MW6320 Piattaforma Sandalo - Rouge brique"},"content":{"rendered":"<p><strong>Marsell - MW6320 Piattaforma Sandalo - Rouge brique<\/strong><\/p>\n<p>Couleur : Rouge brique<\/p>\n<p>Plate-forme recouverte de cuir<\/p>\n<p>Talon : 0,5 cm<\/p>\n<p>Plate-forme : 4 cm<\/p>\n<p>Composition : Cuir naturel color\u00e9 \u00e0 la main<\/p>\n<p>Fabriqu\u00e9 en Italie<\/p>\n<p>Code de style : MW6320<\/p>\n<p>&nbsp;<\/p>\n<p>&nbsp;<\/p>\n<p>&nbsp;<\/p>\n<p>&nbsp;<\/p>\n<h4 data-test=\"pdpProductDescriptionContainerText\">La marque<\/h4>\n<p>Mars\u00e8ll, marque de luxe italienne distingu\u00e9e, se distingue par son savoir-faire exquis, ses designs avant-gardistes et son \u00e9l\u00e9gance intemporelle. Fond\u00e9e en 2001 par les fr\u00e8res Marco et Elisa Cima, la marque s'est rapidement impos\u00e9e dans le monde de la mode, s'attirant les faveurs du monde entier pour son esth\u00e9tique distinctive et son souci du d\u00e9tail.<\/p>\n<p>Mars\u00e8ll axe sa philosophie sur un profond respect de la tradition et de l'artisanat, tout en adoptant un design audacieux et novateur. En Italie, des artisans qualifi\u00e9s fabriquent m\u00e9ticuleusement chaque pi\u00e8ce \u00e0 la main en utilisant des techniques traditionnelles transmises de g\u00e9n\u00e9ration en g\u00e9n\u00e9ration. Ce d\u00e9vouement se traduit par des chaussures et des articles de maroquinerie d'une qualit\u00e9 et d'une beaut\u00e9 exceptionnelles.<\/p>","protected":false},"excerpt":{"rendered":"<p>Marsell &#8211; MW6320 Piattaforma Sandalo &#8211; Brick Red Color : Brick red Platform covered in leather Heel : 0,5 cm Platform : 4 cm Composition : Hand colored natural leather Made in Italy Style Code : MW6320 &nbsp; &nbsp; &nbsp; &nbsp; The Brand Mars\u00e8ll, a distinguished Italian luxury brand, stands out for its exquisite craftsmanship,&hellip; <a class=\"more-link\" href=\"https:\/\/rendez-vous-store.com\/fr\/shop\/special-offer-men-rendez-vous-store\/men-shoes-special-offer-rendez-vous-store\/marsell-mw6320-piattaforma-sandalo-brick-red-rendez-vous-store\/\">Continuer la lecture <span class=\"screen-reader-text\">Marsell - MW6320 Piattaforma Sandalo - Rouge brique<\/span><\/a><\/p>","protected":false},"featured_media":31768,"template":"","meta":{"_acf_changed":false},"product_brand":[],"product_cat":[1292,1357,1350,1137,1157],"product_tag":[804],"class_list":{"0":"post-59709","1":"product","2":"type-product","3":"status-publish","4":"has-post-thumbnail","6":"product_cat-1292","7":"product_cat-men-shoes-special-offer-rendez-vous-store","8":"product_cat-special-offer-men-rendez-vous-store","9":"product_cat-last-pieces-men","10":"product_cat-last-pieces-men-shoes-rendez-vous-store","11":"product_tag-marsell","12":"entry","14":"first","15":"instock","16":"taxable","17":"shipping-taxable","18":"purchasable","19":"product-type-variable","20":"has-default-attributes"},"acf":[],"yoast_head":"<!-- This site is optimized with the Yoast SEO plugin v24.9 - https:\/\/yoast.com\/wordpress\/plugins\/seo\/ -->\n<title>Marsell MW6320 Piattaforma Sandalo Brick Red<\/title>\n<meta name=\"description\" content=\"Mars\u00e8ll is on Rendez-vous Store. This Mars\u00e8ll MW6320 Piattaforma Sandalo Brick Red represents the expression of a new craft culture.\" \/>\n<meta name=\"robots\" content=\"index, follow, max-snippet:-1, max-image-preview:large, max-video-preview:-1\" \/>\n<link rel=\"canonical\" href=\"https:\/\/rendez-vous-store.com\/fr\/shop\/special-offer-men-rendez-vous-store\/men-shoes-special-offer-rendez-vous-store\/marsell-mw6320-piattaforma-sandalo-brick-red-rendez-vous-store\/\" \/>\n<meta property=\"og:locale\" content=\"fr_FR\" \/>\n<meta property=\"og:type\" content=\"article\" \/>\n<meta property=\"og:title\" content=\"Marsell MW6320 Piattaforma Sandalo Brick Red\" \/>\n<meta property=\"og:description\" content=\"Mars\u00e8ll is on Rendez-vous Store. This Mars\u00e8ll MW6320 Piattaforma Sandalo Brick Red represents the expression of a new craft culture.\" \/>\n<meta property=\"og:url\" content=\"https:\/\/rendez-vous-store.com\/fr\/shop\/special-offer-men-rendez-vous-store\/men-shoes-special-offer-rendez-vous-store\/marsell-mw6320-piattaforma-sandalo-brick-red-rendez-vous-store\/\" \/>\n<meta property=\"og:site_name\" content=\"RENDEZ-VOUS STORE\" \/>\n<meta property=\"article:modified_time\" content=\"2026-03-16T15:31:58+00:00\" \/>\n<meta property=\"og:image\" content=\"https:\/\/rendez-vous-store.com\/app\/uploads\/2022\/07\/rdv_96-2.jpg\" \/>\n\t<meta property=\"og:image:width\" content=\"1060\" \/>\n\t<meta property=\"og:image:height\" content=\"1600\" \/>\n\t<meta property=\"og:image:type\" content=\"image\/jpeg\" \/>\n<meta name=\"twitter:card\" content=\"summary_large_image\" \/>\n<meta name=\"twitter:label1\" content=\"Est. reading time\" \/>\n\t<meta name=\"twitter:data1\" content=\"1 minute\" \/>\n<script type=\"application\/ld+json\" class=\"yoast-schema-graph\">{\"@context\":\"https:\/\/schema.org\",\"@graph\":[{\"@type\":\"WebPage\",\"@id\":\"https:\/\/rendez-vous-store.com\/shop\/special-offer-men-rendez-vous-store\/men-shoes-special-offer-rendez-vous-store\/marsell-mw6320-piattaforma-sandalo-brick-red-rendez-vous-store\/\",\"url\":\"https:\/\/rendez-vous-store.com\/shop\/special-offer-men-rendez-vous-store\/men-shoes-special-offer-rendez-vous-store\/marsell-mw6320-piattaforma-sandalo-brick-red-rendez-vous-store\/\",\"name\":\"Marsell MW6320 Piattaforma Sandalo Brick Red\",\"isPartOf\":{\"@id\":\"https:\/\/rendez-vous-store.com\/#website\"},\"primaryImageOfPage\":{\"@id\":\"https:\/\/rendez-vous-store.com\/shop\/special-offer-men-rendez-vous-store\/men-shoes-special-offer-rendez-vous-store\/marsell-mw6320-piattaforma-sandalo-brick-red-rendez-vous-store\/#primaryimage\"},\"image\":{\"@id\":\"https:\/\/rendez-vous-store.com\/shop\/special-offer-men-rendez-vous-store\/men-shoes-special-offer-rendez-vous-store\/marsell-mw6320-piattaforma-sandalo-brick-red-rendez-vous-store\/#primaryimage\"},\"thumbnailUrl\":\"https:\/\/rendez-vous-store.com\/app\/uploads\/2022\/07\/rdv_96-2.jpg\",\"datePublished\":\"2022-08-08T11:36:56+00:00\",\"dateModified\":\"2026-03-16T15:31:58+00:00\",\"description\":\"Mars\u00e8ll is on Rendez-vous Store. This Mars\u00e8ll MW6320 Piattaforma Sandalo Brick Red represents the expression of a new craft culture.\",\"breadcrumb\":{\"@id\":\"https:\/\/rendez-vous-store.com\/shop\/special-offer-men-rendez-vous-store\/men-shoes-special-offer-rendez-vous-store\/marsell-mw6320-piattaforma-sandalo-brick-red-rendez-vous-store\/#breadcrumb\"},\"inLanguage\":\"fr-FR\",\"potentialAction\":[{\"@type\":\"ReadAction\",\"target\":[\"https:\/\/rendez-vous-store.com\/shop\/special-offer-men-rendez-vous-store\/men-shoes-special-offer-rendez-vous-store\/marsell-mw6320-piattaforma-sandalo-brick-red-rendez-vous-store\/\"]}]},{\"@type\":\"ImageObject\",\"inLanguage\":\"fr-FR\",\"@id\":\"https:\/\/rendez-vous-store.com\/shop\/special-offer-men-rendez-vous-store\/men-shoes-special-offer-rendez-vous-store\/marsell-mw6320-piattaforma-sandalo-brick-red-rendez-vous-store\/#primaryimage\",\"url\":\"https:\/\/rendez-vous-store.com\/app\/uploads\/2022\/07\/rdv_96-2.jpg\",\"contentUrl\":\"https:\/\/rendez-vous-store.com\/app\/uploads\/2022\/07\/rdv_96-2.jpg\",\"width\":1060,\"height\":1600},{\"@type\":\"BreadcrumbList\",\"@id\":\"https:\/\/rendez-vous-store.com\/shop\/special-offer-men-rendez-vous-store\/men-shoes-special-offer-rendez-vous-store\/marsell-mw6320-piattaforma-sandalo-brick-red-rendez-vous-store\/#breadcrumb\",\"itemListElement\":[{\"@type\":\"ListItem\",\"position\":1,\"name\":\"Home\",\"item\":\"https:\/\/rendez-vous-store.com\/\"},{\"@type\":\"ListItem\",\"position\":2,\"name\":\"Shop\",\"item\":\"https:\/\/www.rendez-vous-store.com\/shop\/\"},{\"@type\":\"ListItem\",\"position\":3,\"name\":\"Marsell &#8211; MW6320 Piattaforma Sandalo &#8211; Brick Red\"}]},{\"@type\":\"WebSite\",\"@id\":\"https:\/\/rendez-vous-store.com\/#website\",\"url\":\"https:\/\/rendez-vous-store.com\/\",\"name\":\"RENDEZ-VOUS STORE\",\"description\":\"Slow Fashion for Women and Men\",\"potentialAction\":[{\"@type\":\"SearchAction\",\"target\":{\"@type\":\"EntryPoint\",\"urlTemplate\":\"https:\/\/rendez-vous-store.com\/?s={search_term_string}\"},\"query-input\":{\"@type\":\"PropertyValueSpecification\",\"valueRequired\":true,\"valueName\":\"search_term_string\"}}],\"inLanguage\":\"fr-FR\"}]}<\/script>\n<!-- \/ Yoast SEO plugin. -->","yoast_head_json":{"title":"Marsell MW6320 Piattaforma Sandalo Brick Red","description":"Mars\u00e8ll is on Rendez-vous Store. This Mars\u00e8ll MW6320 Piattaforma Sandalo Brick Red represents the expression of a new craft culture.","robots":{"index":"index","follow":"follow","max-snippet":"max-snippet:-1","max-image-preview":"max-image-preview:large","max-video-preview":"max-video-preview:-1"},"canonical":"https:\/\/rendez-vous-store.com\/fr\/shop\/special-offer-men-rendez-vous-store\/men-shoes-special-offer-rendez-vous-store\/marsell-mw6320-piattaforma-sandalo-brick-red-rendez-vous-store\/","og_locale":"fr_FR","og_type":"article","og_title":"Marsell MW6320 Piattaforma Sandalo Brick Red","og_description":"Mars\u00e8ll is on Rendez-vous Store. This Mars\u00e8ll MW6320 Piattaforma Sandalo Brick Red represents the expression of a new craft culture.","og_url":"https:\/\/rendez-vous-store.com\/fr\/shop\/special-offer-men-rendez-vous-store\/men-shoes-special-offer-rendez-vous-store\/marsell-mw6320-piattaforma-sandalo-brick-red-rendez-vous-store\/","og_site_name":"RENDEZ-VOUS STORE","article_modified_time":"2026-03-16T15:31:58+00:00","og_image":[{"width":1060,"height":1600,"url":"https:\/\/rendez-vous-store.com\/app\/uploads\/2022\/07\/rdv_96-2.jpg","type":"image\/jpeg"}],"twitter_card":"summary_large_image","twitter_misc":{"Est. reading time":"1 minute"},"schema":{"@context":"https:\/\/schema.org","@graph":[{"@type":"WebPage","@id":"https:\/\/rendez-vous-store.com\/shop\/special-offer-men-rendez-vous-store\/men-shoes-special-offer-rendez-vous-store\/marsell-mw6320-piattaforma-sandalo-brick-red-rendez-vous-store\/","url":"https:\/\/rendez-vous-store.com\/shop\/special-offer-men-rendez-vous-store\/men-shoes-special-offer-rendez-vous-store\/marsell-mw6320-piattaforma-sandalo-brick-red-rendez-vous-store\/","name":"Marsell MW6320 Piattaforma Sandalo Brick Red","isPartOf":{"@id":"https:\/\/rendez-vous-store.com\/#website"},"primaryImageOfPage":{"@id":"https:\/\/rendez-vous-store.com\/shop\/special-offer-men-rendez-vous-store\/men-shoes-special-offer-rendez-vous-store\/marsell-mw6320-piattaforma-sandalo-brick-red-rendez-vous-store\/#primaryimage"},"image":{"@id":"https:\/\/rendez-vous-store.com\/shop\/special-offer-men-rendez-vous-store\/men-shoes-special-offer-rendez-vous-store\/marsell-mw6320-piattaforma-sandalo-brick-red-rendez-vous-store\/#primaryimage"},"thumbnailUrl":"https:\/\/rendez-vous-store.com\/app\/uploads\/2022\/07\/rdv_96-2.jpg","datePublished":"2022-08-08T11:36:56+00:00","dateModified":"2026-03-16T15:31:58+00:00","description":"Mars\u00e8ll is on Rendez-vous Store. This Mars\u00e8ll MW6320 Piattaforma Sandalo Brick Red represents the expression of a new craft culture.","breadcrumb":{"@id":"https:\/\/rendez-vous-store.com\/shop\/special-offer-men-rendez-vous-store\/men-shoes-special-offer-rendez-vous-store\/marsell-mw6320-piattaforma-sandalo-brick-red-rendez-vous-store\/#breadcrumb"},"inLanguage":"fr-FR","potentialAction":[{"@type":"ReadAction","target":["https:\/\/rendez-vous-store.com\/shop\/special-offer-men-rendez-vous-store\/men-shoes-special-offer-rendez-vous-store\/marsell-mw6320-piattaforma-sandalo-brick-red-rendez-vous-store\/"]}]},{"@type":"ImageObject","inLanguage":"fr-FR","@id":"https:\/\/rendez-vous-store.com\/shop\/special-offer-men-rendez-vous-store\/men-shoes-special-offer-rendez-vous-store\/marsell-mw6320-piattaforma-sandalo-brick-red-rendez-vous-store\/#primaryimage","url":"https:\/\/rendez-vous-store.com\/app\/uploads\/2022\/07\/rdv_96-2.jpg","contentUrl":"https:\/\/rendez-vous-store.com\/app\/uploads\/2022\/07\/rdv_96-2.jpg","width":1060,"height":1600},{"@type":"BreadcrumbList","@id":"https:\/\/rendez-vous-store.com\/shop\/special-offer-men-rendez-vous-store\/men-shoes-special-offer-rendez-vous-store\/marsell-mw6320-piattaforma-sandalo-brick-red-rendez-vous-store\/#breadcrumb","itemListElement":[{"@type":"ListItem","position":1,"name":"Home","item":"https:\/\/rendez-vous-store.com\/"},{"@type":"ListItem","position":2,"name":"Shop","item":"https:\/\/www.rendez-vous-store.com\/shop\/"},{"@type":"ListItem","position":3,"name":"Marsell &#8211; MW6320 Piattaforma Sandalo &#8211; Brick Red"}]},{"@type":"WebSite","@id":"https:\/\/rendez-vous-store.com\/#website","url":"https:\/\/rendez-vous-store.com\/","name":"RENDEZ-VOUS STORE","description":"Slow Fashion for Women and Men","potentialAction":[{"@type":"SearchAction","target":{"@type":"EntryPoint","urlTemplate":"https:\/\/rendez-vous-store.com\/?s={search_term_string}"},"query-input":{"@type":"PropertyValueSpecification","valueRequired":true,"valueName":"search_term_string"}}],"inLanguage":"fr-FR"}]}},"_links":{"self":[{"href":"https:\/\/rendez-vous-store.com\/fr\/wp-json\/wp\/v2\/product\/59709","targetHints":{"allow":["GET"]}}],"collection":[{"href":"https:\/\/rendez-vous-store.com\/fr\/wp-json\/wp\/v2\/product"}],"about":[{"href":"https:\/\/rendez-vous-store.com\/fr\/wp-json\/wp\/v2\/types\/product"}],"wp:featuredmedia":[{"embeddable":true,"href":"https:\/\/rendez-vous-store.com\/fr\/wp-json\/wp\/v2\/media\/31768"}],"wp:attachment":[{"href":"https:\/\/rendez-vous-store.com\/fr\/wp-json\/wp\/v2\/media?parent=59709"}],"wp:term":[{"taxonomy":"product_brand","embeddable":true,"href":"https:\/\/rendez-vous-store.com\/fr\/wp-json\/wp\/v2\/product_brand?post=59709"},{"taxonomy":"product_cat","embeddable":true,"href":"https:\/\/rendez-vous-store.com\/fr\/wp-json\/wp\/v2\/product_cat?post=59709"},{"taxonomy":"product_tag","embeddable":true,"href":"https:\/\/rendez-vous-store.com\/fr\/wp-json\/wp\/v2\/product_tag?post=59709"}],"curies":[{"name":"wp","href":"https:\/\/api.w.org\/{rel}","templated":true}]}}