{"id":57942,"date":"2022-08-08T13:21:10","date_gmt":"2022-08-08T11:21:10","guid":{"rendered":"https:\/\/www.rendez-vous-store.com\/?post_type=product&#038;p=57942"},"modified":"2025-12-18T10:24:34","modified_gmt":"2025-12-18T09:24:34","slug":"jeanerica-womens-highwaisted-straight-5-pocket-mid-vintage","status":"publish","type":"product","link":"https:\/\/rendez-vous-store.com\/fr\/shop\/last-pieces-women-rendez-vous-store\/last-pieces-women-trousers-skirt-rendez-vous-store\/jeanerica-womens-highwaisted-straight-5-pocket-mid-vintage\/","title":{"rendered":"Jeanerica &#8211; Women&#8217;s Highwaisted Straight 5 Pocket &#8211; Mid Vintage"},"content":{"rendered":"<p>Jeans femme de Jeanerica<\/p>\n<p>Color: Mid Vintage<\/p>\n<p>Fermeture \u00e0 boutons avec braguette \u00e0 glissi\u00e8re<\/p>\n<p>Construction \u00e0 cinq poches<\/p>\n<p>Taille haute<\/p>\n<p>Jambes droites<\/p>\n<p>Composition: 98% Organic cotton &#8211; 2% Elastane<\/p>\n<p>Fabriqu\u00e9 en Albanie<\/p>\n<p>Coralie mesure 170 cm<\/p>\n<p>Measurements size 24: Waist: 34cm &#8211; Hip: 40cm &#8211; Thigh:22cm &#8211; Inseam: 73cm &#8211; Length: 93cm<\/p>\n<p>Measurements size 26: Waist: 35cm &#8211; Hip: 42cm &#8211; Thigh:23cm &#8211; Inseam: 74cm &#8211; Length: 95cm<\/p>\n<p>Measurements size 27: Waist: 36cm &#8211; Hip: 43cm &#8211; Thigh:24cm &#8211; Inseam: 74cm &#8211; Length: 96cm<\/p>","protected":false},"excerpt":{"rendered":"<p>Women jeans from Jeanerica Color: Mid Vintage Button closure with zip fly Five-Pocket construction Highwaisted Straight legs Composition: 98% Organic cotton &#8211; 2% Elastane Made in Albania Coralie is 170cm Measurements size 24: Waist: 34cm &#8211; Hip: 40cm &#8211; Thigh:22cm &#8211; Inseam: 73cm &#8211; Length: 93cm Measurements size 26: Waist: 35cm &#8211; Hip: 42cm &#8211;&hellip; <a class=\"more-link\" href=\"https:\/\/rendez-vous-store.com\/fr\/shop\/last-pieces-women-rendez-vous-store\/last-pieces-women-trousers-skirt-rendez-vous-store\/jeanerica-womens-highwaisted-straight-5-pocket-mid-vintage\/\">Continuer la lecture <span class=\"screen-reader-text\">Jeanerica &#8211; Women&#8217;s Highwaisted Straight 5 Pocket &#8211; Mid Vintage<\/span><\/a><\/p>","protected":false},"featured_media":121616,"template":"","meta":{"_acf_changed":false},"product_brand":[],"product_cat":[1138,1164,1144],"product_tag":[],"class_list":{"0":"post-57942","1":"product","2":"type-product","3":"status-publish","4":"has-post-thumbnail","6":"product_cat-last-pieces-women-rendez-vous-store","7":"product_cat-1164","8":"product_cat-last-pieces-women-trousers-skirt-rendez-vous-store","9":"entry","11":"first","12":"instock","13":"sale","14":"taxable","15":"shipping-taxable","16":"purchasable","17":"product-type-variable","18":"has-default-attributes"},"acf":[],"yoast_head":"<!-- This site is optimized with the Yoast SEO plugin v24.9 - https:\/\/yoast.com\/wordpress\/plugins\/seo\/ -->\n<title>Jeanerica - Women&#039;s Highwaisted Straight 5 Pocket - Mid Vintage - RENDEZ-VOUS STORE<\/title>\n<meta name=\"robots\" content=\"index, follow, max-snippet:-1, max-image-preview:large, max-video-preview:-1\" \/>\n<link rel=\"canonical\" href=\"https:\/\/rendez-vous-store.com\/fr\/shop\/last-pieces-women-rendez-vous-store\/last-pieces-women-trousers-skirt-rendez-vous-store\/jeanerica-womens-highwaisted-straight-5-pocket-mid-vintage\/\" \/>\n<meta property=\"og:locale\" content=\"fr_FR\" \/>\n<meta property=\"og:type\" content=\"article\" \/>\n<meta property=\"og:title\" content=\"Jeanerica - Women&#039;s Highwaisted Straight 5 Pocket - Mid Vintage - RENDEZ-VOUS STORE\" \/>\n<meta property=\"og:description\" content=\"Women jeans from Jeanerica Color: Mid Vintage Button closure with zip fly Five-Pocket construction Highwaisted Straight legs Composition: 98% Organic cotton &#8211; 2% Elastane Made in Albania Coralie is 170cm Measurements size 24: Waist: 34cm &#8211; Hip: 40cm &#8211; Thigh:22cm &#8211; Inseam: 73cm &#8211; Length: 93cm Measurements size 26: Waist: 35cm &#8211; Hip: 42cm &#8211;&hellip; Continue reading Jeanerica &#8211; Women&#8217;s Highwaisted Straight 5 Pocket &#8211; Mid Vintage\" \/>\n<meta property=\"og:url\" content=\"https:\/\/rendez-vous-store.com\/fr\/shop\/last-pieces-women-rendez-vous-store\/last-pieces-women-trousers-skirt-rendez-vous-store\/jeanerica-womens-highwaisted-straight-5-pocket-mid-vintage\/\" \/>\n<meta property=\"og:site_name\" content=\"RENDEZ-VOUS STORE\" \/>\n<meta property=\"article:modified_time\" content=\"2025-12-18T09:24:34+00:00\" \/>\n<meta property=\"og:image\" content=\"https:\/\/rendez-vous-store.com\/app\/uploads\/2022\/08\/rdv_women_224-scaled.webp\" \/>\n\t<meta property=\"og:image:width\" content=\"1696\" \/>\n\t<meta property=\"og:image:height\" content=\"2560\" \/>\n\t<meta property=\"og:image:type\" content=\"image\/webp\" \/>\n<meta name=\"twitter:card\" content=\"summary_large_image\" \/>\n<meta name=\"twitter:label1\" content=\"Est. reading time\" \/>\n\t<meta name=\"twitter:data1\" content=\"1 minute\" \/>\n<script type=\"application\/ld+json\" class=\"yoast-schema-graph\">{\"@context\":\"https:\/\/schema.org\",\"@graph\":[{\"@type\":\"WebPage\",\"@id\":\"https:\/\/rendez-vous-store.com\/shop\/last-pieces-women-rendez-vous-store\/last-pieces-women-trousers-skirt-rendez-vous-store\/jeanerica-womens-highwaisted-straight-5-pocket-mid-vintage\/\",\"url\":\"https:\/\/rendez-vous-store.com\/shop\/last-pieces-women-rendez-vous-store\/last-pieces-women-trousers-skirt-rendez-vous-store\/jeanerica-womens-highwaisted-straight-5-pocket-mid-vintage\/\",\"name\":\"Jeanerica - Women's Highwaisted Straight 5 Pocket - Mid Vintage - RENDEZ-VOUS STORE\",\"isPartOf\":{\"@id\":\"https:\/\/rendez-vous-store.com\/#website\"},\"primaryImageOfPage\":{\"@id\":\"https:\/\/rendez-vous-store.com\/shop\/last-pieces-women-rendez-vous-store\/last-pieces-women-trousers-skirt-rendez-vous-store\/jeanerica-womens-highwaisted-straight-5-pocket-mid-vintage\/#primaryimage\"},\"image\":{\"@id\":\"https:\/\/rendez-vous-store.com\/shop\/last-pieces-women-rendez-vous-store\/last-pieces-women-trousers-skirt-rendez-vous-store\/jeanerica-womens-highwaisted-straight-5-pocket-mid-vintage\/#primaryimage\"},\"thumbnailUrl\":\"https:\/\/rendez-vous-store.com\/app\/uploads\/2022\/08\/rdv_women_224-scaled.webp\",\"datePublished\":\"2022-08-08T11:21:10+00:00\",\"dateModified\":\"2025-12-18T09:24:34+00:00\",\"breadcrumb\":{\"@id\":\"https:\/\/rendez-vous-store.com\/shop\/last-pieces-women-rendez-vous-store\/last-pieces-women-trousers-skirt-rendez-vous-store\/jeanerica-womens-highwaisted-straight-5-pocket-mid-vintage\/#breadcrumb\"},\"inLanguage\":\"fr-FR\",\"potentialAction\":[{\"@type\":\"ReadAction\",\"target\":[\"https:\/\/rendez-vous-store.com\/shop\/last-pieces-women-rendez-vous-store\/last-pieces-women-trousers-skirt-rendez-vous-store\/jeanerica-womens-highwaisted-straight-5-pocket-mid-vintage\/\"]}]},{\"@type\":\"ImageObject\",\"inLanguage\":\"fr-FR\",\"@id\":\"https:\/\/rendez-vous-store.com\/shop\/last-pieces-women-rendez-vous-store\/last-pieces-women-trousers-skirt-rendez-vous-store\/jeanerica-womens-highwaisted-straight-5-pocket-mid-vintage\/#primaryimage\",\"url\":\"https:\/\/rendez-vous-store.com\/app\/uploads\/2022\/08\/rdv_women_224-scaled.webp\",\"contentUrl\":\"https:\/\/rendez-vous-store.com\/app\/uploads\/2022\/08\/rdv_women_224-scaled.webp\",\"width\":1696,\"height\":2560},{\"@type\":\"BreadcrumbList\",\"@id\":\"https:\/\/rendez-vous-store.com\/shop\/last-pieces-women-rendez-vous-store\/last-pieces-women-trousers-skirt-rendez-vous-store\/jeanerica-womens-highwaisted-straight-5-pocket-mid-vintage\/#breadcrumb\",\"itemListElement\":[{\"@type\":\"ListItem\",\"position\":1,\"name\":\"Home\",\"item\":\"https:\/\/rendez-vous-store.com\/\"},{\"@type\":\"ListItem\",\"position\":2,\"name\":\"Shop\",\"item\":\"https:\/\/www.rendez-vous-store.com\/shop\/\"},{\"@type\":\"ListItem\",\"position\":3,\"name\":\"Jeanerica &#8211; Women&#8217;s Highwaisted Straight 5 Pocket &#8211; Mid Vintage\"}]},{\"@type\":\"WebSite\",\"@id\":\"https:\/\/rendez-vous-store.com\/#website\",\"url\":\"https:\/\/rendez-vous-store.com\/\",\"name\":\"RENDEZ-VOUS STORE\",\"description\":\"Slow Fashion for Women and Men\",\"potentialAction\":[{\"@type\":\"SearchAction\",\"target\":{\"@type\":\"EntryPoint\",\"urlTemplate\":\"https:\/\/rendez-vous-store.com\/?s={search_term_string}\"},\"query-input\":{\"@type\":\"PropertyValueSpecification\",\"valueRequired\":true,\"valueName\":\"search_term_string\"}}],\"inLanguage\":\"fr-FR\"}]}<\/script>\n<!-- \/ Yoast SEO plugin. -->","yoast_head_json":{"title":"Jeanerica - Women's Highwaisted Straight 5 Pocket - Mid Vintage - RENDEZ-VOUS STORE","robots":{"index":"index","follow":"follow","max-snippet":"max-snippet:-1","max-image-preview":"max-image-preview:large","max-video-preview":"max-video-preview:-1"},"canonical":"https:\/\/rendez-vous-store.com\/fr\/shop\/last-pieces-women-rendez-vous-store\/last-pieces-women-trousers-skirt-rendez-vous-store\/jeanerica-womens-highwaisted-straight-5-pocket-mid-vintage\/","og_locale":"fr_FR","og_type":"article","og_title":"Jeanerica - Women's Highwaisted Straight 5 Pocket - Mid Vintage - RENDEZ-VOUS STORE","og_description":"Women jeans from Jeanerica Color: Mid Vintage Button closure with zip fly Five-Pocket construction Highwaisted Straight legs Composition: 98% Organic cotton &#8211; 2% Elastane Made in Albania Coralie is 170cm Measurements size 24: Waist: 34cm &#8211; Hip: 40cm &#8211; Thigh:22cm &#8211; Inseam: 73cm &#8211; Length: 93cm Measurements size 26: Waist: 35cm &#8211; Hip: 42cm &#8211;&hellip; Continue reading Jeanerica &#8211; Women&#8217;s Highwaisted Straight 5 Pocket &#8211; Mid Vintage","og_url":"https:\/\/rendez-vous-store.com\/fr\/shop\/last-pieces-women-rendez-vous-store\/last-pieces-women-trousers-skirt-rendez-vous-store\/jeanerica-womens-highwaisted-straight-5-pocket-mid-vintage\/","og_site_name":"RENDEZ-VOUS STORE","article_modified_time":"2025-12-18T09:24:34+00:00","og_image":[{"width":1696,"height":2560,"url":"https:\/\/rendez-vous-store.com\/app\/uploads\/2022\/08\/rdv_women_224-scaled.webp","type":"image\/webp"}],"twitter_card":"summary_large_image","twitter_misc":{"Est. reading time":"1 minute"},"schema":{"@context":"https:\/\/schema.org","@graph":[{"@type":"WebPage","@id":"https:\/\/rendez-vous-store.com\/shop\/last-pieces-women-rendez-vous-store\/last-pieces-women-trousers-skirt-rendez-vous-store\/jeanerica-womens-highwaisted-straight-5-pocket-mid-vintage\/","url":"https:\/\/rendez-vous-store.com\/shop\/last-pieces-women-rendez-vous-store\/last-pieces-women-trousers-skirt-rendez-vous-store\/jeanerica-womens-highwaisted-straight-5-pocket-mid-vintage\/","name":"Jeanerica - Women's Highwaisted Straight 5 Pocket - Mid Vintage - RENDEZ-VOUS STORE","isPartOf":{"@id":"https:\/\/rendez-vous-store.com\/#website"},"primaryImageOfPage":{"@id":"https:\/\/rendez-vous-store.com\/shop\/last-pieces-women-rendez-vous-store\/last-pieces-women-trousers-skirt-rendez-vous-store\/jeanerica-womens-highwaisted-straight-5-pocket-mid-vintage\/#primaryimage"},"image":{"@id":"https:\/\/rendez-vous-store.com\/shop\/last-pieces-women-rendez-vous-store\/last-pieces-women-trousers-skirt-rendez-vous-store\/jeanerica-womens-highwaisted-straight-5-pocket-mid-vintage\/#primaryimage"},"thumbnailUrl":"https:\/\/rendez-vous-store.com\/app\/uploads\/2022\/08\/rdv_women_224-scaled.webp","datePublished":"2022-08-08T11:21:10+00:00","dateModified":"2025-12-18T09:24:34+00:00","breadcrumb":{"@id":"https:\/\/rendez-vous-store.com\/shop\/last-pieces-women-rendez-vous-store\/last-pieces-women-trousers-skirt-rendez-vous-store\/jeanerica-womens-highwaisted-straight-5-pocket-mid-vintage\/#breadcrumb"},"inLanguage":"fr-FR","potentialAction":[{"@type":"ReadAction","target":["https:\/\/rendez-vous-store.com\/shop\/last-pieces-women-rendez-vous-store\/last-pieces-women-trousers-skirt-rendez-vous-store\/jeanerica-womens-highwaisted-straight-5-pocket-mid-vintage\/"]}]},{"@type":"ImageObject","inLanguage":"fr-FR","@id":"https:\/\/rendez-vous-store.com\/shop\/last-pieces-women-rendez-vous-store\/last-pieces-women-trousers-skirt-rendez-vous-store\/jeanerica-womens-highwaisted-straight-5-pocket-mid-vintage\/#primaryimage","url":"https:\/\/rendez-vous-store.com\/app\/uploads\/2022\/08\/rdv_women_224-scaled.webp","contentUrl":"https:\/\/rendez-vous-store.com\/app\/uploads\/2022\/08\/rdv_women_224-scaled.webp","width":1696,"height":2560},{"@type":"BreadcrumbList","@id":"https:\/\/rendez-vous-store.com\/shop\/last-pieces-women-rendez-vous-store\/last-pieces-women-trousers-skirt-rendez-vous-store\/jeanerica-womens-highwaisted-straight-5-pocket-mid-vintage\/#breadcrumb","itemListElement":[{"@type":"ListItem","position":1,"name":"Home","item":"https:\/\/rendez-vous-store.com\/"},{"@type":"ListItem","position":2,"name":"Shop","item":"https:\/\/www.rendez-vous-store.com\/shop\/"},{"@type":"ListItem","position":3,"name":"Jeanerica &#8211; Women&#8217;s Highwaisted Straight 5 Pocket &#8211; Mid Vintage"}]},{"@type":"WebSite","@id":"https:\/\/rendez-vous-store.com\/#website","url":"https:\/\/rendez-vous-store.com\/","name":"RENDEZ-VOUS STORE","description":"Slow Fashion for Women and Men","potentialAction":[{"@type":"SearchAction","target":{"@type":"EntryPoint","urlTemplate":"https:\/\/rendez-vous-store.com\/?s={search_term_string}"},"query-input":{"@type":"PropertyValueSpecification","valueRequired":true,"valueName":"search_term_string"}}],"inLanguage":"fr-FR"}]}},"_links":{"self":[{"href":"https:\/\/rendez-vous-store.com\/fr\/wp-json\/wp\/v2\/product\/57942","targetHints":{"allow":["GET"]}}],"collection":[{"href":"https:\/\/rendez-vous-store.com\/fr\/wp-json\/wp\/v2\/product"}],"about":[{"href":"https:\/\/rendez-vous-store.com\/fr\/wp-json\/wp\/v2\/types\/product"}],"wp:featuredmedia":[{"embeddable":true,"href":"https:\/\/rendez-vous-store.com\/fr\/wp-json\/wp\/v2\/media\/121616"}],"wp:attachment":[{"href":"https:\/\/rendez-vous-store.com\/fr\/wp-json\/wp\/v2\/media?parent=57942"}],"wp:term":[{"taxonomy":"product_brand","embeddable":true,"href":"https:\/\/rendez-vous-store.com\/fr\/wp-json\/wp\/v2\/product_brand?post=57942"},{"taxonomy":"product_cat","embeddable":true,"href":"https:\/\/rendez-vous-store.com\/fr\/wp-json\/wp\/v2\/product_cat?post=57942"},{"taxonomy":"product_tag","embeddable":true,"href":"https:\/\/rendez-vous-store.com\/fr\/wp-json\/wp\/v2\/product_tag?post=57942"}],"curies":[{"name":"wp","href":"https:\/\/api.w.org\/{rel}","templated":true}]}}