{"id":57881,"date":"2022-08-08T13:20:41","date_gmt":"2022-08-08T11:20:41","guid":{"rendered":"https:\/\/www.rendez-vous-store.com\/?post_type=product&#038;p=57881"},"modified":"2026-03-16T14:41:35","modified_gmt":"2026-03-16T13:41:35","slug":"jeanerica-mens-tapered-5-pocket-blueblack-rendez-vous-store","status":"publish","type":"product","link":"https:\/\/rendez-vous-store.com\/fr\/shop\/last-pieces-men\/last-pieces-men-trousers-shorts-rendez-vous-store\/jeanerica-mens-tapered-5-pocket-blueblack-rendez-vous-store\/","title":{"rendered":"Jeanerica &#8211; Men&#8217;s Tapered 5 Pocket &#8211; Blueblack"},"content":{"rendered":"<p><strong>Jeanerica Men&#8217;s Tapered 5 Pocket Blueblack<\/strong><\/p>\n<p>Couleur : Bleu fonc\u00e9<\/p>\n<p>Slight stretch<\/p>\n<p>Taille moyenne<\/p>\n<p>Braguette zipp\u00e9e<\/p>\n<p>Elongated mid-rise waist<\/p>\n<p>Jambe fusel\u00e9e<\/p>\n<p>Composition:\u00a0 98% Organic Cotton, 2% Elastane<\/p>\n<p>&nbsp;<\/p>\n<p>&nbsp;<\/p>\n<p>&nbsp;<\/p>\n<p>&nbsp;<\/p>\n<p>&nbsp;<\/p>\n<p><strong>La marque<\/strong><\/p>\n<p>Jeanerica est lanc\u00e9e par Lena Patriksson et Jonas Clason.<\/p>\n<p>Le monde du denim leur est familier, Clason a pr\u00e9c\u00e9demment travaill\u00e9 comme responsable du denim et des projets sp\u00e9ciaux chez Acne Studios, avant de s'associer \u00e0 Patriksson.<\/p>\n<p>La marque part d'une esth\u00e9tique su\u00e9doise irr\u00e9futable et juxtapose d'importantes r\u00e9f\u00e9rences culturelles. Le r\u00e9sultat est des mod\u00e8les en denim classiques et intemporels qui combinent des coupes tendance avec des couleurs \u00e9pur\u00e9es et polyvalentes.<\/p>\n<p>En outre, Jeanerica adopte une philosophie \u00e9cologique en utilisant des m\u00e9thodes de production durables et des tissus organiques recycl\u00e9s.<\/p>","protected":false},"excerpt":{"rendered":"<p>Jeanerica Men&#8217;s Tapered 5 Pocket Blueblack Color: Dark Blue Slight stretch Mid rise Zip fly Elongated mid-rise waist Tapered leg Composition:\u00a0 98% Organic Cotton, 2% Elastane &nbsp; &nbsp; &nbsp; &nbsp; &nbsp; The brand Jeanerica is launched by Lena Patriksson and Jonas Clason. The world of denim is familiar to them, Clason has previously worked as&hellip; <a class=\"more-link\" href=\"https:\/\/rendez-vous-store.com\/fr\/shop\/last-pieces-men\/last-pieces-men-trousers-shorts-rendez-vous-store\/jeanerica-mens-tapered-5-pocket-blueblack-rendez-vous-store\/\">Continuer la lecture <span class=\"screen-reader-text\">Jeanerica &#8211; Men&#8217;s Tapered 5 Pocket &#8211; Blueblack<\/span><\/a><\/p>","protected":false},"featured_media":204651,"template":"","meta":{"_acf_changed":false},"product_brand":[],"product_cat":[1137,1165,1154],"product_tag":[],"class_list":{"0":"post-57881","1":"product","2":"type-product","3":"status-publish","4":"has-post-thumbnail","6":"product_cat-last-pieces-men","7":"product_cat-40-last-pieces-men","8":"product_cat-last-pieces-men-trousers-shorts-rendez-vous-store","9":"entry","11":"first","12":"outofstock","13":"taxable","14":"shipping-taxable","15":"product-type-variable"},"acf":[],"yoast_head":"<!-- This site is optimized with the Yoast SEO plugin v24.9 - https:\/\/yoast.com\/wordpress\/plugins\/seo\/ -->\n<title>Jeanerica Men&#039;s Tapered 5 Pocket Blueblack<\/title>\n<meta name=\"robots\" content=\"index, follow, max-snippet:-1, max-image-preview:large, max-video-preview:-1\" \/>\n<link rel=\"canonical\" href=\"https:\/\/rendez-vous-store.com\/fr\/shop\/last-pieces-men\/last-pieces-men-trousers-shorts-rendez-vous-store\/jeanerica-mens-tapered-5-pocket-blueblack-rendez-vous-store\/\" \/>\n<meta property=\"og:locale\" content=\"fr_FR\" \/>\n<meta property=\"og:type\" content=\"article\" \/>\n<meta property=\"og:title\" content=\"Jeanerica Men&#039;s Tapered 5 Pocket Blueblack\" \/>\n<meta property=\"og:description\" content=\"Jeanerica Men&#8217;s Tapered 5 Pocket Blueblack Color: Dark Blue Slight stretch Mid rise Zip fly Elongated mid-rise waist Tapered leg Composition:\u00a0 98% Organic Cotton, 2% Elastane &nbsp; &nbsp; &nbsp; &nbsp; &nbsp; The brand Jeanerica is launched by Lena Patriksson and Jonas Clason. The world of denim is familiar to them, Clason has previously worked as&hellip; Continue reading Jeanerica &#8211; Men&#8217;s Tapered 5 Pocket &#8211; Blueblack\" \/>\n<meta property=\"og:url\" content=\"https:\/\/rendez-vous-store.com\/fr\/shop\/last-pieces-men\/last-pieces-men-trousers-shorts-rendez-vous-store\/jeanerica-mens-tapered-5-pocket-blueblack-rendez-vous-store\/\" \/>\n<meta property=\"og:site_name\" content=\"RENDEZ-VOUS STORE\" \/>\n<meta property=\"article:modified_time\" content=\"2026-03-16T13:41:35+00:00\" \/>\n<meta property=\"og:image\" content=\"https:\/\/rendez-vous-store.com\/app\/uploads\/2022\/08\/rdv_69-2-scaled.webp\" \/>\n\t<meta property=\"og:image:width\" content=\"1696\" \/>\n\t<meta property=\"og:image:height\" content=\"2560\" \/>\n\t<meta property=\"og:image:type\" content=\"image\/webp\" \/>\n<meta name=\"twitter:card\" content=\"summary_large_image\" \/>\n<meta name=\"twitter:label1\" content=\"Est. reading time\" \/>\n\t<meta name=\"twitter:data1\" content=\"1 minute\" \/>\n<script type=\"application\/ld+json\" class=\"yoast-schema-graph\">{\"@context\":\"https:\/\/schema.org\",\"@graph\":[{\"@type\":\"WebPage\",\"@id\":\"https:\/\/rendez-vous-store.com\/shop\/last-pieces-men\/last-pieces-men-trousers-shorts-rendez-vous-store\/jeanerica-mens-tapered-5-pocket-blueblack-rendez-vous-store\/\",\"url\":\"https:\/\/rendez-vous-store.com\/shop\/last-pieces-men\/last-pieces-men-trousers-shorts-rendez-vous-store\/jeanerica-mens-tapered-5-pocket-blueblack-rendez-vous-store\/\",\"name\":\"Jeanerica Men's Tapered 5 Pocket Blueblack\",\"isPartOf\":{\"@id\":\"https:\/\/rendez-vous-store.com\/#website\"},\"primaryImageOfPage\":{\"@id\":\"https:\/\/rendez-vous-store.com\/shop\/last-pieces-men\/last-pieces-men-trousers-shorts-rendez-vous-store\/jeanerica-mens-tapered-5-pocket-blueblack-rendez-vous-store\/#primaryimage\"},\"image\":{\"@id\":\"https:\/\/rendez-vous-store.com\/shop\/last-pieces-men\/last-pieces-men-trousers-shorts-rendez-vous-store\/jeanerica-mens-tapered-5-pocket-blueblack-rendez-vous-store\/#primaryimage\"},\"thumbnailUrl\":\"https:\/\/rendez-vous-store.com\/app\/uploads\/2022\/08\/rdv_69-2-scaled.webp\",\"datePublished\":\"2022-08-08T11:20:41+00:00\",\"dateModified\":\"2026-03-16T13:41:35+00:00\",\"breadcrumb\":{\"@id\":\"https:\/\/rendez-vous-store.com\/shop\/last-pieces-men\/last-pieces-men-trousers-shorts-rendez-vous-store\/jeanerica-mens-tapered-5-pocket-blueblack-rendez-vous-store\/#breadcrumb\"},\"inLanguage\":\"fr-FR\",\"potentialAction\":[{\"@type\":\"ReadAction\",\"target\":[\"https:\/\/rendez-vous-store.com\/shop\/last-pieces-men\/last-pieces-men-trousers-shorts-rendez-vous-store\/jeanerica-mens-tapered-5-pocket-blueblack-rendez-vous-store\/\"]}]},{\"@type\":\"ImageObject\",\"inLanguage\":\"fr-FR\",\"@id\":\"https:\/\/rendez-vous-store.com\/shop\/last-pieces-men\/last-pieces-men-trousers-shorts-rendez-vous-store\/jeanerica-mens-tapered-5-pocket-blueblack-rendez-vous-store\/#primaryimage\",\"url\":\"https:\/\/rendez-vous-store.com\/app\/uploads\/2022\/08\/rdv_69-2-scaled.webp\",\"contentUrl\":\"https:\/\/rendez-vous-store.com\/app\/uploads\/2022\/08\/rdv_69-2-scaled.webp\",\"width\":1696,\"height\":2560},{\"@type\":\"BreadcrumbList\",\"@id\":\"https:\/\/rendez-vous-store.com\/shop\/last-pieces-men\/last-pieces-men-trousers-shorts-rendez-vous-store\/jeanerica-mens-tapered-5-pocket-blueblack-rendez-vous-store\/#breadcrumb\",\"itemListElement\":[{\"@type\":\"ListItem\",\"position\":1,\"name\":\"Home\",\"item\":\"https:\/\/rendez-vous-store.com\/\"},{\"@type\":\"ListItem\",\"position\":2,\"name\":\"Shop\",\"item\":\"https:\/\/www.rendez-vous-store.com\/shop\/\"},{\"@type\":\"ListItem\",\"position\":3,\"name\":\"Jeanerica &#8211; Men&#8217;s Tapered 5 Pocket &#8211; Blueblack\"}]},{\"@type\":\"WebSite\",\"@id\":\"https:\/\/rendez-vous-store.com\/#website\",\"url\":\"https:\/\/rendez-vous-store.com\/\",\"name\":\"RENDEZ-VOUS STORE\",\"description\":\"Slow Fashion for Women and Men\",\"potentialAction\":[{\"@type\":\"SearchAction\",\"target\":{\"@type\":\"EntryPoint\",\"urlTemplate\":\"https:\/\/rendez-vous-store.com\/?s={search_term_string}\"},\"query-input\":{\"@type\":\"PropertyValueSpecification\",\"valueRequired\":true,\"valueName\":\"search_term_string\"}}],\"inLanguage\":\"fr-FR\"}]}<\/script>\n<!-- \/ Yoast SEO plugin. -->","yoast_head_json":{"title":"Jeanerica Men's Tapered 5 Pocket Blueblack","robots":{"index":"index","follow":"follow","max-snippet":"max-snippet:-1","max-image-preview":"max-image-preview:large","max-video-preview":"max-video-preview:-1"},"canonical":"https:\/\/rendez-vous-store.com\/fr\/shop\/last-pieces-men\/last-pieces-men-trousers-shorts-rendez-vous-store\/jeanerica-mens-tapered-5-pocket-blueblack-rendez-vous-store\/","og_locale":"fr_FR","og_type":"article","og_title":"Jeanerica Men's Tapered 5 Pocket Blueblack","og_description":"Jeanerica Men&#8217;s Tapered 5 Pocket Blueblack Color: Dark Blue Slight stretch Mid rise Zip fly Elongated mid-rise waist Tapered leg Composition:\u00a0 98% Organic Cotton, 2% Elastane &nbsp; &nbsp; &nbsp; &nbsp; &nbsp; The brand Jeanerica is launched by Lena Patriksson and Jonas Clason. The world of denim is familiar to them, Clason has previously worked as&hellip; Continue reading Jeanerica &#8211; Men&#8217;s Tapered 5 Pocket &#8211; Blueblack","og_url":"https:\/\/rendez-vous-store.com\/fr\/shop\/last-pieces-men\/last-pieces-men-trousers-shorts-rendez-vous-store\/jeanerica-mens-tapered-5-pocket-blueblack-rendez-vous-store\/","og_site_name":"RENDEZ-VOUS STORE","article_modified_time":"2026-03-16T13:41:35+00:00","og_image":[{"width":1696,"height":2560,"url":"https:\/\/rendez-vous-store.com\/app\/uploads\/2022\/08\/rdv_69-2-scaled.webp","type":"image\/webp"}],"twitter_card":"summary_large_image","twitter_misc":{"Est. reading time":"1 minute"},"schema":{"@context":"https:\/\/schema.org","@graph":[{"@type":"WebPage","@id":"https:\/\/rendez-vous-store.com\/shop\/last-pieces-men\/last-pieces-men-trousers-shorts-rendez-vous-store\/jeanerica-mens-tapered-5-pocket-blueblack-rendez-vous-store\/","url":"https:\/\/rendez-vous-store.com\/shop\/last-pieces-men\/last-pieces-men-trousers-shorts-rendez-vous-store\/jeanerica-mens-tapered-5-pocket-blueblack-rendez-vous-store\/","name":"Jeanerica Men's Tapered 5 Pocket Blueblack","isPartOf":{"@id":"https:\/\/rendez-vous-store.com\/#website"},"primaryImageOfPage":{"@id":"https:\/\/rendez-vous-store.com\/shop\/last-pieces-men\/last-pieces-men-trousers-shorts-rendez-vous-store\/jeanerica-mens-tapered-5-pocket-blueblack-rendez-vous-store\/#primaryimage"},"image":{"@id":"https:\/\/rendez-vous-store.com\/shop\/last-pieces-men\/last-pieces-men-trousers-shorts-rendez-vous-store\/jeanerica-mens-tapered-5-pocket-blueblack-rendez-vous-store\/#primaryimage"},"thumbnailUrl":"https:\/\/rendez-vous-store.com\/app\/uploads\/2022\/08\/rdv_69-2-scaled.webp","datePublished":"2022-08-08T11:20:41+00:00","dateModified":"2026-03-16T13:41:35+00:00","breadcrumb":{"@id":"https:\/\/rendez-vous-store.com\/shop\/last-pieces-men\/last-pieces-men-trousers-shorts-rendez-vous-store\/jeanerica-mens-tapered-5-pocket-blueblack-rendez-vous-store\/#breadcrumb"},"inLanguage":"fr-FR","potentialAction":[{"@type":"ReadAction","target":["https:\/\/rendez-vous-store.com\/shop\/last-pieces-men\/last-pieces-men-trousers-shorts-rendez-vous-store\/jeanerica-mens-tapered-5-pocket-blueblack-rendez-vous-store\/"]}]},{"@type":"ImageObject","inLanguage":"fr-FR","@id":"https:\/\/rendez-vous-store.com\/shop\/last-pieces-men\/last-pieces-men-trousers-shorts-rendez-vous-store\/jeanerica-mens-tapered-5-pocket-blueblack-rendez-vous-store\/#primaryimage","url":"https:\/\/rendez-vous-store.com\/app\/uploads\/2022\/08\/rdv_69-2-scaled.webp","contentUrl":"https:\/\/rendez-vous-store.com\/app\/uploads\/2022\/08\/rdv_69-2-scaled.webp","width":1696,"height":2560},{"@type":"BreadcrumbList","@id":"https:\/\/rendez-vous-store.com\/shop\/last-pieces-men\/last-pieces-men-trousers-shorts-rendez-vous-store\/jeanerica-mens-tapered-5-pocket-blueblack-rendez-vous-store\/#breadcrumb","itemListElement":[{"@type":"ListItem","position":1,"name":"Home","item":"https:\/\/rendez-vous-store.com\/"},{"@type":"ListItem","position":2,"name":"Shop","item":"https:\/\/www.rendez-vous-store.com\/shop\/"},{"@type":"ListItem","position":3,"name":"Jeanerica &#8211; Men&#8217;s Tapered 5 Pocket &#8211; Blueblack"}]},{"@type":"WebSite","@id":"https:\/\/rendez-vous-store.com\/#website","url":"https:\/\/rendez-vous-store.com\/","name":"RENDEZ-VOUS STORE","description":"Slow Fashion for Women and Men","potentialAction":[{"@type":"SearchAction","target":{"@type":"EntryPoint","urlTemplate":"https:\/\/rendez-vous-store.com\/?s={search_term_string}"},"query-input":{"@type":"PropertyValueSpecification","valueRequired":true,"valueName":"search_term_string"}}],"inLanguage":"fr-FR"}]}},"_links":{"self":[{"href":"https:\/\/rendez-vous-store.com\/fr\/wp-json\/wp\/v2\/product\/57881","targetHints":{"allow":["GET"]}}],"collection":[{"href":"https:\/\/rendez-vous-store.com\/fr\/wp-json\/wp\/v2\/product"}],"about":[{"href":"https:\/\/rendez-vous-store.com\/fr\/wp-json\/wp\/v2\/types\/product"}],"wp:featuredmedia":[{"embeddable":true,"href":"https:\/\/rendez-vous-store.com\/fr\/wp-json\/wp\/v2\/media\/204651"}],"wp:attachment":[{"href":"https:\/\/rendez-vous-store.com\/fr\/wp-json\/wp\/v2\/media?parent=57881"}],"wp:term":[{"taxonomy":"product_brand","embeddable":true,"href":"https:\/\/rendez-vous-store.com\/fr\/wp-json\/wp\/v2\/product_brand?post=57881"},{"taxonomy":"product_cat","embeddable":true,"href":"https:\/\/rendez-vous-store.com\/fr\/wp-json\/wp\/v2\/product_cat?post=57881"},{"taxonomy":"product_tag","embeddable":true,"href":"https:\/\/rendez-vous-store.com\/fr\/wp-json\/wp\/v2\/product_tag?post=57881"}],"curies":[{"name":"wp","href":"https:\/\/api.w.org\/{rel}","templated":true}]}}