{"id":57283,"date":"2022-08-08T13:15:06","date_gmt":"2022-08-08T11:15:06","guid":{"rendered":"https:\/\/www.rendez-vous-store.com\/shop\/uncategorized\/hender-scheme-wallet-de-rc-wlt-brown\/"},"modified":"2026-03-16T14:35:21","modified_gmt":"2026-03-16T13:35:21","slug":"hender-scheme-wallet-de-rc-wlt-brown","status":"publish","type":"product","link":"https:\/\/rendez-vous-store.com\/fr\/shop\/special-offer-men-rendez-vous-store\/men-accessories-special-offer\/hender-scheme-wallet-de-rc-wlt-brown\/","title":{"rendered":"Hender Scheme - Portefeuille DE-RC-WLT - Marron"},"content":{"rendered":"<p><strong>Hender Scheme - Portefeuille DE-RC-WLT - Marron<\/strong><\/p>\n<p>Couleur : Marron<\/p>\n<p>Fermeture par bouton-pression<\/p>\n<p>1 emplacement pour carte<\/p>\n<p>1 Compartiment \u00e0 rabat<\/p>\n<p>Logo grav\u00e9<\/p>\n<p>Finition mate<\/p>\n<p>Comprend un sac en tissu<\/p>\n<p>Composition : 100% Peau de vache<\/p>\n<p>Dimensions : H:9cm - L : 8cm (ferm\u00e9) \/ 18cm (ouvert) : H:9cm - L : 8cm (ferm\u00e9) \/ 18cm (ouvert)<\/p>\n<p>Fabriqu\u00e9 au Japon<\/p>\n<p>&nbsp;<\/p>\n<p>&nbsp;<\/p>\n<p><strong>La marque\u00a0<\/strong><\/p>\n<p>Le cr\u00e9ateur Ryo Kashiwazaki a fond\u00e9 Hender Scheme \u00e0 Tokyo. La marque est sp\u00e9cialis\u00e9e dans les chaussures et les accessoires en cuir haut de gamme fabriqu\u00e9s \u00e0 la main.<\/p>\n<p>Hender Scheme refl\u00e8te parfaitement le soin, la pr\u00e9cision et le respect que les artisans japonais portent \u00e0 leur travail. Les clients consid\u00e8rent ces produits comme des incontournables en raison de leur haute qualit\u00e9 et de leur design intemporel.<\/p>","protected":false},"excerpt":{"rendered":"<p>Hender Scheme &#8211; Wallet DE-RC-WLT &#8211; Brown Color: Brown Snap button closure 1 Card slot 1 Flap compartment Engraved logo Matte finish Includes a fabric bag Composition: 100% Cowhide Dimensions: H:9cm &#8211; L: 8cm (closed) \/ 18cm (open) Made in Japan &nbsp; &nbsp; The brand\u00a0 Designer Ryo Kashiwazaki founded Hender Scheme in Tokyo. The brand&hellip; <a class=\"more-link\" href=\"https:\/\/rendez-vous-store.com\/fr\/shop\/special-offer-men-rendez-vous-store\/men-accessories-special-offer\/hender-scheme-wallet-de-rc-wlt-brown\/\">Continuer la lecture <span class=\"screen-reader-text\">Hender Scheme - Portefeuille DE-RC-WLT - Marron<\/span><\/a><\/p>","protected":false},"featured_media":29609,"template":"","meta":{"_acf_changed":false},"product_brand":[],"product_cat":[1460,1351,1350,387,70],"product_tag":[624],"class_list":{"0":"post-57283","1":"product","2":"type-product","3":"status-publish","4":"has-post-thumbnail","6":"product_cat-sale-25","7":"product_cat-men-accessories-special-offer","8":"product_cat-special-offer-men-rendez-vous-store","9":"product_cat-women-accessories-rendez-vous-store","10":"product_cat-accessories-men-rendez-vous-store","11":"product_tag-hender-scheme","12":"entry","14":"first","15":"outofstock","16":"taxable","17":"shipping-taxable","18":"purchasable","19":"product-type-simple"},"acf":[],"yoast_head":"<!-- This site is optimized with the Yoast SEO plugin v24.9 - https:\/\/yoast.com\/wordpress\/plugins\/seo\/ -->\n<title>Hender Scheme Wallet DE-RC-WLT Brown<\/title>\n<meta name=\"description\" content=\"Hender Scheme is on Rendez-Vous Store. This Hender Scheme Wallet DE-RC-WLT Brown blends traditional techniques with contemporary style.\" \/>\n<meta name=\"robots\" content=\"index, follow, max-snippet:-1, max-image-preview:large, max-video-preview:-1\" \/>\n<link rel=\"canonical\" href=\"https:\/\/rendez-vous-store.com\/fr\/shop\/special-offer-men-rendez-vous-store\/men-accessories-special-offer\/hender-scheme-wallet-de-rc-wlt-brown\/\" \/>\n<meta property=\"og:locale\" content=\"fr_FR\" \/>\n<meta property=\"og:type\" content=\"article\" \/>\n<meta property=\"og:title\" content=\"Hender Scheme Wallet DE-RC-WLT Brown\" \/>\n<meta property=\"og:description\" content=\"Hender Scheme is on Rendez-Vous Store. This Hender Scheme Wallet DE-RC-WLT Brown blends traditional techniques with contemporary style.\" \/>\n<meta property=\"og:url\" content=\"https:\/\/rendez-vous-store.com\/fr\/shop\/special-offer-men-rendez-vous-store\/men-accessories-special-offer\/hender-scheme-wallet-de-rc-wlt-brown\/\" \/>\n<meta property=\"og:site_name\" content=\"RENDEZ-VOUS STORE\" \/>\n<meta property=\"article:modified_time\" content=\"2026-03-16T13:35:21+00:00\" \/>\n<meta property=\"og:image\" content=\"https:\/\/rendez-vous-store.com\/app\/uploads\/2022\/07\/rdv_women_37-26.jpg\" \/>\n\t<meta property=\"og:image:width\" content=\"1060\" \/>\n\t<meta property=\"og:image:height\" content=\"1600\" \/>\n\t<meta property=\"og:image:type\" content=\"image\/jpeg\" \/>\n<meta name=\"twitter:card\" content=\"summary_large_image\" \/>\n<meta name=\"twitter:label1\" content=\"Est. reading time\" \/>\n\t<meta name=\"twitter:data1\" content=\"1 minute\" \/>\n<script type=\"application\/ld+json\" class=\"yoast-schema-graph\">{\"@context\":\"https:\/\/schema.org\",\"@graph\":[{\"@type\":\"WebPage\",\"@id\":\"https:\/\/rendez-vous-store.com\/shop\/special-offer-men-rendez-vous-store\/men-accessories-special-offer\/hender-scheme-wallet-de-rc-wlt-brown\/\",\"url\":\"https:\/\/rendez-vous-store.com\/shop\/special-offer-men-rendez-vous-store\/men-accessories-special-offer\/hender-scheme-wallet-de-rc-wlt-brown\/\",\"name\":\"Hender Scheme Wallet DE-RC-WLT Brown\",\"isPartOf\":{\"@id\":\"https:\/\/rendez-vous-store.com\/#website\"},\"primaryImageOfPage\":{\"@id\":\"https:\/\/rendez-vous-store.com\/shop\/special-offer-men-rendez-vous-store\/men-accessories-special-offer\/hender-scheme-wallet-de-rc-wlt-brown\/#primaryimage\"},\"image\":{\"@id\":\"https:\/\/rendez-vous-store.com\/shop\/special-offer-men-rendez-vous-store\/men-accessories-special-offer\/hender-scheme-wallet-de-rc-wlt-brown\/#primaryimage\"},\"thumbnailUrl\":\"https:\/\/rendez-vous-store.com\/app\/uploads\/2022\/07\/rdv_women_37-26.jpg\",\"datePublished\":\"2022-08-08T11:15:06+00:00\",\"dateModified\":\"2026-03-16T13:35:21+00:00\",\"description\":\"Hender Scheme is on Rendez-Vous Store. This Hender Scheme Wallet DE-RC-WLT Brown blends traditional techniques with contemporary style.\",\"breadcrumb\":{\"@id\":\"https:\/\/rendez-vous-store.com\/shop\/special-offer-men-rendez-vous-store\/men-accessories-special-offer\/hender-scheme-wallet-de-rc-wlt-brown\/#breadcrumb\"},\"inLanguage\":\"fr-FR\",\"potentialAction\":[{\"@type\":\"ReadAction\",\"target\":[\"https:\/\/rendez-vous-store.com\/shop\/special-offer-men-rendez-vous-store\/men-accessories-special-offer\/hender-scheme-wallet-de-rc-wlt-brown\/\"]}]},{\"@type\":\"ImageObject\",\"inLanguage\":\"fr-FR\",\"@id\":\"https:\/\/rendez-vous-store.com\/shop\/special-offer-men-rendez-vous-store\/men-accessories-special-offer\/hender-scheme-wallet-de-rc-wlt-brown\/#primaryimage\",\"url\":\"https:\/\/rendez-vous-store.com\/app\/uploads\/2022\/07\/rdv_women_37-26.jpg\",\"contentUrl\":\"https:\/\/rendez-vous-store.com\/app\/uploads\/2022\/07\/rdv_women_37-26.jpg\",\"width\":1060,\"height\":1600},{\"@type\":\"BreadcrumbList\",\"@id\":\"https:\/\/rendez-vous-store.com\/shop\/special-offer-men-rendez-vous-store\/men-accessories-special-offer\/hender-scheme-wallet-de-rc-wlt-brown\/#breadcrumb\",\"itemListElement\":[{\"@type\":\"ListItem\",\"position\":1,\"name\":\"Home\",\"item\":\"https:\/\/rendez-vous-store.com\/\"},{\"@type\":\"ListItem\",\"position\":2,\"name\":\"Shop\",\"item\":\"https:\/\/www.rendez-vous-store.com\/shop\/\"},{\"@type\":\"ListItem\",\"position\":3,\"name\":\"Hender Scheme &#8211; Wallet DE-RC-WLT &#8211; Brown\"}]},{\"@type\":\"WebSite\",\"@id\":\"https:\/\/rendez-vous-store.com\/#website\",\"url\":\"https:\/\/rendez-vous-store.com\/\",\"name\":\"RENDEZ-VOUS STORE\",\"description\":\"Slow Fashion for Women and Men\",\"potentialAction\":[{\"@type\":\"SearchAction\",\"target\":{\"@type\":\"EntryPoint\",\"urlTemplate\":\"https:\/\/rendez-vous-store.com\/?s={search_term_string}\"},\"query-input\":{\"@type\":\"PropertyValueSpecification\",\"valueRequired\":true,\"valueName\":\"search_term_string\"}}],\"inLanguage\":\"fr-FR\"}]}<\/script>\n<!-- \/ Yoast SEO plugin. -->","yoast_head_json":{"title":"Hender Scheme Wallet DE-RC-WLT Brown","description":"Hender Scheme is on Rendez-Vous Store. This Hender Scheme Wallet DE-RC-WLT Brown blends traditional techniques with contemporary style.","robots":{"index":"index","follow":"follow","max-snippet":"max-snippet:-1","max-image-preview":"max-image-preview:large","max-video-preview":"max-video-preview:-1"},"canonical":"https:\/\/rendez-vous-store.com\/fr\/shop\/special-offer-men-rendez-vous-store\/men-accessories-special-offer\/hender-scheme-wallet-de-rc-wlt-brown\/","og_locale":"fr_FR","og_type":"article","og_title":"Hender Scheme Wallet DE-RC-WLT Brown","og_description":"Hender Scheme is on Rendez-Vous Store. This Hender Scheme Wallet DE-RC-WLT Brown blends traditional techniques with contemporary style.","og_url":"https:\/\/rendez-vous-store.com\/fr\/shop\/special-offer-men-rendez-vous-store\/men-accessories-special-offer\/hender-scheme-wallet-de-rc-wlt-brown\/","og_site_name":"RENDEZ-VOUS STORE","article_modified_time":"2026-03-16T13:35:21+00:00","og_image":[{"width":1060,"height":1600,"url":"https:\/\/rendez-vous-store.com\/app\/uploads\/2022\/07\/rdv_women_37-26.jpg","type":"image\/jpeg"}],"twitter_card":"summary_large_image","twitter_misc":{"Est. reading time":"1 minute"},"schema":{"@context":"https:\/\/schema.org","@graph":[{"@type":"WebPage","@id":"https:\/\/rendez-vous-store.com\/shop\/special-offer-men-rendez-vous-store\/men-accessories-special-offer\/hender-scheme-wallet-de-rc-wlt-brown\/","url":"https:\/\/rendez-vous-store.com\/shop\/special-offer-men-rendez-vous-store\/men-accessories-special-offer\/hender-scheme-wallet-de-rc-wlt-brown\/","name":"Hender Scheme Wallet DE-RC-WLT Brown","isPartOf":{"@id":"https:\/\/rendez-vous-store.com\/#website"},"primaryImageOfPage":{"@id":"https:\/\/rendez-vous-store.com\/shop\/special-offer-men-rendez-vous-store\/men-accessories-special-offer\/hender-scheme-wallet-de-rc-wlt-brown\/#primaryimage"},"image":{"@id":"https:\/\/rendez-vous-store.com\/shop\/special-offer-men-rendez-vous-store\/men-accessories-special-offer\/hender-scheme-wallet-de-rc-wlt-brown\/#primaryimage"},"thumbnailUrl":"https:\/\/rendez-vous-store.com\/app\/uploads\/2022\/07\/rdv_women_37-26.jpg","datePublished":"2022-08-08T11:15:06+00:00","dateModified":"2026-03-16T13:35:21+00:00","description":"Hender Scheme is on Rendez-Vous Store. This Hender Scheme Wallet DE-RC-WLT Brown blends traditional techniques with contemporary style.","breadcrumb":{"@id":"https:\/\/rendez-vous-store.com\/shop\/special-offer-men-rendez-vous-store\/men-accessories-special-offer\/hender-scheme-wallet-de-rc-wlt-brown\/#breadcrumb"},"inLanguage":"fr-FR","potentialAction":[{"@type":"ReadAction","target":["https:\/\/rendez-vous-store.com\/shop\/special-offer-men-rendez-vous-store\/men-accessories-special-offer\/hender-scheme-wallet-de-rc-wlt-brown\/"]}]},{"@type":"ImageObject","inLanguage":"fr-FR","@id":"https:\/\/rendez-vous-store.com\/shop\/special-offer-men-rendez-vous-store\/men-accessories-special-offer\/hender-scheme-wallet-de-rc-wlt-brown\/#primaryimage","url":"https:\/\/rendez-vous-store.com\/app\/uploads\/2022\/07\/rdv_women_37-26.jpg","contentUrl":"https:\/\/rendez-vous-store.com\/app\/uploads\/2022\/07\/rdv_women_37-26.jpg","width":1060,"height":1600},{"@type":"BreadcrumbList","@id":"https:\/\/rendez-vous-store.com\/shop\/special-offer-men-rendez-vous-store\/men-accessories-special-offer\/hender-scheme-wallet-de-rc-wlt-brown\/#breadcrumb","itemListElement":[{"@type":"ListItem","position":1,"name":"Home","item":"https:\/\/rendez-vous-store.com\/"},{"@type":"ListItem","position":2,"name":"Shop","item":"https:\/\/www.rendez-vous-store.com\/shop\/"},{"@type":"ListItem","position":3,"name":"Hender Scheme &#8211; Wallet DE-RC-WLT &#8211; Brown"}]},{"@type":"WebSite","@id":"https:\/\/rendez-vous-store.com\/#website","url":"https:\/\/rendez-vous-store.com\/","name":"RENDEZ-VOUS STORE","description":"Slow Fashion for Women and Men","potentialAction":[{"@type":"SearchAction","target":{"@type":"EntryPoint","urlTemplate":"https:\/\/rendez-vous-store.com\/?s={search_term_string}"},"query-input":{"@type":"PropertyValueSpecification","valueRequired":true,"valueName":"search_term_string"}}],"inLanguage":"fr-FR"}]}},"_links":{"self":[{"href":"https:\/\/rendez-vous-store.com\/fr\/wp-json\/wp\/v2\/product\/57283","targetHints":{"allow":["GET"]}}],"collection":[{"href":"https:\/\/rendez-vous-store.com\/fr\/wp-json\/wp\/v2\/product"}],"about":[{"href":"https:\/\/rendez-vous-store.com\/fr\/wp-json\/wp\/v2\/types\/product"}],"wp:featuredmedia":[{"embeddable":true,"href":"https:\/\/rendez-vous-store.com\/fr\/wp-json\/wp\/v2\/media\/29609"}],"wp:attachment":[{"href":"https:\/\/rendez-vous-store.com\/fr\/wp-json\/wp\/v2\/media?parent=57283"}],"wp:term":[{"taxonomy":"product_brand","embeddable":true,"href":"https:\/\/rendez-vous-store.com\/fr\/wp-json\/wp\/v2\/product_brand?post=57283"},{"taxonomy":"product_cat","embeddable":true,"href":"https:\/\/rendez-vous-store.com\/fr\/wp-json\/wp\/v2\/product_cat?post=57283"},{"taxonomy":"product_tag","embeddable":true,"href":"https:\/\/rendez-vous-store.com\/fr\/wp-json\/wp\/v2\/product_tag?post=57283"}],"curies":[{"name":"wp","href":"https:\/\/api.w.org\/{rel}","templated":true}]}}