{"id":53890,"date":"2022-08-08T12:44:59","date_gmt":"2022-08-08T10:44:59","guid":{"rendered":"https:\/\/www.rendez-vous-store.com\/?post_type=product&#038;p=53890"},"modified":"2026-03-16T16:35:10","modified_gmt":"2026-03-16T15:35:10","slug":"comme-des-garcons-play-black-heart-l-s-t-shirt-t122-grey-rendez-vous-store","status":"publish","type":"product","link":"https:\/\/rendez-vous-store.com\/fr\/shop\/special-offer-men-rendez-vous-store\/men-t-shirt-special-offer-rendez-vous-store\/comme-des-garcons-play-black-heart-l-s-t-shirt-t122-grey-rendez-vous-store\/","title":{"rendered":"Comme Des Gar\u00e7ons -Play Black Heart L\/S T-Shirt T122 &#8211; Grey"},"content":{"rendered":"<p><strong>Comme Des Gar\u00e7ons Play Black Heart L\/S T-Shirt T122 Grey<\/strong><\/p>\n<p>Color: Grey with black heart<\/p>\n<p>Coupe ample<\/p>\n<p>Col rond<\/p>\n<p>Manches longues<\/p>\n<p>Embroidered heart<\/p>\n<p>\u00c9paules tombantes<\/p>\n<p>Composition : 100% Coton<\/p>\n<p>Fabriqu\u00e9 au Japon<\/p>\n<p>Style code: AZ-T122-051-1<\/p>\n<p>&nbsp;<\/p>\n<p>&nbsp;<\/p>\n<p>&nbsp;<\/p>\n<p>&nbsp;<\/p>\n<p>&nbsp;<\/p>\n<p><strong>La marque\u00a0<\/strong><\/p>\n<p>Ligne de luxe d\u00e9contract\u00e9e de Comme Des Gar\u00e7ons, Comme des Garcons Play est connue pour son logo en forme de c\u0153ur avec deux yeux, dessin\u00e9 par Filip Pagowski. La collection PLAY comprend des tee-shirts graphiques, des tricots et des accessoires. Utilisant une palette de couleurs simples, les pi\u00e8ces utilisent le logo de Pagowski de diff\u00e9rentes mani\u00e8res. Disponible pour les hommes, les femmes et les enfants, la ligne Play de Comme Des Gar\u00e7ons permet \u00e0 ceux qui la portent de faire instantan\u00e9ment partie du club culte CdG.<\/p>","protected":false},"excerpt":{"rendered":"<p>Comme Des Gar\u00e7ons Play Black Heart L\/S T-Shirt T122 Grey Color: Grey with black heart Loose fit Round neck Long sleeves Embroidered heart Dropped shoulders Composition: 100% Cotton Made in Japan Style code: AZ-T122-051-1 &nbsp; &nbsp; &nbsp; &nbsp; &nbsp; The brand\u00a0 Casual luxury line from Comme Des Gar\u00e7ons, Comme des Garcons Play is known for&hellip; <a class=\"more-link\" href=\"https:\/\/rendez-vous-store.com\/fr\/shop\/special-offer-men-rendez-vous-store\/men-t-shirt-special-offer-rendez-vous-store\/comme-des-garcons-play-black-heart-l-s-t-shirt-t122-grey-rendez-vous-store\/\">Continue reading <span class=\"screen-reader-text\">Comme Des Gar\u00e7ons -Play Black Heart L\/S T-Shirt T122 &#8211; Grey<\/span><\/a><\/p>","protected":false},"featured_media":131165,"template":"","meta":{"_acf_changed":false},"product_brand":[],"product_cat":[1292,1350,1358,76],"product_tag":[273],"class_list":{"0":"post-53890","1":"product","2":"type-product","3":"status-publish","4":"has-post-thumbnail","6":"product_cat-1292","7":"product_cat-special-offer-men-rendez-vous-store","8":"product_cat-men-t-shirt-special-offer-rendez-vous-store","9":"product_cat-t-shirts-discover-our-selection-rendez-vous-store","10":"product_tag-comme-des-garcons-play","11":"entry","13":"first","14":"outofstock","15":"taxable","16":"shipping-taxable","17":"product-type-variable","18":"has-default-attributes"},"acf":[],"yoast_head":"<!-- This site is optimized with the Yoast SEO plugin v24.9 - https:\/\/yoast.com\/wordpress\/plugins\/seo\/ -->\n<title>Comme Des Gar\u00e7ons Play Men T-shirt Grey<\/title>\n<meta name=\"description\" content=\"This Comme des Gar\u00e7ons Play Men T-Shirt follows the guidelines of the Japanese brand while remaining in a radical universe. Discover now.\" \/>\n<meta name=\"robots\" content=\"index, follow, max-snippet:-1, max-image-preview:large, max-video-preview:-1\" \/>\n<link rel=\"canonical\" href=\"https:\/\/rendez-vous-store.com\/fr\/shop\/special-offer-men-rendez-vous-store\/men-t-shirt-special-offer-rendez-vous-store\/comme-des-garcons-play-black-heart-l-s-t-shirt-t122-grey-rendez-vous-store\/\" \/>\n<meta property=\"og:locale\" content=\"fr_FR\" \/>\n<meta property=\"og:type\" content=\"article\" \/>\n<meta property=\"og:title\" content=\"Comme Des Gar\u00e7ons Play Men T-shirt Grey\" \/>\n<meta property=\"og:description\" content=\"This Comme des Gar\u00e7ons Play Men T-Shirt follows the guidelines of the Japanese brand while remaining in a radical universe. Discover now.\" \/>\n<meta property=\"og:url\" content=\"https:\/\/rendez-vous-store.com\/fr\/shop\/special-offer-men-rendez-vous-store\/men-t-shirt-special-offer-rendez-vous-store\/comme-des-garcons-play-black-heart-l-s-t-shirt-t122-grey-rendez-vous-store\/\" \/>\n<meta property=\"og:site_name\" content=\"RENDEZ-VOUS STORE\" \/>\n<meta property=\"article:modified_time\" content=\"2026-03-16T15:35:10+00:00\" \/>\n<meta property=\"og:image\" content=\"https:\/\/rendez-vous-store.com\/app\/uploads\/2022\/08\/rdv_play_149-scaled.webp\" \/>\n\t<meta property=\"og:image:width\" content=\"1696\" \/>\n\t<meta property=\"og:image:height\" content=\"2560\" \/>\n\t<meta property=\"og:image:type\" content=\"image\/webp\" \/>\n<meta name=\"twitter:card\" content=\"summary_large_image\" \/>\n<meta name=\"twitter:label1\" content=\"Est. reading time\" \/>\n\t<meta name=\"twitter:data1\" content=\"1 minute\" \/>\n<script type=\"application\/ld+json\" class=\"yoast-schema-graph\">{\"@context\":\"https:\/\/schema.org\",\"@graph\":[{\"@type\":\"WebPage\",\"@id\":\"https:\/\/rendez-vous-store.com\/shop\/special-offer-men-rendez-vous-store\/men-t-shirt-special-offer-rendez-vous-store\/comme-des-garcons-play-black-heart-l-s-t-shirt-t122-grey-rendez-vous-store\/\",\"url\":\"https:\/\/rendez-vous-store.com\/shop\/special-offer-men-rendez-vous-store\/men-t-shirt-special-offer-rendez-vous-store\/comme-des-garcons-play-black-heart-l-s-t-shirt-t122-grey-rendez-vous-store\/\",\"name\":\"Comme Des Gar\u00e7ons Play Men T-shirt Grey\",\"isPartOf\":{\"@id\":\"https:\/\/rendez-vous-store.com\/#website\"},\"primaryImageOfPage\":{\"@id\":\"https:\/\/rendez-vous-store.com\/shop\/special-offer-men-rendez-vous-store\/men-t-shirt-special-offer-rendez-vous-store\/comme-des-garcons-play-black-heart-l-s-t-shirt-t122-grey-rendez-vous-store\/#primaryimage\"},\"image\":{\"@id\":\"https:\/\/rendez-vous-store.com\/shop\/special-offer-men-rendez-vous-store\/men-t-shirt-special-offer-rendez-vous-store\/comme-des-garcons-play-black-heart-l-s-t-shirt-t122-grey-rendez-vous-store\/#primaryimage\"},\"thumbnailUrl\":\"https:\/\/rendez-vous-store.com\/app\/uploads\/2022\/08\/rdv_play_149-scaled.webp\",\"datePublished\":\"2022-08-08T10:44:59+00:00\",\"dateModified\":\"2026-03-16T15:35:10+00:00\",\"description\":\"This Comme des Gar\u00e7ons Play Men T-Shirt follows the guidelines of the Japanese brand while remaining in a radical universe. Discover now.\",\"breadcrumb\":{\"@id\":\"https:\/\/rendez-vous-store.com\/shop\/special-offer-men-rendez-vous-store\/men-t-shirt-special-offer-rendez-vous-store\/comme-des-garcons-play-black-heart-l-s-t-shirt-t122-grey-rendez-vous-store\/#breadcrumb\"},\"inLanguage\":\"fr-FR\",\"potentialAction\":[{\"@type\":\"ReadAction\",\"target\":[\"https:\/\/rendez-vous-store.com\/shop\/special-offer-men-rendez-vous-store\/men-t-shirt-special-offer-rendez-vous-store\/comme-des-garcons-play-black-heart-l-s-t-shirt-t122-grey-rendez-vous-store\/\"]}]},{\"@type\":\"ImageObject\",\"inLanguage\":\"fr-FR\",\"@id\":\"https:\/\/rendez-vous-store.com\/shop\/special-offer-men-rendez-vous-store\/men-t-shirt-special-offer-rendez-vous-store\/comme-des-garcons-play-black-heart-l-s-t-shirt-t122-grey-rendez-vous-store\/#primaryimage\",\"url\":\"https:\/\/rendez-vous-store.com\/app\/uploads\/2022\/08\/rdv_play_149-scaled.webp\",\"contentUrl\":\"https:\/\/rendez-vous-store.com\/app\/uploads\/2022\/08\/rdv_play_149-scaled.webp\",\"width\":1696,\"height\":2560},{\"@type\":\"BreadcrumbList\",\"@id\":\"https:\/\/rendez-vous-store.com\/shop\/special-offer-men-rendez-vous-store\/men-t-shirt-special-offer-rendez-vous-store\/comme-des-garcons-play-black-heart-l-s-t-shirt-t122-grey-rendez-vous-store\/#breadcrumb\",\"itemListElement\":[{\"@type\":\"ListItem\",\"position\":1,\"name\":\"Home\",\"item\":\"https:\/\/rendez-vous-store.com\/\"},{\"@type\":\"ListItem\",\"position\":2,\"name\":\"Shop\",\"item\":\"https:\/\/www.rendez-vous-store.com\/shop\/\"},{\"@type\":\"ListItem\",\"position\":3,\"name\":\"Comme Des Gar\u00e7ons -Play Black Heart L\/S T-Shirt T122 &#8211; Grey\"}]},{\"@type\":\"WebSite\",\"@id\":\"https:\/\/rendez-vous-store.com\/#website\",\"url\":\"https:\/\/rendez-vous-store.com\/\",\"name\":\"RENDEZ-VOUS STORE\",\"description\":\"Slow Fashion for Women and Men\",\"potentialAction\":[{\"@type\":\"SearchAction\",\"target\":{\"@type\":\"EntryPoint\",\"urlTemplate\":\"https:\/\/rendez-vous-store.com\/?s={search_term_string}\"},\"query-input\":{\"@type\":\"PropertyValueSpecification\",\"valueRequired\":true,\"valueName\":\"search_term_string\"}}],\"inLanguage\":\"fr-FR\"}]}<\/script>\n<!-- \/ Yoast SEO plugin. -->","yoast_head_json":{"title":"Comme Des Gar\u00e7ons Play Men T-shirt Grey","description":"This Comme des Gar\u00e7ons Play Men T-Shirt follows the guidelines of the Japanese brand while remaining in a radical universe. Discover now.","robots":{"index":"index","follow":"follow","max-snippet":"max-snippet:-1","max-image-preview":"max-image-preview:large","max-video-preview":"max-video-preview:-1"},"canonical":"https:\/\/rendez-vous-store.com\/fr\/shop\/special-offer-men-rendez-vous-store\/men-t-shirt-special-offer-rendez-vous-store\/comme-des-garcons-play-black-heart-l-s-t-shirt-t122-grey-rendez-vous-store\/","og_locale":"fr_FR","og_type":"article","og_title":"Comme Des Gar\u00e7ons Play Men T-shirt Grey","og_description":"This Comme des Gar\u00e7ons Play Men T-Shirt follows the guidelines of the Japanese brand while remaining in a radical universe. Discover now.","og_url":"https:\/\/rendez-vous-store.com\/fr\/shop\/special-offer-men-rendez-vous-store\/men-t-shirt-special-offer-rendez-vous-store\/comme-des-garcons-play-black-heart-l-s-t-shirt-t122-grey-rendez-vous-store\/","og_site_name":"RENDEZ-VOUS STORE","article_modified_time":"2026-03-16T15:35:10+00:00","og_image":[{"width":1696,"height":2560,"url":"https:\/\/rendez-vous-store.com\/app\/uploads\/2022\/08\/rdv_play_149-scaled.webp","type":"image\/webp"}],"twitter_card":"summary_large_image","twitter_misc":{"Est. reading time":"1 minute"},"schema":{"@context":"https:\/\/schema.org","@graph":[{"@type":"WebPage","@id":"https:\/\/rendez-vous-store.com\/shop\/special-offer-men-rendez-vous-store\/men-t-shirt-special-offer-rendez-vous-store\/comme-des-garcons-play-black-heart-l-s-t-shirt-t122-grey-rendez-vous-store\/","url":"https:\/\/rendez-vous-store.com\/shop\/special-offer-men-rendez-vous-store\/men-t-shirt-special-offer-rendez-vous-store\/comme-des-garcons-play-black-heart-l-s-t-shirt-t122-grey-rendez-vous-store\/","name":"Comme Des Gar\u00e7ons Play Men T-shirt Grey","isPartOf":{"@id":"https:\/\/rendez-vous-store.com\/#website"},"primaryImageOfPage":{"@id":"https:\/\/rendez-vous-store.com\/shop\/special-offer-men-rendez-vous-store\/men-t-shirt-special-offer-rendez-vous-store\/comme-des-garcons-play-black-heart-l-s-t-shirt-t122-grey-rendez-vous-store\/#primaryimage"},"image":{"@id":"https:\/\/rendez-vous-store.com\/shop\/special-offer-men-rendez-vous-store\/men-t-shirt-special-offer-rendez-vous-store\/comme-des-garcons-play-black-heart-l-s-t-shirt-t122-grey-rendez-vous-store\/#primaryimage"},"thumbnailUrl":"https:\/\/rendez-vous-store.com\/app\/uploads\/2022\/08\/rdv_play_149-scaled.webp","datePublished":"2022-08-08T10:44:59+00:00","dateModified":"2026-03-16T15:35:10+00:00","description":"This Comme des Gar\u00e7ons Play Men T-Shirt follows the guidelines of the Japanese brand while remaining in a radical universe. Discover now.","breadcrumb":{"@id":"https:\/\/rendez-vous-store.com\/shop\/special-offer-men-rendez-vous-store\/men-t-shirt-special-offer-rendez-vous-store\/comme-des-garcons-play-black-heart-l-s-t-shirt-t122-grey-rendez-vous-store\/#breadcrumb"},"inLanguage":"fr-FR","potentialAction":[{"@type":"ReadAction","target":["https:\/\/rendez-vous-store.com\/shop\/special-offer-men-rendez-vous-store\/men-t-shirt-special-offer-rendez-vous-store\/comme-des-garcons-play-black-heart-l-s-t-shirt-t122-grey-rendez-vous-store\/"]}]},{"@type":"ImageObject","inLanguage":"fr-FR","@id":"https:\/\/rendez-vous-store.com\/shop\/special-offer-men-rendez-vous-store\/men-t-shirt-special-offer-rendez-vous-store\/comme-des-garcons-play-black-heart-l-s-t-shirt-t122-grey-rendez-vous-store\/#primaryimage","url":"https:\/\/rendez-vous-store.com\/app\/uploads\/2022\/08\/rdv_play_149-scaled.webp","contentUrl":"https:\/\/rendez-vous-store.com\/app\/uploads\/2022\/08\/rdv_play_149-scaled.webp","width":1696,"height":2560},{"@type":"BreadcrumbList","@id":"https:\/\/rendez-vous-store.com\/shop\/special-offer-men-rendez-vous-store\/men-t-shirt-special-offer-rendez-vous-store\/comme-des-garcons-play-black-heart-l-s-t-shirt-t122-grey-rendez-vous-store\/#breadcrumb","itemListElement":[{"@type":"ListItem","position":1,"name":"Home","item":"https:\/\/rendez-vous-store.com\/"},{"@type":"ListItem","position":2,"name":"Shop","item":"https:\/\/www.rendez-vous-store.com\/shop\/"},{"@type":"ListItem","position":3,"name":"Comme Des Gar\u00e7ons -Play Black Heart L\/S T-Shirt T122 &#8211; Grey"}]},{"@type":"WebSite","@id":"https:\/\/rendez-vous-store.com\/#website","url":"https:\/\/rendez-vous-store.com\/","name":"RENDEZ-VOUS STORE","description":"Slow Fashion for Women and Men","potentialAction":[{"@type":"SearchAction","target":{"@type":"EntryPoint","urlTemplate":"https:\/\/rendez-vous-store.com\/?s={search_term_string}"},"query-input":{"@type":"PropertyValueSpecification","valueRequired":true,"valueName":"search_term_string"}}],"inLanguage":"fr-FR"}]}},"_links":{"self":[{"href":"https:\/\/rendez-vous-store.com\/fr\/wp-json\/wp\/v2\/product\/53890","targetHints":{"allow":["GET"]}}],"collection":[{"href":"https:\/\/rendez-vous-store.com\/fr\/wp-json\/wp\/v2\/product"}],"about":[{"href":"https:\/\/rendez-vous-store.com\/fr\/wp-json\/wp\/v2\/types\/product"}],"wp:featuredmedia":[{"embeddable":true,"href":"https:\/\/rendez-vous-store.com\/fr\/wp-json\/wp\/v2\/media\/131165"}],"wp:attachment":[{"href":"https:\/\/rendez-vous-store.com\/fr\/wp-json\/wp\/v2\/media?parent=53890"}],"wp:term":[{"taxonomy":"product_brand","embeddable":true,"href":"https:\/\/rendez-vous-store.com\/fr\/wp-json\/wp\/v2\/product_brand?post=53890"},{"taxonomy":"product_cat","embeddable":true,"href":"https:\/\/rendez-vous-store.com\/fr\/wp-json\/wp\/v2\/product_cat?post=53890"},{"taxonomy":"product_tag","embeddable":true,"href":"https:\/\/rendez-vous-store.com\/fr\/wp-json\/wp\/v2\/product_tag?post=53890"}],"curies":[{"name":"wp","href":"https:\/\/api.w.org\/{rel}","templated":true}]}}