{"id":51880,"date":"2022-08-08T12:26:33","date_gmt":"2022-08-08T10:26:33","guid":{"rendered":"https:\/\/www.rendez-vous-store.com\/?post_type=product&#038;p=51880"},"modified":"2026-03-16T16:32:23","modified_gmt":"2026-03-16T15:32:23","slug":"blundstone-men-classic-chelsea-boots-dark-green","status":"publish","type":"product","link":"https:\/\/rendez-vous-store.com\/fr\/shop\/special-offer-men-rendez-vous-store\/men-shoes-special-offer-rendez-vous-store\/blundstone-men-classic-chelsea-boots-dark-green\/","title":{"rendered":"Blundstone - Bottes Chelsea classiques pour hommes - Vert fonc\u00e9"},"content":{"rendered":"<p><strong>Blundstone - Bottes Chelsea classiques pour hommes - Vert fonc\u00e9<\/strong><\/p>\n<ul>\n<li>Bottes chelsea pour hommes de Blundstone<\/li>\n<li>Couleur : vert fonc\u00e9<\/li>\n<li>Tirettes<\/li>\n<li>Panneau lat\u00e9ral \u00e9lastique<\/li>\n<li>R\u00e9sistant aux huiles et aux acides<\/li>\n<li>Composition : Tige en cuir<\/li>\n<li>Semelle : semelle ext\u00e9rieure en TPU et semelle interm\u00e9diaire en PU<\/li>\n<li>Fabriqu\u00e9 au Vietnam<\/li>\n<\/ul>\n<p><strong>La marque<\/strong><\/p>\n<p>Blundstone a vu le jour en 1870. Bien qu'elle soit devenue l'une des marques de bottes les plus connues au monde, l'entreprise reste enracin\u00e9e en Tasmanie. Le si\u00e8ge social et la base de fabrication des gumboots sont situ\u00e9s \u00e0 Hobart, en Tasmanie, l'\u00c9tat insulaire de l'Australie.<\/p>\n<p>Depuis 150 ans, Blundstone n'a cess\u00e9 d'aller de l'avant et d'\u00e9voluer. Depuis 1870, ils ont trouv\u00e9 de nouvelles fa\u00e7ons d'offrir un confort in\u00e9gal\u00e9 et une protection contre les \u00e9l\u00e9ments. Blundstone investit massivement dans la recherche et collabore avec des partenaires pour acc\u00e9der \u00e0 la meilleure et \u00e0 la plus r\u00e9cente technologie. Cela lui permet de cr\u00e9er des bottes qui mettent l'accent sur le confort, la qualit\u00e9 et la s\u00e9curit\u00e9.<\/p>","protected":false},"excerpt":{"rendered":"<p>Blundstone &#8211; Men Classic Chelsea Boots &#8211; Dark Green Men&#8217;s chelsea boots from Blundstone Color: Dark green Pull tabs Elastic side panel Oil and acid resistant Composition: Leather upper Sole: TPU outsole and PU midsole Made in Vietnam The brand Blundstone began in 1870. Despite growing into one of the world\u2019s most recognizable boot brands,&hellip; <a class=\"more-link\" href=\"https:\/\/rendez-vous-store.com\/fr\/shop\/special-offer-men-rendez-vous-store\/men-shoes-special-offer-rendez-vous-store\/blundstone-men-classic-chelsea-boots-dark-green\/\">Continue reading <span class=\"screen-reader-text\">Blundstone - Bottes Chelsea classiques pour hommes - Vert fonc\u00e9<\/span><\/a><\/p>","protected":false},"featured_media":25393,"template":"","meta":{"_acf_changed":false},"product_brand":[],"product_cat":[1292,1313,1357,1350,1304,20,181],"product_tag":[414],"class_list":{"0":"post-51880","1":"product","2":"type-product","3":"status-publish","4":"has-post-thumbnail","6":"product_cat-1292","7":"product_cat-unisex-shoes-rendez-vous-store","8":"product_cat-men-shoes-special-offer-rendez-vous-store","9":"product_cat-special-offer-men-rendez-vous-store","10":"product_cat-unisex-rendez-vous-store","11":"product_cat-men-selection-discover-our-selection-rendez-vous-store","12":"product_cat-shoes-men-rendez-vous-store","13":"product_tag-blundstone","14":"entry","16":"first","17":"outofstock","18":"taxable","19":"shipping-taxable","20":"product-type-variable"},"acf":[],"yoast_head":"<!-- This site is optimized with the Yoast SEO plugin v24.9 - https:\/\/yoast.com\/wordpress\/plugins\/seo\/ -->\n<title>Blundstone Men Classic Chelsea Boots Dark Green<\/title>\n<meta name=\"description\" content=\"Blundstone is on Rendez-vous Store. This Blundstone Men Classic Chelsea Boots Dark Green represents the solidity, comfort and lightness of the brand.\" \/>\n<meta name=\"robots\" content=\"index, follow, max-snippet:-1, max-image-preview:large, max-video-preview:-1\" \/>\n<link rel=\"canonical\" href=\"https:\/\/rendez-vous-store.com\/fr\/shop\/special-offer-men-rendez-vous-store\/men-shoes-special-offer-rendez-vous-store\/blundstone-men-classic-chelsea-boots-dark-green\/\" \/>\n<meta property=\"og:locale\" content=\"fr_FR\" \/>\n<meta property=\"og:type\" content=\"article\" \/>\n<meta property=\"og:title\" content=\"Blundstone Men Classic Chelsea Boots Dark Green\" \/>\n<meta property=\"og:description\" content=\"Blundstone is on Rendez-vous Store. This Blundstone Men Classic Chelsea Boots Dark Green represents the solidity, comfort and lightness of the brand.\" \/>\n<meta property=\"og:url\" content=\"https:\/\/rendez-vous-store.com\/fr\/shop\/special-offer-men-rendez-vous-store\/men-shoes-special-offer-rendez-vous-store\/blundstone-men-classic-chelsea-boots-dark-green\/\" \/>\n<meta property=\"og:site_name\" content=\"RENDEZ-VOUS STORE\" \/>\n<meta property=\"article:modified_time\" content=\"2026-03-16T15:32:23+00:00\" \/>\n<meta property=\"og:image\" content=\"https:\/\/rendez-vous-store.com\/wp-content\/uploads\/2022\/07\/rdv_women_17-2.jpg\" \/>\n\t<meta property=\"og:image:width\" content=\"1060\" \/>\n\t<meta property=\"og:image:height\" content=\"1600\" \/>\n\t<meta property=\"og:image:type\" content=\"image\/jpeg\" \/>\n<meta name=\"twitter:card\" content=\"summary_large_image\" \/>\n<meta name=\"twitter:label1\" content=\"Est. reading time\" \/>\n\t<meta name=\"twitter:data1\" content=\"1 minute\" \/>\n<script type=\"application\/ld+json\" class=\"yoast-schema-graph\">{\"@context\":\"https:\/\/schema.org\",\"@graph\":[{\"@type\":\"WebPage\",\"@id\":\"https:\/\/rendez-vous-store.com\/shop\/special-offer-men-rendez-vous-store\/men-shoes-special-offer-rendez-vous-store\/blundstone-men-classic-chelsea-boots-dark-green\/\",\"url\":\"https:\/\/rendez-vous-store.com\/shop\/special-offer-men-rendez-vous-store\/men-shoes-special-offer-rendez-vous-store\/blundstone-men-classic-chelsea-boots-dark-green\/\",\"name\":\"Blundstone Men Classic Chelsea Boots Dark Green\",\"isPartOf\":{\"@id\":\"https:\/\/rendez-vous-store.com\/#website\"},\"primaryImageOfPage\":{\"@id\":\"https:\/\/rendez-vous-store.com\/shop\/special-offer-men-rendez-vous-store\/men-shoes-special-offer-rendez-vous-store\/blundstone-men-classic-chelsea-boots-dark-green\/#primaryimage\"},\"image\":{\"@id\":\"https:\/\/rendez-vous-store.com\/shop\/special-offer-men-rendez-vous-store\/men-shoes-special-offer-rendez-vous-store\/blundstone-men-classic-chelsea-boots-dark-green\/#primaryimage\"},\"thumbnailUrl\":\"https:\/\/rendez-vous-store.com\/app\/uploads\/2022\/07\/rdv_women_17-2.jpg\",\"datePublished\":\"2022-08-08T10:26:33+00:00\",\"dateModified\":\"2026-03-16T15:32:23+00:00\",\"description\":\"Blundstone is on Rendez-vous Store. This Blundstone Men Classic Chelsea Boots Dark Green represents the solidity, comfort and lightness of the brand.\",\"breadcrumb\":{\"@id\":\"https:\/\/rendez-vous-store.com\/shop\/special-offer-men-rendez-vous-store\/men-shoes-special-offer-rendez-vous-store\/blundstone-men-classic-chelsea-boots-dark-green\/#breadcrumb\"},\"inLanguage\":\"fr-FR\",\"potentialAction\":[{\"@type\":\"ReadAction\",\"target\":[\"https:\/\/rendez-vous-store.com\/shop\/special-offer-men-rendez-vous-store\/men-shoes-special-offer-rendez-vous-store\/blundstone-men-classic-chelsea-boots-dark-green\/\"]}]},{\"@type\":\"ImageObject\",\"inLanguage\":\"fr-FR\",\"@id\":\"https:\/\/rendez-vous-store.com\/shop\/special-offer-men-rendez-vous-store\/men-shoes-special-offer-rendez-vous-store\/blundstone-men-classic-chelsea-boots-dark-green\/#primaryimage\",\"url\":\"https:\/\/rendez-vous-store.com\/app\/uploads\/2022\/07\/rdv_women_17-2.jpg\",\"contentUrl\":\"https:\/\/rendez-vous-store.com\/app\/uploads\/2022\/07\/rdv_women_17-2.jpg\",\"width\":1060,\"height\":1600},{\"@type\":\"BreadcrumbList\",\"@id\":\"https:\/\/rendez-vous-store.com\/shop\/special-offer-men-rendez-vous-store\/men-shoes-special-offer-rendez-vous-store\/blundstone-men-classic-chelsea-boots-dark-green\/#breadcrumb\",\"itemListElement\":[{\"@type\":\"ListItem\",\"position\":1,\"name\":\"Home\",\"item\":\"https:\/\/rendez-vous-store.com\/\"},{\"@type\":\"ListItem\",\"position\":2,\"name\":\"Shop\",\"item\":\"https:\/\/www.rendez-vous-store.com\/shop\/\"},{\"@type\":\"ListItem\",\"position\":3,\"name\":\"Blundstone &#8211; Men Classic Chelsea Boots &#8211; Dark Green\"}]},{\"@type\":\"WebSite\",\"@id\":\"https:\/\/rendez-vous-store.com\/#website\",\"url\":\"https:\/\/rendez-vous-store.com\/\",\"name\":\"RENDEZ-VOUS STORE\",\"description\":\"Slow Fashion for Women and Men\",\"potentialAction\":[{\"@type\":\"SearchAction\",\"target\":{\"@type\":\"EntryPoint\",\"urlTemplate\":\"https:\/\/rendez-vous-store.com\/?s={search_term_string}\"},\"query-input\":{\"@type\":\"PropertyValueSpecification\",\"valueRequired\":true,\"valueName\":\"search_term_string\"}}],\"inLanguage\":\"fr-FR\"}]}<\/script>\n<!-- \/ Yoast SEO plugin. -->","yoast_head_json":{"title":"Blundstone Men Classic Chelsea Boots Dark Green","description":"Blundstone is on Rendez-vous Store. This Blundstone Men Classic Chelsea Boots Dark Green represents the solidity, comfort and lightness of the brand.","robots":{"index":"index","follow":"follow","max-snippet":"max-snippet:-1","max-image-preview":"max-image-preview:large","max-video-preview":"max-video-preview:-1"},"canonical":"https:\/\/rendez-vous-store.com\/fr\/shop\/special-offer-men-rendez-vous-store\/men-shoes-special-offer-rendez-vous-store\/blundstone-men-classic-chelsea-boots-dark-green\/","og_locale":"fr_FR","og_type":"article","og_title":"Blundstone Men Classic Chelsea Boots Dark Green","og_description":"Blundstone is on Rendez-vous Store. This Blundstone Men Classic Chelsea Boots Dark Green represents the solidity, comfort and lightness of the brand.","og_url":"https:\/\/rendez-vous-store.com\/fr\/shop\/special-offer-men-rendez-vous-store\/men-shoes-special-offer-rendez-vous-store\/blundstone-men-classic-chelsea-boots-dark-green\/","og_site_name":"RENDEZ-VOUS STORE","article_modified_time":"2026-03-16T15:32:23+00:00","og_image":[{"width":1060,"height":1600,"url":"https:\/\/rendez-vous-store.com\/wp-content\/uploads\/2022\/07\/rdv_women_17-2.jpg","type":"image\/jpeg"}],"twitter_card":"summary_large_image","twitter_misc":{"Est. reading time":"1 minute"},"schema":{"@context":"https:\/\/schema.org","@graph":[{"@type":"WebPage","@id":"https:\/\/rendez-vous-store.com\/shop\/special-offer-men-rendez-vous-store\/men-shoes-special-offer-rendez-vous-store\/blundstone-men-classic-chelsea-boots-dark-green\/","url":"https:\/\/rendez-vous-store.com\/shop\/special-offer-men-rendez-vous-store\/men-shoes-special-offer-rendez-vous-store\/blundstone-men-classic-chelsea-boots-dark-green\/","name":"Blundstone Men Classic Chelsea Boots Dark Green","isPartOf":{"@id":"https:\/\/rendez-vous-store.com\/#website"},"primaryImageOfPage":{"@id":"https:\/\/rendez-vous-store.com\/shop\/special-offer-men-rendez-vous-store\/men-shoes-special-offer-rendez-vous-store\/blundstone-men-classic-chelsea-boots-dark-green\/#primaryimage"},"image":{"@id":"https:\/\/rendez-vous-store.com\/shop\/special-offer-men-rendez-vous-store\/men-shoes-special-offer-rendez-vous-store\/blundstone-men-classic-chelsea-boots-dark-green\/#primaryimage"},"thumbnailUrl":"https:\/\/rendez-vous-store.com\/app\/uploads\/2022\/07\/rdv_women_17-2.jpg","datePublished":"2022-08-08T10:26:33+00:00","dateModified":"2026-03-16T15:32:23+00:00","description":"Blundstone is on Rendez-vous Store. This Blundstone Men Classic Chelsea Boots Dark Green represents the solidity, comfort and lightness of the brand.","breadcrumb":{"@id":"https:\/\/rendez-vous-store.com\/shop\/special-offer-men-rendez-vous-store\/men-shoes-special-offer-rendez-vous-store\/blundstone-men-classic-chelsea-boots-dark-green\/#breadcrumb"},"inLanguage":"fr-FR","potentialAction":[{"@type":"ReadAction","target":["https:\/\/rendez-vous-store.com\/shop\/special-offer-men-rendez-vous-store\/men-shoes-special-offer-rendez-vous-store\/blundstone-men-classic-chelsea-boots-dark-green\/"]}]},{"@type":"ImageObject","inLanguage":"fr-FR","@id":"https:\/\/rendez-vous-store.com\/shop\/special-offer-men-rendez-vous-store\/men-shoes-special-offer-rendez-vous-store\/blundstone-men-classic-chelsea-boots-dark-green\/#primaryimage","url":"https:\/\/rendez-vous-store.com\/app\/uploads\/2022\/07\/rdv_women_17-2.jpg","contentUrl":"https:\/\/rendez-vous-store.com\/app\/uploads\/2022\/07\/rdv_women_17-2.jpg","width":1060,"height":1600},{"@type":"BreadcrumbList","@id":"https:\/\/rendez-vous-store.com\/shop\/special-offer-men-rendez-vous-store\/men-shoes-special-offer-rendez-vous-store\/blundstone-men-classic-chelsea-boots-dark-green\/#breadcrumb","itemListElement":[{"@type":"ListItem","position":1,"name":"Home","item":"https:\/\/rendez-vous-store.com\/"},{"@type":"ListItem","position":2,"name":"Shop","item":"https:\/\/www.rendez-vous-store.com\/shop\/"},{"@type":"ListItem","position":3,"name":"Blundstone &#8211; Men Classic Chelsea Boots &#8211; Dark Green"}]},{"@type":"WebSite","@id":"https:\/\/rendez-vous-store.com\/#website","url":"https:\/\/rendez-vous-store.com\/","name":"RENDEZ-VOUS STORE","description":"Slow Fashion for Women and Men","potentialAction":[{"@type":"SearchAction","target":{"@type":"EntryPoint","urlTemplate":"https:\/\/rendez-vous-store.com\/?s={search_term_string}"},"query-input":{"@type":"PropertyValueSpecification","valueRequired":true,"valueName":"search_term_string"}}],"inLanguage":"fr-FR"}]}},"_links":{"self":[{"href":"https:\/\/rendez-vous-store.com\/fr\/wp-json\/wp\/v2\/product\/51880","targetHints":{"allow":["GET"]}}],"collection":[{"href":"https:\/\/rendez-vous-store.com\/fr\/wp-json\/wp\/v2\/product"}],"about":[{"href":"https:\/\/rendez-vous-store.com\/fr\/wp-json\/wp\/v2\/types\/product"}],"wp:featuredmedia":[{"embeddable":true,"href":"https:\/\/rendez-vous-store.com\/fr\/wp-json\/wp\/v2\/media\/25393"}],"wp:attachment":[{"href":"https:\/\/rendez-vous-store.com\/fr\/wp-json\/wp\/v2\/media?parent=51880"}],"wp:term":[{"taxonomy":"product_brand","embeddable":true,"href":"https:\/\/rendez-vous-store.com\/fr\/wp-json\/wp\/v2\/product_brand?post=51880"},{"taxonomy":"product_cat","embeddable":true,"href":"https:\/\/rendez-vous-store.com\/fr\/wp-json\/wp\/v2\/product_cat?post=51880"},{"taxonomy":"product_tag","embeddable":true,"href":"https:\/\/rendez-vous-store.com\/fr\/wp-json\/wp\/v2\/product_tag?post=51880"}],"curies":[{"name":"wp","href":"https:\/\/api.w.org\/{rel}","templated":true}]}}