{"id":50439,"date":"2022-08-08T12:14:47","date_gmt":"2022-08-08T10:14:47","guid":{"rendered":"https:\/\/www.rendez-vous-store.com\/?post_type=product&#038;p=50439"},"modified":"2026-03-16T16:38:32","modified_gmt":"2026-03-16T15:38:32","slug":"barena-jacket-molena-formentera-navy","status":"publish","type":"product","link":"https:\/\/rendez-vous-store.com\/fr\/shop\/last-pieces-men\/last-pieces-men-coat-jacket-rendez-vous-store\/barena-jacket-molena-formentera-navy\/","title":{"rendered":"Barena - Veste Molena Formentera - Marine"},"content":{"rendered":"<p>Veste Molena de Barena<\/p>\n<p>Couleur : bleu marine<\/p>\n<p>Blazer \u00e9l\u00e9gant et d\u00e9structur\u00e9<\/p>\n<p>Revers \u00e9chancr\u00e9s<\/p>\n<p>Deux poches plaqu\u00e9es<\/p>\n<p>Poche passepoil\u00e9e oblique<\/p>\n<p>Composition : 98% Laine vierge - 2% Elasthane<\/p>\n<p>Fabriqu\u00e9 en Italie<\/p>\n<p>Olivier mesure 178cm<\/p>\n<p>Taille du mod\u00e8le : 50<\/p>\n<p>Mesurements taille 50 : Epaules : 47cm - Poitrine : 59cm - Manche : 67cm - Longueur : 80cm<\/p>\n<p>Mesurements taille 52 : Epaules : 51cm - Poitrine : 64cm - Manche : 68cm - Longueur : 80cm<\/p>","protected":false},"excerpt":{"rendered":"<p>Molena Jacket from Barena Color: Navy Smart and unstructured blazer Notched lapels Two patch pockets Slanted welt pocket Composition: 98% Virgin Wool &#8211; 2% Elasthane Made in Italy Olivier is 178cm Model size : 50 Mesurements size 50: Shoulders: 47cm &#8211; Chest: 59cm &#8211; Sleeve: 67cm &#8211; Length: 80cm Mesurements size 52: Shoulders: 51cm &#8211;&hellip; <a class=\"more-link\" href=\"https:\/\/rendez-vous-store.com\/fr\/shop\/last-pieces-men\/last-pieces-men-coat-jacket-rendez-vous-store\/barena-jacket-molena-formentera-navy\/\">Continuer la lecture <span class=\"screen-reader-text\">Barena - Veste Molena Formentera - Marine<\/span><\/a><\/p>","protected":false},"featured_media":121738,"template":"","meta":{"_acf_changed":false},"product_brand":[],"product_cat":[1137,1165,1150],"product_tag":[],"class_list":{"0":"post-50439","1":"product","2":"type-product","3":"status-publish","4":"has-post-thumbnail","6":"product_cat-last-pieces-men","7":"product_cat-40-last-pieces-men","8":"product_cat-last-pieces-men-coat-jacket-rendez-vous-store","9":"entry","11":"first","12":"instock","13":"sale","14":"taxable","15":"shipping-taxable","16":"purchasable","17":"product-type-variable","18":"has-default-attributes"},"acf":[],"yoast_head":"<!-- This site is optimized with the Yoast SEO plugin v24.9 - https:\/\/yoast.com\/wordpress\/plugins\/seo\/ -->\n<title>Barena - Jacket Molena Formentera - Navy - RENDEZ-VOUS STORE<\/title>\n<meta name=\"robots\" content=\"index, follow, max-snippet:-1, max-image-preview:large, max-video-preview:-1\" \/>\n<link rel=\"canonical\" href=\"https:\/\/rendez-vous-store.com\/fr\/shop\/last-pieces-men\/last-pieces-men-coat-jacket-rendez-vous-store\/barena-jacket-molena-formentera-navy\/\" \/>\n<meta property=\"og:locale\" content=\"fr_FR\" \/>\n<meta property=\"og:type\" content=\"article\" \/>\n<meta property=\"og:title\" content=\"Barena - Jacket Molena Formentera - Navy - RENDEZ-VOUS STORE\" \/>\n<meta property=\"og:description\" content=\"Molena Jacket from Barena Color: Navy Smart and unstructured blazer Notched lapels Two patch pockets Slanted welt pocket Composition: 98% Virgin Wool &#8211; 2% Elasthane Made in Italy Olivier is 178cm Model size : 50 Mesurements size 50: Shoulders: 47cm &#8211; Chest: 59cm &#8211; Sleeve: 67cm &#8211; Length: 80cm Mesurements size 52: Shoulders: 51cm &#8211;&hellip; Continue reading Barena &#8211; Jacket Molena Formentera &#8211; Navy\" \/>\n<meta property=\"og:url\" content=\"https:\/\/rendez-vous-store.com\/fr\/shop\/last-pieces-men\/last-pieces-men-coat-jacket-rendez-vous-store\/barena-jacket-molena-formentera-navy\/\" \/>\n<meta property=\"og:site_name\" content=\"RENDEZ-VOUS STORE\" \/>\n<meta property=\"article:modified_time\" content=\"2026-03-16T15:38:32+00:00\" \/>\n<meta property=\"og:image\" content=\"https:\/\/rendez-vous-store.com\/app\/uploads\/2022\/08\/rdv_men_275-scaled.webp\" \/>\n\t<meta property=\"og:image:width\" content=\"1696\" \/>\n\t<meta property=\"og:image:height\" content=\"2560\" \/>\n\t<meta property=\"og:image:type\" content=\"image\/webp\" \/>\n<meta name=\"twitter:card\" content=\"summary_large_image\" \/>\n<meta name=\"twitter:label1\" content=\"Est. reading time\" \/>\n\t<meta name=\"twitter:data1\" content=\"1 minute\" \/>\n<script type=\"application\/ld+json\" class=\"yoast-schema-graph\">{\"@context\":\"https:\/\/schema.org\",\"@graph\":[{\"@type\":\"WebPage\",\"@id\":\"https:\/\/rendez-vous-store.com\/shop\/last-pieces-men\/last-pieces-men-coat-jacket-rendez-vous-store\/barena-jacket-molena-formentera-navy\/\",\"url\":\"https:\/\/rendez-vous-store.com\/shop\/last-pieces-men\/last-pieces-men-coat-jacket-rendez-vous-store\/barena-jacket-molena-formentera-navy\/\",\"name\":\"Barena - Jacket Molena Formentera - Navy - RENDEZ-VOUS STORE\",\"isPartOf\":{\"@id\":\"https:\/\/rendez-vous-store.com\/#website\"},\"primaryImageOfPage\":{\"@id\":\"https:\/\/rendez-vous-store.com\/shop\/last-pieces-men\/last-pieces-men-coat-jacket-rendez-vous-store\/barena-jacket-molena-formentera-navy\/#primaryimage\"},\"image\":{\"@id\":\"https:\/\/rendez-vous-store.com\/shop\/last-pieces-men\/last-pieces-men-coat-jacket-rendez-vous-store\/barena-jacket-molena-formentera-navy\/#primaryimage\"},\"thumbnailUrl\":\"https:\/\/rendez-vous-store.com\/app\/uploads\/2022\/08\/rdv_men_275-scaled.webp\",\"datePublished\":\"2022-08-08T10:14:47+00:00\",\"dateModified\":\"2026-03-16T15:38:32+00:00\",\"breadcrumb\":{\"@id\":\"https:\/\/rendez-vous-store.com\/shop\/last-pieces-men\/last-pieces-men-coat-jacket-rendez-vous-store\/barena-jacket-molena-formentera-navy\/#breadcrumb\"},\"inLanguage\":\"fr-FR\",\"potentialAction\":[{\"@type\":\"ReadAction\",\"target\":[\"https:\/\/rendez-vous-store.com\/shop\/last-pieces-men\/last-pieces-men-coat-jacket-rendez-vous-store\/barena-jacket-molena-formentera-navy\/\"]}]},{\"@type\":\"ImageObject\",\"inLanguage\":\"fr-FR\",\"@id\":\"https:\/\/rendez-vous-store.com\/shop\/last-pieces-men\/last-pieces-men-coat-jacket-rendez-vous-store\/barena-jacket-molena-formentera-navy\/#primaryimage\",\"url\":\"https:\/\/rendez-vous-store.com\/app\/uploads\/2022\/08\/rdv_men_275-scaled.webp\",\"contentUrl\":\"https:\/\/rendez-vous-store.com\/app\/uploads\/2022\/08\/rdv_men_275-scaled.webp\",\"width\":1696,\"height\":2560},{\"@type\":\"BreadcrumbList\",\"@id\":\"https:\/\/rendez-vous-store.com\/shop\/last-pieces-men\/last-pieces-men-coat-jacket-rendez-vous-store\/barena-jacket-molena-formentera-navy\/#breadcrumb\",\"itemListElement\":[{\"@type\":\"ListItem\",\"position\":1,\"name\":\"Home\",\"item\":\"https:\/\/rendez-vous-store.com\/\"},{\"@type\":\"ListItem\",\"position\":2,\"name\":\"Shop\",\"item\":\"https:\/\/www.rendez-vous-store.com\/shop\/\"},{\"@type\":\"ListItem\",\"position\":3,\"name\":\"Barena &#8211; Jacket Molena Formentera &#8211; Navy\"}]},{\"@type\":\"WebSite\",\"@id\":\"https:\/\/rendez-vous-store.com\/#website\",\"url\":\"https:\/\/rendez-vous-store.com\/\",\"name\":\"RENDEZ-VOUS STORE\",\"description\":\"Slow Fashion for Women and Men\",\"potentialAction\":[{\"@type\":\"SearchAction\",\"target\":{\"@type\":\"EntryPoint\",\"urlTemplate\":\"https:\/\/rendez-vous-store.com\/?s={search_term_string}\"},\"query-input\":{\"@type\":\"PropertyValueSpecification\",\"valueRequired\":true,\"valueName\":\"search_term_string\"}}],\"inLanguage\":\"fr-FR\"}]}<\/script>\n<!-- \/ Yoast SEO plugin. -->","yoast_head_json":{"title":"Barena - Jacket Molena Formentera - Navy - RENDEZ-VOUS STORE","robots":{"index":"index","follow":"follow","max-snippet":"max-snippet:-1","max-image-preview":"max-image-preview:large","max-video-preview":"max-video-preview:-1"},"canonical":"https:\/\/rendez-vous-store.com\/fr\/shop\/last-pieces-men\/last-pieces-men-coat-jacket-rendez-vous-store\/barena-jacket-molena-formentera-navy\/","og_locale":"fr_FR","og_type":"article","og_title":"Barena - Jacket Molena Formentera - Navy - RENDEZ-VOUS STORE","og_description":"Molena Jacket from Barena Color: Navy Smart and unstructured blazer Notched lapels Two patch pockets Slanted welt pocket Composition: 98% Virgin Wool &#8211; 2% Elasthane Made in Italy Olivier is 178cm Model size : 50 Mesurements size 50: Shoulders: 47cm &#8211; Chest: 59cm &#8211; Sleeve: 67cm &#8211; Length: 80cm Mesurements size 52: Shoulders: 51cm &#8211;&hellip; Continue reading Barena &#8211; Jacket Molena Formentera &#8211; Navy","og_url":"https:\/\/rendez-vous-store.com\/fr\/shop\/last-pieces-men\/last-pieces-men-coat-jacket-rendez-vous-store\/barena-jacket-molena-formentera-navy\/","og_site_name":"RENDEZ-VOUS STORE","article_modified_time":"2026-03-16T15:38:32+00:00","og_image":[{"width":1696,"height":2560,"url":"https:\/\/rendez-vous-store.com\/app\/uploads\/2022\/08\/rdv_men_275-scaled.webp","type":"image\/webp"}],"twitter_card":"summary_large_image","twitter_misc":{"Est. reading time":"1 minute"},"schema":{"@context":"https:\/\/schema.org","@graph":[{"@type":"WebPage","@id":"https:\/\/rendez-vous-store.com\/shop\/last-pieces-men\/last-pieces-men-coat-jacket-rendez-vous-store\/barena-jacket-molena-formentera-navy\/","url":"https:\/\/rendez-vous-store.com\/shop\/last-pieces-men\/last-pieces-men-coat-jacket-rendez-vous-store\/barena-jacket-molena-formentera-navy\/","name":"Barena - Jacket Molena Formentera - Navy - RENDEZ-VOUS STORE","isPartOf":{"@id":"https:\/\/rendez-vous-store.com\/#website"},"primaryImageOfPage":{"@id":"https:\/\/rendez-vous-store.com\/shop\/last-pieces-men\/last-pieces-men-coat-jacket-rendez-vous-store\/barena-jacket-molena-formentera-navy\/#primaryimage"},"image":{"@id":"https:\/\/rendez-vous-store.com\/shop\/last-pieces-men\/last-pieces-men-coat-jacket-rendez-vous-store\/barena-jacket-molena-formentera-navy\/#primaryimage"},"thumbnailUrl":"https:\/\/rendez-vous-store.com\/app\/uploads\/2022\/08\/rdv_men_275-scaled.webp","datePublished":"2022-08-08T10:14:47+00:00","dateModified":"2026-03-16T15:38:32+00:00","breadcrumb":{"@id":"https:\/\/rendez-vous-store.com\/shop\/last-pieces-men\/last-pieces-men-coat-jacket-rendez-vous-store\/barena-jacket-molena-formentera-navy\/#breadcrumb"},"inLanguage":"fr-FR","potentialAction":[{"@type":"ReadAction","target":["https:\/\/rendez-vous-store.com\/shop\/last-pieces-men\/last-pieces-men-coat-jacket-rendez-vous-store\/barena-jacket-molena-formentera-navy\/"]}]},{"@type":"ImageObject","inLanguage":"fr-FR","@id":"https:\/\/rendez-vous-store.com\/shop\/last-pieces-men\/last-pieces-men-coat-jacket-rendez-vous-store\/barena-jacket-molena-formentera-navy\/#primaryimage","url":"https:\/\/rendez-vous-store.com\/app\/uploads\/2022\/08\/rdv_men_275-scaled.webp","contentUrl":"https:\/\/rendez-vous-store.com\/app\/uploads\/2022\/08\/rdv_men_275-scaled.webp","width":1696,"height":2560},{"@type":"BreadcrumbList","@id":"https:\/\/rendez-vous-store.com\/shop\/last-pieces-men\/last-pieces-men-coat-jacket-rendez-vous-store\/barena-jacket-molena-formentera-navy\/#breadcrumb","itemListElement":[{"@type":"ListItem","position":1,"name":"Home","item":"https:\/\/rendez-vous-store.com\/"},{"@type":"ListItem","position":2,"name":"Shop","item":"https:\/\/www.rendez-vous-store.com\/shop\/"},{"@type":"ListItem","position":3,"name":"Barena &#8211; Jacket Molena Formentera &#8211; Navy"}]},{"@type":"WebSite","@id":"https:\/\/rendez-vous-store.com\/#website","url":"https:\/\/rendez-vous-store.com\/","name":"RENDEZ-VOUS STORE","description":"Slow Fashion for Women and Men","potentialAction":[{"@type":"SearchAction","target":{"@type":"EntryPoint","urlTemplate":"https:\/\/rendez-vous-store.com\/?s={search_term_string}"},"query-input":{"@type":"PropertyValueSpecification","valueRequired":true,"valueName":"search_term_string"}}],"inLanguage":"fr-FR"}]}},"_links":{"self":[{"href":"https:\/\/rendez-vous-store.com\/fr\/wp-json\/wp\/v2\/product\/50439","targetHints":{"allow":["GET"]}}],"collection":[{"href":"https:\/\/rendez-vous-store.com\/fr\/wp-json\/wp\/v2\/product"}],"about":[{"href":"https:\/\/rendez-vous-store.com\/fr\/wp-json\/wp\/v2\/types\/product"}],"wp:featuredmedia":[{"embeddable":true,"href":"https:\/\/rendez-vous-store.com\/fr\/wp-json\/wp\/v2\/media\/121738"}],"wp:attachment":[{"href":"https:\/\/rendez-vous-store.com\/fr\/wp-json\/wp\/v2\/media?parent=50439"}],"wp:term":[{"taxonomy":"product_brand","embeddable":true,"href":"https:\/\/rendez-vous-store.com\/fr\/wp-json\/wp\/v2\/product_brand?post=50439"},{"taxonomy":"product_cat","embeddable":true,"href":"https:\/\/rendez-vous-store.com\/fr\/wp-json\/wp\/v2\/product_cat?post=50439"},{"taxonomy":"product_tag","embeddable":true,"href":"https:\/\/rendez-vous-store.com\/fr\/wp-json\/wp\/v2\/product_tag?post=50439"}],"curies":[{"name":"wp","href":"https:\/\/api.w.org\/{rel}","templated":true}]}}