{"id":245463,"date":"2026-04-14T16:41:51","date_gmt":"2026-04-14T14:41:51","guid":{"rendered":"https:\/\/rendez-vous-store.com\/?post_type=product&#038;p=245463"},"modified":"2026-04-17T15:45:50","modified_gmt":"2026-04-17T13:45:50","slug":"lady-white-lwc-socks-white-rendez-vous-store","status":"publish","type":"product","link":"https:\/\/rendez-vous-store.com\/fr\/shop\/men-selection-discover-our-selection-rendez-vous-store\/accessories-men-rendez-vous-store\/lady-white-lwc-socks-white-rendez-vous-store\/","title":{"rendered":"Lady White &#8211; LWC SOCKS &#8211; WHITE"},"content":{"rendered":"<p><strong>Lady White &#8211; LWC SOCKS &#8211; WHITE<\/strong><\/p>\n<p>Couleur : blanc<\/p>\n<p>Texture lisse<\/p>\n<p>Ideal for everyday and formal occasion and footwear<\/p>\n<p>Composition : 98% Coton, 2% Elasthanne<\/p>\n<p>Made in L.A<\/p>\n<p>&nbsp;<\/p>\n<p>&nbsp;<\/p>\n<p>&nbsp;<\/p>\n<p>&nbsp;<\/p>\n<p>&nbsp;<\/p>\n<div class=\"flex flex-col text-sm pb-25\">\n<section class=\"text-token-text-primary w-full focus:outline-none [--shadow-height:45px] has-data-writing-block:pointer-events-none has-data-writing-block:-mt-(--shadow-height) has-data-writing-block:pt-(--shadow-height) [&amp;:has([data-writing-block])&gt;*]:pointer-events-auto scroll-mt-[calc(var(--header-height)+min(200px,max(70px,20svh)))]\" dir=\"auto\" data-turn-id=\"request-6926c112-6468-8332-b84c-86b45ca61a89-0\" data-testid=\"conversation-turn-547\" data-scroll-anchor=\"true\" data-turn=\"assistant\">\n<div class=\"text-base my-auto mx-auto pb-10 [--thread-content-margin:var(--thread-content-margin-xs,calc(var(--spacing)*4))] @w-sm\/main:[--thread-content-margin:var(--thread-content-margin-sm,calc(var(--spacing)*6))] @w-lg\/main:[--thread-content-margin:var(--thread-content-margin-lg,calc(var(--spacing)*16))] px-(--thread-content-margin)\">\n<div class=\"[--thread-content-max-width:40rem] @w-lg\/main:[--thread-content-max-width:48rem] mx-auto max-w-(--thread-content-max-width) flex-1 group\/turn-messages focus-visible:outline-hidden relative flex w-full min-w-0 flex-col agent-turn\">\n<div class=\"flex max-w-full flex-col gap-4 grow\">\n<div class=\"min-h-8 text-message relative flex w-full flex-col items-end gap-2 text-start break-words whitespace-normal outline-none keyboard-focused:focus-ring [.text-message+&amp;]:mt-1\" dir=\"auto\" tabindex=\"0\" data-message-author-role=\"assistant\" data-message-id=\"5a1935e7-309c-423c-afc1-818a11fa3c84\" data-message-model-slug=\"gpt-5-3\" data-turn-start-message=\"true\">\n<div class=\"flex w-full flex-col gap-1 empty:hidden\">\n<div class=\"markdown prose dark:prose-invert w-full wrap-break-word light markdown-new-styling\">\n<h3 data-start=\"0\" data-end=\"13\">Le Produit<\/h3>\n<p data-start=\"15\" data-end=\"257\">The Lady White \u2013 LWC Socks \u2013 Tire Black express a refined approach to everyday essentials.<br data-start=\"105\" data-end=\"108\" \/>They combine a classic silhouette with high-quality knit construction.<br data-start=\"178\" data-end=\"181\" \/>As a result, the socks deliver comfort, durability, and understated style.<\/p>\n<p data-start=\"259\" data-end=\"484\">The fabric feels soft, breathable, and supportive on the foot.<br data-start=\"321\" data-end=\"324\" \/>It provides a secure fit while maintaining flexibility throughout the day.<br data-start=\"398\" data-end=\"401\" \/>Moreover, the tire black tone introduces a deep and slightly nuanced black shade.<\/p>\n<p data-start=\"486\" data-end=\"691\">In addition, the design emphasizes simplicity and functionality.<br data-start=\"550\" data-end=\"553\" \/>The ribbed structure ensures a stable fit and long-lasting wear.<br data-start=\"617\" data-end=\"620\" \/>Thus, the socks adapt easily to both casual and more refined outfits.<\/p>\n<p data-start=\"693\" data-end=\"838\">You can wear them with sneakers, boots, or everyday footwear.<br data-start=\"754\" data-end=\"757\" \/>They integrate seamlessly into wardrobes focused on quality and minimal design.<\/p>\n<h3 data-start=\"841\" data-end=\"852\">La marque<\/h3>\n<p data-start=\"854\" data-end=\"976\">Lady White Co. is an American brand based in Los Angeles.<br data-start=\"911\" data-end=\"914\" \/>It focuses on premium jersey garments and minimalist design.<\/p>\n<p data-start=\"978\" data-end=\"1208\">Moreover, the brand emphasizes locally sourced materials and responsible production.<br data-start=\"1062\" data-end=\"1065\" \/>Each piece reflects careful construction and fabric development.<br data-start=\"1129\" data-end=\"1132\" \/>Therefore, the clothing feels durable, comfortable, and thoughtfully made.<\/p>\n<p data-start=\"1210\" data-end=\"1418\">In addition, Lady White Co. develops garments rooted in everyday wear.<br data-start=\"1280\" data-end=\"1283\" \/>Its designs balance function, fit, and long-term usability.<br data-start=\"1342\" data-end=\"1345\" \/>As a result, the brand creates essential pieces with lasting relevance.<\/p>\n<h3 data-start=\"1421\" data-end=\"1437\">La Collection<\/h3>\n<p data-start=\"1439\" data-end=\"1588\">Lady White Co. collections explore the evolution of wardrobe essentials.<br data-start=\"1511\" data-end=\"1514\" \/>Each season refines core silhouettes through fabric and fit adjustments.<\/p>\n<p data-start=\"1590\" data-end=\"1792\">Furthermore, the brand selects materials for durability and comfort.<br data-start=\"1658\" data-end=\"1661\" \/>They maintain their structure while remaining soft over time.<br data-start=\"1722\" data-end=\"1725\" \/>Thus, each garment supports a reliable and long-lasting wardrobe.<\/p>\n<p data-start=\"1794\" data-end=\"2031\" data-is-last-node=\"\" data-is-only-node=\"\">In addition, the collections emphasize simplicity and versatility.<br data-start=\"1860\" data-end=\"1863\" \/>Ils permettent une int\u00e9gration facile \u00e0 travers diff\u00e9rents styles et occasions.<br data-start=\"1929\" data-end=\"1932\" \/>Consequently, Lady White Co. presents clothing defined by clarity, function, and modern minimalism.<\/p>\n<\/div>\n<\/div>\n<\/div>\n<\/div>\n<\/div>\n<\/div>\n<\/section>\n<\/div>","protected":false},"excerpt":{"rendered":"<p>Lady White &#8211; LWC SOCKS &#8211; WHITE Color: White Smooth texture Ideal for everyday and formal occasion and footwear Composition: 98% Cotton, 2% Elastane Made in L.A &nbsp; &nbsp; &nbsp; &nbsp; &nbsp; The Product The Lady White \u2013 LWC Socks \u2013 Tire Black express a refined approach to everyday essentials.They combine a classic silhouette with&hellip; <a class=\"more-link\" href=\"https:\/\/rendez-vous-store.com\/fr\/shop\/men-selection-discover-our-selection-rendez-vous-store\/accessories-men-rendez-vous-store\/lady-white-lwc-socks-white-rendez-vous-store\/\">Continuer la lecture <span class=\"screen-reader-text\">Lady White &#8211; LWC SOCKS &#8211; WHITE<\/span><\/a><\/p>","protected":false},"featured_media":245719,"template":"","meta":{"_acf_changed":false},"product_brand":[],"product_cat":[20,1059,70],"product_tag":[644],"class_list":{"0":"post-245463","1":"product","2":"type-product","3":"status-publish","4":"has-post-thumbnail","6":"product_cat-men-selection-discover-our-selection-rendez-vous-store","7":"product_cat-new-men-rendez-vous-store","8":"product_cat-accessories-men-rendez-vous-store","9":"product_tag-lady-white","10":"entry","12":"first","13":"instock","14":"taxable","15":"shipping-taxable","16":"purchasable","17":"product-type-variable"},"acf":[],"yoast_head":"<!-- This site is optimized with the Yoast SEO plugin v24.9 - https:\/\/yoast.com\/wordpress\/plugins\/seo\/ -->\n<title>Lady White - LWC SOCKS - WHITE<\/title>\n<meta name=\"description\" content=\"Lady White is on Rendez-vous Store. ThisLady White - LWC SOCKS - WHITE reflects contemporary moods of the brand. Discover now.\" \/>\n<meta name=\"robots\" content=\"index, follow, max-snippet:-1, max-image-preview:large, max-video-preview:-1\" \/>\n<link rel=\"canonical\" href=\"https:\/\/rendez-vous-store.com\/fr\/shop\/men-selection-discover-our-selection-rendez-vous-store\/accessories-men-rendez-vous-store\/lady-white-lwc-socks-white-rendez-vous-store\/\" \/>\n<meta property=\"og:locale\" content=\"fr_FR\" \/>\n<meta property=\"og:type\" content=\"article\" \/>\n<meta property=\"og:title\" content=\"Lady White - LWC SOCKS - WHITE\" \/>\n<meta property=\"og:description\" content=\"Lady White is on Rendez-vous Store. ThisLady White - LWC SOCKS - WHITE reflects contemporary moods of the brand. Discover now.\" \/>\n<meta property=\"og:url\" content=\"https:\/\/rendez-vous-store.com\/fr\/shop\/men-selection-discover-our-selection-rendez-vous-store\/accessories-men-rendez-vous-store\/lady-white-lwc-socks-white-rendez-vous-store\/\" \/>\n<meta property=\"og:site_name\" content=\"RENDEZ-VOUS STORE\" \/>\n<meta property=\"article:modified_time\" content=\"2026-04-17T13:45:50+00:00\" \/>\n<meta property=\"og:image\" content=\"https:\/\/rendez-vous-store.com\/app\/uploads\/2026\/04\/rdv_ladywhite_14-1-scaled.webp\" \/>\n\t<meta property=\"og:image:width\" content=\"1696\" \/>\n\t<meta property=\"og:image:height\" content=\"2560\" \/>\n\t<meta property=\"og:image:type\" content=\"image\/webp\" \/>\n<meta name=\"twitter:card\" content=\"summary_large_image\" \/>\n<meta name=\"twitter:label1\" content=\"Est. reading time\" \/>\n\t<meta name=\"twitter:data1\" content=\"2 minutes\" \/>\n<script type=\"application\/ld+json\" class=\"yoast-schema-graph\">{\"@context\":\"https:\/\/schema.org\",\"@graph\":[{\"@type\":\"WebPage\",\"@id\":\"https:\/\/rendez-vous-store.com\/shop\/men-selection-discover-our-selection-rendez-vous-store\/accessories-men-rendez-vous-store\/lady-white-lwc-socks-white-rendez-vous-store\/\",\"url\":\"https:\/\/rendez-vous-store.com\/shop\/men-selection-discover-our-selection-rendez-vous-store\/accessories-men-rendez-vous-store\/lady-white-lwc-socks-white-rendez-vous-store\/\",\"name\":\"Lady White - LWC SOCKS - WHITE\",\"isPartOf\":{\"@id\":\"https:\/\/rendez-vous-store.com\/#website\"},\"primaryImageOfPage\":{\"@id\":\"https:\/\/rendez-vous-store.com\/shop\/men-selection-discover-our-selection-rendez-vous-store\/accessories-men-rendez-vous-store\/lady-white-lwc-socks-white-rendez-vous-store\/#primaryimage\"},\"image\":{\"@id\":\"https:\/\/rendez-vous-store.com\/shop\/men-selection-discover-our-selection-rendez-vous-store\/accessories-men-rendez-vous-store\/lady-white-lwc-socks-white-rendez-vous-store\/#primaryimage\"},\"thumbnailUrl\":\"https:\/\/rendez-vous-store.com\/app\/uploads\/2026\/04\/rdv_ladywhite_14-1-scaled.webp\",\"datePublished\":\"2026-04-14T14:41:51+00:00\",\"dateModified\":\"2026-04-17T13:45:50+00:00\",\"description\":\"Lady White is on Rendez-vous Store. ThisLady White - LWC SOCKS - WHITE reflects contemporary moods of the brand. Discover now.\",\"breadcrumb\":{\"@id\":\"https:\/\/rendez-vous-store.com\/shop\/men-selection-discover-our-selection-rendez-vous-store\/accessories-men-rendez-vous-store\/lady-white-lwc-socks-white-rendez-vous-store\/#breadcrumb\"},\"inLanguage\":\"fr-FR\",\"potentialAction\":[{\"@type\":\"ReadAction\",\"target\":[\"https:\/\/rendez-vous-store.com\/shop\/men-selection-discover-our-selection-rendez-vous-store\/accessories-men-rendez-vous-store\/lady-white-lwc-socks-white-rendez-vous-store\/\"]}]},{\"@type\":\"ImageObject\",\"inLanguage\":\"fr-FR\",\"@id\":\"https:\/\/rendez-vous-store.com\/shop\/men-selection-discover-our-selection-rendez-vous-store\/accessories-men-rendez-vous-store\/lady-white-lwc-socks-white-rendez-vous-store\/#primaryimage\",\"url\":\"https:\/\/rendez-vous-store.com\/app\/uploads\/2026\/04\/rdv_ladywhite_14-1-scaled.webp\",\"contentUrl\":\"https:\/\/rendez-vous-store.com\/app\/uploads\/2026\/04\/rdv_ladywhite_14-1-scaled.webp\",\"width\":1696,\"height\":2560,\"caption\":\"Lady White - LWC SOCKS - WHITE\"},{\"@type\":\"BreadcrumbList\",\"@id\":\"https:\/\/rendez-vous-store.com\/shop\/men-selection-discover-our-selection-rendez-vous-store\/accessories-men-rendez-vous-store\/lady-white-lwc-socks-white-rendez-vous-store\/#breadcrumb\",\"itemListElement\":[{\"@type\":\"ListItem\",\"position\":1,\"name\":\"Home\",\"item\":\"https:\/\/rendez-vous-store.com\/\"},{\"@type\":\"ListItem\",\"position\":2,\"name\":\"Shop\",\"item\":\"https:\/\/www.rendez-vous-store.com\/shop\/\"},{\"@type\":\"ListItem\",\"position\":3,\"name\":\"Lady White &#8211; LWC SOCKS &#8211; WHITE\"}]},{\"@type\":\"WebSite\",\"@id\":\"https:\/\/rendez-vous-store.com\/#website\",\"url\":\"https:\/\/rendez-vous-store.com\/\",\"name\":\"RENDEZ-VOUS STORE\",\"description\":\"Slow Fashion for Women and Men\",\"potentialAction\":[{\"@type\":\"SearchAction\",\"target\":{\"@type\":\"EntryPoint\",\"urlTemplate\":\"https:\/\/rendez-vous-store.com\/?s={search_term_string}\"},\"query-input\":{\"@type\":\"PropertyValueSpecification\",\"valueRequired\":true,\"valueName\":\"search_term_string\"}}],\"inLanguage\":\"fr-FR\"}]}<\/script>\n<!-- \/ Yoast SEO plugin. -->","yoast_head_json":{"title":"Lady White - LWC SOCKS - WHITE","description":"Lady White is on Rendez-vous Store. ThisLady White - LWC SOCKS - WHITE reflects contemporary moods of the brand. Discover now.","robots":{"index":"index","follow":"follow","max-snippet":"max-snippet:-1","max-image-preview":"max-image-preview:large","max-video-preview":"max-video-preview:-1"},"canonical":"https:\/\/rendez-vous-store.com\/fr\/shop\/men-selection-discover-our-selection-rendez-vous-store\/accessories-men-rendez-vous-store\/lady-white-lwc-socks-white-rendez-vous-store\/","og_locale":"fr_FR","og_type":"article","og_title":"Lady White - LWC SOCKS - WHITE","og_description":"Lady White is on Rendez-vous Store. ThisLady White - LWC SOCKS - WHITE reflects contemporary moods of the brand. Discover now.","og_url":"https:\/\/rendez-vous-store.com\/fr\/shop\/men-selection-discover-our-selection-rendez-vous-store\/accessories-men-rendez-vous-store\/lady-white-lwc-socks-white-rendez-vous-store\/","og_site_name":"RENDEZ-VOUS STORE","article_modified_time":"2026-04-17T13:45:50+00:00","og_image":[{"width":1696,"height":2560,"url":"https:\/\/rendez-vous-store.com\/app\/uploads\/2026\/04\/rdv_ladywhite_14-1-scaled.webp","type":"image\/webp"}],"twitter_card":"summary_large_image","twitter_misc":{"Est. reading time":"2 minutes"},"schema":{"@context":"https:\/\/schema.org","@graph":[{"@type":"WebPage","@id":"https:\/\/rendez-vous-store.com\/shop\/men-selection-discover-our-selection-rendez-vous-store\/accessories-men-rendez-vous-store\/lady-white-lwc-socks-white-rendez-vous-store\/","url":"https:\/\/rendez-vous-store.com\/shop\/men-selection-discover-our-selection-rendez-vous-store\/accessories-men-rendez-vous-store\/lady-white-lwc-socks-white-rendez-vous-store\/","name":"Lady White - LWC SOCKS - WHITE","isPartOf":{"@id":"https:\/\/rendez-vous-store.com\/#website"},"primaryImageOfPage":{"@id":"https:\/\/rendez-vous-store.com\/shop\/men-selection-discover-our-selection-rendez-vous-store\/accessories-men-rendez-vous-store\/lady-white-lwc-socks-white-rendez-vous-store\/#primaryimage"},"image":{"@id":"https:\/\/rendez-vous-store.com\/shop\/men-selection-discover-our-selection-rendez-vous-store\/accessories-men-rendez-vous-store\/lady-white-lwc-socks-white-rendez-vous-store\/#primaryimage"},"thumbnailUrl":"https:\/\/rendez-vous-store.com\/app\/uploads\/2026\/04\/rdv_ladywhite_14-1-scaled.webp","datePublished":"2026-04-14T14:41:51+00:00","dateModified":"2026-04-17T13:45:50+00:00","description":"Lady White is on Rendez-vous Store. ThisLady White - LWC SOCKS - WHITE reflects contemporary moods of the brand. Discover now.","breadcrumb":{"@id":"https:\/\/rendez-vous-store.com\/shop\/men-selection-discover-our-selection-rendez-vous-store\/accessories-men-rendez-vous-store\/lady-white-lwc-socks-white-rendez-vous-store\/#breadcrumb"},"inLanguage":"fr-FR","potentialAction":[{"@type":"ReadAction","target":["https:\/\/rendez-vous-store.com\/shop\/men-selection-discover-our-selection-rendez-vous-store\/accessories-men-rendez-vous-store\/lady-white-lwc-socks-white-rendez-vous-store\/"]}]},{"@type":"ImageObject","inLanguage":"fr-FR","@id":"https:\/\/rendez-vous-store.com\/shop\/men-selection-discover-our-selection-rendez-vous-store\/accessories-men-rendez-vous-store\/lady-white-lwc-socks-white-rendez-vous-store\/#primaryimage","url":"https:\/\/rendez-vous-store.com\/app\/uploads\/2026\/04\/rdv_ladywhite_14-1-scaled.webp","contentUrl":"https:\/\/rendez-vous-store.com\/app\/uploads\/2026\/04\/rdv_ladywhite_14-1-scaled.webp","width":1696,"height":2560,"caption":"Lady White - LWC SOCKS - WHITE"},{"@type":"BreadcrumbList","@id":"https:\/\/rendez-vous-store.com\/shop\/men-selection-discover-our-selection-rendez-vous-store\/accessories-men-rendez-vous-store\/lady-white-lwc-socks-white-rendez-vous-store\/#breadcrumb","itemListElement":[{"@type":"ListItem","position":1,"name":"Home","item":"https:\/\/rendez-vous-store.com\/"},{"@type":"ListItem","position":2,"name":"Shop","item":"https:\/\/www.rendez-vous-store.com\/shop\/"},{"@type":"ListItem","position":3,"name":"Lady White &#8211; LWC SOCKS &#8211; WHITE"}]},{"@type":"WebSite","@id":"https:\/\/rendez-vous-store.com\/#website","url":"https:\/\/rendez-vous-store.com\/","name":"RENDEZ-VOUS STORE","description":"Slow Fashion for Women and Men","potentialAction":[{"@type":"SearchAction","target":{"@type":"EntryPoint","urlTemplate":"https:\/\/rendez-vous-store.com\/?s={search_term_string}"},"query-input":{"@type":"PropertyValueSpecification","valueRequired":true,"valueName":"search_term_string"}}],"inLanguage":"fr-FR"}]}},"_links":{"self":[{"href":"https:\/\/rendez-vous-store.com\/fr\/wp-json\/wp\/v2\/product\/245463","targetHints":{"allow":["GET"]}}],"collection":[{"href":"https:\/\/rendez-vous-store.com\/fr\/wp-json\/wp\/v2\/product"}],"about":[{"href":"https:\/\/rendez-vous-store.com\/fr\/wp-json\/wp\/v2\/types\/product"}],"wp:featuredmedia":[{"embeddable":true,"href":"https:\/\/rendez-vous-store.com\/fr\/wp-json\/wp\/v2\/media\/245719"}],"wp:attachment":[{"href":"https:\/\/rendez-vous-store.com\/fr\/wp-json\/wp\/v2\/media?parent=245463"}],"wp:term":[{"taxonomy":"product_brand","embeddable":true,"href":"https:\/\/rendez-vous-store.com\/fr\/wp-json\/wp\/v2\/product_brand?post=245463"},{"taxonomy":"product_cat","embeddable":true,"href":"https:\/\/rendez-vous-store.com\/fr\/wp-json\/wp\/v2\/product_cat?post=245463"},{"taxonomy":"product_tag","embeddable":true,"href":"https:\/\/rendez-vous-store.com\/fr\/wp-json\/wp\/v2\/product_tag?post=245463"}],"curies":[{"name":"wp","href":"https:\/\/api.w.org\/{rel}","templated":true}]}}