{"id":242915,"date":"2026-03-25T14:46:15","date_gmt":"2026-03-25T13:46:15","guid":{"rendered":"https:\/\/rendez-vous-store.com\/?post_type=product&#038;p=242915"},"modified":"2026-04-07T09:55:05","modified_gmt":"2026-04-07T07:55:05","slug":"evan-kinori-big-shirt-two-brown-black-logwood-overdye","status":"publish","type":"product","link":"https:\/\/rendez-vous-store.com\/fr\/shop\/men-selection-discover-our-selection-rendez-vous-store\/shirts-rendez-vous-store\/evan-kinori-big-shirt-two-brown-black-logwood-overdye\/","title":{"rendered":"Evan Kinori \u2013 Big Shirt Two \u2013 Marron\/Noir (Surteinture Bois de Camp\u00eache)"},"content":{"rendered":"<p><strong>Evan Kinori \u2013 Big Shirt Two \u2013 Marron\/Noir (Surteinture Bois de Camp\u00eache)<\/strong><\/p>\n<p>Couleur : Marron\/Noir<\/p>\n<p>Silhouette d\u00e9contract\u00e9e<\/p>\n<p>Poche unique sur la poitrine<\/p>\n<p>Boutons de Corozo<\/p>\n<p>coutures anglaises<\/p>\n<p>Poignets carr\u00e9s<\/p>\n<p>Col pointu<\/p>\n<p>\u00c9paules tombantes<\/p>\n<p>Manches longues<\/p>\n<p>Fabriqu\u00e9 au Japon<\/p>","protected":false},"excerpt":{"rendered":"<p>Evan Kinori \u2013 Big Shirt Two \u2013 Marron\/Noir (Teinture Logwood par-dessus) Couleur : Marron\/Noir Silhouette d\u00e9contract\u00e9e Poche poitrine unique Boutons en corozo Coutures fran\u00e7aises Poignets carr\u00e9s Col pointu \u00c9paules tombantes Manches longues Fabriqu\u00e9 au Japon<\/p>","protected":false},"featured_media":244007,"template":"","meta":{"_acf_changed":false},"product_brand":[],"product_cat":[20,1059,74],"product_tag":[608],"class_list":{"0":"post-242915","1":"product","2":"type-product","3":"status-publish","4":"has-post-thumbnail","6":"product_cat-men-selection-discover-our-selection-rendez-vous-store","7":"product_cat-new-men-rendez-vous-store","8":"product_cat-shirts-rendez-vous-store","9":"product_tag-evan-kinori","10":"entry","12":"first","13":"instock","14":"taxable","15":"shipping-taxable","16":"purchasable","17":"product-type-variable"},"acf":[],"yoast_head":"<!-- This site is optimized with the Yoast SEO plugin v24.9 - https:\/\/yoast.com\/wordpress\/plugins\/seo\/ -->\n<title>Evan Kinori - Big Shirt Two - Brown\/Black (Logwood Overdye)<\/title>\n<meta name=\"robots\" content=\"index, follow, max-snippet:-1, max-image-preview:large, max-video-preview:-1\" \/>\n<link rel=\"canonical\" href=\"https:\/\/rendez-vous-store.com\/fr\/shop\/men-selection-discover-our-selection-rendez-vous-store\/shirts-rendez-vous-store\/evan-kinori-big-shirt-two-brown-black-logwood-overdye\/\" \/>\n<meta property=\"og:locale\" content=\"fr_FR\" \/>\n<meta property=\"og:type\" content=\"article\" \/>\n<meta property=\"og:title\" content=\"Evan Kinori - Big Shirt Two - Brown\/Black (Logwood Overdye)\" \/>\n<meta property=\"og:description\" content=\"Evan Kinori &#8211; Big Shirt Two &#8211; Brown\/Black (Logwood Overdye) Color: Brown\/ Black Relaxed silhouette Single chest pocket Corozo buttons French seams Squared cuffs Pointed collar Dropped shoulders Long sleeves Made in Japan\" \/>\n<meta property=\"og:url\" content=\"https:\/\/rendez-vous-store.com\/fr\/shop\/men-selection-discover-our-selection-rendez-vous-store\/shirts-rendez-vous-store\/evan-kinori-big-shirt-two-brown-black-logwood-overdye\/\" \/>\n<meta property=\"og:site_name\" content=\"RENDEZ-VOUS STORE\" \/>\n<meta property=\"article:modified_time\" content=\"2026-04-07T07:55:05+00:00\" \/>\n<meta property=\"og:image\" content=\"https:\/\/rendez-vous-store.com\/app\/uploads\/2026\/03\/IMG_2968-converti-depuis-JPG-1_11zon-scaled.webp\" \/>\n\t<meta property=\"og:image:width\" content=\"1707\" \/>\n\t<meta property=\"og:image:height\" content=\"2560\" \/>\n\t<meta property=\"og:image:type\" content=\"image\/webp\" \/>\n<meta name=\"twitter:card\" content=\"summary_large_image\" \/>\n<meta name=\"twitter:label1\" content=\"Est. reading time\" \/>\n\t<meta name=\"twitter:data1\" content=\"1 minute\" \/>\n<script type=\"application\/ld+json\" class=\"yoast-schema-graph\">{\"@context\":\"https:\/\/schema.org\",\"@graph\":[{\"@type\":\"WebPage\",\"@id\":\"https:\/\/rendez-vous-store.com\/shop\/men-selection-discover-our-selection-rendez-vous-store\/shirts-rendez-vous-store\/evan-kinori-big-shirt-two-brown-black-logwood-overdye\/\",\"url\":\"https:\/\/rendez-vous-store.com\/shop\/men-selection-discover-our-selection-rendez-vous-store\/shirts-rendez-vous-store\/evan-kinori-big-shirt-two-brown-black-logwood-overdye\/\",\"name\":\"Evan Kinori - Big Shirt Two - Brown\/Black (Logwood Overdye)\",\"isPartOf\":{\"@id\":\"https:\/\/rendez-vous-store.com\/#website\"},\"primaryImageOfPage\":{\"@id\":\"https:\/\/rendez-vous-store.com\/shop\/men-selection-discover-our-selection-rendez-vous-store\/shirts-rendez-vous-store\/evan-kinori-big-shirt-two-brown-black-logwood-overdye\/#primaryimage\"},\"image\":{\"@id\":\"https:\/\/rendez-vous-store.com\/shop\/men-selection-discover-our-selection-rendez-vous-store\/shirts-rendez-vous-store\/evan-kinori-big-shirt-two-brown-black-logwood-overdye\/#primaryimage\"},\"thumbnailUrl\":\"https:\/\/rendez-vous-store.com\/app\/uploads\/2026\/03\/IMG_2968-converti-depuis-JPG-1_11zon-scaled.webp\",\"datePublished\":\"2026-03-25T13:46:15+00:00\",\"dateModified\":\"2026-04-07T07:55:05+00:00\",\"breadcrumb\":{\"@id\":\"https:\/\/rendez-vous-store.com\/shop\/men-selection-discover-our-selection-rendez-vous-store\/shirts-rendez-vous-store\/evan-kinori-big-shirt-two-brown-black-logwood-overdye\/#breadcrumb\"},\"inLanguage\":\"fr-FR\",\"potentialAction\":[{\"@type\":\"ReadAction\",\"target\":[\"https:\/\/rendez-vous-store.com\/shop\/men-selection-discover-our-selection-rendez-vous-store\/shirts-rendez-vous-store\/evan-kinori-big-shirt-two-brown-black-logwood-overdye\/\"]}]},{\"@type\":\"ImageObject\",\"inLanguage\":\"fr-FR\",\"@id\":\"https:\/\/rendez-vous-store.com\/shop\/men-selection-discover-our-selection-rendez-vous-store\/shirts-rendez-vous-store\/evan-kinori-big-shirt-two-brown-black-logwood-overdye\/#primaryimage\",\"url\":\"https:\/\/rendez-vous-store.com\/app\/uploads\/2026\/03\/IMG_2968-converti-depuis-JPG-1_11zon-scaled.webp\",\"contentUrl\":\"https:\/\/rendez-vous-store.com\/app\/uploads\/2026\/03\/IMG_2968-converti-depuis-JPG-1_11zon-scaled.webp\",\"width\":1707,\"height\":2560,\"caption\":\"Evan Kinori - Big Shirt Two - Brown\/Black (Logwood Overdye)\"},{\"@type\":\"BreadcrumbList\",\"@id\":\"https:\/\/rendez-vous-store.com\/shop\/men-selection-discover-our-selection-rendez-vous-store\/shirts-rendez-vous-store\/evan-kinori-big-shirt-two-brown-black-logwood-overdye\/#breadcrumb\",\"itemListElement\":[{\"@type\":\"ListItem\",\"position\":1,\"name\":\"Home\",\"item\":\"https:\/\/rendez-vous-store.com\/\"},{\"@type\":\"ListItem\",\"position\":2,\"name\":\"Shop\",\"item\":\"https:\/\/www.rendez-vous-store.com\/shop\/\"},{\"@type\":\"ListItem\",\"position\":3,\"name\":\"Evan Kinori &#8211; Big Shirt Two &#8211; Brown\/Black (Logwood Overdye)\"}]},{\"@type\":\"WebSite\",\"@id\":\"https:\/\/rendez-vous-store.com\/#website\",\"url\":\"https:\/\/rendez-vous-store.com\/\",\"name\":\"RENDEZ-VOUS STORE\",\"description\":\"Slow Fashion for Women and Men\",\"potentialAction\":[{\"@type\":\"SearchAction\",\"target\":{\"@type\":\"EntryPoint\",\"urlTemplate\":\"https:\/\/rendez-vous-store.com\/?s={search_term_string}\"},\"query-input\":{\"@type\":\"PropertyValueSpecification\",\"valueRequired\":true,\"valueName\":\"search_term_string\"}}],\"inLanguage\":\"fr-FR\"}]}<\/script>\n<!-- \/ Yoast SEO plugin. -->","yoast_head_json":{"title":"Evan Kinori - Big Shirt Two - Brown\/Black (Logwood Overdye)","robots":{"index":"index","follow":"follow","max-snippet":"max-snippet:-1","max-image-preview":"max-image-preview:large","max-video-preview":"max-video-preview:-1"},"canonical":"https:\/\/rendez-vous-store.com\/fr\/shop\/men-selection-discover-our-selection-rendez-vous-store\/shirts-rendez-vous-store\/evan-kinori-big-shirt-two-brown-black-logwood-overdye\/","og_locale":"fr_FR","og_type":"article","og_title":"Evan Kinori - Big Shirt Two - Brown\/Black (Logwood Overdye)","og_description":"Evan Kinori &#8211; Big Shirt Two &#8211; Brown\/Black (Logwood Overdye) Color: Brown\/ Black Relaxed silhouette Single chest pocket Corozo buttons French seams Squared cuffs Pointed collar Dropped shoulders Long sleeves Made in Japan","og_url":"https:\/\/rendez-vous-store.com\/fr\/shop\/men-selection-discover-our-selection-rendez-vous-store\/shirts-rendez-vous-store\/evan-kinori-big-shirt-two-brown-black-logwood-overdye\/","og_site_name":"RENDEZ-VOUS STORE","article_modified_time":"2026-04-07T07:55:05+00:00","og_image":[{"width":1707,"height":2560,"url":"https:\/\/rendez-vous-store.com\/app\/uploads\/2026\/03\/IMG_2968-converti-depuis-JPG-1_11zon-scaled.webp","type":"image\/webp"}],"twitter_card":"summary_large_image","twitter_misc":{"Est. reading time":"1 minute"},"schema":{"@context":"https:\/\/schema.org","@graph":[{"@type":"WebPage","@id":"https:\/\/rendez-vous-store.com\/shop\/men-selection-discover-our-selection-rendez-vous-store\/shirts-rendez-vous-store\/evan-kinori-big-shirt-two-brown-black-logwood-overdye\/","url":"https:\/\/rendez-vous-store.com\/shop\/men-selection-discover-our-selection-rendez-vous-store\/shirts-rendez-vous-store\/evan-kinori-big-shirt-two-brown-black-logwood-overdye\/","name":"Evan Kinori - Big Shirt Two - Brown\/Black (Logwood Overdye)","isPartOf":{"@id":"https:\/\/rendez-vous-store.com\/#website"},"primaryImageOfPage":{"@id":"https:\/\/rendez-vous-store.com\/shop\/men-selection-discover-our-selection-rendez-vous-store\/shirts-rendez-vous-store\/evan-kinori-big-shirt-two-brown-black-logwood-overdye\/#primaryimage"},"image":{"@id":"https:\/\/rendez-vous-store.com\/shop\/men-selection-discover-our-selection-rendez-vous-store\/shirts-rendez-vous-store\/evan-kinori-big-shirt-two-brown-black-logwood-overdye\/#primaryimage"},"thumbnailUrl":"https:\/\/rendez-vous-store.com\/app\/uploads\/2026\/03\/IMG_2968-converti-depuis-JPG-1_11zon-scaled.webp","datePublished":"2026-03-25T13:46:15+00:00","dateModified":"2026-04-07T07:55:05+00:00","breadcrumb":{"@id":"https:\/\/rendez-vous-store.com\/shop\/men-selection-discover-our-selection-rendez-vous-store\/shirts-rendez-vous-store\/evan-kinori-big-shirt-two-brown-black-logwood-overdye\/#breadcrumb"},"inLanguage":"fr-FR","potentialAction":[{"@type":"ReadAction","target":["https:\/\/rendez-vous-store.com\/shop\/men-selection-discover-our-selection-rendez-vous-store\/shirts-rendez-vous-store\/evan-kinori-big-shirt-two-brown-black-logwood-overdye\/"]}]},{"@type":"ImageObject","inLanguage":"fr-FR","@id":"https:\/\/rendez-vous-store.com\/shop\/men-selection-discover-our-selection-rendez-vous-store\/shirts-rendez-vous-store\/evan-kinori-big-shirt-two-brown-black-logwood-overdye\/#primaryimage","url":"https:\/\/rendez-vous-store.com\/app\/uploads\/2026\/03\/IMG_2968-converti-depuis-JPG-1_11zon-scaled.webp","contentUrl":"https:\/\/rendez-vous-store.com\/app\/uploads\/2026\/03\/IMG_2968-converti-depuis-JPG-1_11zon-scaled.webp","width":1707,"height":2560,"caption":"Evan Kinori - Big Shirt Two - Brown\/Black (Logwood Overdye)"},{"@type":"BreadcrumbList","@id":"https:\/\/rendez-vous-store.com\/shop\/men-selection-discover-our-selection-rendez-vous-store\/shirts-rendez-vous-store\/evan-kinori-big-shirt-two-brown-black-logwood-overdye\/#breadcrumb","itemListElement":[{"@type":"ListItem","position":1,"name":"Home","item":"https:\/\/rendez-vous-store.com\/"},{"@type":"ListItem","position":2,"name":"Shop","item":"https:\/\/www.rendez-vous-store.com\/shop\/"},{"@type":"ListItem","position":3,"name":"Evan Kinori &#8211; Big Shirt Two &#8211; Brown\/Black (Logwood Overdye)"}]},{"@type":"WebSite","@id":"https:\/\/rendez-vous-store.com\/#website","url":"https:\/\/rendez-vous-store.com\/","name":"RENDEZ-VOUS STORE","description":"Slow Fashion for Women and Men","potentialAction":[{"@type":"SearchAction","target":{"@type":"EntryPoint","urlTemplate":"https:\/\/rendez-vous-store.com\/?s={search_term_string}"},"query-input":{"@type":"PropertyValueSpecification","valueRequired":true,"valueName":"search_term_string"}}],"inLanguage":"fr-FR"}]}},"_links":{"self":[{"href":"https:\/\/rendez-vous-store.com\/fr\/wp-json\/wp\/v2\/product\/242915","targetHints":{"allow":["GET"]}}],"collection":[{"href":"https:\/\/rendez-vous-store.com\/fr\/wp-json\/wp\/v2\/product"}],"about":[{"href":"https:\/\/rendez-vous-store.com\/fr\/wp-json\/wp\/v2\/types\/product"}],"wp:featuredmedia":[{"embeddable":true,"href":"https:\/\/rendez-vous-store.com\/fr\/wp-json\/wp\/v2\/media\/244007"}],"wp:attachment":[{"href":"https:\/\/rendez-vous-store.com\/fr\/wp-json\/wp\/v2\/media?parent=242915"}],"wp:term":[{"taxonomy":"product_brand","embeddable":true,"href":"https:\/\/rendez-vous-store.com\/fr\/wp-json\/wp\/v2\/product_brand?post=242915"},{"taxonomy":"product_cat","embeddable":true,"href":"https:\/\/rendez-vous-store.com\/fr\/wp-json\/wp\/v2\/product_cat?post=242915"},{"taxonomy":"product_tag","embeddable":true,"href":"https:\/\/rendez-vous-store.com\/fr\/wp-json\/wp\/v2\/product_tag?post=242915"}],"curies":[{"name":"wp","href":"https:\/\/api.w.org\/{rel}","templated":true}]}}