{"id":241343,"date":"2026-03-17T15:33:44","date_gmt":"2026-03-17T14:33:44","guid":{"rendered":"https:\/\/rendez-vous-store.com\/?post_type=product&#038;p=241343"},"modified":"2026-04-07T16:56:06","modified_gmt":"2026-04-07T14:56:06","slug":"kaptain-sunshine-men-pants-ksbs110dz-indigo-ice-wash-rendez-vous-store","status":"publish","type":"product","link":"https:\/\/rendez-vous-store.com\/fr\/shop\/men-selection-discover-our-selection-rendez-vous-store\/trousers-shorts-rendez-vous-store\/kaptain-sunshine-men-pants-ksbs110dz-indigo-ice-wash-rendez-vous-store\/","title":{"rendered":"Kaptain Sunshine \u2013 PANTALONS HOMME KSBS110DZ \u2013 INDIGO ICE WASH"},"content":{"rendered":"<p><strong>Kaptain Sunshine \u2013 PANTALONS HOMME KSBS110DZ \u2013 INDIGO ICE WASH<\/strong><\/p>\n<p>Couleur : Indigo Ice Wash<\/p>\n<p>Coupe ample<\/p>\n<p>Jambe fusel\u00e9e<\/p>\n<p>Pantalon en jean \u00e0 fermeture \u00e9clair sur le devant 5P<\/p>\n<p>Composition : 100% Coton<\/p>\n<p>Fabriqu\u00e9 au Japon<\/p>\n<p>&nbsp;<\/p>\n<p>&nbsp;<\/p>\n<p><strong>Les mesures :\u00a0<\/strong><\/p>\n<p>Taille S : Tour de taille : 40 cm, Tour de hanches : 60 cm, Tour de cuisse : 35 cm, Entrejambe : 79 cm, Longueur : 107 cm<\/p>\n<p>Taille M : Tour de taille : 42 cm, Hanches : 63 cm, Cuisse : 35 cm, Entrejambe : 81 cm, Longueur : 109 cm<\/p>\n<p>Taille L : Tour de taille : 44 cm, Tour de hanches : 67 cm, Tour de cuisse : 36 cm, Longueur entrejambe : 84 cm, Longueur : 110 cm<\/p>\n<p>&nbsp;<\/p>\n<p>&nbsp;<\/p>\n<p>&nbsp;<\/p>\n<p>&nbsp;<\/p>\n<h3 data-start=\"0\" data-end=\"13\">Le Produit<\/h3>\n<p data-start=\"15\" data-end=\"269\">Le pantalon homme Kaptain Sunshine KSBS110DZ \u2013 Indigo Ice Wash pr\u00e9sente une version raffin\u00e9e du pantalon en jean classique.<br data-start=\"125\" data-end=\"128\" \/>Ils combinent une inspiration h\u00e9ritage avec une silhouette d\u00e9contract\u00e9e et moderne.<br data-start=\"199\" data-end=\"202\" \/>En cons\u00e9quence, le pantalon offre \u00e0 la fois structure et confort au quotidien.<\/p>\n<p data-start=\"271\" data-end=\"521\">Le tissu utilise du denim selvedge de 13,5 oz fait de coton de haute qualit\u00e9.<br data-start=\"339\" data-end=\"342\" \/>Il est teint \u00e0 l'indigo pur et pr\u00e9sente une subtile texture naturelle.<br data-start=\"406\" data-end=\"409\" \/>Par cons\u00e9quent, le mat\u00e9riau semble r\u00e9sistant tout en restant doux et confortable \u00e0 porter.<\/p>\n<p data-start=\"523\" data-end=\"747\">De plus, le denim est tiss\u00e9 lentement sur un m\u00e9tier \u00e0 tisser traditionnel.<br data-start=\"581\" data-end=\"584\" \/>Ce processus cr\u00e9e une surface unique, l\u00e9g\u00e8rement irr\u00e9guli\u00e8re.<br data-start=\"639\" data-end=\"642\" \/>En cons\u00e9quence, le tissu acquiert du caract\u00e8re et une patine avec le temps.<\/p>\n<p data-start=\"749\" data-end=\"963\">De plus, le traitement au lavage de glace introduit une teinte indigo plus claire et nuanc\u00e9e.<br data-start=\"827\" data-end=\"830\" \/>Cela donne au pantalon un aspect us\u00e9 et contemporain.<br data-start=\"887\" data-end=\"890\" \/>Ainsi, la couleur s'associe facilement aussi bien \u00e0 des tenues d\u00e9contract\u00e9es que plus habill\u00e9es.<\/p>\n<p data-start=\"965\" data-end=\"1201\">La silhouette pr\u00e9sente une coupe d\u00e9contract\u00e9e avec une jambe fusel\u00e9e.<br data-start=\"1022\" data-end=\"1025\" \/>Il procure du confort tout en conservant une forme nette et \u00e9quilibr\u00e9e.<br data-start=\"1090\" data-end=\"1093\" \/>Les d\u00e9tails fonctionnels comprennent une construction \u00e0 cinq poches et une braguette zipp\u00e9e.<\/p>\n<p data-start=\"1203\" data-end=\"1362\">Vous pouvez porter ce pantalon avec des T-shirts simples, des chemises ou des vestes superpos\u00e9es.<br data-start=\"1280\" data-end=\"1283\" \/>Ils soutiennent les garde-robes modernes o\u00f9 la polyvalence et la texture restent essentielles.<\/p>\n<h3 data-start=\"1365\" data-end=\"1376\">La marque<\/h3>\n<p data-start=\"1378\" data-end=\"1605\">Kaptain Sunshine est une marque japonaise fond\u00e9e par Shinsuke Kojima.<br data-start=\"1442\" data-end=\"1445\" \/>Il s'inspire des v\u00eatements de travail vintage, militaires et d'ext\u00e9rieur.<br data-start=\"1520\" data-end=\"1523\" \/>De plus, la marque associe des r\u00e9f\u00e9rences patrimoniales \u00e0 une sensibilit\u00e9 de design moderne.<\/p>\n<p data-start=\"1607\" data-end=\"1816\">Kaptain Sunshine met l'accent sur les tissus de haute qualit\u00e9 et la construction pr\u00e9cise.<br data-start=\"1681\" data-end=\"1684\" \/>Chaque pi\u00e8ce refl\u00e8te durabilit\u00e9, confort et proportions raffin\u00e9es.<br data-start=\"1749\" data-end=\"1752\" \/>Par cons\u00e9quent, les v\u00eatements paraissent \u00e0 la fois pratiques et sophistiqu\u00e9s.<\/p>\n<p data-start=\"1818\" data-end=\"1954\">La marque cr\u00e9e des v\u00eatements con\u00e7us pour la vie de tous les jours et le voyage.<br data-start=\"1883\" data-end=\"1886\" \/>La fonctionnalit\u00e9 et le style intemporel restent au c\u0153ur de sa philosophie.<\/p>\n<h3 data-start=\"1957\" data-end=\"1973\">La Collection<\/h3>\n<p data-start=\"1975\" data-end=\"2158\">Les collections Kaptain Sunshine explorent l'\u00e9quilibre entre l'h\u00e9ritage et le design contemporain.<br data-start=\"2065\" data-end=\"2068\" \/>Chaque saison peaufine des v\u00eatements classiques gr\u00e2ce \u00e0 la recherche sur les tissus et aux ajustements de proportion.<\/p>\n<p data-start=\"2160\" data-end=\"2334\">De plus, la marque s\u00e9lectionne des mat\u00e9riaux qui vieillissent magnifiquement avec le port.<br data-start=\"2229\" data-end=\"2232\" \/>Ils d\u00e9veloppent de la texture et de l'individualit\u00e9 au fil du temps.<br data-start=\"2281\" data-end=\"2284\" \/>Ainsi, chaque pi\u00e8ce devient plus personnelle avec l'usage.<\/p>\n<p data-start=\"2336\" data-end=\"2541\">De plus, les collections mettent l'accent sur des silhouettes d\u00e9contract\u00e9es et des d\u00e9tails fonctionnels.<br data-start=\"2418\" data-end=\"2421\" \/>Ils permettent un habillage facile et un style polyvalent.<br data-start=\"2468\" data-end=\"2471\" \/>Par cons\u00e9quent, les v\u00eatements conviennent aussi bien aux environnements urbains qu'aux environnements ext\u00e9rieurs.<\/p>\n<p data-start=\"2543\" data-end=\"2707\" data-is-last-node=\"\" data-is-only-node=\"\">Les collections Kaptain Sunshine pr\u00e9sentent une garde-robe ax\u00e9e sur la durabilit\u00e9 et l'\u00e9l\u00e9gance discr\u00e8te.<br data-start=\"2630\" data-end=\"2633\" \/>Ils combinent savoir-faire, confort et design intemporel pour un usage quotidien.<\/p>","protected":false},"excerpt":{"rendered":"<p>Kaptain Sunshine &#8211; MEN PANTS KSBS110DZ &#8211; INDIGO ICE WASH Color: Indigo Ice Wash Fit loose Tapered leg 5P Zipper front denim pants Composition: 100% Cotton Made in Japan &nbsp; &nbsp; The measurements:\u00a0 Size S: Waist: 40cm, Hip: 60cm, Thigh: 35cm, Inseam: 79cm, Length: 107cm Size M: Waist: 42cm, Hip: 63cm, Thigh: 35cm, Inseam: 81cm,&hellip; <a class=\"more-link\" href=\"https:\/\/rendez-vous-store.com\/fr\/shop\/men-selection-discover-our-selection-rendez-vous-store\/trousers-shorts-rendez-vous-store\/kaptain-sunshine-men-pants-ksbs110dz-indigo-ice-wash-rendez-vous-store\/\">Continuer la lecture <span class=\"screen-reader-text\">Kaptain Sunshine \u2013 PANTALONS HOMME KSBS110DZ \u2013 INDIGO ICE WASH<\/span><\/a><\/p>","protected":false},"featured_media":241531,"template":"","meta":{"_acf_changed":false},"product_brand":[],"product_cat":[20,1059,73],"product_tag":[639],"class_list":{"0":"post-241343","1":"product","2":"type-product","3":"status-publish","4":"has-post-thumbnail","6":"product_cat-men-selection-discover-our-selection-rendez-vous-store","7":"product_cat-new-men-rendez-vous-store","8":"product_cat-trousers-shorts-rendez-vous-store","9":"product_tag-kaptain-sunshine","10":"entry","12":"first","13":"instock","14":"taxable","15":"shipping-taxable","16":"purchasable","17":"product-type-variable"},"acf":[],"yoast_head":"<!-- This site is optimized with the Yoast SEO plugin v24.9 - https:\/\/yoast.com\/wordpress\/plugins\/seo\/ -->\n<title>Kaptain Sunshine - MEN PANTS KSBS110DZ - INDIGO ICE WASH<\/title>\n<meta name=\"description\" content=\"This Kaptain Sunshine - MEN PANTS KSBS110DZ - INDIGO ICE WASH embracing the tradition and essence of field &amp; naval wear. Discover now on Rendez-vous Store.\" \/>\n<meta name=\"robots\" content=\"index, follow, max-snippet:-1, max-image-preview:large, max-video-preview:-1\" \/>\n<link rel=\"canonical\" href=\"https:\/\/rendez-vous-store.com\/fr\/shop\/men-selection-discover-our-selection-rendez-vous-store\/trousers-shorts-rendez-vous-store\/kaptain-sunshine-men-pants-ksbs110dz-indigo-ice-wash-rendez-vous-store\/\" \/>\n<meta property=\"og:locale\" content=\"fr_FR\" \/>\n<meta property=\"og:type\" content=\"article\" \/>\n<meta property=\"og:title\" content=\"Kaptain Sunshine - MEN PANTS KSBS110DZ - INDIGO ICE WASH\" \/>\n<meta property=\"og:description\" content=\"This Kaptain Sunshine - MEN PANTS KSBS110DZ - INDIGO ICE WASH embracing the tradition and essence of field &amp; naval wear. Discover now on Rendez-vous Store.\" \/>\n<meta property=\"og:url\" content=\"https:\/\/rendez-vous-store.com\/fr\/shop\/men-selection-discover-our-selection-rendez-vous-store\/trousers-shorts-rendez-vous-store\/kaptain-sunshine-men-pants-ksbs110dz-indigo-ice-wash-rendez-vous-store\/\" \/>\n<meta property=\"og:site_name\" content=\"RENDEZ-VOUS STORE\" \/>\n<meta property=\"article:modified_time\" content=\"2026-04-07T14:56:06+00:00\" \/>\n<meta property=\"og:image\" content=\"https:\/\/rendez-vous-store.com\/app\/uploads\/2026\/03\/IMG_0083_11zon-scaled.webp\" \/>\n\t<meta property=\"og:image:width\" content=\"1707\" \/>\n\t<meta property=\"og:image:height\" content=\"2560\" \/>\n\t<meta property=\"og:image:type\" content=\"image\/webp\" \/>\n<meta name=\"twitter:card\" content=\"summary_large_image\" \/>\n<meta name=\"twitter:label1\" content=\"Est. reading time\" \/>\n\t<meta name=\"twitter:data1\" content=\"3 minutes\" \/>\n<script type=\"application\/ld+json\" class=\"yoast-schema-graph\">{\"@context\":\"https:\/\/schema.org\",\"@graph\":[{\"@type\":\"WebPage\",\"@id\":\"https:\/\/rendez-vous-store.com\/shop\/men-selection-discover-our-selection-rendez-vous-store\/trousers-shorts-rendez-vous-store\/kaptain-sunshine-men-pants-ksbs110dz-indigo-ice-wash-rendez-vous-store\/\",\"url\":\"https:\/\/rendez-vous-store.com\/shop\/men-selection-discover-our-selection-rendez-vous-store\/trousers-shorts-rendez-vous-store\/kaptain-sunshine-men-pants-ksbs110dz-indigo-ice-wash-rendez-vous-store\/\",\"name\":\"Kaptain Sunshine - MEN PANTS KSBS110DZ - INDIGO ICE WASH\",\"isPartOf\":{\"@id\":\"https:\/\/rendez-vous-store.com\/#website\"},\"primaryImageOfPage\":{\"@id\":\"https:\/\/rendez-vous-store.com\/shop\/men-selection-discover-our-selection-rendez-vous-store\/trousers-shorts-rendez-vous-store\/kaptain-sunshine-men-pants-ksbs110dz-indigo-ice-wash-rendez-vous-store\/#primaryimage\"},\"image\":{\"@id\":\"https:\/\/rendez-vous-store.com\/shop\/men-selection-discover-our-selection-rendez-vous-store\/trousers-shorts-rendez-vous-store\/kaptain-sunshine-men-pants-ksbs110dz-indigo-ice-wash-rendez-vous-store\/#primaryimage\"},\"thumbnailUrl\":\"https:\/\/rendez-vous-store.com\/app\/uploads\/2026\/03\/IMG_0083_11zon-scaled.webp\",\"datePublished\":\"2026-03-17T14:33:44+00:00\",\"dateModified\":\"2026-04-07T14:56:06+00:00\",\"description\":\"This Kaptain Sunshine - MEN PANTS KSBS110DZ - INDIGO ICE WASH embracing the tradition and essence of field & naval wear. Discover now on Rendez-vous Store.\",\"breadcrumb\":{\"@id\":\"https:\/\/rendez-vous-store.com\/shop\/men-selection-discover-our-selection-rendez-vous-store\/trousers-shorts-rendez-vous-store\/kaptain-sunshine-men-pants-ksbs110dz-indigo-ice-wash-rendez-vous-store\/#breadcrumb\"},\"inLanguage\":\"fr-FR\",\"potentialAction\":[{\"@type\":\"ReadAction\",\"target\":[\"https:\/\/rendez-vous-store.com\/shop\/men-selection-discover-our-selection-rendez-vous-store\/trousers-shorts-rendez-vous-store\/kaptain-sunshine-men-pants-ksbs110dz-indigo-ice-wash-rendez-vous-store\/\"]}]},{\"@type\":\"ImageObject\",\"inLanguage\":\"fr-FR\",\"@id\":\"https:\/\/rendez-vous-store.com\/shop\/men-selection-discover-our-selection-rendez-vous-store\/trousers-shorts-rendez-vous-store\/kaptain-sunshine-men-pants-ksbs110dz-indigo-ice-wash-rendez-vous-store\/#primaryimage\",\"url\":\"https:\/\/rendez-vous-store.com\/app\/uploads\/2026\/03\/IMG_0083_11zon-scaled.webp\",\"contentUrl\":\"https:\/\/rendez-vous-store.com\/app\/uploads\/2026\/03\/IMG_0083_11zon-scaled.webp\",\"width\":1707,\"height\":2560,\"caption\":\"Kaptain Sunshine - MEN PANTS KSBS110DZ - INDIGO ICE WASH\"},{\"@type\":\"BreadcrumbList\",\"@id\":\"https:\/\/rendez-vous-store.com\/shop\/men-selection-discover-our-selection-rendez-vous-store\/trousers-shorts-rendez-vous-store\/kaptain-sunshine-men-pants-ksbs110dz-indigo-ice-wash-rendez-vous-store\/#breadcrumb\",\"itemListElement\":[{\"@type\":\"ListItem\",\"position\":1,\"name\":\"Home\",\"item\":\"https:\/\/rendez-vous-store.com\/\"},{\"@type\":\"ListItem\",\"position\":2,\"name\":\"Shop\",\"item\":\"https:\/\/www.rendez-vous-store.com\/shop\/\"},{\"@type\":\"ListItem\",\"position\":3,\"name\":\"Kaptain Sunshine &#8211; MEN PANTS KSBS110DZ &#8211; INDIGO ICE WASH\"}]},{\"@type\":\"WebSite\",\"@id\":\"https:\/\/rendez-vous-store.com\/#website\",\"url\":\"https:\/\/rendez-vous-store.com\/\",\"name\":\"RENDEZ-VOUS STORE\",\"description\":\"Slow Fashion for Women and Men\",\"potentialAction\":[{\"@type\":\"SearchAction\",\"target\":{\"@type\":\"EntryPoint\",\"urlTemplate\":\"https:\/\/rendez-vous-store.com\/?s={search_term_string}\"},\"query-input\":{\"@type\":\"PropertyValueSpecification\",\"valueRequired\":true,\"valueName\":\"search_term_string\"}}],\"inLanguage\":\"fr-FR\"}]}<\/script>\n<!-- \/ Yoast SEO plugin. -->","yoast_head_json":{"title":"Kaptain Sunshine - MEN PANTS KSBS110DZ - INDIGO ICE WASH","description":"This Kaptain Sunshine - MEN PANTS KSBS110DZ - INDIGO ICE WASH embracing the tradition and essence of field & naval wear. Discover now on Rendez-vous Store.","robots":{"index":"index","follow":"follow","max-snippet":"max-snippet:-1","max-image-preview":"max-image-preview:large","max-video-preview":"max-video-preview:-1"},"canonical":"https:\/\/rendez-vous-store.com\/fr\/shop\/men-selection-discover-our-selection-rendez-vous-store\/trousers-shorts-rendez-vous-store\/kaptain-sunshine-men-pants-ksbs110dz-indigo-ice-wash-rendez-vous-store\/","og_locale":"fr_FR","og_type":"article","og_title":"Kaptain Sunshine - MEN PANTS KSBS110DZ - INDIGO ICE WASH","og_description":"This Kaptain Sunshine - MEN PANTS KSBS110DZ - INDIGO ICE WASH embracing the tradition and essence of field & naval wear. Discover now on Rendez-vous Store.","og_url":"https:\/\/rendez-vous-store.com\/fr\/shop\/men-selection-discover-our-selection-rendez-vous-store\/trousers-shorts-rendez-vous-store\/kaptain-sunshine-men-pants-ksbs110dz-indigo-ice-wash-rendez-vous-store\/","og_site_name":"RENDEZ-VOUS STORE","article_modified_time":"2026-04-07T14:56:06+00:00","og_image":[{"width":1707,"height":2560,"url":"https:\/\/rendez-vous-store.com\/app\/uploads\/2026\/03\/IMG_0083_11zon-scaled.webp","type":"image\/webp"}],"twitter_card":"summary_large_image","twitter_misc":{"Est. reading time":"3 minutes"},"schema":{"@context":"https:\/\/schema.org","@graph":[{"@type":"WebPage","@id":"https:\/\/rendez-vous-store.com\/shop\/men-selection-discover-our-selection-rendez-vous-store\/trousers-shorts-rendez-vous-store\/kaptain-sunshine-men-pants-ksbs110dz-indigo-ice-wash-rendez-vous-store\/","url":"https:\/\/rendez-vous-store.com\/shop\/men-selection-discover-our-selection-rendez-vous-store\/trousers-shorts-rendez-vous-store\/kaptain-sunshine-men-pants-ksbs110dz-indigo-ice-wash-rendez-vous-store\/","name":"Kaptain Sunshine - MEN PANTS KSBS110DZ - INDIGO ICE WASH","isPartOf":{"@id":"https:\/\/rendez-vous-store.com\/#website"},"primaryImageOfPage":{"@id":"https:\/\/rendez-vous-store.com\/shop\/men-selection-discover-our-selection-rendez-vous-store\/trousers-shorts-rendez-vous-store\/kaptain-sunshine-men-pants-ksbs110dz-indigo-ice-wash-rendez-vous-store\/#primaryimage"},"image":{"@id":"https:\/\/rendez-vous-store.com\/shop\/men-selection-discover-our-selection-rendez-vous-store\/trousers-shorts-rendez-vous-store\/kaptain-sunshine-men-pants-ksbs110dz-indigo-ice-wash-rendez-vous-store\/#primaryimage"},"thumbnailUrl":"https:\/\/rendez-vous-store.com\/app\/uploads\/2026\/03\/IMG_0083_11zon-scaled.webp","datePublished":"2026-03-17T14:33:44+00:00","dateModified":"2026-04-07T14:56:06+00:00","description":"This Kaptain Sunshine - MEN PANTS KSBS110DZ - INDIGO ICE WASH embracing the tradition and essence of field & naval wear. Discover now on Rendez-vous Store.","breadcrumb":{"@id":"https:\/\/rendez-vous-store.com\/shop\/men-selection-discover-our-selection-rendez-vous-store\/trousers-shorts-rendez-vous-store\/kaptain-sunshine-men-pants-ksbs110dz-indigo-ice-wash-rendez-vous-store\/#breadcrumb"},"inLanguage":"fr-FR","potentialAction":[{"@type":"ReadAction","target":["https:\/\/rendez-vous-store.com\/shop\/men-selection-discover-our-selection-rendez-vous-store\/trousers-shorts-rendez-vous-store\/kaptain-sunshine-men-pants-ksbs110dz-indigo-ice-wash-rendez-vous-store\/"]}]},{"@type":"ImageObject","inLanguage":"fr-FR","@id":"https:\/\/rendez-vous-store.com\/shop\/men-selection-discover-our-selection-rendez-vous-store\/trousers-shorts-rendez-vous-store\/kaptain-sunshine-men-pants-ksbs110dz-indigo-ice-wash-rendez-vous-store\/#primaryimage","url":"https:\/\/rendez-vous-store.com\/app\/uploads\/2026\/03\/IMG_0083_11zon-scaled.webp","contentUrl":"https:\/\/rendez-vous-store.com\/app\/uploads\/2026\/03\/IMG_0083_11zon-scaled.webp","width":1707,"height":2560,"caption":"Kaptain Sunshine - MEN PANTS KSBS110DZ - INDIGO ICE WASH"},{"@type":"BreadcrumbList","@id":"https:\/\/rendez-vous-store.com\/shop\/men-selection-discover-our-selection-rendez-vous-store\/trousers-shorts-rendez-vous-store\/kaptain-sunshine-men-pants-ksbs110dz-indigo-ice-wash-rendez-vous-store\/#breadcrumb","itemListElement":[{"@type":"ListItem","position":1,"name":"Home","item":"https:\/\/rendez-vous-store.com\/"},{"@type":"ListItem","position":2,"name":"Shop","item":"https:\/\/www.rendez-vous-store.com\/shop\/"},{"@type":"ListItem","position":3,"name":"Kaptain Sunshine &#8211; MEN PANTS KSBS110DZ &#8211; INDIGO ICE WASH"}]},{"@type":"WebSite","@id":"https:\/\/rendez-vous-store.com\/#website","url":"https:\/\/rendez-vous-store.com\/","name":"RENDEZ-VOUS STORE","description":"Slow Fashion for Women and Men","potentialAction":[{"@type":"SearchAction","target":{"@type":"EntryPoint","urlTemplate":"https:\/\/rendez-vous-store.com\/?s={search_term_string}"},"query-input":{"@type":"PropertyValueSpecification","valueRequired":true,"valueName":"search_term_string"}}],"inLanguage":"fr-FR"}]}},"_links":{"self":[{"href":"https:\/\/rendez-vous-store.com\/fr\/wp-json\/wp\/v2\/product\/241343","targetHints":{"allow":["GET"]}}],"collection":[{"href":"https:\/\/rendez-vous-store.com\/fr\/wp-json\/wp\/v2\/product"}],"about":[{"href":"https:\/\/rendez-vous-store.com\/fr\/wp-json\/wp\/v2\/types\/product"}],"wp:featuredmedia":[{"embeddable":true,"href":"https:\/\/rendez-vous-store.com\/fr\/wp-json\/wp\/v2\/media\/241531"}],"wp:attachment":[{"href":"https:\/\/rendez-vous-store.com\/fr\/wp-json\/wp\/v2\/media?parent=241343"}],"wp:term":[{"taxonomy":"product_brand","embeddable":true,"href":"https:\/\/rendez-vous-store.com\/fr\/wp-json\/wp\/v2\/product_brand?post=241343"},{"taxonomy":"product_cat","embeddable":true,"href":"https:\/\/rendez-vous-store.com\/fr\/wp-json\/wp\/v2\/product_cat?post=241343"},{"taxonomy":"product_tag","embeddable":true,"href":"https:\/\/rendez-vous-store.com\/fr\/wp-json\/wp\/v2\/product_tag?post=241343"}],"curies":[{"name":"wp","href":"https:\/\/api.w.org\/{rel}","templated":true}]}}