{"id":241335,"date":"2026-03-17T15:33:21","date_gmt":"2026-03-17T14:33:21","guid":{"rendered":"https:\/\/rendez-vous-store.com\/?post_type=product&#038;p=241335"},"modified":"2026-03-19T11:34:29","modified_gmt":"2026-03-19T10:34:29","slug":"kaptain-sunshine-men-jacket-ks26sjk34-indigo-ice-wash-rendez-vous-store","status":"publish","type":"product","link":"https:\/\/rendez-vous-store.com\/fr\/shop\/men-selection-discover-our-selection-rendez-vous-store\/jackets-coats-discover-our-selection\/kaptain-sunshine-men-jacket-ks26sjk34-indigo-ice-wash-rendez-vous-store\/","title":{"rendered":"Kaptain Sunshine \u2013 Veste homme KS26SJK34 \u2013 Indigo Ice Wash"},"content":{"rendered":"<p><strong>Kaptain Sunshine \u2013 Veste homme KS26SJK34 \u2013 Indigo Ice Wash<\/strong><\/p>\n<p>Couleur : Indigo Ice Wash<\/p>\n<p>Coupe d\u00e9contract\u00e9e et ample<\/p>\n<p>Longueur courte<\/p>\n<p>Manches longues<\/p>\n<p>Fermeture et poignets boutonn\u00e9s<\/p>\n<p>Rebondir dans le d\u00e9tail<\/p>\n<p>Poche avant basse<\/p>\n<p>Devant pliss\u00e9<\/p>\n<p>Onglet r\u00e9glable \u00e0 l'arri\u00e8re<\/p>\n<p>Composition : 100% Coton<\/p>\n<p>Fabriqu\u00e9 au Japon<\/p>\n<p>&nbsp;<\/p>\n<p>&nbsp;<\/p>\n<p>&nbsp;<\/p>\n<p>&nbsp;<\/p>\n<h3 data-start=\"0\" data-end=\"13\">Le Produit<\/h3>\n<p data-start=\"15\" data-end=\"292\">Le Kaptain Sunshine \u2013 Veste Homme KS26SJK34 \u2013 Indigo Ice Wash offre une interpr\u00e9tation raffin\u00e9e des v\u00eatements d'ext\u00e9rieur classiques en denim.<br data-start=\"136\" data-end=\"139\" \/>Il combine une inspiration de v\u00eatements de travail h\u00e9rit\u00e9s avec une silhouette d\u00e9contract\u00e9e et moderne.<br data-start=\"218\" data-end=\"221\" \/>En cons\u00e9quence, la veste offre \u00e0 la fois structure et confort au quotidien.<\/p>\n<p data-start=\"294\" data-end=\"541\">Le tissu utilise du denim selvedge haut de gamme avec un toucher substantiel mais portable.<br data-start=\"375\" data-end=\"378\" \/>Il offre durabilit\u00e9 tout en restant flexible et confortable tout au long de la journ\u00e9e.<br data-start=\"461\" data-end=\"464\" \/>Par cons\u00e9quent, la veste conserve sa forme tout en s'adaptant naturellement aux mouvements.<\/p>\n<p data-start=\"543\" data-end=\"774\">De plus, le traitement indigo d\u00e9lav\u00e9 \u00e0 la glace cr\u00e9e une teinte douce et nuanc\u00e9e.<br data-start=\"623\" data-end=\"626\" \/>Par cons\u00e9quent, la veste pr\u00e9sente un aspect us\u00e9 et contemporain.<br data-start=\"695\" data-end=\"698\" \/>La couleur \u00e9volue avec le temps, ajoutant de la profondeur et du caract\u00e8re \u00e0 l'usage r\u00e9gulier.<\/p>\n<p data-start=\"776\" data-end=\"988\">De plus, la silhouette met l'accent sur des proportions d\u00e9contract\u00e9es et une superposition facile.<br data-start=\"853\" data-end=\"856\" \/>La conception comprend des poches pratiques et des d\u00e9tails de construction \u00e9pur\u00e9s.<br data-start=\"925\" data-end=\"928\" \/>Ainsi, il allie fonctionnalit\u00e9 et \u00e9l\u00e9gance discr\u00e8te.<\/p>\n<p data-start=\"990\" data-end=\"1210\">De plus, la veste s'associe facilement avec un jean, un pantalon ou une tenue de ville d\u00e9contract\u00e9e.<br data-start=\"1069\" data-end=\"1072\" \/>Il prend en charge un style polyvalent \u00e0 travers les saisons et les occasions.<br data-start=\"1131\" data-end=\"1134\" \/>Vous pouvez compter sur elle pour des garde-robes modernes ax\u00e9es sur la texture et la durabilit\u00e9.<\/p>\n<h3 data-start=\"1213\" data-end=\"1224\">La marque<\/h3>\n<p data-start=\"1226\" data-end=\"1475\">Kaptain Sunshine est une marque japonaise connue pour son approche raffin\u00e9e des v\u00eatements d'h\u00e9ritage.<br data-start=\"1315\" data-end=\"1318\" \/>Il puise son inspiration dans les v\u00eatements de travail vintage, les v\u00eatements militaires et les v\u00eatements de plein air.<br data-start=\"1393\" data-end=\"1396\" \/>De plus, la marque combine ces influences avec une sensibilit\u00e9 de design moderne.<\/p>\n<p data-start=\"1477\" data-end=\"1700\">Kaptain Sunshine se concentre sur des tissus de haute qualit\u00e9 et des techniques de construction pr\u00e9cises.<br data-start=\"1562\" data-end=\"1565\" \/>Chaque pi\u00e8ce refl\u00e8te la durabilit\u00e9, le confort et des proportions r\u00e9fl\u00e9chies.<br data-start=\"1633\" data-end=\"1636\" \/>Par cons\u00e9quent, les v\u00eatements paraissent \u00e0 la fois pratiques et sophistiqu\u00e9s.<\/p>\n<p data-start=\"1702\" data-end=\"1893\">La marque con\u00e7oit des v\u00eatements pour le quotidien et les voyages.<br data-start=\"1758\" data-end=\"1761\" \/>Il met l'accent sur la polyvalence, la long\u00e9vit\u00e9 et le style intemporel.<br data-start=\"1818\" data-end=\"1821\" \/>Par cons\u00e9quent, ses collections soutiennent des garde-robes d\u00e9contract\u00e9es et confiantes.<\/p>\n<h3 data-start=\"1896\" data-end=\"1912\">La Collection<\/h3>\n<p data-start=\"1914\" data-end=\"2094\">Les collections Kaptain Sunshine explorent l'\u00e9quilibre entre tradition et design contemporain.<br data-start=\"2005\" data-end=\"2008\" \/>Chaque saison affine les v\u00eatements classiques gr\u00e2ce \u00e0 la recherche sur les tissus et \u00e0 des ajustements subtils.<\/p>\n<p data-start=\"2096\" data-end=\"2273\">De plus, la marque s\u00e9lectionne des mat\u00e9riaux qui vieillissent magnifiquement avec le port.<br data-start=\"2165\" data-end=\"2168\" \/>Ils d\u00e9veloppent de la texture et de l'individualit\u00e9 au fil du temps.<br data-start=\"2217\" data-end=\"2220\" \/>Ainsi, chaque pi\u00e8ce devient plus personnelle par l'usage.<\/p>\n<p data-start=\"2275\" data-end=\"2480\">De plus, les collections mettent l'accent sur des silhouettes d\u00e9contract\u00e9es et des d\u00e9tails fonctionnels.<br data-start=\"2357\" data-end=\"2360\" \/>Ils permettent un habillage facile et un style adaptable.<br data-start=\"2407\" data-end=\"2410\" \/>Par cons\u00e9quent, les v\u00eatements conviennent aussi bien aux environnements urbains qu'aux environnements ext\u00e9rieurs.<\/p>\n<p data-start=\"2482\" data-end=\"2646\" data-is-last-node=\"\" data-is-only-node=\"\">Les collections Kaptain Sunshine proposent une garde-robe ax\u00e9e sur le savoir-faire et l'\u00e9l\u00e9gance discr\u00e8te.<br data-start=\"2572\" data-end=\"2575\" \/>Ils combinent durabilit\u00e9, confort et design intemporel pour un usage quotidien<\/p>","protected":false},"excerpt":{"rendered":"<p>Kaptain Sunshine &#8211; MEN JACKET KS26SJK34 &#8211; INDIGO ICE WASH Color: Indigo Ice Wash Relaxed and boxy fit Cropped length Long sleeves Button closure and cuffs Dart back detail Lower front pocket Pleated front Adjustable tab at the back Composition: 100% Cotton Made in Japan &nbsp; &nbsp; &nbsp; &nbsp; The Product The Kaptain Sunshine \u2013&hellip; <a class=\"more-link\" href=\"https:\/\/rendez-vous-store.com\/fr\/shop\/men-selection-discover-our-selection-rendez-vous-store\/jackets-coats-discover-our-selection\/kaptain-sunshine-men-jacket-ks26sjk34-indigo-ice-wash-rendez-vous-store\/\">Continuer la lecture <span class=\"screen-reader-text\">Kaptain Sunshine \u2013 Veste homme KS26SJK34 \u2013 Indigo Ice Wash<\/span><\/a><\/p>","protected":false},"featured_media":241479,"template":"","meta":{"_acf_changed":false},"product_brand":[],"product_cat":[20,1059,53],"product_tag":[639],"class_list":{"0":"post-241335","1":"product","2":"type-product","3":"status-publish","4":"has-post-thumbnail","6":"product_cat-men-selection-discover-our-selection-rendez-vous-store","7":"product_cat-new-men-rendez-vous-store","8":"product_cat-jackets-coats-discover-our-selection","9":"product_tag-kaptain-sunshine","10":"entry","12":"first","13":"instock","14":"taxable","15":"shipping-taxable","16":"purchasable","17":"product-type-variable"},"acf":[],"yoast_head":"<!-- This site is optimized with the Yoast SEO plugin v24.9 - https:\/\/yoast.com\/wordpress\/plugins\/seo\/ -->\n<title>Kaptain Sunshine - MEN JACKET KS26SJK34 - INDIGO ICE WASH<\/title>\n<meta name=\"description\" content=\"This Kaptain Sunshine - MEN JACKET KS26SJK34 - INDIGO ICE WASH embracing the tradition and essence of field &amp; naval wear. Discover now on Rendez-vous Store.\" \/>\n<meta name=\"robots\" content=\"index, follow, max-snippet:-1, max-image-preview:large, max-video-preview:-1\" \/>\n<link rel=\"canonical\" href=\"https:\/\/rendez-vous-store.com\/fr\/shop\/men-selection-discover-our-selection-rendez-vous-store\/jackets-coats-discover-our-selection\/kaptain-sunshine-men-jacket-ks26sjk34-indigo-ice-wash-rendez-vous-store\/\" \/>\n<meta property=\"og:locale\" content=\"fr_FR\" \/>\n<meta property=\"og:type\" content=\"article\" \/>\n<meta property=\"og:title\" content=\"Kaptain Sunshine - MEN JACKET KS26SJK34 - INDIGO ICE WASH\" \/>\n<meta property=\"og:description\" content=\"This Kaptain Sunshine - MEN JACKET KS26SJK34 - INDIGO ICE WASH embracing the tradition and essence of field &amp; naval wear. Discover now on Rendez-vous Store.\" \/>\n<meta property=\"og:url\" content=\"https:\/\/rendez-vous-store.com\/fr\/shop\/men-selection-discover-our-selection-rendez-vous-store\/jackets-coats-discover-our-selection\/kaptain-sunshine-men-jacket-ks26sjk34-indigo-ice-wash-rendez-vous-store\/\" \/>\n<meta property=\"og:site_name\" content=\"RENDEZ-VOUS STORE\" \/>\n<meta property=\"article:modified_time\" content=\"2026-03-19T10:34:29+00:00\" \/>\n<meta property=\"og:image\" content=\"https:\/\/rendez-vous-store.com\/app\/uploads\/2026\/03\/IMG_9885_11zon-scaled.webp\" \/>\n\t<meta property=\"og:image:width\" content=\"1707\" \/>\n\t<meta property=\"og:image:height\" content=\"2560\" \/>\n\t<meta property=\"og:image:type\" content=\"image\/webp\" \/>\n<meta name=\"twitter:card\" content=\"summary_large_image\" \/>\n<meta name=\"twitter:label1\" content=\"Est. reading time\" \/>\n\t<meta name=\"twitter:data1\" content=\"2 minutes\" \/>\n<script type=\"application\/ld+json\" class=\"yoast-schema-graph\">{\"@context\":\"https:\/\/schema.org\",\"@graph\":[{\"@type\":\"WebPage\",\"@id\":\"https:\/\/rendez-vous-store.com\/shop\/men-selection-discover-our-selection-rendez-vous-store\/jackets-coats-discover-our-selection\/kaptain-sunshine-men-jacket-ks26sjk34-indigo-ice-wash-rendez-vous-store\/\",\"url\":\"https:\/\/rendez-vous-store.com\/shop\/men-selection-discover-our-selection-rendez-vous-store\/jackets-coats-discover-our-selection\/kaptain-sunshine-men-jacket-ks26sjk34-indigo-ice-wash-rendez-vous-store\/\",\"name\":\"Kaptain Sunshine - MEN JACKET KS26SJK34 - INDIGO ICE WASH\",\"isPartOf\":{\"@id\":\"https:\/\/rendez-vous-store.com\/#website\"},\"primaryImageOfPage\":{\"@id\":\"https:\/\/rendez-vous-store.com\/shop\/men-selection-discover-our-selection-rendez-vous-store\/jackets-coats-discover-our-selection\/kaptain-sunshine-men-jacket-ks26sjk34-indigo-ice-wash-rendez-vous-store\/#primaryimage\"},\"image\":{\"@id\":\"https:\/\/rendez-vous-store.com\/shop\/men-selection-discover-our-selection-rendez-vous-store\/jackets-coats-discover-our-selection\/kaptain-sunshine-men-jacket-ks26sjk34-indigo-ice-wash-rendez-vous-store\/#primaryimage\"},\"thumbnailUrl\":\"https:\/\/rendez-vous-store.com\/app\/uploads\/2026\/03\/IMG_9885_11zon-scaled.webp\",\"datePublished\":\"2026-03-17T14:33:21+00:00\",\"dateModified\":\"2026-03-19T10:34:29+00:00\",\"description\":\"This Kaptain Sunshine - MEN JACKET KS26SJK34 - INDIGO ICE WASH embracing the tradition and essence of field & naval wear. Discover now on Rendez-vous Store.\",\"breadcrumb\":{\"@id\":\"https:\/\/rendez-vous-store.com\/shop\/men-selection-discover-our-selection-rendez-vous-store\/jackets-coats-discover-our-selection\/kaptain-sunshine-men-jacket-ks26sjk34-indigo-ice-wash-rendez-vous-store\/#breadcrumb\"},\"inLanguage\":\"fr-FR\",\"potentialAction\":[{\"@type\":\"ReadAction\",\"target\":[\"https:\/\/rendez-vous-store.com\/shop\/men-selection-discover-our-selection-rendez-vous-store\/jackets-coats-discover-our-selection\/kaptain-sunshine-men-jacket-ks26sjk34-indigo-ice-wash-rendez-vous-store\/\"]}]},{\"@type\":\"ImageObject\",\"inLanguage\":\"fr-FR\",\"@id\":\"https:\/\/rendez-vous-store.com\/shop\/men-selection-discover-our-selection-rendez-vous-store\/jackets-coats-discover-our-selection\/kaptain-sunshine-men-jacket-ks26sjk34-indigo-ice-wash-rendez-vous-store\/#primaryimage\",\"url\":\"https:\/\/rendez-vous-store.com\/app\/uploads\/2026\/03\/IMG_9885_11zon-scaled.webp\",\"contentUrl\":\"https:\/\/rendez-vous-store.com\/app\/uploads\/2026\/03\/IMG_9885_11zon-scaled.webp\",\"width\":1707,\"height\":2560,\"caption\":\"Kaptain Sunshine - MEN JACKET KS26SJK34 - INDIGO ICE WASH\"},{\"@type\":\"BreadcrumbList\",\"@id\":\"https:\/\/rendez-vous-store.com\/shop\/men-selection-discover-our-selection-rendez-vous-store\/jackets-coats-discover-our-selection\/kaptain-sunshine-men-jacket-ks26sjk34-indigo-ice-wash-rendez-vous-store\/#breadcrumb\",\"itemListElement\":[{\"@type\":\"ListItem\",\"position\":1,\"name\":\"Home\",\"item\":\"https:\/\/rendez-vous-store.com\/\"},{\"@type\":\"ListItem\",\"position\":2,\"name\":\"Shop\",\"item\":\"https:\/\/www.rendez-vous-store.com\/shop\/\"},{\"@type\":\"ListItem\",\"position\":3,\"name\":\"Kaptain Sunshine &#8211; MEN JACKET KS26SJK34 &#8211; INDIGO ICE WASH\"}]},{\"@type\":\"WebSite\",\"@id\":\"https:\/\/rendez-vous-store.com\/#website\",\"url\":\"https:\/\/rendez-vous-store.com\/\",\"name\":\"RENDEZ-VOUS STORE\",\"description\":\"Slow Fashion for Women and Men\",\"potentialAction\":[{\"@type\":\"SearchAction\",\"target\":{\"@type\":\"EntryPoint\",\"urlTemplate\":\"https:\/\/rendez-vous-store.com\/?s={search_term_string}\"},\"query-input\":{\"@type\":\"PropertyValueSpecification\",\"valueRequired\":true,\"valueName\":\"search_term_string\"}}],\"inLanguage\":\"fr-FR\"}]}<\/script>\n<!-- \/ Yoast SEO plugin. -->","yoast_head_json":{"title":"Kaptain Sunshine - MEN JACKET KS26SJK34 - INDIGO ICE WASH","description":"This Kaptain Sunshine - MEN JACKET KS26SJK34 - INDIGO ICE WASH embracing the tradition and essence of field & naval wear. Discover now on Rendez-vous Store.","robots":{"index":"index","follow":"follow","max-snippet":"max-snippet:-1","max-image-preview":"max-image-preview:large","max-video-preview":"max-video-preview:-1"},"canonical":"https:\/\/rendez-vous-store.com\/fr\/shop\/men-selection-discover-our-selection-rendez-vous-store\/jackets-coats-discover-our-selection\/kaptain-sunshine-men-jacket-ks26sjk34-indigo-ice-wash-rendez-vous-store\/","og_locale":"fr_FR","og_type":"article","og_title":"Kaptain Sunshine - MEN JACKET KS26SJK34 - INDIGO ICE WASH","og_description":"This Kaptain Sunshine - MEN JACKET KS26SJK34 - INDIGO ICE WASH embracing the tradition and essence of field & naval wear. Discover now on Rendez-vous Store.","og_url":"https:\/\/rendez-vous-store.com\/fr\/shop\/men-selection-discover-our-selection-rendez-vous-store\/jackets-coats-discover-our-selection\/kaptain-sunshine-men-jacket-ks26sjk34-indigo-ice-wash-rendez-vous-store\/","og_site_name":"RENDEZ-VOUS STORE","article_modified_time":"2026-03-19T10:34:29+00:00","og_image":[{"width":1707,"height":2560,"url":"https:\/\/rendez-vous-store.com\/app\/uploads\/2026\/03\/IMG_9885_11zon-scaled.webp","type":"image\/webp"}],"twitter_card":"summary_large_image","twitter_misc":{"Est. reading time":"2 minutes"},"schema":{"@context":"https:\/\/schema.org","@graph":[{"@type":"WebPage","@id":"https:\/\/rendez-vous-store.com\/shop\/men-selection-discover-our-selection-rendez-vous-store\/jackets-coats-discover-our-selection\/kaptain-sunshine-men-jacket-ks26sjk34-indigo-ice-wash-rendez-vous-store\/","url":"https:\/\/rendez-vous-store.com\/shop\/men-selection-discover-our-selection-rendez-vous-store\/jackets-coats-discover-our-selection\/kaptain-sunshine-men-jacket-ks26sjk34-indigo-ice-wash-rendez-vous-store\/","name":"Kaptain Sunshine - MEN JACKET KS26SJK34 - INDIGO ICE WASH","isPartOf":{"@id":"https:\/\/rendez-vous-store.com\/#website"},"primaryImageOfPage":{"@id":"https:\/\/rendez-vous-store.com\/shop\/men-selection-discover-our-selection-rendez-vous-store\/jackets-coats-discover-our-selection\/kaptain-sunshine-men-jacket-ks26sjk34-indigo-ice-wash-rendez-vous-store\/#primaryimage"},"image":{"@id":"https:\/\/rendez-vous-store.com\/shop\/men-selection-discover-our-selection-rendez-vous-store\/jackets-coats-discover-our-selection\/kaptain-sunshine-men-jacket-ks26sjk34-indigo-ice-wash-rendez-vous-store\/#primaryimage"},"thumbnailUrl":"https:\/\/rendez-vous-store.com\/app\/uploads\/2026\/03\/IMG_9885_11zon-scaled.webp","datePublished":"2026-03-17T14:33:21+00:00","dateModified":"2026-03-19T10:34:29+00:00","description":"This Kaptain Sunshine - MEN JACKET KS26SJK34 - INDIGO ICE WASH embracing the tradition and essence of field & naval wear. Discover now on Rendez-vous Store.","breadcrumb":{"@id":"https:\/\/rendez-vous-store.com\/shop\/men-selection-discover-our-selection-rendez-vous-store\/jackets-coats-discover-our-selection\/kaptain-sunshine-men-jacket-ks26sjk34-indigo-ice-wash-rendez-vous-store\/#breadcrumb"},"inLanguage":"fr-FR","potentialAction":[{"@type":"ReadAction","target":["https:\/\/rendez-vous-store.com\/shop\/men-selection-discover-our-selection-rendez-vous-store\/jackets-coats-discover-our-selection\/kaptain-sunshine-men-jacket-ks26sjk34-indigo-ice-wash-rendez-vous-store\/"]}]},{"@type":"ImageObject","inLanguage":"fr-FR","@id":"https:\/\/rendez-vous-store.com\/shop\/men-selection-discover-our-selection-rendez-vous-store\/jackets-coats-discover-our-selection\/kaptain-sunshine-men-jacket-ks26sjk34-indigo-ice-wash-rendez-vous-store\/#primaryimage","url":"https:\/\/rendez-vous-store.com\/app\/uploads\/2026\/03\/IMG_9885_11zon-scaled.webp","contentUrl":"https:\/\/rendez-vous-store.com\/app\/uploads\/2026\/03\/IMG_9885_11zon-scaled.webp","width":1707,"height":2560,"caption":"Kaptain Sunshine - MEN JACKET KS26SJK34 - INDIGO ICE WASH"},{"@type":"BreadcrumbList","@id":"https:\/\/rendez-vous-store.com\/shop\/men-selection-discover-our-selection-rendez-vous-store\/jackets-coats-discover-our-selection\/kaptain-sunshine-men-jacket-ks26sjk34-indigo-ice-wash-rendez-vous-store\/#breadcrumb","itemListElement":[{"@type":"ListItem","position":1,"name":"Home","item":"https:\/\/rendez-vous-store.com\/"},{"@type":"ListItem","position":2,"name":"Shop","item":"https:\/\/www.rendez-vous-store.com\/shop\/"},{"@type":"ListItem","position":3,"name":"Kaptain Sunshine &#8211; MEN JACKET KS26SJK34 &#8211; INDIGO ICE WASH"}]},{"@type":"WebSite","@id":"https:\/\/rendez-vous-store.com\/#website","url":"https:\/\/rendez-vous-store.com\/","name":"RENDEZ-VOUS STORE","description":"Slow Fashion for Women and Men","potentialAction":[{"@type":"SearchAction","target":{"@type":"EntryPoint","urlTemplate":"https:\/\/rendez-vous-store.com\/?s={search_term_string}"},"query-input":{"@type":"PropertyValueSpecification","valueRequired":true,"valueName":"search_term_string"}}],"inLanguage":"fr-FR"}]}},"_links":{"self":[{"href":"https:\/\/rendez-vous-store.com\/fr\/wp-json\/wp\/v2\/product\/241335","targetHints":{"allow":["GET"]}}],"collection":[{"href":"https:\/\/rendez-vous-store.com\/fr\/wp-json\/wp\/v2\/product"}],"about":[{"href":"https:\/\/rendez-vous-store.com\/fr\/wp-json\/wp\/v2\/types\/product"}],"wp:featuredmedia":[{"embeddable":true,"href":"https:\/\/rendez-vous-store.com\/fr\/wp-json\/wp\/v2\/media\/241479"}],"wp:attachment":[{"href":"https:\/\/rendez-vous-store.com\/fr\/wp-json\/wp\/v2\/media?parent=241335"}],"wp:term":[{"taxonomy":"product_brand","embeddable":true,"href":"https:\/\/rendez-vous-store.com\/fr\/wp-json\/wp\/v2\/product_brand?post=241335"},{"taxonomy":"product_cat","embeddable":true,"href":"https:\/\/rendez-vous-store.com\/fr\/wp-json\/wp\/v2\/product_cat?post=241335"},{"taxonomy":"product_tag","embeddable":true,"href":"https:\/\/rendez-vous-store.com\/fr\/wp-json\/wp\/v2\/product_tag?post=241335"}],"curies":[{"name":"wp","href":"https:\/\/api.w.org\/{rel}","templated":true}]}}