{"id":241225,"date":"2026-03-17T15:30:24","date_gmt":"2026-03-17T14:30:24","guid":{"rendered":"https:\/\/rendez-vous-store.com\/?post_type=product&#038;p=241225"},"modified":"2026-04-24T17:04:43","modified_gmt":"2026-04-24T15:04:43","slug":"kaptain-sunshine-men-blouson-ks26sjk25-cub-brown-rendez-vous-store","status":"publish","type":"product","link":"https:\/\/rendez-vous-store.com\/fr\/shop\/men-selection-discover-our-selection-rendez-vous-store\/jackets-coats-discover-our-selection\/kaptain-sunshine-men-blouson-ks26sjk25-cub-brown-rendez-vous-store\/","title":{"rendered":"Kaptain Sunshine &#8211; MEN BLOUSON KS26SJK25 &#8211; CUB BROWN"},"content":{"rendered":"<p><strong>Kaptain Sunshine &#8211; MEN BLOUSON KS26SJK25 &#8211; CUB BROWN<\/strong><\/p>\n<p>Color: Cub Brown<\/p>\n<p>Coupe d\u00e9contract\u00e9e<\/p>\n<p>Veste teint\u00e9e<\/p>\n<p>Fermeture \u00e0 glissi\u00e8re<\/p>\n<p>Taille \u00e9lastiqu\u00e9e<\/p>\n<p>2 poches avant<\/p>\n<p>Col classique<\/p>\n<p>Composition : 70% Coton, 30% Lin<\/p>\n<p>Fabriqu\u00e9 au Japon<\/p>\n<p>&nbsp;<\/p>\n<p>&nbsp;<\/p>\n<p>&nbsp;<\/p>\n<p>&nbsp;<\/p>\n<h3 data-start=\"0\" data-end=\"13\">Le Produit<\/h3>\n<p data-start=\"15\" data-end=\"283\">The Kaptain Sunshine \u2013 Men Blouson KS26SJK25 \u2013 Cub Brown expresses a refined vision of modern utility outerwear.<br data-start=\"127\" data-end=\"130\" \/>It combines a relaxed silhouette with lightweight, structured fabric.<br data-start=\"199\" data-end=\"202\" \/>As a result, the blouson delivers comfort, versatility, and contemporary style.<\/p>\n<p data-start=\"285\" data-end=\"521\">The fabric uses a cotton and linen blend in a fine gabardine weave.<br data-start=\"352\" data-end=\"355\" \/>Therefore, it feels breathable while maintaining a clean and durable structure.<br data-start=\"434\" data-end=\"437\" \/>At the same time, the material is garment dyed for a natural, lived-in appearance.<\/p>\n<p data-start=\"523\" data-end=\"741\">Moreover, the Cub Brown tone introduces a warm and earthy character.<br data-start=\"591\" data-end=\"594\" \/>Consequently, the blouson integrates easily into both neutral and layered wardrobes.<br data-start=\"678\" data-end=\"681\" \/>It pairs well with denim, trousers, and relaxed tailoring.<\/p>\n<p data-start=\"743\" data-end=\"977\">In addition, the design emphasizes functional simplicity and balanced proportions.<br data-start=\"825\" data-end=\"828\" \/>The relaxed fit supports ease of movement throughout the day.<br data-start=\"889\" data-end=\"892\" \/>Furthermore, elasticated side hems and a zip closure improve comfort and usability.<\/p>\n<p data-start=\"979\" data-end=\"1131\">A chin flap detail reinforces protection and adds subtle workwear inspiration.<br data-start=\"1057\" data-end=\"1060\" \/>Thus, the piece blends utility, refinement, and understated elegance.<\/p>\n<p data-start=\"1133\" data-end=\"1272\">You can wear it for everyday city use or casual transitional layering.<br data-start=\"1203\" data-end=\"1206\" \/>It supports modern wardrobes focused on comfort and versatility.<\/p>\n<h3 data-start=\"1275\" data-end=\"1286\">La marque<\/h3>\n<p data-start=\"1288\" data-end=\"1456\">Kaptain Sunshine est une marque japonaise inspir\u00e9e par les v\u00eatements de travail et militaires vintage.<br data-start=\"1376\" data-end=\"1379\" \/>It blends these references with modern tailoring and precise craftsmanship.<\/p>\n<p data-start=\"1458\" data-end=\"1684\">Moreover, the brand focuses on premium natural fabrics and thoughtful construction.<br data-start=\"1541\" data-end=\"1544\" \/>Each piece reflects durability, functionality, and refined design sensibility.<br data-start=\"1622\" data-end=\"1625\" \/>Therefore, the garments feel both practical and elevated.<\/p>\n<p data-start=\"1686\" data-end=\"1909\">En outre, Kaptain Sunshine met l'accent sur un design intemporel plut\u00f4t que sur les tendances saisonni\u00e8res.<br data-start=\"1764\" data-end=\"1767\" \/>The clothing is created for long-term wear and everyday life.<br data-start=\"1828\" data-end=\"1831\" \/>En cons\u00e9quence, la marque pr\u00f4ne une philosophie vestimentaire d\u00e9contract\u00e9e et confiante.<\/p>\n<h3 data-start=\"1912\" data-end=\"1928\">La Collection<\/h3>\n<p data-start=\"1930\" data-end=\"2115\">Kaptain Sunshine collections explore the balance between heritage design and contemporary form.<br data-start=\"2025\" data-end=\"2028\" \/>Chaque saison affine les silhouettes essentielles gr\u00e2ce \u00e0 la recherche sur les tissus et \u00e0 des mises \u00e0 jour subtiles.<\/p>\n<p data-start=\"2117\" data-end=\"2293\">Furthermore, the brand uses materials that age beautifully with wear.<br data-start=\"2186\" data-end=\"2189\" \/>Ils d\u00e9veloppent de la texture et de l'individualit\u00e9 au fil du temps.<br data-start=\"2238\" data-end=\"2241\" \/>Thus, each garment becomes more personal with use.<\/p>\n<p data-start=\"2295\" data-end=\"2510\">De plus, les collections mettent l'accent sur les coupes d\u00e9contract\u00e9es et les d\u00e9tails fonctionnels.<br data-start=\"2372\" data-end=\"2375\" \/>Elles permettent un empilement facile et un style adaptable au fil des saisons.<br data-start=\"2437\" data-end=\"2440\" \/>Par cons\u00e9quent, les v\u00eatements conviennent aussi bien aux environnements urbains qu'aux environnements ext\u00e9rieurs.<\/p>\n<p data-start=\"2512\" data-end=\"2621\">Kaptain Sunshine collections present a wardrobe built on craftsmanship, durability, and quiet sophistication.<\/p>","protected":false},"excerpt":{"rendered":"<p>Kaptain Sunshine &#8211; MEN BLOUSON KS26SJK25 &#8211; CUB BROWN Color: Cub Brown Relaxed fit Garment dyed Zip closure Elasticated waist 2 front pockets Classic collar Composition: 70% Cotton, 30% Linen Made in Japan &nbsp; &nbsp; &nbsp; &nbsp; The Product The Kaptain Sunshine \u2013 Men Blouson KS26SJK25 \u2013 Cub Brown expresses a refined vision of modern&hellip; <a class=\"more-link\" href=\"https:\/\/rendez-vous-store.com\/fr\/shop\/men-selection-discover-our-selection-rendez-vous-store\/jackets-coats-discover-our-selection\/kaptain-sunshine-men-blouson-ks26sjk25-cub-brown-rendez-vous-store\/\">Continuer la lecture <span class=\"screen-reader-text\">Kaptain Sunshine &#8211; MEN BLOUSON KS26SJK25 &#8211; CUB BROWN<\/span><\/a><\/p>","protected":false},"featured_media":241464,"template":"","meta":{"_acf_changed":false},"product_brand":[],"product_cat":[20,1059,53],"product_tag":[639],"class_list":{"0":"post-241225","1":"product","2":"type-product","3":"status-publish","4":"has-post-thumbnail","6":"product_cat-men-selection-discover-our-selection-rendez-vous-store","7":"product_cat-new-men-rendez-vous-store","8":"product_cat-jackets-coats-discover-our-selection","9":"product_tag-kaptain-sunshine","10":"entry","12":"first","13":"outofstock","14":"taxable","15":"shipping-taxable","16":"product-type-variable"},"acf":[],"yoast_head":"<!-- This site is optimized with the Yoast SEO plugin v24.9 - https:\/\/yoast.com\/wordpress\/plugins\/seo\/ -->\n<title>Kaptain Sunshine - MEN BLOUSON KS26SJK25 - CUB BROWN<\/title>\n<meta name=\"description\" content=\"This Kaptain Sunshine - MEN BLOUSON KS26SJK25 - CUB BROWN embracing the tradition and essence of field &amp; naval wear. Discover now on Rendez-vous Store.\" \/>\n<meta name=\"robots\" content=\"index, follow, max-snippet:-1, max-image-preview:large, max-video-preview:-1\" \/>\n<link rel=\"canonical\" href=\"https:\/\/rendez-vous-store.com\/fr\/shop\/men-selection-discover-our-selection-rendez-vous-store\/jackets-coats-discover-our-selection\/kaptain-sunshine-men-blouson-ks26sjk25-cub-brown-rendez-vous-store\/\" \/>\n<meta property=\"og:locale\" content=\"fr_FR\" \/>\n<meta property=\"og:type\" content=\"article\" \/>\n<meta property=\"og:title\" content=\"Kaptain Sunshine - MEN BLOUSON KS26SJK25 - CUB BROWN\" \/>\n<meta property=\"og:description\" content=\"This Kaptain Sunshine - MEN BLOUSON KS26SJK25 - CUB BROWN embracing the tradition and essence of field &amp; naval wear. Discover now on Rendez-vous Store.\" \/>\n<meta property=\"og:url\" content=\"https:\/\/rendez-vous-store.com\/fr\/shop\/men-selection-discover-our-selection-rendez-vous-store\/jackets-coats-discover-our-selection\/kaptain-sunshine-men-blouson-ks26sjk25-cub-brown-rendez-vous-store\/\" \/>\n<meta property=\"og:site_name\" content=\"RENDEZ-VOUS STORE\" \/>\n<meta property=\"article:modified_time\" content=\"2026-04-24T15:04:43+00:00\" \/>\n<meta property=\"og:image\" content=\"https:\/\/rendez-vous-store.com\/app\/uploads\/2026\/03\/IMG_9839_11zon-scaled.webp\" \/>\n\t<meta property=\"og:image:width\" content=\"1707\" \/>\n\t<meta property=\"og:image:height\" content=\"2560\" \/>\n\t<meta property=\"og:image:type\" content=\"image\/webp\" \/>\n<meta name=\"twitter:card\" content=\"summary_large_image\" \/>\n<meta name=\"twitter:label1\" content=\"Est. reading time\" \/>\n\t<meta name=\"twitter:data1\" content=\"2 minutes\" \/>\n<script type=\"application\/ld+json\" class=\"yoast-schema-graph\">{\"@context\":\"https:\/\/schema.org\",\"@graph\":[{\"@type\":\"WebPage\",\"@id\":\"https:\/\/rendez-vous-store.com\/shop\/men-selection-discover-our-selection-rendez-vous-store\/jackets-coats-discover-our-selection\/kaptain-sunshine-men-blouson-ks26sjk25-cub-brown-rendez-vous-store\/\",\"url\":\"https:\/\/rendez-vous-store.com\/shop\/men-selection-discover-our-selection-rendez-vous-store\/jackets-coats-discover-our-selection\/kaptain-sunshine-men-blouson-ks26sjk25-cub-brown-rendez-vous-store\/\",\"name\":\"Kaptain Sunshine - MEN BLOUSON KS26SJK25 - CUB BROWN\",\"isPartOf\":{\"@id\":\"https:\/\/rendez-vous-store.com\/#website\"},\"primaryImageOfPage\":{\"@id\":\"https:\/\/rendez-vous-store.com\/shop\/men-selection-discover-our-selection-rendez-vous-store\/jackets-coats-discover-our-selection\/kaptain-sunshine-men-blouson-ks26sjk25-cub-brown-rendez-vous-store\/#primaryimage\"},\"image\":{\"@id\":\"https:\/\/rendez-vous-store.com\/shop\/men-selection-discover-our-selection-rendez-vous-store\/jackets-coats-discover-our-selection\/kaptain-sunshine-men-blouson-ks26sjk25-cub-brown-rendez-vous-store\/#primaryimage\"},\"thumbnailUrl\":\"https:\/\/rendez-vous-store.com\/app\/uploads\/2026\/03\/IMG_9839_11zon-scaled.webp\",\"datePublished\":\"2026-03-17T14:30:24+00:00\",\"dateModified\":\"2026-04-24T15:04:43+00:00\",\"description\":\"This Kaptain Sunshine - MEN BLOUSON KS26SJK25 - CUB BROWN embracing the tradition and essence of field & naval wear. Discover now on Rendez-vous Store.\",\"breadcrumb\":{\"@id\":\"https:\/\/rendez-vous-store.com\/shop\/men-selection-discover-our-selection-rendez-vous-store\/jackets-coats-discover-our-selection\/kaptain-sunshine-men-blouson-ks26sjk25-cub-brown-rendez-vous-store\/#breadcrumb\"},\"inLanguage\":\"fr-FR\",\"potentialAction\":[{\"@type\":\"ReadAction\",\"target\":[\"https:\/\/rendez-vous-store.com\/shop\/men-selection-discover-our-selection-rendez-vous-store\/jackets-coats-discover-our-selection\/kaptain-sunshine-men-blouson-ks26sjk25-cub-brown-rendez-vous-store\/\"]}]},{\"@type\":\"ImageObject\",\"inLanguage\":\"fr-FR\",\"@id\":\"https:\/\/rendez-vous-store.com\/shop\/men-selection-discover-our-selection-rendez-vous-store\/jackets-coats-discover-our-selection\/kaptain-sunshine-men-blouson-ks26sjk25-cub-brown-rendez-vous-store\/#primaryimage\",\"url\":\"https:\/\/rendez-vous-store.com\/app\/uploads\/2026\/03\/IMG_9839_11zon-scaled.webp\",\"contentUrl\":\"https:\/\/rendez-vous-store.com\/app\/uploads\/2026\/03\/IMG_9839_11zon-scaled.webp\",\"width\":1707,\"height\":2560,\"caption\":\"Kaptain Sunshine - MEN BLOUSON KS26SJK25 - CUB BROWN\"},{\"@type\":\"BreadcrumbList\",\"@id\":\"https:\/\/rendez-vous-store.com\/shop\/men-selection-discover-our-selection-rendez-vous-store\/jackets-coats-discover-our-selection\/kaptain-sunshine-men-blouson-ks26sjk25-cub-brown-rendez-vous-store\/#breadcrumb\",\"itemListElement\":[{\"@type\":\"ListItem\",\"position\":1,\"name\":\"Home\",\"item\":\"https:\/\/rendez-vous-store.com\/\"},{\"@type\":\"ListItem\",\"position\":2,\"name\":\"Shop\",\"item\":\"https:\/\/www.rendez-vous-store.com\/shop\/\"},{\"@type\":\"ListItem\",\"position\":3,\"name\":\"Kaptain Sunshine &#8211; MEN BLOUSON KS26SJK25 &#8211; CUB BROWN\"}]},{\"@type\":\"WebSite\",\"@id\":\"https:\/\/rendez-vous-store.com\/#website\",\"url\":\"https:\/\/rendez-vous-store.com\/\",\"name\":\"RENDEZ-VOUS STORE\",\"description\":\"Slow Fashion for Women and Men\",\"potentialAction\":[{\"@type\":\"SearchAction\",\"target\":{\"@type\":\"EntryPoint\",\"urlTemplate\":\"https:\/\/rendez-vous-store.com\/?s={search_term_string}\"},\"query-input\":{\"@type\":\"PropertyValueSpecification\",\"valueRequired\":true,\"valueName\":\"search_term_string\"}}],\"inLanguage\":\"fr-FR\"}]}<\/script>\n<!-- \/ Yoast SEO plugin. -->","yoast_head_json":{"title":"Kaptain Sunshine - MEN BLOUSON KS26SJK25 - CUB BROWN","description":"This Kaptain Sunshine - MEN BLOUSON KS26SJK25 - CUB BROWN embracing the tradition and essence of field & naval wear. Discover now on Rendez-vous Store.","robots":{"index":"index","follow":"follow","max-snippet":"max-snippet:-1","max-image-preview":"max-image-preview:large","max-video-preview":"max-video-preview:-1"},"canonical":"https:\/\/rendez-vous-store.com\/fr\/shop\/men-selection-discover-our-selection-rendez-vous-store\/jackets-coats-discover-our-selection\/kaptain-sunshine-men-blouson-ks26sjk25-cub-brown-rendez-vous-store\/","og_locale":"fr_FR","og_type":"article","og_title":"Kaptain Sunshine - MEN BLOUSON KS26SJK25 - CUB BROWN","og_description":"This Kaptain Sunshine - MEN BLOUSON KS26SJK25 - CUB BROWN embracing the tradition and essence of field & naval wear. Discover now on Rendez-vous Store.","og_url":"https:\/\/rendez-vous-store.com\/fr\/shop\/men-selection-discover-our-selection-rendez-vous-store\/jackets-coats-discover-our-selection\/kaptain-sunshine-men-blouson-ks26sjk25-cub-brown-rendez-vous-store\/","og_site_name":"RENDEZ-VOUS STORE","article_modified_time":"2026-04-24T15:04:43+00:00","og_image":[{"width":1707,"height":2560,"url":"https:\/\/rendez-vous-store.com\/app\/uploads\/2026\/03\/IMG_9839_11zon-scaled.webp","type":"image\/webp"}],"twitter_card":"summary_large_image","twitter_misc":{"Est. reading time":"2 minutes"},"schema":{"@context":"https:\/\/schema.org","@graph":[{"@type":"WebPage","@id":"https:\/\/rendez-vous-store.com\/shop\/men-selection-discover-our-selection-rendez-vous-store\/jackets-coats-discover-our-selection\/kaptain-sunshine-men-blouson-ks26sjk25-cub-brown-rendez-vous-store\/","url":"https:\/\/rendez-vous-store.com\/shop\/men-selection-discover-our-selection-rendez-vous-store\/jackets-coats-discover-our-selection\/kaptain-sunshine-men-blouson-ks26sjk25-cub-brown-rendez-vous-store\/","name":"Kaptain Sunshine - MEN BLOUSON KS26SJK25 - CUB BROWN","isPartOf":{"@id":"https:\/\/rendez-vous-store.com\/#website"},"primaryImageOfPage":{"@id":"https:\/\/rendez-vous-store.com\/shop\/men-selection-discover-our-selection-rendez-vous-store\/jackets-coats-discover-our-selection\/kaptain-sunshine-men-blouson-ks26sjk25-cub-brown-rendez-vous-store\/#primaryimage"},"image":{"@id":"https:\/\/rendez-vous-store.com\/shop\/men-selection-discover-our-selection-rendez-vous-store\/jackets-coats-discover-our-selection\/kaptain-sunshine-men-blouson-ks26sjk25-cub-brown-rendez-vous-store\/#primaryimage"},"thumbnailUrl":"https:\/\/rendez-vous-store.com\/app\/uploads\/2026\/03\/IMG_9839_11zon-scaled.webp","datePublished":"2026-03-17T14:30:24+00:00","dateModified":"2026-04-24T15:04:43+00:00","description":"This Kaptain Sunshine - MEN BLOUSON KS26SJK25 - CUB BROWN embracing the tradition and essence of field & naval wear. Discover now on Rendez-vous Store.","breadcrumb":{"@id":"https:\/\/rendez-vous-store.com\/shop\/men-selection-discover-our-selection-rendez-vous-store\/jackets-coats-discover-our-selection\/kaptain-sunshine-men-blouson-ks26sjk25-cub-brown-rendez-vous-store\/#breadcrumb"},"inLanguage":"fr-FR","potentialAction":[{"@type":"ReadAction","target":["https:\/\/rendez-vous-store.com\/shop\/men-selection-discover-our-selection-rendez-vous-store\/jackets-coats-discover-our-selection\/kaptain-sunshine-men-blouson-ks26sjk25-cub-brown-rendez-vous-store\/"]}]},{"@type":"ImageObject","inLanguage":"fr-FR","@id":"https:\/\/rendez-vous-store.com\/shop\/men-selection-discover-our-selection-rendez-vous-store\/jackets-coats-discover-our-selection\/kaptain-sunshine-men-blouson-ks26sjk25-cub-brown-rendez-vous-store\/#primaryimage","url":"https:\/\/rendez-vous-store.com\/app\/uploads\/2026\/03\/IMG_9839_11zon-scaled.webp","contentUrl":"https:\/\/rendez-vous-store.com\/app\/uploads\/2026\/03\/IMG_9839_11zon-scaled.webp","width":1707,"height":2560,"caption":"Kaptain Sunshine - MEN BLOUSON KS26SJK25 - CUB BROWN"},{"@type":"BreadcrumbList","@id":"https:\/\/rendez-vous-store.com\/shop\/men-selection-discover-our-selection-rendez-vous-store\/jackets-coats-discover-our-selection\/kaptain-sunshine-men-blouson-ks26sjk25-cub-brown-rendez-vous-store\/#breadcrumb","itemListElement":[{"@type":"ListItem","position":1,"name":"Home","item":"https:\/\/rendez-vous-store.com\/"},{"@type":"ListItem","position":2,"name":"Shop","item":"https:\/\/www.rendez-vous-store.com\/shop\/"},{"@type":"ListItem","position":3,"name":"Kaptain Sunshine &#8211; MEN BLOUSON KS26SJK25 &#8211; CUB BROWN"}]},{"@type":"WebSite","@id":"https:\/\/rendez-vous-store.com\/#website","url":"https:\/\/rendez-vous-store.com\/","name":"RENDEZ-VOUS STORE","description":"Slow Fashion for Women and Men","potentialAction":[{"@type":"SearchAction","target":{"@type":"EntryPoint","urlTemplate":"https:\/\/rendez-vous-store.com\/?s={search_term_string}"},"query-input":{"@type":"PropertyValueSpecification","valueRequired":true,"valueName":"search_term_string"}}],"inLanguage":"fr-FR"}]}},"_links":{"self":[{"href":"https:\/\/rendez-vous-store.com\/fr\/wp-json\/wp\/v2\/product\/241225","targetHints":{"allow":["GET"]}}],"collection":[{"href":"https:\/\/rendez-vous-store.com\/fr\/wp-json\/wp\/v2\/product"}],"about":[{"href":"https:\/\/rendez-vous-store.com\/fr\/wp-json\/wp\/v2\/types\/product"}],"wp:featuredmedia":[{"embeddable":true,"href":"https:\/\/rendez-vous-store.com\/fr\/wp-json\/wp\/v2\/media\/241464"}],"wp:attachment":[{"href":"https:\/\/rendez-vous-store.com\/fr\/wp-json\/wp\/v2\/media?parent=241225"}],"wp:term":[{"taxonomy":"product_brand","embeddable":true,"href":"https:\/\/rendez-vous-store.com\/fr\/wp-json\/wp\/v2\/product_brand?post=241225"},{"taxonomy":"product_cat","embeddable":true,"href":"https:\/\/rendez-vous-store.com\/fr\/wp-json\/wp\/v2\/product_cat?post=241225"},{"taxonomy":"product_tag","embeddable":true,"href":"https:\/\/rendez-vous-store.com\/fr\/wp-json\/wp\/v2\/product_tag?post=241225"}],"curies":[{"name":"wp","href":"https:\/\/api.w.org\/{rel}","templated":true}]}}