{"id":241171,"date":"2026-03-17T15:29:15","date_gmt":"2026-03-17T14:29:15","guid":{"rendered":"https:\/\/rendez-vous-store.com\/?post_type=product&#038;p=241171"},"modified":"2026-03-19T14:24:34","modified_gmt":"2026-03-19T13:24:34","slug":"kaptain-sunshine-men-shirt-ks26ssh19-indigo-rendez-vous-store","status":"publish","type":"product","link":"https:\/\/rendez-vous-store.com\/fr\/shop\/men-selection-discover-our-selection-rendez-vous-store\/shirts-rendez-vous-store\/kaptain-sunshine-men-shirt-ks26ssh19-indigo-rendez-vous-store\/","title":{"rendered":"Kaptain Sunshine \u2013 CHEMISE HOMME KS26SSH19 \u2013 INDIGO"},"content":{"rendered":"<p><strong>Kaptain Sunshine \u2013 CHEMISE HOMME KS26SSH19 \u2013 INDIGO<\/strong><\/p>\n<p>Couleur : Indigo<\/p>\n<p>Coupe d\u00e9contract\u00e9e et ample<\/p>\n<p>Manches courtes<\/p>\n<p>Chemise classique \u00e0 col ouvert<\/p>\n<p>Une poche frontale sur la poitrine<\/p>\n<p>Composition : 100% Coton<\/p>\n<p>Fabriqu\u00e9 au Japon<\/p>\n<p>&nbsp;<\/p>\n<p>&nbsp;<\/p>\n<p>&nbsp;<\/p>\n<p>&nbsp;<\/p>\n<p>&nbsp;<\/p>\n<p>&nbsp;<\/p>\n<p>&nbsp;<\/p>\n<h3 data-start=\"0\" data-end=\"13\">Le Produit<\/h3>\n<p data-start=\"15\" data-end=\"310\">Le Kaptain Sunshine \u2013 Chemise Homme KS26SSH19 \u2013 Indigo combine une coupe d\u00e9contract\u00e9e avec une silhouette \u00e9pur\u00e9e et polyvalente.<br data-start=\"132\" data-end=\"135\" \/>Il utilise du coton de haute qualit\u00e9 qui est doux, respirant et confortable pour un usage quotidien.<br data-start=\"226\" data-end=\"229\" \/>En cons\u00e9quence, la chemise offre aisance, durabilit\u00e9 et un style moderne discret.<\/p>\n<p data-start=\"312\" data-end=\"546\">Le tissu offre un toucher doux tout en conservant sa structure tout au long de la journ\u00e9e.<br data-start=\"396\" data-end=\"399\" \/>Il permet un mouvement naturel tout en conservant une forme raffin\u00e9e et stable.<br data-start=\"467\" data-end=\"470\" \/>De plus, le ton indigo apporte une expression de couleur profonde et intemporelle.<\/p>\n<p data-start=\"548\" data-end=\"786\">De plus, la conception met l'accent sur une construction \u00e9pur\u00e9e et des proportions \u00e9quilibr\u00e9es.<br data-start=\"627\" data-end=\"630\" \/>La fermeture boutonn\u00e9e sur le devant et le col classique offrent de multiples options de style.<br data-start=\"707\" data-end=\"710\" \/>Ainsi, la chemise s'adapte facilement \u00e0 des tenues d\u00e9contract\u00e9es, superpos\u00e9es ou plus raffin\u00e9es.<\/p>\n<p data-start=\"788\" data-end=\"955\">Vous pouvez le porter avec un jean, un pantalon neutre, ou sous une veste l\u00e9g\u00e8re.<br data-start=\"865\" data-end=\"868\" \/>Il s'int\u00e8gre parfaitement dans les garde-robes modernes ax\u00e9es sur la simplicit\u00e9 et la polyvalence.<\/p>\n<h3 data-start=\"958\" data-end=\"969\">La marque<\/h3>\n<p data-start=\"971\" data-end=\"1136\">Kaptain Sunshine est une marque japonaise inspir\u00e9e par les v\u00eatements de travail et militaires vintage.<br data-start=\"1059\" data-end=\"1062\" \/>Il m\u00e9lange ces influences avec un savoir-faire moderne et une conception pr\u00e9cise.<\/p>\n<p data-start=\"1138\" data-end=\"1359\">De plus, la marque met l'accent sur des mat\u00e9riaux haut de gamme et des techniques de construction soign\u00e9es.<br data-start=\"1223\" data-end=\"1226\" \/>Chaque v\u00eatement refl\u00e8te la durabilit\u00e9, le confort et des proportions r\u00e9fl\u00e9chies.<br data-start=\"1296\" data-end=\"1299\" \/>Par cons\u00e9quent, le v\u00eatement semble \u00e0 la fois fonctionnel et raffin\u00e9.<\/p>\n<p data-start=\"1361\" data-end=\"1583\">En outre, Kaptain Sunshine met l'accent sur un design intemporel plut\u00f4t que sur les tendances saisonni\u00e8res.<br data-start=\"1439\" data-end=\"1442\" \/>Ses pi\u00e8ces sont cr\u00e9\u00e9es pour durer et pour la vie de tous les jours.<br data-start=\"1502\" data-end=\"1505\" \/>En cons\u00e9quence, la marque pr\u00f4ne une philosophie vestimentaire d\u00e9contract\u00e9e et confiante.<\/p>\n<h3 data-start=\"1586\" data-end=\"1602\">La Collection<\/h3>\n<p data-start=\"1604\" data-end=\"1800\">Les collections Kaptain Sunshine explorent l'\u00e9quilibre entre l'inspiration h\u00e9ritage et le design contemporain.<br data-start=\"1706\" data-end=\"1709\" \/>Chaque saison affine des silhouettes essentielles gr\u00e2ce \u00e0 la recherche sur les tissus et \u00e0 des ajustements subtils.<\/p>\n<p data-start=\"1802\" data-end=\"1988\">De plus, la marque s\u00e9lectionne des mat\u00e9riaux qui d\u00e9veloppent du caract\u00e8re avec le temps.<br data-start=\"1876\" data-end=\"1879\" \/>Ils gagnent en texture et en personnalit\u00e9 avec une usure r\u00e9guli\u00e8re.<br data-start=\"1933\" data-end=\"1936\" \/>Ainsi, chaque pi\u00e8ce devient plus personnelle et unique.<\/p>\n<p data-start=\"1990\" data-end=\"2204\">De plus, les collections mettent l'accent sur les coupes d\u00e9contract\u00e9es et les d\u00e9tails fonctionnels.<br data-start=\"2067\" data-end=\"2070\" \/>Ils permettent une superposition facile \u00e0 travers diff\u00e9rentes saisons et styles.<br data-start=\"2131\" data-end=\"2134\" \/>Par cons\u00e9quent, les v\u00eatements conviennent aussi bien aux environnements urbains qu'aux environnements ext\u00e9rieurs.<\/p>\n<p data-start=\"2206\" data-end=\"2315\" data-is-last-node=\"\" data-is-only-node=\"\">Les collections Kaptain Sunshine proposent une garde-robe ax\u00e9e sur le savoir-faire, la durabilit\u00e9 et la sophistication discr\u00e8te.<\/p>","protected":false},"excerpt":{"rendered":"<p>Kaptain Sunshine &#8211; MEN SHIRT KS26SSH19 &#8211; INDIGO Color: Indigo Relaxed and loose fit Short sleeve Classic open-collar shirt One front chest pocket Composition: 100% Cotton Made in Japan &nbsp; &nbsp; &nbsp; &nbsp; &nbsp; &nbsp; &nbsp; The Product The Kaptain Sunshine \u2013 Men Shirt KS26SSH19 \u2013 Indigo combines relaxed tailoring with a clean and versatile&hellip; <a class=\"more-link\" href=\"https:\/\/rendez-vous-store.com\/fr\/shop\/men-selection-discover-our-selection-rendez-vous-store\/shirts-rendez-vous-store\/kaptain-sunshine-men-shirt-ks26ssh19-indigo-rendez-vous-store\/\">Continuer la lecture <span class=\"screen-reader-text\">Kaptain Sunshine \u2013 CHEMISE HOMME KS26SSH19 \u2013 INDIGO<\/span><\/a><\/p>","protected":false},"featured_media":242149,"template":"","meta":{"_acf_changed":false},"product_brand":[],"product_cat":[20,1059,74],"product_tag":[639],"class_list":{"0":"post-241171","1":"product","2":"type-product","3":"status-publish","4":"has-post-thumbnail","6":"product_cat-men-selection-discover-our-selection-rendez-vous-store","7":"product_cat-new-men-rendez-vous-store","8":"product_cat-shirts-rendez-vous-store","9":"product_tag-kaptain-sunshine","10":"entry","12":"first","13":"instock","14":"taxable","15":"shipping-taxable","16":"purchasable","17":"product-type-variable"},"acf":[],"yoast_head":"<!-- This site is optimized with the Yoast SEO plugin v24.9 - https:\/\/yoast.com\/wordpress\/plugins\/seo\/ -->\n<title>Kaptain Sunshine - MEN SHIRT KS26SSH19 - INDIGO<\/title>\n<meta name=\"description\" content=\"This Kaptain Sunshine - MEN SHIRT KS26SSH19 - INDIGO embracing the tradition and essence of field &amp; naval wear. Discover now on Rendez-vous Store.\" \/>\n<meta name=\"robots\" content=\"index, follow, max-snippet:-1, max-image-preview:large, max-video-preview:-1\" \/>\n<link rel=\"canonical\" href=\"https:\/\/rendez-vous-store.com\/fr\/shop\/men-selection-discover-our-selection-rendez-vous-store\/shirts-rendez-vous-store\/kaptain-sunshine-men-shirt-ks26ssh19-indigo-rendez-vous-store\/\" \/>\n<meta property=\"og:locale\" content=\"fr_FR\" \/>\n<meta property=\"og:type\" content=\"article\" \/>\n<meta property=\"og:title\" content=\"Kaptain Sunshine - MEN SHIRT KS26SSH19 - INDIGO\" \/>\n<meta property=\"og:description\" content=\"This Kaptain Sunshine - MEN SHIRT KS26SSH19 - INDIGO embracing the tradition and essence of field &amp; naval wear. Discover now on Rendez-vous Store.\" \/>\n<meta property=\"og:url\" content=\"https:\/\/rendez-vous-store.com\/fr\/shop\/men-selection-discover-our-selection-rendez-vous-store\/shirts-rendez-vous-store\/kaptain-sunshine-men-shirt-ks26ssh19-indigo-rendez-vous-store\/\" \/>\n<meta property=\"og:site_name\" content=\"RENDEZ-VOUS STORE\" \/>\n<meta property=\"article:modified_time\" content=\"2026-03-19T13:24:34+00:00\" \/>\n<meta property=\"og:image\" content=\"https:\/\/rendez-vous-store.com\/app\/uploads\/2026\/03\/rdv_kaptain_75-scaled.webp\" \/>\n\t<meta property=\"og:image:width\" content=\"1696\" \/>\n\t<meta property=\"og:image:height\" content=\"2560\" \/>\n\t<meta property=\"og:image:type\" content=\"image\/webp\" \/>\n<meta name=\"twitter:card\" content=\"summary_large_image\" \/>\n<meta name=\"twitter:label1\" content=\"Est. reading time\" \/>\n\t<meta name=\"twitter:data1\" content=\"2 minutes\" \/>\n<script type=\"application\/ld+json\" class=\"yoast-schema-graph\">{\"@context\":\"https:\/\/schema.org\",\"@graph\":[{\"@type\":\"WebPage\",\"@id\":\"https:\/\/rendez-vous-store.com\/shop\/men-selection-discover-our-selection-rendez-vous-store\/shirts-rendez-vous-store\/kaptain-sunshine-men-shirt-ks26ssh19-indigo-rendez-vous-store\/\",\"url\":\"https:\/\/rendez-vous-store.com\/shop\/men-selection-discover-our-selection-rendez-vous-store\/shirts-rendez-vous-store\/kaptain-sunshine-men-shirt-ks26ssh19-indigo-rendez-vous-store\/\",\"name\":\"Kaptain Sunshine - MEN SHIRT KS26SSH19 - INDIGO\",\"isPartOf\":{\"@id\":\"https:\/\/rendez-vous-store.com\/#website\"},\"primaryImageOfPage\":{\"@id\":\"https:\/\/rendez-vous-store.com\/shop\/men-selection-discover-our-selection-rendez-vous-store\/shirts-rendez-vous-store\/kaptain-sunshine-men-shirt-ks26ssh19-indigo-rendez-vous-store\/#primaryimage\"},\"image\":{\"@id\":\"https:\/\/rendez-vous-store.com\/shop\/men-selection-discover-our-selection-rendez-vous-store\/shirts-rendez-vous-store\/kaptain-sunshine-men-shirt-ks26ssh19-indigo-rendez-vous-store\/#primaryimage\"},\"thumbnailUrl\":\"https:\/\/rendez-vous-store.com\/app\/uploads\/2026\/03\/rdv_kaptain_75-scaled.webp\",\"datePublished\":\"2026-03-17T14:29:15+00:00\",\"dateModified\":\"2026-03-19T13:24:34+00:00\",\"description\":\"This Kaptain Sunshine - MEN SHIRT KS26SSH19 - INDIGO embracing the tradition and essence of field & naval wear. Discover now on Rendez-vous Store.\",\"breadcrumb\":{\"@id\":\"https:\/\/rendez-vous-store.com\/shop\/men-selection-discover-our-selection-rendez-vous-store\/shirts-rendez-vous-store\/kaptain-sunshine-men-shirt-ks26ssh19-indigo-rendez-vous-store\/#breadcrumb\"},\"inLanguage\":\"fr-FR\",\"potentialAction\":[{\"@type\":\"ReadAction\",\"target\":[\"https:\/\/rendez-vous-store.com\/shop\/men-selection-discover-our-selection-rendez-vous-store\/shirts-rendez-vous-store\/kaptain-sunshine-men-shirt-ks26ssh19-indigo-rendez-vous-store\/\"]}]},{\"@type\":\"ImageObject\",\"inLanguage\":\"fr-FR\",\"@id\":\"https:\/\/rendez-vous-store.com\/shop\/men-selection-discover-our-selection-rendez-vous-store\/shirts-rendez-vous-store\/kaptain-sunshine-men-shirt-ks26ssh19-indigo-rendez-vous-store\/#primaryimage\",\"url\":\"https:\/\/rendez-vous-store.com\/app\/uploads\/2026\/03\/rdv_kaptain_75-scaled.webp\",\"contentUrl\":\"https:\/\/rendez-vous-store.com\/app\/uploads\/2026\/03\/rdv_kaptain_75-scaled.webp\",\"width\":1696,\"height\":2560,\"caption\":\"Kaptain Sunshine - MEN SHIRT KS26SSH19 - INDIGO\"},{\"@type\":\"BreadcrumbList\",\"@id\":\"https:\/\/rendez-vous-store.com\/shop\/men-selection-discover-our-selection-rendez-vous-store\/shirts-rendez-vous-store\/kaptain-sunshine-men-shirt-ks26ssh19-indigo-rendez-vous-store\/#breadcrumb\",\"itemListElement\":[{\"@type\":\"ListItem\",\"position\":1,\"name\":\"Home\",\"item\":\"https:\/\/rendez-vous-store.com\/\"},{\"@type\":\"ListItem\",\"position\":2,\"name\":\"Shop\",\"item\":\"https:\/\/www.rendez-vous-store.com\/shop\/\"},{\"@type\":\"ListItem\",\"position\":3,\"name\":\"Kaptain Sunshine &#8211; MEN SHIRT KS26SSH19 &#8211; INDIGO\"}]},{\"@type\":\"WebSite\",\"@id\":\"https:\/\/rendez-vous-store.com\/#website\",\"url\":\"https:\/\/rendez-vous-store.com\/\",\"name\":\"RENDEZ-VOUS STORE\",\"description\":\"Slow Fashion for Women and Men\",\"potentialAction\":[{\"@type\":\"SearchAction\",\"target\":{\"@type\":\"EntryPoint\",\"urlTemplate\":\"https:\/\/rendez-vous-store.com\/?s={search_term_string}\"},\"query-input\":{\"@type\":\"PropertyValueSpecification\",\"valueRequired\":true,\"valueName\":\"search_term_string\"}}],\"inLanguage\":\"fr-FR\"}]}<\/script>\n<!-- \/ Yoast SEO plugin. -->","yoast_head_json":{"title":"Kaptain Sunshine - MEN SHIRT KS26SSH19 - INDIGO","description":"This Kaptain Sunshine - MEN SHIRT KS26SSH19 - INDIGO embracing the tradition and essence of field & naval wear. Discover now on Rendez-vous Store.","robots":{"index":"index","follow":"follow","max-snippet":"max-snippet:-1","max-image-preview":"max-image-preview:large","max-video-preview":"max-video-preview:-1"},"canonical":"https:\/\/rendez-vous-store.com\/fr\/shop\/men-selection-discover-our-selection-rendez-vous-store\/shirts-rendez-vous-store\/kaptain-sunshine-men-shirt-ks26ssh19-indigo-rendez-vous-store\/","og_locale":"fr_FR","og_type":"article","og_title":"Kaptain Sunshine - MEN SHIRT KS26SSH19 - INDIGO","og_description":"This Kaptain Sunshine - MEN SHIRT KS26SSH19 - INDIGO embracing the tradition and essence of field & naval wear. Discover now on Rendez-vous Store.","og_url":"https:\/\/rendez-vous-store.com\/fr\/shop\/men-selection-discover-our-selection-rendez-vous-store\/shirts-rendez-vous-store\/kaptain-sunshine-men-shirt-ks26ssh19-indigo-rendez-vous-store\/","og_site_name":"RENDEZ-VOUS STORE","article_modified_time":"2026-03-19T13:24:34+00:00","og_image":[{"width":1696,"height":2560,"url":"https:\/\/rendez-vous-store.com\/app\/uploads\/2026\/03\/rdv_kaptain_75-scaled.webp","type":"image\/webp"}],"twitter_card":"summary_large_image","twitter_misc":{"Est. reading time":"2 minutes"},"schema":{"@context":"https:\/\/schema.org","@graph":[{"@type":"WebPage","@id":"https:\/\/rendez-vous-store.com\/shop\/men-selection-discover-our-selection-rendez-vous-store\/shirts-rendez-vous-store\/kaptain-sunshine-men-shirt-ks26ssh19-indigo-rendez-vous-store\/","url":"https:\/\/rendez-vous-store.com\/shop\/men-selection-discover-our-selection-rendez-vous-store\/shirts-rendez-vous-store\/kaptain-sunshine-men-shirt-ks26ssh19-indigo-rendez-vous-store\/","name":"Kaptain Sunshine - MEN SHIRT KS26SSH19 - INDIGO","isPartOf":{"@id":"https:\/\/rendez-vous-store.com\/#website"},"primaryImageOfPage":{"@id":"https:\/\/rendez-vous-store.com\/shop\/men-selection-discover-our-selection-rendez-vous-store\/shirts-rendez-vous-store\/kaptain-sunshine-men-shirt-ks26ssh19-indigo-rendez-vous-store\/#primaryimage"},"image":{"@id":"https:\/\/rendez-vous-store.com\/shop\/men-selection-discover-our-selection-rendez-vous-store\/shirts-rendez-vous-store\/kaptain-sunshine-men-shirt-ks26ssh19-indigo-rendez-vous-store\/#primaryimage"},"thumbnailUrl":"https:\/\/rendez-vous-store.com\/app\/uploads\/2026\/03\/rdv_kaptain_75-scaled.webp","datePublished":"2026-03-17T14:29:15+00:00","dateModified":"2026-03-19T13:24:34+00:00","description":"This Kaptain Sunshine - MEN SHIRT KS26SSH19 - INDIGO embracing the tradition and essence of field & naval wear. Discover now on Rendez-vous Store.","breadcrumb":{"@id":"https:\/\/rendez-vous-store.com\/shop\/men-selection-discover-our-selection-rendez-vous-store\/shirts-rendez-vous-store\/kaptain-sunshine-men-shirt-ks26ssh19-indigo-rendez-vous-store\/#breadcrumb"},"inLanguage":"fr-FR","potentialAction":[{"@type":"ReadAction","target":["https:\/\/rendez-vous-store.com\/shop\/men-selection-discover-our-selection-rendez-vous-store\/shirts-rendez-vous-store\/kaptain-sunshine-men-shirt-ks26ssh19-indigo-rendez-vous-store\/"]}]},{"@type":"ImageObject","inLanguage":"fr-FR","@id":"https:\/\/rendez-vous-store.com\/shop\/men-selection-discover-our-selection-rendez-vous-store\/shirts-rendez-vous-store\/kaptain-sunshine-men-shirt-ks26ssh19-indigo-rendez-vous-store\/#primaryimage","url":"https:\/\/rendez-vous-store.com\/app\/uploads\/2026\/03\/rdv_kaptain_75-scaled.webp","contentUrl":"https:\/\/rendez-vous-store.com\/app\/uploads\/2026\/03\/rdv_kaptain_75-scaled.webp","width":1696,"height":2560,"caption":"Kaptain Sunshine - MEN SHIRT KS26SSH19 - INDIGO"},{"@type":"BreadcrumbList","@id":"https:\/\/rendez-vous-store.com\/shop\/men-selection-discover-our-selection-rendez-vous-store\/shirts-rendez-vous-store\/kaptain-sunshine-men-shirt-ks26ssh19-indigo-rendez-vous-store\/#breadcrumb","itemListElement":[{"@type":"ListItem","position":1,"name":"Home","item":"https:\/\/rendez-vous-store.com\/"},{"@type":"ListItem","position":2,"name":"Shop","item":"https:\/\/www.rendez-vous-store.com\/shop\/"},{"@type":"ListItem","position":3,"name":"Kaptain Sunshine &#8211; MEN SHIRT KS26SSH19 &#8211; INDIGO"}]},{"@type":"WebSite","@id":"https:\/\/rendez-vous-store.com\/#website","url":"https:\/\/rendez-vous-store.com\/","name":"RENDEZ-VOUS STORE","description":"Slow Fashion for Women and Men","potentialAction":[{"@type":"SearchAction","target":{"@type":"EntryPoint","urlTemplate":"https:\/\/rendez-vous-store.com\/?s={search_term_string}"},"query-input":{"@type":"PropertyValueSpecification","valueRequired":true,"valueName":"search_term_string"}}],"inLanguage":"fr-FR"}]}},"_links":{"self":[{"href":"https:\/\/rendez-vous-store.com\/fr\/wp-json\/wp\/v2\/product\/241171","targetHints":{"allow":["GET"]}}],"collection":[{"href":"https:\/\/rendez-vous-store.com\/fr\/wp-json\/wp\/v2\/product"}],"about":[{"href":"https:\/\/rendez-vous-store.com\/fr\/wp-json\/wp\/v2\/types\/product"}],"wp:featuredmedia":[{"embeddable":true,"href":"https:\/\/rendez-vous-store.com\/fr\/wp-json\/wp\/v2\/media\/242149"}],"wp:attachment":[{"href":"https:\/\/rendez-vous-store.com\/fr\/wp-json\/wp\/v2\/media?parent=241171"}],"wp:term":[{"taxonomy":"product_brand","embeddable":true,"href":"https:\/\/rendez-vous-store.com\/fr\/wp-json\/wp\/v2\/product_brand?post=241171"},{"taxonomy":"product_cat","embeddable":true,"href":"https:\/\/rendez-vous-store.com\/fr\/wp-json\/wp\/v2\/product_cat?post=241171"},{"taxonomy":"product_tag","embeddable":true,"href":"https:\/\/rendez-vous-store.com\/fr\/wp-json\/wp\/v2\/product_tag?post=241171"}],"curies":[{"name":"wp","href":"https:\/\/api.w.org\/{rel}","templated":true}]}}