{"id":238981,"date":"2026-03-04T15:40:33","date_gmt":"2026-03-04T14:40:33","guid":{"rendered":"https:\/\/rendez-vous-store.com\/?post_type=product&#038;p=238981"},"modified":"2026-04-11T16:13:09","modified_gmt":"2026-04-11T14:13:09","slug":"still-by-hand-hemp-mixed-denim-pants-dark-navy-rendez-vous-store","status":"publish","type":"product","link":"https:\/\/rendez-vous-store.com\/fr\/shop\/men-selection-discover-our-selection-rendez-vous-store\/trousers-shorts-rendez-vous-store\/still-by-hand-hemp-mixed-denim-pants-dark-navy-rendez-vous-store\/","title":{"rendered":"Still By Hand \u2013 Pantalon en denim m\u00e9lang\u00e9 de chanvre DN02261OS \u2013 BLEU FONC\u00c9"},"content":{"rendered":"<p><strong>Still By Hand \u2013 Pantalon en denim m\u00e9lang\u00e9 de chanvre DN02261OS \u2013 BLEU FONC\u00c9<\/strong><\/p>\n<p>Couleur : <strong>BLEU FONC\u00c9 NAVY<\/strong><\/p>\n<p>Composition: 62% Cotton \u2013 38% Hemp<\/p>\n<p>Fabriqu\u00e9 au Japon<\/p>\n<p>&nbsp;<\/p>\n<h3><strong>Le Produit<\/strong><\/h3>\n<p>Le pantalon en denim m\u00e9lang\u00e9 \u00e0 du chanvre Still By Hand DN02261OS \u2013 Bleu marine fonc\u00e9 offre une interpr\u00e9tation raffin\u00e9e du denim de tous les jours, tout en combinant une texture naturelle avec une silhouette contemporaine soigneusement \u00e9quilibr\u00e9e. Con\u00e7u pour offrir structure et confort, ce pantalon pr\u00e9sente une ligne \u00e9pur\u00e9e qui permet au tissu de bouger naturellement, cr\u00e9ant ainsi un v\u00eatement qui convient aussi bien \u00e0 un usage quotidien d\u00e9contract\u00e9 qu'\u00e0 un style plus r\u00e9fl\u00e9chi. De plus, le design met en \u00e9vidence la capacit\u00e9 de la marque \u00e0 fusionner des mat\u00e9riaux traditionnels avec un esprit de confection moderne.<\/p>\n<p>Confectionn\u00e9 dans un denim m\u00e9lang\u00e9 au chanvre, le tissu apporte un caract\u00e8re tactile distinctif et une durabilit\u00e9 respirante, ce qui am\u00e9liore ainsi le confort et la profondeur visuelle. La teinte bleu marine fonc\u00e9 renforce la polyvalence de la pi\u00e8ce, tout en permettant aux pantalons de s'int\u00e9grer facilement dans les garde-robes minimalistes ainsi que dans les looks contemporains plus superpos\u00e9s. De plus, la coupe r\u00e9fl\u00e9chie assure une libert\u00e9 de mouvement et une tomb\u00e9e \u00e9quilibr\u00e9e sur toute la jambe, pr\u00e9servant ainsi une silhouette \u00e9pur\u00e9e, \u00e0 la fois d\u00e9contract\u00e9e et intentionnelle.<\/p>\n<p>Vous pouvez int\u00e9grer ce pantalon dans des tenues d\u00e9contract\u00e9es modernes, des ensembles monochromes textur\u00e9s ou des combinaisons raffin\u00e9es de tous les jours o\u00f9 les mat\u00e9riaux naturels, la structure subtile et l'\u00e9l\u00e9gance discr\u00e8te restent essentiels. Par cons\u00e9quent, le pantalon en denim m\u00e9lang\u00e9 de chanvre DN02261OS incarne l'harmonie entre l'artisanat, le confort et le design contemporain qui d\u00e9finit Still By Hand.<\/p>\n<p>&nbsp;<\/p>\n<h3><strong>La marque<\/strong><\/h3>\n<p>Still By Hand aborde le v\u00eatement moderne \u00e0 travers une philosophie ax\u00e9e sur la pr\u00e9cision, la retenue et le savoir-faire r\u00e9fl\u00e9chi. La marque japonaise d\u00e9veloppe chaque v\u00eatement avec une attention particuli\u00e8re \u00e0 la construction des patrons et \u00e0 la recherche des tissus, tout en veillant \u00e0 ce que chaque design communique une sophistication discr\u00e8te sans complexit\u00e9 inutile. Par cons\u00e9quent, Still By Hand met l'accent sur l'\u00e9quilibre et la subtilit\u00e9, laissant la qualit\u00e9 et la proportion d\u00e9finir l'identit\u00e9 de chaque pi\u00e8ce.<\/p>\n<p>De plus, la marque se concentre sur des v\u00eatements qui se veulent raffin\u00e9s mais accessibles, cr\u00e9ant ainsi des tenues qui s'int\u00e8grent facilement dans la vie de tous les jours tout en conservant un langage de conception clair. Chaque pi\u00e8ce refl\u00e8te un engagement envers la durabilit\u00e9 et le confort, soutenant des garde-robes construites sur la long\u00e9vit\u00e9 plut\u00f4t que sur les tendances saisonni\u00e8res \u00e9ph\u00e9m\u00e8res. En cons\u00e9quence, Still By Hand produit constamment des v\u00eatements qui allient sensibilit\u00e9 contemporaine et clart\u00e9 intemporelle.<\/p>\n<p>&nbsp;<\/p>\n<h3><strong>La Collection<\/strong><\/h3>\n<p>Les collections Still By Hand explorent l'intersection entre l'artisanat japonais et la fonctionnalit\u00e9 moderne, tout en affinant les silhouettes essentielles gr\u00e2ce \u00e0 une s\u00e9lection r\u00e9fl\u00e9chie des mat\u00e9riaux et \u00e0 des ajustements subtils de la conception. Chaque saison pr\u00e9sente des textiles soigneusement \u00e9tudi\u00e9s, des proportions \u00e9quilibr\u00e9es et des d\u00e9tails discrets qui renforcent l'identit\u00e9 des v\u00eatements. En outre, les collections soulignent l'int\u00e9r\u00eat de la marque pour les fibres naturelles, les tissus textur\u00e9s et les proc\u00e9d\u00e9s de confection qui enrichissent le caract\u00e8re de chaque pi\u00e8ce.<\/p>\n<p>De plus, les conceptions restent tr\u00e8s polyvalentes, leur permettant de s'int\u00e9grer facilement dans des gardes-robes \u00e9volutives et diverses approches stylistiques. Les mat\u00e9riaux sont s\u00e9lectionn\u00e9s pour leur durabilit\u00e9, leur confort et leur raffinement tactile, garantissant ainsi que les v\u00eatements acqui\u00e8rent du caract\u00e8re au fil du temps et de l'usage. Par cons\u00e9quent, les collections Still By Hand offrent une garde-robe contemporaine d\u00e9finie par une \u00e9l\u00e9gance discr\u00e8te, une confection r\u00e9fl\u00e9chie et une sophistication durable.<\/p>","protected":false},"excerpt":{"rendered":"<p>Still By Hand &#8211; DN02261OS Hemp mixed denim pants &#8211; DARK NAVY Color: DARK NAVY Composition: 62% Cotton &#8211; 38% Hemp Made In Japan &nbsp; The Product The Still By Hand DN02261OS Hemp Mixed Denim Pants \u2013 Dark Navy offer a refined interpretation of everyday denim, while combining natural texture with a carefully balanced contemporary&hellip; <a class=\"more-link\" href=\"https:\/\/rendez-vous-store.com\/fr\/shop\/men-selection-discover-our-selection-rendez-vous-store\/trousers-shorts-rendez-vous-store\/still-by-hand-hemp-mixed-denim-pants-dark-navy-rendez-vous-store\/\">Continuer la lecture <span class=\"screen-reader-text\">Still By Hand \u2013 Pantalon en denim m\u00e9lang\u00e9 de chanvre DN02261OS \u2013 BLEU FONC\u00c9<\/span><\/a><\/p>","protected":false},"featured_media":240151,"template":"","meta":{"_acf_changed":false},"product_brand":[],"product_cat":[20,1059,73],"product_tag":[717],"class_list":{"0":"post-238981","1":"product","2":"type-product","3":"status-publish","4":"has-post-thumbnail","6":"product_cat-men-selection-discover-our-selection-rendez-vous-store","7":"product_cat-new-men-rendez-vous-store","8":"product_cat-trousers-shorts-rendez-vous-store","9":"product_tag-still-by-hand-rendez-vous-store","10":"entry","12":"first","13":"instock","14":"taxable","15":"shipping-taxable","16":"purchasable","17":"product-type-variable"},"acf":[],"yoast_head":"<!-- This site is optimized with the Yoast SEO plugin v24.9 - https:\/\/yoast.com\/wordpress\/plugins\/seo\/ -->\n<title>Still By Hand - Hemp mixed denim pants - DARK NAVY<\/title>\n<meta name=\"description\" content=\"Still By Hand - Hemp mixed denim pants - DARK NAVY filled with clean lines and an open-minded approach to design. Discover now.\" \/>\n<meta name=\"robots\" content=\"index, follow, max-snippet:-1, max-image-preview:large, max-video-preview:-1\" \/>\n<link rel=\"canonical\" href=\"https:\/\/rendez-vous-store.com\/fr\/shop\/men-selection-discover-our-selection-rendez-vous-store\/trousers-shorts-rendez-vous-store\/still-by-hand-hemp-mixed-denim-pants-dark-navy-rendez-vous-store\/\" \/>\n<meta property=\"og:locale\" content=\"fr_FR\" \/>\n<meta property=\"og:type\" content=\"article\" \/>\n<meta property=\"og:title\" content=\"Still By Hand - Hemp mixed denim pants - DARK NAVY\" \/>\n<meta property=\"og:description\" content=\"Still By Hand - Hemp mixed denim pants - DARK NAVY filled with clean lines and an open-minded approach to design. Discover now.\" \/>\n<meta property=\"og:url\" content=\"https:\/\/rendez-vous-store.com\/fr\/shop\/men-selection-discover-our-selection-rendez-vous-store\/trousers-shorts-rendez-vous-store\/still-by-hand-hemp-mixed-denim-pants-dark-navy-rendez-vous-store\/\" \/>\n<meta property=\"og:site_name\" content=\"RENDEZ-VOUS STORE\" \/>\n<meta property=\"article:modified_time\" content=\"2026-04-11T14:13:09+00:00\" \/>\n<meta property=\"og:image\" content=\"https:\/\/rendez-vous-store.com\/app\/uploads\/2026\/03\/17.webp\" \/>\n\t<meta property=\"og:image:width\" content=\"1696\" \/>\n\t<meta property=\"og:image:height\" content=\"2560\" \/>\n\t<meta property=\"og:image:type\" content=\"image\/webp\" \/>\n<meta name=\"twitter:card\" content=\"summary_large_image\" \/>\n<meta name=\"twitter:label1\" content=\"Est. reading time\" \/>\n\t<meta name=\"twitter:data1\" content=\"3 minutes\" \/>\n<script type=\"application\/ld+json\" class=\"yoast-schema-graph\">{\"@context\":\"https:\/\/schema.org\",\"@graph\":[{\"@type\":\"WebPage\",\"@id\":\"https:\/\/rendez-vous-store.com\/shop\/men-selection-discover-our-selection-rendez-vous-store\/trousers-shorts-rendez-vous-store\/still-by-hand-hemp-mixed-denim-pants-dark-navy-rendez-vous-store\/\",\"url\":\"https:\/\/rendez-vous-store.com\/shop\/men-selection-discover-our-selection-rendez-vous-store\/trousers-shorts-rendez-vous-store\/still-by-hand-hemp-mixed-denim-pants-dark-navy-rendez-vous-store\/\",\"name\":\"Still By Hand - Hemp mixed denim pants - DARK NAVY\",\"isPartOf\":{\"@id\":\"https:\/\/rendez-vous-store.com\/#website\"},\"primaryImageOfPage\":{\"@id\":\"https:\/\/rendez-vous-store.com\/shop\/men-selection-discover-our-selection-rendez-vous-store\/trousers-shorts-rendez-vous-store\/still-by-hand-hemp-mixed-denim-pants-dark-navy-rendez-vous-store\/#primaryimage\"},\"image\":{\"@id\":\"https:\/\/rendez-vous-store.com\/shop\/men-selection-discover-our-selection-rendez-vous-store\/trousers-shorts-rendez-vous-store\/still-by-hand-hemp-mixed-denim-pants-dark-navy-rendez-vous-store\/#primaryimage\"},\"thumbnailUrl\":\"https:\/\/rendez-vous-store.com\/app\/uploads\/2026\/03\/17.webp\",\"datePublished\":\"2026-03-04T14:40:33+00:00\",\"dateModified\":\"2026-04-11T14:13:09+00:00\",\"description\":\"Still By Hand - Hemp mixed denim pants - DARK NAVY filled with clean lines and an open-minded approach to design. Discover now.\",\"breadcrumb\":{\"@id\":\"https:\/\/rendez-vous-store.com\/shop\/men-selection-discover-our-selection-rendez-vous-store\/trousers-shorts-rendez-vous-store\/still-by-hand-hemp-mixed-denim-pants-dark-navy-rendez-vous-store\/#breadcrumb\"},\"inLanguage\":\"fr-FR\",\"potentialAction\":[{\"@type\":\"ReadAction\",\"target\":[\"https:\/\/rendez-vous-store.com\/shop\/men-selection-discover-our-selection-rendez-vous-store\/trousers-shorts-rendez-vous-store\/still-by-hand-hemp-mixed-denim-pants-dark-navy-rendez-vous-store\/\"]}]},{\"@type\":\"ImageObject\",\"inLanguage\":\"fr-FR\",\"@id\":\"https:\/\/rendez-vous-store.com\/shop\/men-selection-discover-our-selection-rendez-vous-store\/trousers-shorts-rendez-vous-store\/still-by-hand-hemp-mixed-denim-pants-dark-navy-rendez-vous-store\/#primaryimage\",\"url\":\"https:\/\/rendez-vous-store.com\/app\/uploads\/2026\/03\/17.webp\",\"contentUrl\":\"https:\/\/rendez-vous-store.com\/app\/uploads\/2026\/03\/17.webp\",\"width\":1696,\"height\":2560},{\"@type\":\"BreadcrumbList\",\"@id\":\"https:\/\/rendez-vous-store.com\/shop\/men-selection-discover-our-selection-rendez-vous-store\/trousers-shorts-rendez-vous-store\/still-by-hand-hemp-mixed-denim-pants-dark-navy-rendez-vous-store\/#breadcrumb\",\"itemListElement\":[{\"@type\":\"ListItem\",\"position\":1,\"name\":\"Home\",\"item\":\"https:\/\/rendez-vous-store.com\/\"},{\"@type\":\"ListItem\",\"position\":2,\"name\":\"Shop\",\"item\":\"https:\/\/www.rendez-vous-store.com\/shop\/\"},{\"@type\":\"ListItem\",\"position\":3,\"name\":\"Still By Hand &#8211; DN02261OS Hemp mixed denim pants &#8211; DARK NAVY\"}]},{\"@type\":\"WebSite\",\"@id\":\"https:\/\/rendez-vous-store.com\/#website\",\"url\":\"https:\/\/rendez-vous-store.com\/\",\"name\":\"RENDEZ-VOUS STORE\",\"description\":\"Slow Fashion for Women and Men\",\"potentialAction\":[{\"@type\":\"SearchAction\",\"target\":{\"@type\":\"EntryPoint\",\"urlTemplate\":\"https:\/\/rendez-vous-store.com\/?s={search_term_string}\"},\"query-input\":{\"@type\":\"PropertyValueSpecification\",\"valueRequired\":true,\"valueName\":\"search_term_string\"}}],\"inLanguage\":\"fr-FR\"}]}<\/script>\n<!-- \/ Yoast SEO plugin. -->","yoast_head_json":{"title":"Still By Hand - Hemp mixed denim pants - DARK NAVY","description":"Still By Hand - Hemp mixed denim pants - DARK NAVY filled with clean lines and an open-minded approach to design. Discover now.","robots":{"index":"index","follow":"follow","max-snippet":"max-snippet:-1","max-image-preview":"max-image-preview:large","max-video-preview":"max-video-preview:-1"},"canonical":"https:\/\/rendez-vous-store.com\/fr\/shop\/men-selection-discover-our-selection-rendez-vous-store\/trousers-shorts-rendez-vous-store\/still-by-hand-hemp-mixed-denim-pants-dark-navy-rendez-vous-store\/","og_locale":"fr_FR","og_type":"article","og_title":"Still By Hand - Hemp mixed denim pants - DARK NAVY","og_description":"Still By Hand - Hemp mixed denim pants - DARK NAVY filled with clean lines and an open-minded approach to design. Discover now.","og_url":"https:\/\/rendez-vous-store.com\/fr\/shop\/men-selection-discover-our-selection-rendez-vous-store\/trousers-shorts-rendez-vous-store\/still-by-hand-hemp-mixed-denim-pants-dark-navy-rendez-vous-store\/","og_site_name":"RENDEZ-VOUS STORE","article_modified_time":"2026-04-11T14:13:09+00:00","og_image":[{"width":1696,"height":2560,"url":"https:\/\/rendez-vous-store.com\/app\/uploads\/2026\/03\/17.webp","type":"image\/webp"}],"twitter_card":"summary_large_image","twitter_misc":{"Est. reading time":"3 minutes"},"schema":{"@context":"https:\/\/schema.org","@graph":[{"@type":"WebPage","@id":"https:\/\/rendez-vous-store.com\/shop\/men-selection-discover-our-selection-rendez-vous-store\/trousers-shorts-rendez-vous-store\/still-by-hand-hemp-mixed-denim-pants-dark-navy-rendez-vous-store\/","url":"https:\/\/rendez-vous-store.com\/shop\/men-selection-discover-our-selection-rendez-vous-store\/trousers-shorts-rendez-vous-store\/still-by-hand-hemp-mixed-denim-pants-dark-navy-rendez-vous-store\/","name":"Still By Hand - Hemp mixed denim pants - DARK NAVY","isPartOf":{"@id":"https:\/\/rendez-vous-store.com\/#website"},"primaryImageOfPage":{"@id":"https:\/\/rendez-vous-store.com\/shop\/men-selection-discover-our-selection-rendez-vous-store\/trousers-shorts-rendez-vous-store\/still-by-hand-hemp-mixed-denim-pants-dark-navy-rendez-vous-store\/#primaryimage"},"image":{"@id":"https:\/\/rendez-vous-store.com\/shop\/men-selection-discover-our-selection-rendez-vous-store\/trousers-shorts-rendez-vous-store\/still-by-hand-hemp-mixed-denim-pants-dark-navy-rendez-vous-store\/#primaryimage"},"thumbnailUrl":"https:\/\/rendez-vous-store.com\/app\/uploads\/2026\/03\/17.webp","datePublished":"2026-03-04T14:40:33+00:00","dateModified":"2026-04-11T14:13:09+00:00","description":"Still By Hand - Hemp mixed denim pants - DARK NAVY filled with clean lines and an open-minded approach to design. Discover now.","breadcrumb":{"@id":"https:\/\/rendez-vous-store.com\/shop\/men-selection-discover-our-selection-rendez-vous-store\/trousers-shorts-rendez-vous-store\/still-by-hand-hemp-mixed-denim-pants-dark-navy-rendez-vous-store\/#breadcrumb"},"inLanguage":"fr-FR","potentialAction":[{"@type":"ReadAction","target":["https:\/\/rendez-vous-store.com\/shop\/men-selection-discover-our-selection-rendez-vous-store\/trousers-shorts-rendez-vous-store\/still-by-hand-hemp-mixed-denim-pants-dark-navy-rendez-vous-store\/"]}]},{"@type":"ImageObject","inLanguage":"fr-FR","@id":"https:\/\/rendez-vous-store.com\/shop\/men-selection-discover-our-selection-rendez-vous-store\/trousers-shorts-rendez-vous-store\/still-by-hand-hemp-mixed-denim-pants-dark-navy-rendez-vous-store\/#primaryimage","url":"https:\/\/rendez-vous-store.com\/app\/uploads\/2026\/03\/17.webp","contentUrl":"https:\/\/rendez-vous-store.com\/app\/uploads\/2026\/03\/17.webp","width":1696,"height":2560},{"@type":"BreadcrumbList","@id":"https:\/\/rendez-vous-store.com\/shop\/men-selection-discover-our-selection-rendez-vous-store\/trousers-shorts-rendez-vous-store\/still-by-hand-hemp-mixed-denim-pants-dark-navy-rendez-vous-store\/#breadcrumb","itemListElement":[{"@type":"ListItem","position":1,"name":"Home","item":"https:\/\/rendez-vous-store.com\/"},{"@type":"ListItem","position":2,"name":"Shop","item":"https:\/\/www.rendez-vous-store.com\/shop\/"},{"@type":"ListItem","position":3,"name":"Still By Hand &#8211; DN02261OS Hemp mixed denim pants &#8211; DARK NAVY"}]},{"@type":"WebSite","@id":"https:\/\/rendez-vous-store.com\/#website","url":"https:\/\/rendez-vous-store.com\/","name":"RENDEZ-VOUS STORE","description":"Slow Fashion for Women and Men","potentialAction":[{"@type":"SearchAction","target":{"@type":"EntryPoint","urlTemplate":"https:\/\/rendez-vous-store.com\/?s={search_term_string}"},"query-input":{"@type":"PropertyValueSpecification","valueRequired":true,"valueName":"search_term_string"}}],"inLanguage":"fr-FR"}]}},"_links":{"self":[{"href":"https:\/\/rendez-vous-store.com\/fr\/wp-json\/wp\/v2\/product\/238981","targetHints":{"allow":["GET"]}}],"collection":[{"href":"https:\/\/rendez-vous-store.com\/fr\/wp-json\/wp\/v2\/product"}],"about":[{"href":"https:\/\/rendez-vous-store.com\/fr\/wp-json\/wp\/v2\/types\/product"}],"wp:featuredmedia":[{"embeddable":true,"href":"https:\/\/rendez-vous-store.com\/fr\/wp-json\/wp\/v2\/media\/240151"}],"wp:attachment":[{"href":"https:\/\/rendez-vous-store.com\/fr\/wp-json\/wp\/v2\/media?parent=238981"}],"wp:term":[{"taxonomy":"product_brand","embeddable":true,"href":"https:\/\/rendez-vous-store.com\/fr\/wp-json\/wp\/v2\/product_brand?post=238981"},{"taxonomy":"product_cat","embeddable":true,"href":"https:\/\/rendez-vous-store.com\/fr\/wp-json\/wp\/v2\/product_cat?post=238981"},{"taxonomy":"product_tag","embeddable":true,"href":"https:\/\/rendez-vous-store.com\/fr\/wp-json\/wp\/v2\/product_tag?post=238981"}],"curies":[{"name":"wp","href":"https:\/\/api.w.org\/{rel}","templated":true}]}}