{"id":238973,"date":"2026-03-04T15:40:15","date_gmt":"2026-03-04T14:40:15","guid":{"rendered":"https:\/\/rendez-vous-store.com\/?post_type=product&#038;p=238973"},"modified":"2026-04-24T17:00:53","modified_gmt":"2026-04-24T15:00:53","slug":"still-by-hand-hemp-mixed-denim-blouson-dark-navy","status":"publish","type":"product","link":"https:\/\/rendez-vous-store.com\/fr\/shop\/men-selection-discover-our-selection-rendez-vous-store\/jackets-coats-discover-our-selection\/still-by-hand-hemp-mixed-denim-blouson-dark-navy\/","title":{"rendered":"Still By Hand \u2013 Blouson en denim m\u00e9lang\u00e9 de chanvre DN01261OS \u2013 BLEU FONC\u00c9"},"content":{"rendered":"<p><strong>Still By Hand \u2013 Blouson en denim m\u00e9lang\u00e9 de chanvre DN01261OS \u2013 BLEU FONC\u00c9<\/strong><\/p>\n<p>Couleur : BLEU FONC\u00c9<\/p>\n<p>Composition: 62% Cotton \u2013 38% Hemp<\/p>\n<p>Fabriqu\u00e9 au Japon<\/p>\n<p>&nbsp;<\/p>\n<h3><strong>Le Produit<\/strong><\/h3>\n<p>Le blouson en jean m\u00e9lang\u00e9 au chanvre DN01261OS de Still By Hand pr\u00e9sente une interpr\u00e9tation raffin\u00e9e de la veste d\u00e9contract\u00e9e classique, tout en combinant une texture naturelle avec une silhouette \u00e9quilibr\u00e9e et contemporaine. Con\u00e7u pour offrir \u00e0 la fois structure et aisance, ce blouson offre une forme d\u00e9contract\u00e9e mais intentionnelle qui bouge naturellement avec le corps, cr\u00e9ant ainsi un v\u00eatement aussi confortable dans les situations de tous les jours que dans des contextes de style plus r\u00e9fl\u00e9chis. De plus, le design refl\u00e8te la capacit\u00e9 de la marque \u00e0 r\u00e9interpr\u00e9ter les influences du v\u00eatement de travail \u00e0 travers un prisme subtil et moderne.<\/p>\n<p>Fabriqu\u00e9 \u00e0 partir d'un denim m\u00e9lang\u00e9 au chanvre, le mat\u00e9riau apporte une richesse tactile distinctive et une durabilit\u00e9 respirante, ce qui renforce par cons\u00e9quent la profondeur et le caract\u00e8re du v\u00eatement. La teinte bleu marine fonc\u00e9 renforce la polyvalence de la pi\u00e8ce, tout en lui permettant de s'int\u00e9grer sans effort dans les garde-robes minimalistes ainsi que dans les tenues contemporaines superpos\u00e9es. De plus, sa construction r\u00e9fl\u00e9chie assure un tomb\u00e9 \u00e9quilibr\u00e9 et une mobilit\u00e9 confortable, pr\u00e9servant ainsi une silhouette \u00e9pur\u00e9e qui reste d\u00e9contract\u00e9e sans para\u00eetre trop grande.<\/p>\n<p>Vous pouvez incorporer ce blouson dans des ensembles d\u00e9contract\u00e9s modernes, des tenues monochromes textur\u00e9es ou des looks quotidiens raffin\u00e9s o\u00f9 les mati\u00e8res naturelles, la structure tranquille et l'\u00e9l\u00e9gance discr\u00e8te restent essentielles. Par cons\u00e9quent, le blouson DN01261OS Hemp Mixed Denim Blouson incarne l'harmonie entre l'artisanat, le confort et le design contemporain qui d\u00e9finit Still By Hand.<\/p>\n<p>&nbsp;<\/p>\n<h3><strong>La marque<\/strong><\/h3>\n<p>Still By Hand aborde l'habillement moderne \u00e0 travers une philosophie ancr\u00e9e dans la pr\u00e9cision, la retenue et l'artisanat r\u00e9fl\u00e9chi. La marque japonaise d\u00e9veloppe soigneusement chaque v\u00eatement gr\u00e2ce \u00e0 une construction m\u00e9ticuleuse des motifs et \u00e0 une s\u00e9lection raffin\u00e9e des tissus, tout en veillant \u00e0 ce que chaque pi\u00e8ce communique une sophistication subtile sans complexit\u00e9 inutile. Par cons\u00e9quent, Still By Hand met l'accent sur la clart\u00e9 et l'\u00e9quilibre, permettant aux proportions, aux mat\u00e9riaux et \u00e0 la construction de d\u00e9finir le caract\u00e8re de chaque cr\u00e9ation.<\/p>\n<p>En outre, la marque donne la priorit\u00e9 au confort et \u00e0 l'utilisation quotidienne, cr\u00e9ant ainsi des v\u00eatements qui s'int\u00e8grent naturellement dans la vie de tous les jours tout en conservant une esth\u00e9tique distincte et reconnaissable. Chaque pi\u00e8ce refl\u00e8te un engagement en faveur de la durabilit\u00e9 et de la long\u00e9vit\u00e9, permettant de cr\u00e9er des garde-robes bas\u00e9es sur des \u00e9l\u00e9ments essentiels intemporels plut\u00f4t que sur des tendances temporaires. En cons\u00e9quence, Still By Hand produit des v\u00eatements qui allient sensibilit\u00e9 contemporaine et raffinement durable.<\/p>\n<p>&nbsp;<\/p>\n<h3><strong>La Collection<\/strong><\/h3>\n<p>Still By Hand collections explorent la relation entre l'artisanat japonais et la fonctionnalit\u00e9 quotidienne moderne, tout en affinant continuellement les silhouettes essentielles par une \u00e9volution subtile du design. Chaque saison introduit des textiles soigneusement s\u00e9lectionn\u00e9s, des proc\u00e9d\u00e9s de confection et des proportions \u00e9quilibr\u00e9es qui am\u00e9liorent la profondeur tactile et visuelle des pi\u00e8ces. De plus, les collections soulignent l'engagement de la marque envers les fibres naturelles, les textures discr\u00e8tes et la confection r\u00e9fl\u00e9chie.<\/p>\n<p>En outre, les v\u00eatements restent tr\u00e8s polyvalents, ce qui leur permet de s'adapter facilement \u00e0 des garde-robes superpos\u00e9es et \u00e0 diverses interpr\u00e9tations stylistiques. Les mati\u00e8res sont choisies pour leur durabilit\u00e9, leur confort et leurs qualit\u00e9s tactiles raffin\u00e9es, ce qui permet \u00e0 chaque pi\u00e8ce de d\u00e9velopper son caract\u00e8re au fil du temps. Par cons\u00e9quent, les collections Still By Hand offrent une garde-robe contemporaine d\u00e9finie par la clart\u00e9, l'artisanat et une sophistication discr\u00e8te.<\/p>","protected":false},"excerpt":{"rendered":"<p>Still By Hand &#8211; DN01261OS Hemp mixed denim blouson &#8211; DARK NAVY Color : DARK NAVY Composition: 62% Cotton &#8211; 38% Hemp Made In Japan &nbsp; The Product The Still By Hand DN01261OS Hemp Mixed Denim Blouson \u2013 Dark Navy presents a refined interpretation of the classic casual jacket, while combining natural texture with a&hellip; <a class=\"more-link\" href=\"https:\/\/rendez-vous-store.com\/fr\/shop\/men-selection-discover-our-selection-rendez-vous-store\/jackets-coats-discover-our-selection\/still-by-hand-hemp-mixed-denim-blouson-dark-navy\/\">Continuer la lecture <span class=\"screen-reader-text\">Still By Hand \u2013 Blouson en denim m\u00e9lang\u00e9 de chanvre DN01261OS \u2013 BLEU FONC\u00c9<\/span><\/a><\/p>","protected":false},"featured_media":240156,"template":"","meta":{"_acf_changed":false},"product_brand":[],"product_cat":[20,1059,53],"product_tag":[717],"class_list":{"0":"post-238973","1":"product","2":"type-product","3":"status-publish","4":"has-post-thumbnail","6":"product_cat-men-selection-discover-our-selection-rendez-vous-store","7":"product_cat-new-men-rendez-vous-store","8":"product_cat-jackets-coats-discover-our-selection","9":"product_tag-still-by-hand-rendez-vous-store","10":"entry","12":"first","13":"instock","14":"taxable","15":"shipping-taxable","16":"purchasable","17":"product-type-variable"},"acf":[],"yoast_head":"<!-- This site is optimized with the Yoast SEO plugin v24.9 - https:\/\/yoast.com\/wordpress\/plugins\/seo\/ -->\n<title>Still By Hand - Hemp mixed denim blouson - DARK NAVY<\/title>\n<meta name=\"description\" content=\"Still By Hand - Hemp mixed denim blouson - DARK NAVY filled with clean lines and an open-minded approach to design. Discover now.\" \/>\n<meta name=\"robots\" content=\"index, follow, max-snippet:-1, max-image-preview:large, max-video-preview:-1\" \/>\n<link rel=\"canonical\" href=\"https:\/\/rendez-vous-store.com\/fr\/shop\/men-selection-discover-our-selection-rendez-vous-store\/jackets-coats-discover-our-selection\/still-by-hand-hemp-mixed-denim-blouson-dark-navy\/\" \/>\n<meta property=\"og:locale\" content=\"fr_FR\" \/>\n<meta property=\"og:type\" content=\"article\" \/>\n<meta property=\"og:title\" content=\"Still By Hand - Hemp mixed denim blouson - DARK NAVY\" \/>\n<meta property=\"og:description\" content=\"Still By Hand - Hemp mixed denim blouson - DARK NAVY filled with clean lines and an open-minded approach to design. Discover now.\" \/>\n<meta property=\"og:url\" content=\"https:\/\/rendez-vous-store.com\/fr\/shop\/men-selection-discover-our-selection-rendez-vous-store\/jackets-coats-discover-our-selection\/still-by-hand-hemp-mixed-denim-blouson-dark-navy\/\" \/>\n<meta property=\"og:site_name\" content=\"RENDEZ-VOUS STORE\" \/>\n<meta property=\"article:modified_time\" content=\"2026-04-24T15:00:53+00:00\" \/>\n<meta property=\"og:image\" content=\"https:\/\/rendez-vous-store.com\/app\/uploads\/2026\/03\/20.webp\" \/>\n\t<meta property=\"og:image:width\" content=\"1696\" \/>\n\t<meta property=\"og:image:height\" content=\"2560\" \/>\n\t<meta property=\"og:image:type\" content=\"image\/webp\" \/>\n<meta name=\"twitter:card\" content=\"summary_large_image\" \/>\n<meta name=\"twitter:label1\" content=\"Est. reading time\" \/>\n\t<meta name=\"twitter:data1\" content=\"3 minutes\" \/>\n<script type=\"application\/ld+json\" class=\"yoast-schema-graph\">{\"@context\":\"https:\/\/schema.org\",\"@graph\":[{\"@type\":\"WebPage\",\"@id\":\"https:\/\/rendez-vous-store.com\/shop\/men-selection-discover-our-selection-rendez-vous-store\/jackets-coats-discover-our-selection\/still-by-hand-hemp-mixed-denim-blouson-dark-navy\/\",\"url\":\"https:\/\/rendez-vous-store.com\/shop\/men-selection-discover-our-selection-rendez-vous-store\/jackets-coats-discover-our-selection\/still-by-hand-hemp-mixed-denim-blouson-dark-navy\/\",\"name\":\"Still By Hand - Hemp mixed denim blouson - DARK NAVY\",\"isPartOf\":{\"@id\":\"https:\/\/rendez-vous-store.com\/#website\"},\"primaryImageOfPage\":{\"@id\":\"https:\/\/rendez-vous-store.com\/shop\/men-selection-discover-our-selection-rendez-vous-store\/jackets-coats-discover-our-selection\/still-by-hand-hemp-mixed-denim-blouson-dark-navy\/#primaryimage\"},\"image\":{\"@id\":\"https:\/\/rendez-vous-store.com\/shop\/men-selection-discover-our-selection-rendez-vous-store\/jackets-coats-discover-our-selection\/still-by-hand-hemp-mixed-denim-blouson-dark-navy\/#primaryimage\"},\"thumbnailUrl\":\"https:\/\/rendez-vous-store.com\/app\/uploads\/2026\/03\/20.webp\",\"datePublished\":\"2026-03-04T14:40:15+00:00\",\"dateModified\":\"2026-04-24T15:00:53+00:00\",\"description\":\"Still By Hand - Hemp mixed denim blouson - DARK NAVY filled with clean lines and an open-minded approach to design. Discover now.\",\"breadcrumb\":{\"@id\":\"https:\/\/rendez-vous-store.com\/shop\/men-selection-discover-our-selection-rendez-vous-store\/jackets-coats-discover-our-selection\/still-by-hand-hemp-mixed-denim-blouson-dark-navy\/#breadcrumb\"},\"inLanguage\":\"fr-FR\",\"potentialAction\":[{\"@type\":\"ReadAction\",\"target\":[\"https:\/\/rendez-vous-store.com\/shop\/men-selection-discover-our-selection-rendez-vous-store\/jackets-coats-discover-our-selection\/still-by-hand-hemp-mixed-denim-blouson-dark-navy\/\"]}]},{\"@type\":\"ImageObject\",\"inLanguage\":\"fr-FR\",\"@id\":\"https:\/\/rendez-vous-store.com\/shop\/men-selection-discover-our-selection-rendez-vous-store\/jackets-coats-discover-our-selection\/still-by-hand-hemp-mixed-denim-blouson-dark-navy\/#primaryimage\",\"url\":\"https:\/\/rendez-vous-store.com\/app\/uploads\/2026\/03\/20.webp\",\"contentUrl\":\"https:\/\/rendez-vous-store.com\/app\/uploads\/2026\/03\/20.webp\",\"width\":1696,\"height\":2560,\"caption\":\"10 QUESTIONS WITH : Yusuke Yanagi, Designer and Founder of STILL BY HAND\"},{\"@type\":\"BreadcrumbList\",\"@id\":\"https:\/\/rendez-vous-store.com\/shop\/men-selection-discover-our-selection-rendez-vous-store\/jackets-coats-discover-our-selection\/still-by-hand-hemp-mixed-denim-blouson-dark-navy\/#breadcrumb\",\"itemListElement\":[{\"@type\":\"ListItem\",\"position\":1,\"name\":\"Home\",\"item\":\"https:\/\/rendez-vous-store.com\/\"},{\"@type\":\"ListItem\",\"position\":2,\"name\":\"Shop\",\"item\":\"https:\/\/www.rendez-vous-store.com\/shop\/\"},{\"@type\":\"ListItem\",\"position\":3,\"name\":\"Still By Hand &#8211; DN01261OS Hemp mixed denim blouson &#8211; DARK NAVY\"}]},{\"@type\":\"WebSite\",\"@id\":\"https:\/\/rendez-vous-store.com\/#website\",\"url\":\"https:\/\/rendez-vous-store.com\/\",\"name\":\"RENDEZ-VOUS STORE\",\"description\":\"Slow Fashion for Women and Men\",\"potentialAction\":[{\"@type\":\"SearchAction\",\"target\":{\"@type\":\"EntryPoint\",\"urlTemplate\":\"https:\/\/rendez-vous-store.com\/?s={search_term_string}\"},\"query-input\":{\"@type\":\"PropertyValueSpecification\",\"valueRequired\":true,\"valueName\":\"search_term_string\"}}],\"inLanguage\":\"fr-FR\"}]}<\/script>\n<!-- \/ Yoast SEO plugin. -->","yoast_head_json":{"title":"Still By Hand - Hemp mixed denim blouson - DARK NAVY","description":"Still By Hand - Hemp mixed denim blouson - DARK NAVY filled with clean lines and an open-minded approach to design. Discover now.","robots":{"index":"index","follow":"follow","max-snippet":"max-snippet:-1","max-image-preview":"max-image-preview:large","max-video-preview":"max-video-preview:-1"},"canonical":"https:\/\/rendez-vous-store.com\/fr\/shop\/men-selection-discover-our-selection-rendez-vous-store\/jackets-coats-discover-our-selection\/still-by-hand-hemp-mixed-denim-blouson-dark-navy\/","og_locale":"fr_FR","og_type":"article","og_title":"Still By Hand - Hemp mixed denim blouson - DARK NAVY","og_description":"Still By Hand - Hemp mixed denim blouson - DARK NAVY filled with clean lines and an open-minded approach to design. Discover now.","og_url":"https:\/\/rendez-vous-store.com\/fr\/shop\/men-selection-discover-our-selection-rendez-vous-store\/jackets-coats-discover-our-selection\/still-by-hand-hemp-mixed-denim-blouson-dark-navy\/","og_site_name":"RENDEZ-VOUS STORE","article_modified_time":"2026-04-24T15:00:53+00:00","og_image":[{"width":1696,"height":2560,"url":"https:\/\/rendez-vous-store.com\/app\/uploads\/2026\/03\/20.webp","type":"image\/webp"}],"twitter_card":"summary_large_image","twitter_misc":{"Est. reading time":"3 minutes"},"schema":{"@context":"https:\/\/schema.org","@graph":[{"@type":"WebPage","@id":"https:\/\/rendez-vous-store.com\/shop\/men-selection-discover-our-selection-rendez-vous-store\/jackets-coats-discover-our-selection\/still-by-hand-hemp-mixed-denim-blouson-dark-navy\/","url":"https:\/\/rendez-vous-store.com\/shop\/men-selection-discover-our-selection-rendez-vous-store\/jackets-coats-discover-our-selection\/still-by-hand-hemp-mixed-denim-blouson-dark-navy\/","name":"Still By Hand - Hemp mixed denim blouson - DARK NAVY","isPartOf":{"@id":"https:\/\/rendez-vous-store.com\/#website"},"primaryImageOfPage":{"@id":"https:\/\/rendez-vous-store.com\/shop\/men-selection-discover-our-selection-rendez-vous-store\/jackets-coats-discover-our-selection\/still-by-hand-hemp-mixed-denim-blouson-dark-navy\/#primaryimage"},"image":{"@id":"https:\/\/rendez-vous-store.com\/shop\/men-selection-discover-our-selection-rendez-vous-store\/jackets-coats-discover-our-selection\/still-by-hand-hemp-mixed-denim-blouson-dark-navy\/#primaryimage"},"thumbnailUrl":"https:\/\/rendez-vous-store.com\/app\/uploads\/2026\/03\/20.webp","datePublished":"2026-03-04T14:40:15+00:00","dateModified":"2026-04-24T15:00:53+00:00","description":"Still By Hand - Hemp mixed denim blouson - DARK NAVY filled with clean lines and an open-minded approach to design. Discover now.","breadcrumb":{"@id":"https:\/\/rendez-vous-store.com\/shop\/men-selection-discover-our-selection-rendez-vous-store\/jackets-coats-discover-our-selection\/still-by-hand-hemp-mixed-denim-blouson-dark-navy\/#breadcrumb"},"inLanguage":"fr-FR","potentialAction":[{"@type":"ReadAction","target":["https:\/\/rendez-vous-store.com\/shop\/men-selection-discover-our-selection-rendez-vous-store\/jackets-coats-discover-our-selection\/still-by-hand-hemp-mixed-denim-blouson-dark-navy\/"]}]},{"@type":"ImageObject","inLanguage":"fr-FR","@id":"https:\/\/rendez-vous-store.com\/shop\/men-selection-discover-our-selection-rendez-vous-store\/jackets-coats-discover-our-selection\/still-by-hand-hemp-mixed-denim-blouson-dark-navy\/#primaryimage","url":"https:\/\/rendez-vous-store.com\/app\/uploads\/2026\/03\/20.webp","contentUrl":"https:\/\/rendez-vous-store.com\/app\/uploads\/2026\/03\/20.webp","width":1696,"height":2560,"caption":"10 QUESTIONS WITH : Yusuke Yanagi, Designer and Founder of STILL BY HAND"},{"@type":"BreadcrumbList","@id":"https:\/\/rendez-vous-store.com\/shop\/men-selection-discover-our-selection-rendez-vous-store\/jackets-coats-discover-our-selection\/still-by-hand-hemp-mixed-denim-blouson-dark-navy\/#breadcrumb","itemListElement":[{"@type":"ListItem","position":1,"name":"Home","item":"https:\/\/rendez-vous-store.com\/"},{"@type":"ListItem","position":2,"name":"Shop","item":"https:\/\/www.rendez-vous-store.com\/shop\/"},{"@type":"ListItem","position":3,"name":"Still By Hand &#8211; DN01261OS Hemp mixed denim blouson &#8211; DARK NAVY"}]},{"@type":"WebSite","@id":"https:\/\/rendez-vous-store.com\/#website","url":"https:\/\/rendez-vous-store.com\/","name":"RENDEZ-VOUS STORE","description":"Slow Fashion for Women and Men","potentialAction":[{"@type":"SearchAction","target":{"@type":"EntryPoint","urlTemplate":"https:\/\/rendez-vous-store.com\/?s={search_term_string}"},"query-input":{"@type":"PropertyValueSpecification","valueRequired":true,"valueName":"search_term_string"}}],"inLanguage":"fr-FR"}]}},"_links":{"self":[{"href":"https:\/\/rendez-vous-store.com\/fr\/wp-json\/wp\/v2\/product\/238973","targetHints":{"allow":["GET"]}}],"collection":[{"href":"https:\/\/rendez-vous-store.com\/fr\/wp-json\/wp\/v2\/product"}],"about":[{"href":"https:\/\/rendez-vous-store.com\/fr\/wp-json\/wp\/v2\/types\/product"}],"wp:featuredmedia":[{"embeddable":true,"href":"https:\/\/rendez-vous-store.com\/fr\/wp-json\/wp\/v2\/media\/240156"}],"wp:attachment":[{"href":"https:\/\/rendez-vous-store.com\/fr\/wp-json\/wp\/v2\/media?parent=238973"}],"wp:term":[{"taxonomy":"product_brand","embeddable":true,"href":"https:\/\/rendez-vous-store.com\/fr\/wp-json\/wp\/v2\/product_brand?post=238973"},{"taxonomy":"product_cat","embeddable":true,"href":"https:\/\/rendez-vous-store.com\/fr\/wp-json\/wp\/v2\/product_cat?post=238973"},{"taxonomy":"product_tag","embeddable":true,"href":"https:\/\/rendez-vous-store.com\/fr\/wp-json\/wp\/v2\/product_tag?post=238973"}],"curies":[{"name":"wp","href":"https:\/\/api.w.org\/{rel}","templated":true}]}}