{"id":236727,"date":"2026-02-20T16:10:02","date_gmt":"2026-02-20T15:10:02","guid":{"rendered":"https:\/\/rendez-vous-store.com\/?post_type=product&#038;p=236727"},"modified":"2026-03-16T19:55:05","modified_gmt":"2026-03-16T18:55:05","slug":"labo-art-jacket-gilet-polipo-knitwear-itaca-rendez-vous-store","status":"publish","type":"product","link":"https:\/\/rendez-vous-store.com\/fr\/shop\/women\/women-knitwears-discover-our-selection-rendez-vous-store\/labo-art-jacket-gilet-polipo-knitwear-itaca-rendez-vous-store\/","title":{"rendered":"Labo.art \u2013 GILET POLIPO \u2013 TRICOT ITACA"},"content":{"rendered":"<p><strong>Labo.art \u2013 GILET POLIPO \u2013 TRICOT ITACA<\/strong><\/p>\n<p>Couleur : ITACA<\/p>\n<p>MANCHES COURTES<\/p>\n<p>col bateau<\/p>\n<p>COUPE D\u00c9TENDUE<\/p>\n<p>COMPOSITION : 100% COTON<\/p>\n<p>FABRIQU\u00c9 EN ITALIE<\/p>\n<p>&nbsp;<\/p>\n<p>&nbsp;<\/p>\n<p>&nbsp;<\/p>\n<div class=\"flex flex-col text-sm\">\n<article class=\"text-token-text-primary w-full focus:outline-none [--shadow-height:45px] has-data-writing-block:pointer-events-none has-data-writing-block:-mt-(--shadow-height) has-data-writing-block:pt-(--shadow-height) [&amp;:has([data-writing-block])&gt;*]:pointer-events-auto scroll-mt-[calc(var(--header-height)+min(200px,max(70px,20svh)))]\" dir=\"auto\" tabindex=\"-1\" data-turn-id=\"request-6926c112-6468-8332-b84c-86b45ca61a89-2\" data-testid=\"conversation-turn-273\" data-scroll-anchor=\"true\" data-turn=\"assistant\">\n<div class=\"text-base my-auto mx-auto pb-10 [--thread-content-margin:--spacing(4)] @w-sm\/main:[--thread-content-margin:--spacing(6)] @w-lg\/main:[--thread-content-margin:--spacing(16)] px-(--thread-content-margin)\">\n<div class=\"[--thread-content-max-width:40rem] @w-lg\/main:[--thread-content-max-width:48rem] mx-auto max-w-(--thread-content-max-width) flex-1 group\/turn-messages focus-visible:outline-hidden relative flex w-full min-w-0 flex-col agent-turn\" tabindex=\"-1\">\n<div class=\"flex max-w-full flex-col grow\">\n<div class=\"min-h-8 text-message relative flex w-full flex-col items-end gap-2 text-start break-words whitespace-normal [.text-message+&amp;]:mt-1\" dir=\"auto\" data-message-author-role=\"assistant\" data-message-id=\"b952fa01-0b4b-405f-902c-b73da7f21510\" data-message-model-slug=\"gpt-5-2\">\n<div class=\"flex w-full flex-col gap-1 empty:hidden first:pt-[1px]\">\n<div class=\"markdown prose dark:prose-invert w-full wrap-break-word light markdown-new-styling\"><\/div>\n<\/div>\n<div class=\"flex w-full flex-col gap-1 empty:hidden first:pt-[1px]\">\n<div class=\"markdown prose dark:prose-invert w-full wrap-break-word light markdown-new-styling\">\n<p data-start=\"211\" data-end=\"224\"><strong>Le produit<\/strong><\/p>\n<p data-start=\"226\" data-end=\"824\">Labo.art \u2013 GILET POLIPO \u2013 KNITWEAR ITACA combine une coupe \u00e9l\u00e9gante avec un tissu doux et luxueux.<br data-start=\"322\" data-end=\"325\" \/>La mati\u00e8re Liana Avorio est l\u00e9g\u00e8re et \u00e9pouse naturellement le corps.<br data-start=\"404\" data-end=\"407\" \/>La coupe ajust\u00e9e cr\u00e9e une silhouette nette et raffin\u00e9e, adapt\u00e9e aussi bien aux looks d\u00e9contract\u00e9s qu'aux tenues formelles.<br data-start=\"502\" data-end=\"505\" \/>Les coutures pr\u00e9cises et la ceinture confortable ajoutent style et fonctionnalit\u00e9.<br data-start=\"577\" data-end=\"580\" \/>Ces pantalons se marient bien avec des tricots, des chemises ou des vestes structur\u00e9es.<br data-start=\"647\" data-end=\"650\" \/>Le ton ivoire doux ajoute de la chaleur et de la polyvalence \u00e0 la garde-robe.<br data-start=\"714\" data-end=\"717\" \/>En fin de compte, ce pantalon refl\u00e8te l'engagement de Labo.Art envers le confort, la praticit\u00e9 et une \u00e9l\u00e9gance discr\u00e8te.<\/p>\n<\/div>\n<div class=\"markdown prose dark:prose-invert w-full wrap-break-word light markdown-new-styling\">\n<p data-start=\"826\" data-end=\"837\"><strong>La marque<\/strong><\/p>\n<p data-start=\"839\" data-end=\"1304\">Labo.Art est une marque de mode italienne fond\u00e9e en 2008.<br data-start=\"892\" data-end=\"895\" \/>La marque cr\u00e9e des v\u00eatements de haute qualit\u00e9 pour femmes en utilisant des tissus de luxe.<br data-start=\"966\" data-end=\"969\" \/>Il applique des techniques de couture avanc\u00e9es pour produire des v\u00eatements durables et distinctifs.<br data-start=\"1051\" data-end=\"1054\" \/>Labo.Art s'inspire de moments historiques de la mode, du th\u00e9\u00e2tre et du cin\u00e9ma.<br data-start=\"1137\" data-end=\"1140\" \/>Son esth\u00e9tique met l'accent sur les lignes \u00e9pur\u00e9es, les proportions \u00e9quilibr\u00e9es et les d\u00e9tails raffin\u00e9s.<br data-start=\"1220\" data-end=\"1223\" \/>Chaque pi\u00e8ce refl\u00e8te un \u00e9quilibre entre cr\u00e9ativit\u00e9, fonctionnalit\u00e9 et style intemporel.<\/p>\n<p data-start=\"839\" data-end=\"1304\">\n<\/div>\n<\/div>\n<div class=\"flex w-full flex-col gap-1 empty:hidden first:pt-[1px]\">\n<div class=\"markdown prose dark:prose-invert w-full wrap-break-word light markdown-new-styling\">\n<p data-start=\"1306\" data-end=\"1322\"><strong>La collection<\/strong><\/p>\n<p data-start=\"1324\" data-end=\"1801\">Les collections Labo.Art combinent des tissus de premi\u00e8re qualit\u00e9 avec un design pr\u00e9cis et r\u00e9fl\u00e9chi.<br data-start=\"1401\" data-end=\"1404\" \/>Chaque saison revisite des silhouettes classiques et les peaufine avec une construction soign\u00e9e.<br data-start=\"1488\" data-end=\"1491\" \/>Les pi\u00e8ces semblent modernes tout en restant ancr\u00e9es dans la tradition.<br data-start=\"1548\" data-end=\"1551\" \/>Tous les v\u00eatements sont produits selon les normes les plus \u00e9lev\u00e9es du Made in Italy.<br data-start=\"1616\" data-end=\"1619\" \/>La collection met l'accent sur la polyvalence pour le travail, les loisirs et les occasions formelles.<br data-start=\"1697\" data-end=\"1700\" \/>En fin de compte, elle offre une garde-robe d'essentiels qui allient \u00e9l\u00e9gance, sophistication et durabilit\u00e9.<\/p>\n<\/div>\n<\/div>\n<\/div>\n<\/div>\n<div class=\"z-0 flex min-h-[46px] justify-start\"><\/div>\n<div class=\"mt-3 w-full empty:hidden\">\n<div class=\"text-center\"><\/div>\n<\/div>\n<\/div>\n<\/div>\n<\/article>\n<\/div>\n<div class=\"pointer-events-none h-px w-px absolute bottom-0\" aria-hidden=\"true\" data-edge=\"true\"><\/div>\n<p><a href=\"https:\/\/www.instagram.com\/p\/DVJDGbeFYxN\/?img_index=1\">Retrouvez nos looks sur notre Instagram<\/a><\/p>","protected":false},"excerpt":{"rendered":"<p>Labo.art &#8211; JACKET GILET POLIPO &#8211; KNITWEAR ITACA Color: ITACA SHORT-SLEEVE BOAT NECK RELAXED FIT COMPOSITION : 100% COTTON MADE IN ITALY &nbsp; &nbsp; &nbsp; The product Labo.art &#8211; JACKET GILET POLIPO &#8211; KNITWEAR ITACA\u00a0combines elegant tailoring with soft, luxurious fabric.The Liana Avorio material feels lightweight and drapes naturally over the body.The tailored cut creates&hellip; <a class=\"more-link\" href=\"https:\/\/rendez-vous-store.com\/fr\/shop\/women\/women-knitwears-discover-our-selection-rendez-vous-store\/labo-art-jacket-gilet-polipo-knitwear-itaca-rendez-vous-store\/\">Continuer la lecture <span class=\"screen-reader-text\">Labo.art \u2013 GILET POLIPO \u2013 TRICOT ITACA<\/span><\/a><\/p>","protected":false},"featured_media":237256,"template":"","meta":{"_acf_changed":false},"product_brand":[],"product_cat":[17,1062,394,199],"product_tag":[1055],"class_list":{"0":"post-236727","1":"product","2":"type-product","3":"status-publish","4":"has-post-thumbnail","6":"product_cat-women","7":"product_cat-new-women-selection-rendez-vous-store","8":"product_cat-women-coats-jackets-rendez-vous-store","9":"product_cat-women-knitwears-discover-our-selection-rendez-vous-store","10":"product_tag-labo-art-designers-rendez-vous-store","11":"entry","13":"first","14":"instock","15":"taxable","16":"shipping-taxable","17":"purchasable","18":"product-type-variable"},"acf":[],"yoast_head":"<!-- This site is optimized with the Yoast SEO plugin v24.9 - https:\/\/yoast.com\/wordpress\/plugins\/seo\/ -->\n<title>Labo.art - JACKET GILET POLIPO - KNITWEAR ITACA<\/title>\n<meta name=\"description\" content=\"Labo.Art is on Rendez-Vous Store. This Labo.art - JACKET GILET POLIPO - KNITWEAR ITACA is synonymous with sober and minimal elegance. Discover now.\" \/>\n<meta name=\"robots\" content=\"index, follow, max-snippet:-1, max-image-preview:large, max-video-preview:-1\" \/>\n<link rel=\"canonical\" href=\"https:\/\/rendez-vous-store.com\/fr\/shop\/women\/women-knitwears-discover-our-selection-rendez-vous-store\/labo-art-jacket-gilet-polipo-knitwear-itaca-rendez-vous-store\/\" \/>\n<meta property=\"og:locale\" content=\"fr_FR\" \/>\n<meta property=\"og:type\" content=\"article\" \/>\n<meta property=\"og:title\" content=\"Labo.art - JACKET GILET POLIPO - KNITWEAR ITACA\" \/>\n<meta property=\"og:description\" content=\"Labo.Art is on Rendez-Vous Store. This Labo.art - JACKET GILET POLIPO - KNITWEAR ITACA is synonymous with sober and minimal elegance. Discover now.\" \/>\n<meta property=\"og:url\" content=\"https:\/\/rendez-vous-store.com\/fr\/shop\/women\/women-knitwears-discover-our-selection-rendez-vous-store\/labo-art-jacket-gilet-polipo-knitwear-itaca-rendez-vous-store\/\" \/>\n<meta property=\"og:site_name\" content=\"RENDEZ-VOUS STORE\" \/>\n<meta property=\"article:modified_time\" content=\"2026-03-16T18:55:05+00:00\" \/>\n<meta property=\"og:image\" content=\"https:\/\/rendez-vous-store.com\/app\/uploads\/2026\/02\/IMG_5485_11zon-scaled.webp\" \/>\n\t<meta property=\"og:image:width\" content=\"1707\" \/>\n\t<meta property=\"og:image:height\" content=\"2560\" \/>\n\t<meta property=\"og:image:type\" content=\"image\/webp\" \/>\n<meta name=\"twitter:card\" content=\"summary_large_image\" \/>\n<meta name=\"twitter:label1\" content=\"Est. reading time\" \/>\n\t<meta name=\"twitter:data1\" content=\"2 minutes\" \/>\n<script type=\"application\/ld+json\" class=\"yoast-schema-graph\">{\"@context\":\"https:\/\/schema.org\",\"@graph\":[{\"@type\":\"WebPage\",\"@id\":\"https:\/\/rendez-vous-store.com\/shop\/women\/women-knitwears-discover-our-selection-rendez-vous-store\/labo-art-jacket-gilet-polipo-knitwear-itaca-rendez-vous-store\/\",\"url\":\"https:\/\/rendez-vous-store.com\/shop\/women\/women-knitwears-discover-our-selection-rendez-vous-store\/labo-art-jacket-gilet-polipo-knitwear-itaca-rendez-vous-store\/\",\"name\":\"Labo.art - JACKET GILET POLIPO - KNITWEAR ITACA\",\"isPartOf\":{\"@id\":\"https:\/\/rendez-vous-store.com\/#website\"},\"primaryImageOfPage\":{\"@id\":\"https:\/\/rendez-vous-store.com\/shop\/women\/women-knitwears-discover-our-selection-rendez-vous-store\/labo-art-jacket-gilet-polipo-knitwear-itaca-rendez-vous-store\/#primaryimage\"},\"image\":{\"@id\":\"https:\/\/rendez-vous-store.com\/shop\/women\/women-knitwears-discover-our-selection-rendez-vous-store\/labo-art-jacket-gilet-polipo-knitwear-itaca-rendez-vous-store\/#primaryimage\"},\"thumbnailUrl\":\"https:\/\/rendez-vous-store.com\/app\/uploads\/2026\/02\/IMG_5485_11zon-scaled.webp\",\"datePublished\":\"2026-02-20T15:10:02+00:00\",\"dateModified\":\"2026-03-16T18:55:05+00:00\",\"description\":\"Labo.Art is on Rendez-Vous Store. This Labo.art - JACKET GILET POLIPO - KNITWEAR ITACA is synonymous with sober and minimal elegance. Discover now.\",\"breadcrumb\":{\"@id\":\"https:\/\/rendez-vous-store.com\/shop\/women\/women-knitwears-discover-our-selection-rendez-vous-store\/labo-art-jacket-gilet-polipo-knitwear-itaca-rendez-vous-store\/#breadcrumb\"},\"inLanguage\":\"fr-FR\",\"potentialAction\":[{\"@type\":\"ReadAction\",\"target\":[\"https:\/\/rendez-vous-store.com\/shop\/women\/women-knitwears-discover-our-selection-rendez-vous-store\/labo-art-jacket-gilet-polipo-knitwear-itaca-rendez-vous-store\/\"]}]},{\"@type\":\"ImageObject\",\"inLanguage\":\"fr-FR\",\"@id\":\"https:\/\/rendez-vous-store.com\/shop\/women\/women-knitwears-discover-our-selection-rendez-vous-store\/labo-art-jacket-gilet-polipo-knitwear-itaca-rendez-vous-store\/#primaryimage\",\"url\":\"https:\/\/rendez-vous-store.com\/app\/uploads\/2026\/02\/IMG_5485_11zon-scaled.webp\",\"contentUrl\":\"https:\/\/rendez-vous-store.com\/app\/uploads\/2026\/02\/IMG_5485_11zon-scaled.webp\",\"width\":1707,\"height\":2560,\"caption\":\"Labo.art - JACKET GILET POLIPO - KNITWEAR ITACA\"},{\"@type\":\"BreadcrumbList\",\"@id\":\"https:\/\/rendez-vous-store.com\/shop\/women\/women-knitwears-discover-our-selection-rendez-vous-store\/labo-art-jacket-gilet-polipo-knitwear-itaca-rendez-vous-store\/#breadcrumb\",\"itemListElement\":[{\"@type\":\"ListItem\",\"position\":1,\"name\":\"Home\",\"item\":\"https:\/\/rendez-vous-store.com\/\"},{\"@type\":\"ListItem\",\"position\":2,\"name\":\"Shop\",\"item\":\"https:\/\/www.rendez-vous-store.com\/shop\/\"},{\"@type\":\"ListItem\",\"position\":3,\"name\":\"Labo.art &#8211; JACKET GILET POLIPO &#8211; KNITWEAR ITACA\"}]},{\"@type\":\"WebSite\",\"@id\":\"https:\/\/rendez-vous-store.com\/#website\",\"url\":\"https:\/\/rendez-vous-store.com\/\",\"name\":\"RENDEZ-VOUS STORE\",\"description\":\"Slow Fashion for Women and Men\",\"potentialAction\":[{\"@type\":\"SearchAction\",\"target\":{\"@type\":\"EntryPoint\",\"urlTemplate\":\"https:\/\/rendez-vous-store.com\/?s={search_term_string}\"},\"query-input\":{\"@type\":\"PropertyValueSpecification\",\"valueRequired\":true,\"valueName\":\"search_term_string\"}}],\"inLanguage\":\"fr-FR\"}]}<\/script>\n<!-- \/ Yoast SEO plugin. -->","yoast_head_json":{"title":"Labo.art - JACKET GILET POLIPO - KNITWEAR ITACA","description":"Labo.Art is on Rendez-Vous Store. This Labo.art - JACKET GILET POLIPO - KNITWEAR ITACA is synonymous with sober and minimal elegance. Discover now.","robots":{"index":"index","follow":"follow","max-snippet":"max-snippet:-1","max-image-preview":"max-image-preview:large","max-video-preview":"max-video-preview:-1"},"canonical":"https:\/\/rendez-vous-store.com\/fr\/shop\/women\/women-knitwears-discover-our-selection-rendez-vous-store\/labo-art-jacket-gilet-polipo-knitwear-itaca-rendez-vous-store\/","og_locale":"fr_FR","og_type":"article","og_title":"Labo.art - JACKET GILET POLIPO - KNITWEAR ITACA","og_description":"Labo.Art is on Rendez-Vous Store. This Labo.art - JACKET GILET POLIPO - KNITWEAR ITACA is synonymous with sober and minimal elegance. Discover now.","og_url":"https:\/\/rendez-vous-store.com\/fr\/shop\/women\/women-knitwears-discover-our-selection-rendez-vous-store\/labo-art-jacket-gilet-polipo-knitwear-itaca-rendez-vous-store\/","og_site_name":"RENDEZ-VOUS STORE","article_modified_time":"2026-03-16T18:55:05+00:00","og_image":[{"width":1707,"height":2560,"url":"https:\/\/rendez-vous-store.com\/app\/uploads\/2026\/02\/IMG_5485_11zon-scaled.webp","type":"image\/webp"}],"twitter_card":"summary_large_image","twitter_misc":{"Est. reading time":"2 minutes"},"schema":{"@context":"https:\/\/schema.org","@graph":[{"@type":"WebPage","@id":"https:\/\/rendez-vous-store.com\/shop\/women\/women-knitwears-discover-our-selection-rendez-vous-store\/labo-art-jacket-gilet-polipo-knitwear-itaca-rendez-vous-store\/","url":"https:\/\/rendez-vous-store.com\/shop\/women\/women-knitwears-discover-our-selection-rendez-vous-store\/labo-art-jacket-gilet-polipo-knitwear-itaca-rendez-vous-store\/","name":"Labo.art - JACKET GILET POLIPO - KNITWEAR ITACA","isPartOf":{"@id":"https:\/\/rendez-vous-store.com\/#website"},"primaryImageOfPage":{"@id":"https:\/\/rendez-vous-store.com\/shop\/women\/women-knitwears-discover-our-selection-rendez-vous-store\/labo-art-jacket-gilet-polipo-knitwear-itaca-rendez-vous-store\/#primaryimage"},"image":{"@id":"https:\/\/rendez-vous-store.com\/shop\/women\/women-knitwears-discover-our-selection-rendez-vous-store\/labo-art-jacket-gilet-polipo-knitwear-itaca-rendez-vous-store\/#primaryimage"},"thumbnailUrl":"https:\/\/rendez-vous-store.com\/app\/uploads\/2026\/02\/IMG_5485_11zon-scaled.webp","datePublished":"2026-02-20T15:10:02+00:00","dateModified":"2026-03-16T18:55:05+00:00","description":"Labo.Art is on Rendez-Vous Store. This Labo.art - JACKET GILET POLIPO - KNITWEAR ITACA is synonymous with sober and minimal elegance. Discover now.","breadcrumb":{"@id":"https:\/\/rendez-vous-store.com\/shop\/women\/women-knitwears-discover-our-selection-rendez-vous-store\/labo-art-jacket-gilet-polipo-knitwear-itaca-rendez-vous-store\/#breadcrumb"},"inLanguage":"fr-FR","potentialAction":[{"@type":"ReadAction","target":["https:\/\/rendez-vous-store.com\/shop\/women\/women-knitwears-discover-our-selection-rendez-vous-store\/labo-art-jacket-gilet-polipo-knitwear-itaca-rendez-vous-store\/"]}]},{"@type":"ImageObject","inLanguage":"fr-FR","@id":"https:\/\/rendez-vous-store.com\/shop\/women\/women-knitwears-discover-our-selection-rendez-vous-store\/labo-art-jacket-gilet-polipo-knitwear-itaca-rendez-vous-store\/#primaryimage","url":"https:\/\/rendez-vous-store.com\/app\/uploads\/2026\/02\/IMG_5485_11zon-scaled.webp","contentUrl":"https:\/\/rendez-vous-store.com\/app\/uploads\/2026\/02\/IMG_5485_11zon-scaled.webp","width":1707,"height":2560,"caption":"Labo.art - JACKET GILET POLIPO - KNITWEAR ITACA"},{"@type":"BreadcrumbList","@id":"https:\/\/rendez-vous-store.com\/shop\/women\/women-knitwears-discover-our-selection-rendez-vous-store\/labo-art-jacket-gilet-polipo-knitwear-itaca-rendez-vous-store\/#breadcrumb","itemListElement":[{"@type":"ListItem","position":1,"name":"Home","item":"https:\/\/rendez-vous-store.com\/"},{"@type":"ListItem","position":2,"name":"Shop","item":"https:\/\/www.rendez-vous-store.com\/shop\/"},{"@type":"ListItem","position":3,"name":"Labo.art &#8211; JACKET GILET POLIPO &#8211; KNITWEAR ITACA"}]},{"@type":"WebSite","@id":"https:\/\/rendez-vous-store.com\/#website","url":"https:\/\/rendez-vous-store.com\/","name":"RENDEZ-VOUS STORE","description":"Slow Fashion for Women and Men","potentialAction":[{"@type":"SearchAction","target":{"@type":"EntryPoint","urlTemplate":"https:\/\/rendez-vous-store.com\/?s={search_term_string}"},"query-input":{"@type":"PropertyValueSpecification","valueRequired":true,"valueName":"search_term_string"}}],"inLanguage":"fr-FR"}]}},"_links":{"self":[{"href":"https:\/\/rendez-vous-store.com\/fr\/wp-json\/wp\/v2\/product\/236727","targetHints":{"allow":["GET"]}}],"collection":[{"href":"https:\/\/rendez-vous-store.com\/fr\/wp-json\/wp\/v2\/product"}],"about":[{"href":"https:\/\/rendez-vous-store.com\/fr\/wp-json\/wp\/v2\/types\/product"}],"wp:featuredmedia":[{"embeddable":true,"href":"https:\/\/rendez-vous-store.com\/fr\/wp-json\/wp\/v2\/media\/237256"}],"wp:attachment":[{"href":"https:\/\/rendez-vous-store.com\/fr\/wp-json\/wp\/v2\/media?parent=236727"}],"wp:term":[{"taxonomy":"product_brand","embeddable":true,"href":"https:\/\/rendez-vous-store.com\/fr\/wp-json\/wp\/v2\/product_brand?post=236727"},{"taxonomy":"product_cat","embeddable":true,"href":"https:\/\/rendez-vous-store.com\/fr\/wp-json\/wp\/v2\/product_cat?post=236727"},{"taxonomy":"product_tag","embeddable":true,"href":"https:\/\/rendez-vous-store.com\/fr\/wp-json\/wp\/v2\/product_tag?post=236727"}],"curies":[{"name":"wp","href":"https:\/\/api.w.org\/{rel}","templated":true}]}}