{"id":236696,"date":"2026-02-20T16:05:35","date_gmt":"2026-02-20T15:05:35","guid":{"rendered":"https:\/\/rendez-vous-store.com\/?post_type=product&#038;p=236696"},"modified":"2026-04-24T16:54:30","modified_gmt":"2026-04-24T14:54:30","slug":"labo-art-jacket-gilet-polipo-knitwear-olive-rendez-vous-store","status":"publish","type":"product","link":"https:\/\/rendez-vous-store.com\/fr\/shop\/women\/women-knitwears-discover-our-selection-rendez-vous-store\/labo-art-jacket-gilet-polipo-knitwear-olive-rendez-vous-store\/","title":{"rendered":"Labo.art \u2013 GILET POLIPO \u2013 TRICOT OLIVE"},"content":{"rendered":"<p><strong>Labo.art \u2013 GILET POLIPO \u2013 TRICOT OLIVE<\/strong><\/p>\n<p>Couleur : OLIVE<\/p>\n<p>MANCHES COURTES<\/p>\n<p>col bateau<\/p>\n<p>COUPE D\u00c9TENDUE<\/p>\n<p>COMPOSITION : 100% COTON<\/p>\n<p>FABRIQU\u00c9 EN ITALIE<\/p>\n<p>&nbsp;<\/p>\n<p>&nbsp;<\/p>\n<p>&nbsp;<\/p>\n<p>&nbsp;<\/p>\n<div class=\"flex flex-col text-sm\">\n<article class=\"text-token-text-primary w-full focus:outline-none [--shadow-height:45px] has-data-writing-block:pointer-events-none has-data-writing-block:-mt-(--shadow-height) has-data-writing-block:pt-(--shadow-height) [&amp;:has([data-writing-block])&gt;*]:pointer-events-auto scroll-mt-[calc(var(--header-height)+min(200px,max(70px,20svh)))]\" dir=\"auto\" tabindex=\"-1\" data-turn-id=\"request-6926c112-6468-8332-b84c-86b45ca61a89-4\" data-testid=\"conversation-turn-277\" data-scroll-anchor=\"true\" data-turn=\"assistant\">\n<div class=\"text-base my-auto mx-auto pb-10 [--thread-content-margin:--spacing(4)] @w-sm\/main:[--thread-content-margin:--spacing(6)] @w-lg\/main:[--thread-content-margin:--spacing(16)] px-(--thread-content-margin)\">\n<div class=\"[--thread-content-max-width:40rem] @w-lg\/main:[--thread-content-max-width:48rem] mx-auto max-w-(--thread-content-max-width) flex-1 group\/turn-messages focus-visible:outline-hidden relative flex w-full min-w-0 flex-col agent-turn\" tabindex=\"-1\">\n<div class=\"flex max-w-full flex-col grow\">\n<div class=\"min-h-8 text-message relative flex w-full flex-col items-end gap-2 text-start break-words whitespace-normal [.text-message+&amp;]:mt-1\" dir=\"auto\" data-message-author-role=\"assistant\" data-message-id=\"a54fc4df-7e6d-4aeb-b759-3550d91115f5\" data-message-model-slug=\"gpt-5-2\">\n<div class=\"flex w-full flex-col gap-1 empty:hidden first:pt-[1px]\">\n<div class=\"markdown prose dark:prose-invert w-full wrap-break-word light markdown-new-styling\">\n<p data-start=\"0\" data-end=\"13\"><strong>Le produit<\/strong><\/p>\n<p data-start=\"15\" data-end=\"444\">Le <span class=\"hover:entity-accent entity-underline inline cursor-pointer align-baseline\"><span class=\"whitespace-normal\">Labo.Art<\/span><\/span> \u2013 Gilet Polipo \u2013 Tricot Vert Olive marie un tricot raffin\u00e9 \u00e0 une silhouette de veste moderne dans une teinte naturelle et terreuse. Pour commencer, le tissu tricot\u00e9 vert olive offre une sensation douce mais structur\u00e9e, alliant confort et profondeur visuelle. De plus, le design inspir\u00e9 du gilet cr\u00e9e une pi\u00e8ce polyvalente qui fonctionne comme une couche ext\u00e9rieure l\u00e9g\u00e8re ou comme \u00e9l\u00e9ment de style sur des chemises et des robes.<\/p>\n<p data-start=\"446\" data-end=\"818\">De plus, les lignes \u00e9pur\u00e9es et les proportions ma\u00eetris\u00e9es fa\u00e7onnent une silhouette d\u00e9contract\u00e9e mais \u00e9l\u00e9gante. Le blouson s'int\u00e8gre ainsi facilement dans une garde-robe d\u00e9contract\u00e9e ou plus sophistiqu\u00e9e. De plus, la texture tricot\u00e9e ajoute de la richesse tout en conservant un aspect fluide et l\u00e9ger. En fin de compte, cette pi\u00e8ce exprime un \u00e9quilibre entre praticit\u00e9 et sophistication intemporelle.<\/p>\n<p data-start=\"446\" data-end=\"818\">\n<\/div>\n<\/div>\n<\/div>\n<div class=\"min-h-8 text-message relative flex w-full flex-col items-end gap-2 text-start break-words whitespace-normal [.text-message+&amp;]:mt-1\" dir=\"auto\" data-message-author-role=\"assistant\" data-message-id=\"a54fc4df-7e6d-4aeb-b759-3550d91115f5\" data-message-model-slug=\"gpt-5-2\">\n<div class=\"flex w-full flex-col gap-1 empty:hidden first:pt-[1px]\">\n<div class=\"markdown prose dark:prose-invert w-full wrap-break-word light markdown-new-styling\">\n<p data-start=\"820\" data-end=\"831\"><strong>La marque<\/strong><\/p>\n<p data-start=\"833\" data-end=\"1064\">Labo.Art est une marque de mode italienne fond\u00e9e en 2008 qui cr\u00e9e des v\u00eatements de haute qualit\u00e9 pour femmes. La marque s\u00e9lectionne des mat\u00e9riaux de luxe et applique des techniques de couture sophistiqu\u00e9es pour confectionner des v\u00eatements qui durent et restent distinctifs.<\/p>\n<p data-start=\"1066\" data-end=\"1378\">De plus, Labo.Art s'inspire de moments cl\u00e9s de l'histoire de la mode, du th\u00e9\u00e2tre et du cin\u00e9ma. En outre, la marque construit son esth\u00e9tique sur un design \u00e9pur\u00e9 et un go\u00fbt raffin\u00e9, ce qui forme un style \u00e9l\u00e9gant et reconnaissable. Par cons\u00e9quent, chaque v\u00eatement refl\u00e8te un \u00e9quilibre soign\u00e9 entre cr\u00e9ativit\u00e9 et pr\u00e9cision.<\/p>\n<p data-start=\"1066\" data-end=\"1378\">\n<\/div>\n<\/div>\n<\/div>\n<div class=\"min-h-8 text-message relative flex w-full flex-col items-end gap-2 text-start break-words whitespace-normal [.text-message+&amp;]:mt-1\" dir=\"auto\" data-message-author-role=\"assistant\" data-message-id=\"a54fc4df-7e6d-4aeb-b759-3550d91115f5\" data-message-model-slug=\"gpt-5-2\">\n<div class=\"flex w-full flex-col gap-1 empty:hidden first:pt-[1px]\">\n<div class=\"markdown prose dark:prose-invert w-full wrap-break-word light markdown-new-styling\">\n<p data-start=\"1380\" data-end=\"1396\"><strong>La collection<\/strong><\/p>\n<p data-start=\"1398\" data-end=\"1690\">Les collections de Labo.Art marient des mat\u00e9riaux de premi\u00e8re qualit\u00e9 \u00e0 une conception r\u00e9fl\u00e9chie et pr\u00e9cise. Chaque saison, la marque revisite les formes classiques et les affine gr\u00e2ce au choix des tissus, aux proportions et \u00e0 des d\u00e9tails de construction subtils. Par cons\u00e9quent, les v\u00eatements semblent contemporains tout en restant ancr\u00e9s dans la tradition.<\/p>\n<p data-start=\"1692\" data-end=\"1972\" data-is-last-node=\"\" data-is-only-node=\"\">De plus, la marque produit chaque pi\u00e8ce selon les normes les plus \u00e9lev\u00e9es du Made in Italy, garantissant un savoir-faire raffin\u00e9 et une qualit\u00e9 durable. En fin de compte, la collection offre une garde-robe d'essentiels \u00e9l\u00e9gants qui allie culture, sophistication et portabilit\u00e9 au quotidien.<\/p>\n<p data-start=\"1692\" data-end=\"1972\" data-is-last-node=\"\" data-is-only-node=\"\">\n<\/div>\n<\/div>\n<\/div>\n<\/div>\n<div class=\"z-0 flex min-h-[46px] justify-start\"><\/div>\n<\/div>\n<div class=\"text-center\"><a href=\"https:\/\/www.instagram.com\/p\/DVJDGbeFYxN\/?img_index=1\">Retrouvez nos looks sur notre Instagram<\/a><\/div>\n<\/div>\n<\/article>\n<\/div>\n<div class=\"pointer-events-none h-px w-px absolute bottom-0\" aria-hidden=\"true\" data-edge=\"true\"><\/div>","protected":false},"excerpt":{"rendered":"<p>Labo.art &#8211; JACKET GILET POLIPO &#8211; KNITWEAR OLIVE Color: OLIVE SHORT-SLEEVE BOAT NECK RELAXED FIT COMPOSITION : 100% COTTON MADE IN ITALY &nbsp; &nbsp; &nbsp; &nbsp; The product The Labo.Art \u2013 Jacket Gilet Polipo \u2013 Knitwear Olive combines refined knitwear with a modern jacket silhouette in a natural, earthy tone. To begin with, the olive&hellip; <a class=\"more-link\" href=\"https:\/\/rendez-vous-store.com\/fr\/shop\/women\/women-knitwears-discover-our-selection-rendez-vous-store\/labo-art-jacket-gilet-polipo-knitwear-olive-rendez-vous-store\/\">Continuer la lecture <span class=\"screen-reader-text\">Labo.art \u2013 GILET POLIPO \u2013 TRICOT OLIVE<\/span><\/a><\/p>","protected":false},"featured_media":237793,"template":"","meta":{"_acf_changed":false},"product_brand":[],"product_cat":[17,1062,199],"product_tag":[1055],"class_list":{"0":"post-236696","1":"product","2":"type-product","3":"status-publish","4":"has-post-thumbnail","6":"product_cat-women","7":"product_cat-new-women-selection-rendez-vous-store","8":"product_cat-women-knitwears-discover-our-selection-rendez-vous-store","9":"product_tag-labo-art-designers-rendez-vous-store","10":"entry","12":"first","13":"outofstock","14":"taxable","15":"shipping-taxable","16":"product-type-variable"},"acf":[],"yoast_head":"<!-- This site is optimized with the Yoast SEO plugin v24.9 - https:\/\/yoast.com\/wordpress\/plugins\/seo\/ -->\n<title>Labo.art - JACKET GILET POLIPO - KNITWEAR OLIVE<\/title>\n<meta name=\"description\" content=\"Labo.Art is on Rendez-Vous Store. This Labo.art - JACKET GILET POLIPO - KNITWEAR OLIVE is synonymous with sober and minimal elegance. Discover now.\" \/>\n<meta name=\"robots\" content=\"index, follow, max-snippet:-1, max-image-preview:large, max-video-preview:-1\" \/>\n<link rel=\"canonical\" href=\"https:\/\/rendez-vous-store.com\/fr\/shop\/women\/women-knitwears-discover-our-selection-rendez-vous-store\/labo-art-jacket-gilet-polipo-knitwear-olive-rendez-vous-store\/\" \/>\n<meta property=\"og:locale\" content=\"fr_FR\" \/>\n<meta property=\"og:type\" content=\"article\" \/>\n<meta property=\"og:title\" content=\"Labo.art - JACKET GILET POLIPO - KNITWEAR OLIVE\" \/>\n<meta property=\"og:description\" content=\"Labo.Art is on Rendez-Vous Store. This Labo.art - JACKET GILET POLIPO - KNITWEAR OLIVE is synonymous with sober and minimal elegance. Discover now.\" \/>\n<meta property=\"og:url\" content=\"https:\/\/rendez-vous-store.com\/fr\/shop\/women\/women-knitwears-discover-our-selection-rendez-vous-store\/labo-art-jacket-gilet-polipo-knitwear-olive-rendez-vous-store\/\" \/>\n<meta property=\"og:site_name\" content=\"RENDEZ-VOUS STORE\" \/>\n<meta property=\"article:modified_time\" content=\"2026-04-24T14:54:30+00:00\" \/>\n<meta property=\"og:image\" content=\"https:\/\/rendez-vous-store.com\/app\/uploads\/2026\/02\/IMG_6897_11zon-scaled.webp\" \/>\n\t<meta property=\"og:image:width\" content=\"1707\" \/>\n\t<meta property=\"og:image:height\" content=\"2560\" \/>\n\t<meta property=\"og:image:type\" content=\"image\/webp\" \/>\n<meta name=\"twitter:card\" content=\"summary_large_image\" \/>\n<meta name=\"twitter:label1\" content=\"Est. reading time\" \/>\n\t<meta name=\"twitter:data1\" content=\"2 minutes\" \/>\n<script type=\"application\/ld+json\" class=\"yoast-schema-graph\">{\"@context\":\"https:\/\/schema.org\",\"@graph\":[{\"@type\":\"WebPage\",\"@id\":\"https:\/\/rendez-vous-store.com\/shop\/women\/women-knitwears-discover-our-selection-rendez-vous-store\/labo-art-jacket-gilet-polipo-knitwear-olive-rendez-vous-store\/\",\"url\":\"https:\/\/rendez-vous-store.com\/shop\/women\/women-knitwears-discover-our-selection-rendez-vous-store\/labo-art-jacket-gilet-polipo-knitwear-olive-rendez-vous-store\/\",\"name\":\"Labo.art - JACKET GILET POLIPO - KNITWEAR OLIVE\",\"isPartOf\":{\"@id\":\"https:\/\/rendez-vous-store.com\/#website\"},\"primaryImageOfPage\":{\"@id\":\"https:\/\/rendez-vous-store.com\/shop\/women\/women-knitwears-discover-our-selection-rendez-vous-store\/labo-art-jacket-gilet-polipo-knitwear-olive-rendez-vous-store\/#primaryimage\"},\"image\":{\"@id\":\"https:\/\/rendez-vous-store.com\/shop\/women\/women-knitwears-discover-our-selection-rendez-vous-store\/labo-art-jacket-gilet-polipo-knitwear-olive-rendez-vous-store\/#primaryimage\"},\"thumbnailUrl\":\"https:\/\/rendez-vous-store.com\/app\/uploads\/2026\/02\/IMG_6897_11zon-scaled.webp\",\"datePublished\":\"2026-02-20T15:05:35+00:00\",\"dateModified\":\"2026-04-24T14:54:30+00:00\",\"description\":\"Labo.Art is on Rendez-Vous Store. This Labo.art - JACKET GILET POLIPO - KNITWEAR OLIVE is synonymous with sober and minimal elegance. Discover now.\",\"breadcrumb\":{\"@id\":\"https:\/\/rendez-vous-store.com\/shop\/women\/women-knitwears-discover-our-selection-rendez-vous-store\/labo-art-jacket-gilet-polipo-knitwear-olive-rendez-vous-store\/#breadcrumb\"},\"inLanguage\":\"fr-FR\",\"potentialAction\":[{\"@type\":\"ReadAction\",\"target\":[\"https:\/\/rendez-vous-store.com\/shop\/women\/women-knitwears-discover-our-selection-rendez-vous-store\/labo-art-jacket-gilet-polipo-knitwear-olive-rendez-vous-store\/\"]}]},{\"@type\":\"ImageObject\",\"inLanguage\":\"fr-FR\",\"@id\":\"https:\/\/rendez-vous-store.com\/shop\/women\/women-knitwears-discover-our-selection-rendez-vous-store\/labo-art-jacket-gilet-polipo-knitwear-olive-rendez-vous-store\/#primaryimage\",\"url\":\"https:\/\/rendez-vous-store.com\/app\/uploads\/2026\/02\/IMG_6897_11zon-scaled.webp\",\"contentUrl\":\"https:\/\/rendez-vous-store.com\/app\/uploads\/2026\/02\/IMG_6897_11zon-scaled.webp\",\"width\":1707,\"height\":2560,\"caption\":\"Labo.art - JACKET GILET POLIPO - KNITWEAR OLIVE\"},{\"@type\":\"BreadcrumbList\",\"@id\":\"https:\/\/rendez-vous-store.com\/shop\/women\/women-knitwears-discover-our-selection-rendez-vous-store\/labo-art-jacket-gilet-polipo-knitwear-olive-rendez-vous-store\/#breadcrumb\",\"itemListElement\":[{\"@type\":\"ListItem\",\"position\":1,\"name\":\"Home\",\"item\":\"https:\/\/rendez-vous-store.com\/\"},{\"@type\":\"ListItem\",\"position\":2,\"name\":\"Shop\",\"item\":\"https:\/\/www.rendez-vous-store.com\/shop\/\"},{\"@type\":\"ListItem\",\"position\":3,\"name\":\"Labo.art &#8211; JACKET GILET POLIPO &#8211; KNITWEAR OLIVE\"}]},{\"@type\":\"WebSite\",\"@id\":\"https:\/\/rendez-vous-store.com\/#website\",\"url\":\"https:\/\/rendez-vous-store.com\/\",\"name\":\"RENDEZ-VOUS STORE\",\"description\":\"Slow Fashion for Women and Men\",\"potentialAction\":[{\"@type\":\"SearchAction\",\"target\":{\"@type\":\"EntryPoint\",\"urlTemplate\":\"https:\/\/rendez-vous-store.com\/?s={search_term_string}\"},\"query-input\":{\"@type\":\"PropertyValueSpecification\",\"valueRequired\":true,\"valueName\":\"search_term_string\"}}],\"inLanguage\":\"fr-FR\"}]}<\/script>\n<!-- \/ Yoast SEO plugin. -->","yoast_head_json":{"title":"Labo.art - JACKET GILET POLIPO - KNITWEAR OLIVE","description":"Labo.Art is on Rendez-Vous Store. This Labo.art - JACKET GILET POLIPO - KNITWEAR OLIVE is synonymous with sober and minimal elegance. Discover now.","robots":{"index":"index","follow":"follow","max-snippet":"max-snippet:-1","max-image-preview":"max-image-preview:large","max-video-preview":"max-video-preview:-1"},"canonical":"https:\/\/rendez-vous-store.com\/fr\/shop\/women\/women-knitwears-discover-our-selection-rendez-vous-store\/labo-art-jacket-gilet-polipo-knitwear-olive-rendez-vous-store\/","og_locale":"fr_FR","og_type":"article","og_title":"Labo.art - JACKET GILET POLIPO - KNITWEAR OLIVE","og_description":"Labo.Art is on Rendez-Vous Store. This Labo.art - JACKET GILET POLIPO - KNITWEAR OLIVE is synonymous with sober and minimal elegance. Discover now.","og_url":"https:\/\/rendez-vous-store.com\/fr\/shop\/women\/women-knitwears-discover-our-selection-rendez-vous-store\/labo-art-jacket-gilet-polipo-knitwear-olive-rendez-vous-store\/","og_site_name":"RENDEZ-VOUS STORE","article_modified_time":"2026-04-24T14:54:30+00:00","og_image":[{"width":1707,"height":2560,"url":"https:\/\/rendez-vous-store.com\/app\/uploads\/2026\/02\/IMG_6897_11zon-scaled.webp","type":"image\/webp"}],"twitter_card":"summary_large_image","twitter_misc":{"Est. reading time":"2 minutes"},"schema":{"@context":"https:\/\/schema.org","@graph":[{"@type":"WebPage","@id":"https:\/\/rendez-vous-store.com\/shop\/women\/women-knitwears-discover-our-selection-rendez-vous-store\/labo-art-jacket-gilet-polipo-knitwear-olive-rendez-vous-store\/","url":"https:\/\/rendez-vous-store.com\/shop\/women\/women-knitwears-discover-our-selection-rendez-vous-store\/labo-art-jacket-gilet-polipo-knitwear-olive-rendez-vous-store\/","name":"Labo.art - JACKET GILET POLIPO - KNITWEAR OLIVE","isPartOf":{"@id":"https:\/\/rendez-vous-store.com\/#website"},"primaryImageOfPage":{"@id":"https:\/\/rendez-vous-store.com\/shop\/women\/women-knitwears-discover-our-selection-rendez-vous-store\/labo-art-jacket-gilet-polipo-knitwear-olive-rendez-vous-store\/#primaryimage"},"image":{"@id":"https:\/\/rendez-vous-store.com\/shop\/women\/women-knitwears-discover-our-selection-rendez-vous-store\/labo-art-jacket-gilet-polipo-knitwear-olive-rendez-vous-store\/#primaryimage"},"thumbnailUrl":"https:\/\/rendez-vous-store.com\/app\/uploads\/2026\/02\/IMG_6897_11zon-scaled.webp","datePublished":"2026-02-20T15:05:35+00:00","dateModified":"2026-04-24T14:54:30+00:00","description":"Labo.Art is on Rendez-Vous Store. This Labo.art - JACKET GILET POLIPO - KNITWEAR OLIVE is synonymous with sober and minimal elegance. Discover now.","breadcrumb":{"@id":"https:\/\/rendez-vous-store.com\/shop\/women\/women-knitwears-discover-our-selection-rendez-vous-store\/labo-art-jacket-gilet-polipo-knitwear-olive-rendez-vous-store\/#breadcrumb"},"inLanguage":"fr-FR","potentialAction":[{"@type":"ReadAction","target":["https:\/\/rendez-vous-store.com\/shop\/women\/women-knitwears-discover-our-selection-rendez-vous-store\/labo-art-jacket-gilet-polipo-knitwear-olive-rendez-vous-store\/"]}]},{"@type":"ImageObject","inLanguage":"fr-FR","@id":"https:\/\/rendez-vous-store.com\/shop\/women\/women-knitwears-discover-our-selection-rendez-vous-store\/labo-art-jacket-gilet-polipo-knitwear-olive-rendez-vous-store\/#primaryimage","url":"https:\/\/rendez-vous-store.com\/app\/uploads\/2026\/02\/IMG_6897_11zon-scaled.webp","contentUrl":"https:\/\/rendez-vous-store.com\/app\/uploads\/2026\/02\/IMG_6897_11zon-scaled.webp","width":1707,"height":2560,"caption":"Labo.art - JACKET GILET POLIPO - KNITWEAR OLIVE"},{"@type":"BreadcrumbList","@id":"https:\/\/rendez-vous-store.com\/shop\/women\/women-knitwears-discover-our-selection-rendez-vous-store\/labo-art-jacket-gilet-polipo-knitwear-olive-rendez-vous-store\/#breadcrumb","itemListElement":[{"@type":"ListItem","position":1,"name":"Home","item":"https:\/\/rendez-vous-store.com\/"},{"@type":"ListItem","position":2,"name":"Shop","item":"https:\/\/www.rendez-vous-store.com\/shop\/"},{"@type":"ListItem","position":3,"name":"Labo.art &#8211; JACKET GILET POLIPO &#8211; KNITWEAR OLIVE"}]},{"@type":"WebSite","@id":"https:\/\/rendez-vous-store.com\/#website","url":"https:\/\/rendez-vous-store.com\/","name":"RENDEZ-VOUS STORE","description":"Slow Fashion for Women and Men","potentialAction":[{"@type":"SearchAction","target":{"@type":"EntryPoint","urlTemplate":"https:\/\/rendez-vous-store.com\/?s={search_term_string}"},"query-input":{"@type":"PropertyValueSpecification","valueRequired":true,"valueName":"search_term_string"}}],"inLanguage":"fr-FR"}]}},"_links":{"self":[{"href":"https:\/\/rendez-vous-store.com\/fr\/wp-json\/wp\/v2\/product\/236696","targetHints":{"allow":["GET"]}}],"collection":[{"href":"https:\/\/rendez-vous-store.com\/fr\/wp-json\/wp\/v2\/product"}],"about":[{"href":"https:\/\/rendez-vous-store.com\/fr\/wp-json\/wp\/v2\/types\/product"}],"wp:featuredmedia":[{"embeddable":true,"href":"https:\/\/rendez-vous-store.com\/fr\/wp-json\/wp\/v2\/media\/237793"}],"wp:attachment":[{"href":"https:\/\/rendez-vous-store.com\/fr\/wp-json\/wp\/v2\/media?parent=236696"}],"wp:term":[{"taxonomy":"product_brand","embeddable":true,"href":"https:\/\/rendez-vous-store.com\/fr\/wp-json\/wp\/v2\/product_brand?post=236696"},{"taxonomy":"product_cat","embeddable":true,"href":"https:\/\/rendez-vous-store.com\/fr\/wp-json\/wp\/v2\/product_cat?post=236696"},{"taxonomy":"product_tag","embeddable":true,"href":"https:\/\/rendez-vous-store.com\/fr\/wp-json\/wp\/v2\/product_tag?post=236696"}],"curies":[{"name":"wp","href":"https:\/\/api.w.org\/{rel}","templated":true}]}}