{"id":235978,"date":"2026-02-18T14:21:27","date_gmt":"2026-02-18T13:21:27","guid":{"rendered":"https:\/\/rendez-vous-store.com\/?post_type=product&#038;p=235978"},"modified":"2026-03-31T09:50:03","modified_gmt":"2026-03-31T07:50:03","slug":"tarvas-wanderer-suede-black-rendez-vous-store","status":"publish","type":"product","link":"https:\/\/rendez-vous-store.com\/fr\/shop\/men-selection-discover-our-selection-rendez-vous-store\/shoes-men-rendez-vous-store\/tarvas-wanderer-suede-black-rendez-vous-store\/","title":{"rendered":"Tarvas \u2013 VOYAGEUR \u2013 SU\u00c8DE NOIR"},"content":{"rendered":"<div class=\"relative basis-auto flex-col -mb-(--composer-overlap-px) [--composer-overlap-px:28px] grow flex\">\n<div class=\"flex flex-col text-sm\">\n<article class=\"text-token-text-primary w-full focus:outline-none [--shadow-height:45px] has-data-writing-block:pointer-events-none has-data-writing-block:-mt-(--shadow-height) has-data-writing-block:pt-(--shadow-height) [&amp;:has([data-writing-block])&gt;*]:pointer-events-auto scroll-mt-[calc(var(--header-height)+min(200px,max(70px,20svh)))]\" dir=\"auto\" tabindex=\"-1\" data-turn-id=\"request-6926c112-6468-8332-b84c-86b45ca61a89-1\" data-testid=\"conversation-turn-267\" data-scroll-anchor=\"true\" data-turn=\"assistant\">\n<div class=\"text-base my-auto mx-auto pb-10 [--thread-content-margin:--spacing(4)] @w-sm\/main:[--thread-content-margin:--spacing(6)] @w-lg\/main:[--thread-content-margin:--spacing(16)] px-(--thread-content-margin)\">\n<div class=\"[--thread-content-max-width:40rem] @w-lg\/main:[--thread-content-max-width:48rem] mx-auto max-w-(--thread-content-max-width) flex-1 group\/turn-messages focus-visible:outline-hidden relative flex w-full min-w-0 flex-col agent-turn\" tabindex=\"-1\">\n<div class=\"flex max-w-full flex-col grow\">\n<div class=\"min-h-8 text-message relative flex w-full flex-col items-end gap-2 text-start break-words whitespace-normal [.text-message+&amp;]:mt-1\" dir=\"auto\" data-message-author-role=\"assistant\" data-message-id=\"6bfe42e5-1e3d-49d8-ad59-97991d52273f\" data-message-model-slug=\"gpt-5-2\">\n<div class=\"flex w-full flex-col gap-1 empty:hidden first:pt-[1px]\">\n<div class=\"markdown prose dark:prose-invert w-full wrap-break-word light markdown-new-styling\">\n<p data-start=\"213\" data-end=\"248\"><strong>Tarvas \u2013 VOYAGEUR \u2013 SU\u00c8DE NOIR<\/strong><\/p>\n<p data-start=\"213\" data-end=\"248\">Couleur : Noir<\/p>\n<p data-start=\"213\" data-end=\"248\">Composition : Daim<\/p>\n<p data-start=\"213\" data-end=\"248\">Fabriqu\u00e9 au Portugal<\/p>\n<p data-start=\"213\" data-end=\"248\">\n<p data-start=\"250\" data-end=\"263\"><strong>Le produit<\/strong><\/p>\n<p data-start=\"265\" data-end=\"642\">Le Tarvas \u2013 Wanderer \u2013 Suede Black allie fonctionnalit\u00e9 outdoor et design \u00e9pur\u00e9 et minimaliste. Tout d'abord, l'empeigne en daim noir apporte un look raffin\u00e9 et polyvalent tout en restant robuste et confortable pour un usage quotidien. De plus, la semelle ext\u00e9rieure en caoutchouc \u00e0 profil bas offre une adh\u00e9rence fiable et de la souplesse, rendant la chaussure adapt\u00e9e \u00e0 la fois \u00e0 un usage urbain et aux promenades ext\u00e9rieures l\u00e9g\u00e8res.<\/p>\n<p data-start=\"644\" data-end=\"967\">De plus, la simple construction \u00e0 lacets assure un ajustement facile et s\u00fbr. Ainsi, la chaussure s'adapte naturellement aux mouvements quotidiens et au port prolong\u00e9. De plus, la texture douce du daim ajoute de la chaleur et de la profondeur \u00e0 la silhouette. Finalement, ce mod\u00e8le offre un m\u00e9lange \u00e9quilibr\u00e9 de durabilit\u00e9, de confort et de style discret.<\/p>\n<\/div>\n<\/div>\n<p data-start=\"644\" data-end=\"967\">\n<div class=\"flex w-full flex-col gap-1 empty:hidden first:pt-[1px]\">\n<div class=\"markdown prose dark:prose-invert w-full wrap-break-word light markdown-new-styling\">\n<p data-start=\"969\" data-end=\"980\"><strong>La marque<\/strong><\/p>\n<p data-start=\"982\" data-end=\"1213\">Tarvas est une marque finlandaise de chaussures bas\u00e9e \u00e0 Helsinki, ax\u00e9e sur la cr\u00e9ation de chaussures qui font le pont entre la performance en ext\u00e9rieur et la vie quotidienne. La marque met l'accent sur la fonctionnalit\u00e9, la durabilit\u00e9 et une esth\u00e9tique scandinave \u00e9pur\u00e9e.<\/p>\n<p data-start=\"1215\" data-end=\"1479\">De plus, Tarvas con\u00e7oit ses chaussures avec une construction pratique et des mat\u00e9riaux soigneusement s\u00e9lectionn\u00e9s. En outre, la marque privil\u00e9gie la simplicit\u00e9 et l'utilit\u00e9 \u00e0 un design excessif. En cons\u00e9quence, Tarvas cr\u00e9e des chaussures fiables, polyvalentes et intemporelles par essence.<\/p>\n<\/div>\n<\/div>\n<p data-start=\"1215\" data-end=\"1479\">\n<div class=\"flex w-full flex-col gap-1 empty:hidden first:pt-[1px]\">\n<div class=\"markdown prose dark:prose-invert w-full wrap-break-word light markdown-new-styling\">\n<p data-start=\"1481\" data-end=\"1497\"><strong>La collection<\/strong><\/p>\n<p data-start=\"1499\" data-end=\"1751\">La ligne Wanderer refl\u00e8te la philosophie de Tarvas en mati\u00e8re de mouvement et d'adaptabilit\u00e9. Chaque mod\u00e8le est con\u00e7u pour passer facilement de la ville \u00e0 la nature. Par cons\u00e9quent, la collection se concentre sur une construction l\u00e9g\u00e8re, le confort et des d\u00e9tails techniques discrets.<\/p>\n<p data-start=\"1753\" data-end=\"1940\">De plus, les mat\u00e9riaux sont choisis pour vieillir naturellement et d\u00e9velopper du caract\u00e8re avec l'usure. En fin de compte, la collection offre des chaussures pratiques ancr\u00e9es dans un design minimaliste et une utilit\u00e9 quotidienne.<\/p>\n<\/div>\n<\/div>\n<\/div>\n<\/div>\n<\/div>\n<\/div>\n<\/article>\n<\/div>\n<\/div>\n<div id=\"thread-bottom-container\" class=\"sticky bottom-0 group\/thread-bottom-container relative isolate z-10 w-full basis-auto has-data-has-thread-error:pt-2 has-data-has-thread-error:[box-shadow:var(--sharp-edge-bottom-shadow)] md:border-transparent md:pt-0 dark:border-white\/20 md:dark:border-transparent print:hidden content-fade single-line flex flex-col\">\n<div id=\"thread-bottom\">\n<div class=\"text-base mx-auto [--thread-content-margin:--spacing(4)] @w-sm\/main:[--thread-content-margin:--spacing(6)] @w-lg\/main:[--thread-content-margin:--spacing(16)] px-(--thread-content-margin)\">\n<div class=\"[--thread-content-max-width:40rem] @w-lg\/main:[--thread-content-max-width:48rem] mx-auto max-w-(--thread-content-max-width) flex-1 mb-4\">\n<div class=\"pointer-events-auto relative z-1 flex h-(--composer-container-height,100%) max-w-full flex-(--composer-container-flex,1) flex-col\">\n<div class=\"absolute start-0 end-0 bottom-full -z-1\">\n<div class=\"relative h-full w-full\">\n<div class=\"mb-2 flex flex-col gap-3.5 pt-2\">\n<div>\n<div class=\"relative\">\n<aside class=\"flex w-full items-start gap-4 rounded-3xl border py-4 ps-5 pe-3 text-sm [text-wrap:pretty] lg:mx-auto dark:border-transparent md:items-center border-token-border-default bg-token-main-surface-primary text-token-text-primary dark:bg-token-main-surface-secondary relative -mb-9 ps-4! pe-2.5! pt-2.5 pb-9! rounded-t-[32px] rounded-b-none border border-b-0 bg-token-bg-tertiary! dark:bg-token-bg-tertiary! border-token-border-strong\/60 dark:border-token-border-strong\/60\">\n<div class=\"flex h-full w-full gap-3 md:items-center\">\n<div class=\"flex grow flex-col md:flex-row md:items-center md:justify-between md:gap-8\">\n<div class=\"flex flex-col\">\n<div class=\"\">\n<div class=\"text-token-text-secondary text-sm\"><\/div>\n<\/div>\n<\/div>\n<div class=\"mt-2 flex min-w-fit flex-col gap-2 md:mt-0 md:items-center md:gap-4\">\n<div class=\"m-w-fit flex shrink-0 gap-2 pb-1 md:pb-0\">\n<div class=\"flex w-full flex-col gap-2 sm:flex-row sm:items-center sm:gap-3\">\n<div class=\"flex items-center justify-center\"><\/div>\n<\/div>\n<\/div>\n<\/div>\n<\/div>\n<\/div>\n<\/aside>\n<\/div>\n<\/div>\n<\/div>\n<\/div>\n<\/div>\n<\/div>\n<\/div>\n<\/div>\n<\/div>\n<\/div>","protected":false},"excerpt":{"rendered":"<p>Tarvas &#8211; WANDERER &#8211; SUEDE BLACK Color: Black Composition: Suede Made in Portugal The product The Tarvas \u2013 Wanderer \u2013 Suede Black combines outdoor functionality with a clean, minimalist design. To begin with, the black suede upper brings a refined and versatile look while remaining robust and comfortable for everyday wear. Moreover, the low-profile rubber&hellip; <a class=\"more-link\" href=\"https:\/\/rendez-vous-store.com\/fr\/shop\/men-selection-discover-our-selection-rendez-vous-store\/shoes-men-rendez-vous-store\/tarvas-wanderer-suede-black-rendez-vous-store\/\">Continuer la lecture <span class=\"screen-reader-text\">Tarvas \u2013 VOYAGEUR \u2013 SU\u00c8DE NOIR<\/span><\/a><\/p>","protected":false},"featured_media":236971,"template":"","meta":{"_acf_changed":false},"product_brand":[],"product_cat":[20,181],"product_tag":[1295],"class_list":{"0":"post-235978","1":"product","2":"type-product","3":"status-publish","4":"has-post-thumbnail","6":"product_cat-men-selection-discover-our-selection-rendez-vous-store","7":"product_cat-shoes-men-rendez-vous-store","8":"product_tag-tarvas-rendez-vous-store","9":"entry","11":"first","12":"outofstock","13":"taxable","14":"shipping-taxable","15":"product-type-variable","16":"has-default-attributes"},"acf":[],"yoast_head":"<!-- This site is optimized with the Yoast SEO plugin v24.9 - https:\/\/yoast.com\/wordpress\/plugins\/seo\/ -->\n<title>Tarvas - WANDERER - SUEDE BLACK<\/title>\n<meta name=\"description\" content=\"Tarvas - WANDERER - SUEDE BLACK worked on and refined a footwear silhouette inspired by the Nordic climate and timeless style. Discover now.\" \/>\n<meta name=\"robots\" content=\"index, follow, max-snippet:-1, max-image-preview:large, max-video-preview:-1\" \/>\n<link rel=\"canonical\" href=\"https:\/\/rendez-vous-store.com\/fr\/shop\/men-selection-discover-our-selection-rendez-vous-store\/shoes-men-rendez-vous-store\/tarvas-wanderer-suede-black-rendez-vous-store\/\" \/>\n<meta property=\"og:locale\" content=\"fr_FR\" \/>\n<meta property=\"og:type\" content=\"article\" \/>\n<meta property=\"og:title\" content=\"Tarvas - WANDERER - SUEDE BLACK\" \/>\n<meta property=\"og:description\" content=\"Tarvas - WANDERER - SUEDE BLACK worked on and refined a footwear silhouette inspired by the Nordic climate and timeless style. Discover now.\" \/>\n<meta property=\"og:url\" content=\"https:\/\/rendez-vous-store.com\/fr\/shop\/men-selection-discover-our-selection-rendez-vous-store\/shoes-men-rendez-vous-store\/tarvas-wanderer-suede-black-rendez-vous-store\/\" \/>\n<meta property=\"og:site_name\" content=\"RENDEZ-VOUS STORE\" \/>\n<meta property=\"article:modified_time\" content=\"2026-03-31T07:50:03+00:00\" \/>\n<meta property=\"og:image\" content=\"https:\/\/rendez-vous-store.com\/app\/uploads\/2026\/02\/479.webp\" \/>\n\t<meta property=\"og:image:width\" content=\"1696\" \/>\n\t<meta property=\"og:image:height\" content=\"2560\" \/>\n\t<meta property=\"og:image:type\" content=\"image\/webp\" \/>\n<meta name=\"twitter:card\" content=\"summary_large_image\" \/>\n<meta name=\"twitter:label1\" content=\"Est. reading time\" \/>\n\t<meta name=\"twitter:data1\" content=\"2 minutes\" \/>\n<script type=\"application\/ld+json\" class=\"yoast-schema-graph\">{\"@context\":\"https:\/\/schema.org\",\"@graph\":[{\"@type\":\"WebPage\",\"@id\":\"https:\/\/rendez-vous-store.com\/shop\/men-selection-discover-our-selection-rendez-vous-store\/shoes-men-rendez-vous-store\/tarvas-wanderer-suede-black-rendez-vous-store\/\",\"url\":\"https:\/\/rendez-vous-store.com\/shop\/men-selection-discover-our-selection-rendez-vous-store\/shoes-men-rendez-vous-store\/tarvas-wanderer-suede-black-rendez-vous-store\/\",\"name\":\"Tarvas - WANDERER - SUEDE BLACK\",\"isPartOf\":{\"@id\":\"https:\/\/rendez-vous-store.com\/#website\"},\"primaryImageOfPage\":{\"@id\":\"https:\/\/rendez-vous-store.com\/shop\/men-selection-discover-our-selection-rendez-vous-store\/shoes-men-rendez-vous-store\/tarvas-wanderer-suede-black-rendez-vous-store\/#primaryimage\"},\"image\":{\"@id\":\"https:\/\/rendez-vous-store.com\/shop\/men-selection-discover-our-selection-rendez-vous-store\/shoes-men-rendez-vous-store\/tarvas-wanderer-suede-black-rendez-vous-store\/#primaryimage\"},\"thumbnailUrl\":\"https:\/\/rendez-vous-store.com\/app\/uploads\/2026\/02\/479.webp\",\"datePublished\":\"2026-02-18T13:21:27+00:00\",\"dateModified\":\"2026-03-31T07:50:03+00:00\",\"description\":\"Tarvas - WANDERER - SUEDE BLACK worked on and refined a footwear silhouette inspired by the Nordic climate and timeless style. Discover now.\",\"breadcrumb\":{\"@id\":\"https:\/\/rendez-vous-store.com\/shop\/men-selection-discover-our-selection-rendez-vous-store\/shoes-men-rendez-vous-store\/tarvas-wanderer-suede-black-rendez-vous-store\/#breadcrumb\"},\"inLanguage\":\"fr-FR\",\"potentialAction\":[{\"@type\":\"ReadAction\",\"target\":[\"https:\/\/rendez-vous-store.com\/shop\/men-selection-discover-our-selection-rendez-vous-store\/shoes-men-rendez-vous-store\/tarvas-wanderer-suede-black-rendez-vous-store\/\"]}]},{\"@type\":\"ImageObject\",\"inLanguage\":\"fr-FR\",\"@id\":\"https:\/\/rendez-vous-store.com\/shop\/men-selection-discover-our-selection-rendez-vous-store\/shoes-men-rendez-vous-store\/tarvas-wanderer-suede-black-rendez-vous-store\/#primaryimage\",\"url\":\"https:\/\/rendez-vous-store.com\/app\/uploads\/2026\/02\/479.webp\",\"contentUrl\":\"https:\/\/rendez-vous-store.com\/app\/uploads\/2026\/02\/479.webp\",\"width\":1696,\"height\":2560},{\"@type\":\"BreadcrumbList\",\"@id\":\"https:\/\/rendez-vous-store.com\/shop\/men-selection-discover-our-selection-rendez-vous-store\/shoes-men-rendez-vous-store\/tarvas-wanderer-suede-black-rendez-vous-store\/#breadcrumb\",\"itemListElement\":[{\"@type\":\"ListItem\",\"position\":1,\"name\":\"Home\",\"item\":\"https:\/\/rendez-vous-store.com\/\"},{\"@type\":\"ListItem\",\"position\":2,\"name\":\"Shop\",\"item\":\"https:\/\/www.rendez-vous-store.com\/shop\/\"},{\"@type\":\"ListItem\",\"position\":3,\"name\":\"Tarvas &#8211; WANDERER &#8211; SUEDE BLACK\"}]},{\"@type\":\"WebSite\",\"@id\":\"https:\/\/rendez-vous-store.com\/#website\",\"url\":\"https:\/\/rendez-vous-store.com\/\",\"name\":\"RENDEZ-VOUS STORE\",\"description\":\"Slow Fashion for Women and Men\",\"potentialAction\":[{\"@type\":\"SearchAction\",\"target\":{\"@type\":\"EntryPoint\",\"urlTemplate\":\"https:\/\/rendez-vous-store.com\/?s={search_term_string}\"},\"query-input\":{\"@type\":\"PropertyValueSpecification\",\"valueRequired\":true,\"valueName\":\"search_term_string\"}}],\"inLanguage\":\"fr-FR\"}]}<\/script>\n<!-- \/ Yoast SEO plugin. -->","yoast_head_json":{"title":"Tarvas - WANDERER - SUEDE BLACK","description":"Tarvas - WANDERER - SUEDE BLACK worked on and refined a footwear silhouette inspired by the Nordic climate and timeless style. Discover now.","robots":{"index":"index","follow":"follow","max-snippet":"max-snippet:-1","max-image-preview":"max-image-preview:large","max-video-preview":"max-video-preview:-1"},"canonical":"https:\/\/rendez-vous-store.com\/fr\/shop\/men-selection-discover-our-selection-rendez-vous-store\/shoes-men-rendez-vous-store\/tarvas-wanderer-suede-black-rendez-vous-store\/","og_locale":"fr_FR","og_type":"article","og_title":"Tarvas - WANDERER - SUEDE BLACK","og_description":"Tarvas - WANDERER - SUEDE BLACK worked on and refined a footwear silhouette inspired by the Nordic climate and timeless style. Discover now.","og_url":"https:\/\/rendez-vous-store.com\/fr\/shop\/men-selection-discover-our-selection-rendez-vous-store\/shoes-men-rendez-vous-store\/tarvas-wanderer-suede-black-rendez-vous-store\/","og_site_name":"RENDEZ-VOUS STORE","article_modified_time":"2026-03-31T07:50:03+00:00","og_image":[{"width":1696,"height":2560,"url":"https:\/\/rendez-vous-store.com\/app\/uploads\/2026\/02\/479.webp","type":"image\/webp"}],"twitter_card":"summary_large_image","twitter_misc":{"Est. reading time":"2 minutes"},"schema":{"@context":"https:\/\/schema.org","@graph":[{"@type":"WebPage","@id":"https:\/\/rendez-vous-store.com\/shop\/men-selection-discover-our-selection-rendez-vous-store\/shoes-men-rendez-vous-store\/tarvas-wanderer-suede-black-rendez-vous-store\/","url":"https:\/\/rendez-vous-store.com\/shop\/men-selection-discover-our-selection-rendez-vous-store\/shoes-men-rendez-vous-store\/tarvas-wanderer-suede-black-rendez-vous-store\/","name":"Tarvas - WANDERER - SUEDE BLACK","isPartOf":{"@id":"https:\/\/rendez-vous-store.com\/#website"},"primaryImageOfPage":{"@id":"https:\/\/rendez-vous-store.com\/shop\/men-selection-discover-our-selection-rendez-vous-store\/shoes-men-rendez-vous-store\/tarvas-wanderer-suede-black-rendez-vous-store\/#primaryimage"},"image":{"@id":"https:\/\/rendez-vous-store.com\/shop\/men-selection-discover-our-selection-rendez-vous-store\/shoes-men-rendez-vous-store\/tarvas-wanderer-suede-black-rendez-vous-store\/#primaryimage"},"thumbnailUrl":"https:\/\/rendez-vous-store.com\/app\/uploads\/2026\/02\/479.webp","datePublished":"2026-02-18T13:21:27+00:00","dateModified":"2026-03-31T07:50:03+00:00","description":"Tarvas - WANDERER - SUEDE BLACK worked on and refined a footwear silhouette inspired by the Nordic climate and timeless style. Discover now.","breadcrumb":{"@id":"https:\/\/rendez-vous-store.com\/shop\/men-selection-discover-our-selection-rendez-vous-store\/shoes-men-rendez-vous-store\/tarvas-wanderer-suede-black-rendez-vous-store\/#breadcrumb"},"inLanguage":"fr-FR","potentialAction":[{"@type":"ReadAction","target":["https:\/\/rendez-vous-store.com\/shop\/men-selection-discover-our-selection-rendez-vous-store\/shoes-men-rendez-vous-store\/tarvas-wanderer-suede-black-rendez-vous-store\/"]}]},{"@type":"ImageObject","inLanguage":"fr-FR","@id":"https:\/\/rendez-vous-store.com\/shop\/men-selection-discover-our-selection-rendez-vous-store\/shoes-men-rendez-vous-store\/tarvas-wanderer-suede-black-rendez-vous-store\/#primaryimage","url":"https:\/\/rendez-vous-store.com\/app\/uploads\/2026\/02\/479.webp","contentUrl":"https:\/\/rendez-vous-store.com\/app\/uploads\/2026\/02\/479.webp","width":1696,"height":2560},{"@type":"BreadcrumbList","@id":"https:\/\/rendez-vous-store.com\/shop\/men-selection-discover-our-selection-rendez-vous-store\/shoes-men-rendez-vous-store\/tarvas-wanderer-suede-black-rendez-vous-store\/#breadcrumb","itemListElement":[{"@type":"ListItem","position":1,"name":"Home","item":"https:\/\/rendez-vous-store.com\/"},{"@type":"ListItem","position":2,"name":"Shop","item":"https:\/\/www.rendez-vous-store.com\/shop\/"},{"@type":"ListItem","position":3,"name":"Tarvas &#8211; WANDERER &#8211; SUEDE BLACK"}]},{"@type":"WebSite","@id":"https:\/\/rendez-vous-store.com\/#website","url":"https:\/\/rendez-vous-store.com\/","name":"RENDEZ-VOUS STORE","description":"Slow Fashion for Women and Men","potentialAction":[{"@type":"SearchAction","target":{"@type":"EntryPoint","urlTemplate":"https:\/\/rendez-vous-store.com\/?s={search_term_string}"},"query-input":{"@type":"PropertyValueSpecification","valueRequired":true,"valueName":"search_term_string"}}],"inLanguage":"fr-FR"}]}},"_links":{"self":[{"href":"https:\/\/rendez-vous-store.com\/fr\/wp-json\/wp\/v2\/product\/235978","targetHints":{"allow":["GET"]}}],"collection":[{"href":"https:\/\/rendez-vous-store.com\/fr\/wp-json\/wp\/v2\/product"}],"about":[{"href":"https:\/\/rendez-vous-store.com\/fr\/wp-json\/wp\/v2\/types\/product"}],"wp:featuredmedia":[{"embeddable":true,"href":"https:\/\/rendez-vous-store.com\/fr\/wp-json\/wp\/v2\/media\/236971"}],"wp:attachment":[{"href":"https:\/\/rendez-vous-store.com\/fr\/wp-json\/wp\/v2\/media?parent=235978"}],"wp:term":[{"taxonomy":"product_brand","embeddable":true,"href":"https:\/\/rendez-vous-store.com\/fr\/wp-json\/wp\/v2\/product_brand?post=235978"},{"taxonomy":"product_cat","embeddable":true,"href":"https:\/\/rendez-vous-store.com\/fr\/wp-json\/wp\/v2\/product_cat?post=235978"},{"taxonomy":"product_tag","embeddable":true,"href":"https:\/\/rendez-vous-store.com\/fr\/wp-json\/wp\/v2\/product_tag?post=235978"}],"curies":[{"name":"wp","href":"https:\/\/api.w.org\/{rel}","templated":true}]}}