{"id":234750,"date":"2026-02-11T16:12:25","date_gmt":"2026-02-11T15:12:25","guid":{"rendered":"https:\/\/rendez-vous-store.com\/?post_type=product&#038;p=234750"},"modified":"2026-04-09T13:08:04","modified_gmt":"2026-04-09T11:08:04","slug":"sage-de-cret-co-chino-cloth-crinkle-single-pleated-peg-top-wide-short-pants-31-60-8483-beige","status":"publish","type":"product","link":"https:\/\/rendez-vous-store.com\/fr\/shop\/men-selection-discover-our-selection-rendez-vous-store\/trousers-shorts-rendez-vous-store\/sage-de-cret-co-chino-cloth-crinkle-single-pleated-peg-top-wide-short-pants-31-60-8483-beige\/","title":{"rendered":"Sage De Cret \u2013 Pantalon court large pliss\u00e9 unique en serg\u00e9 froiss\u00e9 CO 31-60-8483 \u2013 Beige"},"content":{"rendered":"<p><strong>Sage De Cret \u2013 Pantalon court large pliss\u00e9 unique en serg\u00e9 froiss\u00e9 CO 31-60-8483 \u2013 Beige<\/strong><\/p>","protected":false},"excerpt":{"rendered":"<p>Sage De Cret \u2013 Pantalon court large pliss\u00e9 unique en serg\u00e9 froiss\u00e9 CO 31-60-8483 \u2013 Beige<\/p>","protected":false},"featured_media":235235,"template":"","meta":{"_acf_changed":false},"product_brand":[],"product_cat":[20,1059,73],"product_tag":[703],"class_list":{"0":"post-234750","1":"product","2":"type-product","3":"status-publish","4":"has-post-thumbnail","6":"product_cat-men-selection-discover-our-selection-rendez-vous-store","7":"product_cat-new-men-rendez-vous-store","8":"product_cat-trousers-shorts-rendez-vous-store","9":"product_tag-sage-de-cret","10":"entry","12":"first","13":"instock","14":"taxable","15":"shipping-taxable","16":"purchasable","17":"product-type-variable"},"acf":[],"yoast_head":"<!-- This site is optimized with the Yoast SEO plugin v24.9 - https:\/\/yoast.com\/wordpress\/plugins\/seo\/ -->\n<title>Sage De Cret - CO Chino Cloth Crinkle Single Pleated Peg Top Wide Short Pants 31-60-8483 - Beige - RENDEZ-VOUS STORE<\/title>\n<meta name=\"robots\" content=\"index, follow, max-snippet:-1, max-image-preview:large, max-video-preview:-1\" \/>\n<link rel=\"canonical\" href=\"https:\/\/rendez-vous-store.com\/fr\/shop\/men-selection-discover-our-selection-rendez-vous-store\/trousers-shorts-rendez-vous-store\/sage-de-cret-co-chino-cloth-crinkle-single-pleated-peg-top-wide-short-pants-31-60-8483-beige\/\" \/>\n<meta property=\"og:locale\" content=\"fr_FR\" \/>\n<meta property=\"og:type\" content=\"article\" \/>\n<meta property=\"og:title\" content=\"Sage De Cret - CO Chino Cloth Crinkle Single Pleated Peg Top Wide Short Pants 31-60-8483 - Beige - RENDEZ-VOUS STORE\" \/>\n<meta property=\"og:description\" content=\"Sage De Cret &#8211; CO Chino Cloth Crinkle Single Pleated Peg Top Wide Short Pants 31-60-8483 &#8211; Beige\" \/>\n<meta property=\"og:url\" content=\"https:\/\/rendez-vous-store.com\/fr\/shop\/men-selection-discover-our-selection-rendez-vous-store\/trousers-shorts-rendez-vous-store\/sage-de-cret-co-chino-cloth-crinkle-single-pleated-peg-top-wide-short-pants-31-60-8483-beige\/\" \/>\n<meta property=\"og:site_name\" content=\"RENDEZ-VOUS STORE\" \/>\n<meta property=\"article:modified_time\" content=\"2026-04-09T11:08:04+00:00\" \/>\n<meta property=\"og:image\" content=\"https:\/\/rendez-vous-store.com\/app\/uploads\/2026\/02\/IMG_3615_11zon-scaled.webp\" \/>\n\t<meta property=\"og:image:width\" content=\"1707\" \/>\n\t<meta property=\"og:image:height\" content=\"2560\" \/>\n\t<meta property=\"og:image:type\" content=\"image\/webp\" \/>\n<meta name=\"twitter:card\" content=\"summary_large_image\" \/>\n<meta name=\"twitter:label1\" content=\"Est. reading time\" \/>\n\t<meta name=\"twitter:data1\" content=\"1 minute\" \/>\n<script type=\"application\/ld+json\" class=\"yoast-schema-graph\">{\"@context\":\"https:\/\/schema.org\",\"@graph\":[{\"@type\":\"WebPage\",\"@id\":\"https:\/\/rendez-vous-store.com\/shop\/men-selection-discover-our-selection-rendez-vous-store\/trousers-shorts-rendez-vous-store\/sage-de-cret-co-chino-cloth-crinkle-single-pleated-peg-top-wide-short-pants-31-60-8483-beige\/\",\"url\":\"https:\/\/rendez-vous-store.com\/shop\/men-selection-discover-our-selection-rendez-vous-store\/trousers-shorts-rendez-vous-store\/sage-de-cret-co-chino-cloth-crinkle-single-pleated-peg-top-wide-short-pants-31-60-8483-beige\/\",\"name\":\"Sage De Cret - CO Chino Cloth Crinkle Single Pleated Peg Top Wide Short Pants 31-60-8483 - Beige - RENDEZ-VOUS STORE\",\"isPartOf\":{\"@id\":\"https:\/\/rendez-vous-store.com\/#website\"},\"primaryImageOfPage\":{\"@id\":\"https:\/\/rendez-vous-store.com\/shop\/men-selection-discover-our-selection-rendez-vous-store\/trousers-shorts-rendez-vous-store\/sage-de-cret-co-chino-cloth-crinkle-single-pleated-peg-top-wide-short-pants-31-60-8483-beige\/#primaryimage\"},\"image\":{\"@id\":\"https:\/\/rendez-vous-store.com\/shop\/men-selection-discover-our-selection-rendez-vous-store\/trousers-shorts-rendez-vous-store\/sage-de-cret-co-chino-cloth-crinkle-single-pleated-peg-top-wide-short-pants-31-60-8483-beige\/#primaryimage\"},\"thumbnailUrl\":\"https:\/\/rendez-vous-store.com\/app\/uploads\/2026\/02\/IMG_3615_11zon-scaled.webp\",\"datePublished\":\"2026-02-11T15:12:25+00:00\",\"dateModified\":\"2026-04-09T11:08:04+00:00\",\"breadcrumb\":{\"@id\":\"https:\/\/rendez-vous-store.com\/shop\/men-selection-discover-our-selection-rendez-vous-store\/trousers-shorts-rendez-vous-store\/sage-de-cret-co-chino-cloth-crinkle-single-pleated-peg-top-wide-short-pants-31-60-8483-beige\/#breadcrumb\"},\"inLanguage\":\"fr-FR\",\"potentialAction\":[{\"@type\":\"ReadAction\",\"target\":[\"https:\/\/rendez-vous-store.com\/shop\/men-selection-discover-our-selection-rendez-vous-store\/trousers-shorts-rendez-vous-store\/sage-de-cret-co-chino-cloth-crinkle-single-pleated-peg-top-wide-short-pants-31-60-8483-beige\/\"]}]},{\"@type\":\"ImageObject\",\"inLanguage\":\"fr-FR\",\"@id\":\"https:\/\/rendez-vous-store.com\/shop\/men-selection-discover-our-selection-rendez-vous-store\/trousers-shorts-rendez-vous-store\/sage-de-cret-co-chino-cloth-crinkle-single-pleated-peg-top-wide-short-pants-31-60-8483-beige\/#primaryimage\",\"url\":\"https:\/\/rendez-vous-store.com\/app\/uploads\/2026\/02\/IMG_3615_11zon-scaled.webp\",\"contentUrl\":\"https:\/\/rendez-vous-store.com\/app\/uploads\/2026\/02\/IMG_3615_11zon-scaled.webp\",\"width\":1707,\"height\":2560},{\"@type\":\"BreadcrumbList\",\"@id\":\"https:\/\/rendez-vous-store.com\/shop\/men-selection-discover-our-selection-rendez-vous-store\/trousers-shorts-rendez-vous-store\/sage-de-cret-co-chino-cloth-crinkle-single-pleated-peg-top-wide-short-pants-31-60-8483-beige\/#breadcrumb\",\"itemListElement\":[{\"@type\":\"ListItem\",\"position\":1,\"name\":\"Home\",\"item\":\"https:\/\/rendez-vous-store.com\/\"},{\"@type\":\"ListItem\",\"position\":2,\"name\":\"Shop\",\"item\":\"https:\/\/www.rendez-vous-store.com\/shop\/\"},{\"@type\":\"ListItem\",\"position\":3,\"name\":\"Sage De Cret &#8211; CO Chino Cloth Crinkle Single Pleated Peg Top Wide Short Pants 31-60-8483 &#8211; Beige\"}]},{\"@type\":\"WebSite\",\"@id\":\"https:\/\/rendez-vous-store.com\/#website\",\"url\":\"https:\/\/rendez-vous-store.com\/\",\"name\":\"RENDEZ-VOUS STORE\",\"description\":\"Slow Fashion for Women and Men\",\"potentialAction\":[{\"@type\":\"SearchAction\",\"target\":{\"@type\":\"EntryPoint\",\"urlTemplate\":\"https:\/\/rendez-vous-store.com\/?s={search_term_string}\"},\"query-input\":{\"@type\":\"PropertyValueSpecification\",\"valueRequired\":true,\"valueName\":\"search_term_string\"}}],\"inLanguage\":\"fr-FR\"}]}<\/script>\n<!-- \/ Yoast SEO plugin. -->","yoast_head_json":{"title":"Sage De Cret - CO Chino Cloth Crinkle Single Pleated Peg Top Wide Short Pants 31-60-8483 - Beige - RENDEZ-VOUS STORE","robots":{"index":"index","follow":"follow","max-snippet":"max-snippet:-1","max-image-preview":"max-image-preview:large","max-video-preview":"max-video-preview:-1"},"canonical":"https:\/\/rendez-vous-store.com\/fr\/shop\/men-selection-discover-our-selection-rendez-vous-store\/trousers-shorts-rendez-vous-store\/sage-de-cret-co-chino-cloth-crinkle-single-pleated-peg-top-wide-short-pants-31-60-8483-beige\/","og_locale":"fr_FR","og_type":"article","og_title":"Sage De Cret - CO Chino Cloth Crinkle Single Pleated Peg Top Wide Short Pants 31-60-8483 - Beige - RENDEZ-VOUS STORE","og_description":"Sage De Cret &#8211; CO Chino Cloth Crinkle Single Pleated Peg Top Wide Short Pants 31-60-8483 &#8211; Beige","og_url":"https:\/\/rendez-vous-store.com\/fr\/shop\/men-selection-discover-our-selection-rendez-vous-store\/trousers-shorts-rendez-vous-store\/sage-de-cret-co-chino-cloth-crinkle-single-pleated-peg-top-wide-short-pants-31-60-8483-beige\/","og_site_name":"RENDEZ-VOUS STORE","article_modified_time":"2026-04-09T11:08:04+00:00","og_image":[{"width":1707,"height":2560,"url":"https:\/\/rendez-vous-store.com\/app\/uploads\/2026\/02\/IMG_3615_11zon-scaled.webp","type":"image\/webp"}],"twitter_card":"summary_large_image","twitter_misc":{"Est. reading time":"1 minute"},"schema":{"@context":"https:\/\/schema.org","@graph":[{"@type":"WebPage","@id":"https:\/\/rendez-vous-store.com\/shop\/men-selection-discover-our-selection-rendez-vous-store\/trousers-shorts-rendez-vous-store\/sage-de-cret-co-chino-cloth-crinkle-single-pleated-peg-top-wide-short-pants-31-60-8483-beige\/","url":"https:\/\/rendez-vous-store.com\/shop\/men-selection-discover-our-selection-rendez-vous-store\/trousers-shorts-rendez-vous-store\/sage-de-cret-co-chino-cloth-crinkle-single-pleated-peg-top-wide-short-pants-31-60-8483-beige\/","name":"Sage De Cret - CO Chino Cloth Crinkle Single Pleated Peg Top Wide Short Pants 31-60-8483 - Beige - RENDEZ-VOUS STORE","isPartOf":{"@id":"https:\/\/rendez-vous-store.com\/#website"},"primaryImageOfPage":{"@id":"https:\/\/rendez-vous-store.com\/shop\/men-selection-discover-our-selection-rendez-vous-store\/trousers-shorts-rendez-vous-store\/sage-de-cret-co-chino-cloth-crinkle-single-pleated-peg-top-wide-short-pants-31-60-8483-beige\/#primaryimage"},"image":{"@id":"https:\/\/rendez-vous-store.com\/shop\/men-selection-discover-our-selection-rendez-vous-store\/trousers-shorts-rendez-vous-store\/sage-de-cret-co-chino-cloth-crinkle-single-pleated-peg-top-wide-short-pants-31-60-8483-beige\/#primaryimage"},"thumbnailUrl":"https:\/\/rendez-vous-store.com\/app\/uploads\/2026\/02\/IMG_3615_11zon-scaled.webp","datePublished":"2026-02-11T15:12:25+00:00","dateModified":"2026-04-09T11:08:04+00:00","breadcrumb":{"@id":"https:\/\/rendez-vous-store.com\/shop\/men-selection-discover-our-selection-rendez-vous-store\/trousers-shorts-rendez-vous-store\/sage-de-cret-co-chino-cloth-crinkle-single-pleated-peg-top-wide-short-pants-31-60-8483-beige\/#breadcrumb"},"inLanguage":"fr-FR","potentialAction":[{"@type":"ReadAction","target":["https:\/\/rendez-vous-store.com\/shop\/men-selection-discover-our-selection-rendez-vous-store\/trousers-shorts-rendez-vous-store\/sage-de-cret-co-chino-cloth-crinkle-single-pleated-peg-top-wide-short-pants-31-60-8483-beige\/"]}]},{"@type":"ImageObject","inLanguage":"fr-FR","@id":"https:\/\/rendez-vous-store.com\/shop\/men-selection-discover-our-selection-rendez-vous-store\/trousers-shorts-rendez-vous-store\/sage-de-cret-co-chino-cloth-crinkle-single-pleated-peg-top-wide-short-pants-31-60-8483-beige\/#primaryimage","url":"https:\/\/rendez-vous-store.com\/app\/uploads\/2026\/02\/IMG_3615_11zon-scaled.webp","contentUrl":"https:\/\/rendez-vous-store.com\/app\/uploads\/2026\/02\/IMG_3615_11zon-scaled.webp","width":1707,"height":2560},{"@type":"BreadcrumbList","@id":"https:\/\/rendez-vous-store.com\/shop\/men-selection-discover-our-selection-rendez-vous-store\/trousers-shorts-rendez-vous-store\/sage-de-cret-co-chino-cloth-crinkle-single-pleated-peg-top-wide-short-pants-31-60-8483-beige\/#breadcrumb","itemListElement":[{"@type":"ListItem","position":1,"name":"Home","item":"https:\/\/rendez-vous-store.com\/"},{"@type":"ListItem","position":2,"name":"Shop","item":"https:\/\/www.rendez-vous-store.com\/shop\/"},{"@type":"ListItem","position":3,"name":"Sage De Cret &#8211; CO Chino Cloth Crinkle Single Pleated Peg Top Wide Short Pants 31-60-8483 &#8211; Beige"}]},{"@type":"WebSite","@id":"https:\/\/rendez-vous-store.com\/#website","url":"https:\/\/rendez-vous-store.com\/","name":"RENDEZ-VOUS STORE","description":"Slow Fashion for Women and Men","potentialAction":[{"@type":"SearchAction","target":{"@type":"EntryPoint","urlTemplate":"https:\/\/rendez-vous-store.com\/?s={search_term_string}"},"query-input":{"@type":"PropertyValueSpecification","valueRequired":true,"valueName":"search_term_string"}}],"inLanguage":"fr-FR"}]}},"_links":{"self":[{"href":"https:\/\/rendez-vous-store.com\/fr\/wp-json\/wp\/v2\/product\/234750","targetHints":{"allow":["GET"]}}],"collection":[{"href":"https:\/\/rendez-vous-store.com\/fr\/wp-json\/wp\/v2\/product"}],"about":[{"href":"https:\/\/rendez-vous-store.com\/fr\/wp-json\/wp\/v2\/types\/product"}],"wp:featuredmedia":[{"embeddable":true,"href":"https:\/\/rendez-vous-store.com\/fr\/wp-json\/wp\/v2\/media\/235235"}],"wp:attachment":[{"href":"https:\/\/rendez-vous-store.com\/fr\/wp-json\/wp\/v2\/media?parent=234750"}],"wp:term":[{"taxonomy":"product_brand","embeddable":true,"href":"https:\/\/rendez-vous-store.com\/fr\/wp-json\/wp\/v2\/product_brand?post=234750"},{"taxonomy":"product_cat","embeddable":true,"href":"https:\/\/rendez-vous-store.com\/fr\/wp-json\/wp\/v2\/product_cat?post=234750"},{"taxonomy":"product_tag","embeddable":true,"href":"https:\/\/rendez-vous-store.com\/fr\/wp-json\/wp\/v2\/product_tag?post=234750"}],"curies":[{"name":"wp","href":"https:\/\/api.w.org\/{rel}","templated":true}]}}