{"id":232860,"date":"2026-01-23T11:57:27","date_gmt":"2026-01-23T10:57:27","guid":{"rendered":"https:\/\/rendez-vous-store.com\/?post_type=product&#038;p=232860"},"modified":"2026-03-16T19:47:25","modified_gmt":"2026-03-16T18:47:25","slug":"casey-casey-yuki-dress-tuareg-26fr564-jute-rendez-vous-store","status":"publish","type":"product","link":"https:\/\/rendez-vous-store.com\/fr\/shop\/women\/women-dresses-rendez-vous-store\/casey-casey-yuki-dress-tuareg-26fr564-jute-rendez-vous-store\/","title":{"rendered":"Casey Casey \u2013 ROBE YUKI TUAREG 26FR564 \u2013 JUTE"},"content":{"rendered":"<p><strong>Casey Casey \u2013 ROBE YUKI TUAREG 26FR564 \u2013 JUTE<\/strong><\/p>\n<p>Couleur : JUTE<\/p>\n<p>Coupe d\u00e9contract\u00e9e<\/p>\n<p>Robe chemise<\/p>\n<p>Ouverture boutonn\u00e9e sur le devant<\/p>\n<p>Plis au dos<\/p>\n<p>Manches longues<\/p>\n<p>\u00c9paules tombantes<\/p>\n<p>Ourlet courb\u00e9<\/p>\n<p>Composition : 54% Lyocell, 46% Lin<\/p>\n<p>Fabriqu\u00e9 en Bulgarie<\/p>\n<p>&nbsp;<\/p>\n<p>&nbsp;<\/p>\n<p><strong>Les mesures :\u00a0<\/strong><\/p>\n<p>Taille S : \u00c9paules : 87 cm, Poitrine : 79 cm, Manches : 33 cm, Longueur : 118 cm, Emmanchures : 17 cm<\/p>\n<p>&nbsp;<\/p>\n<p>&nbsp;<\/p>\n<p>&nbsp;<\/p>\n<p data-start=\"0\" data-end=\"15\"><strong data-start=\"0\" data-end=\"15\">Le produit<\/strong><\/p>\n<p data-start=\"17\" data-end=\"690\">La robe Yuki de Casey Casey, r\u00e9f\u00e9rence Tuareg 26FR564 \u2013 JUTE, incarne l'\u00e9l\u00e9gance d\u00e9contract\u00e9e et le confort de tous les jours. Confectionn\u00e9e dans un tissu doux aux tons naturels, cette robe offre une tomb\u00e9 fluide et une teinte chaude et terreuse qui semble \u00e0 la fois discr\u00e8te et raffin\u00e9e.<br data-start=\"253\" data-end=\"256\" \/>De plus, sa silhouette ample permet une grande libert\u00e9 de mouvement tout en conservant une structure gracieuse. Le design allie simplicit\u00e9 et volume subtil, le rendant adapt\u00e9 aussi bien \u00e0 un usage d\u00e9contract\u00e9 qu'\u00e0 des looks plus compos\u00e9s.<br data-start=\"466\" data-end=\"469\" \/>Par cons\u00e9quent, cette robe devient une pi\u00e8ce polyvalente de la garde-robe qui peut \u00eatre port\u00e9e seule ou superpos\u00e9e au fil des saisons. Elle refl\u00e8te l'approche signature de Casey Casey : des v\u00eatements qui semblent port\u00e9s, fonctionnels et discr\u00e8tement sophistiqu\u00e9s.<\/p>\n<p data-start=\"697\" data-end=\"710\"><strong data-start=\"697\" data-end=\"710\">La marque<\/strong><\/p>\n<p data-start=\"712\" data-end=\"1290\">Casey Casey est une marque fran\u00e7aise fond\u00e9e par le designer Gareth Casey, reconnue pour son approche artisanale de la mode moderne. La marque met l'accent sur le savoir-faire, la recherche textile et le confort.<br data-start=\"910\" data-end=\"913\" \/>De plus, chaque v\u00eatement est d\u00e9velopp\u00e9 \u00e0 travers une exp\u00e9rimentation minutieuse de tissus et de techniques de teinture en pi\u00e8ce, r\u00e9sultant en des textures uniques et des finitions naturellement vieillies.<br data-start=\"1085\" data-end=\"1088\" \/>Plut\u00f4t que de suivre les tendances, Casey Casey se concentre sur des silhouettes intemporelles qui \u00e9voluent avec le port. En cons\u00e9quence, la marque cr\u00e9e des pi\u00e8ces qui semblent personnelles, durables et profond\u00e9ment connect\u00e9es \u00e0 la vie de tous les jours.<\/p>\n<p data-start=\"1297\" data-end=\"1315\"><strong data-start=\"1297\" data-end=\"1315\">La collection<\/strong><\/p>\n<p data-start=\"1317\" data-end=\"1905\" data-is-last-node=\"\" data-is-only-node=\"\">Les collections Casey Casey c\u00e9l\u00e8brent le volume, la mati\u00e8re et la libert\u00e9 de mouvement. Chaque saison revisite des formes classiques tout en les retravaillant \u00e0 travers le d\u00e9veloppement de tissus et des proportions d\u00e9contract\u00e9es.<br data-start=\"1502\" data-end=\"1505\" \/>De plus, les v\u00eatements sont con\u00e7us pour vieillir avec gr\u00e2ce, gagnant en caract\u00e8re au fil du temps gr\u00e2ce au lavage et \u00e0 l'utilisation. Cette approche met en valeur \u00e0 la fois la fonctionnalit\u00e9 et la durabilit\u00e9 \u00e9motionnelle.<br data-start=\"1690\" data-end=\"1693\" \/>Par cons\u00e9quent, la collection propose une garde-robe construite sur la simplicit\u00e9, l'authenticit\u00e9 et la qualit\u00e9 durable, o\u00f9 chaque pi\u00e8ce s'int\u00e8gre naturellement dans la vie quotidienne tout en conservant une identit\u00e9 distincte et r\u00e9fl\u00e9chie.<\/p>","protected":false},"excerpt":{"rendered":"<p>Casey Casey &#8211; YUKI DRESS TUAREG 26FR564 &#8211; JUTE Color: JUTE Relaxed fit Shirt dress Button front opening Pleat detail at the back Long sleeves Dropped shoulders Curved hemline Composition: 54% Lyocell, 46% Linen Made in Bulgaria &nbsp; &nbsp; The measurements:\u00a0 Size S: Shoulders: 87cm, Chest: 79cm, Sleeves: 33cm, Length: 118cm, Armholes: 17cm &nbsp; &nbsp;&hellip; <a class=\"more-link\" href=\"https:\/\/rendez-vous-store.com\/fr\/shop\/women\/women-dresses-rendez-vous-store\/casey-casey-yuki-dress-tuareg-26fr564-jute-rendez-vous-store\/\">Continuer la lecture <span class=\"screen-reader-text\">Casey Casey \u2013 ROBE YUKI TUAREG 26FR564 \u2013 JUTE<\/span><\/a><\/p>","protected":false},"featured_media":238154,"template":"","meta":{"_acf_changed":false},"product_brand":[],"product_cat":[17,1062,376],"product_tag":[422],"class_list":{"0":"post-232860","1":"product","2":"type-product","3":"status-publish","4":"has-post-thumbnail","6":"product_cat-women","7":"product_cat-new-women-selection-rendez-vous-store","8":"product_cat-women-dresses-rendez-vous-store","9":"product_tag-casey-casey-french-clothing-rendez-vous-store","10":"entry","12":"first","13":"instock","14":"taxable","15":"shipping-taxable","16":"purchasable","17":"product-type-variable"},"acf":[],"yoast_head":"<!-- This site is optimized with the Yoast SEO plugin v24.9 - https:\/\/yoast.com\/wordpress\/plugins\/seo\/ -->\n<title>Casey Casey - YUKI DRESS TUAREG 26FR564 - JUTE<\/title>\n<meta name=\"description\" content=\"This Casey Casey - YUKI DRESS TUAREG 26FR564 - JUTE is celebrated for its unique blend of minimalism, functionality, and timeless elegance. Discover now.\" \/>\n<meta name=\"robots\" content=\"index, follow, max-snippet:-1, max-image-preview:large, max-video-preview:-1\" \/>\n<link rel=\"canonical\" href=\"https:\/\/rendez-vous-store.com\/fr\/shop\/women\/women-dresses-rendez-vous-store\/casey-casey-yuki-dress-tuareg-26fr564-jute-rendez-vous-store\/\" \/>\n<meta property=\"og:locale\" content=\"fr_FR\" \/>\n<meta property=\"og:type\" content=\"article\" \/>\n<meta property=\"og:title\" content=\"Casey Casey - YUKI DRESS TUAREG 26FR564 - JUTE\" \/>\n<meta property=\"og:description\" content=\"This Casey Casey - YUKI DRESS TUAREG 26FR564 - JUTE is celebrated for its unique blend of minimalism, functionality, and timeless elegance. Discover now.\" \/>\n<meta property=\"og:url\" content=\"https:\/\/rendez-vous-store.com\/fr\/shop\/women\/women-dresses-rendez-vous-store\/casey-casey-yuki-dress-tuareg-26fr564-jute-rendez-vous-store\/\" \/>\n<meta property=\"og:site_name\" content=\"RENDEZ-VOUS STORE\" \/>\n<meta property=\"article:modified_time\" content=\"2026-03-16T18:47:25+00:00\" \/>\n<meta property=\"og:image\" content=\"https:\/\/rendez-vous-store.com\/app\/uploads\/2024\/03\/484.webp\" \/>\n\t<meta property=\"og:image:width\" content=\"1696\" \/>\n\t<meta property=\"og:image:height\" content=\"2560\" \/>\n\t<meta property=\"og:image:type\" content=\"image\/webp\" \/>\n<meta name=\"twitter:card\" content=\"summary_large_image\" \/>\n<meta name=\"twitter:label1\" content=\"Est. reading time\" \/>\n\t<meta name=\"twitter:data1\" content=\"2 minutes\" \/>\n<script type=\"application\/ld+json\" class=\"yoast-schema-graph\">{\"@context\":\"https:\/\/schema.org\",\"@graph\":[{\"@type\":\"WebPage\",\"@id\":\"https:\/\/rendez-vous-store.com\/shop\/women\/women-dresses-rendez-vous-store\/casey-casey-yuki-dress-tuareg-26fr564-jute-rendez-vous-store\/\",\"url\":\"https:\/\/rendez-vous-store.com\/shop\/women\/women-dresses-rendez-vous-store\/casey-casey-yuki-dress-tuareg-26fr564-jute-rendez-vous-store\/\",\"name\":\"Casey Casey - YUKI DRESS TUAREG 26FR564 - JUTE\",\"isPartOf\":{\"@id\":\"https:\/\/rendez-vous-store.com\/#website\"},\"primaryImageOfPage\":{\"@id\":\"https:\/\/rendez-vous-store.com\/shop\/women\/women-dresses-rendez-vous-store\/casey-casey-yuki-dress-tuareg-26fr564-jute-rendez-vous-store\/#primaryimage\"},\"image\":{\"@id\":\"https:\/\/rendez-vous-store.com\/shop\/women\/women-dresses-rendez-vous-store\/casey-casey-yuki-dress-tuareg-26fr564-jute-rendez-vous-store\/#primaryimage\"},\"thumbnailUrl\":\"https:\/\/rendez-vous-store.com\/app\/uploads\/2024\/03\/484.webp\",\"datePublished\":\"2026-01-23T10:57:27+00:00\",\"dateModified\":\"2026-03-16T18:47:25+00:00\",\"description\":\"This Casey Casey - YUKI DRESS TUAREG 26FR564 - JUTE is celebrated for its unique blend of minimalism, functionality, and timeless elegance. Discover now.\",\"breadcrumb\":{\"@id\":\"https:\/\/rendez-vous-store.com\/shop\/women\/women-dresses-rendez-vous-store\/casey-casey-yuki-dress-tuareg-26fr564-jute-rendez-vous-store\/#breadcrumb\"},\"inLanguage\":\"fr-FR\",\"potentialAction\":[{\"@type\":\"ReadAction\",\"target\":[\"https:\/\/rendez-vous-store.com\/shop\/women\/women-dresses-rendez-vous-store\/casey-casey-yuki-dress-tuareg-26fr564-jute-rendez-vous-store\/\"]}]},{\"@type\":\"ImageObject\",\"inLanguage\":\"fr-FR\",\"@id\":\"https:\/\/rendez-vous-store.com\/shop\/women\/women-dresses-rendez-vous-store\/casey-casey-yuki-dress-tuareg-26fr564-jute-rendez-vous-store\/#primaryimage\",\"url\":\"https:\/\/rendez-vous-store.com\/app\/uploads\/2024\/03\/484.webp\",\"contentUrl\":\"https:\/\/rendez-vous-store.com\/app\/uploads\/2024\/03\/484.webp\",\"width\":1696,\"height\":2560,\"caption\":\"Casey Casey - YUKI DRESS TUAREG 26FR564 - JUTE\"},{\"@type\":\"BreadcrumbList\",\"@id\":\"https:\/\/rendez-vous-store.com\/shop\/women\/women-dresses-rendez-vous-store\/casey-casey-yuki-dress-tuareg-26fr564-jute-rendez-vous-store\/#breadcrumb\",\"itemListElement\":[{\"@type\":\"ListItem\",\"position\":1,\"name\":\"Home\",\"item\":\"https:\/\/rendez-vous-store.com\/\"},{\"@type\":\"ListItem\",\"position\":2,\"name\":\"Shop\",\"item\":\"https:\/\/www.rendez-vous-store.com\/shop\/\"},{\"@type\":\"ListItem\",\"position\":3,\"name\":\"Casey Casey &#8211; YUKI DRESS TUAREG 26FR564 &#8211; JUTE\"}]},{\"@type\":\"WebSite\",\"@id\":\"https:\/\/rendez-vous-store.com\/#website\",\"url\":\"https:\/\/rendez-vous-store.com\/\",\"name\":\"RENDEZ-VOUS STORE\",\"description\":\"Slow Fashion for Women and Men\",\"potentialAction\":[{\"@type\":\"SearchAction\",\"target\":{\"@type\":\"EntryPoint\",\"urlTemplate\":\"https:\/\/rendez-vous-store.com\/?s={search_term_string}\"},\"query-input\":{\"@type\":\"PropertyValueSpecification\",\"valueRequired\":true,\"valueName\":\"search_term_string\"}}],\"inLanguage\":\"fr-FR\"}]}<\/script>\n<!-- \/ Yoast SEO plugin. -->","yoast_head_json":{"title":"Casey Casey - YUKI DRESS TUAREG 26FR564 - JUTE","description":"This Casey Casey - YUKI DRESS TUAREG 26FR564 - JUTE is celebrated for its unique blend of minimalism, functionality, and timeless elegance. Discover now.","robots":{"index":"index","follow":"follow","max-snippet":"max-snippet:-1","max-image-preview":"max-image-preview:large","max-video-preview":"max-video-preview:-1"},"canonical":"https:\/\/rendez-vous-store.com\/fr\/shop\/women\/women-dresses-rendez-vous-store\/casey-casey-yuki-dress-tuareg-26fr564-jute-rendez-vous-store\/","og_locale":"fr_FR","og_type":"article","og_title":"Casey Casey - YUKI DRESS TUAREG 26FR564 - JUTE","og_description":"This Casey Casey - YUKI DRESS TUAREG 26FR564 - JUTE is celebrated for its unique blend of minimalism, functionality, and timeless elegance. Discover now.","og_url":"https:\/\/rendez-vous-store.com\/fr\/shop\/women\/women-dresses-rendez-vous-store\/casey-casey-yuki-dress-tuareg-26fr564-jute-rendez-vous-store\/","og_site_name":"RENDEZ-VOUS STORE","article_modified_time":"2026-03-16T18:47:25+00:00","og_image":[{"width":1696,"height":2560,"url":"https:\/\/rendez-vous-store.com\/app\/uploads\/2024\/03\/484.webp","type":"image\/webp"}],"twitter_card":"summary_large_image","twitter_misc":{"Est. reading time":"2 minutes"},"schema":{"@context":"https:\/\/schema.org","@graph":[{"@type":"WebPage","@id":"https:\/\/rendez-vous-store.com\/shop\/women\/women-dresses-rendez-vous-store\/casey-casey-yuki-dress-tuareg-26fr564-jute-rendez-vous-store\/","url":"https:\/\/rendez-vous-store.com\/shop\/women\/women-dresses-rendez-vous-store\/casey-casey-yuki-dress-tuareg-26fr564-jute-rendez-vous-store\/","name":"Casey Casey - YUKI DRESS TUAREG 26FR564 - JUTE","isPartOf":{"@id":"https:\/\/rendez-vous-store.com\/#website"},"primaryImageOfPage":{"@id":"https:\/\/rendez-vous-store.com\/shop\/women\/women-dresses-rendez-vous-store\/casey-casey-yuki-dress-tuareg-26fr564-jute-rendez-vous-store\/#primaryimage"},"image":{"@id":"https:\/\/rendez-vous-store.com\/shop\/women\/women-dresses-rendez-vous-store\/casey-casey-yuki-dress-tuareg-26fr564-jute-rendez-vous-store\/#primaryimage"},"thumbnailUrl":"https:\/\/rendez-vous-store.com\/app\/uploads\/2024\/03\/484.webp","datePublished":"2026-01-23T10:57:27+00:00","dateModified":"2026-03-16T18:47:25+00:00","description":"This Casey Casey - YUKI DRESS TUAREG 26FR564 - JUTE is celebrated for its unique blend of minimalism, functionality, and timeless elegance. Discover now.","breadcrumb":{"@id":"https:\/\/rendez-vous-store.com\/shop\/women\/women-dresses-rendez-vous-store\/casey-casey-yuki-dress-tuareg-26fr564-jute-rendez-vous-store\/#breadcrumb"},"inLanguage":"fr-FR","potentialAction":[{"@type":"ReadAction","target":["https:\/\/rendez-vous-store.com\/shop\/women\/women-dresses-rendez-vous-store\/casey-casey-yuki-dress-tuareg-26fr564-jute-rendez-vous-store\/"]}]},{"@type":"ImageObject","inLanguage":"fr-FR","@id":"https:\/\/rendez-vous-store.com\/shop\/women\/women-dresses-rendez-vous-store\/casey-casey-yuki-dress-tuareg-26fr564-jute-rendez-vous-store\/#primaryimage","url":"https:\/\/rendez-vous-store.com\/app\/uploads\/2024\/03\/484.webp","contentUrl":"https:\/\/rendez-vous-store.com\/app\/uploads\/2024\/03\/484.webp","width":1696,"height":2560,"caption":"Casey Casey - YUKI DRESS TUAREG 26FR564 - JUTE"},{"@type":"BreadcrumbList","@id":"https:\/\/rendez-vous-store.com\/shop\/women\/women-dresses-rendez-vous-store\/casey-casey-yuki-dress-tuareg-26fr564-jute-rendez-vous-store\/#breadcrumb","itemListElement":[{"@type":"ListItem","position":1,"name":"Home","item":"https:\/\/rendez-vous-store.com\/"},{"@type":"ListItem","position":2,"name":"Shop","item":"https:\/\/www.rendez-vous-store.com\/shop\/"},{"@type":"ListItem","position":3,"name":"Casey Casey &#8211; YUKI DRESS TUAREG 26FR564 &#8211; JUTE"}]},{"@type":"WebSite","@id":"https:\/\/rendez-vous-store.com\/#website","url":"https:\/\/rendez-vous-store.com\/","name":"RENDEZ-VOUS STORE","description":"Slow Fashion for Women and Men","potentialAction":[{"@type":"SearchAction","target":{"@type":"EntryPoint","urlTemplate":"https:\/\/rendez-vous-store.com\/?s={search_term_string}"},"query-input":{"@type":"PropertyValueSpecification","valueRequired":true,"valueName":"search_term_string"}}],"inLanguage":"fr-FR"}]}},"_links":{"self":[{"href":"https:\/\/rendez-vous-store.com\/fr\/wp-json\/wp\/v2\/product\/232860","targetHints":{"allow":["GET"]}}],"collection":[{"href":"https:\/\/rendez-vous-store.com\/fr\/wp-json\/wp\/v2\/product"}],"about":[{"href":"https:\/\/rendez-vous-store.com\/fr\/wp-json\/wp\/v2\/types\/product"}],"wp:featuredmedia":[{"embeddable":true,"href":"https:\/\/rendez-vous-store.com\/fr\/wp-json\/wp\/v2\/media\/238154"}],"wp:attachment":[{"href":"https:\/\/rendez-vous-store.com\/fr\/wp-json\/wp\/v2\/media?parent=232860"}],"wp:term":[{"taxonomy":"product_brand","embeddable":true,"href":"https:\/\/rendez-vous-store.com\/fr\/wp-json\/wp\/v2\/product_brand?post=232860"},{"taxonomy":"product_cat","embeddable":true,"href":"https:\/\/rendez-vous-store.com\/fr\/wp-json\/wp\/v2\/product_cat?post=232860"},{"taxonomy":"product_tag","embeddable":true,"href":"https:\/\/rendez-vous-store.com\/fr\/wp-json\/wp\/v2\/product_tag?post=232860"}],"curies":[{"name":"wp","href":"https:\/\/api.w.org\/{rel}","templated":true}]}}