{"id":232499,"date":"2026-01-20T16:21:54","date_gmt":"2026-01-20T15:21:54","guid":{"rendered":"https:\/\/rendez-vous-store.com\/?post_type=product&#038;p=232499"},"modified":"2026-03-16T19:52:44","modified_gmt":"2026-03-16T18:52:44","slug":"merrell-agility-peak-6-burlap-brown","status":"publish","type":"product","link":"https:\/\/rendez-vous-store.com\/fr\/shop\/men-selection-discover-our-selection-rendez-vous-store\/shoes-men-rendez-vous-store\/merrell-agility-peak-6-burlap-brown\/","title":{"rendered":"MERRELL \u2013 AGILITY PEAK 6 \u2013 BURLAP BROWN"},"content":{"rendered":"<div class=\"product-details\">\n<p><strong>MERRELL \u2013 AGILITY PEAK 6 \u2013 BURLAP BROWN<\/strong><\/p>\n<p><strong>Couleur :<\/strong> Burlap Brun<\/p>\n<p>Empeigne en mesh respirant<\/p>\n<p>Rev\u00eatements synth\u00e9tiques et TPU pour le maintien et la durabilit\u00e9<\/p>\n<p>TPU et renforts d'impression 3D dans les zones d'usure \u00e9lev\u00e9e<\/p>\n<p>Col rembourr\u00e9 pour plus de confort<\/p>\n<p>Languette \u00e0 soufflet pour emp\u00eacher les d\u00e9bris d'entrer<\/p>\n<p>Semelle interm\u00e9diaire en mousse FloatPro\u2122 pour un amorti l\u00e9ger<\/p>\n<p>Plaque de roche int\u00e9gr\u00e9e pour une protection sous le pied<\/p>\n<p>Rainures flexibles bidirectionnelles FLEXconnect\u2122 pour une meilleure connexion au sol<\/p>\n<p>Semelle ext\u00e9rieure en caoutchouc Vibram\u00ae MegaGrip\u00ae<\/p>\n<p>Crampons Vibram \u00e0 haute adh\u00e9rence pour une meilleure traction et \u00e9jection des d\u00e9bris<\/p>\n<p><strong>L\u00e2cher :<\/strong> 6 mm<\/p>\n<p>Mat\u00e9riaux de performance durables<\/p>\n<p><strong>Composition :<\/strong> 100% doublure respirante en mesh recycl\u00e9<\/p>\n<p>&nbsp;<\/p>\n<\/div>\n<div class=\"product-description\">\n<p><strong>Le Produit<\/strong><\/p>\n<p>Le <strong>Merrell Agility Peak 6 \u2013 Bois de Burlap<\/strong> est une chaussure de trail running haut de gamme con\u00e7ue pour les longues distances et les terrains difficiles.<br \/>\nCon\u00e7ue pour les coureurs et les amateurs de plein air, elle offre stabilit\u00e9, protection et confort longue dur\u00e9e dans des conditions exigeantes.<\/p>\n<p>L'empeigne en maille respirante, renforc\u00e9e d'empi\u00e8cements synth\u00e9tiques et en TPU, offre une excellente ventilation et un bon maintien structurel.<br \/>\nUn col rembourr\u00e9 et une languette \u00e0 soufflet am\u00e9liorent le confort tout en emp\u00eachant les d\u00e9bris de p\u00e9n\u00e9trer dans la chaussure.<\/p>\n<p>Le <strong>Semelle interm\u00e9diaire en mousse FloatPro\u2122<\/strong> assure un amorti l\u00e9ger et une absorption efficace des chocs,<br \/>\naide \u00e0 r\u00e9duire la fatigue lors de longues courses ou randonn\u00e9es.<br \/>\nUne plaque de protection en roche ajoute de la stabilit\u00e9 et une protection sous le pied sur un terrain accident\u00e9.<\/p>\n<p>Le <strong>Semelle ext\u00e9rieure Vibram\u00ae MegaGrip\u00ae<\/strong> offre une traction exceptionnelle sur surfaces humides et s\u00e8ches.<br \/>\nSes crampons haute performance sont con\u00e7us pour maximiser l'adh\u00e9rence et lib\u00e9rer efficacement les d\u00e9bris \u00e0 chaque pas.<\/p>\n<p>Avec un <strong>Chute de 6 mm<\/strong>l'Agility Peak 6 offre une connexion naturelle au sol,<br \/>\nCe qui en fait un choix id\u00e9al pour le trail running, la randonn\u00e9e rapide et les aventures techniques en plein air.<\/p>\n<p>&nbsp;<\/p>\n<p>&nbsp;<\/p>\n<p><strong>La marque<\/strong><\/p>\n<p><strong>Merrell<\/strong> est propuls\u00e9 par l'expertise ext\u00e9rieure et l'innovation en mati\u00e8re de performance.<br \/>\nLa marque se concentre sur le confort, la durabilit\u00e9 et la conception fonctionnelle tout en affinant continuellement les mat\u00e9riaux et la construction.<\/p>\n<p>Inspir\u00e9 par la nature et le mouvement, Merrell cr\u00e9e des chaussures fiables, offrant soutien et confort intuitif.<br \/>\n\u00e9quilibrant la performance technique avec la polyvalence quotidienne.<\/p>\n<p>&nbsp;<\/p>\n<p>&nbsp;<\/p>\n<p><strong>La Collection<\/strong><\/p>\n<p>Les collections Merrell mettent l'accent sur la polyvalence, la pr\u00e9cision technique et le confort durable.<br \/>\nLes silhouettes \u00e9prouv\u00e9es sont am\u00e9lior\u00e9es chaque saison avec des mat\u00e9riaux mis \u00e0 jour, un amorti am\u00e9lior\u00e9 et des syst\u00e8mes de traction avanc\u00e9s.<\/p>\n<p>Con\u00e7ue pour la durabilit\u00e9 et l'adaptabilit\u00e9, la collection prend en charge un large \u00e9ventail d'activit\u00e9s de plein air,<br \/>\nr\u00e9sultant en des chaussures d\u00e9finies par le confort, la r\u00e9silience et un design r\u00e9fl\u00e9chi.<\/p>\n<\/div>","protected":false},"excerpt":{"rendered":"<p>MERRELL &#8211; AGILITY PEAK 6 &#8211; BURLAP BROWN Color: Burlap Brown Breathable mesh upper Synthetic and TPU overlays for support and durability TPU and 3D print reinforcements in high-wear areas Padded collar for added comfort Gusseted tongue to keep debris out FloatPro\u2122 Foam midsole for lightweight cushioning Integrated rock plate for underfoot protection FLEXconnect\u2122 bidirectional&hellip; <a class=\"more-link\" href=\"https:\/\/rendez-vous-store.com\/fr\/shop\/men-selection-discover-our-selection-rendez-vous-store\/shoes-men-rendez-vous-store\/merrell-agility-peak-6-burlap-brown\/\">Continuer la lecture <span class=\"screen-reader-text\">MERRELL \u2013 AGILITY PEAK 6 \u2013 BURLAP BROWN<\/span><\/a><\/p>","protected":false},"featured_media":232711,"template":"","meta":{"_acf_changed":false},"product_brand":[],"product_cat":[20,1059,181],"product_tag":[1473],"class_list":{"0":"post-232499","1":"product","2":"type-product","3":"status-publish","4":"has-post-thumbnail","6":"product_cat-men-selection-discover-our-selection-rendez-vous-store","7":"product_cat-new-men-rendez-vous-store","8":"product_cat-shoes-men-rendez-vous-store","9":"product_tag-merrell","10":"entry","12":"first","13":"instock","14":"taxable","15":"shipping-taxable","16":"purchasable","17":"product-type-variable","18":"has-default-attributes"},"acf":[],"yoast_head":"<!-- This site is optimized with the Yoast SEO plugin v24.9 - https:\/\/yoast.com\/wordpress\/plugins\/seo\/ -->\n<title>MERRELL - AGILITY PEAK 6 - BURLAP BROWN<\/title>\n<meta name=\"description\" content=\"Shop MERRELL AGILITY PEAK 6 BURLAP BROWN, a lightweight leather hiking shoe offering comfort, durability, Vibram grip, and everyday versatility.\" \/>\n<meta name=\"robots\" content=\"index, follow, max-snippet:-1, max-image-preview:large, max-video-preview:-1\" \/>\n<link rel=\"canonical\" href=\"https:\/\/rendez-vous-store.com\/fr\/shop\/men-selection-discover-our-selection-rendez-vous-store\/shoes-men-rendez-vous-store\/merrell-agility-peak-6-burlap-brown\/\" \/>\n<meta property=\"og:locale\" content=\"fr_FR\" \/>\n<meta property=\"og:type\" content=\"article\" \/>\n<meta property=\"og:title\" content=\"MERRELL - AGILITY PEAK 6 - BURLAP BROWN\" \/>\n<meta property=\"og:description\" content=\"Shop MERRELL AGILITY PEAK 6 BURLAP BROWN, a lightweight leather hiking shoe offering comfort, durability, Vibram grip, and everyday versatility.\" \/>\n<meta property=\"og:url\" content=\"https:\/\/rendez-vous-store.com\/fr\/shop\/men-selection-discover-our-selection-rendez-vous-store\/shoes-men-rendez-vous-store\/merrell-agility-peak-6-burlap-brown\/\" \/>\n<meta property=\"og:site_name\" content=\"RENDEZ-VOUS STORE\" \/>\n<meta property=\"article:modified_time\" content=\"2026-03-16T18:52:44+00:00\" \/>\n<meta property=\"og:image\" content=\"https:\/\/rendez-vous-store.com\/app\/uploads\/2026\/01\/rdv_merrel_03-1-scaled.webp\" \/>\n\t<meta property=\"og:image:width\" content=\"1696\" \/>\n\t<meta property=\"og:image:height\" content=\"2560\" \/>\n\t<meta property=\"og:image:type\" content=\"image\/webp\" \/>\n<meta name=\"twitter:card\" content=\"summary_large_image\" \/>\n<meta name=\"twitter:label1\" content=\"Est. reading time\" \/>\n\t<meta name=\"twitter:data1\" content=\"2 minutes\" \/>\n<script type=\"application\/ld+json\" class=\"yoast-schema-graph\">{\"@context\":\"https:\/\/schema.org\",\"@graph\":[{\"@type\":\"WebPage\",\"@id\":\"https:\/\/rendez-vous-store.com\/shop\/men-selection-discover-our-selection-rendez-vous-store\/shoes-men-rendez-vous-store\/merrell-agility-peak-6-burlap-brown\/\",\"url\":\"https:\/\/rendez-vous-store.com\/shop\/men-selection-discover-our-selection-rendez-vous-store\/shoes-men-rendez-vous-store\/merrell-agility-peak-6-burlap-brown\/\",\"name\":\"MERRELL - AGILITY PEAK 6 - BURLAP BROWN\",\"isPartOf\":{\"@id\":\"https:\/\/rendez-vous-store.com\/#website\"},\"primaryImageOfPage\":{\"@id\":\"https:\/\/rendez-vous-store.com\/shop\/men-selection-discover-our-selection-rendez-vous-store\/shoes-men-rendez-vous-store\/merrell-agility-peak-6-burlap-brown\/#primaryimage\"},\"image\":{\"@id\":\"https:\/\/rendez-vous-store.com\/shop\/men-selection-discover-our-selection-rendez-vous-store\/shoes-men-rendez-vous-store\/merrell-agility-peak-6-burlap-brown\/#primaryimage\"},\"thumbnailUrl\":\"https:\/\/rendez-vous-store.com\/app\/uploads\/2026\/01\/rdv_merrel_03-1-scaled.webp\",\"datePublished\":\"2026-01-20T15:21:54+00:00\",\"dateModified\":\"2026-03-16T18:52:44+00:00\",\"description\":\"Shop MERRELL AGILITY PEAK 6 BURLAP BROWN, a lightweight leather hiking shoe offering comfort, durability, Vibram grip, and everyday versatility.\",\"breadcrumb\":{\"@id\":\"https:\/\/rendez-vous-store.com\/shop\/men-selection-discover-our-selection-rendez-vous-store\/shoes-men-rendez-vous-store\/merrell-agility-peak-6-burlap-brown\/#breadcrumb\"},\"inLanguage\":\"fr-FR\",\"potentialAction\":[{\"@type\":\"ReadAction\",\"target\":[\"https:\/\/rendez-vous-store.com\/shop\/men-selection-discover-our-selection-rendez-vous-store\/shoes-men-rendez-vous-store\/merrell-agility-peak-6-burlap-brown\/\"]}]},{\"@type\":\"ImageObject\",\"inLanguage\":\"fr-FR\",\"@id\":\"https:\/\/rendez-vous-store.com\/shop\/men-selection-discover-our-selection-rendez-vous-store\/shoes-men-rendez-vous-store\/merrell-agility-peak-6-burlap-brown\/#primaryimage\",\"url\":\"https:\/\/rendez-vous-store.com\/app\/uploads\/2026\/01\/rdv_merrel_03-1-scaled.webp\",\"contentUrl\":\"https:\/\/rendez-vous-store.com\/app\/uploads\/2026\/01\/rdv_merrel_03-1-scaled.webp\",\"width\":1696,\"height\":2560,\"caption\":\"MERRELL - AGILITY PEAK 6 - BURLAP BROWN\"},{\"@type\":\"BreadcrumbList\",\"@id\":\"https:\/\/rendez-vous-store.com\/shop\/men-selection-discover-our-selection-rendez-vous-store\/shoes-men-rendez-vous-store\/merrell-agility-peak-6-burlap-brown\/#breadcrumb\",\"itemListElement\":[{\"@type\":\"ListItem\",\"position\":1,\"name\":\"Home\",\"item\":\"https:\/\/rendez-vous-store.com\/\"},{\"@type\":\"ListItem\",\"position\":2,\"name\":\"Shop\",\"item\":\"https:\/\/www.rendez-vous-store.com\/shop\/\"},{\"@type\":\"ListItem\",\"position\":3,\"name\":\"MERRELL &#8211; AGILITY PEAK 6 &#8211; BURLAP BROWN\"}]},{\"@type\":\"WebSite\",\"@id\":\"https:\/\/rendez-vous-store.com\/#website\",\"url\":\"https:\/\/rendez-vous-store.com\/\",\"name\":\"RENDEZ-VOUS STORE\",\"description\":\"Slow Fashion for Women and Men\",\"potentialAction\":[{\"@type\":\"SearchAction\",\"target\":{\"@type\":\"EntryPoint\",\"urlTemplate\":\"https:\/\/rendez-vous-store.com\/?s={search_term_string}\"},\"query-input\":{\"@type\":\"PropertyValueSpecification\",\"valueRequired\":true,\"valueName\":\"search_term_string\"}}],\"inLanguage\":\"fr-FR\"}]}<\/script>\n<!-- \/ Yoast SEO plugin. -->","yoast_head_json":{"title":"MERRELL - AGILITY PEAK 6 - BURLAP BROWN","description":"Shop MERRELL AGILITY PEAK 6 BURLAP BROWN, a lightweight leather hiking shoe offering comfort, durability, Vibram grip, and everyday versatility.","robots":{"index":"index","follow":"follow","max-snippet":"max-snippet:-1","max-image-preview":"max-image-preview:large","max-video-preview":"max-video-preview:-1"},"canonical":"https:\/\/rendez-vous-store.com\/fr\/shop\/men-selection-discover-our-selection-rendez-vous-store\/shoes-men-rendez-vous-store\/merrell-agility-peak-6-burlap-brown\/","og_locale":"fr_FR","og_type":"article","og_title":"MERRELL - AGILITY PEAK 6 - BURLAP BROWN","og_description":"Shop MERRELL AGILITY PEAK 6 BURLAP BROWN, a lightweight leather hiking shoe offering comfort, durability, Vibram grip, and everyday versatility.","og_url":"https:\/\/rendez-vous-store.com\/fr\/shop\/men-selection-discover-our-selection-rendez-vous-store\/shoes-men-rendez-vous-store\/merrell-agility-peak-6-burlap-brown\/","og_site_name":"RENDEZ-VOUS STORE","article_modified_time":"2026-03-16T18:52:44+00:00","og_image":[{"width":1696,"height":2560,"url":"https:\/\/rendez-vous-store.com\/app\/uploads\/2026\/01\/rdv_merrel_03-1-scaled.webp","type":"image\/webp"}],"twitter_card":"summary_large_image","twitter_misc":{"Est. reading time":"2 minutes"},"schema":{"@context":"https:\/\/schema.org","@graph":[{"@type":"WebPage","@id":"https:\/\/rendez-vous-store.com\/shop\/men-selection-discover-our-selection-rendez-vous-store\/shoes-men-rendez-vous-store\/merrell-agility-peak-6-burlap-brown\/","url":"https:\/\/rendez-vous-store.com\/shop\/men-selection-discover-our-selection-rendez-vous-store\/shoes-men-rendez-vous-store\/merrell-agility-peak-6-burlap-brown\/","name":"MERRELL - AGILITY PEAK 6 - BURLAP BROWN","isPartOf":{"@id":"https:\/\/rendez-vous-store.com\/#website"},"primaryImageOfPage":{"@id":"https:\/\/rendez-vous-store.com\/shop\/men-selection-discover-our-selection-rendez-vous-store\/shoes-men-rendez-vous-store\/merrell-agility-peak-6-burlap-brown\/#primaryimage"},"image":{"@id":"https:\/\/rendez-vous-store.com\/shop\/men-selection-discover-our-selection-rendez-vous-store\/shoes-men-rendez-vous-store\/merrell-agility-peak-6-burlap-brown\/#primaryimage"},"thumbnailUrl":"https:\/\/rendez-vous-store.com\/app\/uploads\/2026\/01\/rdv_merrel_03-1-scaled.webp","datePublished":"2026-01-20T15:21:54+00:00","dateModified":"2026-03-16T18:52:44+00:00","description":"Shop MERRELL AGILITY PEAK 6 BURLAP BROWN, a lightweight leather hiking shoe offering comfort, durability, Vibram grip, and everyday versatility.","breadcrumb":{"@id":"https:\/\/rendez-vous-store.com\/shop\/men-selection-discover-our-selection-rendez-vous-store\/shoes-men-rendez-vous-store\/merrell-agility-peak-6-burlap-brown\/#breadcrumb"},"inLanguage":"fr-FR","potentialAction":[{"@type":"ReadAction","target":["https:\/\/rendez-vous-store.com\/shop\/men-selection-discover-our-selection-rendez-vous-store\/shoes-men-rendez-vous-store\/merrell-agility-peak-6-burlap-brown\/"]}]},{"@type":"ImageObject","inLanguage":"fr-FR","@id":"https:\/\/rendez-vous-store.com\/shop\/men-selection-discover-our-selection-rendez-vous-store\/shoes-men-rendez-vous-store\/merrell-agility-peak-6-burlap-brown\/#primaryimage","url":"https:\/\/rendez-vous-store.com\/app\/uploads\/2026\/01\/rdv_merrel_03-1-scaled.webp","contentUrl":"https:\/\/rendez-vous-store.com\/app\/uploads\/2026\/01\/rdv_merrel_03-1-scaled.webp","width":1696,"height":2560,"caption":"MERRELL - AGILITY PEAK 6 - BURLAP BROWN"},{"@type":"BreadcrumbList","@id":"https:\/\/rendez-vous-store.com\/shop\/men-selection-discover-our-selection-rendez-vous-store\/shoes-men-rendez-vous-store\/merrell-agility-peak-6-burlap-brown\/#breadcrumb","itemListElement":[{"@type":"ListItem","position":1,"name":"Home","item":"https:\/\/rendez-vous-store.com\/"},{"@type":"ListItem","position":2,"name":"Shop","item":"https:\/\/www.rendez-vous-store.com\/shop\/"},{"@type":"ListItem","position":3,"name":"MERRELL &#8211; AGILITY PEAK 6 &#8211; BURLAP BROWN"}]},{"@type":"WebSite","@id":"https:\/\/rendez-vous-store.com\/#website","url":"https:\/\/rendez-vous-store.com\/","name":"RENDEZ-VOUS STORE","description":"Slow Fashion for Women and Men","potentialAction":[{"@type":"SearchAction","target":{"@type":"EntryPoint","urlTemplate":"https:\/\/rendez-vous-store.com\/?s={search_term_string}"},"query-input":{"@type":"PropertyValueSpecification","valueRequired":true,"valueName":"search_term_string"}}],"inLanguage":"fr-FR"}]}},"_links":{"self":[{"href":"https:\/\/rendez-vous-store.com\/fr\/wp-json\/wp\/v2\/product\/232499","targetHints":{"allow":["GET"]}}],"collection":[{"href":"https:\/\/rendez-vous-store.com\/fr\/wp-json\/wp\/v2\/product"}],"about":[{"href":"https:\/\/rendez-vous-store.com\/fr\/wp-json\/wp\/v2\/types\/product"}],"wp:featuredmedia":[{"embeddable":true,"href":"https:\/\/rendez-vous-store.com\/fr\/wp-json\/wp\/v2\/media\/232711"}],"wp:attachment":[{"href":"https:\/\/rendez-vous-store.com\/fr\/wp-json\/wp\/v2\/media?parent=232499"}],"wp:term":[{"taxonomy":"product_brand","embeddable":true,"href":"https:\/\/rendez-vous-store.com\/fr\/wp-json\/wp\/v2\/product_brand?post=232499"},{"taxonomy":"product_cat","embeddable":true,"href":"https:\/\/rendez-vous-store.com\/fr\/wp-json\/wp\/v2\/product_cat?post=232499"},{"taxonomy":"product_tag","embeddable":true,"href":"https:\/\/rendez-vous-store.com\/fr\/wp-json\/wp\/v2\/product_tag?post=232499"}],"curies":[{"name":"wp","href":"https:\/\/api.w.org\/{rel}","templated":true}]}}