{"id":231154,"date":"2026-01-13T14:18:40","date_gmt":"2026-01-13T13:18:40","guid":{"rendered":"https:\/\/rendez-vous-store.com\/?post_type=product&#038;p=231154"},"modified":"2026-03-16T19:40:26","modified_gmt":"2026-03-16T18:40:26","slug":"pas-de-calais-jacket-13-60-3430-navy-rendez-vous-store","status":"publish","type":"product","link":"https:\/\/rendez-vous-store.com\/fr\/shop\/women\/women-coats-jackets-rendez-vous-store\/pas-de-calais-jacket-13-60-3430-navy-rendez-vous-store\/","title":{"rendered":"Pas De Calais \u2013 Veste 13-60-3430 \u2013 Bleu marine"},"content":{"rendered":"<p><strong>Pas De Calais \u2013 Veste 13-60-3430 \u2013 Bleu marine<\/strong><\/p>\n<p>Couleur : bleu marine<\/p>\n<p>Fermeture par boutons<\/p>\n<p>Manches longues<\/p>\n<p>Composition : 100% Lin<\/p>\n<p>Fabriqu\u00e9 au Japon<\/p>\n<p>&nbsp;<\/p>\n<p>&nbsp;<\/p>\n<p><strong>Les mesures :\u00a0<\/strong><\/p>\n<p>Taille S : \u00c9paules : 40cm, Poitrine : 52cm, Manches : 60cm, Longueur : 56cm, Emmanchures : 24cm<\/p>\n<p>Taille M : \u00c9paules : 43cm, Tour de poitrine : 56cm, Manches : 60cm, Longueur : 59cm, Emmanchures : 25cm<\/p>\n<p>&nbsp;<\/p>\n<p>&nbsp;<\/p>\n<p><strong>Le Produit<\/strong><\/p>\n<p>Le Pas De Calais \u2013 Veste 13-60-3430 \u2013 Bleu Marine exprime un \u00e9quilibre raffin\u00e9 entre structure, confort et \u00e9l\u00e9gance discr\u00e8te. Son tissu soigneusement travaill\u00e9 offre un toucher doux mais substantiel, permettant une aisance de mouvement tout en conservant une silhouette \u00e9pur\u00e9e. De plus, la teinte bleu marine profonde ajoute de la profondeur et une sophistication intemporelle, renfor\u00e7ant le caract\u00e8re polyvalent de la veste.<br data-start=\"387\" data-end=\"390\" \/>La conception de la veste donne une impression de d\u00e9contraction tout en \u00e9tant intentionnelle, cr\u00e9ant un tomb\u00e9 naturel qui s'adapte sans effort \u00e0 la silhouette. De plus, sa confection r\u00e9fl\u00e9chie la rend id\u00e9ale pour \u00eatre superpos\u00e9e au fil des saisons, que ce soit sur une maille ou des hauts plus l\u00e9gers.<br data-start=\"630\" data-end=\"633\" \/>Par cons\u00e9quent, cette veste rehausse le quotidien avec une confiance discr\u00e8te et un raffinement fonctionnel. Elle reste pratique, intemporelle et ind\u00e9niablement Pas De Calais.<\/p>\n<p>&nbsp;<\/p>\n<p data-start=\"855\" data-end=\"1692\"><a href=\"https:\/\/rendez-vous-store.com\/fr\/shop\/women\/trousers-skirts-discover-our-selection-rendez-vous-store\/pas-de-calais-pants-13-60-8694-navy\/\">Nous aimons le voir port\u00e9 avec<\/a><\/p>\n<p data-start=\"867\" data-end=\"880\"><strong data-start=\"867\" data-end=\"880\">La marque<\/strong><\/p>\n<p data-start=\"882\" data-end=\"1537\">Pas De Calais repr\u00e9sente une approche artistique et sensible de la mode, ancr\u00e9e dans l'artisanat japonais. La marque met l'accent sur les mati\u00e8res naturelles, les tissus textur\u00e9s et les silhouettes aux coupes douces. De plus, chaque pi\u00e8ce refl\u00e8te un profond respect pour la tradition tout en adoptant des sensibilit\u00e9s de design modernes.<br data-start=\"1184\" data-end=\"1187\" \/>Cette approche r\u00e9fl\u00e9chie donne des v\u00eatements qui sont authentiques, confortables et \u00e9motionnellement r\u00e9sonnants. De plus, Pas De Calais con\u00e7oit des v\u00eatements qui transcendent les tendances, en se concentrant plut\u00f4t sur l'individualit\u00e9 et l'expression discr\u00e8te.<br data-start=\"1415\" data-end=\"1418\" \/>Par cons\u00e9quent, la marque cr\u00e9e des collections qui semblent intimes, po\u00e9tiques et profond\u00e9ment connect\u00e9es au style de vie du porteur.<\/p>\n<p data-start=\"1544\" data-end=\"1563\"><strong data-start=\"1544\" data-end=\"1563\">Les collections<\/strong><\/p>\n<p data-start=\"1565\" data-end=\"2199\">Les collections Pas de Calais explorent l'innovation des mat\u00e9riaux, la superposition et le volume subtil avec une grande pr\u00e9cision. Chaque saison revisite des formes famili\u00e8res tout en introduisant de nouvelles textures, des traitements et des variations tonales. De plus, la marque m\u00eale constamment des techniques artisanales \u00e0 une esth\u00e9tique contemporaine.<br data-start=\"1862\" data-end=\"1865\" \/>Les v\u00eatements restent polyvalents et expressifs, permettant \u00e0 ceux qui les portent de cr\u00e9er des looks personnels et \u00e9volutifs. De plus, les tissus d\u00e9veloppent un caract\u00e8re avec le temps, renfor\u00e7ant un sentiment de long\u00e9vit\u00e9 et d'authenticit\u00e9.<br data-start=\"2071\" data-end=\"2074\" \/>En cons\u00e9quence, les collections pr\u00e9sentent une garde-robe moderne d\u00e9finie par la sensibilit\u00e9, le savoir-faire et une sophistication discr\u00e8te.<\/p>","protected":false},"excerpt":{"rendered":"<p>Pas De Calais &#8211; Jacket 13-60-3430 &#8211; Navy Color: Navy Buttons Closure Long Sleeves Composition: 100% Linen Made In Japan &nbsp; &nbsp; The measurements:\u00a0 Size S: Shoulders: 40cm, Chest: 52cm, Sleeves: 60cm, Length: 56cm, Armholes: 24cm Size M: Shoulders: 43cm, Chest: 56cm, Sleeves: 60cm, Length: 59cm, Armholes: 25cm &nbsp; &nbsp; The Product The Pas De&hellip; <a class=\"more-link\" href=\"https:\/\/rendez-vous-store.com\/fr\/shop\/women\/women-coats-jackets-rendez-vous-store\/pas-de-calais-jacket-13-60-3430-navy-rendez-vous-store\/\">Continuer la lecture <span class=\"screen-reader-text\">Pas De Calais \u2013 Veste 13-60-3430 \u2013 Bleu marine<\/span><\/a><\/p>","protected":false},"featured_media":233680,"template":"","meta":{"_acf_changed":false},"product_brand":[],"product_cat":[17,1062,394],"product_tag":[684],"class_list":{"0":"post-231154","1":"product","2":"type-product","3":"status-publish","4":"has-post-thumbnail","6":"product_cat-women","7":"product_cat-new-women-selection-rendez-vous-store","8":"product_cat-women-coats-jackets-rendez-vous-store","9":"product_tag-pas-de-calais","10":"entry","12":"first","13":"instock","14":"taxable","15":"shipping-taxable","16":"purchasable","17":"product-type-variable"},"acf":[],"yoast_head":"<!-- This site is optimized with the Yoast SEO plugin v24.9 - https:\/\/yoast.com\/wordpress\/plugins\/seo\/ -->\n<title>Pas De Calais - Jacket 13-60-3430 - Navy<\/title>\n<meta name=\"description\" content=\"This Pas De Calais - Jacket 13-60-3430 - Navy combine a variety of traditional dyeing and advanced techniques.\" \/>\n<meta name=\"robots\" content=\"index, follow, max-snippet:-1, max-image-preview:large, max-video-preview:-1\" \/>\n<link rel=\"canonical\" href=\"https:\/\/rendez-vous-store.com\/fr\/shop\/women\/women-coats-jackets-rendez-vous-store\/pas-de-calais-jacket-13-60-3430-navy-rendez-vous-store\/\" \/>\n<meta property=\"og:locale\" content=\"fr_FR\" \/>\n<meta property=\"og:type\" content=\"article\" \/>\n<meta property=\"og:title\" content=\"Pas De Calais - Jacket 13-60-3430 - Navy\" \/>\n<meta property=\"og:description\" content=\"This Pas De Calais - Jacket 13-60-3430 - Navy combine a variety of traditional dyeing and advanced techniques.\" \/>\n<meta property=\"og:url\" content=\"https:\/\/rendez-vous-store.com\/fr\/shop\/women\/women-coats-jackets-rendez-vous-store\/pas-de-calais-jacket-13-60-3430-navy-rendez-vous-store\/\" \/>\n<meta property=\"og:site_name\" content=\"RENDEZ-VOUS STORE\" \/>\n<meta property=\"article:modified_time\" content=\"2026-03-16T18:40:26+00:00\" \/>\n<meta property=\"og:image\" content=\"https:\/\/rendez-vous-store.com\/app\/uploads\/2026\/01\/IMG_9802_11zon-scaled.webp\" \/>\n\t<meta property=\"og:image:width\" content=\"1707\" \/>\n\t<meta property=\"og:image:height\" content=\"2560\" \/>\n\t<meta property=\"og:image:type\" content=\"image\/webp\" \/>\n<meta name=\"twitter:card\" content=\"summary_large_image\" \/>\n<meta name=\"twitter:label1\" content=\"Est. reading time\" \/>\n\t<meta name=\"twitter:data1\" content=\"2 minutes\" \/>\n<script type=\"application\/ld+json\" class=\"yoast-schema-graph\">{\"@context\":\"https:\/\/schema.org\",\"@graph\":[{\"@type\":\"WebPage\",\"@id\":\"https:\/\/rendez-vous-store.com\/shop\/women\/women-coats-jackets-rendez-vous-store\/pas-de-calais-jacket-13-60-3430-navy-rendez-vous-store\/\",\"url\":\"https:\/\/rendez-vous-store.com\/shop\/women\/women-coats-jackets-rendez-vous-store\/pas-de-calais-jacket-13-60-3430-navy-rendez-vous-store\/\",\"name\":\"Pas De Calais - Jacket 13-60-3430 - Navy\",\"isPartOf\":{\"@id\":\"https:\/\/rendez-vous-store.com\/#website\"},\"primaryImageOfPage\":{\"@id\":\"https:\/\/rendez-vous-store.com\/shop\/women\/women-coats-jackets-rendez-vous-store\/pas-de-calais-jacket-13-60-3430-navy-rendez-vous-store\/#primaryimage\"},\"image\":{\"@id\":\"https:\/\/rendez-vous-store.com\/shop\/women\/women-coats-jackets-rendez-vous-store\/pas-de-calais-jacket-13-60-3430-navy-rendez-vous-store\/#primaryimage\"},\"thumbnailUrl\":\"https:\/\/rendez-vous-store.com\/app\/uploads\/2026\/01\/IMG_9802_11zon-scaled.webp\",\"datePublished\":\"2026-01-13T13:18:40+00:00\",\"dateModified\":\"2026-03-16T18:40:26+00:00\",\"description\":\"This Pas De Calais - Jacket 13-60-3430 - Navy combine a variety of traditional dyeing and advanced techniques.\",\"breadcrumb\":{\"@id\":\"https:\/\/rendez-vous-store.com\/shop\/women\/women-coats-jackets-rendez-vous-store\/pas-de-calais-jacket-13-60-3430-navy-rendez-vous-store\/#breadcrumb\"},\"inLanguage\":\"fr-FR\",\"potentialAction\":[{\"@type\":\"ReadAction\",\"target\":[\"https:\/\/rendez-vous-store.com\/shop\/women\/women-coats-jackets-rendez-vous-store\/pas-de-calais-jacket-13-60-3430-navy-rendez-vous-store\/\"]}]},{\"@type\":\"ImageObject\",\"inLanguage\":\"fr-FR\",\"@id\":\"https:\/\/rendez-vous-store.com\/shop\/women\/women-coats-jackets-rendez-vous-store\/pas-de-calais-jacket-13-60-3430-navy-rendez-vous-store\/#primaryimage\",\"url\":\"https:\/\/rendez-vous-store.com\/app\/uploads\/2026\/01\/IMG_9802_11zon-scaled.webp\",\"contentUrl\":\"https:\/\/rendez-vous-store.com\/app\/uploads\/2026\/01\/IMG_9802_11zon-scaled.webp\",\"width\":1707,\"height\":2560},{\"@type\":\"BreadcrumbList\",\"@id\":\"https:\/\/rendez-vous-store.com\/shop\/women\/women-coats-jackets-rendez-vous-store\/pas-de-calais-jacket-13-60-3430-navy-rendez-vous-store\/#breadcrumb\",\"itemListElement\":[{\"@type\":\"ListItem\",\"position\":1,\"name\":\"Home\",\"item\":\"https:\/\/rendez-vous-store.com\/\"},{\"@type\":\"ListItem\",\"position\":2,\"name\":\"Shop\",\"item\":\"https:\/\/www.rendez-vous-store.com\/shop\/\"},{\"@type\":\"ListItem\",\"position\":3,\"name\":\"Pas De Calais &#8211; Jacket 13-60-3430 &#8211; Navy\"}]},{\"@type\":\"WebSite\",\"@id\":\"https:\/\/rendez-vous-store.com\/#website\",\"url\":\"https:\/\/rendez-vous-store.com\/\",\"name\":\"RENDEZ-VOUS STORE\",\"description\":\"Slow Fashion for Women and Men\",\"potentialAction\":[{\"@type\":\"SearchAction\",\"target\":{\"@type\":\"EntryPoint\",\"urlTemplate\":\"https:\/\/rendez-vous-store.com\/?s={search_term_string}\"},\"query-input\":{\"@type\":\"PropertyValueSpecification\",\"valueRequired\":true,\"valueName\":\"search_term_string\"}}],\"inLanguage\":\"fr-FR\"}]}<\/script>\n<!-- \/ Yoast SEO plugin. -->","yoast_head_json":{"title":"Pas De Calais - Jacket 13-60-3430 - Navy","description":"This Pas De Calais - Jacket 13-60-3430 - Navy combine a variety of traditional dyeing and advanced techniques.","robots":{"index":"index","follow":"follow","max-snippet":"max-snippet:-1","max-image-preview":"max-image-preview:large","max-video-preview":"max-video-preview:-1"},"canonical":"https:\/\/rendez-vous-store.com\/fr\/shop\/women\/women-coats-jackets-rendez-vous-store\/pas-de-calais-jacket-13-60-3430-navy-rendez-vous-store\/","og_locale":"fr_FR","og_type":"article","og_title":"Pas De Calais - Jacket 13-60-3430 - Navy","og_description":"This Pas De Calais - Jacket 13-60-3430 - Navy combine a variety of traditional dyeing and advanced techniques.","og_url":"https:\/\/rendez-vous-store.com\/fr\/shop\/women\/women-coats-jackets-rendez-vous-store\/pas-de-calais-jacket-13-60-3430-navy-rendez-vous-store\/","og_site_name":"RENDEZ-VOUS STORE","article_modified_time":"2026-03-16T18:40:26+00:00","og_image":[{"width":1707,"height":2560,"url":"https:\/\/rendez-vous-store.com\/app\/uploads\/2026\/01\/IMG_9802_11zon-scaled.webp","type":"image\/webp"}],"twitter_card":"summary_large_image","twitter_misc":{"Est. reading time":"2 minutes"},"schema":{"@context":"https:\/\/schema.org","@graph":[{"@type":"WebPage","@id":"https:\/\/rendez-vous-store.com\/shop\/women\/women-coats-jackets-rendez-vous-store\/pas-de-calais-jacket-13-60-3430-navy-rendez-vous-store\/","url":"https:\/\/rendez-vous-store.com\/shop\/women\/women-coats-jackets-rendez-vous-store\/pas-de-calais-jacket-13-60-3430-navy-rendez-vous-store\/","name":"Pas De Calais - Jacket 13-60-3430 - Navy","isPartOf":{"@id":"https:\/\/rendez-vous-store.com\/#website"},"primaryImageOfPage":{"@id":"https:\/\/rendez-vous-store.com\/shop\/women\/women-coats-jackets-rendez-vous-store\/pas-de-calais-jacket-13-60-3430-navy-rendez-vous-store\/#primaryimage"},"image":{"@id":"https:\/\/rendez-vous-store.com\/shop\/women\/women-coats-jackets-rendez-vous-store\/pas-de-calais-jacket-13-60-3430-navy-rendez-vous-store\/#primaryimage"},"thumbnailUrl":"https:\/\/rendez-vous-store.com\/app\/uploads\/2026\/01\/IMG_9802_11zon-scaled.webp","datePublished":"2026-01-13T13:18:40+00:00","dateModified":"2026-03-16T18:40:26+00:00","description":"This Pas De Calais - Jacket 13-60-3430 - Navy combine a variety of traditional dyeing and advanced techniques.","breadcrumb":{"@id":"https:\/\/rendez-vous-store.com\/shop\/women\/women-coats-jackets-rendez-vous-store\/pas-de-calais-jacket-13-60-3430-navy-rendez-vous-store\/#breadcrumb"},"inLanguage":"fr-FR","potentialAction":[{"@type":"ReadAction","target":["https:\/\/rendez-vous-store.com\/shop\/women\/women-coats-jackets-rendez-vous-store\/pas-de-calais-jacket-13-60-3430-navy-rendez-vous-store\/"]}]},{"@type":"ImageObject","inLanguage":"fr-FR","@id":"https:\/\/rendez-vous-store.com\/shop\/women\/women-coats-jackets-rendez-vous-store\/pas-de-calais-jacket-13-60-3430-navy-rendez-vous-store\/#primaryimage","url":"https:\/\/rendez-vous-store.com\/app\/uploads\/2026\/01\/IMG_9802_11zon-scaled.webp","contentUrl":"https:\/\/rendez-vous-store.com\/app\/uploads\/2026\/01\/IMG_9802_11zon-scaled.webp","width":1707,"height":2560},{"@type":"BreadcrumbList","@id":"https:\/\/rendez-vous-store.com\/shop\/women\/women-coats-jackets-rendez-vous-store\/pas-de-calais-jacket-13-60-3430-navy-rendez-vous-store\/#breadcrumb","itemListElement":[{"@type":"ListItem","position":1,"name":"Home","item":"https:\/\/rendez-vous-store.com\/"},{"@type":"ListItem","position":2,"name":"Shop","item":"https:\/\/www.rendez-vous-store.com\/shop\/"},{"@type":"ListItem","position":3,"name":"Pas De Calais &#8211; Jacket 13-60-3430 &#8211; Navy"}]},{"@type":"WebSite","@id":"https:\/\/rendez-vous-store.com\/#website","url":"https:\/\/rendez-vous-store.com\/","name":"RENDEZ-VOUS STORE","description":"Slow Fashion for Women and Men","potentialAction":[{"@type":"SearchAction","target":{"@type":"EntryPoint","urlTemplate":"https:\/\/rendez-vous-store.com\/?s={search_term_string}"},"query-input":{"@type":"PropertyValueSpecification","valueRequired":true,"valueName":"search_term_string"}}],"inLanguage":"fr-FR"}]}},"_links":{"self":[{"href":"https:\/\/rendez-vous-store.com\/fr\/wp-json\/wp\/v2\/product\/231154","targetHints":{"allow":["GET"]}}],"collection":[{"href":"https:\/\/rendez-vous-store.com\/fr\/wp-json\/wp\/v2\/product"}],"about":[{"href":"https:\/\/rendez-vous-store.com\/fr\/wp-json\/wp\/v2\/types\/product"}],"wp:featuredmedia":[{"embeddable":true,"href":"https:\/\/rendez-vous-store.com\/fr\/wp-json\/wp\/v2\/media\/233680"}],"wp:attachment":[{"href":"https:\/\/rendez-vous-store.com\/fr\/wp-json\/wp\/v2\/media?parent=231154"}],"wp:term":[{"taxonomy":"product_brand","embeddable":true,"href":"https:\/\/rendez-vous-store.com\/fr\/wp-json\/wp\/v2\/product_brand?post=231154"},{"taxonomy":"product_cat","embeddable":true,"href":"https:\/\/rendez-vous-store.com\/fr\/wp-json\/wp\/v2\/product_cat?post=231154"},{"taxonomy":"product_tag","embeddable":true,"href":"https:\/\/rendez-vous-store.com\/fr\/wp-json\/wp\/v2\/product_tag?post=231154"}],"curies":[{"name":"wp","href":"https:\/\/api.w.org\/{rel}","templated":true}]}}