{"id":231149,"date":"2026-01-13T14:18:37","date_gmt":"2026-01-13T13:18:37","guid":{"rendered":"https:\/\/rendez-vous-store.com\/?post_type=product&#038;p=231149"},"modified":"2026-03-23T09:15:03","modified_gmt":"2026-03-23T08:15:03","slug":"pas-de-calais-dress-13-60-4543-navy-rendez-vous-store","status":"publish","type":"product","link":"https:\/\/rendez-vous-store.com\/fr\/shop\/women\/women-dresses-rendez-vous-store\/pas-de-calais-dress-13-60-4543-navy-rendez-vous-store\/","title":{"rendered":"Pas De Calais \u2013 Robe 13-60-4543 \u2013 Bleu marine"},"content":{"rendered":"<p><strong>Pas De Calais \u2013 Robe 13-60-4543 \u2013 Bleu marine<\/strong><\/p>\n<p>Couleur : bleu marine<\/p>\n<p>Manches 3\/4<\/p>\n<p>Taille \u00e0 cordon de serrage<\/p>\n<p>Composition : 99% Coton - 1% Polyur\u00e9thane<\/p>\n<p>Fabriqu\u00e9 au Japon<\/p>\n<p>&nbsp;<\/p>\n<p>&nbsp;<\/p>\n<p>&nbsp;<\/p>\n<p><strong>Les mesures :\u00a0<\/strong><\/p>\n<p>Taille XS : \u00c9paules : 51 cm, Poitrine : 64 cm, Manches : 27 cm, Longueur : 113 cm, Emmanchures : 24 cm<\/p>\n<p>Taille S : \u00c9paules : 54 cm, Poitrine : 66 cm, Manches : 28 cm, Longueur : 121 cm, Emmanchures : 27 cm<\/p>\n<p>Taille M : \u00c9paules : 55 cm, Poitrine : 67 cm, Manches : 30 cm, Longueur : 123 cm, Emmanchures : 28 cm<\/p>\n<p>&nbsp;<\/p>\n<p>&nbsp;<\/p>\n<p>&nbsp;<\/p>\n<p data-start=\"0\" data-end=\"15\"><strong data-start=\"0\" data-end=\"15\">Le produit<\/strong><\/p>\n<p data-start=\"17\" data-end=\"806\">La robe Pas De Calais \u2013 13-60-4543 \u2013 Bleu Marine r\u00e9v\u00e8le une harmonie raffin\u00e9e entre fluidit\u00e9, confort et \u00e9l\u00e9gance discr\u00e8te. Son tissu soigneusement s\u00e9lectionn\u00e9 est doux et respirant, tout en permettant une libert\u00e9 de mouvement naturelle tout au long de la journ\u00e9e. De plus, sa teinte bleu marine profond ajoute de la profondeur et une sophistication discr\u00e8te, rehaussant le caract\u00e8re intemporel de cette robe.<br data-start=\"358\" data-end=\"361\" \/>La silhouette de la robe semble d\u00e9contract\u00e9e mais soigneusement \u00e9quilibr\u00e9e, cr\u00e9ant un drap\u00e9 gracieux qui flatte le corps sans restriction. De plus, sa l\u00e9g\u00e8ret\u00e9 permet de la superposer ou de la porter seule au fil des saisons, s'adaptant sans effort aux diff\u00e9rents moments de la vie quotidienne.<br data-start=\"644\" data-end=\"647\" \/>Par cons\u00e9quent, cette robe \u00e9l\u00e8ve la garde-robe quotidienne avec une confiance subtile et une simplicit\u00e9 po\u00e9tique. Elle reste polyvalente, intemporelle et distinctement Pas De Calais.<\/p>\n<p data-start=\"17\" data-end=\"806\"><a href=\"https:\/\/rendez-vous-store.com\/fr\/shop\/women\/women-shoes-heels-discover-our-selection-rendez-vous-store\/kaptain-sunshine-x-reproduction-of-found-women-german-military-trainer-shoes-black\/\">Nous aimons le voir port\u00e9 avec<\/a><\/p>\n<p data-start=\"867\" data-end=\"880\"><strong data-start=\"867\" data-end=\"880\">La marque<\/strong><\/p>\n<p data-start=\"882\" data-end=\"1537\">Pas De Calais repr\u00e9sente une approche artistique et sensible de la mode, ancr\u00e9e dans l'artisanat japonais. La marque met l'accent sur les mati\u00e8res naturelles, les tissus textur\u00e9s et les silhouettes aux coupes douces. De plus, chaque pi\u00e8ce refl\u00e8te un profond respect pour la tradition tout en adoptant des sensibilit\u00e9s de design modernes.<br data-start=\"1184\" data-end=\"1187\" \/>Cette approche r\u00e9fl\u00e9chie donne des v\u00eatements qui sont authentiques, confortables et \u00e9motionnellement r\u00e9sonnants. De plus, Pas De Calais con\u00e7oit des v\u00eatements qui transcendent les tendances, en se concentrant plut\u00f4t sur l'individualit\u00e9 et l'expression discr\u00e8te.<br data-start=\"1415\" data-end=\"1418\" \/>Par cons\u00e9quent, la marque cr\u00e9e des collections qui semblent intimes, po\u00e9tiques et profond\u00e9ment connect\u00e9es au style de vie du porteur.<\/p>\n<p data-start=\"1544\" data-end=\"1563\"><strong data-start=\"1544\" data-end=\"1563\">Les collections<\/strong><\/p>\n<p data-start=\"1565\" data-end=\"2199\">Les collections Pas de Calais explorent l'innovation des mat\u00e9riaux, la superposition et le volume subtil avec une grande pr\u00e9cision. Chaque saison revisite des formes famili\u00e8res tout en introduisant de nouvelles textures, des traitements et des variations tonales. De plus, la marque m\u00eale constamment des techniques artisanales \u00e0 une esth\u00e9tique contemporaine.<br data-start=\"1862\" data-end=\"1865\" \/>Les v\u00eatements restent polyvalents et expressifs, permettant \u00e0 ceux qui les portent de cr\u00e9er des looks personnels et \u00e9volutifs. De plus, les tissus d\u00e9veloppent un caract\u00e8re avec le temps, renfor\u00e7ant un sentiment de long\u00e9vit\u00e9 et d'authenticit\u00e9.<br data-start=\"2071\" data-end=\"2074\" \/>En cons\u00e9quence, les collections pr\u00e9sentent une garde-robe moderne d\u00e9finie par la sensibilit\u00e9, le savoir-faire et une sophistication discr\u00e8te.<\/p>","protected":false},"excerpt":{"rendered":"<p>Pas De Calais &#8211; Dress 13-60-4543 &#8211; Navy Color: Navy 3\/4 sleeves Drawstring waist Composition: 99% Cotton &#8211; 1% Polyurethane Made In Japan &nbsp; &nbsp; &nbsp; The measurements:\u00a0 Size XS: Shoulders: 51cm, Chest: 64cm, Sleeves: 27cm, Length: 113cm, Armholes: 24cm Size S: Shoulders: 54cm, Chest: 66cm, Sleeves: 28cm, Length: 121cm, Armholes: 27cm Size M: Shoulders:&hellip; <a class=\"more-link\" href=\"https:\/\/rendez-vous-store.com\/fr\/shop\/women\/women-dresses-rendez-vous-store\/pas-de-calais-dress-13-60-4543-navy-rendez-vous-store\/\">Continuer la lecture <span class=\"screen-reader-text\">Pas De Calais \u2013 Robe 13-60-4543 \u2013 Bleu marine<\/span><\/a><\/p>","protected":false},"featured_media":231500,"template":"","meta":{"_acf_changed":false},"product_brand":[],"product_cat":[17,1062,376],"product_tag":[684],"class_list":{"0":"post-231149","1":"product","2":"type-product","3":"status-publish","4":"has-post-thumbnail","6":"product_cat-women","7":"product_cat-new-women-selection-rendez-vous-store","8":"product_cat-women-dresses-rendez-vous-store","9":"product_tag-pas-de-calais","10":"entry","12":"first","13":"instock","14":"taxable","15":"shipping-taxable","16":"purchasable","17":"product-type-variable"},"acf":[],"yoast_head":"<!-- This site is optimized with the Yoast SEO plugin v24.9 - https:\/\/yoast.com\/wordpress\/plugins\/seo\/ -->\n<title>Pas De Calais - Dress 13-60-4543 - Navy<\/title>\n<meta name=\"description\" content=\"This Pas De Calais - Dress 13-60-4543 - Navy combine a variety of traditional dyeing and advanced techniques.\" \/>\n<meta name=\"robots\" content=\"index, follow, max-snippet:-1, max-image-preview:large, max-video-preview:-1\" \/>\n<link rel=\"canonical\" href=\"https:\/\/rendez-vous-store.com\/fr\/shop\/women\/women-dresses-rendez-vous-store\/pas-de-calais-dress-13-60-4543-navy-rendez-vous-store\/\" \/>\n<meta property=\"og:locale\" content=\"fr_FR\" \/>\n<meta property=\"og:type\" content=\"article\" \/>\n<meta property=\"og:title\" content=\"Pas De Calais - Dress 13-60-4543 - Navy\" \/>\n<meta property=\"og:description\" content=\"This Pas De Calais - Dress 13-60-4543 - Navy combine a variety of traditional dyeing and advanced techniques.\" \/>\n<meta property=\"og:url\" content=\"https:\/\/rendez-vous-store.com\/fr\/shop\/women\/women-dresses-rendez-vous-store\/pas-de-calais-dress-13-60-4543-navy-rendez-vous-store\/\" \/>\n<meta property=\"og:site_name\" content=\"RENDEZ-VOUS STORE\" \/>\n<meta property=\"article:modified_time\" content=\"2026-03-23T08:15:03+00:00\" \/>\n<meta property=\"og:image\" content=\"https:\/\/rendez-vous-store.com\/app\/uploads\/2026\/01\/rdv_73-scaled.webp\" \/>\n\t<meta property=\"og:image:width\" content=\"1696\" \/>\n\t<meta property=\"og:image:height\" content=\"2560\" \/>\n\t<meta property=\"og:image:type\" content=\"image\/webp\" \/>\n<meta name=\"twitter:card\" content=\"summary_large_image\" \/>\n<meta name=\"twitter:label1\" content=\"Est. reading time\" \/>\n\t<meta name=\"twitter:data1\" content=\"2 minutes\" \/>\n<script type=\"application\/ld+json\" class=\"yoast-schema-graph\">{\"@context\":\"https:\/\/schema.org\",\"@graph\":[{\"@type\":\"WebPage\",\"@id\":\"https:\/\/rendez-vous-store.com\/shop\/women\/women-dresses-rendez-vous-store\/pas-de-calais-dress-13-60-4543-navy-rendez-vous-store\/\",\"url\":\"https:\/\/rendez-vous-store.com\/shop\/women\/women-dresses-rendez-vous-store\/pas-de-calais-dress-13-60-4543-navy-rendez-vous-store\/\",\"name\":\"Pas De Calais - Dress 13-60-4543 - Navy\",\"isPartOf\":{\"@id\":\"https:\/\/rendez-vous-store.com\/#website\"},\"primaryImageOfPage\":{\"@id\":\"https:\/\/rendez-vous-store.com\/shop\/women\/women-dresses-rendez-vous-store\/pas-de-calais-dress-13-60-4543-navy-rendez-vous-store\/#primaryimage\"},\"image\":{\"@id\":\"https:\/\/rendez-vous-store.com\/shop\/women\/women-dresses-rendez-vous-store\/pas-de-calais-dress-13-60-4543-navy-rendez-vous-store\/#primaryimage\"},\"thumbnailUrl\":\"https:\/\/rendez-vous-store.com\/app\/uploads\/2026\/01\/rdv_73-scaled.webp\",\"datePublished\":\"2026-01-13T13:18:37+00:00\",\"dateModified\":\"2026-03-23T08:15:03+00:00\",\"description\":\"This Pas De Calais - Dress 13-60-4543 - Navy combine a variety of traditional dyeing and advanced techniques.\",\"breadcrumb\":{\"@id\":\"https:\/\/rendez-vous-store.com\/shop\/women\/women-dresses-rendez-vous-store\/pas-de-calais-dress-13-60-4543-navy-rendez-vous-store\/#breadcrumb\"},\"inLanguage\":\"fr-FR\",\"potentialAction\":[{\"@type\":\"ReadAction\",\"target\":[\"https:\/\/rendez-vous-store.com\/shop\/women\/women-dresses-rendez-vous-store\/pas-de-calais-dress-13-60-4543-navy-rendez-vous-store\/\"]}]},{\"@type\":\"ImageObject\",\"inLanguage\":\"fr-FR\",\"@id\":\"https:\/\/rendez-vous-store.com\/shop\/women\/women-dresses-rendez-vous-store\/pas-de-calais-dress-13-60-4543-navy-rendez-vous-store\/#primaryimage\",\"url\":\"https:\/\/rendez-vous-store.com\/app\/uploads\/2026\/01\/rdv_73-scaled.webp\",\"contentUrl\":\"https:\/\/rendez-vous-store.com\/app\/uploads\/2026\/01\/rdv_73-scaled.webp\",\"width\":1696,\"height\":2560},{\"@type\":\"BreadcrumbList\",\"@id\":\"https:\/\/rendez-vous-store.com\/shop\/women\/women-dresses-rendez-vous-store\/pas-de-calais-dress-13-60-4543-navy-rendez-vous-store\/#breadcrumb\",\"itemListElement\":[{\"@type\":\"ListItem\",\"position\":1,\"name\":\"Home\",\"item\":\"https:\/\/rendez-vous-store.com\/\"},{\"@type\":\"ListItem\",\"position\":2,\"name\":\"Shop\",\"item\":\"https:\/\/www.rendez-vous-store.com\/shop\/\"},{\"@type\":\"ListItem\",\"position\":3,\"name\":\"Pas De Calais &#8211; Dress 13-60-4543 &#8211; Navy\"}]},{\"@type\":\"WebSite\",\"@id\":\"https:\/\/rendez-vous-store.com\/#website\",\"url\":\"https:\/\/rendez-vous-store.com\/\",\"name\":\"RENDEZ-VOUS STORE\",\"description\":\"Slow Fashion for Women and Men\",\"potentialAction\":[{\"@type\":\"SearchAction\",\"target\":{\"@type\":\"EntryPoint\",\"urlTemplate\":\"https:\/\/rendez-vous-store.com\/?s={search_term_string}\"},\"query-input\":{\"@type\":\"PropertyValueSpecification\",\"valueRequired\":true,\"valueName\":\"search_term_string\"}}],\"inLanguage\":\"fr-FR\"}]}<\/script>\n<!-- \/ Yoast SEO plugin. -->","yoast_head_json":{"title":"Pas De Calais - Dress 13-60-4543 - Navy","description":"This Pas De Calais - Dress 13-60-4543 - Navy combine a variety of traditional dyeing and advanced techniques.","robots":{"index":"index","follow":"follow","max-snippet":"max-snippet:-1","max-image-preview":"max-image-preview:large","max-video-preview":"max-video-preview:-1"},"canonical":"https:\/\/rendez-vous-store.com\/fr\/shop\/women\/women-dresses-rendez-vous-store\/pas-de-calais-dress-13-60-4543-navy-rendez-vous-store\/","og_locale":"fr_FR","og_type":"article","og_title":"Pas De Calais - Dress 13-60-4543 - Navy","og_description":"This Pas De Calais - Dress 13-60-4543 - Navy combine a variety of traditional dyeing and advanced techniques.","og_url":"https:\/\/rendez-vous-store.com\/fr\/shop\/women\/women-dresses-rendez-vous-store\/pas-de-calais-dress-13-60-4543-navy-rendez-vous-store\/","og_site_name":"RENDEZ-VOUS STORE","article_modified_time":"2026-03-23T08:15:03+00:00","og_image":[{"width":1696,"height":2560,"url":"https:\/\/rendez-vous-store.com\/app\/uploads\/2026\/01\/rdv_73-scaled.webp","type":"image\/webp"}],"twitter_card":"summary_large_image","twitter_misc":{"Est. reading time":"2 minutes"},"schema":{"@context":"https:\/\/schema.org","@graph":[{"@type":"WebPage","@id":"https:\/\/rendez-vous-store.com\/shop\/women\/women-dresses-rendez-vous-store\/pas-de-calais-dress-13-60-4543-navy-rendez-vous-store\/","url":"https:\/\/rendez-vous-store.com\/shop\/women\/women-dresses-rendez-vous-store\/pas-de-calais-dress-13-60-4543-navy-rendez-vous-store\/","name":"Pas De Calais - Dress 13-60-4543 - Navy","isPartOf":{"@id":"https:\/\/rendez-vous-store.com\/#website"},"primaryImageOfPage":{"@id":"https:\/\/rendez-vous-store.com\/shop\/women\/women-dresses-rendez-vous-store\/pas-de-calais-dress-13-60-4543-navy-rendez-vous-store\/#primaryimage"},"image":{"@id":"https:\/\/rendez-vous-store.com\/shop\/women\/women-dresses-rendez-vous-store\/pas-de-calais-dress-13-60-4543-navy-rendez-vous-store\/#primaryimage"},"thumbnailUrl":"https:\/\/rendez-vous-store.com\/app\/uploads\/2026\/01\/rdv_73-scaled.webp","datePublished":"2026-01-13T13:18:37+00:00","dateModified":"2026-03-23T08:15:03+00:00","description":"This Pas De Calais - Dress 13-60-4543 - Navy combine a variety of traditional dyeing and advanced techniques.","breadcrumb":{"@id":"https:\/\/rendez-vous-store.com\/shop\/women\/women-dresses-rendez-vous-store\/pas-de-calais-dress-13-60-4543-navy-rendez-vous-store\/#breadcrumb"},"inLanguage":"fr-FR","potentialAction":[{"@type":"ReadAction","target":["https:\/\/rendez-vous-store.com\/shop\/women\/women-dresses-rendez-vous-store\/pas-de-calais-dress-13-60-4543-navy-rendez-vous-store\/"]}]},{"@type":"ImageObject","inLanguage":"fr-FR","@id":"https:\/\/rendez-vous-store.com\/shop\/women\/women-dresses-rendez-vous-store\/pas-de-calais-dress-13-60-4543-navy-rendez-vous-store\/#primaryimage","url":"https:\/\/rendez-vous-store.com\/app\/uploads\/2026\/01\/rdv_73-scaled.webp","contentUrl":"https:\/\/rendez-vous-store.com\/app\/uploads\/2026\/01\/rdv_73-scaled.webp","width":1696,"height":2560},{"@type":"BreadcrumbList","@id":"https:\/\/rendez-vous-store.com\/shop\/women\/women-dresses-rendez-vous-store\/pas-de-calais-dress-13-60-4543-navy-rendez-vous-store\/#breadcrumb","itemListElement":[{"@type":"ListItem","position":1,"name":"Home","item":"https:\/\/rendez-vous-store.com\/"},{"@type":"ListItem","position":2,"name":"Shop","item":"https:\/\/www.rendez-vous-store.com\/shop\/"},{"@type":"ListItem","position":3,"name":"Pas De Calais &#8211; Dress 13-60-4543 &#8211; Navy"}]},{"@type":"WebSite","@id":"https:\/\/rendez-vous-store.com\/#website","url":"https:\/\/rendez-vous-store.com\/","name":"RENDEZ-VOUS STORE","description":"Slow Fashion for Women and Men","potentialAction":[{"@type":"SearchAction","target":{"@type":"EntryPoint","urlTemplate":"https:\/\/rendez-vous-store.com\/?s={search_term_string}"},"query-input":{"@type":"PropertyValueSpecification","valueRequired":true,"valueName":"search_term_string"}}],"inLanguage":"fr-FR"}]}},"_links":{"self":[{"href":"https:\/\/rendez-vous-store.com\/fr\/wp-json\/wp\/v2\/product\/231149","targetHints":{"allow":["GET"]}}],"collection":[{"href":"https:\/\/rendez-vous-store.com\/fr\/wp-json\/wp\/v2\/product"}],"about":[{"href":"https:\/\/rendez-vous-store.com\/fr\/wp-json\/wp\/v2\/types\/product"}],"wp:featuredmedia":[{"embeddable":true,"href":"https:\/\/rendez-vous-store.com\/fr\/wp-json\/wp\/v2\/media\/231500"}],"wp:attachment":[{"href":"https:\/\/rendez-vous-store.com\/fr\/wp-json\/wp\/v2\/media?parent=231149"}],"wp:term":[{"taxonomy":"product_brand","embeddable":true,"href":"https:\/\/rendez-vous-store.com\/fr\/wp-json\/wp\/v2\/product_brand?post=231149"},{"taxonomy":"product_cat","embeddable":true,"href":"https:\/\/rendez-vous-store.com\/fr\/wp-json\/wp\/v2\/product_cat?post=231149"},{"taxonomy":"product_tag","embeddable":true,"href":"https:\/\/rendez-vous-store.com\/fr\/wp-json\/wp\/v2\/product_tag?post=231149"}],"curies":[{"name":"wp","href":"https:\/\/api.w.org\/{rel}","templated":true}]}}