{"id":231146,"date":"2026-01-13T14:18:34","date_gmt":"2026-01-13T13:18:34","guid":{"rendered":"https:\/\/rendez-vous-store.com\/?post_type=product&#038;p=231146"},"modified":"2026-04-24T16:40:10","modified_gmt":"2026-04-24T14:40:10","slug":"pas-de-calais-blouse-13-60-6795-navy-rendez-vous-store","status":"publish","type":"product","link":"https:\/\/rendez-vous-store.com\/fr\/shop\/women\/women-shirts-discover-our-selection-rendez-vous-store\/pas-de-calais-blouse-13-60-6795-navy-rendez-vous-store\/","title":{"rendered":"Pas De Calais \u2013 Chemisier 13-60-6795 \u2013 Bleu marine"},"content":{"rendered":"<p><strong>Pas De Calais \u2013 Chemisier 13-60-6795 \u2013 Bleu marine<\/strong><\/p>\n<p>Couleur : bleu marine<\/p>\n<p>Coupe d\u00e9contract\u00e9e<\/p>\n<p>Fermeture par boutons<\/p>\n<p>Manches courtes<\/p>\n<p>Composition : 99% Coton - 1% Polyur\u00e9thane<\/p>\n<p>Fabriqu\u00e9 au Japon<\/p>\n<p>&nbsp;<\/p>\n<p>&nbsp;<\/p>\n<p><strong>Les mesures :\u00a0<\/strong><\/p>\n<p>Taille XS : \u00c9paules : 39 cm, Poitrine : 50 cm, Manches : 24 cm, Longueur : 57 cm, Emmanchures : 22 cm<\/p>\n<p>Taille S : \u00c9paules : 41 cm, Poitrine : 52 cm, Manches : 25 cm, Longueur : 60 cm, Emmanchures : 24 cm<\/p>\n<p>Taille M : \u00c9paules : 42 cm, Poitrine : 54 cm, Manches : 26 cm, Longueur : 62 cm, Emmanchures : 24 cm<\/p>\n<p>&nbsp;<\/p>\n<p>&nbsp;<\/p>\n<p>&nbsp;<\/p>\n<p><strong>Le Produit<\/strong><\/p>\n<p>Le Pas De Calais \u2013 Blouse 13-60-6795 \u2013 Bleu marine incarne un \u00e9quilibre raffin\u00e9 entre l\u00e9g\u00e8ret\u00e9, texture et \u00e9l\u00e9gance discr\u00e8te. Son tissu doucement tiss\u00e9 est lisse et respirant, garantissant un confort tout au long de la journ\u00e9e. De plus, sa teinte bleu marine profonde ajoute de la profondeur et une sophistication intemporelle, rehaussant le caract\u00e8re po\u00e9tique et tranquille de la blouse.<br data-start=\"348\" data-end=\"351\" \/>La silhouette de ce chemisier semble d\u00e9contract\u00e9e mais soigneusement \u00e9tudi\u00e9e, permettant un tomb\u00e9 naturel qui bouge sans effort avec le corps. De plus, sa confection l\u00e9g\u00e8re le rend id\u00e9al pour \u00eatre port\u00e9 en superposition ou seul, s'adaptant parfaitement aux diff\u00e9rentes saisons et aux envies de style.<br data-start=\"625\" data-end=\"628\" \/>Par cons\u00e9quent, ce chemisier affine la tenue quotidienne avec une confiance subtile et une sensibilit\u00e9 tactile. Il reste polyvalent, intemporel et ind\u00e9niablement Pas De Calais.<\/p>\n<p>&nbsp;<\/p>\n<p data-start=\"855\" data-end=\"1692\"><a href=\"https:\/\/rendez-vous-store.com\/fr\/shop\/women\/trousers-skirts-discover-our-selection-rendez-vous-store\/bergfabel-matilde-skirt-bfwsk179-k141-grey-check-rendez-vous-store\/\">Nous aimons le voir port\u00e9 avec<\/a><\/p>\n<p data-start=\"867\" data-end=\"880\"><strong data-start=\"867\" data-end=\"880\">La marque<\/strong><\/p>\n<p data-start=\"882\" data-end=\"1537\">Pas De Calais repr\u00e9sente une approche artistique et sensible de la mode, ancr\u00e9e dans l'artisanat japonais. La marque met l'accent sur les mati\u00e8res naturelles, les tissus textur\u00e9s et les silhouettes aux coupes douces. De plus, chaque pi\u00e8ce refl\u00e8te un profond respect pour la tradition tout en adoptant des sensibilit\u00e9s de design modernes.<br data-start=\"1184\" data-end=\"1187\" \/>Cette approche r\u00e9fl\u00e9chie donne des v\u00eatements qui sont authentiques, confortables et \u00e9motionnellement r\u00e9sonnants. De plus, Pas De Calais con\u00e7oit des v\u00eatements qui transcendent les tendances, en se concentrant plut\u00f4t sur l'individualit\u00e9 et l'expression discr\u00e8te.<br data-start=\"1415\" data-end=\"1418\" \/>Par cons\u00e9quent, la marque cr\u00e9e des collections qui semblent intimes, po\u00e9tiques et profond\u00e9ment connect\u00e9es au style de vie du porteur.<\/p>\n<p data-start=\"1544\" data-end=\"1563\"><strong data-start=\"1544\" data-end=\"1563\">Les collections<\/strong><\/p>\n<p data-start=\"1565\" data-end=\"2199\">Les collections Pas de Calais explorent l'innovation des mat\u00e9riaux, la superposition et le volume subtil avec une grande pr\u00e9cision. Chaque saison revisite des formes famili\u00e8res tout en introduisant de nouvelles textures, des traitements et des variations tonales. De plus, la marque m\u00eale constamment des techniques artisanales \u00e0 une esth\u00e9tique contemporaine.<br data-start=\"1862\" data-end=\"1865\" \/>Les v\u00eatements restent polyvalents et expressifs, permettant \u00e0 ceux qui les portent de cr\u00e9er des looks personnels et \u00e9volutifs. De plus, les tissus d\u00e9veloppent un caract\u00e8re avec le temps, renfor\u00e7ant un sentiment de long\u00e9vit\u00e9 et d'authenticit\u00e9.<br data-start=\"2071\" data-end=\"2074\" \/>En cons\u00e9quence, les collections pr\u00e9sentent une garde-robe moderne d\u00e9finie par la sensibilit\u00e9, le savoir-faire et une sophistication discr\u00e8te.<\/p>\n<p>&nbsp;<\/p>","protected":false},"excerpt":{"rendered":"<p>Pas De Calais &#8211; Blouse 13-60-6795 &#8211; Navy Color: Navy Relaxed fit Buttons Closure Short Sleeves Composition: 99% Cotton &#8211; 1% Polyurethane Made In Japan &nbsp; &nbsp; The measurements:\u00a0 Size XS: Shoulders: 39cm, Chest: 50cm, Sleeves: 24cm, Length: 57cm, Armholes: 22cm Size S: Shoulders: 41cm, Chest: 52cm, Sleeves: 25cm, Length: 60cm, Armholes: 24cm Size M:&hellip; <a class=\"more-link\" href=\"https:\/\/rendez-vous-store.com\/fr\/shop\/women\/women-shirts-discover-our-selection-rendez-vous-store\/pas-de-calais-blouse-13-60-6795-navy-rendez-vous-store\/\">Continuer la lecture <span class=\"screen-reader-text\">Pas De Calais \u2013 Chemisier 13-60-6795 \u2013 Bleu marine<\/span><\/a><\/p>","protected":false},"featured_media":233714,"template":"","meta":{"_acf_changed":false},"product_brand":[],"product_cat":[17,1062,378],"product_tag":[684],"class_list":{"0":"post-231146","1":"product","2":"type-product","3":"status-publish","4":"has-post-thumbnail","6":"product_cat-women","7":"product_cat-new-women-selection-rendez-vous-store","8":"product_cat-women-shirts-discover-our-selection-rendez-vous-store","9":"product_tag-pas-de-calais","10":"entry","12":"first","13":"instock","14":"taxable","15":"shipping-taxable","16":"purchasable","17":"product-type-variable"},"acf":[],"yoast_head":"<!-- This site is optimized with the Yoast SEO plugin v24.9 - https:\/\/yoast.com\/wordpress\/plugins\/seo\/ -->\n<title>Pas De Calais - Blouse 13-60-6795 - Navy<\/title>\n<meta name=\"description\" content=\"This Pas De Calais - Blouse 13-60-6795 - Navy combine a variety of traditional dyeing and advanced techniques.\" \/>\n<meta name=\"robots\" content=\"index, follow, max-snippet:-1, max-image-preview:large, max-video-preview:-1\" \/>\n<link rel=\"canonical\" href=\"https:\/\/rendez-vous-store.com\/fr\/shop\/women\/women-shirts-discover-our-selection-rendez-vous-store\/pas-de-calais-blouse-13-60-6795-navy-rendez-vous-store\/\" \/>\n<meta property=\"og:locale\" content=\"fr_FR\" \/>\n<meta property=\"og:type\" content=\"article\" \/>\n<meta property=\"og:title\" content=\"Pas De Calais - Blouse 13-60-6795 - Navy\" \/>\n<meta property=\"og:description\" content=\"This Pas De Calais - Blouse 13-60-6795 - Navy combine a variety of traditional dyeing and advanced techniques.\" \/>\n<meta property=\"og:url\" content=\"https:\/\/rendez-vous-store.com\/fr\/shop\/women\/women-shirts-discover-our-selection-rendez-vous-store\/pas-de-calais-blouse-13-60-6795-navy-rendez-vous-store\/\" \/>\n<meta property=\"og:site_name\" content=\"RENDEZ-VOUS STORE\" \/>\n<meta property=\"article:modified_time\" content=\"2026-04-24T14:40:10+00:00\" \/>\n<meta property=\"og:image\" content=\"https:\/\/rendez-vous-store.com\/app\/uploads\/2026\/01\/IMG_9995_11zon-scaled.webp\" \/>\n\t<meta property=\"og:image:width\" content=\"1707\" \/>\n\t<meta property=\"og:image:height\" content=\"2560\" \/>\n\t<meta property=\"og:image:type\" content=\"image\/webp\" \/>\n<meta name=\"twitter:card\" content=\"summary_large_image\" \/>\n<meta name=\"twitter:label1\" content=\"Est. reading time\" \/>\n\t<meta name=\"twitter:data1\" content=\"2 minutes\" \/>\n<script type=\"application\/ld+json\" class=\"yoast-schema-graph\">{\"@context\":\"https:\/\/schema.org\",\"@graph\":[{\"@type\":\"WebPage\",\"@id\":\"https:\/\/rendez-vous-store.com\/shop\/women\/women-shirts-discover-our-selection-rendez-vous-store\/pas-de-calais-blouse-13-60-6795-navy-rendez-vous-store\/\",\"url\":\"https:\/\/rendez-vous-store.com\/shop\/women\/women-shirts-discover-our-selection-rendez-vous-store\/pas-de-calais-blouse-13-60-6795-navy-rendez-vous-store\/\",\"name\":\"Pas De Calais - Blouse 13-60-6795 - Navy\",\"isPartOf\":{\"@id\":\"https:\/\/rendez-vous-store.com\/#website\"},\"primaryImageOfPage\":{\"@id\":\"https:\/\/rendez-vous-store.com\/shop\/women\/women-shirts-discover-our-selection-rendez-vous-store\/pas-de-calais-blouse-13-60-6795-navy-rendez-vous-store\/#primaryimage\"},\"image\":{\"@id\":\"https:\/\/rendez-vous-store.com\/shop\/women\/women-shirts-discover-our-selection-rendez-vous-store\/pas-de-calais-blouse-13-60-6795-navy-rendez-vous-store\/#primaryimage\"},\"thumbnailUrl\":\"https:\/\/rendez-vous-store.com\/app\/uploads\/2026\/01\/IMG_9995_11zon-scaled.webp\",\"datePublished\":\"2026-01-13T13:18:34+00:00\",\"dateModified\":\"2026-04-24T14:40:10+00:00\",\"description\":\"This Pas De Calais - Blouse 13-60-6795 - Navy combine a variety of traditional dyeing and advanced techniques.\",\"breadcrumb\":{\"@id\":\"https:\/\/rendez-vous-store.com\/shop\/women\/women-shirts-discover-our-selection-rendez-vous-store\/pas-de-calais-blouse-13-60-6795-navy-rendez-vous-store\/#breadcrumb\"},\"inLanguage\":\"fr-FR\",\"potentialAction\":[{\"@type\":\"ReadAction\",\"target\":[\"https:\/\/rendez-vous-store.com\/shop\/women\/women-shirts-discover-our-selection-rendez-vous-store\/pas-de-calais-blouse-13-60-6795-navy-rendez-vous-store\/\"]}]},{\"@type\":\"ImageObject\",\"inLanguage\":\"fr-FR\",\"@id\":\"https:\/\/rendez-vous-store.com\/shop\/women\/women-shirts-discover-our-selection-rendez-vous-store\/pas-de-calais-blouse-13-60-6795-navy-rendez-vous-store\/#primaryimage\",\"url\":\"https:\/\/rendez-vous-store.com\/app\/uploads\/2026\/01\/IMG_9995_11zon-scaled.webp\",\"contentUrl\":\"https:\/\/rendez-vous-store.com\/app\/uploads\/2026\/01\/IMG_9995_11zon-scaled.webp\",\"width\":1707,\"height\":2560},{\"@type\":\"BreadcrumbList\",\"@id\":\"https:\/\/rendez-vous-store.com\/shop\/women\/women-shirts-discover-our-selection-rendez-vous-store\/pas-de-calais-blouse-13-60-6795-navy-rendez-vous-store\/#breadcrumb\",\"itemListElement\":[{\"@type\":\"ListItem\",\"position\":1,\"name\":\"Home\",\"item\":\"https:\/\/rendez-vous-store.com\/\"},{\"@type\":\"ListItem\",\"position\":2,\"name\":\"Shop\",\"item\":\"https:\/\/www.rendez-vous-store.com\/shop\/\"},{\"@type\":\"ListItem\",\"position\":3,\"name\":\"Pas De Calais &#8211; Blouse 13-60-6795 &#8211; Navy\"}]},{\"@type\":\"WebSite\",\"@id\":\"https:\/\/rendez-vous-store.com\/#website\",\"url\":\"https:\/\/rendez-vous-store.com\/\",\"name\":\"RENDEZ-VOUS STORE\",\"description\":\"Slow Fashion for Women and Men\",\"potentialAction\":[{\"@type\":\"SearchAction\",\"target\":{\"@type\":\"EntryPoint\",\"urlTemplate\":\"https:\/\/rendez-vous-store.com\/?s={search_term_string}\"},\"query-input\":{\"@type\":\"PropertyValueSpecification\",\"valueRequired\":true,\"valueName\":\"search_term_string\"}}],\"inLanguage\":\"fr-FR\"}]}<\/script>\n<!-- \/ Yoast SEO plugin. -->","yoast_head_json":{"title":"Pas De Calais - Blouse 13-60-6795 - Navy","description":"This Pas De Calais - Blouse 13-60-6795 - Navy combine a variety of traditional dyeing and advanced techniques.","robots":{"index":"index","follow":"follow","max-snippet":"max-snippet:-1","max-image-preview":"max-image-preview:large","max-video-preview":"max-video-preview:-1"},"canonical":"https:\/\/rendez-vous-store.com\/fr\/shop\/women\/women-shirts-discover-our-selection-rendez-vous-store\/pas-de-calais-blouse-13-60-6795-navy-rendez-vous-store\/","og_locale":"fr_FR","og_type":"article","og_title":"Pas De Calais - Blouse 13-60-6795 - Navy","og_description":"This Pas De Calais - Blouse 13-60-6795 - Navy combine a variety of traditional dyeing and advanced techniques.","og_url":"https:\/\/rendez-vous-store.com\/fr\/shop\/women\/women-shirts-discover-our-selection-rendez-vous-store\/pas-de-calais-blouse-13-60-6795-navy-rendez-vous-store\/","og_site_name":"RENDEZ-VOUS STORE","article_modified_time":"2026-04-24T14:40:10+00:00","og_image":[{"width":1707,"height":2560,"url":"https:\/\/rendez-vous-store.com\/app\/uploads\/2026\/01\/IMG_9995_11zon-scaled.webp","type":"image\/webp"}],"twitter_card":"summary_large_image","twitter_misc":{"Est. reading time":"2 minutes"},"schema":{"@context":"https:\/\/schema.org","@graph":[{"@type":"WebPage","@id":"https:\/\/rendez-vous-store.com\/shop\/women\/women-shirts-discover-our-selection-rendez-vous-store\/pas-de-calais-blouse-13-60-6795-navy-rendez-vous-store\/","url":"https:\/\/rendez-vous-store.com\/shop\/women\/women-shirts-discover-our-selection-rendez-vous-store\/pas-de-calais-blouse-13-60-6795-navy-rendez-vous-store\/","name":"Pas De Calais - Blouse 13-60-6795 - Navy","isPartOf":{"@id":"https:\/\/rendez-vous-store.com\/#website"},"primaryImageOfPage":{"@id":"https:\/\/rendez-vous-store.com\/shop\/women\/women-shirts-discover-our-selection-rendez-vous-store\/pas-de-calais-blouse-13-60-6795-navy-rendez-vous-store\/#primaryimage"},"image":{"@id":"https:\/\/rendez-vous-store.com\/shop\/women\/women-shirts-discover-our-selection-rendez-vous-store\/pas-de-calais-blouse-13-60-6795-navy-rendez-vous-store\/#primaryimage"},"thumbnailUrl":"https:\/\/rendez-vous-store.com\/app\/uploads\/2026\/01\/IMG_9995_11zon-scaled.webp","datePublished":"2026-01-13T13:18:34+00:00","dateModified":"2026-04-24T14:40:10+00:00","description":"This Pas De Calais - Blouse 13-60-6795 - Navy combine a variety of traditional dyeing and advanced techniques.","breadcrumb":{"@id":"https:\/\/rendez-vous-store.com\/shop\/women\/women-shirts-discover-our-selection-rendez-vous-store\/pas-de-calais-blouse-13-60-6795-navy-rendez-vous-store\/#breadcrumb"},"inLanguage":"fr-FR","potentialAction":[{"@type":"ReadAction","target":["https:\/\/rendez-vous-store.com\/shop\/women\/women-shirts-discover-our-selection-rendez-vous-store\/pas-de-calais-blouse-13-60-6795-navy-rendez-vous-store\/"]}]},{"@type":"ImageObject","inLanguage":"fr-FR","@id":"https:\/\/rendez-vous-store.com\/shop\/women\/women-shirts-discover-our-selection-rendez-vous-store\/pas-de-calais-blouse-13-60-6795-navy-rendez-vous-store\/#primaryimage","url":"https:\/\/rendez-vous-store.com\/app\/uploads\/2026\/01\/IMG_9995_11zon-scaled.webp","contentUrl":"https:\/\/rendez-vous-store.com\/app\/uploads\/2026\/01\/IMG_9995_11zon-scaled.webp","width":1707,"height":2560},{"@type":"BreadcrumbList","@id":"https:\/\/rendez-vous-store.com\/shop\/women\/women-shirts-discover-our-selection-rendez-vous-store\/pas-de-calais-blouse-13-60-6795-navy-rendez-vous-store\/#breadcrumb","itemListElement":[{"@type":"ListItem","position":1,"name":"Home","item":"https:\/\/rendez-vous-store.com\/"},{"@type":"ListItem","position":2,"name":"Shop","item":"https:\/\/www.rendez-vous-store.com\/shop\/"},{"@type":"ListItem","position":3,"name":"Pas De Calais &#8211; Blouse 13-60-6795 &#8211; Navy"}]},{"@type":"WebSite","@id":"https:\/\/rendez-vous-store.com\/#website","url":"https:\/\/rendez-vous-store.com\/","name":"RENDEZ-VOUS STORE","description":"Slow Fashion for Women and Men","potentialAction":[{"@type":"SearchAction","target":{"@type":"EntryPoint","urlTemplate":"https:\/\/rendez-vous-store.com\/?s={search_term_string}"},"query-input":{"@type":"PropertyValueSpecification","valueRequired":true,"valueName":"search_term_string"}}],"inLanguage":"fr-FR"}]}},"_links":{"self":[{"href":"https:\/\/rendez-vous-store.com\/fr\/wp-json\/wp\/v2\/product\/231146","targetHints":{"allow":["GET"]}}],"collection":[{"href":"https:\/\/rendez-vous-store.com\/fr\/wp-json\/wp\/v2\/product"}],"about":[{"href":"https:\/\/rendez-vous-store.com\/fr\/wp-json\/wp\/v2\/types\/product"}],"wp:featuredmedia":[{"embeddable":true,"href":"https:\/\/rendez-vous-store.com\/fr\/wp-json\/wp\/v2\/media\/233714"}],"wp:attachment":[{"href":"https:\/\/rendez-vous-store.com\/fr\/wp-json\/wp\/v2\/media?parent=231146"}],"wp:term":[{"taxonomy":"product_brand","embeddable":true,"href":"https:\/\/rendez-vous-store.com\/fr\/wp-json\/wp\/v2\/product_brand?post=231146"},{"taxonomy":"product_cat","embeddable":true,"href":"https:\/\/rendez-vous-store.com\/fr\/wp-json\/wp\/v2\/product_cat?post=231146"},{"taxonomy":"product_tag","embeddable":true,"href":"https:\/\/rendez-vous-store.com\/fr\/wp-json\/wp\/v2\/product_tag?post=231146"}],"curies":[{"name":"wp","href":"https:\/\/api.w.org\/{rel}","templated":true}]}}