{"id":231144,"date":"2026-01-13T14:18:33","date_gmt":"2026-01-13T13:18:33","guid":{"rendered":"https:\/\/rendez-vous-store.com\/?post_type=product&#038;p=231144"},"modified":"2026-03-16T19:38:42","modified_gmt":"2026-03-16T18:38:42","slug":"pas-de-calais-pants-13-60-8694-navy-redez-vous-store","status":"publish","type":"product","link":"https:\/\/rendez-vous-store.com\/fr\/shop\/women\/trousers-skirts-discover-our-selection-rendez-vous-store\/pas-de-calais-pants-13-60-8694-navy-redez-vous-store\/","title":{"rendered":"Pas De Calais \u2013 Pantalon 13-60-8694 \u2013 Bleu marine"},"content":{"rendered":"<p><strong>Pas De Calais \u2013 Pantalon 13-60-8694 \u2013 Bleu marine<\/strong><\/p>\n<p>Couleur : bleu marine<\/p>\n<p>Taille \u00e9lastique<\/p>\n<p>Coupe carr\u00e9e<\/p>\n<p>Composition : 100% Lin<\/p>\n<p>&nbsp;<\/p>\n<p>&nbsp;<\/p>\n<p>&nbsp;<\/p>\n<p><strong>Les mesures :\u00a0<\/strong><\/p>\n<p>Taille XS : Tour de taille : 32 cm, Hanches : 87 cm, Cuisse : 47 cm, Entrejambe : 49 cm, Longueur : 82 cm<\/p>\n<p>Taille S : Tour de taille : 34 cm, Hanches : 92 cm, Cuisse : 48 cm, Entrejambe : 52 cm, Longueur : 85 cm<\/p>\n<p>Taille M : Tour de taille : 35 cm, Tour de hanches : 94 cm, Cuisses : 50 cm, Entrejambe : 55 cm, Longueur : 90 cm<\/p>\n<p>&nbsp;<\/p>\n<p>&nbsp;<\/p>\n<p>&nbsp;<\/p>\n<p>&nbsp;<\/p>\n<p>&nbsp;<\/p>\n<p>&nbsp;<\/p>\n<p><strong>Le Produit<\/strong><\/p>\n<p>Le Pas de Calais \u2013 Pantalon 13-60-8694 \u2013 Bleu Marine exprime un \u00e9quilibre raffin\u00e9 entre confort, structure et \u00e9l\u00e9gance discr\u00e8te. Leur tissu soigneusement s\u00e9lectionn\u00e9 est doux mais r\u00e9sistant, permettant une libert\u00e9 de mouvement tout en conservant une ligne nette et fluide. De plus, la teinte bleu marine profonde ajoute de la profondeur et une sophistication intemporelle, renfor\u00e7ant le caract\u00e8re polyvalent du pantalon.<br data-start=\"379\" data-end=\"382\" \/>La silhouette du pantalon semble d\u00e9contract\u00e9e mais soigneusement taill\u00e9e, cr\u00e9ant un drap\u00e9 naturel qui flatte le corps sans restriction. De plus, la construction l\u00e9g\u00e8re les rend faciles \u00e0 styliser au fil des saisons, qu'ils soient associ\u00e9s \u00e0 des chemisiers, des tricots ou des v\u00eatements d'ext\u00e9rieur structur\u00e9s.<br data-start=\"661\" data-end=\"664\" \/>Par cons\u00e9quent, ce pantalon rehausse le style de tous les jours avec une confiance discr\u00e8te et un raffinement fonctionnel. Il reste polyvalent, intemporel et ind\u00e9niablement Pas De Calais.<\/p>\n<p data-start=\"17\" data-end=\"797\"><a href=\"https:\/\/rendez-vous-store.com\/fr\/shop\/women\/women-shirts-discover-our-selection-rendez-vous-store\/pas-de-calais-blouse-13-60-6795-navy-rendez-vous-store\/\">Nous aimons le voir port\u00e9 avec<\/a><\/p>\n<p data-start=\"867\" data-end=\"880\"><strong data-start=\"867\" data-end=\"880\">La marque<\/strong><\/p>\n<p data-start=\"882\" data-end=\"1537\">Pas De Calais repr\u00e9sente une approche artistique et sensible de la mode, ancr\u00e9e dans l'artisanat japonais. La marque met l'accent sur les mati\u00e8res naturelles, les tissus textur\u00e9s et les silhouettes aux coupes douces. De plus, chaque pi\u00e8ce refl\u00e8te un profond respect pour la tradition tout en adoptant des sensibilit\u00e9s de design modernes.<br data-start=\"1184\" data-end=\"1187\" \/>Cette approche r\u00e9fl\u00e9chie donne des v\u00eatements qui sont authentiques, confortables et \u00e9motionnellement r\u00e9sonnants. De plus, Pas De Calais con\u00e7oit des v\u00eatements qui transcendent les tendances, en se concentrant plut\u00f4t sur l'individualit\u00e9 et l'expression discr\u00e8te.<br data-start=\"1415\" data-end=\"1418\" \/>Par cons\u00e9quent, la marque cr\u00e9e des collections qui semblent intimes, po\u00e9tiques et profond\u00e9ment connect\u00e9es au style de vie du porteur.<\/p>\n<p data-start=\"1544\" data-end=\"1563\"><strong data-start=\"1544\" data-end=\"1563\">Les collections<\/strong><\/p>\n<p data-start=\"1565\" data-end=\"2199\">Les collections Pas de Calais explorent l'innovation des mat\u00e9riaux, la superposition et le volume subtil avec une grande pr\u00e9cision. Chaque saison revisite des formes famili\u00e8res tout en introduisant de nouvelles textures, des traitements et des variations tonales. De plus, la marque m\u00eale constamment des techniques artisanales \u00e0 une esth\u00e9tique contemporaine.<br data-start=\"1862\" data-end=\"1865\" \/>Les v\u00eatements restent polyvalents et expressifs, permettant \u00e0 ceux qui les portent de cr\u00e9er des looks personnels et \u00e9volutifs. De plus, les tissus d\u00e9veloppent un caract\u00e8re avec le temps, renfor\u00e7ant un sentiment de long\u00e9vit\u00e9 et d'authenticit\u00e9.<br data-start=\"2071\" data-end=\"2074\" \/>En cons\u00e9quence, les collections pr\u00e9sentent une garde-robe moderne d\u00e9finie par la sensibilit\u00e9, le savoir-faire et une sophistication discr\u00e8te.<\/p>","protected":false},"excerpt":{"rendered":"<p>Pas De Calais &#8211; Pants 13-60-8694 &#8211; Navy Color: Navy Elastic Waist Boxy Fit Composition: 100% Linen &nbsp; &nbsp; &nbsp; The measurements:\u00a0 Size XS: Waist: 32cm, Hip: 87cm, Thigh: 47cm, Inseam: 49cm, Length: 82cm Size S: Waist: 34cm, Hip: 92cm, Thigh: 48cm, Inseam: 52cm, Length: 85cm Size M: Waist: 35cm, Hip: 94cm, Thigh: 50cm, Inseam:&hellip; <a class=\"more-link\" href=\"https:\/\/rendez-vous-store.com\/fr\/shop\/women\/trousers-skirts-discover-our-selection-rendez-vous-store\/pas-de-calais-pants-13-60-8694-navy-redez-vous-store\/\">Continuer la lecture <span class=\"screen-reader-text\">Pas De Calais \u2013 Pantalon 13-60-8694 \u2013 Bleu marine<\/span><\/a><\/p>","protected":false},"featured_media":233690,"template":"","meta":{"_acf_changed":false},"product_brand":[],"product_cat":[17,1062,182],"product_tag":[684],"class_list":{"0":"post-231144","1":"product","2":"type-product","3":"status-publish","4":"has-post-thumbnail","6":"product_cat-women","7":"product_cat-new-women-selection-rendez-vous-store","8":"product_cat-trousers-skirts-discover-our-selection-rendez-vous-store","9":"product_tag-pas-de-calais","10":"entry","12":"first","13":"outofstock","14":"taxable","15":"shipping-taxable","16":"product-type-variable"},"acf":[],"yoast_head":"<!-- This site is optimized with the Yoast SEO plugin v24.9 - https:\/\/yoast.com\/wordpress\/plugins\/seo\/ -->\n<title>Pas De Calais - Pants 13-60-8694 - Navy<\/title>\n<meta name=\"description\" content=\"This Pas De Calais - Pants 13-60-8694 - Navy combine a variety of traditional dyeing and advanced techniques.\" \/>\n<meta name=\"robots\" content=\"index, follow, max-snippet:-1, max-image-preview:large, max-video-preview:-1\" \/>\n<link rel=\"canonical\" href=\"https:\/\/rendez-vous-store.com\/fr\/shop\/women\/trousers-skirts-discover-our-selection-rendez-vous-store\/pas-de-calais-pants-13-60-8694-navy-redez-vous-store\/\" \/>\n<meta property=\"og:locale\" content=\"fr_FR\" \/>\n<meta property=\"og:type\" content=\"article\" \/>\n<meta property=\"og:title\" content=\"Pas De Calais - Pants 13-60-8694 - Navy\" \/>\n<meta property=\"og:description\" content=\"This Pas De Calais - Pants 13-60-8694 - Navy combine a variety of traditional dyeing and advanced techniques.\" \/>\n<meta property=\"og:url\" content=\"https:\/\/rendez-vous-store.com\/fr\/shop\/women\/trousers-skirts-discover-our-selection-rendez-vous-store\/pas-de-calais-pants-13-60-8694-navy-redez-vous-store\/\" \/>\n<meta property=\"og:site_name\" content=\"RENDEZ-VOUS STORE\" \/>\n<meta property=\"article:modified_time\" content=\"2026-03-16T18:38:42+00:00\" \/>\n<meta property=\"og:image\" content=\"https:\/\/rendez-vous-store.com\/app\/uploads\/2026\/01\/IMG_9849_11zon-1-scaled.webp\" \/>\n\t<meta property=\"og:image:width\" content=\"1707\" \/>\n\t<meta property=\"og:image:height\" content=\"2560\" \/>\n\t<meta property=\"og:image:type\" content=\"image\/webp\" \/>\n<meta name=\"twitter:card\" content=\"summary_large_image\" \/>\n<meta name=\"twitter:label1\" content=\"Est. reading time\" \/>\n\t<meta name=\"twitter:data1\" content=\"2 minutes\" \/>\n<script type=\"application\/ld+json\" class=\"yoast-schema-graph\">{\"@context\":\"https:\/\/schema.org\",\"@graph\":[{\"@type\":\"WebPage\",\"@id\":\"https:\/\/rendez-vous-store.com\/shop\/women\/trousers-skirts-discover-our-selection-rendez-vous-store\/pas-de-calais-pants-13-60-8694-navy-redez-vous-store\/\",\"url\":\"https:\/\/rendez-vous-store.com\/shop\/women\/trousers-skirts-discover-our-selection-rendez-vous-store\/pas-de-calais-pants-13-60-8694-navy-redez-vous-store\/\",\"name\":\"Pas De Calais - Pants 13-60-8694 - Navy\",\"isPartOf\":{\"@id\":\"https:\/\/rendez-vous-store.com\/#website\"},\"primaryImageOfPage\":{\"@id\":\"https:\/\/rendez-vous-store.com\/shop\/women\/trousers-skirts-discover-our-selection-rendez-vous-store\/pas-de-calais-pants-13-60-8694-navy-redez-vous-store\/#primaryimage\"},\"image\":{\"@id\":\"https:\/\/rendez-vous-store.com\/shop\/women\/trousers-skirts-discover-our-selection-rendez-vous-store\/pas-de-calais-pants-13-60-8694-navy-redez-vous-store\/#primaryimage\"},\"thumbnailUrl\":\"https:\/\/rendez-vous-store.com\/app\/uploads\/2026\/01\/IMG_9849_11zon-1-scaled.webp\",\"datePublished\":\"2026-01-13T13:18:33+00:00\",\"dateModified\":\"2026-03-16T18:38:42+00:00\",\"description\":\"This Pas De Calais - Pants 13-60-8694 - Navy combine a variety of traditional dyeing and advanced techniques.\",\"breadcrumb\":{\"@id\":\"https:\/\/rendez-vous-store.com\/shop\/women\/trousers-skirts-discover-our-selection-rendez-vous-store\/pas-de-calais-pants-13-60-8694-navy-redez-vous-store\/#breadcrumb\"},\"inLanguage\":\"fr-FR\",\"potentialAction\":[{\"@type\":\"ReadAction\",\"target\":[\"https:\/\/rendez-vous-store.com\/shop\/women\/trousers-skirts-discover-our-selection-rendez-vous-store\/pas-de-calais-pants-13-60-8694-navy-redez-vous-store\/\"]}]},{\"@type\":\"ImageObject\",\"inLanguage\":\"fr-FR\",\"@id\":\"https:\/\/rendez-vous-store.com\/shop\/women\/trousers-skirts-discover-our-selection-rendez-vous-store\/pas-de-calais-pants-13-60-8694-navy-redez-vous-store\/#primaryimage\",\"url\":\"https:\/\/rendez-vous-store.com\/app\/uploads\/2026\/01\/IMG_9849_11zon-1-scaled.webp\",\"contentUrl\":\"https:\/\/rendez-vous-store.com\/app\/uploads\/2026\/01\/IMG_9849_11zon-1-scaled.webp\",\"width\":1707,\"height\":2560},{\"@type\":\"BreadcrumbList\",\"@id\":\"https:\/\/rendez-vous-store.com\/shop\/women\/trousers-skirts-discover-our-selection-rendez-vous-store\/pas-de-calais-pants-13-60-8694-navy-redez-vous-store\/#breadcrumb\",\"itemListElement\":[{\"@type\":\"ListItem\",\"position\":1,\"name\":\"Home\",\"item\":\"https:\/\/rendez-vous-store.com\/\"},{\"@type\":\"ListItem\",\"position\":2,\"name\":\"Shop\",\"item\":\"https:\/\/www.rendez-vous-store.com\/shop\/\"},{\"@type\":\"ListItem\",\"position\":3,\"name\":\"Pas De Calais &#8211; Pants 13-60-8694 &#8211; Navy\"}]},{\"@type\":\"WebSite\",\"@id\":\"https:\/\/rendez-vous-store.com\/#website\",\"url\":\"https:\/\/rendez-vous-store.com\/\",\"name\":\"RENDEZ-VOUS STORE\",\"description\":\"Slow Fashion for Women and Men\",\"potentialAction\":[{\"@type\":\"SearchAction\",\"target\":{\"@type\":\"EntryPoint\",\"urlTemplate\":\"https:\/\/rendez-vous-store.com\/?s={search_term_string}\"},\"query-input\":{\"@type\":\"PropertyValueSpecification\",\"valueRequired\":true,\"valueName\":\"search_term_string\"}}],\"inLanguage\":\"fr-FR\"}]}<\/script>\n<!-- \/ Yoast SEO plugin. -->","yoast_head_json":{"title":"Pas De Calais - Pants 13-60-8694 - Navy","description":"This Pas De Calais - Pants 13-60-8694 - Navy combine a variety of traditional dyeing and advanced techniques.","robots":{"index":"index","follow":"follow","max-snippet":"max-snippet:-1","max-image-preview":"max-image-preview:large","max-video-preview":"max-video-preview:-1"},"canonical":"https:\/\/rendez-vous-store.com\/fr\/shop\/women\/trousers-skirts-discover-our-selection-rendez-vous-store\/pas-de-calais-pants-13-60-8694-navy-redez-vous-store\/","og_locale":"fr_FR","og_type":"article","og_title":"Pas De Calais - Pants 13-60-8694 - Navy","og_description":"This Pas De Calais - Pants 13-60-8694 - Navy combine a variety of traditional dyeing and advanced techniques.","og_url":"https:\/\/rendez-vous-store.com\/fr\/shop\/women\/trousers-skirts-discover-our-selection-rendez-vous-store\/pas-de-calais-pants-13-60-8694-navy-redez-vous-store\/","og_site_name":"RENDEZ-VOUS STORE","article_modified_time":"2026-03-16T18:38:42+00:00","og_image":[{"width":1707,"height":2560,"url":"https:\/\/rendez-vous-store.com\/app\/uploads\/2026\/01\/IMG_9849_11zon-1-scaled.webp","type":"image\/webp"}],"twitter_card":"summary_large_image","twitter_misc":{"Est. reading time":"2 minutes"},"schema":{"@context":"https:\/\/schema.org","@graph":[{"@type":"WebPage","@id":"https:\/\/rendez-vous-store.com\/shop\/women\/trousers-skirts-discover-our-selection-rendez-vous-store\/pas-de-calais-pants-13-60-8694-navy-redez-vous-store\/","url":"https:\/\/rendez-vous-store.com\/shop\/women\/trousers-skirts-discover-our-selection-rendez-vous-store\/pas-de-calais-pants-13-60-8694-navy-redez-vous-store\/","name":"Pas De Calais - Pants 13-60-8694 - Navy","isPartOf":{"@id":"https:\/\/rendez-vous-store.com\/#website"},"primaryImageOfPage":{"@id":"https:\/\/rendez-vous-store.com\/shop\/women\/trousers-skirts-discover-our-selection-rendez-vous-store\/pas-de-calais-pants-13-60-8694-navy-redez-vous-store\/#primaryimage"},"image":{"@id":"https:\/\/rendez-vous-store.com\/shop\/women\/trousers-skirts-discover-our-selection-rendez-vous-store\/pas-de-calais-pants-13-60-8694-navy-redez-vous-store\/#primaryimage"},"thumbnailUrl":"https:\/\/rendez-vous-store.com\/app\/uploads\/2026\/01\/IMG_9849_11zon-1-scaled.webp","datePublished":"2026-01-13T13:18:33+00:00","dateModified":"2026-03-16T18:38:42+00:00","description":"This Pas De Calais - Pants 13-60-8694 - Navy combine a variety of traditional dyeing and advanced techniques.","breadcrumb":{"@id":"https:\/\/rendez-vous-store.com\/shop\/women\/trousers-skirts-discover-our-selection-rendez-vous-store\/pas-de-calais-pants-13-60-8694-navy-redez-vous-store\/#breadcrumb"},"inLanguage":"fr-FR","potentialAction":[{"@type":"ReadAction","target":["https:\/\/rendez-vous-store.com\/shop\/women\/trousers-skirts-discover-our-selection-rendez-vous-store\/pas-de-calais-pants-13-60-8694-navy-redez-vous-store\/"]}]},{"@type":"ImageObject","inLanguage":"fr-FR","@id":"https:\/\/rendez-vous-store.com\/shop\/women\/trousers-skirts-discover-our-selection-rendez-vous-store\/pas-de-calais-pants-13-60-8694-navy-redez-vous-store\/#primaryimage","url":"https:\/\/rendez-vous-store.com\/app\/uploads\/2026\/01\/IMG_9849_11zon-1-scaled.webp","contentUrl":"https:\/\/rendez-vous-store.com\/app\/uploads\/2026\/01\/IMG_9849_11zon-1-scaled.webp","width":1707,"height":2560},{"@type":"BreadcrumbList","@id":"https:\/\/rendez-vous-store.com\/shop\/women\/trousers-skirts-discover-our-selection-rendez-vous-store\/pas-de-calais-pants-13-60-8694-navy-redez-vous-store\/#breadcrumb","itemListElement":[{"@type":"ListItem","position":1,"name":"Home","item":"https:\/\/rendez-vous-store.com\/"},{"@type":"ListItem","position":2,"name":"Shop","item":"https:\/\/www.rendez-vous-store.com\/shop\/"},{"@type":"ListItem","position":3,"name":"Pas De Calais &#8211; Pants 13-60-8694 &#8211; Navy"}]},{"@type":"WebSite","@id":"https:\/\/rendez-vous-store.com\/#website","url":"https:\/\/rendez-vous-store.com\/","name":"RENDEZ-VOUS STORE","description":"Slow Fashion for Women and Men","potentialAction":[{"@type":"SearchAction","target":{"@type":"EntryPoint","urlTemplate":"https:\/\/rendez-vous-store.com\/?s={search_term_string}"},"query-input":{"@type":"PropertyValueSpecification","valueRequired":true,"valueName":"search_term_string"}}],"inLanguage":"fr-FR"}]}},"_links":{"self":[{"href":"https:\/\/rendez-vous-store.com\/fr\/wp-json\/wp\/v2\/product\/231144","targetHints":{"allow":["GET"]}}],"collection":[{"href":"https:\/\/rendez-vous-store.com\/fr\/wp-json\/wp\/v2\/product"}],"about":[{"href":"https:\/\/rendez-vous-store.com\/fr\/wp-json\/wp\/v2\/types\/product"}],"wp:featuredmedia":[{"embeddable":true,"href":"https:\/\/rendez-vous-store.com\/fr\/wp-json\/wp\/v2\/media\/233690"}],"wp:attachment":[{"href":"https:\/\/rendez-vous-store.com\/fr\/wp-json\/wp\/v2\/media?parent=231144"}],"wp:term":[{"taxonomy":"product_brand","embeddable":true,"href":"https:\/\/rendez-vous-store.com\/fr\/wp-json\/wp\/v2\/product_brand?post=231144"},{"taxonomy":"product_cat","embeddable":true,"href":"https:\/\/rendez-vous-store.com\/fr\/wp-json\/wp\/v2\/product_cat?post=231144"},{"taxonomy":"product_tag","embeddable":true,"href":"https:\/\/rendez-vous-store.com\/fr\/wp-json\/wp\/v2\/product_tag?post=231144"}],"curies":[{"name":"wp","href":"https:\/\/api.w.org\/{rel}","templated":true}]}}