{"id":230915,"date":"2026-01-09T15:17:42","date_gmt":"2026-01-09T14:17:42","guid":{"rendered":"https:\/\/rendez-vous-store.com\/?post_type=product&#038;p=230915"},"modified":"2026-03-16T19:46:07","modified_gmt":"2026-03-16T18:46:07","slug":"lady-white-super-weighted-hoodie-kelp-rendez-vous-store","status":"publish","type":"product","link":"https:\/\/rendez-vous-store.com\/fr\/shop\/men-selection-discover-our-selection-rendez-vous-store\/jackets-coats-discover-our-selection\/lady-white-super-weighted-hoodie-kelp-rendez-vous-store\/","title":{"rendered":"Lady White - Sweat \u00e0 capuche super-l\u00e9ger - Kelp"},"content":{"rendered":"<p><strong>Lady White - Sweat \u00e0 capuche super-l\u00e9ger - Kelp<\/strong><\/p>\n<p>Couleur : Varech<\/p>\n<p>Coupe ample et d\u00e9contract\u00e9e<\/p>\n<p>Draperie structurelle<\/p>\n<p>\u00c9paules raglan<\/p>\n<p>Poche frontale surdimensionn\u00e9e<\/p>\n<p>Composition : 100% Coton<\/p>\n<p>Fabriqu\u00e9 \u00e0 Los Angeles<\/p>\n<p>&nbsp;<\/p>\n<p><strong>Le Produit<\/strong><\/p>\n<p data-start=\"213\" data-end=\"669\">Le Lady White Super Weighted Hoodie en Kelp exprime un \u00e9quilibre r\u00e9fl\u00e9chi entre la densit\u00e9, le confort et l'utilit\u00e9 quotidienne. Sa construction en molleton de coton \u00e9pais apporte une chaleur et une structure substantielles tout en restant respirant, ce qui permet au sweat \u00e0 capuche d'\u00eatre rassurant sans devenir contraignant. De plus, le coloris Kelp apporte une profondeur terreuse qui renforce le caract\u00e8re naturel du tissu et rehausse subtilement la silhouette globale.<\/p>\n<p data-start=\"671\" data-end=\"1085\">La forme du sweat \u00e0 capuche donne une impression de d\u00e9contraction intentionnelle mais ma\u00eetris\u00e9e, offrant une coupe ample qui assure un port ais\u00e9 tout au long de la journ\u00e9e. De plus, la capuche double \u00e9paisseur et le col renforc\u00e9 am\u00e9liorent \u00e0 la fois la durabilit\u00e9 et le confort, garantissant que le v\u00eatement conserve sa forme malgr\u00e9 une utilisation r\u00e9p\u00e9t\u00e9e. Vous pouvez le porter comme pi\u00e8ce ma\u00eetresse \u00e0 part enti\u00e8re ou sous un v\u00eatement de dessus sans compromettre la libert\u00e9 de mouvement ou la structure.<\/p>\n<p data-start=\"1087\" data-end=\"1280\">Par cons\u00e9quent, le sweat \u00e0 capuche super-l\u00e9ger transforme un essentiel familier en un \u00e9l\u00e9ment de base de la garde-robe. Il reste durable, polyvalent et s'inscrit ind\u00e9niablement dans l'esth\u00e9tique de Lady White.<\/p>\n<p data-start=\"1087\" data-end=\"1280\"><a href=\"https:\/\/rendez-vous-store.com\/fr\/shop\/men-selection-discover-our-selection-rendez-vous-store\/trousers-shorts-rendez-vous-store\/yleve-13-5oz-denim-baggy-charcoal-rendez-vous-store\/\">Nous aimons le voir port\u00e9 avec<\/a><\/p>\n<p data-start=\"1080\" data-end=\"1229\"><strong>La marque<\/strong><\/p>\n<p data-start=\"1295\" data-end=\"1609\">Lady White incarne une approche disciplin\u00e9e et intentionnelle du tricot am\u00e9ricain, ancr\u00e9e dans des mat\u00e9riaux de qualit\u00e9 et une production r\u00e9fl\u00e9chie. La marque met l'accent sur des silhouettes intemporelles, une construction pr\u00e9cise et des tissus qui s'embellissent avec le temps. De plus, Lady White privil\u00e9gie la constance et la retenue par rapport aux tendances saisonni\u00e8res.<\/p>\n<p data-start=\"1611\" data-end=\"1830\">Cette philosophie se traduit par des v\u00eatements et des essentiels qui semblent honn\u00eates, fonctionnels et durables. De plus, la marque met l'accent sur la fabrication nationale et des processus contr\u00f4l\u00e9s, renfor\u00e7ant ainsi l'authenticit\u00e9 et la fiabilit\u00e9.<\/p>\n<p data-start=\"1832\" data-end=\"1974\">En cons\u00e9quence, Lady White cr\u00e9e des pi\u00e8ces qui s'int\u00e8grent parfaitement dans la vie de tous les jours tout en conservant une forte identit\u00e9 et un sens du but.<\/p>\n<p data-start=\"1832\" data-end=\"1974\"><strong>La Collection\u00a0<\/strong><\/p>\n<p data-start=\"2005\" data-end=\"2273\">Les collections Lady White explorent des formes famili\u00e8res \u00e0 travers un raffinement subtil et une attention particuli\u00e8re aux mati\u00e8res. Chaque saison revisite les essentiels tout en introduisant des variations nuanc\u00e9es de texture, de poids et de couleur. De plus, la marque privil\u00e9gie constamment la portabilit\u00e9 et la long\u00e9vit\u00e9.<\/p>\n<p data-start=\"2275\" data-end=\"2476\">Les designs restent polyvalents et intentionnels, permettant une int\u00e9gration facile dans diff\u00e9rentes garde-robes. De plus, les mat\u00e9riaux vieillissent naturellement avec le temps, renfor\u00e7ant la valeur d'une utilisation \u00e0 long terme.<\/p>\n<p data-start=\"2478\" data-end=\"2601\">En cons\u00e9quence, les collections pr\u00e9sentent une garde-robe essentielle moderne d\u00e9finie par la sobri\u00e9t\u00e9, le savoir-faire et une confiance tranquille.<\/p>","protected":false},"excerpt":{"rendered":"<p>Lady White &#8211; Super Weighted Hoodie &#8211; Kelp Color: Kelp Boxy and relaxed fit Structural drape Raglan shoulders Oversized front pocket Composition: 100% Cotton Made in Los Angeles &nbsp; The Product The Lady White Super Weighted Hoodie in Kelp expresses a considered balance between density, comfort, and everyday utility. Its heavyweight cotton fleece construction provides&hellip; <a class=\"more-link\" href=\"https:\/\/rendez-vous-store.com\/fr\/shop\/men-selection-discover-our-selection-rendez-vous-store\/jackets-coats-discover-our-selection\/lady-white-super-weighted-hoodie-kelp-rendez-vous-store\/\">Continuer la lecture <span class=\"screen-reader-text\">Lady White - Sweat \u00e0 capuche super-l\u00e9ger - Kelp<\/span><\/a><\/p>","protected":false},"featured_media":231931,"template":"","meta":{"_acf_changed":false},"product_brand":[],"product_cat":[20,1059,53],"product_tag":[644],"class_list":{"0":"post-230915","1":"product","2":"type-product","3":"status-publish","4":"has-post-thumbnail","6":"product_cat-men-selection-discover-our-selection-rendez-vous-store","7":"product_cat-new-men-rendez-vous-store","8":"product_cat-jackets-coats-discover-our-selection","9":"product_tag-lady-white","10":"entry","12":"first","13":"instock","14":"taxable","15":"shipping-taxable","16":"purchasable","17":"product-type-variable"},"acf":[],"yoast_head":"<!-- This site is optimized with the Yoast SEO plugin v24.9 - https:\/\/yoast.com\/wordpress\/plugins\/seo\/ -->\n<title>Lady White - Super Weighted Hoodie - Kelp<\/title>\n<meta name=\"description\" content=\"Lady White is on Rendez-vous Store. This Lady White - Super Weighted Hoodie - Kelp reflects contemporary moods of the brand. Discover now.\" \/>\n<meta name=\"robots\" content=\"index, follow, max-snippet:-1, max-image-preview:large, max-video-preview:-1\" \/>\n<link rel=\"canonical\" href=\"https:\/\/rendez-vous-store.com\/fr\/shop\/men-selection-discover-our-selection-rendez-vous-store\/jackets-coats-discover-our-selection\/lady-white-super-weighted-hoodie-kelp-rendez-vous-store\/\" \/>\n<meta property=\"og:locale\" content=\"fr_FR\" \/>\n<meta property=\"og:type\" content=\"article\" \/>\n<meta property=\"og:title\" content=\"Lady White - Super Weighted Hoodie - Kelp\" \/>\n<meta property=\"og:description\" content=\"Lady White is on Rendez-vous Store. This Lady White - Super Weighted Hoodie - Kelp reflects contemporary moods of the brand. Discover now.\" \/>\n<meta property=\"og:url\" content=\"https:\/\/rendez-vous-store.com\/fr\/shop\/men-selection-discover-our-selection-rendez-vous-store\/jackets-coats-discover-our-selection\/lady-white-super-weighted-hoodie-kelp-rendez-vous-store\/\" \/>\n<meta property=\"og:site_name\" content=\"RENDEZ-VOUS STORE\" \/>\n<meta property=\"article:modified_time\" content=\"2026-03-16T18:46:07+00:00\" \/>\n<meta property=\"og:image\" content=\"https:\/\/rendez-vous-store.com\/app\/uploads\/2026\/01\/rdv_152-scaled.webp\" \/>\n\t<meta property=\"og:image:width\" content=\"1696\" \/>\n\t<meta property=\"og:image:height\" content=\"2560\" \/>\n\t<meta property=\"og:image:type\" content=\"image\/webp\" \/>\n<meta name=\"twitter:card\" content=\"summary_large_image\" \/>\n<meta name=\"twitter:label1\" content=\"Est. reading time\" \/>\n\t<meta name=\"twitter:data1\" content=\"2 minutes\" \/>\n<script type=\"application\/ld+json\" class=\"yoast-schema-graph\">{\"@context\":\"https:\/\/schema.org\",\"@graph\":[{\"@type\":\"WebPage\",\"@id\":\"https:\/\/rendez-vous-store.com\/shop\/men-selection-discover-our-selection-rendez-vous-store\/jackets-coats-discover-our-selection\/lady-white-super-weighted-hoodie-kelp-rendez-vous-store\/\",\"url\":\"https:\/\/rendez-vous-store.com\/shop\/men-selection-discover-our-selection-rendez-vous-store\/jackets-coats-discover-our-selection\/lady-white-super-weighted-hoodie-kelp-rendez-vous-store\/\",\"name\":\"Lady White - Super Weighted Hoodie - Kelp\",\"isPartOf\":{\"@id\":\"https:\/\/rendez-vous-store.com\/#website\"},\"primaryImageOfPage\":{\"@id\":\"https:\/\/rendez-vous-store.com\/shop\/men-selection-discover-our-selection-rendez-vous-store\/jackets-coats-discover-our-selection\/lady-white-super-weighted-hoodie-kelp-rendez-vous-store\/#primaryimage\"},\"image\":{\"@id\":\"https:\/\/rendez-vous-store.com\/shop\/men-selection-discover-our-selection-rendez-vous-store\/jackets-coats-discover-our-selection\/lady-white-super-weighted-hoodie-kelp-rendez-vous-store\/#primaryimage\"},\"thumbnailUrl\":\"https:\/\/rendez-vous-store.com\/app\/uploads\/2026\/01\/rdv_152-scaled.webp\",\"datePublished\":\"2026-01-09T14:17:42+00:00\",\"dateModified\":\"2026-03-16T18:46:07+00:00\",\"description\":\"Lady White is on Rendez-vous Store. This Lady White - Super Weighted Hoodie - Kelp reflects contemporary moods of the brand. Discover now.\",\"breadcrumb\":{\"@id\":\"https:\/\/rendez-vous-store.com\/shop\/men-selection-discover-our-selection-rendez-vous-store\/jackets-coats-discover-our-selection\/lady-white-super-weighted-hoodie-kelp-rendez-vous-store\/#breadcrumb\"},\"inLanguage\":\"fr-FR\",\"potentialAction\":[{\"@type\":\"ReadAction\",\"target\":[\"https:\/\/rendez-vous-store.com\/shop\/men-selection-discover-our-selection-rendez-vous-store\/jackets-coats-discover-our-selection\/lady-white-super-weighted-hoodie-kelp-rendez-vous-store\/\"]}]},{\"@type\":\"ImageObject\",\"inLanguage\":\"fr-FR\",\"@id\":\"https:\/\/rendez-vous-store.com\/shop\/men-selection-discover-our-selection-rendez-vous-store\/jackets-coats-discover-our-selection\/lady-white-super-weighted-hoodie-kelp-rendez-vous-store\/#primaryimage\",\"url\":\"https:\/\/rendez-vous-store.com\/app\/uploads\/2026\/01\/rdv_152-scaled.webp\",\"contentUrl\":\"https:\/\/rendez-vous-store.com\/app\/uploads\/2026\/01\/rdv_152-scaled.webp\",\"width\":1696,\"height\":2560},{\"@type\":\"BreadcrumbList\",\"@id\":\"https:\/\/rendez-vous-store.com\/shop\/men-selection-discover-our-selection-rendez-vous-store\/jackets-coats-discover-our-selection\/lady-white-super-weighted-hoodie-kelp-rendez-vous-store\/#breadcrumb\",\"itemListElement\":[{\"@type\":\"ListItem\",\"position\":1,\"name\":\"Home\",\"item\":\"https:\/\/rendez-vous-store.com\/\"},{\"@type\":\"ListItem\",\"position\":2,\"name\":\"Shop\",\"item\":\"https:\/\/www.rendez-vous-store.com\/shop\/\"},{\"@type\":\"ListItem\",\"position\":3,\"name\":\"Lady White &#8211; Super Weighted Hoodie &#8211; Kelp\"}]},{\"@type\":\"WebSite\",\"@id\":\"https:\/\/rendez-vous-store.com\/#website\",\"url\":\"https:\/\/rendez-vous-store.com\/\",\"name\":\"RENDEZ-VOUS STORE\",\"description\":\"Slow Fashion for Women and Men\",\"potentialAction\":[{\"@type\":\"SearchAction\",\"target\":{\"@type\":\"EntryPoint\",\"urlTemplate\":\"https:\/\/rendez-vous-store.com\/?s={search_term_string}\"},\"query-input\":{\"@type\":\"PropertyValueSpecification\",\"valueRequired\":true,\"valueName\":\"search_term_string\"}}],\"inLanguage\":\"fr-FR\"}]}<\/script>\n<!-- \/ Yoast SEO plugin. -->","yoast_head_json":{"title":"Lady White - Super Weighted Hoodie - Kelp","description":"Lady White is on Rendez-vous Store. This Lady White - Super Weighted Hoodie - Kelp reflects contemporary moods of the brand. Discover now.","robots":{"index":"index","follow":"follow","max-snippet":"max-snippet:-1","max-image-preview":"max-image-preview:large","max-video-preview":"max-video-preview:-1"},"canonical":"https:\/\/rendez-vous-store.com\/fr\/shop\/men-selection-discover-our-selection-rendez-vous-store\/jackets-coats-discover-our-selection\/lady-white-super-weighted-hoodie-kelp-rendez-vous-store\/","og_locale":"fr_FR","og_type":"article","og_title":"Lady White - Super Weighted Hoodie - Kelp","og_description":"Lady White is on Rendez-vous Store. This Lady White - Super Weighted Hoodie - Kelp reflects contemporary moods of the brand. Discover now.","og_url":"https:\/\/rendez-vous-store.com\/fr\/shop\/men-selection-discover-our-selection-rendez-vous-store\/jackets-coats-discover-our-selection\/lady-white-super-weighted-hoodie-kelp-rendez-vous-store\/","og_site_name":"RENDEZ-VOUS STORE","article_modified_time":"2026-03-16T18:46:07+00:00","og_image":[{"width":1696,"height":2560,"url":"https:\/\/rendez-vous-store.com\/app\/uploads\/2026\/01\/rdv_152-scaled.webp","type":"image\/webp"}],"twitter_card":"summary_large_image","twitter_misc":{"Est. reading time":"2 minutes"},"schema":{"@context":"https:\/\/schema.org","@graph":[{"@type":"WebPage","@id":"https:\/\/rendez-vous-store.com\/shop\/men-selection-discover-our-selection-rendez-vous-store\/jackets-coats-discover-our-selection\/lady-white-super-weighted-hoodie-kelp-rendez-vous-store\/","url":"https:\/\/rendez-vous-store.com\/shop\/men-selection-discover-our-selection-rendez-vous-store\/jackets-coats-discover-our-selection\/lady-white-super-weighted-hoodie-kelp-rendez-vous-store\/","name":"Lady White - Super Weighted Hoodie - Kelp","isPartOf":{"@id":"https:\/\/rendez-vous-store.com\/#website"},"primaryImageOfPage":{"@id":"https:\/\/rendez-vous-store.com\/shop\/men-selection-discover-our-selection-rendez-vous-store\/jackets-coats-discover-our-selection\/lady-white-super-weighted-hoodie-kelp-rendez-vous-store\/#primaryimage"},"image":{"@id":"https:\/\/rendez-vous-store.com\/shop\/men-selection-discover-our-selection-rendez-vous-store\/jackets-coats-discover-our-selection\/lady-white-super-weighted-hoodie-kelp-rendez-vous-store\/#primaryimage"},"thumbnailUrl":"https:\/\/rendez-vous-store.com\/app\/uploads\/2026\/01\/rdv_152-scaled.webp","datePublished":"2026-01-09T14:17:42+00:00","dateModified":"2026-03-16T18:46:07+00:00","description":"Lady White is on Rendez-vous Store. This Lady White - Super Weighted Hoodie - Kelp reflects contemporary moods of the brand. Discover now.","breadcrumb":{"@id":"https:\/\/rendez-vous-store.com\/shop\/men-selection-discover-our-selection-rendez-vous-store\/jackets-coats-discover-our-selection\/lady-white-super-weighted-hoodie-kelp-rendez-vous-store\/#breadcrumb"},"inLanguage":"fr-FR","potentialAction":[{"@type":"ReadAction","target":["https:\/\/rendez-vous-store.com\/shop\/men-selection-discover-our-selection-rendez-vous-store\/jackets-coats-discover-our-selection\/lady-white-super-weighted-hoodie-kelp-rendez-vous-store\/"]}]},{"@type":"ImageObject","inLanguage":"fr-FR","@id":"https:\/\/rendez-vous-store.com\/shop\/men-selection-discover-our-selection-rendez-vous-store\/jackets-coats-discover-our-selection\/lady-white-super-weighted-hoodie-kelp-rendez-vous-store\/#primaryimage","url":"https:\/\/rendez-vous-store.com\/app\/uploads\/2026\/01\/rdv_152-scaled.webp","contentUrl":"https:\/\/rendez-vous-store.com\/app\/uploads\/2026\/01\/rdv_152-scaled.webp","width":1696,"height":2560},{"@type":"BreadcrumbList","@id":"https:\/\/rendez-vous-store.com\/shop\/men-selection-discover-our-selection-rendez-vous-store\/jackets-coats-discover-our-selection\/lady-white-super-weighted-hoodie-kelp-rendez-vous-store\/#breadcrumb","itemListElement":[{"@type":"ListItem","position":1,"name":"Home","item":"https:\/\/rendez-vous-store.com\/"},{"@type":"ListItem","position":2,"name":"Shop","item":"https:\/\/www.rendez-vous-store.com\/shop\/"},{"@type":"ListItem","position":3,"name":"Lady White &#8211; Super Weighted Hoodie &#8211; Kelp"}]},{"@type":"WebSite","@id":"https:\/\/rendez-vous-store.com\/#website","url":"https:\/\/rendez-vous-store.com\/","name":"RENDEZ-VOUS STORE","description":"Slow Fashion for Women and Men","potentialAction":[{"@type":"SearchAction","target":{"@type":"EntryPoint","urlTemplate":"https:\/\/rendez-vous-store.com\/?s={search_term_string}"},"query-input":{"@type":"PropertyValueSpecification","valueRequired":true,"valueName":"search_term_string"}}],"inLanguage":"fr-FR"}]}},"_links":{"self":[{"href":"https:\/\/rendez-vous-store.com\/fr\/wp-json\/wp\/v2\/product\/230915","targetHints":{"allow":["GET"]}}],"collection":[{"href":"https:\/\/rendez-vous-store.com\/fr\/wp-json\/wp\/v2\/product"}],"about":[{"href":"https:\/\/rendez-vous-store.com\/fr\/wp-json\/wp\/v2\/types\/product"}],"wp:featuredmedia":[{"embeddable":true,"href":"https:\/\/rendez-vous-store.com\/fr\/wp-json\/wp\/v2\/media\/231931"}],"wp:attachment":[{"href":"https:\/\/rendez-vous-store.com\/fr\/wp-json\/wp\/v2\/media?parent=230915"}],"wp:term":[{"taxonomy":"product_brand","embeddable":true,"href":"https:\/\/rendez-vous-store.com\/fr\/wp-json\/wp\/v2\/product_brand?post=230915"},{"taxonomy":"product_cat","embeddable":true,"href":"https:\/\/rendez-vous-store.com\/fr\/wp-json\/wp\/v2\/product_cat?post=230915"},{"taxonomy":"product_tag","embeddable":true,"href":"https:\/\/rendez-vous-store.com\/fr\/wp-json\/wp\/v2\/product_tag?post=230915"}],"curies":[{"name":"wp","href":"https:\/\/api.w.org\/{rel}","templated":true}]}}