{"id":229385,"date":"2025-12-19T15:19:30","date_gmt":"2025-12-19T14:19:30","guid":{"rendered":"https:\/\/rendez-vous-store.com\/?post_type=product&#038;p=229385"},"modified":"2026-03-16T19:44:07","modified_gmt":"2026-03-16T18:44:07","slug":"norlha-feather-ripples-scarf-sandstone-rendez-vous-store","status":"publish","type":"product","link":"https:\/\/rendez-vous-store.com\/fr\/shop\/women\/women-hats-scarves-rendez-vous-store\/norlha-feather-ripples-scarf-sandstone-rendez-vous-store\/","title":{"rendered":"NORLHA &#8211; Feather Ripples Scarf &#8211; Sandstone"},"content":{"rendered":"<p><strong>NORLHA &#8211; Feather Ripples Scarf &#8211; Sandstone<\/strong><\/p>\n<p>Color: Sandstone<\/p>\n<p>With its narrow width, it can be wrapped around the neck while keeping a slender profile<\/p>\n<p>Finishing: Handsewn hem<\/p>\n<p>Composition: 50% Yak, 50% Silk<\/p>\n<p>20x190cm \/ 80g<\/p>\n<p>Tiss\u00e9 \u00e0 la main sur le plateau tib\u00e9tain<\/p>\n<p>Fabriqu\u00e9 en Chine<\/p>\n<p>&nbsp;<\/p>\n<p>&nbsp;<\/p>","protected":false},"excerpt":{"rendered":"<p>NORLHA &#8211; Feather Ripples Scarf &#8211; Sandstone Color: Sandstone With its narrow width, it can be wrapped around the neck while keeping a slender profile Finishing: Handsewn hem Composition: 50% Yak, 50% Silk 20x190cm \/ 80g Handwoven on the Tibetan Plateau Made in China &nbsp; &nbsp;<\/p>","protected":false},"featured_media":229563,"template":"","meta":{"_acf_changed":false},"product_brand":[],"product_cat":[17,1062,652],"product_tag":[1457],"class_list":{"0":"post-229385","1":"product","2":"type-product","3":"status-publish","4":"has-post-thumbnail","6":"product_cat-women","7":"product_cat-new-women-selection-rendez-vous-store","8":"product_cat-women-hats-scarves-rendez-vous-store","9":"product_tag-norlha","10":"entry","12":"first","13":"outofstock","14":"taxable","15":"shipping-taxable","16":"product-type-variable"},"acf":[],"yoast_head":"<!-- This site is optimized with the Yoast SEO plugin v24.9 - https:\/\/yoast.com\/wordpress\/plugins\/seo\/ -->\n<title>NORLHA - Feather Ripples Scarf - Sandstone<\/title>\n<meta name=\"robots\" content=\"index, follow, max-snippet:-1, max-image-preview:large, max-video-preview:-1\" \/>\n<link rel=\"canonical\" href=\"https:\/\/rendez-vous-store.com\/fr\/shop\/women\/women-hats-scarves-rendez-vous-store\/norlha-feather-ripples-scarf-sandstone-rendez-vous-store\/\" \/>\n<meta property=\"og:locale\" content=\"fr_FR\" \/>\n<meta property=\"og:type\" content=\"article\" \/>\n<meta property=\"og:title\" content=\"NORLHA - Feather Ripples Scarf - Sandstone\" \/>\n<meta property=\"og:description\" content=\"NORLHA &#8211; Feather Ripples Scarf &#8211; Sandstone Color: Sandstone With its narrow width, it can be wrapped around the neck while keeping a slender profile Finishing: Handsewn hem Composition: 50% Yak, 50% Silk 20x190cm \/ 80g Handwoven on the Tibetan Plateau Made in China &nbsp; &nbsp;\" \/>\n<meta property=\"og:url\" content=\"https:\/\/rendez-vous-store.com\/fr\/shop\/women\/women-hats-scarves-rendez-vous-store\/norlha-feather-ripples-scarf-sandstone-rendez-vous-store\/\" \/>\n<meta property=\"og:site_name\" content=\"RENDEZ-VOUS STORE\" \/>\n<meta property=\"article:modified_time\" content=\"2026-03-16T18:44:07+00:00\" \/>\n<meta property=\"og:image\" content=\"https:\/\/rendez-vous-store.com\/app\/uploads\/2025\/12\/rdv_norlha_21-scaled.webp\" \/>\n\t<meta property=\"og:image:width\" content=\"1696\" \/>\n\t<meta property=\"og:image:height\" content=\"2560\" \/>\n\t<meta property=\"og:image:type\" content=\"image\/webp\" \/>\n<meta name=\"twitter:card\" content=\"summary_large_image\" \/>\n<meta name=\"twitter:label1\" content=\"Est. reading time\" \/>\n\t<meta name=\"twitter:data1\" content=\"1 minute\" \/>\n<script type=\"application\/ld+json\" class=\"yoast-schema-graph\">{\"@context\":\"https:\/\/schema.org\",\"@graph\":[{\"@type\":\"WebPage\",\"@id\":\"https:\/\/rendez-vous-store.com\/shop\/women\/women-hats-scarves-rendez-vous-store\/norlha-feather-ripples-scarf-sandstone-rendez-vous-store\/\",\"url\":\"https:\/\/rendez-vous-store.com\/shop\/women\/women-hats-scarves-rendez-vous-store\/norlha-feather-ripples-scarf-sandstone-rendez-vous-store\/\",\"name\":\"NORLHA - Feather Ripples Scarf - Sandstone\",\"isPartOf\":{\"@id\":\"https:\/\/rendez-vous-store.com\/#website\"},\"primaryImageOfPage\":{\"@id\":\"https:\/\/rendez-vous-store.com\/shop\/women\/women-hats-scarves-rendez-vous-store\/norlha-feather-ripples-scarf-sandstone-rendez-vous-store\/#primaryimage\"},\"image\":{\"@id\":\"https:\/\/rendez-vous-store.com\/shop\/women\/women-hats-scarves-rendez-vous-store\/norlha-feather-ripples-scarf-sandstone-rendez-vous-store\/#primaryimage\"},\"thumbnailUrl\":\"https:\/\/rendez-vous-store.com\/app\/uploads\/2025\/12\/rdv_norlha_21-scaled.webp\",\"datePublished\":\"2025-12-19T14:19:30+00:00\",\"dateModified\":\"2026-03-16T18:44:07+00:00\",\"breadcrumb\":{\"@id\":\"https:\/\/rendez-vous-store.com\/shop\/women\/women-hats-scarves-rendez-vous-store\/norlha-feather-ripples-scarf-sandstone-rendez-vous-store\/#breadcrumb\"},\"inLanguage\":\"fr-FR\",\"potentialAction\":[{\"@type\":\"ReadAction\",\"target\":[\"https:\/\/rendez-vous-store.com\/shop\/women\/women-hats-scarves-rendez-vous-store\/norlha-feather-ripples-scarf-sandstone-rendez-vous-store\/\"]}]},{\"@type\":\"ImageObject\",\"inLanguage\":\"fr-FR\",\"@id\":\"https:\/\/rendez-vous-store.com\/shop\/women\/women-hats-scarves-rendez-vous-store\/norlha-feather-ripples-scarf-sandstone-rendez-vous-store\/#primaryimage\",\"url\":\"https:\/\/rendez-vous-store.com\/app\/uploads\/2025\/12\/rdv_norlha_21-scaled.webp\",\"contentUrl\":\"https:\/\/rendez-vous-store.com\/app\/uploads\/2025\/12\/rdv_norlha_21-scaled.webp\",\"width\":1696,\"height\":2560},{\"@type\":\"BreadcrumbList\",\"@id\":\"https:\/\/rendez-vous-store.com\/shop\/women\/women-hats-scarves-rendez-vous-store\/norlha-feather-ripples-scarf-sandstone-rendez-vous-store\/#breadcrumb\",\"itemListElement\":[{\"@type\":\"ListItem\",\"position\":1,\"name\":\"Home\",\"item\":\"https:\/\/rendez-vous-store.com\/\"},{\"@type\":\"ListItem\",\"position\":2,\"name\":\"Shop\",\"item\":\"https:\/\/www.rendez-vous-store.com\/shop\/\"},{\"@type\":\"ListItem\",\"position\":3,\"name\":\"NORLHA &#8211; Feather Ripples Scarf &#8211; Sandstone\"}]},{\"@type\":\"WebSite\",\"@id\":\"https:\/\/rendez-vous-store.com\/#website\",\"url\":\"https:\/\/rendez-vous-store.com\/\",\"name\":\"RENDEZ-VOUS STORE\",\"description\":\"Slow Fashion for Women and Men\",\"potentialAction\":[{\"@type\":\"SearchAction\",\"target\":{\"@type\":\"EntryPoint\",\"urlTemplate\":\"https:\/\/rendez-vous-store.com\/?s={search_term_string}\"},\"query-input\":{\"@type\":\"PropertyValueSpecification\",\"valueRequired\":true,\"valueName\":\"search_term_string\"}}],\"inLanguage\":\"fr-FR\"}]}<\/script>\n<!-- \/ Yoast SEO plugin. -->","yoast_head_json":{"title":"NORLHA - Feather Ripples Scarf - Sandstone","robots":{"index":"index","follow":"follow","max-snippet":"max-snippet:-1","max-image-preview":"max-image-preview:large","max-video-preview":"max-video-preview:-1"},"canonical":"https:\/\/rendez-vous-store.com\/fr\/shop\/women\/women-hats-scarves-rendez-vous-store\/norlha-feather-ripples-scarf-sandstone-rendez-vous-store\/","og_locale":"fr_FR","og_type":"article","og_title":"NORLHA - Feather Ripples Scarf - Sandstone","og_description":"NORLHA &#8211; Feather Ripples Scarf &#8211; Sandstone Color: Sandstone With its narrow width, it can be wrapped around the neck while keeping a slender profile Finishing: Handsewn hem Composition: 50% Yak, 50% Silk 20x190cm \/ 80g Handwoven on the Tibetan Plateau Made in China &nbsp; &nbsp;","og_url":"https:\/\/rendez-vous-store.com\/fr\/shop\/women\/women-hats-scarves-rendez-vous-store\/norlha-feather-ripples-scarf-sandstone-rendez-vous-store\/","og_site_name":"RENDEZ-VOUS STORE","article_modified_time":"2026-03-16T18:44:07+00:00","og_image":[{"width":1696,"height":2560,"url":"https:\/\/rendez-vous-store.com\/app\/uploads\/2025\/12\/rdv_norlha_21-scaled.webp","type":"image\/webp"}],"twitter_card":"summary_large_image","twitter_misc":{"Est. reading time":"1 minute"},"schema":{"@context":"https:\/\/schema.org","@graph":[{"@type":"WebPage","@id":"https:\/\/rendez-vous-store.com\/shop\/women\/women-hats-scarves-rendez-vous-store\/norlha-feather-ripples-scarf-sandstone-rendez-vous-store\/","url":"https:\/\/rendez-vous-store.com\/shop\/women\/women-hats-scarves-rendez-vous-store\/norlha-feather-ripples-scarf-sandstone-rendez-vous-store\/","name":"NORLHA - Feather Ripples Scarf - Sandstone","isPartOf":{"@id":"https:\/\/rendez-vous-store.com\/#website"},"primaryImageOfPage":{"@id":"https:\/\/rendez-vous-store.com\/shop\/women\/women-hats-scarves-rendez-vous-store\/norlha-feather-ripples-scarf-sandstone-rendez-vous-store\/#primaryimage"},"image":{"@id":"https:\/\/rendez-vous-store.com\/shop\/women\/women-hats-scarves-rendez-vous-store\/norlha-feather-ripples-scarf-sandstone-rendez-vous-store\/#primaryimage"},"thumbnailUrl":"https:\/\/rendez-vous-store.com\/app\/uploads\/2025\/12\/rdv_norlha_21-scaled.webp","datePublished":"2025-12-19T14:19:30+00:00","dateModified":"2026-03-16T18:44:07+00:00","breadcrumb":{"@id":"https:\/\/rendez-vous-store.com\/shop\/women\/women-hats-scarves-rendez-vous-store\/norlha-feather-ripples-scarf-sandstone-rendez-vous-store\/#breadcrumb"},"inLanguage":"fr-FR","potentialAction":[{"@type":"ReadAction","target":["https:\/\/rendez-vous-store.com\/shop\/women\/women-hats-scarves-rendez-vous-store\/norlha-feather-ripples-scarf-sandstone-rendez-vous-store\/"]}]},{"@type":"ImageObject","inLanguage":"fr-FR","@id":"https:\/\/rendez-vous-store.com\/shop\/women\/women-hats-scarves-rendez-vous-store\/norlha-feather-ripples-scarf-sandstone-rendez-vous-store\/#primaryimage","url":"https:\/\/rendez-vous-store.com\/app\/uploads\/2025\/12\/rdv_norlha_21-scaled.webp","contentUrl":"https:\/\/rendez-vous-store.com\/app\/uploads\/2025\/12\/rdv_norlha_21-scaled.webp","width":1696,"height":2560},{"@type":"BreadcrumbList","@id":"https:\/\/rendez-vous-store.com\/shop\/women\/women-hats-scarves-rendez-vous-store\/norlha-feather-ripples-scarf-sandstone-rendez-vous-store\/#breadcrumb","itemListElement":[{"@type":"ListItem","position":1,"name":"Home","item":"https:\/\/rendez-vous-store.com\/"},{"@type":"ListItem","position":2,"name":"Shop","item":"https:\/\/www.rendez-vous-store.com\/shop\/"},{"@type":"ListItem","position":3,"name":"NORLHA &#8211; Feather Ripples Scarf &#8211; Sandstone"}]},{"@type":"WebSite","@id":"https:\/\/rendez-vous-store.com\/#website","url":"https:\/\/rendez-vous-store.com\/","name":"RENDEZ-VOUS STORE","description":"Slow Fashion for Women and Men","potentialAction":[{"@type":"SearchAction","target":{"@type":"EntryPoint","urlTemplate":"https:\/\/rendez-vous-store.com\/?s={search_term_string}"},"query-input":{"@type":"PropertyValueSpecification","valueRequired":true,"valueName":"search_term_string"}}],"inLanguage":"fr-FR"}]}},"_links":{"self":[{"href":"https:\/\/rendez-vous-store.com\/fr\/wp-json\/wp\/v2\/product\/229385","targetHints":{"allow":["GET"]}}],"collection":[{"href":"https:\/\/rendez-vous-store.com\/fr\/wp-json\/wp\/v2\/product"}],"about":[{"href":"https:\/\/rendez-vous-store.com\/fr\/wp-json\/wp\/v2\/types\/product"}],"wp:featuredmedia":[{"embeddable":true,"href":"https:\/\/rendez-vous-store.com\/fr\/wp-json\/wp\/v2\/media\/229563"}],"wp:attachment":[{"href":"https:\/\/rendez-vous-store.com\/fr\/wp-json\/wp\/v2\/media?parent=229385"}],"wp:term":[{"taxonomy":"product_brand","embeddable":true,"href":"https:\/\/rendez-vous-store.com\/fr\/wp-json\/wp\/v2\/product_brand?post=229385"},{"taxonomy":"product_cat","embeddable":true,"href":"https:\/\/rendez-vous-store.com\/fr\/wp-json\/wp\/v2\/product_cat?post=229385"},{"taxonomy":"product_tag","embeddable":true,"href":"https:\/\/rendez-vous-store.com\/fr\/wp-json\/wp\/v2\/product_tag?post=229385"}],"curies":[{"name":"wp","href":"https:\/\/api.w.org\/{rel}","templated":true}]}}