{"id":228391,"date":"2025-12-17T10:20:53","date_gmt":"2025-12-17T09:20:53","guid":{"rendered":"https:\/\/rendez-vous-store.com\/?post_type=product&#038;p=228391"},"modified":"2026-03-28T14:36:14","modified_gmt":"2026-03-28T13:36:14","slug":"rototo-allrounde-r-merino-r1564-purple-blue-rendez-vous-store","status":"publish","type":"product","link":"https:\/\/rendez-vous-store.com\/fr\/shop\/men-selection-discover-our-selection-rendez-vous-store\/accessories-men-rendez-vous-store\/rototo-allrounde-r-merino-r1564-purple-blue-rendez-vous-store\/","title":{"rendered":"Rototo \u2013 TOUR DU MONDE R \u201cM\u00c9RINOS R1564 \u2013 POURPRE\/BLEU"},"content":{"rendered":"<p><strong>Rototo \u2013 TOUR DU MONDE R \u201cM\u00c9RINOS R1564 \u2013 POURPRE\/BLEU<\/strong><\/p>\n<p>Couleur : violet\/bleu<\/p>\n<p>\u00c9vacue naturellement l'humidit\u00e9<\/p>\n<p>R\u00e9sistant aux odeurs et thermor\u00e9gulateur<\/p>\n<p>Le d\u00e9tail remarquable est la finition tie-dye teinte \u00e0 la main qui donne \u00e0 chaque paire un look unique<\/p>\n<p>Composition : 76% Laine, 21% Nylon, 3% Polyur\u00e9thane<\/p>\n<p>Fabriqu\u00e9 au Japon<\/p>","protected":false},"excerpt":{"rendered":"<p>Rototo &#8211; ALLROUNDE R &#8220;MERINO R1564 &#8211; PURPLE\/BLUE Color: Purple\/Blue Naturally moisture-wicking Odor-resistant and thermoregulating Standout detail is the hand-dyed tie-dye finish giving each pair a unique look Composition: 76% Wool, 21% Nylon, 3% Polyurethane Made in Japan<\/p>","protected":false},"featured_media":228867,"template":"","meta":{"_acf_changed":false},"product_brand":[],"product_cat":[20,1059,70],"product_tag":[701],"class_list":{"0":"post-228391","1":"product","2":"type-product","3":"status-publish","4":"has-post-thumbnail","6":"product_cat-men-selection-discover-our-selection-rendez-vous-store","7":"product_cat-new-men-rendez-vous-store","8":"product_cat-accessories-men-rendez-vous-store","9":"product_tag-rototo-designers-rendez-vous-store","10":"entry","12":"first","13":"outofstock","14":"taxable","15":"shipping-taxable","16":"product-type-variable"},"acf":[],"yoast_head":"<!-- This site is optimized with the Yoast SEO plugin v24.9 - https:\/\/yoast.com\/wordpress\/plugins\/seo\/ -->\n<title>Rototo - ALLROUNDE R &quot;MERINO R1564 - PURPLE\/BLUE<\/title>\n<meta name=\"description\" content=\"Rototo is on Rendez-vous Store. This Rototo - ALLROUNDE R &quot;MERINO R1564 - PURPLE\/BLUE are the perfect mix of style, comfort, and quality.\" \/>\n<meta name=\"robots\" content=\"index, follow, max-snippet:-1, max-image-preview:large, max-video-preview:-1\" \/>\n<link rel=\"canonical\" href=\"https:\/\/rendez-vous-store.com\/fr\/shop\/men-selection-discover-our-selection-rendez-vous-store\/accessories-men-rendez-vous-store\/rototo-allrounde-r-merino-r1564-purple-blue-rendez-vous-store\/\" \/>\n<meta property=\"og:locale\" content=\"fr_FR\" \/>\n<meta property=\"og:type\" content=\"article\" \/>\n<meta property=\"og:title\" content=\"Rototo - ALLROUNDE R &quot;MERINO R1564 - PURPLE\/BLUE\" \/>\n<meta property=\"og:description\" content=\"Rototo is on Rendez-vous Store. This Rototo - ALLROUNDE R &quot;MERINO R1564 - PURPLE\/BLUE are the perfect mix of style, comfort, and quality.\" \/>\n<meta property=\"og:url\" content=\"https:\/\/rendez-vous-store.com\/fr\/shop\/men-selection-discover-our-selection-rendez-vous-store\/accessories-men-rendez-vous-store\/rototo-allrounde-r-merino-r1564-purple-blue-rendez-vous-store\/\" \/>\n<meta property=\"og:site_name\" content=\"RENDEZ-VOUS STORE\" \/>\n<meta property=\"article:modified_time\" content=\"2026-03-28T13:36:14+00:00\" \/>\n<meta property=\"og:image\" content=\"https:\/\/rendez-vous-store.com\/app\/uploads\/2025\/12\/rdv_rototo_05-scaled.webp\" \/>\n\t<meta property=\"og:image:width\" content=\"1696\" \/>\n\t<meta property=\"og:image:height\" content=\"2560\" \/>\n\t<meta property=\"og:image:type\" content=\"image\/webp\" \/>\n<meta name=\"twitter:card\" content=\"summary_large_image\" \/>\n<meta name=\"twitter:label1\" content=\"Est. reading time\" \/>\n\t<meta name=\"twitter:data1\" content=\"1 minute\" \/>\n<script type=\"application\/ld+json\" class=\"yoast-schema-graph\">{\"@context\":\"https:\/\/schema.org\",\"@graph\":[{\"@type\":\"WebPage\",\"@id\":\"https:\/\/rendez-vous-store.com\/shop\/men-selection-discover-our-selection-rendez-vous-store\/accessories-men-rendez-vous-store\/rototo-allrounde-r-merino-r1564-purple-blue-rendez-vous-store\/\",\"url\":\"https:\/\/rendez-vous-store.com\/shop\/men-selection-discover-our-selection-rendez-vous-store\/accessories-men-rendez-vous-store\/rototo-allrounde-r-merino-r1564-purple-blue-rendez-vous-store\/\",\"name\":\"Rototo - ALLROUNDE R \\\"MERINO R1564 - PURPLE\/BLUE\",\"isPartOf\":{\"@id\":\"https:\/\/rendez-vous-store.com\/#website\"},\"primaryImageOfPage\":{\"@id\":\"https:\/\/rendez-vous-store.com\/shop\/men-selection-discover-our-selection-rendez-vous-store\/accessories-men-rendez-vous-store\/rototo-allrounde-r-merino-r1564-purple-blue-rendez-vous-store\/#primaryimage\"},\"image\":{\"@id\":\"https:\/\/rendez-vous-store.com\/shop\/men-selection-discover-our-selection-rendez-vous-store\/accessories-men-rendez-vous-store\/rototo-allrounde-r-merino-r1564-purple-blue-rendez-vous-store\/#primaryimage\"},\"thumbnailUrl\":\"https:\/\/rendez-vous-store.com\/app\/uploads\/2025\/12\/rdv_rototo_05-scaled.webp\",\"datePublished\":\"2025-12-17T09:20:53+00:00\",\"dateModified\":\"2026-03-28T13:36:14+00:00\",\"description\":\"Rototo is on Rendez-vous Store. This Rototo - ALLROUNDE R \\\"MERINO R1564 - PURPLE\/BLUE are the perfect mix of style, comfort, and quality.\",\"breadcrumb\":{\"@id\":\"https:\/\/rendez-vous-store.com\/shop\/men-selection-discover-our-selection-rendez-vous-store\/accessories-men-rendez-vous-store\/rototo-allrounde-r-merino-r1564-purple-blue-rendez-vous-store\/#breadcrumb\"},\"inLanguage\":\"fr-FR\",\"potentialAction\":[{\"@type\":\"ReadAction\",\"target\":[\"https:\/\/rendez-vous-store.com\/shop\/men-selection-discover-our-selection-rendez-vous-store\/accessories-men-rendez-vous-store\/rototo-allrounde-r-merino-r1564-purple-blue-rendez-vous-store\/\"]}]},{\"@type\":\"ImageObject\",\"inLanguage\":\"fr-FR\",\"@id\":\"https:\/\/rendez-vous-store.com\/shop\/men-selection-discover-our-selection-rendez-vous-store\/accessories-men-rendez-vous-store\/rototo-allrounde-r-merino-r1564-purple-blue-rendez-vous-store\/#primaryimage\",\"url\":\"https:\/\/rendez-vous-store.com\/app\/uploads\/2025\/12\/rdv_rototo_05-scaled.webp\",\"contentUrl\":\"https:\/\/rendez-vous-store.com\/app\/uploads\/2025\/12\/rdv_rototo_05-scaled.webp\",\"width\":1696,\"height\":2560},{\"@type\":\"BreadcrumbList\",\"@id\":\"https:\/\/rendez-vous-store.com\/shop\/men-selection-discover-our-selection-rendez-vous-store\/accessories-men-rendez-vous-store\/rototo-allrounde-r-merino-r1564-purple-blue-rendez-vous-store\/#breadcrumb\",\"itemListElement\":[{\"@type\":\"ListItem\",\"position\":1,\"name\":\"Home\",\"item\":\"https:\/\/rendez-vous-store.com\/\"},{\"@type\":\"ListItem\",\"position\":2,\"name\":\"Shop\",\"item\":\"https:\/\/www.rendez-vous-store.com\/shop\/\"},{\"@type\":\"ListItem\",\"position\":3,\"name\":\"Rototo &#8211; ALLROUNDE R &#8220;MERINO R1564 &#8211; PURPLE\/BLUE\"}]},{\"@type\":\"WebSite\",\"@id\":\"https:\/\/rendez-vous-store.com\/#website\",\"url\":\"https:\/\/rendez-vous-store.com\/\",\"name\":\"RENDEZ-VOUS STORE\",\"description\":\"Slow Fashion for Women and Men\",\"potentialAction\":[{\"@type\":\"SearchAction\",\"target\":{\"@type\":\"EntryPoint\",\"urlTemplate\":\"https:\/\/rendez-vous-store.com\/?s={search_term_string}\"},\"query-input\":{\"@type\":\"PropertyValueSpecification\",\"valueRequired\":true,\"valueName\":\"search_term_string\"}}],\"inLanguage\":\"fr-FR\"}]}<\/script>\n<!-- \/ Yoast SEO plugin. -->","yoast_head_json":{"title":"Rototo - ALLROUNDE R \"MERINO R1564 - PURPLE\/BLUE","description":"Rototo is on Rendez-vous Store. This Rototo - ALLROUNDE R \"MERINO R1564 - PURPLE\/BLUE are the perfect mix of style, comfort, and quality.","robots":{"index":"index","follow":"follow","max-snippet":"max-snippet:-1","max-image-preview":"max-image-preview:large","max-video-preview":"max-video-preview:-1"},"canonical":"https:\/\/rendez-vous-store.com\/fr\/shop\/men-selection-discover-our-selection-rendez-vous-store\/accessories-men-rendez-vous-store\/rototo-allrounde-r-merino-r1564-purple-blue-rendez-vous-store\/","og_locale":"fr_FR","og_type":"article","og_title":"Rototo - ALLROUNDE R \"MERINO R1564 - PURPLE\/BLUE","og_description":"Rototo is on Rendez-vous Store. This Rototo - ALLROUNDE R \"MERINO R1564 - PURPLE\/BLUE are the perfect mix of style, comfort, and quality.","og_url":"https:\/\/rendez-vous-store.com\/fr\/shop\/men-selection-discover-our-selection-rendez-vous-store\/accessories-men-rendez-vous-store\/rototo-allrounde-r-merino-r1564-purple-blue-rendez-vous-store\/","og_site_name":"RENDEZ-VOUS STORE","article_modified_time":"2026-03-28T13:36:14+00:00","og_image":[{"width":1696,"height":2560,"url":"https:\/\/rendez-vous-store.com\/app\/uploads\/2025\/12\/rdv_rototo_05-scaled.webp","type":"image\/webp"}],"twitter_card":"summary_large_image","twitter_misc":{"Est. reading time":"1 minute"},"schema":{"@context":"https:\/\/schema.org","@graph":[{"@type":"WebPage","@id":"https:\/\/rendez-vous-store.com\/shop\/men-selection-discover-our-selection-rendez-vous-store\/accessories-men-rendez-vous-store\/rototo-allrounde-r-merino-r1564-purple-blue-rendez-vous-store\/","url":"https:\/\/rendez-vous-store.com\/shop\/men-selection-discover-our-selection-rendez-vous-store\/accessories-men-rendez-vous-store\/rototo-allrounde-r-merino-r1564-purple-blue-rendez-vous-store\/","name":"Rototo - ALLROUNDE R \"MERINO R1564 - PURPLE\/BLUE","isPartOf":{"@id":"https:\/\/rendez-vous-store.com\/#website"},"primaryImageOfPage":{"@id":"https:\/\/rendez-vous-store.com\/shop\/men-selection-discover-our-selection-rendez-vous-store\/accessories-men-rendez-vous-store\/rototo-allrounde-r-merino-r1564-purple-blue-rendez-vous-store\/#primaryimage"},"image":{"@id":"https:\/\/rendez-vous-store.com\/shop\/men-selection-discover-our-selection-rendez-vous-store\/accessories-men-rendez-vous-store\/rototo-allrounde-r-merino-r1564-purple-blue-rendez-vous-store\/#primaryimage"},"thumbnailUrl":"https:\/\/rendez-vous-store.com\/app\/uploads\/2025\/12\/rdv_rototo_05-scaled.webp","datePublished":"2025-12-17T09:20:53+00:00","dateModified":"2026-03-28T13:36:14+00:00","description":"Rototo is on Rendez-vous Store. This Rototo - ALLROUNDE R \"MERINO R1564 - PURPLE\/BLUE are the perfect mix of style, comfort, and quality.","breadcrumb":{"@id":"https:\/\/rendez-vous-store.com\/shop\/men-selection-discover-our-selection-rendez-vous-store\/accessories-men-rendez-vous-store\/rototo-allrounde-r-merino-r1564-purple-blue-rendez-vous-store\/#breadcrumb"},"inLanguage":"fr-FR","potentialAction":[{"@type":"ReadAction","target":["https:\/\/rendez-vous-store.com\/shop\/men-selection-discover-our-selection-rendez-vous-store\/accessories-men-rendez-vous-store\/rototo-allrounde-r-merino-r1564-purple-blue-rendez-vous-store\/"]}]},{"@type":"ImageObject","inLanguage":"fr-FR","@id":"https:\/\/rendez-vous-store.com\/shop\/men-selection-discover-our-selection-rendez-vous-store\/accessories-men-rendez-vous-store\/rototo-allrounde-r-merino-r1564-purple-blue-rendez-vous-store\/#primaryimage","url":"https:\/\/rendez-vous-store.com\/app\/uploads\/2025\/12\/rdv_rototo_05-scaled.webp","contentUrl":"https:\/\/rendez-vous-store.com\/app\/uploads\/2025\/12\/rdv_rototo_05-scaled.webp","width":1696,"height":2560},{"@type":"BreadcrumbList","@id":"https:\/\/rendez-vous-store.com\/shop\/men-selection-discover-our-selection-rendez-vous-store\/accessories-men-rendez-vous-store\/rototo-allrounde-r-merino-r1564-purple-blue-rendez-vous-store\/#breadcrumb","itemListElement":[{"@type":"ListItem","position":1,"name":"Home","item":"https:\/\/rendez-vous-store.com\/"},{"@type":"ListItem","position":2,"name":"Shop","item":"https:\/\/www.rendez-vous-store.com\/shop\/"},{"@type":"ListItem","position":3,"name":"Rototo &#8211; ALLROUNDE R &#8220;MERINO R1564 &#8211; PURPLE\/BLUE"}]},{"@type":"WebSite","@id":"https:\/\/rendez-vous-store.com\/#website","url":"https:\/\/rendez-vous-store.com\/","name":"RENDEZ-VOUS STORE","description":"Slow Fashion for Women and Men","potentialAction":[{"@type":"SearchAction","target":{"@type":"EntryPoint","urlTemplate":"https:\/\/rendez-vous-store.com\/?s={search_term_string}"},"query-input":{"@type":"PropertyValueSpecification","valueRequired":true,"valueName":"search_term_string"}}],"inLanguage":"fr-FR"}]}},"_links":{"self":[{"href":"https:\/\/rendez-vous-store.com\/fr\/wp-json\/wp\/v2\/product\/228391","targetHints":{"allow":["GET"]}}],"collection":[{"href":"https:\/\/rendez-vous-store.com\/fr\/wp-json\/wp\/v2\/product"}],"about":[{"href":"https:\/\/rendez-vous-store.com\/fr\/wp-json\/wp\/v2\/types\/product"}],"wp:featuredmedia":[{"embeddable":true,"href":"https:\/\/rendez-vous-store.com\/fr\/wp-json\/wp\/v2\/media\/228867"}],"wp:attachment":[{"href":"https:\/\/rendez-vous-store.com\/fr\/wp-json\/wp\/v2\/media?parent=228391"}],"wp:term":[{"taxonomy":"product_brand","embeddable":true,"href":"https:\/\/rendez-vous-store.com\/fr\/wp-json\/wp\/v2\/product_brand?post=228391"},{"taxonomy":"product_cat","embeddable":true,"href":"https:\/\/rendez-vous-store.com\/fr\/wp-json\/wp\/v2\/product_cat?post=228391"},{"taxonomy":"product_tag","embeddable":true,"href":"https:\/\/rendez-vous-store.com\/fr\/wp-json\/wp\/v2\/product_tag?post=228391"}],"curies":[{"name":"wp","href":"https:\/\/api.w.org\/{rel}","templated":true}]}}