{"id":227245,"date":"2025-12-11T12:23:37","date_gmt":"2025-12-11T11:23:37","guid":{"rendered":"https:\/\/rendez-vous-store.com\/?post_type=product&#038;p=227245"},"modified":"2026-03-16T19:41:02","modified_gmt":"2026-03-16T18:41:02","slug":"cableami-70s-wool-shaggy-check-scarf-017-25aw-navy-grey-rendez-vous-store","status":"publish","type":"product","link":"https:\/\/rendez-vous-store.com\/fr\/shop\/men-selection-discover-our-selection-rendez-vous-store\/hats-scarves-discover-our-selection-rendez-vous-store\/cableami-70s-wool-shaggy-check-scarf-017-25aw-navy-grey-rendez-vous-store\/","title":{"rendered":"C\u00e2bleami \u2013 foulard \u00e0 franges en 70\u2019s wool shaggy check 017-25AW \u2013 bleu marine\/gris"},"content":{"rendered":"<p><strong>C\u00e2bleami \u2013 foulard \u00e0 franges en 70\u2019s wool shaggy check 017-25AW \u2013 bleu marine\/gris<\/strong><\/p>\n<p>Couleur : Marine\/Gris<\/p>\n<p>\u00c9charpe r\u00e9versible<\/p>\n<p>Est li\u00e9e gr\u00e2ce au trou fait pour<\/p>\n<p>Composition : 73% Laine, 20% Nylon, 7% Alpaga \/ Dos : 77%<\/p>\n<p>Fabriqu\u00e9 au Japon<\/p>\n<p>&nbsp;<\/p>\n<p><strong>L'\u00e9charpe\u00a0<\/strong><\/p>\n<p data-start=\"17\" data-end=\"485\">Le <strong>C\u00e2bleami \u2013 \u00c9charpe \u00e0 carreaux shaggy en laine des ann\u00e9es 70 017-25AW \u2013 Bleu marine\/Gris<\/strong> propose une interpr\u00e9tation raffin\u00e9e d'un design d'inspiration vintage \u00e0 travers un accessoire polyvalent et soigneusement con\u00e7u. Pour commencer, le motif \u00e0 carreaux bleu marine et gris cr\u00e9e un contraste \u00e9quilibr\u00e9 et discret, intemporel et facilement adaptable \u00e0 une large gamme de manteaux. De plus, la texture de laine shaggy apporte de la profondeur et de la douceur, conf\u00e9rant \u00e0 l'\u00e9charpe une riche qualit\u00e9 tactile et une chaleur visuelle.<\/p>\n<p data-start=\"487\" data-end=\"1019\">De plus, la construction en laine de haute qualit\u00e9 assure une isolation efficace, offrant un confort durable tout au long des saisons froides sans compromettre la respirabilit\u00e9. Par cons\u00e9quent, le foulard se drape naturellement autour du cou, permettant un style flexible, de la superposition d\u00e9contract\u00e9e aux looks plus structur\u00e9s. En outre, la palette de couleurs sobres renforce la polyvalence, rendant la pi\u00e8ce adapt\u00e9e aussi bien au quotidien qu'aux ensembles plus raffin\u00e9s. En cons\u00e9quence, ce foulard allie avec succ\u00e8s confort, fonctionnalit\u00e9 et \u00e9l\u00e9gance subtile.<\/p>\n<p data-start=\"1021\" data-end=\"1205\">En fin de compte, l'\u00e9charpe \u00e0 carreaux shaggy en laine des ann\u00e9es 70, dans les tons bleu marine\/gris, offre chaleur, caract\u00e8re et un style durable, parfaitement en phase avec l'engagement de C\u00e2bleami envers l'artisanat et le design intemporel.<\/p>\n<p data-start=\"916\" data-end=\"1078\"><strong>La marque<\/strong><\/p>\n<p data-start=\"1100\" data-end=\"1439\">C\u00e2bleami est une marque japonaise profond\u00e9ment ancr\u00e9e dans l'artisanat, le patrimoine et l'authenticit\u00e9 des mat\u00e9riaux. Par une exploration continue des techniques de tricot traditionnelles et des fibres naturelles, la marque cr\u00e9e des accessoires qui allient fonctionnalit\u00e9 et esth\u00e9tique raffin\u00e9e. Par cons\u00e9quent, chaque pi\u00e8ce exprime le soin, l'intention et une qualit\u00e9 durable.<\/p>\n<p data-start=\"1441\" data-end=\"1700\">De plus, C\u00e2bleami privil\u00e9gie une production lente et un design r\u00e9fl\u00e9chi, permettant aux produits de vieillir magnifiquement avec le temps. Ainsi, la marque propose des accessoires qui semblent \u00e0 la fois familiers et distinctifs, con\u00e7us pour accompagner le quotidien avec confort et fiabilit\u00e9.<\/p>\n<p data-start=\"1441\" data-end=\"1700\"><strong>La Collection<\/strong><\/p>\n<p data-start=\"1727\" data-end=\"2019\">Les collections C\u00e2bleami se concentrent sur la texture, la chaleur et les r\u00e9f\u00e9rences subtiles aux styles classiques. Chaque saison, la marque revisite des accessoires intemporels, affinant les proportions, les mat\u00e9riaux et les finitions pour am\u00e9liorer \u00e0 la fois le confort et la durabilit\u00e9. Par cons\u00e9quent, chaque article donne une impression d'utilit\u00e9 et est naturellement portable.<\/p>\n<p data-start=\"2021\" data-end=\"2298\" data-is-last-node=\"\" data-is-only-node=\"\">De plus, l'utilisation constante de laine de haute qualit\u00e9 et de techniques traditionnelles garantit une performance et un caract\u00e8re durables. Au final, les collections soutiennent une approche r\u00e9fl\u00e9chie de l'habillement, offrant des accessoires qui allient h\u00e9ritage, praticit\u00e9 et style discret.<\/p>","protected":false},"excerpt":{"rendered":"<p>C\u00e2bleami &#8211; 70&#8217;s WOOL SHAGGY CHECK SCARF 017-25AW &#8211; Navy\/grey Color: Navy\/Grey Reversible scarf Is tied thanks to the hole made for Composition: 73% Wool, 20% Nylon, 7% Alpaca \/ Reverse side: 77% Made in Japan &nbsp; The Scarf\u00a0 The C\u00e2bleami \u2013 70\u2019s Wool Shaggy Check Scarf 017-25AW \u2013 Navy\/Grey offers a refined interpretation of&hellip; <a class=\"more-link\" href=\"https:\/\/rendez-vous-store.com\/fr\/shop\/men-selection-discover-our-selection-rendez-vous-store\/hats-scarves-discover-our-selection-rendez-vous-store\/cableami-70s-wool-shaggy-check-scarf-017-25aw-navy-grey-rendez-vous-store\/\">Continuer la lecture <span class=\"screen-reader-text\">C\u00e2bleami \u2013 foulard \u00e0 franges en 70\u2019s wool shaggy check 017-25AW \u2013 bleu marine\/gris<\/span><\/a><\/p>","protected":false},"featured_media":228277,"template":"","meta":{"_acf_changed":false},"product_brand":[],"product_cat":[20,1059,299],"product_tag":[300],"class_list":{"0":"post-227245","1":"product","2":"type-product","3":"status-publish","4":"has-post-thumbnail","6":"product_cat-men-selection-discover-our-selection-rendez-vous-store","7":"product_cat-new-men-rendez-vous-store","8":"product_cat-hats-scarves-discover-our-selection-rendez-vous-store","9":"product_tag-cableami","10":"entry","12":"first","13":"outofstock","14":"taxable","15":"shipping-taxable","16":"product-type-variable"},"acf":[],"yoast_head":"<!-- This site is optimized with the Yoast SEO plugin v24.9 - https:\/\/yoast.com\/wordpress\/plugins\/seo\/ -->\n<title>C\u00e2bleami 70&#039;s WOOL SHAGGY CHECK SCARF 017-25AW Navy\/grey<\/title>\n<meta name=\"description\" content=\"This C\u00e2bleami - 70&#039;s WOOL SHAGGY CHECK SCARF 017-25AW - Navy\/grey is crafted with meticulous attention to detail. Perfect for any season.\" \/>\n<meta name=\"robots\" content=\"index, follow, max-snippet:-1, max-image-preview:large, max-video-preview:-1\" \/>\n<link rel=\"canonical\" href=\"https:\/\/rendez-vous-store.com\/fr\/shop\/men-selection-discover-our-selection-rendez-vous-store\/hats-scarves-discover-our-selection-rendez-vous-store\/cableami-70s-wool-shaggy-check-scarf-017-25aw-navy-grey-rendez-vous-store\/\" \/>\n<meta property=\"og:locale\" content=\"fr_FR\" \/>\n<meta property=\"og:type\" content=\"article\" \/>\n<meta property=\"og:title\" content=\"C\u00e2bleami 70&#039;s WOOL SHAGGY CHECK SCARF 017-25AW Navy\/grey\" \/>\n<meta property=\"og:description\" content=\"This C\u00e2bleami - 70&#039;s WOOL SHAGGY CHECK SCARF 017-25AW - Navy\/grey is crafted with meticulous attention to detail. Perfect for any season.\" \/>\n<meta property=\"og:url\" content=\"https:\/\/rendez-vous-store.com\/fr\/shop\/men-selection-discover-our-selection-rendez-vous-store\/hats-scarves-discover-our-selection-rendez-vous-store\/cableami-70s-wool-shaggy-check-scarf-017-25aw-navy-grey-rendez-vous-store\/\" \/>\n<meta property=\"og:site_name\" content=\"RENDEZ-VOUS STORE\" \/>\n<meta property=\"article:modified_time\" content=\"2026-03-16T18:41:02+00:00\" \/>\n<meta property=\"og:image\" content=\"https:\/\/rendez-vous-store.com\/app\/uploads\/2025\/12\/IMG_8277_11zon-scaled.webp\" \/>\n\t<meta property=\"og:image:width\" content=\"1707\" \/>\n\t<meta property=\"og:image:height\" content=\"2560\" \/>\n\t<meta property=\"og:image:type\" content=\"image\/webp\" \/>\n<meta name=\"twitter:card\" content=\"summary_large_image\" \/>\n<meta name=\"twitter:label1\" content=\"Est. reading time\" \/>\n\t<meta name=\"twitter:data1\" content=\"2 minutes\" \/>\n<script type=\"application\/ld+json\" class=\"yoast-schema-graph\">{\"@context\":\"https:\/\/schema.org\",\"@graph\":[{\"@type\":\"WebPage\",\"@id\":\"https:\/\/rendez-vous-store.com\/shop\/men-selection-discover-our-selection-rendez-vous-store\/hats-scarves-discover-our-selection-rendez-vous-store\/cableami-70s-wool-shaggy-check-scarf-017-25aw-navy-grey-rendez-vous-store\/\",\"url\":\"https:\/\/rendez-vous-store.com\/shop\/men-selection-discover-our-selection-rendez-vous-store\/hats-scarves-discover-our-selection-rendez-vous-store\/cableami-70s-wool-shaggy-check-scarf-017-25aw-navy-grey-rendez-vous-store\/\",\"name\":\"C\u00e2bleami 70's WOOL SHAGGY CHECK SCARF 017-25AW Navy\/grey\",\"isPartOf\":{\"@id\":\"https:\/\/rendez-vous-store.com\/#website\"},\"primaryImageOfPage\":{\"@id\":\"https:\/\/rendez-vous-store.com\/shop\/men-selection-discover-our-selection-rendez-vous-store\/hats-scarves-discover-our-selection-rendez-vous-store\/cableami-70s-wool-shaggy-check-scarf-017-25aw-navy-grey-rendez-vous-store\/#primaryimage\"},\"image\":{\"@id\":\"https:\/\/rendez-vous-store.com\/shop\/men-selection-discover-our-selection-rendez-vous-store\/hats-scarves-discover-our-selection-rendez-vous-store\/cableami-70s-wool-shaggy-check-scarf-017-25aw-navy-grey-rendez-vous-store\/#primaryimage\"},\"thumbnailUrl\":\"https:\/\/rendez-vous-store.com\/app\/uploads\/2025\/12\/IMG_8277_11zon-scaled.webp\",\"datePublished\":\"2025-12-11T11:23:37+00:00\",\"dateModified\":\"2026-03-16T18:41:02+00:00\",\"description\":\"This C\u00e2bleami - 70's WOOL SHAGGY CHECK SCARF 017-25AW - Navy\/grey is crafted with meticulous attention to detail. Perfect for any season.\",\"breadcrumb\":{\"@id\":\"https:\/\/rendez-vous-store.com\/shop\/men-selection-discover-our-selection-rendez-vous-store\/hats-scarves-discover-our-selection-rendez-vous-store\/cableami-70s-wool-shaggy-check-scarf-017-25aw-navy-grey-rendez-vous-store\/#breadcrumb\"},\"inLanguage\":\"fr-FR\",\"potentialAction\":[{\"@type\":\"ReadAction\",\"target\":[\"https:\/\/rendez-vous-store.com\/shop\/men-selection-discover-our-selection-rendez-vous-store\/hats-scarves-discover-our-selection-rendez-vous-store\/cableami-70s-wool-shaggy-check-scarf-017-25aw-navy-grey-rendez-vous-store\/\"]}]},{\"@type\":\"ImageObject\",\"inLanguage\":\"fr-FR\",\"@id\":\"https:\/\/rendez-vous-store.com\/shop\/men-selection-discover-our-selection-rendez-vous-store\/hats-scarves-discover-our-selection-rendez-vous-store\/cableami-70s-wool-shaggy-check-scarf-017-25aw-navy-grey-rendez-vous-store\/#primaryimage\",\"url\":\"https:\/\/rendez-vous-store.com\/app\/uploads\/2025\/12\/IMG_8277_11zon-scaled.webp\",\"contentUrl\":\"https:\/\/rendez-vous-store.com\/app\/uploads\/2025\/12\/IMG_8277_11zon-scaled.webp\",\"width\":1707,\"height\":2560,\"caption\":\"C\u00e2bleami - 70's WOOL SHAGGY CHECK SCARF 017-25AW - Navy\/grey\"},{\"@type\":\"BreadcrumbList\",\"@id\":\"https:\/\/rendez-vous-store.com\/shop\/men-selection-discover-our-selection-rendez-vous-store\/hats-scarves-discover-our-selection-rendez-vous-store\/cableami-70s-wool-shaggy-check-scarf-017-25aw-navy-grey-rendez-vous-store\/#breadcrumb\",\"itemListElement\":[{\"@type\":\"ListItem\",\"position\":1,\"name\":\"Home\",\"item\":\"https:\/\/rendez-vous-store.com\/\"},{\"@type\":\"ListItem\",\"position\":2,\"name\":\"Shop\",\"item\":\"https:\/\/www.rendez-vous-store.com\/shop\/\"},{\"@type\":\"ListItem\",\"position\":3,\"name\":\"C\u00e2bleami &#8211; 70&#8217;s WOOL SHAGGY CHECK SCARF 017-25AW &#8211; Navy\/grey\"}]},{\"@type\":\"WebSite\",\"@id\":\"https:\/\/rendez-vous-store.com\/#website\",\"url\":\"https:\/\/rendez-vous-store.com\/\",\"name\":\"RENDEZ-VOUS STORE\",\"description\":\"Slow Fashion for Women and Men\",\"potentialAction\":[{\"@type\":\"SearchAction\",\"target\":{\"@type\":\"EntryPoint\",\"urlTemplate\":\"https:\/\/rendez-vous-store.com\/?s={search_term_string}\"},\"query-input\":{\"@type\":\"PropertyValueSpecification\",\"valueRequired\":true,\"valueName\":\"search_term_string\"}}],\"inLanguage\":\"fr-FR\"}]}<\/script>\n<!-- \/ Yoast SEO plugin. -->","yoast_head_json":{"title":"C\u00e2bleami 70's WOOL SHAGGY CHECK SCARF 017-25AW Navy\/grey","description":"This C\u00e2bleami - 70's WOOL SHAGGY CHECK SCARF 017-25AW - Navy\/grey is crafted with meticulous attention to detail. Perfect for any season.","robots":{"index":"index","follow":"follow","max-snippet":"max-snippet:-1","max-image-preview":"max-image-preview:large","max-video-preview":"max-video-preview:-1"},"canonical":"https:\/\/rendez-vous-store.com\/fr\/shop\/men-selection-discover-our-selection-rendez-vous-store\/hats-scarves-discover-our-selection-rendez-vous-store\/cableami-70s-wool-shaggy-check-scarf-017-25aw-navy-grey-rendez-vous-store\/","og_locale":"fr_FR","og_type":"article","og_title":"C\u00e2bleami 70's WOOL SHAGGY CHECK SCARF 017-25AW Navy\/grey","og_description":"This C\u00e2bleami - 70's WOOL SHAGGY CHECK SCARF 017-25AW - Navy\/grey is crafted with meticulous attention to detail. Perfect for any season.","og_url":"https:\/\/rendez-vous-store.com\/fr\/shop\/men-selection-discover-our-selection-rendez-vous-store\/hats-scarves-discover-our-selection-rendez-vous-store\/cableami-70s-wool-shaggy-check-scarf-017-25aw-navy-grey-rendez-vous-store\/","og_site_name":"RENDEZ-VOUS STORE","article_modified_time":"2026-03-16T18:41:02+00:00","og_image":[{"width":1707,"height":2560,"url":"https:\/\/rendez-vous-store.com\/app\/uploads\/2025\/12\/IMG_8277_11zon-scaled.webp","type":"image\/webp"}],"twitter_card":"summary_large_image","twitter_misc":{"Est. reading time":"2 minutes"},"schema":{"@context":"https:\/\/schema.org","@graph":[{"@type":"WebPage","@id":"https:\/\/rendez-vous-store.com\/shop\/men-selection-discover-our-selection-rendez-vous-store\/hats-scarves-discover-our-selection-rendez-vous-store\/cableami-70s-wool-shaggy-check-scarf-017-25aw-navy-grey-rendez-vous-store\/","url":"https:\/\/rendez-vous-store.com\/shop\/men-selection-discover-our-selection-rendez-vous-store\/hats-scarves-discover-our-selection-rendez-vous-store\/cableami-70s-wool-shaggy-check-scarf-017-25aw-navy-grey-rendez-vous-store\/","name":"C\u00e2bleami 70's WOOL SHAGGY CHECK SCARF 017-25AW Navy\/grey","isPartOf":{"@id":"https:\/\/rendez-vous-store.com\/#website"},"primaryImageOfPage":{"@id":"https:\/\/rendez-vous-store.com\/shop\/men-selection-discover-our-selection-rendez-vous-store\/hats-scarves-discover-our-selection-rendez-vous-store\/cableami-70s-wool-shaggy-check-scarf-017-25aw-navy-grey-rendez-vous-store\/#primaryimage"},"image":{"@id":"https:\/\/rendez-vous-store.com\/shop\/men-selection-discover-our-selection-rendez-vous-store\/hats-scarves-discover-our-selection-rendez-vous-store\/cableami-70s-wool-shaggy-check-scarf-017-25aw-navy-grey-rendez-vous-store\/#primaryimage"},"thumbnailUrl":"https:\/\/rendez-vous-store.com\/app\/uploads\/2025\/12\/IMG_8277_11zon-scaled.webp","datePublished":"2025-12-11T11:23:37+00:00","dateModified":"2026-03-16T18:41:02+00:00","description":"This C\u00e2bleami - 70's WOOL SHAGGY CHECK SCARF 017-25AW - Navy\/grey is crafted with meticulous attention to detail. Perfect for any season.","breadcrumb":{"@id":"https:\/\/rendez-vous-store.com\/shop\/men-selection-discover-our-selection-rendez-vous-store\/hats-scarves-discover-our-selection-rendez-vous-store\/cableami-70s-wool-shaggy-check-scarf-017-25aw-navy-grey-rendez-vous-store\/#breadcrumb"},"inLanguage":"fr-FR","potentialAction":[{"@type":"ReadAction","target":["https:\/\/rendez-vous-store.com\/shop\/men-selection-discover-our-selection-rendez-vous-store\/hats-scarves-discover-our-selection-rendez-vous-store\/cableami-70s-wool-shaggy-check-scarf-017-25aw-navy-grey-rendez-vous-store\/"]}]},{"@type":"ImageObject","inLanguage":"fr-FR","@id":"https:\/\/rendez-vous-store.com\/shop\/men-selection-discover-our-selection-rendez-vous-store\/hats-scarves-discover-our-selection-rendez-vous-store\/cableami-70s-wool-shaggy-check-scarf-017-25aw-navy-grey-rendez-vous-store\/#primaryimage","url":"https:\/\/rendez-vous-store.com\/app\/uploads\/2025\/12\/IMG_8277_11zon-scaled.webp","contentUrl":"https:\/\/rendez-vous-store.com\/app\/uploads\/2025\/12\/IMG_8277_11zon-scaled.webp","width":1707,"height":2560,"caption":"C\u00e2bleami - 70's WOOL SHAGGY CHECK SCARF 017-25AW - Navy\/grey"},{"@type":"BreadcrumbList","@id":"https:\/\/rendez-vous-store.com\/shop\/men-selection-discover-our-selection-rendez-vous-store\/hats-scarves-discover-our-selection-rendez-vous-store\/cableami-70s-wool-shaggy-check-scarf-017-25aw-navy-grey-rendez-vous-store\/#breadcrumb","itemListElement":[{"@type":"ListItem","position":1,"name":"Home","item":"https:\/\/rendez-vous-store.com\/"},{"@type":"ListItem","position":2,"name":"Shop","item":"https:\/\/www.rendez-vous-store.com\/shop\/"},{"@type":"ListItem","position":3,"name":"C\u00e2bleami &#8211; 70&#8217;s WOOL SHAGGY CHECK SCARF 017-25AW &#8211; Navy\/grey"}]},{"@type":"WebSite","@id":"https:\/\/rendez-vous-store.com\/#website","url":"https:\/\/rendez-vous-store.com\/","name":"RENDEZ-VOUS STORE","description":"Slow Fashion for Women and Men","potentialAction":[{"@type":"SearchAction","target":{"@type":"EntryPoint","urlTemplate":"https:\/\/rendez-vous-store.com\/?s={search_term_string}"},"query-input":{"@type":"PropertyValueSpecification","valueRequired":true,"valueName":"search_term_string"}}],"inLanguage":"fr-FR"}]}},"_links":{"self":[{"href":"https:\/\/rendez-vous-store.com\/fr\/wp-json\/wp\/v2\/product\/227245","targetHints":{"allow":["GET"]}}],"collection":[{"href":"https:\/\/rendez-vous-store.com\/fr\/wp-json\/wp\/v2\/product"}],"about":[{"href":"https:\/\/rendez-vous-store.com\/fr\/wp-json\/wp\/v2\/types\/product"}],"wp:featuredmedia":[{"embeddable":true,"href":"https:\/\/rendez-vous-store.com\/fr\/wp-json\/wp\/v2\/media\/228277"}],"wp:attachment":[{"href":"https:\/\/rendez-vous-store.com\/fr\/wp-json\/wp\/v2\/media?parent=227245"}],"wp:term":[{"taxonomy":"product_brand","embeddable":true,"href":"https:\/\/rendez-vous-store.com\/fr\/wp-json\/wp\/v2\/product_brand?post=227245"},{"taxonomy":"product_cat","embeddable":true,"href":"https:\/\/rendez-vous-store.com\/fr\/wp-json\/wp\/v2\/product_cat?post=227245"},{"taxonomy":"product_tag","embeddable":true,"href":"https:\/\/rendez-vous-store.com\/fr\/wp-json\/wp\/v2\/product_tag?post=227245"}],"curies":[{"name":"wp","href":"https:\/\/api.w.org\/{rel}","templated":true}]}}