{"id":226604,"date":"2025-12-09T15:31:31","date_gmt":"2025-12-09T14:31:31","guid":{"rendered":"https:\/\/rendez-vous-store.com\/?post_type=product&#038;p=226604"},"modified":"2026-03-16T19:38:26","modified_gmt":"2026-03-16T18:38:26","slug":"yoko-sakamoto-5pocket-baggy-pants-kakishibu-rendez-vous-store","status":"publish","type":"product","link":"https:\/\/rendez-vous-store.com\/fr\/shop\/men-selection-discover-our-selection-rendez-vous-store\/trousers-shorts-rendez-vous-store\/yoko-sakamoto-5pocket-baggy-pants-kakishibu-rendez-vous-store\/","title":{"rendered":"Yoko Sakamoto \u2013 Pantalon ample 5 poches \u2013 KAKISHIBU"},"content":{"rendered":"<p><strong>Yoko Sakamoto \u2013 Pantalon ample 5 poches \u2013 KAKISHIBU<\/strong><\/p>\n<p>Couleur : KAKISHIBU<\/p>\n<p>Fermeture par boutons<\/p>\n<p>Deux poches lat\u00e9rales<\/p>\n<p>Deux poches arri\u00e8re<\/p>\n<p>Composition : 100% Coton<\/p>\n<p>Fabriqu\u00e9 au Japon<\/p>\n<p>&nbsp;<\/p>\n<p><strong>Le Pantalon<\/strong><\/p>\n<p data-start=\"195\" data-end=\"620\">Le <strong data-start=\"199\" data-end=\"250\">YOKO SAKAMOTO \u2013 Pantalon ample 5 poches \u2013 Kakishibu<\/strong> Combine un volume d\u00e9contract\u00e9 avec un sens raffin\u00e9 de l'utilit\u00e9 quotidienne. Leur silhouette l\u00e9g\u00e8rement \u00e9vas\u00e9e cr\u00e9e une ligne fluide et architecturale qui tombe avec intention tout en offrant un confort exceptionnel en mouvement. De plus, le tissu robuste mais souple apporte de la structure sans raideur, permettant au pantalon de conserver sa forme tout en s'adoucissant magnifiquement \u00e0 l'usage.<\/p>\n<p data-start=\"622\" data-end=\"947\">Le Kakishibu, un ton inspir\u00e9 des teintures traditionnelles japonaises, introduit une profondeur chaleureuse et terreuse qui \u00e9volue subtilement avec la lumi\u00e8re et le temps. De plus, cette couleur nuanc\u00e9e rehausse la texture naturelle du v\u00eatement, faisant de ce pantalon une pi\u00e8ce distinctive et sans effort qui s'associe harmonieusement \u00e0 des superpositions neutres ou \u00e0 des silhouettes plus expressives.<\/p>\n<p data-start=\"949\" data-end=\"1183\">Par cons\u00e9quent, ce pantalon ample rehausse le quotidien gr\u00e2ce \u00e0 son \u00e9quilibre entre aisance, caract\u00e8re et sophistication discr\u00e8te. Il reste polyvalent, durable et ind\u00e9niablement align\u00e9 avec la philosophie de design de Yoko Sakamoto.<\/p>\n<p data-start=\"949\" data-end=\"1183\"><a href=\"https:\/\/rendez-vous-store.com\/fr\/shop\/rdvs-selection-discover-our-current-selection-rendez-vous-store\/rdvs-selection-men-rendez-vous-store-rendez-vous-store\/tanaka-men-the-boxy-tee-white-rendez-vous-store\/\">Nous aimons le voir port\u00e9 avec<\/a><\/p>\n<p>&nbsp;<\/p>\n<p data-start=\"934\" data-end=\"1187\"><strong>La marque<\/strong><\/p>\n<p data-start=\"1136\" data-end=\"1527\">YOKO SAKAMOTO adopte une philosophie de conception intuitive fond\u00e9e sur des formes pures, des mat\u00e9riaux honn\u00eates et un sens aigu de l'artisanat. La marque privil\u00e9gie les tissus naturels, durables et expressifs, choisis pour leur richesse tactile et leur capacit\u00e9 \u00e0 vieillir en beaut\u00e9 avec le temps. De plus, chaque v\u00eatement refl\u00e8te un engagement de fabrication artisanale, privil\u00e9giant la simplicit\u00e9 consciente \u00e0 l'exc\u00e8s d\u00e9coratif.<\/p>\n<p data-start=\"1529\" data-end=\"1809\">YOKO SAKAMOTO adh\u00e8re \u00e9galement \u00e0 des m\u00e9thodes de production lentes et intentionnelles, garantissant des pi\u00e8ces qui \u00e9voluent de mani\u00e8re significative avec une utilisation \u00e0 long terme. En outre, les coupes pr\u00e9cises, les volumes contr\u00f4l\u00e9s et les d\u00e9tails discrets de la marque fa\u00e7onnent une identit\u00e9 visuelle d\u00e9finie par le calme, la clart\u00e9 et le raffinement tranquille.<\/p>\n<p data-start=\"1811\" data-end=\"1964\">Par cons\u00e9quent, YOKO SAKAMOTO propose une garde-robe durable, po\u00e9tique et profond\u00e9ment personnelle, encourageant une relation consciente et durable avec le v\u00eatement.<\/p>\n<p data-start=\"1811\" data-end=\"1964\">\n<p data-start=\"1811\" data-end=\"1964\">\n<p data-start=\"1811\" data-end=\"1964\"><strong>La Collection<\/strong><\/p>\n<p data-start=\"1990\" data-end=\"2364\">Les collections de YOKO SAKAMOTO explorent la relation entre l\u2019artisanat traditionnel, les mat\u00e9riaux nobles et une recherche constante du confort. Chaque saison pr\u00e9sente des v\u00eatements con\u00e7us pour accompagner la vie quotidienne avec aisance naturelle, fluidit\u00e9 et profondeur. De plus, les textures soigneusement choisies \u2013 qu'elles soient compactes, granuleuses ou doucement structur\u00e9es \u2013 conf\u00e8rent \u00e0 chaque pi\u00e8ce une pr\u00e9sence r\u00e9solument tactile.<\/p>\n<p data-start=\"2366\" data-end=\"2651\">Les silhouettes allient structure et d\u00e9contraction, ce qui permet d'infinies possibilit\u00e9s de superpositions adapt\u00e9es aux climats et aux humeurs changeantes. En outre, les tons terreux, les lignes \u00e9pur\u00e9es et les finitions pr\u00e9cises cr\u00e9ent un univers coh\u00e9rent dans lequel chaque d\u00e9tail contribue \u00e0 un ensemble serein et harmonieux.<\/p>\n<p data-start=\"2653\" data-end=\"2882\">Par cons\u00e9quent, YOKO SAKAMOTO pr\u00e9sente une esth\u00e9tique durable, centr\u00e9e sur l'homme et fond\u00e9e sur l'honn\u00eatet\u00e9 des mat\u00e9riaux. Chaque pi\u00e8ce est empreinte d'une sophistication tranquille, fa\u00e7onn\u00e9e par la fonctionnalit\u00e9, la simplicit\u00e9 et une rare sensibilit\u00e9 artisanale.<\/p>","protected":false},"excerpt":{"rendered":"<p>Yoko Sakamoto &#8211; 5POCKET BAGGY PANTS &#8211; KAKISHIBU Color: KAKISHIBU Buttons Closure Two Side Pockets Two Back Pockets Composition: 100% Cotton Made In Japan &nbsp; The Pants The YOKO SAKAMOTO &#8211; 5Pocket Baggy Pants &#8211; Kakishibu combine relaxed volume with a refined sense of everyday utility. Their gently widened silhouette creates a fluid, architectural line&hellip; <a class=\"more-link\" href=\"https:\/\/rendez-vous-store.com\/fr\/shop\/men-selection-discover-our-selection-rendez-vous-store\/trousers-shorts-rendez-vous-store\/yoko-sakamoto-5pocket-baggy-pants-kakishibu-rendez-vous-store\/\">Continuer la lecture <span class=\"screen-reader-text\">Yoko Sakamoto \u2013 Pantalon ample 5 poches \u2013 KAKISHIBU<\/span><\/a><\/p>","protected":false},"featured_media":227073,"template":"","meta":{"_acf_changed":false},"product_brand":[],"product_cat":[20,73],"product_tag":[1455],"class_list":{"0":"post-226604","1":"product","2":"type-product","3":"status-publish","4":"has-post-thumbnail","6":"product_cat-men-selection-discover-our-selection-rendez-vous-store","7":"product_cat-trousers-shorts-rendez-vous-store","8":"product_tag-yoko-sakamoto","9":"entry","11":"first","12":"instock","13":"taxable","14":"shipping-taxable","15":"purchasable","16":"product-type-variable"},"acf":[],"yoast_head":"<!-- This site is optimized with the Yoast SEO plugin v24.9 - https:\/\/yoast.com\/wordpress\/plugins\/seo\/ -->\n<title>Yoko Sakamoto - 5POCKET BAGGY PANTS - KAKISHIBU<\/title>\n<meta name=\"description\" content=\"This Yoko Sakamoto 5POCKET BAGGY PANTS KAKISHIBU reflects a commitment to artisanal making, favoring conscious simplicity over decorative excess.\" \/>\n<meta name=\"robots\" content=\"index, follow, max-snippet:-1, max-image-preview:large, max-video-preview:-1\" \/>\n<link rel=\"canonical\" href=\"https:\/\/rendez-vous-store.com\/fr\/shop\/men-selection-discover-our-selection-rendez-vous-store\/trousers-shorts-rendez-vous-store\/yoko-sakamoto-5pocket-baggy-pants-kakishibu-rendez-vous-store\/\" \/>\n<meta property=\"og:locale\" content=\"fr_FR\" \/>\n<meta property=\"og:type\" content=\"article\" \/>\n<meta property=\"og:title\" content=\"Yoko Sakamoto - 5POCKET BAGGY PANTS - KAKISHIBU\" \/>\n<meta property=\"og:description\" content=\"This Yoko Sakamoto 5POCKET BAGGY PANTS KAKISHIBU reflects a commitment to artisanal making, favoring conscious simplicity over decorative excess.\" \/>\n<meta property=\"og:url\" content=\"https:\/\/rendez-vous-store.com\/fr\/shop\/men-selection-discover-our-selection-rendez-vous-store\/trousers-shorts-rendez-vous-store\/yoko-sakamoto-5pocket-baggy-pants-kakishibu-rendez-vous-store\/\" \/>\n<meta property=\"og:site_name\" content=\"RENDEZ-VOUS STORE\" \/>\n<meta property=\"article:modified_time\" content=\"2026-03-16T18:38:26+00:00\" \/>\n<meta property=\"og:image\" content=\"https:\/\/rendez-vous-store.com\/app\/uploads\/2025\/12\/433.webp\" \/>\n\t<meta property=\"og:image:width\" content=\"1696\" \/>\n\t<meta property=\"og:image:height\" content=\"2560\" \/>\n\t<meta property=\"og:image:type\" content=\"image\/webp\" \/>\n<meta name=\"twitter:card\" content=\"summary_large_image\" \/>\n<meta name=\"twitter:label1\" content=\"Est. reading time\" \/>\n\t<meta name=\"twitter:data1\" content=\"2 minutes\" \/>\n<script type=\"application\/ld+json\" class=\"yoast-schema-graph\">{\"@context\":\"https:\/\/schema.org\",\"@graph\":[{\"@type\":\"WebPage\",\"@id\":\"https:\/\/rendez-vous-store.com\/shop\/men-selection-discover-our-selection-rendez-vous-store\/trousers-shorts-rendez-vous-store\/yoko-sakamoto-5pocket-baggy-pants-kakishibu-rendez-vous-store\/\",\"url\":\"https:\/\/rendez-vous-store.com\/shop\/men-selection-discover-our-selection-rendez-vous-store\/trousers-shorts-rendez-vous-store\/yoko-sakamoto-5pocket-baggy-pants-kakishibu-rendez-vous-store\/\",\"name\":\"Yoko Sakamoto - 5POCKET BAGGY PANTS - KAKISHIBU\",\"isPartOf\":{\"@id\":\"https:\/\/rendez-vous-store.com\/#website\"},\"primaryImageOfPage\":{\"@id\":\"https:\/\/rendez-vous-store.com\/shop\/men-selection-discover-our-selection-rendez-vous-store\/trousers-shorts-rendez-vous-store\/yoko-sakamoto-5pocket-baggy-pants-kakishibu-rendez-vous-store\/#primaryimage\"},\"image\":{\"@id\":\"https:\/\/rendez-vous-store.com\/shop\/men-selection-discover-our-selection-rendez-vous-store\/trousers-shorts-rendez-vous-store\/yoko-sakamoto-5pocket-baggy-pants-kakishibu-rendez-vous-store\/#primaryimage\"},\"thumbnailUrl\":\"https:\/\/rendez-vous-store.com\/app\/uploads\/2025\/12\/433.webp\",\"datePublished\":\"2025-12-09T14:31:31+00:00\",\"dateModified\":\"2026-03-16T18:38:26+00:00\",\"description\":\"This Yoko Sakamoto 5POCKET BAGGY PANTS KAKISHIBU reflects a commitment to artisanal making, favoring conscious simplicity over decorative excess.\",\"breadcrumb\":{\"@id\":\"https:\/\/rendez-vous-store.com\/shop\/men-selection-discover-our-selection-rendez-vous-store\/trousers-shorts-rendez-vous-store\/yoko-sakamoto-5pocket-baggy-pants-kakishibu-rendez-vous-store\/#breadcrumb\"},\"inLanguage\":\"fr-FR\",\"potentialAction\":[{\"@type\":\"ReadAction\",\"target\":[\"https:\/\/rendez-vous-store.com\/shop\/men-selection-discover-our-selection-rendez-vous-store\/trousers-shorts-rendez-vous-store\/yoko-sakamoto-5pocket-baggy-pants-kakishibu-rendez-vous-store\/\"]}]},{\"@type\":\"ImageObject\",\"inLanguage\":\"fr-FR\",\"@id\":\"https:\/\/rendez-vous-store.com\/shop\/men-selection-discover-our-selection-rendez-vous-store\/trousers-shorts-rendez-vous-store\/yoko-sakamoto-5pocket-baggy-pants-kakishibu-rendez-vous-store\/#primaryimage\",\"url\":\"https:\/\/rendez-vous-store.com\/app\/uploads\/2025\/12\/433.webp\",\"contentUrl\":\"https:\/\/rendez-vous-store.com\/app\/uploads\/2025\/12\/433.webp\",\"width\":1696,\"height\":2560},{\"@type\":\"BreadcrumbList\",\"@id\":\"https:\/\/rendez-vous-store.com\/shop\/men-selection-discover-our-selection-rendez-vous-store\/trousers-shorts-rendez-vous-store\/yoko-sakamoto-5pocket-baggy-pants-kakishibu-rendez-vous-store\/#breadcrumb\",\"itemListElement\":[{\"@type\":\"ListItem\",\"position\":1,\"name\":\"Home\",\"item\":\"https:\/\/rendez-vous-store.com\/\"},{\"@type\":\"ListItem\",\"position\":2,\"name\":\"Shop\",\"item\":\"https:\/\/www.rendez-vous-store.com\/shop\/\"},{\"@type\":\"ListItem\",\"position\":3,\"name\":\"Yoko Sakamoto &#8211; 5POCKET BAGGY PANTS &#8211; KAKISHIBU\"}]},{\"@type\":\"WebSite\",\"@id\":\"https:\/\/rendez-vous-store.com\/#website\",\"url\":\"https:\/\/rendez-vous-store.com\/\",\"name\":\"RENDEZ-VOUS STORE\",\"description\":\"Slow Fashion for Women and Men\",\"potentialAction\":[{\"@type\":\"SearchAction\",\"target\":{\"@type\":\"EntryPoint\",\"urlTemplate\":\"https:\/\/rendez-vous-store.com\/?s={search_term_string}\"},\"query-input\":{\"@type\":\"PropertyValueSpecification\",\"valueRequired\":true,\"valueName\":\"search_term_string\"}}],\"inLanguage\":\"fr-FR\"}]}<\/script>\n<!-- \/ Yoast SEO plugin. -->","yoast_head_json":{"title":"Yoko Sakamoto - 5POCKET BAGGY PANTS - KAKISHIBU","description":"This Yoko Sakamoto 5POCKET BAGGY PANTS KAKISHIBU reflects a commitment to artisanal making, favoring conscious simplicity over decorative excess.","robots":{"index":"index","follow":"follow","max-snippet":"max-snippet:-1","max-image-preview":"max-image-preview:large","max-video-preview":"max-video-preview:-1"},"canonical":"https:\/\/rendez-vous-store.com\/fr\/shop\/men-selection-discover-our-selection-rendez-vous-store\/trousers-shorts-rendez-vous-store\/yoko-sakamoto-5pocket-baggy-pants-kakishibu-rendez-vous-store\/","og_locale":"fr_FR","og_type":"article","og_title":"Yoko Sakamoto - 5POCKET BAGGY PANTS - KAKISHIBU","og_description":"This Yoko Sakamoto 5POCKET BAGGY PANTS KAKISHIBU reflects a commitment to artisanal making, favoring conscious simplicity over decorative excess.","og_url":"https:\/\/rendez-vous-store.com\/fr\/shop\/men-selection-discover-our-selection-rendez-vous-store\/trousers-shorts-rendez-vous-store\/yoko-sakamoto-5pocket-baggy-pants-kakishibu-rendez-vous-store\/","og_site_name":"RENDEZ-VOUS STORE","article_modified_time":"2026-03-16T18:38:26+00:00","og_image":[{"width":1696,"height":2560,"url":"https:\/\/rendez-vous-store.com\/app\/uploads\/2025\/12\/433.webp","type":"image\/webp"}],"twitter_card":"summary_large_image","twitter_misc":{"Est. reading time":"2 minutes"},"schema":{"@context":"https:\/\/schema.org","@graph":[{"@type":"WebPage","@id":"https:\/\/rendez-vous-store.com\/shop\/men-selection-discover-our-selection-rendez-vous-store\/trousers-shorts-rendez-vous-store\/yoko-sakamoto-5pocket-baggy-pants-kakishibu-rendez-vous-store\/","url":"https:\/\/rendez-vous-store.com\/shop\/men-selection-discover-our-selection-rendez-vous-store\/trousers-shorts-rendez-vous-store\/yoko-sakamoto-5pocket-baggy-pants-kakishibu-rendez-vous-store\/","name":"Yoko Sakamoto - 5POCKET BAGGY PANTS - KAKISHIBU","isPartOf":{"@id":"https:\/\/rendez-vous-store.com\/#website"},"primaryImageOfPage":{"@id":"https:\/\/rendez-vous-store.com\/shop\/men-selection-discover-our-selection-rendez-vous-store\/trousers-shorts-rendez-vous-store\/yoko-sakamoto-5pocket-baggy-pants-kakishibu-rendez-vous-store\/#primaryimage"},"image":{"@id":"https:\/\/rendez-vous-store.com\/shop\/men-selection-discover-our-selection-rendez-vous-store\/trousers-shorts-rendez-vous-store\/yoko-sakamoto-5pocket-baggy-pants-kakishibu-rendez-vous-store\/#primaryimage"},"thumbnailUrl":"https:\/\/rendez-vous-store.com\/app\/uploads\/2025\/12\/433.webp","datePublished":"2025-12-09T14:31:31+00:00","dateModified":"2026-03-16T18:38:26+00:00","description":"This Yoko Sakamoto 5POCKET BAGGY PANTS KAKISHIBU reflects a commitment to artisanal making, favoring conscious simplicity over decorative excess.","breadcrumb":{"@id":"https:\/\/rendez-vous-store.com\/shop\/men-selection-discover-our-selection-rendez-vous-store\/trousers-shorts-rendez-vous-store\/yoko-sakamoto-5pocket-baggy-pants-kakishibu-rendez-vous-store\/#breadcrumb"},"inLanguage":"fr-FR","potentialAction":[{"@type":"ReadAction","target":["https:\/\/rendez-vous-store.com\/shop\/men-selection-discover-our-selection-rendez-vous-store\/trousers-shorts-rendez-vous-store\/yoko-sakamoto-5pocket-baggy-pants-kakishibu-rendez-vous-store\/"]}]},{"@type":"ImageObject","inLanguage":"fr-FR","@id":"https:\/\/rendez-vous-store.com\/shop\/men-selection-discover-our-selection-rendez-vous-store\/trousers-shorts-rendez-vous-store\/yoko-sakamoto-5pocket-baggy-pants-kakishibu-rendez-vous-store\/#primaryimage","url":"https:\/\/rendez-vous-store.com\/app\/uploads\/2025\/12\/433.webp","contentUrl":"https:\/\/rendez-vous-store.com\/app\/uploads\/2025\/12\/433.webp","width":1696,"height":2560},{"@type":"BreadcrumbList","@id":"https:\/\/rendez-vous-store.com\/shop\/men-selection-discover-our-selection-rendez-vous-store\/trousers-shorts-rendez-vous-store\/yoko-sakamoto-5pocket-baggy-pants-kakishibu-rendez-vous-store\/#breadcrumb","itemListElement":[{"@type":"ListItem","position":1,"name":"Home","item":"https:\/\/rendez-vous-store.com\/"},{"@type":"ListItem","position":2,"name":"Shop","item":"https:\/\/www.rendez-vous-store.com\/shop\/"},{"@type":"ListItem","position":3,"name":"Yoko Sakamoto &#8211; 5POCKET BAGGY PANTS &#8211; KAKISHIBU"}]},{"@type":"WebSite","@id":"https:\/\/rendez-vous-store.com\/#website","url":"https:\/\/rendez-vous-store.com\/","name":"RENDEZ-VOUS STORE","description":"Slow Fashion for Women and Men","potentialAction":[{"@type":"SearchAction","target":{"@type":"EntryPoint","urlTemplate":"https:\/\/rendez-vous-store.com\/?s={search_term_string}"},"query-input":{"@type":"PropertyValueSpecification","valueRequired":true,"valueName":"search_term_string"}}],"inLanguage":"fr-FR"}]}},"_links":{"self":[{"href":"https:\/\/rendez-vous-store.com\/fr\/wp-json\/wp\/v2\/product\/226604","targetHints":{"allow":["GET"]}}],"collection":[{"href":"https:\/\/rendez-vous-store.com\/fr\/wp-json\/wp\/v2\/product"}],"about":[{"href":"https:\/\/rendez-vous-store.com\/fr\/wp-json\/wp\/v2\/types\/product"}],"wp:featuredmedia":[{"embeddable":true,"href":"https:\/\/rendez-vous-store.com\/fr\/wp-json\/wp\/v2\/media\/227073"}],"wp:attachment":[{"href":"https:\/\/rendez-vous-store.com\/fr\/wp-json\/wp\/v2\/media?parent=226604"}],"wp:term":[{"taxonomy":"product_brand","embeddable":true,"href":"https:\/\/rendez-vous-store.com\/fr\/wp-json\/wp\/v2\/product_brand?post=226604"},{"taxonomy":"product_cat","embeddable":true,"href":"https:\/\/rendez-vous-store.com\/fr\/wp-json\/wp\/v2\/product_cat?post=226604"},{"taxonomy":"product_tag","embeddable":true,"href":"https:\/\/rendez-vous-store.com\/fr\/wp-json\/wp\/v2\/product_tag?post=226604"}],"curies":[{"name":"wp","href":"https:\/\/api.w.org\/{rel}","templated":true}]}}