{"id":226598,"date":"2025-12-09T15:31:28","date_gmt":"2025-12-09T14:31:28","guid":{"rendered":"https:\/\/rendez-vous-store.com\/?post_type=product&#038;p=226598"},"modified":"2026-03-16T19:35:12","modified_gmt":"2026-03-16T18:35:12","slug":"yoko-sakamoto-knit-big-watch-cap-navy-rendez-vous-store","status":"publish","type":"product","link":"https:\/\/rendez-vous-store.com\/fr\/shop\/men-selection-discover-our-selection-rendez-vous-store\/accessories-men-rendez-vous-store\/yoko-sakamoto-knit-big-watch-cap-navy-rendez-vous-store\/","title":{"rendered":"Yoko Sakamoto - Casquette en tricot BIG WATCH - NAVY"},"content":{"rendered":"<p><strong>Yoko Sakamoto - Casquette en tricot BIG WATCH - NAVY<\/strong><\/p>\n<p>Couleur: Marine<\/p>\n<p>Chaud<\/p>\n<p>Confortable<\/p>\n<p>Composition : 100% Laine<\/p>\n<p>Fabriqu\u00e9 au Japon<\/p>\n<p>&nbsp;<\/p>\n<p data-start=\"199\" data-end=\"588\"><strong>Le Casque\u00a0<\/strong><\/p>\n<p data-start=\"199\" data-end=\"588\">Le <strong data-start=\"203\" data-end=\"248\">YOKO SAKAMOTO - Casquette Big Watch en tricot - Marine<\/strong> allie un volume d\u00e9contract\u00e9 \u00e0 une silhouette nette et discr\u00e8te. Sa forme g\u00e9n\u00e9reuse cr\u00e9e un ajustement doux et enveloppant qui repose confortablement sur la t\u00eate tout en conservant une pr\u00e9sence \u00e9quilibr\u00e9e et structur\u00e9e. De plus, le tricot dense mais souple offre de la chaleur sans lourdeur, garantissant une sensation de confort qui s'adapte naturellement aux changements de temp\u00e9rature.<\/p>\n<p data-start=\"590\" data-end=\"914\">La nuance profond bleu marine apporte une richesse calme et classique qui compl\u00e8te le design minimal de la casquette, offrant une couleur qui s'associe sans effort aux palettes \u00e0 la fois sobres et plus vives. De plus, la texture subtile de la maille enrichit la pi\u00e8ce d'une profondeur discr\u00e8te, permettant \u00e0 la casquette de fonctionner comme un essentiel raffin\u00e9 au fil des saisons.<\/p>\n<p data-start=\"916\" data-end=\"1139\">Par cons\u00e9quent, ce capuchon de montre \u00e9l\u00e8ve le style de tous les jours gr\u00e2ce \u00e0 son m\u00e9lange de confort, de simplicit\u00e9 et de caract\u00e8re discret. Il reste polyvalent, intemporel et s'inscrit ind\u00e9niablement dans la philosophie de Yoko Sakamoto en mati\u00e8re de design raffin\u00e9.<\/p>\n<p data-start=\"916\" data-end=\"1139\">\n<p data-start=\"916\" data-end=\"1139\"><a href=\"https:\/\/rendez-vous-store.com\/fr\/shop\/rdvs-selection-discover-our-current-selection-rendez-vous-store\/rdvs-selection-men-rendez-vous-store-rendez-vous-store\/tanaka-men-the-boxy-tee-white-rendez-vous-store\/\">Nous aimons le voir port\u00e9 avec<\/a><\/p>\n<p data-start=\"916\" data-end=\"1139\">\n<p data-start=\"934\" data-end=\"1187\"><strong>La marque<\/strong><\/p>\n<p data-start=\"1136\" data-end=\"1527\">YOKO SAKAMOTO adopte une philosophie de conception intuitive fond\u00e9e sur des formes pures, des mat\u00e9riaux honn\u00eates et un sens aigu de l'artisanat. La marque privil\u00e9gie les tissus naturels, durables et expressifs, choisis pour leur richesse tactile et leur capacit\u00e9 \u00e0 vieillir en beaut\u00e9 avec le temps. De plus, chaque v\u00eatement refl\u00e8te un engagement de fabrication artisanale, privil\u00e9giant la simplicit\u00e9 consciente \u00e0 l'exc\u00e8s d\u00e9coratif.<\/p>\n<p data-start=\"1529\" data-end=\"1809\">YOKO SAKAMOTO adh\u00e8re \u00e9galement \u00e0 des m\u00e9thodes de production lentes et intentionnelles, garantissant des pi\u00e8ces qui \u00e9voluent de mani\u00e8re significative avec une utilisation \u00e0 long terme. En outre, les coupes pr\u00e9cises, les volumes contr\u00f4l\u00e9s et les d\u00e9tails discrets de la marque fa\u00e7onnent une identit\u00e9 visuelle d\u00e9finie par le calme, la clart\u00e9 et le raffinement tranquille.<\/p>\n<p data-start=\"1811\" data-end=\"1964\">Par cons\u00e9quent, YOKO SAKAMOTO propose une garde-robe durable, po\u00e9tique et profond\u00e9ment personnelle, encourageant une relation consciente et durable avec le v\u00eatement.<\/p>\n<p data-start=\"1811\" data-end=\"1964\">\n<p data-start=\"1811\" data-end=\"1964\">\n<p data-start=\"1811\" data-end=\"1964\"><strong>La Collection<\/strong><\/p>\n<p data-start=\"1990\" data-end=\"2364\">Les collections de YOKO SAKAMOTO explorent la relation entre l\u2019artisanat traditionnel, les mat\u00e9riaux nobles et une recherche constante du confort. Chaque saison pr\u00e9sente des v\u00eatements con\u00e7us pour accompagner la vie quotidienne avec aisance naturelle, fluidit\u00e9 et profondeur. De plus, les textures soigneusement choisies \u2013 qu'elles soient compactes, granuleuses ou doucement structur\u00e9es \u2013 conf\u00e8rent \u00e0 chaque pi\u00e8ce une pr\u00e9sence r\u00e9solument tactile.<\/p>\n<p data-start=\"2366\" data-end=\"2651\">Les silhouettes allient structure et d\u00e9contraction, ce qui permet d'infinies possibilit\u00e9s de superpositions adapt\u00e9es aux climats et aux humeurs changeantes. En outre, les tons terreux, les lignes \u00e9pur\u00e9es et les finitions pr\u00e9cises cr\u00e9ent un univers coh\u00e9rent dans lequel chaque d\u00e9tail contribue \u00e0 un ensemble serein et harmonieux.<\/p>\n<p data-start=\"2653\" data-end=\"2882\">Par cons\u00e9quent, YOKO SAKAMOTO pr\u00e9sente une esth\u00e9tique durable, centr\u00e9e sur l'homme et fond\u00e9e sur l'honn\u00eatet\u00e9 des mat\u00e9riaux. Chaque pi\u00e8ce est empreinte d'une sophistication tranquille, fa\u00e7onn\u00e9e par la fonctionnalit\u00e9, la simplicit\u00e9 et une rare sensibilit\u00e9 artisanale.<\/p>","protected":false},"excerpt":{"rendered":"<p>Yoko Sakamoto &#8211; KNIT BIG WATCH CAP &#8211; NAVY Color: NAVY Warm Comfortable Composition: 100% Wool Made in Japan &nbsp; The Cap\u00a0 The YOKO SAKAMOTO \u2013 Knit Big Watch Cap \u2013 Navy blends relaxed volume with a clean, understated silhouette. Its generous shape creates a soft, enveloping fit that sits comfortably on the head while&hellip; <a class=\"more-link\" href=\"https:\/\/rendez-vous-store.com\/fr\/shop\/men-selection-discover-our-selection-rendez-vous-store\/accessories-men-rendez-vous-store\/yoko-sakamoto-knit-big-watch-cap-navy-rendez-vous-store\/\">Continuer la lecture <span class=\"screen-reader-text\">Yoko Sakamoto - Casquette en tricot BIG WATCH - NAVY<\/span><\/a><\/p>","protected":false},"featured_media":226994,"template":"","meta":{"_acf_changed":false},"product_brand":[],"product_cat":[20,70],"product_tag":[1455],"class_list":{"0":"post-226598","1":"product","2":"type-product","3":"status-publish","4":"has-post-thumbnail","6":"product_cat-men-selection-discover-our-selection-rendez-vous-store","7":"product_cat-accessories-men-rendez-vous-store","8":"product_tag-yoko-sakamoto","9":"entry","11":"first","12":"instock","13":"taxable","14":"shipping-taxable","15":"purchasable","16":"product-type-variable"},"acf":[],"yoast_head":"<!-- This site is optimized with the Yoast SEO plugin v24.9 - https:\/\/yoast.com\/wordpress\/plugins\/seo\/ -->\n<title>Yoko Sakamoto - KNIT BIG WATCH CAP - NAVY<\/title>\n<meta name=\"description\" content=\"This Yoko Sakamoto KNIT BIG WATCH CAP NAVY reflects a commitment to artisanal making, favoring conscious simplicity over decorative excess.\" \/>\n<meta name=\"robots\" content=\"index, follow, max-snippet:-1, max-image-preview:large, max-video-preview:-1\" \/>\n<link rel=\"canonical\" href=\"https:\/\/rendez-vous-store.com\/fr\/shop\/men-selection-discover-our-selection-rendez-vous-store\/accessories-men-rendez-vous-store\/yoko-sakamoto-knit-big-watch-cap-navy-rendez-vous-store\/\" \/>\n<meta property=\"og:locale\" content=\"fr_FR\" \/>\n<meta property=\"og:type\" content=\"article\" \/>\n<meta property=\"og:title\" content=\"Yoko Sakamoto - KNIT BIG WATCH CAP - NAVY\" \/>\n<meta property=\"og:description\" content=\"This Yoko Sakamoto KNIT BIG WATCH CAP NAVY reflects a commitment to artisanal making, favoring conscious simplicity over decorative excess.\" \/>\n<meta property=\"og:url\" content=\"https:\/\/rendez-vous-store.com\/fr\/shop\/men-selection-discover-our-selection-rendez-vous-store\/accessories-men-rendez-vous-store\/yoko-sakamoto-knit-big-watch-cap-navy-rendez-vous-store\/\" \/>\n<meta property=\"og:site_name\" content=\"RENDEZ-VOUS STORE\" \/>\n<meta property=\"article:modified_time\" content=\"2026-03-16T18:35:12+00:00\" \/>\n<meta property=\"og:image\" content=\"https:\/\/rendez-vous-store.com\/app\/uploads\/2025\/12\/371.webp\" \/>\n\t<meta property=\"og:image:width\" content=\"1696\" \/>\n\t<meta property=\"og:image:height\" content=\"2560\" \/>\n\t<meta property=\"og:image:type\" content=\"image\/webp\" \/>\n<meta name=\"twitter:card\" content=\"summary_large_image\" \/>\n<meta name=\"twitter:label1\" content=\"Est. reading time\" \/>\n\t<meta name=\"twitter:data1\" content=\"2 minutes\" \/>\n<script type=\"application\/ld+json\" class=\"yoast-schema-graph\">{\"@context\":\"https:\/\/schema.org\",\"@graph\":[{\"@type\":\"WebPage\",\"@id\":\"https:\/\/rendez-vous-store.com\/shop\/men-selection-discover-our-selection-rendez-vous-store\/accessories-men-rendez-vous-store\/yoko-sakamoto-knit-big-watch-cap-navy-rendez-vous-store\/\",\"url\":\"https:\/\/rendez-vous-store.com\/shop\/men-selection-discover-our-selection-rendez-vous-store\/accessories-men-rendez-vous-store\/yoko-sakamoto-knit-big-watch-cap-navy-rendez-vous-store\/\",\"name\":\"Yoko Sakamoto - KNIT BIG WATCH CAP - NAVY\",\"isPartOf\":{\"@id\":\"https:\/\/rendez-vous-store.com\/#website\"},\"primaryImageOfPage\":{\"@id\":\"https:\/\/rendez-vous-store.com\/shop\/men-selection-discover-our-selection-rendez-vous-store\/accessories-men-rendez-vous-store\/yoko-sakamoto-knit-big-watch-cap-navy-rendez-vous-store\/#primaryimage\"},\"image\":{\"@id\":\"https:\/\/rendez-vous-store.com\/shop\/men-selection-discover-our-selection-rendez-vous-store\/accessories-men-rendez-vous-store\/yoko-sakamoto-knit-big-watch-cap-navy-rendez-vous-store\/#primaryimage\"},\"thumbnailUrl\":\"https:\/\/rendez-vous-store.com\/app\/uploads\/2025\/12\/371.webp\",\"datePublished\":\"2025-12-09T14:31:28+00:00\",\"dateModified\":\"2026-03-16T18:35:12+00:00\",\"description\":\"This Yoko Sakamoto KNIT BIG WATCH CAP NAVY reflects a commitment to artisanal making, favoring conscious simplicity over decorative excess.\",\"breadcrumb\":{\"@id\":\"https:\/\/rendez-vous-store.com\/shop\/men-selection-discover-our-selection-rendez-vous-store\/accessories-men-rendez-vous-store\/yoko-sakamoto-knit-big-watch-cap-navy-rendez-vous-store\/#breadcrumb\"},\"inLanguage\":\"fr-FR\",\"potentialAction\":[{\"@type\":\"ReadAction\",\"target\":[\"https:\/\/rendez-vous-store.com\/shop\/men-selection-discover-our-selection-rendez-vous-store\/accessories-men-rendez-vous-store\/yoko-sakamoto-knit-big-watch-cap-navy-rendez-vous-store\/\"]}]},{\"@type\":\"ImageObject\",\"inLanguage\":\"fr-FR\",\"@id\":\"https:\/\/rendez-vous-store.com\/shop\/men-selection-discover-our-selection-rendez-vous-store\/accessories-men-rendez-vous-store\/yoko-sakamoto-knit-big-watch-cap-navy-rendez-vous-store\/#primaryimage\",\"url\":\"https:\/\/rendez-vous-store.com\/app\/uploads\/2025\/12\/371.webp\",\"contentUrl\":\"https:\/\/rendez-vous-store.com\/app\/uploads\/2025\/12\/371.webp\",\"width\":1696,\"height\":2560},{\"@type\":\"BreadcrumbList\",\"@id\":\"https:\/\/rendez-vous-store.com\/shop\/men-selection-discover-our-selection-rendez-vous-store\/accessories-men-rendez-vous-store\/yoko-sakamoto-knit-big-watch-cap-navy-rendez-vous-store\/#breadcrumb\",\"itemListElement\":[{\"@type\":\"ListItem\",\"position\":1,\"name\":\"Home\",\"item\":\"https:\/\/rendez-vous-store.com\/\"},{\"@type\":\"ListItem\",\"position\":2,\"name\":\"Shop\",\"item\":\"https:\/\/www.rendez-vous-store.com\/shop\/\"},{\"@type\":\"ListItem\",\"position\":3,\"name\":\"Yoko Sakamoto &#8211; KNIT BIG WATCH CAP &#8211; NAVY\"}]},{\"@type\":\"WebSite\",\"@id\":\"https:\/\/rendez-vous-store.com\/#website\",\"url\":\"https:\/\/rendez-vous-store.com\/\",\"name\":\"RENDEZ-VOUS STORE\",\"description\":\"Slow Fashion for Women and Men\",\"potentialAction\":[{\"@type\":\"SearchAction\",\"target\":{\"@type\":\"EntryPoint\",\"urlTemplate\":\"https:\/\/rendez-vous-store.com\/?s={search_term_string}\"},\"query-input\":{\"@type\":\"PropertyValueSpecification\",\"valueRequired\":true,\"valueName\":\"search_term_string\"}}],\"inLanguage\":\"fr-FR\"}]}<\/script>\n<!-- \/ Yoast SEO plugin. -->","yoast_head_json":{"title":"Yoko Sakamoto - KNIT BIG WATCH CAP - NAVY","description":"This Yoko Sakamoto KNIT BIG WATCH CAP NAVY reflects a commitment to artisanal making, favoring conscious simplicity over decorative excess.","robots":{"index":"index","follow":"follow","max-snippet":"max-snippet:-1","max-image-preview":"max-image-preview:large","max-video-preview":"max-video-preview:-1"},"canonical":"https:\/\/rendez-vous-store.com\/fr\/shop\/men-selection-discover-our-selection-rendez-vous-store\/accessories-men-rendez-vous-store\/yoko-sakamoto-knit-big-watch-cap-navy-rendez-vous-store\/","og_locale":"fr_FR","og_type":"article","og_title":"Yoko Sakamoto - KNIT BIG WATCH CAP - NAVY","og_description":"This Yoko Sakamoto KNIT BIG WATCH CAP NAVY reflects a commitment to artisanal making, favoring conscious simplicity over decorative excess.","og_url":"https:\/\/rendez-vous-store.com\/fr\/shop\/men-selection-discover-our-selection-rendez-vous-store\/accessories-men-rendez-vous-store\/yoko-sakamoto-knit-big-watch-cap-navy-rendez-vous-store\/","og_site_name":"RENDEZ-VOUS STORE","article_modified_time":"2026-03-16T18:35:12+00:00","og_image":[{"width":1696,"height":2560,"url":"https:\/\/rendez-vous-store.com\/app\/uploads\/2025\/12\/371.webp","type":"image\/webp"}],"twitter_card":"summary_large_image","twitter_misc":{"Est. reading time":"2 minutes"},"schema":{"@context":"https:\/\/schema.org","@graph":[{"@type":"WebPage","@id":"https:\/\/rendez-vous-store.com\/shop\/men-selection-discover-our-selection-rendez-vous-store\/accessories-men-rendez-vous-store\/yoko-sakamoto-knit-big-watch-cap-navy-rendez-vous-store\/","url":"https:\/\/rendez-vous-store.com\/shop\/men-selection-discover-our-selection-rendez-vous-store\/accessories-men-rendez-vous-store\/yoko-sakamoto-knit-big-watch-cap-navy-rendez-vous-store\/","name":"Yoko Sakamoto - KNIT BIG WATCH CAP - NAVY","isPartOf":{"@id":"https:\/\/rendez-vous-store.com\/#website"},"primaryImageOfPage":{"@id":"https:\/\/rendez-vous-store.com\/shop\/men-selection-discover-our-selection-rendez-vous-store\/accessories-men-rendez-vous-store\/yoko-sakamoto-knit-big-watch-cap-navy-rendez-vous-store\/#primaryimage"},"image":{"@id":"https:\/\/rendez-vous-store.com\/shop\/men-selection-discover-our-selection-rendez-vous-store\/accessories-men-rendez-vous-store\/yoko-sakamoto-knit-big-watch-cap-navy-rendez-vous-store\/#primaryimage"},"thumbnailUrl":"https:\/\/rendez-vous-store.com\/app\/uploads\/2025\/12\/371.webp","datePublished":"2025-12-09T14:31:28+00:00","dateModified":"2026-03-16T18:35:12+00:00","description":"This Yoko Sakamoto KNIT BIG WATCH CAP NAVY reflects a commitment to artisanal making, favoring conscious simplicity over decorative excess.","breadcrumb":{"@id":"https:\/\/rendez-vous-store.com\/shop\/men-selection-discover-our-selection-rendez-vous-store\/accessories-men-rendez-vous-store\/yoko-sakamoto-knit-big-watch-cap-navy-rendez-vous-store\/#breadcrumb"},"inLanguage":"fr-FR","potentialAction":[{"@type":"ReadAction","target":["https:\/\/rendez-vous-store.com\/shop\/men-selection-discover-our-selection-rendez-vous-store\/accessories-men-rendez-vous-store\/yoko-sakamoto-knit-big-watch-cap-navy-rendez-vous-store\/"]}]},{"@type":"ImageObject","inLanguage":"fr-FR","@id":"https:\/\/rendez-vous-store.com\/shop\/men-selection-discover-our-selection-rendez-vous-store\/accessories-men-rendez-vous-store\/yoko-sakamoto-knit-big-watch-cap-navy-rendez-vous-store\/#primaryimage","url":"https:\/\/rendez-vous-store.com\/app\/uploads\/2025\/12\/371.webp","contentUrl":"https:\/\/rendez-vous-store.com\/app\/uploads\/2025\/12\/371.webp","width":1696,"height":2560},{"@type":"BreadcrumbList","@id":"https:\/\/rendez-vous-store.com\/shop\/men-selection-discover-our-selection-rendez-vous-store\/accessories-men-rendez-vous-store\/yoko-sakamoto-knit-big-watch-cap-navy-rendez-vous-store\/#breadcrumb","itemListElement":[{"@type":"ListItem","position":1,"name":"Home","item":"https:\/\/rendez-vous-store.com\/"},{"@type":"ListItem","position":2,"name":"Shop","item":"https:\/\/www.rendez-vous-store.com\/shop\/"},{"@type":"ListItem","position":3,"name":"Yoko Sakamoto &#8211; KNIT BIG WATCH CAP &#8211; NAVY"}]},{"@type":"WebSite","@id":"https:\/\/rendez-vous-store.com\/#website","url":"https:\/\/rendez-vous-store.com\/","name":"RENDEZ-VOUS STORE","description":"Slow Fashion for Women and Men","potentialAction":[{"@type":"SearchAction","target":{"@type":"EntryPoint","urlTemplate":"https:\/\/rendez-vous-store.com\/?s={search_term_string}"},"query-input":{"@type":"PropertyValueSpecification","valueRequired":true,"valueName":"search_term_string"}}],"inLanguage":"fr-FR"}]}},"_links":{"self":[{"href":"https:\/\/rendez-vous-store.com\/fr\/wp-json\/wp\/v2\/product\/226598","targetHints":{"allow":["GET"]}}],"collection":[{"href":"https:\/\/rendez-vous-store.com\/fr\/wp-json\/wp\/v2\/product"}],"about":[{"href":"https:\/\/rendez-vous-store.com\/fr\/wp-json\/wp\/v2\/types\/product"}],"wp:featuredmedia":[{"embeddable":true,"href":"https:\/\/rendez-vous-store.com\/fr\/wp-json\/wp\/v2\/media\/226994"}],"wp:attachment":[{"href":"https:\/\/rendez-vous-store.com\/fr\/wp-json\/wp\/v2\/media?parent=226598"}],"wp:term":[{"taxonomy":"product_brand","embeddable":true,"href":"https:\/\/rendez-vous-store.com\/fr\/wp-json\/wp\/v2\/product_brand?post=226598"},{"taxonomy":"product_cat","embeddable":true,"href":"https:\/\/rendez-vous-store.com\/fr\/wp-json\/wp\/v2\/product_cat?post=226598"},{"taxonomy":"product_tag","embeddable":true,"href":"https:\/\/rendez-vous-store.com\/fr\/wp-json\/wp\/v2\/product_tag?post=226598"}],"curies":[{"name":"wp","href":"https:\/\/api.w.org\/{rel}","templated":true}]}}