{"id":226331,"date":"2025-12-09T11:50:59","date_gmt":"2025-12-09T10:50:59","guid":{"rendered":"https:\/\/rendez-vous-store.com\/?post_type=product&#038;p=226331"},"modified":"2026-03-16T19:40:25","modified_gmt":"2026-03-16T18:40:25","slug":"c-t-plage-ladies-v-neck-longsleeve-pullover-ct24305n-75-b-navy-rendez-vous-store","status":"publish","type":"product","link":"https:\/\/rendez-vous-store.com\/fr\/shop\/special-offer-women-rendez-vous-store\/women-knitwear-special-offer\/c-t-plage-ladies-v-neck-longsleeve-pullover-ct24305n-75-b-navy-rendez-vous-store\/","title":{"rendered":"C.T. Plage \u2013 Pull \u00e0 manches longues col en V pour femme CT24305N-75 \u2013 B.NAVY"},"content":{"rendered":"<p><strong>C.T. Plage \u2013 Pull \u00e0 manches longues col en V pour femme CT24305N-75 \u2013 B.NAVY<\/strong><\/p>\n<p>Couleur : B.NAVY<\/p>\n<p>Col en V<\/p>\n<p>Manches longues<\/p>\n<p>Transparent<\/p>\n<p>D\u00e9tendu<\/p>\n<p>Fabriqu\u00e9 en Chine<\/p>\n<p>&nbsp;<\/p>\n<p><strong>Le Pull<\/strong><\/p>\n<p data-start=\"184\" data-end=\"819\">Le <strong data-start=\"188\" data-end=\"259\">C.T. Plage \u2013 Pull \u00e0 manches longues et col en V pour femme CT24305N\u201175 \u2013 B.Navy<\/strong> incarne un confort sophistiqu\u00e9 et une polyvalence intemporelle gr\u00e2ce \u00e0 sa conception pr\u00e9cise et \u00e0 ses mat\u00e9riaux soigneusement s\u00e9lectionn\u00e9s. Pour commencer, sa teinte profonde B.Navy offre une base riche et classique qui compl\u00e8te aussi bien les garde-robes neutres que les tons saisonniers plus vifs, lui permettant de s'int\u00e9grer parfaitement dans une vari\u00e9t\u00e9 de choix de style. De plus, ce pull est confectionn\u00e9 en laine de premi\u00e8re qualit\u00e9, ce qui garantit une douceur remarquable, une chaleur l\u00e9g\u00e8re et un tomb\u00e9 naturel qui permet au v\u00eatement de conserver son \u00e9l\u00e9gance tout en offrant une isolation douillette par temps frais.<\/p>\n<p data-start=\"821\" data-end=\"1578\">De plus, l'encolure en V raffin\u00e9e et les manches longues aux proportions \u00e9l\u00e9gantes cr\u00e9ent une silhouette qui \u00e9quilibre confort d\u00e9contract\u00e9 et sophistication soign\u00e9e, rendant ce pull adapt\u00e9 pour \u00eatre superpos\u00e9 sur des chemises ou associ\u00e9 \u00e0 un pantalon tailleur pour des occasions d\u00e9contract\u00e9es et professionnelles. En cons\u00e9quence, cette pi\u00e8ce polyvalente passe sans effort des tenues de loisirs du week-end aux tenues raffin\u00e9es de la semaine sans compromettre ni le confort ni le style. De plus, la construction m\u00e9ticuleuse \u2013 \u00e9vidente dans les coutures pr\u00e9cises, les proportions \u00e9quilibr\u00e9es et la finition experte \u2013 refl\u00e8te <strong data-start=\"1392\" data-end=\"1408\">Les Plages de C.T.<\/strong> engagement envers l'artisanat et le souci du d\u00e9tail. Par cons\u00e9quent, le pull incarne une combinaison harmonieuse de douceur, de structure et d'\u00e9l\u00e9gance moderne durable.<\/p>\n<p data-start=\"821\" data-end=\"1578\">\n<p data-start=\"647\" data-end=\"1298\"><strong>La marque<\/strong><\/p>\n<p data-start=\"1443\" data-end=\"1821\">C.T. Plage est une marque japonaise ax\u00e9e sur des mati\u00e8res de haute qualit\u00e9, un design intemporel et un savoir-faire m\u00e9ticuleux. Gr\u00e2ce \u00e0 une s\u00e9lection rigoureuse des fibres et une attention particuli\u00e8re aux finitions, la marque cr\u00e9e des v\u00eatements qui privil\u00e9gient la long\u00e9vit\u00e9, le confort et une beaut\u00e9 discr\u00e8te. Par cons\u00e9quent, chaque pi\u00e8ce v\u00e9hicule une sophistication tranquille, des proportions raffin\u00e9es et un engagement envers une \u00e9l\u00e9gance durable.<\/p>\n<p data-start=\"1823\" data-end=\"2082\">De plus, C.T. Plage privil\u00e9gie des pratiques de production r\u00e9fl\u00e9chies, garantissant que chaque v\u00eatement d\u00e9veloppe son caract\u00e8re et conserve sa qualit\u00e9 au fil du temps. Par cons\u00e9quent, la marque propose une garde-robe ancr\u00e9e dans un luxe subtil, un design \u00e9quilibr\u00e9 et une sophistication polyvalente.<\/p>\n<p data-start=\"1823\" data-end=\"2082\">\n<p data-start=\"1823\" data-end=\"2082\">\n<p data-start=\"1823\" data-end=\"2082\"><strong>La Collection<\/strong><\/p>\n<p data-start=\"2112\" data-end=\"2473\">Les collections C.T. Plage mettent en valeur des lignes \u00e9pur\u00e9es, des textures douces et des palettes de couleurs sobres et harmonieuses. Chaque saison, la marque revisite les silhouettes classiques, affinant les d\u00e9tails, la coupe et les finitions pour am\u00e9liorer le confort, l'\u00e9quilibre et la long\u00e9vit\u00e9. Par cons\u00e9quent, les pi\u00e8ces donnent l'impression d'\u00eatre soigneusement con\u00e7ues, intrins\u00e8quement \u00e9l\u00e9gantes et facilement int\u00e9grables dans une garde-robe soign\u00e9e de tous les jours.<\/p>\n<p data-start=\"2475\" data-end=\"2733\">De plus, l'accent mis sur les fibres naturelles haut de gamme garantit que les v\u00eatements vieillissent avec gr\u00e2ce tout en conservant leur aspect raffin\u00e9. En fin de compte, les collections encouragent une garde-robe r\u00e9fl\u00e9chie, offrant des essentiels intemporels qui incarnent la qualit\u00e9, la clart\u00e9 et la modernit\u00e9 discr\u00e8te.<\/p>","protected":false},"excerpt":{"rendered":"<p>C.T. Plage &#8211; Ladies v-neck longsleeve pullover CT24305N-75 &#8211; B.NAVY Color: B.NAVY V-Neck Long Sleeves Transparent Relaxed Made in China &nbsp; The Pullover The C.T. Plage \u2013 Ladies V\u2011neck Longsleeve Pullover CT24305N\u201175 \u2013 B.Navy exemplifies sophisticated comfort and timeless versatility through its precise design and carefully selected materials. To begin with, its deep B.Navy hue&hellip; <a class=\"more-link\" href=\"https:\/\/rendez-vous-store.com\/fr\/shop\/special-offer-women-rendez-vous-store\/women-knitwear-special-offer\/c-t-plage-ladies-v-neck-longsleeve-pullover-ct24305n-75-b-navy-rendez-vous-store\/\">Continuer la lecture <span class=\"screen-reader-text\">C.T. Plage \u2013 Pull \u00e0 manches longues col en V pour femme CT24305N-75 \u2013 B.NAVY<\/span><\/a><\/p>","protected":false},"featured_media":227731,"template":"","meta":{"_acf_changed":false},"product_brand":[],"product_cat":[1271,1338,1335,17,199],"product_tag":[418],"class_list":{"0":"post-226331","1":"product","2":"type-product","3":"status-publish","4":"has-post-thumbnail","6":"product_cat-1271","7":"product_cat-women-knitwear-special-offer","8":"product_cat-special-offer-women-rendez-vous-store","9":"product_cat-women","10":"product_cat-women-knitwears-discover-our-selection-rendez-vous-store","11":"product_tag-c-t-plage-designers-rendez-vous-store","12":"entry","14":"first","15":"instock","16":"taxable","17":"shipping-taxable","18":"purchasable","19":"product-type-variable"},"acf":[],"yoast_head":"<!-- This site is optimized with the Yoast SEO plugin v24.9 - https:\/\/yoast.com\/wordpress\/plugins\/seo\/ -->\n<title>C.T. Plage - Ladies v-neck longsleeve pullover CT24305N-75 - B.NAVY<\/title>\n<meta name=\"description\" content=\"This C.T. Plage - Ladies v-neck longsleeve pullover CT24305N-75 - B.NAVY fits into the concept of &quot;simple, but with a strong presence&quot;.\" \/>\n<meta name=\"robots\" content=\"index, follow, max-snippet:-1, max-image-preview:large, max-video-preview:-1\" \/>\n<link rel=\"canonical\" href=\"https:\/\/rendez-vous-store.com\/fr\/shop\/special-offer-women-rendez-vous-store\/women-knitwear-special-offer\/c-t-plage-ladies-v-neck-longsleeve-pullover-ct24305n-75-b-navy-rendez-vous-store\/\" \/>\n<meta property=\"og:locale\" content=\"fr_FR\" \/>\n<meta property=\"og:type\" content=\"article\" \/>\n<meta property=\"og:title\" content=\"C.T. Plage - Ladies v-neck longsleeve pullover CT24305N-75 - B.NAVY\" \/>\n<meta property=\"og:description\" content=\"This C.T. Plage - Ladies v-neck longsleeve pullover CT24305N-75 - B.NAVY fits into the concept of &quot;simple, but with a strong presence&quot;.\" \/>\n<meta property=\"og:url\" content=\"https:\/\/rendez-vous-store.com\/fr\/shop\/special-offer-women-rendez-vous-store\/women-knitwear-special-offer\/c-t-plage-ladies-v-neck-longsleeve-pullover-ct24305n-75-b-navy-rendez-vous-store\/\" \/>\n<meta property=\"og:site_name\" content=\"RENDEZ-VOUS STORE\" \/>\n<meta property=\"article:modified_time\" content=\"2026-03-16T18:40:25+00:00\" \/>\n<meta property=\"og:image\" content=\"https:\/\/rendez-vous-store.com\/app\/uploads\/2025\/12\/rdv_ctplage_34-scaled.webp\" \/>\n\t<meta property=\"og:image:width\" content=\"1696\" \/>\n\t<meta property=\"og:image:height\" content=\"2560\" \/>\n\t<meta property=\"og:image:type\" content=\"image\/webp\" \/>\n<meta name=\"twitter:card\" content=\"summary_large_image\" \/>\n<meta name=\"twitter:label1\" content=\"Est. reading time\" \/>\n\t<meta name=\"twitter:data1\" content=\"2 minutes\" \/>\n<script type=\"application\/ld+json\" class=\"yoast-schema-graph\">{\"@context\":\"https:\/\/schema.org\",\"@graph\":[{\"@type\":\"WebPage\",\"@id\":\"https:\/\/rendez-vous-store.com\/shop\/special-offer-women-rendez-vous-store\/women-knitwear-special-offer\/c-t-plage-ladies-v-neck-longsleeve-pullover-ct24305n-75-b-navy-rendez-vous-store\/\",\"url\":\"https:\/\/rendez-vous-store.com\/shop\/special-offer-women-rendez-vous-store\/women-knitwear-special-offer\/c-t-plage-ladies-v-neck-longsleeve-pullover-ct24305n-75-b-navy-rendez-vous-store\/\",\"name\":\"C.T. Plage - Ladies v-neck longsleeve pullover CT24305N-75 - B.NAVY\",\"isPartOf\":{\"@id\":\"https:\/\/rendez-vous-store.com\/#website\"},\"primaryImageOfPage\":{\"@id\":\"https:\/\/rendez-vous-store.com\/shop\/special-offer-women-rendez-vous-store\/women-knitwear-special-offer\/c-t-plage-ladies-v-neck-longsleeve-pullover-ct24305n-75-b-navy-rendez-vous-store\/#primaryimage\"},\"image\":{\"@id\":\"https:\/\/rendez-vous-store.com\/shop\/special-offer-women-rendez-vous-store\/women-knitwear-special-offer\/c-t-plage-ladies-v-neck-longsleeve-pullover-ct24305n-75-b-navy-rendez-vous-store\/#primaryimage\"},\"thumbnailUrl\":\"https:\/\/rendez-vous-store.com\/app\/uploads\/2025\/12\/rdv_ctplage_34-scaled.webp\",\"datePublished\":\"2025-12-09T10:50:59+00:00\",\"dateModified\":\"2026-03-16T18:40:25+00:00\",\"description\":\"This C.T. Plage - Ladies v-neck longsleeve pullover CT24305N-75 - B.NAVY fits into the concept of \\\"simple, but with a strong presence\\\".\",\"breadcrumb\":{\"@id\":\"https:\/\/rendez-vous-store.com\/shop\/special-offer-women-rendez-vous-store\/women-knitwear-special-offer\/c-t-plage-ladies-v-neck-longsleeve-pullover-ct24305n-75-b-navy-rendez-vous-store\/#breadcrumb\"},\"inLanguage\":\"fr-FR\",\"potentialAction\":[{\"@type\":\"ReadAction\",\"target\":[\"https:\/\/rendez-vous-store.com\/shop\/special-offer-women-rendez-vous-store\/women-knitwear-special-offer\/c-t-plage-ladies-v-neck-longsleeve-pullover-ct24305n-75-b-navy-rendez-vous-store\/\"]}]},{\"@type\":\"ImageObject\",\"inLanguage\":\"fr-FR\",\"@id\":\"https:\/\/rendez-vous-store.com\/shop\/special-offer-women-rendez-vous-store\/women-knitwear-special-offer\/c-t-plage-ladies-v-neck-longsleeve-pullover-ct24305n-75-b-navy-rendez-vous-store\/#primaryimage\",\"url\":\"https:\/\/rendez-vous-store.com\/app\/uploads\/2025\/12\/rdv_ctplage_34-scaled.webp\",\"contentUrl\":\"https:\/\/rendez-vous-store.com\/app\/uploads\/2025\/12\/rdv_ctplage_34-scaled.webp\",\"width\":1696,\"height\":2560,\"caption\":\"C.T. Plage - Ladies v-neck longsleeve pullover CT24305N-75 - B.NAVY\"},{\"@type\":\"BreadcrumbList\",\"@id\":\"https:\/\/rendez-vous-store.com\/shop\/special-offer-women-rendez-vous-store\/women-knitwear-special-offer\/c-t-plage-ladies-v-neck-longsleeve-pullover-ct24305n-75-b-navy-rendez-vous-store\/#breadcrumb\",\"itemListElement\":[{\"@type\":\"ListItem\",\"position\":1,\"name\":\"Home\",\"item\":\"https:\/\/rendez-vous-store.com\/\"},{\"@type\":\"ListItem\",\"position\":2,\"name\":\"Shop\",\"item\":\"https:\/\/www.rendez-vous-store.com\/shop\/\"},{\"@type\":\"ListItem\",\"position\":3,\"name\":\"C.T. Plage &#8211; Ladies v-neck longsleeve pullover CT24305N-75 &#8211; B.NAVY\"}]},{\"@type\":\"WebSite\",\"@id\":\"https:\/\/rendez-vous-store.com\/#website\",\"url\":\"https:\/\/rendez-vous-store.com\/\",\"name\":\"RENDEZ-VOUS STORE\",\"description\":\"Slow Fashion for Women and Men\",\"potentialAction\":[{\"@type\":\"SearchAction\",\"target\":{\"@type\":\"EntryPoint\",\"urlTemplate\":\"https:\/\/rendez-vous-store.com\/?s={search_term_string}\"},\"query-input\":{\"@type\":\"PropertyValueSpecification\",\"valueRequired\":true,\"valueName\":\"search_term_string\"}}],\"inLanguage\":\"fr-FR\"}]}<\/script>\n<!-- \/ Yoast SEO plugin. -->","yoast_head_json":{"title":"C.T. Plage - Ladies v-neck longsleeve pullover CT24305N-75 - B.NAVY","description":"This C.T. Plage - Ladies v-neck longsleeve pullover CT24305N-75 - B.NAVY fits into the concept of \"simple, but with a strong presence\".","robots":{"index":"index","follow":"follow","max-snippet":"max-snippet:-1","max-image-preview":"max-image-preview:large","max-video-preview":"max-video-preview:-1"},"canonical":"https:\/\/rendez-vous-store.com\/fr\/shop\/special-offer-women-rendez-vous-store\/women-knitwear-special-offer\/c-t-plage-ladies-v-neck-longsleeve-pullover-ct24305n-75-b-navy-rendez-vous-store\/","og_locale":"fr_FR","og_type":"article","og_title":"C.T. Plage - Ladies v-neck longsleeve pullover CT24305N-75 - B.NAVY","og_description":"This C.T. Plage - Ladies v-neck longsleeve pullover CT24305N-75 - B.NAVY fits into the concept of \"simple, but with a strong presence\".","og_url":"https:\/\/rendez-vous-store.com\/fr\/shop\/special-offer-women-rendez-vous-store\/women-knitwear-special-offer\/c-t-plage-ladies-v-neck-longsleeve-pullover-ct24305n-75-b-navy-rendez-vous-store\/","og_site_name":"RENDEZ-VOUS STORE","article_modified_time":"2026-03-16T18:40:25+00:00","og_image":[{"width":1696,"height":2560,"url":"https:\/\/rendez-vous-store.com\/app\/uploads\/2025\/12\/rdv_ctplage_34-scaled.webp","type":"image\/webp"}],"twitter_card":"summary_large_image","twitter_misc":{"Est. reading time":"2 minutes"},"schema":{"@context":"https:\/\/schema.org","@graph":[{"@type":"WebPage","@id":"https:\/\/rendez-vous-store.com\/shop\/special-offer-women-rendez-vous-store\/women-knitwear-special-offer\/c-t-plage-ladies-v-neck-longsleeve-pullover-ct24305n-75-b-navy-rendez-vous-store\/","url":"https:\/\/rendez-vous-store.com\/shop\/special-offer-women-rendez-vous-store\/women-knitwear-special-offer\/c-t-plage-ladies-v-neck-longsleeve-pullover-ct24305n-75-b-navy-rendez-vous-store\/","name":"C.T. Plage - Ladies v-neck longsleeve pullover CT24305N-75 - B.NAVY","isPartOf":{"@id":"https:\/\/rendez-vous-store.com\/#website"},"primaryImageOfPage":{"@id":"https:\/\/rendez-vous-store.com\/shop\/special-offer-women-rendez-vous-store\/women-knitwear-special-offer\/c-t-plage-ladies-v-neck-longsleeve-pullover-ct24305n-75-b-navy-rendez-vous-store\/#primaryimage"},"image":{"@id":"https:\/\/rendez-vous-store.com\/shop\/special-offer-women-rendez-vous-store\/women-knitwear-special-offer\/c-t-plage-ladies-v-neck-longsleeve-pullover-ct24305n-75-b-navy-rendez-vous-store\/#primaryimage"},"thumbnailUrl":"https:\/\/rendez-vous-store.com\/app\/uploads\/2025\/12\/rdv_ctplage_34-scaled.webp","datePublished":"2025-12-09T10:50:59+00:00","dateModified":"2026-03-16T18:40:25+00:00","description":"This C.T. Plage - Ladies v-neck longsleeve pullover CT24305N-75 - B.NAVY fits into the concept of \"simple, but with a strong presence\".","breadcrumb":{"@id":"https:\/\/rendez-vous-store.com\/shop\/special-offer-women-rendez-vous-store\/women-knitwear-special-offer\/c-t-plage-ladies-v-neck-longsleeve-pullover-ct24305n-75-b-navy-rendez-vous-store\/#breadcrumb"},"inLanguage":"fr-FR","potentialAction":[{"@type":"ReadAction","target":["https:\/\/rendez-vous-store.com\/shop\/special-offer-women-rendez-vous-store\/women-knitwear-special-offer\/c-t-plage-ladies-v-neck-longsleeve-pullover-ct24305n-75-b-navy-rendez-vous-store\/"]}]},{"@type":"ImageObject","inLanguage":"fr-FR","@id":"https:\/\/rendez-vous-store.com\/shop\/special-offer-women-rendez-vous-store\/women-knitwear-special-offer\/c-t-plage-ladies-v-neck-longsleeve-pullover-ct24305n-75-b-navy-rendez-vous-store\/#primaryimage","url":"https:\/\/rendez-vous-store.com\/app\/uploads\/2025\/12\/rdv_ctplage_34-scaled.webp","contentUrl":"https:\/\/rendez-vous-store.com\/app\/uploads\/2025\/12\/rdv_ctplage_34-scaled.webp","width":1696,"height":2560,"caption":"C.T. Plage - Ladies v-neck longsleeve pullover CT24305N-75 - B.NAVY"},{"@type":"BreadcrumbList","@id":"https:\/\/rendez-vous-store.com\/shop\/special-offer-women-rendez-vous-store\/women-knitwear-special-offer\/c-t-plage-ladies-v-neck-longsleeve-pullover-ct24305n-75-b-navy-rendez-vous-store\/#breadcrumb","itemListElement":[{"@type":"ListItem","position":1,"name":"Home","item":"https:\/\/rendez-vous-store.com\/"},{"@type":"ListItem","position":2,"name":"Shop","item":"https:\/\/www.rendez-vous-store.com\/shop\/"},{"@type":"ListItem","position":3,"name":"C.T. Plage &#8211; Ladies v-neck longsleeve pullover CT24305N-75 &#8211; B.NAVY"}]},{"@type":"WebSite","@id":"https:\/\/rendez-vous-store.com\/#website","url":"https:\/\/rendez-vous-store.com\/","name":"RENDEZ-VOUS STORE","description":"Slow Fashion for Women and Men","potentialAction":[{"@type":"SearchAction","target":{"@type":"EntryPoint","urlTemplate":"https:\/\/rendez-vous-store.com\/?s={search_term_string}"},"query-input":{"@type":"PropertyValueSpecification","valueRequired":true,"valueName":"search_term_string"}}],"inLanguage":"fr-FR"}]}},"_links":{"self":[{"href":"https:\/\/rendez-vous-store.com\/fr\/wp-json\/wp\/v2\/product\/226331","targetHints":{"allow":["GET"]}}],"collection":[{"href":"https:\/\/rendez-vous-store.com\/fr\/wp-json\/wp\/v2\/product"}],"about":[{"href":"https:\/\/rendez-vous-store.com\/fr\/wp-json\/wp\/v2\/types\/product"}],"wp:featuredmedia":[{"embeddable":true,"href":"https:\/\/rendez-vous-store.com\/fr\/wp-json\/wp\/v2\/media\/227731"}],"wp:attachment":[{"href":"https:\/\/rendez-vous-store.com\/fr\/wp-json\/wp\/v2\/media?parent=226331"}],"wp:term":[{"taxonomy":"product_brand","embeddable":true,"href":"https:\/\/rendez-vous-store.com\/fr\/wp-json\/wp\/v2\/product_brand?post=226331"},{"taxonomy":"product_cat","embeddable":true,"href":"https:\/\/rendez-vous-store.com\/fr\/wp-json\/wp\/v2\/product_cat?post=226331"},{"taxonomy":"product_tag","embeddable":true,"href":"https:\/\/rendez-vous-store.com\/fr\/wp-json\/wp\/v2\/product_tag?post=226331"}],"curies":[{"name":"wp","href":"https:\/\/api.w.org\/{rel}","templated":true}]}}