{"id":224889,"date":"2025-11-27T12:31:27","date_gmt":"2025-11-27T11:31:27","guid":{"rendered":"https:\/\/rendez-vous-store.com\/?post_type=product&#038;p=224889"},"modified":"2026-03-16T19:37:34","modified_gmt":"2026-03-16T18:37:34","slug":"comoli-moleskin-drawstring-pants-c03-03021-black","status":"publish","type":"product","link":"https:\/\/rendez-vous-store.com\/fr\/shop\/men-selection-discover-our-selection-rendez-vous-store\/trousers-shorts-rendez-vous-store\/comoli-moleskin-drawstring-pants-c03-03021-black\/","title":{"rendered":"Comoli \u2013 PANTALON \u00c0 CORDON DE MOLESKINE C03-03021 \u2013 NOIR"},"content":{"rendered":"<p><strong>Comoli \u2013 PANTALON \u00c0 CORDON DE MOLESKINE C03-03021 \u2013 NOIR<\/strong><\/p>\n<p>Couleur : Noir<\/p>\n<p>Silhouette volumineuse<\/p>\n<p>Taille \u00e9lastique avec cordon de resserrage<\/p>\n<p>Jambes larges<\/p>\n<p>Poches sur les coutures lat\u00e9rales<\/p>\n<p>Une poche plaqu\u00e9e au dos \u00e0 droite<\/p>\n<p>Composition : 100% Coton<\/p>\n<p>Fabriqu\u00e9 au Japon<\/p>\n<p>&nbsp;<\/p>\n<p>&nbsp;<\/p>\n<p><strong>Les mesures :\u00a0<\/strong><\/p>\n<p>Taille L : Tour de taille : 42 cm, Tour de hanches : 72 cm, Cuisse : 39 cm, Entrejambe : 76 cm, Longueur : 107 cm<\/p>\n<p>&nbsp;<\/p>\n<h2 data-start=\"217\" data-end=\"233\"><\/h2>\n<p>&nbsp;<\/p>\n<p><strong>Le produit<\/strong><\/p>\n<p data-start=\"234\" data-end=\"869\">Le pantalon Comoli \u2013 Moleskin \u00e0 cordon C03-03021 \u2013 Noir allie confort d\u00e9contract\u00e9 et sophistication minimaliste. Son doux tissu moleskine offre chaleur et structure tout en restant confortable. De plus, sa teinte noire profonde ajoute une polyvalence intemporelle.<br data-start=\"492\" data-end=\"495\" \/>La taille \u00e0 cordon de serrage permet un ajustement r\u00e9glable et sans effort. De plus, la silhouette droite et d\u00e9contract\u00e9e assure une libert\u00e9 de mouvement naturelle et une ligne \u00e9pur\u00e9e. Vous pouvez associer ce pantalon \u00e0 des chemises, des tricots ou des vestes pour un style d\u00e9contract\u00e9 ou raffin\u00e9.<br data-start=\"732\" data-end=\"735\" \/>Par cons\u00e9quent, ce pantalon rehausse les tenues de tous les jours avec une \u00e9l\u00e9gance discr\u00e8te. Il reste pratique, \u00e9l\u00e9gant et ind\u00e9niablement Comoli.<\/p>\n<p>&nbsp;<\/p>\n<p>&nbsp;<\/p>\n<p>&nbsp;<\/p>\n<p>&nbsp;<\/p>\n<p data-start=\"855\" data-end=\"1692\"><a href=\"https:\/\/rendez-vous-store.com\/fr\/shop\/men-selection-discover-our-selection-rendez-vous-store\/t-shirts-discover-our-selection-rendez-vous-store\/comoli-cotton-jersey-long-sleeve-t-shirt-c03-05004-black-rendez-vous-store\/\">Nous aimons le voir port\u00e9 avec<\/a><\/p>\n<p data-start=\"855\" data-end=\"1692\"><strong>La marque<\/strong><\/p>\n<p data-start=\"855\" data-end=\"1692\">Comoli, fond\u00e9e par Keijiro Komori, incarne l'\u00e9l\u00e9gance intemporelle et la simplicit\u00e9 raffin\u00e9e de la mode japonaise. La marque privil\u00e9gie les lignes \u00e9pur\u00e9es, les silhouettes minimalistes et les tissus luxueux. De plus, chaque v\u00eatement est confectionn\u00e9 au Japon selon des techniques traditionnelles et avec des mati\u00e8res d'exception.<br data-start=\"1143\" data-end=\"1146\" \/>Ce d\u00e9vouement \u00e0 l'artisanat se traduit par des pi\u00e8ces qui donnent l'impression d'\u00eatre sans effort, chics et discr\u00e8tement sophistiqu\u00e9es. En outre, Comoli propose une large gamme de v\u00eatements pour hommes et femmes, notamment des v\u00eatements de tailleur, des tricots, des v\u00eatements d'ext\u00e9rieur et des articles essentiels d\u00e9contract\u00e9s.<br data-start=\"1393\" data-end=\"1396\" \/>La marque privil\u00e9gie \u00e9galement la durabilit\u00e9 gr\u00e2ce \u00e0 des mat\u00e9riaux responsables et une fabrication \u00e9thique. Par cons\u00e9quent, Comoli cr\u00e9e des v\u00eatements qui respectent \u00e0 la fois le porteur et l'environnement.<br data-start=\"1583\" data-end=\"1586\" \/>En cons\u00e9quence, la marque invite les individus \u00e0 exprimer leur style avec confiance, aisance et authenticit\u00e9.<\/p>\n<p data-start=\"855\" data-end=\"1692\"><strong>Les collections<\/strong><\/p>\n<p data-start=\"1720\" data-end=\"2365\">Les collections de Comoli sont ax\u00e9es sur le mouvement, le confort et l'expressivit\u00e9 des mati\u00e8res. Chaque saison affine des silhouettes famili\u00e8res tout en introduisant de subtiles variations de textures et de tons. En outre, la marque associe l'artisanat japonais traditionnel au design contemporain.<br data-start=\"1983\" data-end=\"1986\" \/>Les pi\u00e8ces restent polyvalentes, discr\u00e8tes et intemporelles, s'adaptant naturellement au quotidien. De plus, Comoli privil\u00e9gie des tissus qui vieillissent magnifiquement et r\u00e9v\u00e8lent du caract\u00e8re au fil du temps.<br data-start=\"2157\" data-end=\"2160\" \/>Par cons\u00e9quent, les collections proposent une garde-robe moderne ax\u00e9e sur la puret\u00e9, la fonctionnalit\u00e9 et une sophistication sans effort. Chaque article refl\u00e8te la qu\u00eate de la marque pour le confort, le savoir-faire et le luxe discret.<\/p>\n<p data-start=\"1720\" data-end=\"2365\"><a href=\"https:\/\/www.instagram.com\/p\/DQrqpPSD7O7\/?hl=fr&amp;img_index=1\"><strong>Inspirez-vous de notre look COMOLI sur notre Instagram.\u00a0<\/strong><\/a><\/p>","protected":false},"excerpt":{"rendered":"<p>Comoli &#8211; MOLESKIN DRAWSTRING PANTS C03-03021 &#8211; BLACK Color: Black Voluminous silhouette Elasticated waistband with drawstring Wide legs Side seam pockets One patch pocket on the back right Composition: 100% Cotton Made in Japan &nbsp; &nbsp; The measurements:\u00a0 Size L: Waist: 42cm, Hip: 72cm, Thigh: 39cm, Inseam: 76cm, Length: 107cm &nbsp; &nbsp; The product The&hellip; <a class=\"more-link\" href=\"https:\/\/rendez-vous-store.com\/fr\/shop\/men-selection-discover-our-selection-rendez-vous-store\/trousers-shorts-rendez-vous-store\/comoli-moleskin-drawstring-pants-c03-03021-black\/\">Continuer la lecture <span class=\"screen-reader-text\">Comoli \u2013 PANTALON \u00c0 CORDON DE MOLESKINE C03-03021 \u2013 NOIR<\/span><\/a><\/p>","protected":false},"featured_media":225270,"template":"","meta":{"_acf_changed":false},"product_brand":[],"product_cat":[20,1059,73],"product_tag":[424],"class_list":{"0":"post-224889","1":"product","2":"type-product","3":"status-publish","4":"has-post-thumbnail","6":"product_cat-men-selection-discover-our-selection-rendez-vous-store","7":"product_cat-new-men-rendez-vous-store","8":"product_cat-trousers-shorts-rendez-vous-store","9":"product_tag-comoli","10":"entry","12":"first","13":"outofstock","14":"taxable","15":"shipping-taxable","16":"product-type-variable"},"acf":[],"yoast_head":"<!-- This site is optimized with the Yoast SEO plugin v24.9 - https:\/\/yoast.com\/wordpress\/plugins\/seo\/ -->\n<title>Comoli - MOLESKIN DRAWSTRING PANTS C03-03021 - BLACK<\/title>\n<meta name=\"description\" content=\"This Comoli - MOLESKIN DRAWSTRING PANTS C03-03021 - BLACK is designed for everyday wear with an emphasis on fabric texture and weight.\" \/>\n<meta name=\"robots\" content=\"index, follow, max-snippet:-1, max-image-preview:large, max-video-preview:-1\" \/>\n<link rel=\"canonical\" href=\"https:\/\/rendez-vous-store.com\/fr\/shop\/men-selection-discover-our-selection-rendez-vous-store\/trousers-shorts-rendez-vous-store\/comoli-moleskin-drawstring-pants-c03-03021-black\/\" \/>\n<meta property=\"og:locale\" content=\"fr_FR\" \/>\n<meta property=\"og:type\" content=\"article\" \/>\n<meta property=\"og:title\" content=\"Comoli - MOLESKIN DRAWSTRING PANTS C03-03021 - BLACK\" \/>\n<meta property=\"og:description\" content=\"This Comoli - MOLESKIN DRAWSTRING PANTS C03-03021 - BLACK is designed for everyday wear with an emphasis on fabric texture and weight.\" \/>\n<meta property=\"og:url\" content=\"https:\/\/rendez-vous-store.com\/fr\/shop\/men-selection-discover-our-selection-rendez-vous-store\/trousers-shorts-rendez-vous-store\/comoli-moleskin-drawstring-pants-c03-03021-black\/\" \/>\n<meta property=\"og:site_name\" content=\"RENDEZ-VOUS STORE\" \/>\n<meta property=\"article:modified_time\" content=\"2026-03-16T18:37:34+00:00\" \/>\n<meta property=\"og:image\" content=\"https:\/\/rendez-vous-store.com\/app\/uploads\/2025\/11\/rdv_comoli_40-scaled.webp\" \/>\n\t<meta property=\"og:image:width\" content=\"1696\" \/>\n\t<meta property=\"og:image:height\" content=\"2560\" \/>\n\t<meta property=\"og:image:type\" content=\"image\/webp\" \/>\n<meta name=\"twitter:card\" content=\"summary_large_image\" \/>\n<meta name=\"twitter:label1\" content=\"Est. reading time\" \/>\n\t<meta name=\"twitter:data1\" content=\"2 minutes\" \/>\n<script type=\"application\/ld+json\" class=\"yoast-schema-graph\">{\"@context\":\"https:\/\/schema.org\",\"@graph\":[{\"@type\":\"WebPage\",\"@id\":\"https:\/\/rendez-vous-store.com\/shop\/men-selection-discover-our-selection-rendez-vous-store\/trousers-shorts-rendez-vous-store\/comoli-moleskin-drawstring-pants-c03-03021-black\/\",\"url\":\"https:\/\/rendez-vous-store.com\/shop\/men-selection-discover-our-selection-rendez-vous-store\/trousers-shorts-rendez-vous-store\/comoli-moleskin-drawstring-pants-c03-03021-black\/\",\"name\":\"Comoli - MOLESKIN DRAWSTRING PANTS C03-03021 - BLACK\",\"isPartOf\":{\"@id\":\"https:\/\/rendez-vous-store.com\/#website\"},\"primaryImageOfPage\":{\"@id\":\"https:\/\/rendez-vous-store.com\/shop\/men-selection-discover-our-selection-rendez-vous-store\/trousers-shorts-rendez-vous-store\/comoli-moleskin-drawstring-pants-c03-03021-black\/#primaryimage\"},\"image\":{\"@id\":\"https:\/\/rendez-vous-store.com\/shop\/men-selection-discover-our-selection-rendez-vous-store\/trousers-shorts-rendez-vous-store\/comoli-moleskin-drawstring-pants-c03-03021-black\/#primaryimage\"},\"thumbnailUrl\":\"https:\/\/rendez-vous-store.com\/app\/uploads\/2025\/11\/rdv_comoli_40-scaled.webp\",\"datePublished\":\"2025-11-27T11:31:27+00:00\",\"dateModified\":\"2026-03-16T18:37:34+00:00\",\"description\":\"This Comoli - MOLESKIN DRAWSTRING PANTS C03-03021 - BLACK is designed for everyday wear with an emphasis on fabric texture and weight.\",\"breadcrumb\":{\"@id\":\"https:\/\/rendez-vous-store.com\/shop\/men-selection-discover-our-selection-rendez-vous-store\/trousers-shorts-rendez-vous-store\/comoli-moleskin-drawstring-pants-c03-03021-black\/#breadcrumb\"},\"inLanguage\":\"fr-FR\",\"potentialAction\":[{\"@type\":\"ReadAction\",\"target\":[\"https:\/\/rendez-vous-store.com\/shop\/men-selection-discover-our-selection-rendez-vous-store\/trousers-shorts-rendez-vous-store\/comoli-moleskin-drawstring-pants-c03-03021-black\/\"]}]},{\"@type\":\"ImageObject\",\"inLanguage\":\"fr-FR\",\"@id\":\"https:\/\/rendez-vous-store.com\/shop\/men-selection-discover-our-selection-rendez-vous-store\/trousers-shorts-rendez-vous-store\/comoli-moleskin-drawstring-pants-c03-03021-black\/#primaryimage\",\"url\":\"https:\/\/rendez-vous-store.com\/app\/uploads\/2025\/11\/rdv_comoli_40-scaled.webp\",\"contentUrl\":\"https:\/\/rendez-vous-store.com\/app\/uploads\/2025\/11\/rdv_comoli_40-scaled.webp\",\"width\":1696,\"height\":2560},{\"@type\":\"BreadcrumbList\",\"@id\":\"https:\/\/rendez-vous-store.com\/shop\/men-selection-discover-our-selection-rendez-vous-store\/trousers-shorts-rendez-vous-store\/comoli-moleskin-drawstring-pants-c03-03021-black\/#breadcrumb\",\"itemListElement\":[{\"@type\":\"ListItem\",\"position\":1,\"name\":\"Home\",\"item\":\"https:\/\/rendez-vous-store.com\/\"},{\"@type\":\"ListItem\",\"position\":2,\"name\":\"Shop\",\"item\":\"https:\/\/www.rendez-vous-store.com\/shop\/\"},{\"@type\":\"ListItem\",\"position\":3,\"name\":\"Comoli &#8211; MOLESKIN DRAWSTRING PANTS C03-03021 &#8211; BLACK\"}]},{\"@type\":\"WebSite\",\"@id\":\"https:\/\/rendez-vous-store.com\/#website\",\"url\":\"https:\/\/rendez-vous-store.com\/\",\"name\":\"RENDEZ-VOUS STORE\",\"description\":\"Slow Fashion for Women and Men\",\"potentialAction\":[{\"@type\":\"SearchAction\",\"target\":{\"@type\":\"EntryPoint\",\"urlTemplate\":\"https:\/\/rendez-vous-store.com\/?s={search_term_string}\"},\"query-input\":{\"@type\":\"PropertyValueSpecification\",\"valueRequired\":true,\"valueName\":\"search_term_string\"}}],\"inLanguage\":\"fr-FR\"}]}<\/script>\n<!-- \/ Yoast SEO plugin. -->","yoast_head_json":{"title":"Comoli - MOLESKIN DRAWSTRING PANTS C03-03021 - BLACK","description":"This Comoli - MOLESKIN DRAWSTRING PANTS C03-03021 - BLACK is designed for everyday wear with an emphasis on fabric texture and weight.","robots":{"index":"index","follow":"follow","max-snippet":"max-snippet:-1","max-image-preview":"max-image-preview:large","max-video-preview":"max-video-preview:-1"},"canonical":"https:\/\/rendez-vous-store.com\/fr\/shop\/men-selection-discover-our-selection-rendez-vous-store\/trousers-shorts-rendez-vous-store\/comoli-moleskin-drawstring-pants-c03-03021-black\/","og_locale":"fr_FR","og_type":"article","og_title":"Comoli - MOLESKIN DRAWSTRING PANTS C03-03021 - BLACK","og_description":"This Comoli - MOLESKIN DRAWSTRING PANTS C03-03021 - BLACK is designed for everyday wear with an emphasis on fabric texture and weight.","og_url":"https:\/\/rendez-vous-store.com\/fr\/shop\/men-selection-discover-our-selection-rendez-vous-store\/trousers-shorts-rendez-vous-store\/comoli-moleskin-drawstring-pants-c03-03021-black\/","og_site_name":"RENDEZ-VOUS STORE","article_modified_time":"2026-03-16T18:37:34+00:00","og_image":[{"width":1696,"height":2560,"url":"https:\/\/rendez-vous-store.com\/app\/uploads\/2025\/11\/rdv_comoli_40-scaled.webp","type":"image\/webp"}],"twitter_card":"summary_large_image","twitter_misc":{"Est. reading time":"2 minutes"},"schema":{"@context":"https:\/\/schema.org","@graph":[{"@type":"WebPage","@id":"https:\/\/rendez-vous-store.com\/shop\/men-selection-discover-our-selection-rendez-vous-store\/trousers-shorts-rendez-vous-store\/comoli-moleskin-drawstring-pants-c03-03021-black\/","url":"https:\/\/rendez-vous-store.com\/shop\/men-selection-discover-our-selection-rendez-vous-store\/trousers-shorts-rendez-vous-store\/comoli-moleskin-drawstring-pants-c03-03021-black\/","name":"Comoli - MOLESKIN DRAWSTRING PANTS C03-03021 - BLACK","isPartOf":{"@id":"https:\/\/rendez-vous-store.com\/#website"},"primaryImageOfPage":{"@id":"https:\/\/rendez-vous-store.com\/shop\/men-selection-discover-our-selection-rendez-vous-store\/trousers-shorts-rendez-vous-store\/comoli-moleskin-drawstring-pants-c03-03021-black\/#primaryimage"},"image":{"@id":"https:\/\/rendez-vous-store.com\/shop\/men-selection-discover-our-selection-rendez-vous-store\/trousers-shorts-rendez-vous-store\/comoli-moleskin-drawstring-pants-c03-03021-black\/#primaryimage"},"thumbnailUrl":"https:\/\/rendez-vous-store.com\/app\/uploads\/2025\/11\/rdv_comoli_40-scaled.webp","datePublished":"2025-11-27T11:31:27+00:00","dateModified":"2026-03-16T18:37:34+00:00","description":"This Comoli - MOLESKIN DRAWSTRING PANTS C03-03021 - BLACK is designed for everyday wear with an emphasis on fabric texture and weight.","breadcrumb":{"@id":"https:\/\/rendez-vous-store.com\/shop\/men-selection-discover-our-selection-rendez-vous-store\/trousers-shorts-rendez-vous-store\/comoli-moleskin-drawstring-pants-c03-03021-black\/#breadcrumb"},"inLanguage":"fr-FR","potentialAction":[{"@type":"ReadAction","target":["https:\/\/rendez-vous-store.com\/shop\/men-selection-discover-our-selection-rendez-vous-store\/trousers-shorts-rendez-vous-store\/comoli-moleskin-drawstring-pants-c03-03021-black\/"]}]},{"@type":"ImageObject","inLanguage":"fr-FR","@id":"https:\/\/rendez-vous-store.com\/shop\/men-selection-discover-our-selection-rendez-vous-store\/trousers-shorts-rendez-vous-store\/comoli-moleskin-drawstring-pants-c03-03021-black\/#primaryimage","url":"https:\/\/rendez-vous-store.com\/app\/uploads\/2025\/11\/rdv_comoli_40-scaled.webp","contentUrl":"https:\/\/rendez-vous-store.com\/app\/uploads\/2025\/11\/rdv_comoli_40-scaled.webp","width":1696,"height":2560},{"@type":"BreadcrumbList","@id":"https:\/\/rendez-vous-store.com\/shop\/men-selection-discover-our-selection-rendez-vous-store\/trousers-shorts-rendez-vous-store\/comoli-moleskin-drawstring-pants-c03-03021-black\/#breadcrumb","itemListElement":[{"@type":"ListItem","position":1,"name":"Home","item":"https:\/\/rendez-vous-store.com\/"},{"@type":"ListItem","position":2,"name":"Shop","item":"https:\/\/www.rendez-vous-store.com\/shop\/"},{"@type":"ListItem","position":3,"name":"Comoli &#8211; MOLESKIN DRAWSTRING PANTS C03-03021 &#8211; BLACK"}]},{"@type":"WebSite","@id":"https:\/\/rendez-vous-store.com\/#website","url":"https:\/\/rendez-vous-store.com\/","name":"RENDEZ-VOUS STORE","description":"Slow Fashion for Women and Men","potentialAction":[{"@type":"SearchAction","target":{"@type":"EntryPoint","urlTemplate":"https:\/\/rendez-vous-store.com\/?s={search_term_string}"},"query-input":{"@type":"PropertyValueSpecification","valueRequired":true,"valueName":"search_term_string"}}],"inLanguage":"fr-FR"}]}},"_links":{"self":[{"href":"https:\/\/rendez-vous-store.com\/fr\/wp-json\/wp\/v2\/product\/224889","targetHints":{"allow":["GET"]}}],"collection":[{"href":"https:\/\/rendez-vous-store.com\/fr\/wp-json\/wp\/v2\/product"}],"about":[{"href":"https:\/\/rendez-vous-store.com\/fr\/wp-json\/wp\/v2\/types\/product"}],"wp:featuredmedia":[{"embeddable":true,"href":"https:\/\/rendez-vous-store.com\/fr\/wp-json\/wp\/v2\/media\/225270"}],"wp:attachment":[{"href":"https:\/\/rendez-vous-store.com\/fr\/wp-json\/wp\/v2\/media?parent=224889"}],"wp:term":[{"taxonomy":"product_brand","embeddable":true,"href":"https:\/\/rendez-vous-store.com\/fr\/wp-json\/wp\/v2\/product_brand?post=224889"},{"taxonomy":"product_cat","embeddable":true,"href":"https:\/\/rendez-vous-store.com\/fr\/wp-json\/wp\/v2\/product_cat?post=224889"},{"taxonomy":"product_tag","embeddable":true,"href":"https:\/\/rendez-vous-store.com\/fr\/wp-json\/wp\/v2\/product_tag?post=224889"}],"curies":[{"name":"wp","href":"https:\/\/api.w.org\/{rel}","templated":true}]}}